{"id":8730,"date":"2024-04-20T06:54:30","date_gmt":"2024-04-20T06:54:30","guid":{"rendered":"https:\/\/www.elementvape.de\/?post_type=product&#038;p=8730"},"modified":"2024-09-12T10:32:26","modified_gmt":"2024-09-12T10:32:26","slug":"neue-farbe-vapor-esso-eco-nano-pod-kit","status":"publish","type":"product","link":"https:\/\/www.elementvape.de\/sv\/produkt\/neue-farbe-vapor-esso-eco-nano-pod-kit\/","title":{"rendered":"Ny f\u00e4rg Vapor Esso Eco Nano Pod Kit 1000mAh batteri Vape 6ml tom podpatron 0,8 Ohm Orex-uppv\u00e4rmning och cigarettdampare"},"content":{"rendered":"<p>&nbsp;<\/p>\n<div class=\"product-specs-list-container\">\n<ul class=\"product-specs-list util-clearfix\">\n<li class=\"product-prop line-limit-length\"><span class=\"property-title\">Utseende:\u00a0<\/span><span class=\"property-desc line-limit-length\">Boxform<\/span><\/li>\n<li class=\"product-prop line-limit-length\"><span class=\"property-title\">Kompatibel batteri:\u00a0<\/span><span class=\"property-desc line-limit-length\">Ingen<\/span><\/li>\n<li class=\"product-prop line-limit-length\"><span class=\"property-title\">\u00d6vervakningsfunktion f\u00f6r r\u00f6kning antal:\u00a0<\/span><span class=\"property-desc line-limit-length\">Nej<\/span><\/li>\n<li class=\"product-prop line-limit-length\"><span class=\"property-title\">Silikonfall:\u00a0<\/span><span class=\"property-desc line-limit-length\">Nej<\/span><\/li>\n<li class=\"product-prop line-limit-length\"><span class=\"property-title\">Temperaturreglering:\u00a0<\/span><span class=\"property-desc line-limit-length\">Nej<\/span><\/li>\n<li class=\"product-prop line-limit-length\"><span class=\"property-title\">Inbyggt eller Externt Batteri:\u00a0<\/span><span class=\"property-desc line-limit-length\">Inbyggd<\/span><\/li>\n<li class=\"product-prop line-limit-length\"><span class=\"property-title\">Kortslutningsskydd funktion:\u00a0<\/span><span class=\"property-desc line-limit-length\">Ja<\/span><\/li>\n<li class=\"product-prop line-limit-length\"><span class=\"property-title\">\u00d6verhettningsskydd-funktion:\u00a0<\/span><span class=\"property-desc line-limit-length\">Ja<\/span><\/li>\n<li class=\"product-prop line-limit-length\"><span class=\"property-title\">L\u00e5gsp\u00e4nningsalarmfunktion:\u00a0<\/span><span class=\"property-desc line-limit-length\">Ja<\/span><\/li>\n<li class=\"product-prop line-limit-length\"><span class=\"property-title\">F\u00f6r\u00e5ngareidentifieringsfunktion:\u00a0<\/span><span class=\"property-desc line-limit-length\">Ja<\/span><\/li>\n<li class=\"product-prop line-limit-length\"><span class=\"property-title\">TCR-inst\u00e4llningsl\u00e4gen:\u00a0<\/span><span class=\"property-desc line-limit-length\">Nej<\/span><\/li>\n<li class=\"product-prop line-limit-length\"><span class=\"property-title\">Nominal kapacitet:\u00a0<\/span><span class=\"property-desc line-limit-length\">1000mAh<\/span><\/li>\n<li class=\"product-prop line-limit-length\"><span class=\"property-title\">\u00d6vervakningsfunktion f\u00f6r r\u00f6kning: Nej\u00a0<\/span><span class=\"property-desc line-limit-length\">Siliconfodral: Nej<\/span><\/li>\n<li class=\"product-prop line-limit-length\"><span class=\"property-title\">Kompatibelt modell:\u00a0<\/span><span class=\"property-desc line-limit-length\">Elektronisk cigarett vape<\/span><\/li>\n<li class=\"product-prop line-limit-length\"><span class=\"property-title\">Temperaturreglering: Nej\u00a0<\/span><span class=\"property-desc line-limit-length\">Vaporesso ECO Nano Pod Kit<\/span><\/li>\n<li class=\"product-prop line-limit-length\"><span class=\"property-title\">Usb-laddare:\u00a0<\/span><span class=\"property-desc line-limit-length\">Ja<\/span><\/li>\n<li class=\"product-prop line-limit-length\"><span class=\"property-title\">Firmwareuppgradering:\u00a0<\/span><span class=\"property-desc line-limit-length\">Nej<\/span><\/li>\n<li class=\"product-prop line-limit-length\"><span class=\"property-title\">Sk\u00e4rm:\u00a0<\/span><span class=\"property-desc line-limit-length\">Nej<\/span><\/li>\n<li class=\"product-prop line-limit-length\"><span class=\"property-title\">Typ:\u00a0<\/span><span class=\"property-desc line-limit-length\">Med batteri<\/span><\/li>\n<li class=\"product-prop line-limit-length\"><span class=\"property-title\">Varum\u00e4rkesnamn:\u00a0<\/span><span class=\"property-desc line-limit-length\">vaporesso<\/span><\/li>\n<li class=\"product-prop line-limit-length\"><span class=\"property-title\">Kortslutningsskydd: Ja\u00a0<\/span><span class=\"property-desc line-limit-length\">CN (Ursprung)<\/span><\/li>\n<\/ul>\n<\/div>\n<div class=\"detailmodule_html\">\n<div class=\"detail-desc-decorate-richtext\">\n<div class=\"detailmodule_text\">\n<div><\/div>\n<p id=\"tl_1\" class=\"detail-desc-decorate-title\" style=\"font-family: OpenSans; font-size: 20px; font-weight: 900; line-height: 28px; margin-bottom: 12px;\">Ny f\u00e4rg Vapor Esso Eco Nano Pod Kit 1000mAh batteri Vape 6ml tom podpatron 0,8 Ohm Orex-uppv\u00e4rmning och cigarettdampare<\/p>\n<\/div>\n<div class=\"detailmodule_text\">\n<p id=\"tl_2\" class=\"detail-desc-decorate-title\" style=\"font-family: OpenSans; font-size: 20px; font-weight: 900; line-height: 28px; margin-bottom: 12px;\">Beskrivning:<\/p>\n<p id=\"tl_3\" class=\"detail-desc-decorate-content\" style=\"font-family: OpenSans; font-size: 14px; font-weight: 300; line-height: 20px; margin-bottom: 12px;\">Vapor esso eco nano kit kombinerar stil och kompaktitet, det 1000mah interna batteriet och dess 6ml tomma kapacitet \u00e4r s\u00e4kert h\u00e5llbara. Valet av 0,8 Ohm och 1,2 Ohm resistans fungerar utm\u00e4rkt f\u00f6r fantastisk smakleverans. Fyllning fr\u00e5n botten, den magnetiska anslutningen ger problemfri pod-anslutning, h\u00e5ll dig informerad med batteriindikatorn f\u00f6r att s\u00e4kerst\u00e4lla att du aldrig blir \u00f6verraskad. Med ett l\u00e5dformat design, passar det bekv\u00e4mt i handflatan<\/p>\n<\/div>\n<div class=\"detailmodule_text\">\n<p id=\"tl_4\" class=\"detail-desc-decorate-title\" style=\"font-family: OpenSans; font-size: 20px; font-weight: 900; line-height: 28px; margin-bottom: 12px;\">Parametrar:<\/p>\n<p id=\"tl_5\" class=\"detail-desc-decorate-content\" style=\"font-family: OpenSans; font-size: 14px; font-weight: 300; line-height: 20px; margin-bottom: 12px;\">\u2022 M\u00e5tt: 44,7*18*77mm<br \/>\n\u2022 Pod tom kapacitet: 6ml<br \/>\n\u2022 Pod-resistans: 0,8 Ohm\/1,2 Ohm<br \/>\n\u2022 Batterikapacitet: 1000mah<br \/>\n\u2022 Laddning: Typ-C, 1a<br \/>\n\u2022 Sss teknik<br \/>\n\u2022 Corex v\u00e4rmeteknik<br \/>\n\u2022 Milj\u00f6v\u00e4nlig f\u00f6rpackning<br \/>\n\u2022 St\u00f6d f\u00f6r upp till 13000 puffar med en enda pod<br \/>\n\u2022 Magnetisk anslutning<br \/>\n\u2022 Batteriindikator<br \/>\n\u2022 Nedre p\u00e5fyllningssystem<\/p>\n<\/div>\n<div class=\"detailmodule_text\">\n<p id=\"tl_6\" class=\"detail-desc-decorate-title\" style=\"font-family: OpenSans; font-size: 20px; font-weight: 900; line-height: 28px; margin-bottom: 12px;\">Paket:<\/p>\n<p id=\"tl_7\" class=\"detail-desc-decorate-content\" style=\"font-family: OpenSans; font-size: 14px; font-weight: 300; line-height: 20px; margin-bottom: 12px;\">1 * vapor esso eco nano batteri<br \/>\n1 * Vapor esso eco nano 0,8 Ohm Pod (6ml tom kapacitet)<br \/>\n1 * Anv\u00e4ndarmanual<\/p>\n<\/div>\n<div class=\"detailmodule_image\"><img decoding=\"async\" loading=\"lazy\" class=\"detail-desc-decorate-image\" src=\"https:\/\/ae01.alicdn.com\/kf\/Sdf28506360144dbda23c986cdc2b275bj.jpg\" \/><\/div>\n<div class=\"detailmodule_image\"><img decoding=\"async\" loading=\"lazy\" class=\"detail-desc-decorate-image\" src=\"https:\/\/ae01.alicdn.com\/kf\/S8d6d139d5fbf4ac9afb2ab645e7b2356L.jpg\" \/><br \/>\n<img decoding=\"async\" loading=\"lazy\" class=\"detail-desc-decorate-image\" src=\"https:\/\/ae01.alicdn.com\/kf\/S347f14409b26403983b685a98c3c2184Z.jpg\" \/><br \/>\n<img decoding=\"async\" loading=\"lazy\" class=\"detail-desc-decorate-image\" src=\"https:\/\/ae01.alicdn.com\/kf\/S5feb7071a1d04f4688e38b98292cb26dL.jpg\" \/><br \/>\n<img decoding=\"async\" loading=\"lazy\" class=\"detail-desc-decorate-image\" src=\"https:\/\/ae01.alicdn.com\/kf\/S075affcbe003456c9559641bbfa5dce62.jpg\" \/><br \/>\n<img decoding=\"async\" loading=\"lazy\" class=\"detail-desc-decorate-image\" src=\"https:\/\/ae01.alicdn.com\/kf\/Sb982a02880f243549685a2885222c2bbA.jpg\" \/><br \/>\n<img decoding=\"async\" loading=\"lazy\" class=\"detail-desc-decorate-image\" src=\"https:\/\/ae01.alicdn.com\/kf\/Sdaee9e30d10846aea9508e71ee4d3143D.jpg\" \/><br \/>\n<img decoding=\"async\" loading=\"lazy\" class=\"detail-desc-decorate-image\" src=\"https:\/\/ae01.alicdn.com\/kf\/S6673c7a258544488906e15fe519d28fbC.jpg\" \/><br \/>\n<img decoding=\"async\" loading=\"lazy\" class=\"detail-desc-decorate-image\" src=\"https:\/\/ae01.alicdn.com\/kf\/Scab771e3b8d04560811c37effa575c28l.jpg\" \/><br \/>\n<img decoding=\"async\" loading=\"lazy\" class=\"detail-desc-decorate-image\" src=\"https:\/\/ae01.alicdn.com\/kf\/S9de6942b42cc459f9754a98748b7a5a3I.jpg\" \/><br \/>\n<img decoding=\"async\" loading=\"lazy\" class=\"detail-desc-decorate-image\" src=\"https:\/\/ae01.alicdn.com\/kf\/Sf1e8875ea29b428d92f7b18655401b07k.jpg\" \/><\/div>\n<div class=\"detailmodule_image\"><img decoding=\"async\" loading=\"lazy\" class=\"detail-desc-decorate-image\" src=\"https:\/\/ae01.alicdn.com\/kf\/S9a8ba1f205cb45b387362806d1946fbeq.jpg\" \/><br \/>\n<img decoding=\"async\" loading=\"lazy\" class=\"detail-desc-decorate-image\" src=\"https:\/\/ae01.alicdn.com\/kf\/S1fb11e74884c4d7f9b7a0dcd6eea522cV.jpg\" \/><\/div>\n<p>&nbsp;<\/p>\n<\/div>\n<\/div>","protected":false},"excerpt":{"rendered":"<p>&nbsp; Aussehen:\u00a0Box Form Kompatibler Akku:\u00a0Kein \u00dcberwachung Funktion Von Rauchen Anzahl:\u00a0Nein Silikon Fall:\u00a0Nein Temperaturregelung:\u00a0Nein Eingebaute Oder Externe Batterie:\u00a0Eingebaute Kurzschlussschutz Funktion:\u00a0Ja \u00dcberhitzungsschutz-funktion:\u00a0Ja Niederspannungsalarmfunktion:\u00a0Ja Zerst\u00e4uber Identifikation Funktion:\u00a0Ja TCR Einstellung Modi:\u00a0Nein Nominale Kapazit\u00e4t:\u00a01000mAh Material:\u00a0Metall Compatible Model:\u00a0Electronic Cigarette Vape Modellnummer:\u00a0Vaporesso ECO Nano Pod Kit Usb-ladeger\u00e4t:\u00a0Ja Firmware-upgrade:\u00a0Nein Display:\u00a0Nein Art:\u00a0Mit Batterie Markenname:\u00a0vaporesso Ursprung:\u00a0CN (Herkunft) Neue Farbe Vapor esso Eco Nano Pod Kit [&hellip;]<\/p>","protected":false},"featured_media":8732,"template":"","meta":{"inline_featured_image":false},"product_cat":[750,737,736,749,76],"product_tag":[],"tiered_pricing_type":"fixed","tiered_pricing_fixed_rules":[],"tiered_pricing_percentage_rules":[],"tiered_pricing_minimum":1,"_administrator_tiered_pricing_type":"fixed","_administrator_tiered_pricing_fixed_rules":[],"_editor_tiered_pricing_type":"fixed","_editor_tiered_pricing_fixed_rules":[],"_author_tiered_pricing_type":"fixed","_author_tiered_pricing_fixed_rules":[],"_contributor_tiered_pricing_type":"fixed","_contributor_tiered_pricing_fixed_rules":[],"_subscriber_tiered_pricing_type":"fixed","_subscriber_tiered_pricing_fixed_rules":[],"_customer_tiered_pricing_type":"fixed","_customer_tiered_pricing_fixed_rules":[],"_shop_manager_tiered_pricing_type":"fixed","_shop_manager_tiered_pricing_fixed_rules":[],"_wpseo_manager_tiered_pricing_type":"fixed","_wpseo_manager_tiered_pricing_fixed_rules":[],"_wpseo_editor_tiered_pricing_type":"fixed","_wpseo_editor_tiered_pricing_fixed_rules":[],"_wholesale_customer_tiered_pricing_type":"fixed","_wholesale_customer_tiered_pricing_fixed_rules":[],"_marketer_tiered_pricing_type":"fixed","_marketer_tiered_pricing_fixed_rules":[],"_sales_manager_tiered_pricing_type":"fixed","_sales_manager_tiered_pricing_fixed_rules":[],"_sales_rep_tiered_pricing_type":"fixed","_sales_rep_tiered_pricing_fixed_rules":[],"yoast_head":"<!-- This site is optimized with the Yoast SEO plugin v23.3 - https:\/\/yoast.com\/wordpress\/plugins\/seo\/ -->\n<title>Neue Farbe Vapor esso Eco Nano Pod Kit 1000mAh Batterie Vape 6ml leere Pod Patrone 0,8 Ohm Orex Heizung und Zigaretten verdampfer | ElementVape.de<\/title>\n<meta name=\"description\" content=\"Wir bieten Neue Farbe Vapor esso Eco Nano Pod Kit 1000mAh Batterie Vape 6ml leere Pod Patrone 0,8 Ohm Orex Heizung und Zigaretten verdampfer , Elementvape.de akzeptieren Gro\u00df-und Einzelhandel Bestellungen.\" \/>\n<meta name=\"robots\" content=\"index, follow, max-snippet:-1, max-image-preview:large, max-video-preview:-1\" \/>\n<link rel=\"canonical\" href=\"https:\/\/www.elementvape.de\/sv\/produkt\/neue-farbe-vapor-esso-eco-nano-pod-kit\/\" \/>\n<meta property=\"og:locale\" content=\"sv_SE\" \/>\n<meta property=\"og:type\" content=\"article\" \/>\n<meta property=\"og:title\" content=\"Neue Farbe Vapor esso Eco Nano Pod Kit 1000mAh Batterie Vape 6ml leere Pod Patrone 0,8 Ohm Orex Heizung und Zigaretten verdampfer | ElementVape.de\" \/>\n<meta property=\"og:description\" content=\"Wir bieten Neue Farbe Vapor esso Eco Nano Pod Kit 1000mAh Batterie Vape 6ml leere Pod Patrone 0,8 Ohm Orex Heizung und Zigaretten verdampfer , Elementvape.de akzeptieren Gro\u00df-und Einzelhandel Bestellungen.\" \/>\n<meta property=\"og:url\" content=\"https:\/\/www.elementvape.de\/sv\/produkt\/neue-farbe-vapor-esso-eco-nano-pod-kit\/\" \/>\n<meta property=\"og:site_name\" content=\"ElementVape.de\" \/>\n<meta property=\"article:modified_time\" content=\"2024-09-12T10:32:26+00:00\" \/>\n<meta property=\"og:image\" content=\"https:\/\/ae01.alicdn.com\/kf\/S5cbc940dfb5f495988d20bf0a9c6a650H\/Neue-Farbe-Vapor-esso-Eco-Nano-Pod-Kit-1000mAh-Batterie-Vape-6ml-leere-Pod-Patrone-0.jpg\" \/>\n\t<meta property=\"og:image:width\" content=\"800\" \/>\n\t<meta property=\"og:image:height\" content=\"800\" \/>\n\t<meta property=\"og:image:type\" content=\"image\/jpeg\" \/>\n<meta name=\"twitter:card\" content=\"summary_large_image\" \/>\n<meta name=\"twitter:label1\" content=\"Est. reading time\" \/>\n\t<meta name=\"twitter:data1\" content=\"5 minuter\" \/>\n<script type=\"application\/ld+json\" class=\"yoast-schema-graph\">{\"@context\":\"https:\/\/schema.org\",\"@graph\":[{\"@type\":\"WebPage\",\"@id\":\"https:\/\/www.elementvape.de\/produkt\/neue-farbe-vapor-esso-eco-nano-pod-kit\/\",\"url\":\"https:\/\/www.elementvape.de\/produkt\/neue-farbe-vapor-esso-eco-nano-pod-kit\/\",\"name\":\"Neue Farbe Vapor esso Eco Nano Pod Kit 1000mAh Batterie Vape 6ml leere Pod Patrone 0,8 Ohm Orex Heizung und Zigaretten verdampfer | ElementVape.de\",\"isPartOf\":{\"@id\":\"https:\/\/www.elementvape.de\/#website\"},\"primaryImageOfPage\":{\"@id\":\"https:\/\/www.elementvape.de\/produkt\/neue-farbe-vapor-esso-eco-nano-pod-kit\/#primaryimage\"},\"image\":{\"@id\":\"https:\/\/www.elementvape.de\/produkt\/neue-farbe-vapor-esso-eco-nano-pod-kit\/#primaryimage\"},\"thumbnailUrl\":\"https:\/\/ae01.alicdn.com\/kf\/S5cbc940dfb5f495988d20bf0a9c6a650H\/Neue-Farbe-Vapor-esso-Eco-Nano-Pod-Kit-1000mAh-Batterie-Vape-6ml-leere-Pod-Patrone-0.jpg\",\"datePublished\":\"2024-04-20T06:54:30+00:00\",\"dateModified\":\"2024-09-12T10:32:26+00:00\",\"description\":\"Wir bieten Neue Farbe Vapor esso Eco Nano Pod Kit 1000mAh Batterie Vape 6ml leere Pod Patrone 0,8 Ohm Orex Heizung und Zigaretten verdampfer , Elementvape.de akzeptieren Gro\u00df-und Einzelhandel Bestellungen.\",\"breadcrumb\":{\"@id\":\"https:\/\/www.elementvape.de\/produkt\/neue-farbe-vapor-esso-eco-nano-pod-kit\/#breadcrumb\"},\"inLanguage\":\"sv-SE\",\"potentialAction\":[{\"@type\":\"ReadAction\",\"target\":[\"https:\/\/www.elementvape.de\/produkt\/neue-farbe-vapor-esso-eco-nano-pod-kit\/\"]}]},{\"@type\":\"ImageObject\",\"inLanguage\":\"sv-SE\",\"@id\":\"https:\/\/www.elementvape.de\/produkt\/neue-farbe-vapor-esso-eco-nano-pod-kit\/#primaryimage\",\"url\":\"https:\/\/ae01.alicdn.com\/kf\/S5cbc940dfb5f495988d20bf0a9c6a650H\/Neue-Farbe-Vapor-esso-Eco-Nano-Pod-Kit-1000mAh-Batterie-Vape-6ml-leere-Pod-Patrone-0.jpg\",\"contentUrl\":\"https:\/\/ae01.alicdn.com\/kf\/S5cbc940dfb5f495988d20bf0a9c6a650H\/Neue-Farbe-Vapor-esso-Eco-Nano-Pod-Kit-1000mAh-Batterie-Vape-6ml-leere-Pod-Patrone-0.jpg\",\"width\":800,\"height\":800},{\"@type\":\"BreadcrumbList\",\"@id\":\"https:\/\/www.elementvape.de\/produkt\/neue-farbe-vapor-esso-eco-nano-pod-kit\/#breadcrumb\",\"itemListElement\":[{\"@type\":\"ListItem\",\"position\":1,\"name\":\"Home\",\"item\":\"https:\/\/www.elementvape.de\/\"},{\"@type\":\"ListItem\",\"position\":2,\"name\":\"Shop\",\"item\":\"https:\/\/www.elementvape.de\/shop\/\"},{\"@type\":\"ListItem\",\"position\":3,\"name\":\"Neue Farbe Vapor esso Eco Nano Pod Kit 1000mAh Batterie Vape 6ml leere Pod Patrone 0,8 Ohm Orex Heizung und Zigaretten verdampfer\"}]},{\"@type\":\"WebSite\",\"@id\":\"https:\/\/www.elementvape.de\/#website\",\"url\":\"https:\/\/www.elementvape.de\/\",\"name\":\"ElementVape.de\",\"description\":\"\",\"publisher\":{\"@id\":\"https:\/\/www.elementvape.de\/#organization\"},\"potentialAction\":[{\"@type\":\"SearchAction\",\"target\":{\"@type\":\"EntryPoint\",\"urlTemplate\":\"https:\/\/www.elementvape.de\/?s={search_term_string}\"},\"query-input\":\"required name=search_term_string\"}],\"inLanguage\":\"sv-SE\"},{\"@type\":\"Organization\",\"@id\":\"https:\/\/www.elementvape.de\/#organization\",\"name\":\"ElementVape.DE\",\"url\":\"https:\/\/www.elementvape.de\/\",\"logo\":{\"@type\":\"ImageObject\",\"inLanguage\":\"sv-SE\",\"@id\":\"https:\/\/www.elementvape.de\/#\/schema\/logo\/image\/\",\"url\":\"https:\/\/www.elementvape.de\/wp-content\/uploads\/2024\/09\/cropped-1elementvape-3.png\",\"contentUrl\":\"https:\/\/www.elementvape.de\/wp-content\/uploads\/2024\/09\/cropped-1elementvape-3.png\",\"width\":285,\"height\":228,\"caption\":\"ElementVape.DE\"},\"image\":{\"@id\":\"https:\/\/www.elementvape.de\/#\/schema\/logo\/image\/\"}}]}<\/script>\n<!-- \/ Yoast SEO plugin. -->","yoast_head_json":{"title":"Neue Farbe Vapor esso Eco Nano Pod Kit 1000mAh Batterie Vape 6ml leere Pod Patrone 0,8 Ohm Orex Heizung und Zigaretten verdampfer | ElementVape.de","description":"Wir bieten Neue Farbe Vapor esso Eco Nano Pod Kit 1000mAh Batterie Vape 6ml leere Pod Patrone 0,8 Ohm Orex Heizung und Zigaretten verdampfer , Elementvape.de akzeptieren Gro\u00df-und Einzelhandel Bestellungen.","robots":{"index":"index","follow":"follow","max-snippet":"max-snippet:-1","max-image-preview":"max-image-preview:large","max-video-preview":"max-video-preview:-1"},"canonical":"https:\/\/www.elementvape.de\/sv\/produkt\/neue-farbe-vapor-esso-eco-nano-pod-kit\/","og_locale":"sv_SE","og_type":"article","og_title":"Neue Farbe Vapor esso Eco Nano Pod Kit 1000mAh Batterie Vape 6ml leere Pod Patrone 0,8 Ohm Orex Heizung und Zigaretten verdampfer | ElementVape.de","og_description":"Wir bieten Neue Farbe Vapor esso Eco Nano Pod Kit 1000mAh Batterie Vape 6ml leere Pod Patrone 0,8 Ohm Orex Heizung und Zigaretten verdampfer , Elementvape.de akzeptieren Gro\u00df-und Einzelhandel Bestellungen.","og_url":"https:\/\/www.elementvape.de\/sv\/produkt\/neue-farbe-vapor-esso-eco-nano-pod-kit\/","og_site_name":"ElementVape.de","article_modified_time":"2024-09-12T10:32:26+00:00","og_image":[{"width":800,"height":800,"url":"https:\/\/ae01.alicdn.com\/kf\/S5cbc940dfb5f495988d20bf0a9c6a650H\/Neue-Farbe-Vapor-esso-Eco-Nano-Pod-Kit-1000mAh-Batterie-Vape-6ml-leere-Pod-Patrone-0.jpg","type":"image\/jpeg"}],"twitter_card":"summary_large_image","twitter_misc":{"Est. reading time":"5 minuter"},"schema":{"@context":"https:\/\/schema.org","@graph":[{"@type":"WebPage","@id":"https:\/\/www.elementvape.de\/produkt\/neue-farbe-vapor-esso-eco-nano-pod-kit\/","url":"https:\/\/www.elementvape.de\/produkt\/neue-farbe-vapor-esso-eco-nano-pod-kit\/","name":"Neue Farbe Vapor esso Eco Nano Pod Kit 1000mAh Batterie Vape 6ml leere Pod Patrone 0,8 Ohm Orex Heizung und Zigaretten verdampfer | ElementVape.de","isPartOf":{"@id":"https:\/\/www.elementvape.de\/#website"},"primaryImageOfPage":{"@id":"https:\/\/www.elementvape.de\/produkt\/neue-farbe-vapor-esso-eco-nano-pod-kit\/#primaryimage"},"image":{"@id":"https:\/\/www.elementvape.de\/produkt\/neue-farbe-vapor-esso-eco-nano-pod-kit\/#primaryimage"},"thumbnailUrl":"https:\/\/ae01.alicdn.com\/kf\/S5cbc940dfb5f495988d20bf0a9c6a650H\/Neue-Farbe-Vapor-esso-Eco-Nano-Pod-Kit-1000mAh-Batterie-Vape-6ml-leere-Pod-Patrone-0.jpg","datePublished":"2024-04-20T06:54:30+00:00","dateModified":"2024-09-12T10:32:26+00:00","description":"Wir bieten Neue Farbe Vapor esso Eco Nano Pod Kit 1000mAh Batterie Vape 6ml leere Pod Patrone 0,8 Ohm Orex Heizung und Zigaretten verdampfer , Elementvape.de akzeptieren Gro\u00df-und Einzelhandel Bestellungen.","breadcrumb":{"@id":"https:\/\/www.elementvape.de\/produkt\/neue-farbe-vapor-esso-eco-nano-pod-kit\/#breadcrumb"},"inLanguage":"sv-SE","potentialAction":[{"@type":"ReadAction","target":["https:\/\/www.elementvape.de\/produkt\/neue-farbe-vapor-esso-eco-nano-pod-kit\/"]}]},{"@type":"ImageObject","inLanguage":"sv-SE","@id":"https:\/\/www.elementvape.de\/produkt\/neue-farbe-vapor-esso-eco-nano-pod-kit\/#primaryimage","url":"https:\/\/ae01.alicdn.com\/kf\/S5cbc940dfb5f495988d20bf0a9c6a650H\/Neue-Farbe-Vapor-esso-Eco-Nano-Pod-Kit-1000mAh-Batterie-Vape-6ml-leere-Pod-Patrone-0.jpg","contentUrl":"https:\/\/ae01.alicdn.com\/kf\/S5cbc940dfb5f495988d20bf0a9c6a650H\/Neue-Farbe-Vapor-esso-Eco-Nano-Pod-Kit-1000mAh-Batterie-Vape-6ml-leere-Pod-Patrone-0.jpg","width":800,"height":800},{"@type":"BreadcrumbList","@id":"https:\/\/www.elementvape.de\/produkt\/neue-farbe-vapor-esso-eco-nano-pod-kit\/#breadcrumb","itemListElement":[{"@type":"ListItem","position":1,"name":"Home","item":"https:\/\/www.elementvape.de\/"},{"@type":"ListItem","position":2,"name":"Shop","item":"https:\/\/www.elementvape.de\/shop\/"},{"@type":"ListItem","position":3,"name":"Neue Farbe Vapor esso Eco Nano Pod Kit 1000mAh Batterie Vape 6ml leere Pod Patrone 0,8 Ohm Orex Heizung und Zigaretten verdampfer"}]},{"@type":"WebSite","@id":"https:\/\/www.elementvape.de\/#website","url":"https:\/\/www.elementvape.de\/","name":"ElementVape.de","description":"","publisher":{"@id":"https:\/\/www.elementvape.de\/#organization"},"potentialAction":[{"@type":"SearchAction","target":{"@type":"EntryPoint","urlTemplate":"https:\/\/www.elementvape.de\/?s={search_term_string}"},"query-input":"required name=search_term_string"}],"inLanguage":"sv-SE"},{"@type":"Organization","@id":"https:\/\/www.elementvape.de\/#organization","name":"ElementVape.DE","url":"https:\/\/www.elementvape.de\/","logo":{"@type":"ImageObject","inLanguage":"sv-SE","@id":"https:\/\/www.elementvape.de\/#\/schema\/logo\/image\/","url":"https:\/\/www.elementvape.de\/wp-content\/uploads\/2024\/09\/cropped-1elementvape-3.png","contentUrl":"https:\/\/www.elementvape.de\/wp-content\/uploads\/2024\/09\/cropped-1elementvape-3.png","width":285,"height":228,"caption":"ElementVape.DE"},"image":{"@id":"https:\/\/www.elementvape.de\/#\/schema\/logo\/image\/"}}]}},"_links":{"self":[{"href":"https:\/\/www.elementvape.de\/sv\/wp-json\/wp\/v2\/product\/8730"}],"collection":[{"href":"https:\/\/www.elementvape.de\/sv\/wp-json\/wp\/v2\/product"}],"about":[{"href":"https:\/\/www.elementvape.de\/sv\/wp-json\/wp\/v2\/types\/product"}],"wp:featuredmedia":[{"embeddable":true,"href":"https:\/\/www.elementvape.de\/sv\/wp-json\/wp\/v2\/media\/8732"}],"wp:attachment":[{"href":"https:\/\/www.elementvape.de\/sv\/wp-json\/wp\/v2\/media?parent=8730"}],"wp:term":[{"taxonomy":"product_cat","embeddable":true,"href":"https:\/\/www.elementvape.de\/sv\/wp-json\/wp\/v2\/product_cat?post=8730"},{"taxonomy":"product_tag","embeddable":true,"href":"https:\/\/www.elementvape.de\/sv\/wp-json\/wp\/v2\/product_tag?post=8730"}],"curies":[{"name":"wp","href":"https:\/\/api.w.org\/{rel}","templated":true}]}}