{"id":8625,"date":"2024-04-20T06:44:39","date_gmt":"2024-04-20T06:44:39","guid":{"rendered":"https:\/\/www.elementvape.de\/?post_type=product&#038;p=8625"},"modified":"2024-09-12T10:32:32","modified_gmt":"2024-09-12T10:32:32","slug":"rincoe-jelly-box-v1-pod-vape-kit-3ml","status":"publish","type":"product","link":"https:\/\/www.elementvape.de\/sv\/produkt\/rincoe-jelly-box-v1-pod-vape-kit-3ml\/","title":{"rendered":"Rincoe Jelly box V1 Pod Vape Kit 3ml tom V-Patron 0,8 Ohm 750mAh Batteri 16W Mtl elektronisk cigarett med Lanyard"},"content":{"rendered":"<p>&nbsp;<\/p>\n<div class=\"product-specs-list-container\">\n<ul class=\"product-specs-list util-clearfix\">\n<li class=\"product-prop line-limit-length\"><span class=\"property-title\">Utseende:\u00a0<\/span><span class=\"property-desc line-limit-length\">Cylindrisk Form<\/span><\/li>\n<li class=\"product-prop line-limit-length\"><span class=\"property-title\">Kompatibel batteri:\u00a0<\/span><span class=\"property-desc line-limit-length\">Ingen<\/span><\/li>\n<li class=\"product-prop line-limit-length\"><span class=\"property-title\">\u00d6vervakningsfunktion f\u00f6r r\u00f6kning antal:\u00a0<\/span><span class=\"property-desc line-limit-length\">Nej<\/span><\/li>\n<li class=\"product-prop line-limit-length\"><span class=\"property-title\">Silikonfall:\u00a0<\/span><span class=\"property-desc line-limit-length\">Nej<\/span><\/li>\n<li class=\"product-prop line-limit-length\"><span class=\"property-title\">Temperaturreglering:\u00a0<\/span><span class=\"property-desc line-limit-length\">Nej<\/span><\/li>\n<li class=\"product-prop line-limit-length\"><span class=\"property-title\">Inbyggt eller Externt Batteri:\u00a0<\/span><span class=\"property-desc line-limit-length\">Inbyggd<\/span><\/li>\n<li class=\"product-prop line-limit-length\"><span class=\"property-title\">Kortslutningsskydd funktion:\u00a0<\/span><span class=\"property-desc line-limit-length\">Ja<\/span><\/li>\n<li class=\"product-prop line-limit-length\"><span class=\"property-title\">\u00d6verhettningsskydd-funktion:\u00a0<\/span><span class=\"property-desc line-limit-length\">Ja<\/span><\/li>\n<li class=\"product-prop line-limit-length\"><span class=\"property-title\">L\u00e5gsp\u00e4nningsalarmfunktion:\u00a0<\/span><span class=\"property-desc line-limit-length\">Nej<\/span><\/li>\n<li class=\"product-prop line-limit-length\"><span class=\"property-title\">F\u00f6r\u00e5ngareidentifieringsfunktion:\u00a0<\/span><span class=\"property-desc line-limit-length\">Nej<\/span><\/li>\n<li class=\"product-prop line-limit-length\"><span class=\"property-title\">TCR-inst\u00e4llningsl\u00e4gen:\u00a0<\/span><span class=\"property-desc line-limit-length\">Nej<\/span><\/li>\n<li class=\"product-prop line-limit-length\"><span class=\"property-title\">Nominal kapacitet:\u00a0<\/span><span class=\"property-desc line-limit-length\">Kompatibelt batteri: Nej<\/span><\/li>\n<li class=\"product-prop line-limit-length\"><span class=\"property-title\">\u00d6vervakningsfunktion f\u00f6r r\u00f6kning: Nej\u00a0<\/span><span class=\"property-desc line-limit-length\">Siliconfodral: Nej<\/span><\/li>\n<li class=\"product-prop line-limit-length\"><span class=\"property-title\">Kompatibelt modell:\u00a0<\/span><span class=\"property-desc line-limit-length\">V1 V2 V3 pod 1,0 ohm, 0,8 ohm<\/span><\/li>\n<li class=\"product-prop line-limit-length\"><span class=\"property-title\">Temperaturreglering: Nej\u00a0<\/span><span class=\"property-desc line-limit-length\">\u00d6vervakningsfunktion f\u00f6r r\u00f6kning: Nej<\/span><\/li>\n<li class=\"product-prop line-limit-length\"><span class=\"property-title\">Usb-laddare:\u00a0<\/span><span class=\"property-desc line-limit-length\">Ja<\/span><\/li>\n<li class=\"product-prop line-limit-length\"><span class=\"property-title\">Firmwareuppgradering:\u00a0<\/span><span class=\"property-desc line-limit-length\">Nej<\/span><\/li>\n<li class=\"product-prop line-limit-length\"><span class=\"property-title\">Sk\u00e4rm:\u00a0<\/span><span class=\"property-desc line-limit-length\">Nej<\/span><\/li>\n<li class=\"product-prop line-limit-length\"><span class=\"property-title\">Typ:\u00a0<\/span><span class=\"property-desc line-limit-length\">Med batteri<\/span><\/li>\n<li class=\"product-prop line-limit-length\"><span class=\"property-title\">Varum\u00e4rkesnamn:\u00a0<\/span><span class=\"property-desc line-limit-length\">Siliconfodral: Nej<\/span><\/li>\n<li class=\"product-prop line-limit-length\"><span class=\"property-title\">Kortslutningsskydd: Ja\u00a0<\/span><span class=\"property-desc line-limit-length\">CN (Ursprung)<\/span><\/li>\n<\/ul>\n<\/div>\n<div class=\"detailmodule_html\">\n<div class=\"detail-desc-decorate-richtext\">\n<div class=\"detailmodule_dynamic\"><\/div>\n<p><strong><span id=\"tl_1\" style=\"font-size: 22px;\">Rincoe Jelly box V1 Pod Vape Kit 3ml tom V-Patron 0,8 Ohm 750mAh Batteri 16W Mtl elektronisk cigarett med Lanyard<\/span><\/strong><\/p>\n<p><strong id=\"tl_2\">Beskrivning:<\/strong><\/p>\n<p id=\"tl_3\">Das rincoe jelly box v1-Kit \u00e4r l\u00e4ttare och v\u00e4ger bara 30,2 g och kan n\u00e5 upp till 16 watt utg\u00e5ngseffekt, st\u00f6ds av ett 750-mAh batteri. Kompatibel med den 3 ml tomma kapaciteten jelly box v pod, har den l\u00e4ngre livsl\u00e4ngd samt en l\u00e4ckages\u00e4ker design som f\u00f6rb\u00e4ttrar anv\u00e4ndarupplevelsen. Det finns ocks\u00e5 LED-batteriindikator f\u00f6r att visa olika effektl\u00e4gen f\u00f6r att b\u00e4ttre kontrollera din enhet. Inte bara det, den har ocks\u00e5 flera skyddsfunktioner f\u00f6r att \u00f6ka s\u00e4kerheten vid anv\u00e4ndning.<\/p>\n<p><strong id=\"tl_4\">Parametrar:<\/strong><\/p>\n<p id=\"tl_5\">Temperaturreglering: Nej<\/p>\n<p id=\"tl_6\">M\u00e5tt: 79,5*28*15,5 mm<\/p>\n<p id=\"tl_7\">F\u00e4rger: bl\u00e5, orange, gr\u00f6n, gr\u00e5, r\u00f6d<\/p>\n<p id=\"tl_8\">Utg\u00e5ngseffekt: 10w-16w<\/p>\n<p id=\"tl_9\">Batteri: inbyggt 750mAh<\/p>\n<p id=\"tl_10\">Ing\u00e5ngssp\u00e4nning: 3,2 V-4,2 V<\/p>\n<p id=\"tl_11\">Med de 3 LED-lamporna<\/p>\n<p id=\"tl_12\">L\u00e4tt och b\u00e4rbar storlek, enkel att ta med sig<\/p>\n<p id=\"tl_13\">Typ-C-laddningsanslutning<\/p>\n<p id=\"tl_14\">Laddningssp\u00e4nning: 5v\/600ma<\/p>\n<p id=\"tl_15\">Effektivitet: 95%<\/p>\n<p id=\"tl_16\">Vikt: 30,2 g<\/p>\n<p id=\"tl_17\">LED-batteriindikator<\/p>\n<p id=\"tl_18\">\u00d6ver laddningsskydd<\/p>\n<p id=\"tl_19\">Kortslutningsskydd<\/p>\n<p id=\"tl_20\">\u00d6verhettningsskydd<\/p>\n<p id=\"tl_21\">L\u00e5gsp\u00e4nningsskydd<\/p>\n<p id=\"tl_22\">Utg\u00e5ngs\u00f6versp\u00e4nningsskydd<\/p>\n<p id=\"tl_23\">Podmaterial: pctg<\/p>\n<p id=\"tl_24\">Pod Kapacitet: 3ml<\/p>\n<p id=\"tl_25\">Spolemotst\u00e5nd: 0,8 Ohm-3,0 Ohm<\/p>\n<p id=\"tl_26\">Kompatibel med jelly box v pod:<\/p>\n<p id=\"tl_27\">Mesh 1,0 Ohm Spole<\/p>\n<p id=\"tl_28\">Mesh 0,8 Ohm Spole<\/p>\n<p id=\"tl_29\">M\u00e5nads vapingupplevelse<\/p>\n<p><strong id=\"tl_30\">Paket:<\/strong><\/p>\n<p id=\"tl_31\">1 * Jelly box v1-enhet (750mAh)<\/p>\n<p id=\"tl_32\">1 * Jelly box v Pod-Patron (0,8 Ohm\/3ml) f\u00f6r m\u00e5nadsbruk<\/p>\n<p id=\"tl_33\">1 * Typ-C-laddkabel<\/p>\n<p id=\"tl_34\">L\u00e5gsp\u00e4nningslarm: Ja<\/p>\n<p id=\"tl_35\">1 * Certifikatkort<\/p>\n<p id=\"tl_36\">1 * Garantikort<\/p>\n<p id=\"tl_37\">1 * Anv\u00e4ndarmanual<\/p>\n<p><img decoding=\"async\" loading=\"lazy\" src=\"https:\/\/ae01.alicdn.com\/kf\/S2721b7c362f64799bea18401ae0a5183O.jpg\" \/><img decoding=\"async\" loading=\"lazy\" src=\"https:\/\/ae01.alicdn.com\/kf\/S11830a6847614427a53b53b47794eb4aw.jpg\" \/><img decoding=\"async\" loading=\"lazy\" src=\"https:\/\/ae01.alicdn.com\/kf\/S88fdc51c057845acb81e3d0ffbc7ab35C.jpg\" \/><img decoding=\"async\" loading=\"lazy\" src=\"https:\/\/ae01.alicdn.com\/kf\/Sa1c6657d70a142c6905edb99028f2c55Y.jpg\" \/><img decoding=\"async\" loading=\"lazy\" src=\"https:\/\/ae01.alicdn.com\/kf\/S5c4d6ec455ec46b38a135a65a36341eeJ.jpg\" \/><img decoding=\"async\" loading=\"lazy\" src=\"https:\/\/ae01.alicdn.com\/kf\/Sc46474e9e7b241e3967830c8d51c40adP.jpg\" \/><img decoding=\"async\" loading=\"lazy\" src=\"https:\/\/ae01.alicdn.com\/kf\/S05c6fef736fd432d93f743dcc1bfac43t.jpg\" \/><img decoding=\"async\" loading=\"lazy\" src=\"https:\/\/ae01.alicdn.com\/kf\/Sccbd77d5f3c248fe9c87f591d6b5eca67.jpg\" \/><img decoding=\"async\" loading=\"lazy\" src=\"https:\/\/ae01.alicdn.com\/kf\/S65e24a7af5d74fa3a6dbab4faa883bd4e.jpg\" \/><img decoding=\"async\" loading=\"lazy\" src=\"https:\/\/ae01.alicdn.com\/kf\/Sfcd8156be98a4c0fba9849487b3f91e2y.jpg\" \/><img decoding=\"async\" loading=\"lazy\" src=\"https:\/\/ae01.alicdn.com\/kf\/S036a0bbc5a4a4117ad7cbd86fb7affadC.jpg\" \/><img decoding=\"async\" loading=\"lazy\" src=\"https:\/\/ae01.alicdn.com\/kf\/S588d31b9c7864573b822d8ec931906c9W.jpg\" \/><img decoding=\"async\" loading=\"lazy\" src=\"https:\/\/ae01.alicdn.com\/kf\/S8397bfe6b3934a0685878339dca85ed98.jpg\" \/><\/p>\n<p>&nbsp;<\/p>\n<\/div>\n<\/div>","protected":false},"excerpt":{"rendered":"<p>&nbsp; Aussehen:\u00a0Zylindrische Form Kompatibler Akku:\u00a0Kein \u00dcberwachung Funktion Von Rauchen Anzahl:\u00a0Nein Silikon Fall:\u00a0Nein Temperaturregelung:\u00a0Nein Eingebaute Oder Externe Batterie:\u00a0Eingebaute Kurzschlussschutz Funktion:\u00a0Ja \u00dcberhitzungsschutz-funktion:\u00a0Ja Niederspannungsalarmfunktion:\u00a0Nein Zerst\u00e4uber Identifikation Funktion:\u00a0Nein TCR Einstellung Modi:\u00a0Nein Nominale Kapazit\u00e4t:\u00a0750 mAh Material:\u00a0Metall Compatible Model:\u00a0V1 V2 V3 pod 1.0ohm,0.8ohm Modellnummer:\u00a0Rincoe Jellybox V1 Kit Usb-ladeger\u00e4t:\u00a0Ja Firmware-upgrade:\u00a0Nein Display:\u00a0Nein Art:\u00a0Mit Batterie Markenname:\u00a0Rincoe Ursprung:\u00a0CN (Herkunft) Original Rincoe Jelly box V1 Pod [&hellip;]<\/p>","protected":false},"featured_media":8626,"template":"","meta":{"inline_featured_image":false},"product_cat":[750,737,736,749,76],"product_tag":[],"tiered_pricing_type":"fixed","tiered_pricing_fixed_rules":[],"tiered_pricing_percentage_rules":[],"tiered_pricing_minimum":1,"_administrator_tiered_pricing_type":"fixed","_administrator_tiered_pricing_fixed_rules":[],"_editor_tiered_pricing_type":"fixed","_editor_tiered_pricing_fixed_rules":[],"_author_tiered_pricing_type":"fixed","_author_tiered_pricing_fixed_rules":[],"_contributor_tiered_pricing_type":"fixed","_contributor_tiered_pricing_fixed_rules":[],"_subscriber_tiered_pricing_type":"fixed","_subscriber_tiered_pricing_fixed_rules":[],"_customer_tiered_pricing_type":"fixed","_customer_tiered_pricing_fixed_rules":[],"_shop_manager_tiered_pricing_type":"fixed","_shop_manager_tiered_pricing_fixed_rules":[],"_wpseo_manager_tiered_pricing_type":"fixed","_wpseo_manager_tiered_pricing_fixed_rules":[],"_wpseo_editor_tiered_pricing_type":"fixed","_wpseo_editor_tiered_pricing_fixed_rules":[],"_wholesale_customer_tiered_pricing_type":"fixed","_wholesale_customer_tiered_pricing_fixed_rules":[],"_marketer_tiered_pricing_type":"fixed","_marketer_tiered_pricing_fixed_rules":[],"_sales_manager_tiered_pricing_type":"fixed","_sales_manager_tiered_pricing_fixed_rules":[],"_sales_rep_tiered_pricing_type":"fixed","_sales_rep_tiered_pricing_fixed_rules":[],"yoast_head":"<!-- This site is optimized with the Yoast SEO plugin v23.3 - https:\/\/yoast.com\/wordpress\/plugins\/seo\/ -->\n<title>Rincoe Jelly box V1 Pod Vape Kit 3ml leere V-Patrone 0,8 Ohm 750mAh Batterie 16W Mtl elektronische Zigarette mit Lanyard | ElementVape.de<\/title>\n<meta name=\"description\" content=\"Wir bieten Rincoe Jelly box V1 Pod Vape Kit 3ml leere V-Patrone 0,8 Ohm 750mAh Batterie 16W Mtl elektronische Zigarette mit Lanyard , Elementvape.de akzeptieren Gro\u00df-und Einzelhandel Bestellungen.\" \/>\n<meta name=\"robots\" content=\"index, follow, max-snippet:-1, max-image-preview:large, max-video-preview:-1\" \/>\n<link rel=\"canonical\" href=\"https:\/\/www.elementvape.de\/sv\/produkt\/rincoe-jelly-box-v1-pod-vape-kit-3ml\/\" \/>\n<meta property=\"og:locale\" content=\"sv_SE\" \/>\n<meta property=\"og:type\" content=\"article\" \/>\n<meta property=\"og:title\" content=\"Rincoe Jelly box V1 Pod Vape Kit 3ml leere V-Patrone 0,8 Ohm 750mAh Batterie 16W Mtl elektronische Zigarette mit Lanyard | ElementVape.de\" \/>\n<meta property=\"og:description\" content=\"Wir bieten Rincoe Jelly box V1 Pod Vape Kit 3ml leere V-Patrone 0,8 Ohm 750mAh Batterie 16W Mtl elektronische Zigarette mit Lanyard , Elementvape.de akzeptieren Gro\u00df-und Einzelhandel Bestellungen.\" \/>\n<meta property=\"og:url\" content=\"https:\/\/www.elementvape.de\/sv\/produkt\/rincoe-jelly-box-v1-pod-vape-kit-3ml\/\" \/>\n<meta property=\"og:site_name\" content=\"ElementVape.de\" \/>\n<meta property=\"article:modified_time\" content=\"2024-09-12T10:32:32+00:00\" \/>\n<meta property=\"og:image\" content=\"https:\/\/ae01.alicdn.com\/kf\/S840f68b3263f4e5493636c8eb3ed08b8E\/Original-Rincoe-Jelly-box-V1-Pod-Vape-Kit-3ml-leere-V-Patrone-0-8-Ohm-750mAh.jpg\" \/>\n\t<meta property=\"og:image:width\" content=\"1000\" \/>\n\t<meta property=\"og:image:height\" content=\"1000\" \/>\n\t<meta property=\"og:image:type\" content=\"image\/jpeg\" \/>\n<meta name=\"twitter:card\" content=\"summary_large_image\" \/>\n<meta name=\"twitter:label1\" content=\"Est. reading time\" \/>\n\t<meta name=\"twitter:data1\" content=\"5 minuter\" \/>\n<script type=\"application\/ld+json\" class=\"yoast-schema-graph\">{\"@context\":\"https:\/\/schema.org\",\"@graph\":[{\"@type\":\"WebPage\",\"@id\":\"https:\/\/www.elementvape.de\/produkt\/rincoe-jelly-box-v1-pod-vape-kit-3ml\/\",\"url\":\"https:\/\/www.elementvape.de\/produkt\/rincoe-jelly-box-v1-pod-vape-kit-3ml\/\",\"name\":\"Rincoe Jelly box V1 Pod Vape Kit 3ml leere V-Patrone 0,8 Ohm 750mAh Batterie 16W Mtl elektronische Zigarette mit Lanyard | ElementVape.de\",\"isPartOf\":{\"@id\":\"https:\/\/www.elementvape.de\/#website\"},\"primaryImageOfPage\":{\"@id\":\"https:\/\/www.elementvape.de\/produkt\/rincoe-jelly-box-v1-pod-vape-kit-3ml\/#primaryimage\"},\"image\":{\"@id\":\"https:\/\/www.elementvape.de\/produkt\/rincoe-jelly-box-v1-pod-vape-kit-3ml\/#primaryimage\"},\"thumbnailUrl\":\"https:\/\/ae01.alicdn.com\/kf\/S840f68b3263f4e5493636c8eb3ed08b8E\/Original-Rincoe-Jelly-box-V1-Pod-Vape-Kit-3ml-leere-V-Patrone-0-8-Ohm-750mAh.jpg\",\"datePublished\":\"2024-04-20T06:44:39+00:00\",\"dateModified\":\"2024-09-12T10:32:32+00:00\",\"description\":\"Wir bieten Rincoe Jelly box V1 Pod Vape Kit 3ml leere V-Patrone 0,8 Ohm 750mAh Batterie 16W Mtl elektronische Zigarette mit Lanyard , Elementvape.de akzeptieren Gro\u00df-und Einzelhandel Bestellungen.\",\"breadcrumb\":{\"@id\":\"https:\/\/www.elementvape.de\/produkt\/rincoe-jelly-box-v1-pod-vape-kit-3ml\/#breadcrumb\"},\"inLanguage\":\"sv-SE\",\"potentialAction\":[{\"@type\":\"ReadAction\",\"target\":[\"https:\/\/www.elementvape.de\/produkt\/rincoe-jelly-box-v1-pod-vape-kit-3ml\/\"]}]},{\"@type\":\"ImageObject\",\"inLanguage\":\"sv-SE\",\"@id\":\"https:\/\/www.elementvape.de\/produkt\/rincoe-jelly-box-v1-pod-vape-kit-3ml\/#primaryimage\",\"url\":\"https:\/\/ae01.alicdn.com\/kf\/S840f68b3263f4e5493636c8eb3ed08b8E\/Original-Rincoe-Jelly-box-V1-Pod-Vape-Kit-3ml-leere-V-Patrone-0-8-Ohm-750mAh.jpg\",\"contentUrl\":\"https:\/\/ae01.alicdn.com\/kf\/S840f68b3263f4e5493636c8eb3ed08b8E\/Original-Rincoe-Jelly-box-V1-Pod-Vape-Kit-3ml-leere-V-Patrone-0-8-Ohm-750mAh.jpg\",\"width\":1000,\"height\":1000},{\"@type\":\"BreadcrumbList\",\"@id\":\"https:\/\/www.elementvape.de\/produkt\/rincoe-jelly-box-v1-pod-vape-kit-3ml\/#breadcrumb\",\"itemListElement\":[{\"@type\":\"ListItem\",\"position\":1,\"name\":\"Home\",\"item\":\"https:\/\/www.elementvape.de\/\"},{\"@type\":\"ListItem\",\"position\":2,\"name\":\"Shop\",\"item\":\"https:\/\/www.elementvape.de\/shop\/\"},{\"@type\":\"ListItem\",\"position\":3,\"name\":\"Rincoe Jelly box V1 Pod Vape Kit 3ml leere V-Patrone 0,8 Ohm 750mAh Batterie 16W Mtl elektronische Zigarette mit Lanyard\"}]},{\"@type\":\"WebSite\",\"@id\":\"https:\/\/www.elementvape.de\/#website\",\"url\":\"https:\/\/www.elementvape.de\/\",\"name\":\"ElementVape.de\",\"description\":\"\",\"publisher\":{\"@id\":\"https:\/\/www.elementvape.de\/#organization\"},\"potentialAction\":[{\"@type\":\"SearchAction\",\"target\":{\"@type\":\"EntryPoint\",\"urlTemplate\":\"https:\/\/www.elementvape.de\/?s={search_term_string}\"},\"query-input\":\"required name=search_term_string\"}],\"inLanguage\":\"sv-SE\"},{\"@type\":\"Organization\",\"@id\":\"https:\/\/www.elementvape.de\/#organization\",\"name\":\"ElementVape.DE\",\"url\":\"https:\/\/www.elementvape.de\/\",\"logo\":{\"@type\":\"ImageObject\",\"inLanguage\":\"sv-SE\",\"@id\":\"https:\/\/www.elementvape.de\/#\/schema\/logo\/image\/\",\"url\":\"https:\/\/www.elementvape.de\/wp-content\/uploads\/2024\/09\/cropped-1elementvape-3.png\",\"contentUrl\":\"https:\/\/www.elementvape.de\/wp-content\/uploads\/2024\/09\/cropped-1elementvape-3.png\",\"width\":285,\"height\":228,\"caption\":\"ElementVape.DE\"},\"image\":{\"@id\":\"https:\/\/www.elementvape.de\/#\/schema\/logo\/image\/\"}}]}<\/script>\n<!-- \/ Yoast SEO plugin. -->","yoast_head_json":{"title":"Rincoe Jelly box V1 Pod Vape Kit 3ml leere V-Patrone 0,8 Ohm 750mAh Batterie 16W Mtl elektronische Zigarette mit Lanyard | ElementVape.de","description":"Wir bieten Rincoe Jelly box V1 Pod Vape Kit 3ml leere V-Patrone 0,8 Ohm 750mAh Batterie 16W Mtl elektronische Zigarette mit Lanyard , Elementvape.de akzeptieren Gro\u00df-und Einzelhandel Bestellungen.","robots":{"index":"index","follow":"follow","max-snippet":"max-snippet:-1","max-image-preview":"max-image-preview:large","max-video-preview":"max-video-preview:-1"},"canonical":"https:\/\/www.elementvape.de\/sv\/produkt\/rincoe-jelly-box-v1-pod-vape-kit-3ml\/","og_locale":"sv_SE","og_type":"article","og_title":"Rincoe Jelly box V1 Pod Vape Kit 3ml leere V-Patrone 0,8 Ohm 750mAh Batterie 16W Mtl elektronische Zigarette mit Lanyard | ElementVape.de","og_description":"Wir bieten Rincoe Jelly box V1 Pod Vape Kit 3ml leere V-Patrone 0,8 Ohm 750mAh Batterie 16W Mtl elektronische Zigarette mit Lanyard , Elementvape.de akzeptieren Gro\u00df-und Einzelhandel Bestellungen.","og_url":"https:\/\/www.elementvape.de\/sv\/produkt\/rincoe-jelly-box-v1-pod-vape-kit-3ml\/","og_site_name":"ElementVape.de","article_modified_time":"2024-09-12T10:32:32+00:00","og_image":[{"width":1000,"height":1000,"url":"https:\/\/ae01.alicdn.com\/kf\/S840f68b3263f4e5493636c8eb3ed08b8E\/Original-Rincoe-Jelly-box-V1-Pod-Vape-Kit-3ml-leere-V-Patrone-0-8-Ohm-750mAh.jpg","type":"image\/jpeg"}],"twitter_card":"summary_large_image","twitter_misc":{"Est. reading time":"5 minuter"},"schema":{"@context":"https:\/\/schema.org","@graph":[{"@type":"WebPage","@id":"https:\/\/www.elementvape.de\/produkt\/rincoe-jelly-box-v1-pod-vape-kit-3ml\/","url":"https:\/\/www.elementvape.de\/produkt\/rincoe-jelly-box-v1-pod-vape-kit-3ml\/","name":"Rincoe Jelly box V1 Pod Vape Kit 3ml leere V-Patrone 0,8 Ohm 750mAh Batterie 16W Mtl elektronische Zigarette mit Lanyard | ElementVape.de","isPartOf":{"@id":"https:\/\/www.elementvape.de\/#website"},"primaryImageOfPage":{"@id":"https:\/\/www.elementvape.de\/produkt\/rincoe-jelly-box-v1-pod-vape-kit-3ml\/#primaryimage"},"image":{"@id":"https:\/\/www.elementvape.de\/produkt\/rincoe-jelly-box-v1-pod-vape-kit-3ml\/#primaryimage"},"thumbnailUrl":"https:\/\/ae01.alicdn.com\/kf\/S840f68b3263f4e5493636c8eb3ed08b8E\/Original-Rincoe-Jelly-box-V1-Pod-Vape-Kit-3ml-leere-V-Patrone-0-8-Ohm-750mAh.jpg","datePublished":"2024-04-20T06:44:39+00:00","dateModified":"2024-09-12T10:32:32+00:00","description":"Wir bieten Rincoe Jelly box V1 Pod Vape Kit 3ml leere V-Patrone 0,8 Ohm 750mAh Batterie 16W Mtl elektronische Zigarette mit Lanyard , Elementvape.de akzeptieren Gro\u00df-und Einzelhandel Bestellungen.","breadcrumb":{"@id":"https:\/\/www.elementvape.de\/produkt\/rincoe-jelly-box-v1-pod-vape-kit-3ml\/#breadcrumb"},"inLanguage":"sv-SE","potentialAction":[{"@type":"ReadAction","target":["https:\/\/www.elementvape.de\/produkt\/rincoe-jelly-box-v1-pod-vape-kit-3ml\/"]}]},{"@type":"ImageObject","inLanguage":"sv-SE","@id":"https:\/\/www.elementvape.de\/produkt\/rincoe-jelly-box-v1-pod-vape-kit-3ml\/#primaryimage","url":"https:\/\/ae01.alicdn.com\/kf\/S840f68b3263f4e5493636c8eb3ed08b8E\/Original-Rincoe-Jelly-box-V1-Pod-Vape-Kit-3ml-leere-V-Patrone-0-8-Ohm-750mAh.jpg","contentUrl":"https:\/\/ae01.alicdn.com\/kf\/S840f68b3263f4e5493636c8eb3ed08b8E\/Original-Rincoe-Jelly-box-V1-Pod-Vape-Kit-3ml-leere-V-Patrone-0-8-Ohm-750mAh.jpg","width":1000,"height":1000},{"@type":"BreadcrumbList","@id":"https:\/\/www.elementvape.de\/produkt\/rincoe-jelly-box-v1-pod-vape-kit-3ml\/#breadcrumb","itemListElement":[{"@type":"ListItem","position":1,"name":"Home","item":"https:\/\/www.elementvape.de\/"},{"@type":"ListItem","position":2,"name":"Shop","item":"https:\/\/www.elementvape.de\/shop\/"},{"@type":"ListItem","position":3,"name":"Rincoe Jelly box V1 Pod Vape Kit 3ml leere V-Patrone 0,8 Ohm 750mAh Batterie 16W Mtl elektronische Zigarette mit Lanyard"}]},{"@type":"WebSite","@id":"https:\/\/www.elementvape.de\/#website","url":"https:\/\/www.elementvape.de\/","name":"ElementVape.de","description":"","publisher":{"@id":"https:\/\/www.elementvape.de\/#organization"},"potentialAction":[{"@type":"SearchAction","target":{"@type":"EntryPoint","urlTemplate":"https:\/\/www.elementvape.de\/?s={search_term_string}"},"query-input":"required name=search_term_string"}],"inLanguage":"sv-SE"},{"@type":"Organization","@id":"https:\/\/www.elementvape.de\/#organization","name":"ElementVape.DE","url":"https:\/\/www.elementvape.de\/","logo":{"@type":"ImageObject","inLanguage":"sv-SE","@id":"https:\/\/www.elementvape.de\/#\/schema\/logo\/image\/","url":"https:\/\/www.elementvape.de\/wp-content\/uploads\/2024\/09\/cropped-1elementvape-3.png","contentUrl":"https:\/\/www.elementvape.de\/wp-content\/uploads\/2024\/09\/cropped-1elementvape-3.png","width":285,"height":228,"caption":"ElementVape.DE"},"image":{"@id":"https:\/\/www.elementvape.de\/#\/schema\/logo\/image\/"}}]}},"_links":{"self":[{"href":"https:\/\/www.elementvape.de\/sv\/wp-json\/wp\/v2\/product\/8625"}],"collection":[{"href":"https:\/\/www.elementvape.de\/sv\/wp-json\/wp\/v2\/product"}],"about":[{"href":"https:\/\/www.elementvape.de\/sv\/wp-json\/wp\/v2\/types\/product"}],"wp:featuredmedia":[{"embeddable":true,"href":"https:\/\/www.elementvape.de\/sv\/wp-json\/wp\/v2\/media\/8626"}],"wp:attachment":[{"href":"https:\/\/www.elementvape.de\/sv\/wp-json\/wp\/v2\/media?parent=8625"}],"wp:term":[{"taxonomy":"product_cat","embeddable":true,"href":"https:\/\/www.elementvape.de\/sv\/wp-json\/wp\/v2\/product_cat?post=8625"},{"taxonomy":"product_tag","embeddable":true,"href":"https:\/\/www.elementvape.de\/sv\/wp-json\/wp\/v2\/product_tag?post=8625"}],"curies":[{"name":"wp","href":"https:\/\/api.w.org\/{rel}","templated":true}]}}