{"id":8310,"date":"2024-04-20T08:10:13","date_gmt":"2024-04-20T08:10:13","guid":{"rendered":"https:\/\/www.elementvape.de\/?post_type=product&#038;p=8310"},"modified":"2024-09-12T10:31:55","modified_gmt":"2024-09-12T10:31:55","slug":"vapor-storm-puma-baby-80w-volkswagen-tc-box-mod-vape-variable-power-e-zigaretten","status":"publish","type":"product","link":"https:\/\/www.elementvape.de\/sv\/produkt\/vapor-storm-puma-baby-80w-volkswagen-tc-box-mod-vape-variable-power-e-zigaretten\/","title":{"rendered":"Vapor Storm Puma Baby 80W Volkswagen TC Box Mod Vape Variabel Effekt E-cigaretter"},"content":{"rendered":"<p>&nbsp;<\/p>\n<div class=\"product-specs-list-container\">\n<ul class=\"product-specs-list util-clearfix\">\n<li class=\"product-prop line-limit-length\"><span class=\"property-title\">Temperaturreglering: Nej\u00a0<\/span><span class=\"property-desc line-limit-length\">baby80W mod<\/span><\/li>\n<li class=\"product-prop line-limit-length\"><span class=\"property-title\">Storlek:\u00a0<\/span><span class=\"property-desc line-limit-length\">18650<\/span><\/li>\n<li class=\"product-prop line-limit-length\"><span class=\"property-title\">Nominal kapacitet:\u00a0<\/span><span class=\"property-desc line-limit-length\">Ingen<\/span><\/li>\n<li class=\"product-prop line-limit-length\"><span class=\"property-title\">Typ:\u00a0<\/span><span class=\"property-desc line-limit-length\">Andra<\/span><\/li>\n<li class=\"product-prop line-limit-length\"><span class=\"property-title\">Varum\u00e4rkesnamn:\u00a0<\/span><span class=\"property-desc line-limit-length\">Inbyggt eller externt batteri: Inbyggt<\/span><\/li>\n<li class=\"product-prop line-limit-length\"><span class=\"property-title\">Kortslutningsskydd: Ja\u00a0<\/span><span class=\"property-desc line-limit-length\">CN (Ursprung)<\/span><\/li>\n<\/ul>\n<\/div>\n<div class=\"detailmodule_html\">\n<div class=\"detail-desc-decorate-richtext\">\n<p>&nbsp;<\/p>\n<div class=\"detailmodule_text\" style=\", roboto, arial, helvetica, sans-serif, simsun;font-size: 14px; font-weight: 400; letter-spacing: normal; text-align: start; margin: 0px; padding: 0px;\" align=\"start\">\n<p id=\"tl_1\" class=\"detail-desc-decorate-title\" style=\"font-family: OpenSans; font-size: 20px; font-weight: 900; line-height: 28px; margin: 0px 0px 12px 0px; padding: 0px;\">\u00c5ngtorn Puma Baby 80w VW TC Box Mod Vape Abs Skydd H\u00f6lje E- Cigarette RDA Rdta St\u00f6d 18650 Batteri<\/p>\n<\/div>\n<div class=\"detailmodule_text\" style=\", roboto, arial, helvetica, sans-serif, simsun;font-size: 14px; font-weight: 400; letter-spacing: normal; text-align: start; margin: 0px; padding: 0px;\" align=\"start\">\n<p id=\"tl_2\" class=\"detail-desc-decorate-title\" style=\"font-family: OpenSans; font-size: 20px; font-weight: 900; line-height: 28px; margin: 0px 0px 12px 0px; padding: 0px;\">Uppm\u00e4rksamhet:<\/p>\n<p id=\"tl_3\" class=\"detail-desc-decorate-content\" style=\"font-family: OpenSans; font-size: 14px; font-weight: 300; line-height: 20px; margin: 0px 0px 12px 0px; padding: 0px;\">1. varje bel\u00e4ggningsbild \u00e4r unik, s\u00e5 att du f\u00e5r alla olika f\u00e4rgmoddar.<br \/>\n2. modkroppen fram och bak \u00e4r tv\u00e5 olika bilder.<br \/>\n3. detta kit har ett borttagbart batteri, utan 18650-batteri i.<br \/>\nDu b\u00f6r helst k\u00f6pa ett High Drain 18650-batteri sj\u00e4lv. Nuvarande utg\u00e5ngsstr\u00f6m &gt;= 30a skulle vara b\u00e4ttre.<\/p>\n<\/div>\n<div class=\"detailmodule_text\" style=\", roboto, arial, helvetica, sans-serif, simsun;font-size: 14px; font-weight: 400; letter-spacing: normal; text-align: start; margin: 0px; padding: 0px;\" align=\"start\">\n<p id=\"tl_4\" class=\"detail-desc-decorate-title\" style=\"font-family: OpenSans; font-size: 20px; font-weight: 900; line-height: 28px; margin: 0px 0px 12px 0px; padding: 0px;\">Puma baby box mod:<\/p>\n<p id=\"tl_5\" class=\"detail-desc-decorate-content\" style=\"font-family: OpenSans; font-size: 14px; font-weight: 300; line-height: 20px; margin: 0px 0px 12px 0px; padding: 0px;\">Storlek: 40mm (L\u00e4ngd) * 24mm (Bredd) * 82mm (H\u00f6jd)<br \/>\nNettovikt: 47g<br \/>\nMaterial: abs<br \/>\nEffekt: 5w-80w<br \/>\nG\u00e4nga: 510<br \/>\nSp\u00e4nningsomr\u00e5de: 3,3 V-4,2 V<br \/>\nUteffekt: 0,0-8,5 V<br \/>\nSpolemotst\u00e5nd: 0,1-3,5 Ohm<br \/>\nTc-l\u00e4ge: ni\/ti\/ss316<br \/>\nKontinuerlig vape-tid: 10 sekunder<br \/>\nSnabb balanserad laddning: 5v\/750ma<\/p>\n<\/div>\n<div class=\"detailmodule_text\" style=\", roboto, arial, helvetica, sans-serif, simsun;font-size: 14px; font-weight: 400; letter-spacing: normal; text-align: start; margin: 0px; padding: 0px;\" align=\"start\">\n<p id=\"tl_6\" class=\"detail-desc-decorate-title\" style=\"font-family: OpenSans; font-size: 20px; font-weight: 900; line-height: 28px; margin: 0px 0px 12px 0px; padding: 0px;\">Paket:<\/p>\n<p id=\"tl_7\" class=\"detail-desc-decorate-content\" style=\"font-family: OpenSans; font-size: 14px; font-weight: 300; line-height: 20px; margin: 0px 0px 12px 0px; padding: 0px;\">1 x puma baby mod (utan batteri)<br \/>\n1 x Micro-USB-kabel<br \/>\n1 x Anv\u00e4ndarmanual<\/p>\n<\/div>\n<div class=\"detailmodule_image\" style=\", roboto, arial, helvetica, sans-serif, simsun;font-size: 14px; font-weight: 400; letter-spacing: normal; text-align: start; margin: 0px; padding: 0px;\" align=\"start\"><img decoding=\"async\" loading=\"lazy\" class=\"detail-desc-decorate-image\" style=\"border: 0px; margin: 0px; padding: 0px; max-width: 100%;\" src=\"https:\/\/ae01.alicdn.com\/kf\/HTB1Gze1N6DpK1RjSZFrq6y78VXaa.jpg\" \/><br \/>\n<img decoding=\"async\" loading=\"lazy\" class=\"detail-desc-decorate-image\" style=\"border: 0px; margin: 0px 0px 10px 0px; padding: 0px; max-width: 100%;\" src=\"https:\/\/ae01.alicdn.com\/kf\/H81fe636f61c6463198dba9154c46dd3cp.jpg\" \/><br \/>\n<img decoding=\"async\" loading=\"lazy\" class=\"detail-desc-decorate-image\" style=\"border: 0px; margin: 0px 0px 10px 0px; padding: 0px; max-width: 100%;\" src=\"https:\/\/ae01.alicdn.com\/kf\/H96b41c54c53d4f61910cf16490c7cd11m.jpg\" \/><br \/>\n<img decoding=\"async\" loading=\"lazy\" class=\"detail-desc-decorate-image\" style=\"border: 0px; margin: 0px 0px 10px 0px; padding: 0px; max-width: 100%;\" src=\"https:\/\/ae01.alicdn.com\/kf\/Hf9188767722d4c6f81750ffbbb74ad9cn.jpg\" \/><br \/>\n<img decoding=\"async\" loading=\"lazy\" class=\"detail-desc-decorate-image\" style=\"border: 0px; margin: 0px 0px 10px 0px; padding: 0px; max-width: 100%;\" src=\"https:\/\/ae01.alicdn.com\/kf\/H83785ce366014495b7e815a6e9d6c0a25.jpg\" \/><\/div>\n<div class=\"detailmodule_image\" style=\", roboto, arial, helvetica, sans-serif, simsun;font-size: 14px; font-weight: 400; letter-spacing: normal; text-align: start; margin: 0px; padding: 0px;\" align=\"start\"><\/div>\n<p>&nbsp;<\/p>\n<\/div>\n<\/div>","protected":false},"excerpt":{"rendered":"<p>&nbsp; Modellnummer:\u00a0baby80W mod Gr\u00f6\u00dfe:\u00a018650 Nominale Kapazit\u00e4t:\u00a0Kein Art:\u00a0Andere Markenname:\u00a0vapor storm Ursprung:\u00a0CN (Herkunft) &nbsp; Dampfs turm Puma Baby 80w VW TC Box Mod Vape Abs Abdeckung E Zigarette RDA Rdta Unterst\u00fctzung 18650 Batterie Aufmerksamkeit: 1. jedes Beschichtung Bild ist einzigartig, so dass Sie alle verschiedenen Farbe Mods erhalten. 2. die mod k\u00f6rper vorne und hinten sind zwei [&hellip;]<\/p>","protected":false},"featured_media":8311,"template":"","meta":{"inline_featured_image":false},"product_cat":[15,78,750,737,736,749,77],"product_tag":[],"tiered_pricing_type":"fixed","tiered_pricing_fixed_rules":[],"tiered_pricing_percentage_rules":[],"tiered_pricing_minimum":1,"_administrator_tiered_pricing_type":"fixed","_administrator_tiered_pricing_fixed_rules":[],"_editor_tiered_pricing_type":"fixed","_editor_tiered_pricing_fixed_rules":[],"_author_tiered_pricing_type":"fixed","_author_tiered_pricing_fixed_rules":[],"_contributor_tiered_pricing_type":"fixed","_contributor_tiered_pricing_fixed_rules":[],"_subscriber_tiered_pricing_type":"fixed","_subscriber_tiered_pricing_fixed_rules":[],"_customer_tiered_pricing_type":"fixed","_customer_tiered_pricing_fixed_rules":[],"_shop_manager_tiered_pricing_type":"fixed","_shop_manager_tiered_pricing_fixed_rules":[],"_wpseo_manager_tiered_pricing_type":"fixed","_wpseo_manager_tiered_pricing_fixed_rules":[],"_wpseo_editor_tiered_pricing_type":"fixed","_wpseo_editor_tiered_pricing_fixed_rules":[],"_wholesale_customer_tiered_pricing_type":"fixed","_wholesale_customer_tiered_pricing_fixed_rules":[],"_marketer_tiered_pricing_type":"fixed","_marketer_tiered_pricing_fixed_rules":[],"_sales_manager_tiered_pricing_type":"fixed","_sales_manager_tiered_pricing_fixed_rules":[],"_sales_rep_tiered_pricing_type":"fixed","_sales_rep_tiered_pricing_fixed_rules":[],"yoast_head":"<!-- This site is optimized with the Yoast SEO plugin v23.3 - https:\/\/yoast.com\/wordpress\/plugins\/seo\/ -->\n<title>Vapor Storm Puma Baby 80W Volkswagen TC Box Mod Vape Variable Power E-Zigaretten | ElementVape.de<\/title>\n<meta name=\"description\" content=\"Wir bieten Vapor Storm Puma Baby 80W Volkswagen TC Box Mod Vape Variable Power E-Zigaretten , Elementvape.de akzeptieren Gro\u00df-und Einzelhandel Bestellungen.\" \/>\n<meta name=\"robots\" content=\"index, follow, max-snippet:-1, max-image-preview:large, max-video-preview:-1\" \/>\n<link rel=\"canonical\" href=\"https:\/\/www.elementvape.de\/sv\/produkt\/vapor-storm-puma-baby-80w-volkswagen-tc-box-mod-vape-variable-power-e-zigaretten\/\" \/>\n<meta property=\"og:locale\" content=\"sv_SE\" \/>\n<meta property=\"og:type\" content=\"article\" \/>\n<meta property=\"og:title\" content=\"Vapor Storm Puma Baby 80W Volkswagen TC Box Mod Vape Variable Power E-Zigaretten | ElementVape.de\" \/>\n<meta property=\"og:description\" content=\"Wir bieten Vapor Storm Puma Baby 80W Volkswagen TC Box Mod Vape Variable Power E-Zigaretten , Elementvape.de akzeptieren Gro\u00df-und Einzelhandel Bestellungen.\" \/>\n<meta property=\"og:url\" content=\"https:\/\/www.elementvape.de\/sv\/produkt\/vapor-storm-puma-baby-80w-volkswagen-tc-box-mod-vape-variable-power-e-zigaretten\/\" \/>\n<meta property=\"og:site_name\" content=\"ElementVape.de\" \/>\n<meta property=\"article:modified_time\" content=\"2024-09-12T10:31:55+00:00\" \/>\n<meta property=\"og:image\" content=\"https:\/\/ae01.alicdn.com\/kf\/A31efb49b98b549f1952877883c9f5108m\/Original-Dampf-Storm-Puma-Baby-80W-VW-TC-Box-Mod-Vape-Variable-Leistung-E-Zigarette-RDA.jpg\" \/>\n\t<meta property=\"og:image:width\" content=\"800\" \/>\n\t<meta property=\"og:image:height\" content=\"800\" \/>\n\t<meta property=\"og:image:type\" content=\"image\/jpeg\" \/>\n<meta name=\"twitter:card\" content=\"summary_large_image\" \/>\n<meta name=\"twitter:label1\" content=\"Est. reading time\" \/>\n\t<meta name=\"twitter:data1\" content=\"3 minuter\" \/>\n<script type=\"application\/ld+json\" class=\"yoast-schema-graph\">{\"@context\":\"https:\/\/schema.org\",\"@graph\":[{\"@type\":\"WebPage\",\"@id\":\"https:\/\/www.elementvape.de\/produkt\/vapor-storm-puma-baby-80w-volkswagen-tc-box-mod-vape-variable-power-e-zigaretten\/\",\"url\":\"https:\/\/www.elementvape.de\/produkt\/vapor-storm-puma-baby-80w-volkswagen-tc-box-mod-vape-variable-power-e-zigaretten\/\",\"name\":\"Vapor Storm Puma Baby 80W Volkswagen TC Box Mod Vape Variable Power E-Zigaretten | ElementVape.de\",\"isPartOf\":{\"@id\":\"https:\/\/www.elementvape.de\/#website\"},\"primaryImageOfPage\":{\"@id\":\"https:\/\/www.elementvape.de\/produkt\/vapor-storm-puma-baby-80w-volkswagen-tc-box-mod-vape-variable-power-e-zigaretten\/#primaryimage\"},\"image\":{\"@id\":\"https:\/\/www.elementvape.de\/produkt\/vapor-storm-puma-baby-80w-volkswagen-tc-box-mod-vape-variable-power-e-zigaretten\/#primaryimage\"},\"thumbnailUrl\":\"https:\/\/ae01.alicdn.com\/kf\/A31efb49b98b549f1952877883c9f5108m\/Original-Dampf-Storm-Puma-Baby-80W-VW-TC-Box-Mod-Vape-Variable-Leistung-E-Zigarette-RDA.jpg\",\"datePublished\":\"2024-04-20T08:10:13+00:00\",\"dateModified\":\"2024-09-12T10:31:55+00:00\",\"description\":\"Wir bieten Vapor Storm Puma Baby 80W Volkswagen TC Box Mod Vape Variable Power E-Zigaretten , Elementvape.de akzeptieren Gro\u00df-und Einzelhandel Bestellungen.\",\"breadcrumb\":{\"@id\":\"https:\/\/www.elementvape.de\/produkt\/vapor-storm-puma-baby-80w-volkswagen-tc-box-mod-vape-variable-power-e-zigaretten\/#breadcrumb\"},\"inLanguage\":\"sv-SE\",\"potentialAction\":[{\"@type\":\"ReadAction\",\"target\":[\"https:\/\/www.elementvape.de\/produkt\/vapor-storm-puma-baby-80w-volkswagen-tc-box-mod-vape-variable-power-e-zigaretten\/\"]}]},{\"@type\":\"ImageObject\",\"inLanguage\":\"sv-SE\",\"@id\":\"https:\/\/www.elementvape.de\/produkt\/vapor-storm-puma-baby-80w-volkswagen-tc-box-mod-vape-variable-power-e-zigaretten\/#primaryimage\",\"url\":\"https:\/\/ae01.alicdn.com\/kf\/A31efb49b98b549f1952877883c9f5108m\/Original-Dampf-Storm-Puma-Baby-80W-VW-TC-Box-Mod-Vape-Variable-Leistung-E-Zigarette-RDA.jpg\",\"contentUrl\":\"https:\/\/ae01.alicdn.com\/kf\/A31efb49b98b549f1952877883c9f5108m\/Original-Dampf-Storm-Puma-Baby-80W-VW-TC-Box-Mod-Vape-Variable-Leistung-E-Zigarette-RDA.jpg\",\"width\":800,\"height\":800},{\"@type\":\"BreadcrumbList\",\"@id\":\"https:\/\/www.elementvape.de\/produkt\/vapor-storm-puma-baby-80w-volkswagen-tc-box-mod-vape-variable-power-e-zigaretten\/#breadcrumb\",\"itemListElement\":[{\"@type\":\"ListItem\",\"position\":1,\"name\":\"Home\",\"item\":\"https:\/\/www.elementvape.de\/\"},{\"@type\":\"ListItem\",\"position\":2,\"name\":\"Shop\",\"item\":\"https:\/\/www.elementvape.de\/shop\/\"},{\"@type\":\"ListItem\",\"position\":3,\"name\":\"Vapor Storm Puma Baby 80W Volkswagen TC Box Mod Vape Variable Power E-Zigaretten\"}]},{\"@type\":\"WebSite\",\"@id\":\"https:\/\/www.elementvape.de\/#website\",\"url\":\"https:\/\/www.elementvape.de\/\",\"name\":\"ElementVape.de\",\"description\":\"\",\"publisher\":{\"@id\":\"https:\/\/www.elementvape.de\/#organization\"},\"potentialAction\":[{\"@type\":\"SearchAction\",\"target\":{\"@type\":\"EntryPoint\",\"urlTemplate\":\"https:\/\/www.elementvape.de\/?s={search_term_string}\"},\"query-input\":\"required name=search_term_string\"}],\"inLanguage\":\"sv-SE\"},{\"@type\":\"Organization\",\"@id\":\"https:\/\/www.elementvape.de\/#organization\",\"name\":\"ElementVape.DE\",\"url\":\"https:\/\/www.elementvape.de\/\",\"logo\":{\"@type\":\"ImageObject\",\"inLanguage\":\"sv-SE\",\"@id\":\"https:\/\/www.elementvape.de\/#\/schema\/logo\/image\/\",\"url\":\"https:\/\/www.elementvape.de\/wp-content\/uploads\/2024\/09\/cropped-1elementvape-3.png\",\"contentUrl\":\"https:\/\/www.elementvape.de\/wp-content\/uploads\/2024\/09\/cropped-1elementvape-3.png\",\"width\":285,\"height\":228,\"caption\":\"ElementVape.DE\"},\"image\":{\"@id\":\"https:\/\/www.elementvape.de\/#\/schema\/logo\/image\/\"}}]}<\/script>\n<!-- \/ Yoast SEO plugin. -->","yoast_head_json":{"title":"Vapor Storm Puma Baby 80W Volkswagen TC Box Mod Vape Variable Power E-Zigaretten | ElementVape.de","description":"Wir bieten Vapor Storm Puma Baby 80W Volkswagen TC Box Mod Vape Variable Power E-Zigaretten , Elementvape.de akzeptieren Gro\u00df-und Einzelhandel Bestellungen.","robots":{"index":"index","follow":"follow","max-snippet":"max-snippet:-1","max-image-preview":"max-image-preview:large","max-video-preview":"max-video-preview:-1"},"canonical":"https:\/\/www.elementvape.de\/sv\/produkt\/vapor-storm-puma-baby-80w-volkswagen-tc-box-mod-vape-variable-power-e-zigaretten\/","og_locale":"sv_SE","og_type":"article","og_title":"Vapor Storm Puma Baby 80W Volkswagen TC Box Mod Vape Variable Power E-Zigaretten | ElementVape.de","og_description":"Wir bieten Vapor Storm Puma Baby 80W Volkswagen TC Box Mod Vape Variable Power E-Zigaretten , Elementvape.de akzeptieren Gro\u00df-und Einzelhandel Bestellungen.","og_url":"https:\/\/www.elementvape.de\/sv\/produkt\/vapor-storm-puma-baby-80w-volkswagen-tc-box-mod-vape-variable-power-e-zigaretten\/","og_site_name":"ElementVape.de","article_modified_time":"2024-09-12T10:31:55+00:00","og_image":[{"width":800,"height":800,"url":"https:\/\/ae01.alicdn.com\/kf\/A31efb49b98b549f1952877883c9f5108m\/Original-Dampf-Storm-Puma-Baby-80W-VW-TC-Box-Mod-Vape-Variable-Leistung-E-Zigarette-RDA.jpg","type":"image\/jpeg"}],"twitter_card":"summary_large_image","twitter_misc":{"Est. reading time":"3 minuter"},"schema":{"@context":"https:\/\/schema.org","@graph":[{"@type":"WebPage","@id":"https:\/\/www.elementvape.de\/produkt\/vapor-storm-puma-baby-80w-volkswagen-tc-box-mod-vape-variable-power-e-zigaretten\/","url":"https:\/\/www.elementvape.de\/produkt\/vapor-storm-puma-baby-80w-volkswagen-tc-box-mod-vape-variable-power-e-zigaretten\/","name":"Vapor Storm Puma Baby 80W Volkswagen TC Box Mod Vape Variable Power E-Zigaretten | ElementVape.de","isPartOf":{"@id":"https:\/\/www.elementvape.de\/#website"},"primaryImageOfPage":{"@id":"https:\/\/www.elementvape.de\/produkt\/vapor-storm-puma-baby-80w-volkswagen-tc-box-mod-vape-variable-power-e-zigaretten\/#primaryimage"},"image":{"@id":"https:\/\/www.elementvape.de\/produkt\/vapor-storm-puma-baby-80w-volkswagen-tc-box-mod-vape-variable-power-e-zigaretten\/#primaryimage"},"thumbnailUrl":"https:\/\/ae01.alicdn.com\/kf\/A31efb49b98b549f1952877883c9f5108m\/Original-Dampf-Storm-Puma-Baby-80W-VW-TC-Box-Mod-Vape-Variable-Leistung-E-Zigarette-RDA.jpg","datePublished":"2024-04-20T08:10:13+00:00","dateModified":"2024-09-12T10:31:55+00:00","description":"Wir bieten Vapor Storm Puma Baby 80W Volkswagen TC Box Mod Vape Variable Power E-Zigaretten , Elementvape.de akzeptieren Gro\u00df-und Einzelhandel Bestellungen.","breadcrumb":{"@id":"https:\/\/www.elementvape.de\/produkt\/vapor-storm-puma-baby-80w-volkswagen-tc-box-mod-vape-variable-power-e-zigaretten\/#breadcrumb"},"inLanguage":"sv-SE","potentialAction":[{"@type":"ReadAction","target":["https:\/\/www.elementvape.de\/produkt\/vapor-storm-puma-baby-80w-volkswagen-tc-box-mod-vape-variable-power-e-zigaretten\/"]}]},{"@type":"ImageObject","inLanguage":"sv-SE","@id":"https:\/\/www.elementvape.de\/produkt\/vapor-storm-puma-baby-80w-volkswagen-tc-box-mod-vape-variable-power-e-zigaretten\/#primaryimage","url":"https:\/\/ae01.alicdn.com\/kf\/A31efb49b98b549f1952877883c9f5108m\/Original-Dampf-Storm-Puma-Baby-80W-VW-TC-Box-Mod-Vape-Variable-Leistung-E-Zigarette-RDA.jpg","contentUrl":"https:\/\/ae01.alicdn.com\/kf\/A31efb49b98b549f1952877883c9f5108m\/Original-Dampf-Storm-Puma-Baby-80W-VW-TC-Box-Mod-Vape-Variable-Leistung-E-Zigarette-RDA.jpg","width":800,"height":800},{"@type":"BreadcrumbList","@id":"https:\/\/www.elementvape.de\/produkt\/vapor-storm-puma-baby-80w-volkswagen-tc-box-mod-vape-variable-power-e-zigaretten\/#breadcrumb","itemListElement":[{"@type":"ListItem","position":1,"name":"Home","item":"https:\/\/www.elementvape.de\/"},{"@type":"ListItem","position":2,"name":"Shop","item":"https:\/\/www.elementvape.de\/shop\/"},{"@type":"ListItem","position":3,"name":"Vapor Storm Puma Baby 80W Volkswagen TC Box Mod Vape Variable Power E-Zigaretten"}]},{"@type":"WebSite","@id":"https:\/\/www.elementvape.de\/#website","url":"https:\/\/www.elementvape.de\/","name":"ElementVape.de","description":"","publisher":{"@id":"https:\/\/www.elementvape.de\/#organization"},"potentialAction":[{"@type":"SearchAction","target":{"@type":"EntryPoint","urlTemplate":"https:\/\/www.elementvape.de\/?s={search_term_string}"},"query-input":"required name=search_term_string"}],"inLanguage":"sv-SE"},{"@type":"Organization","@id":"https:\/\/www.elementvape.de\/#organization","name":"ElementVape.DE","url":"https:\/\/www.elementvape.de\/","logo":{"@type":"ImageObject","inLanguage":"sv-SE","@id":"https:\/\/www.elementvape.de\/#\/schema\/logo\/image\/","url":"https:\/\/www.elementvape.de\/wp-content\/uploads\/2024\/09\/cropped-1elementvape-3.png","contentUrl":"https:\/\/www.elementvape.de\/wp-content\/uploads\/2024\/09\/cropped-1elementvape-3.png","width":285,"height":228,"caption":"ElementVape.DE"},"image":{"@id":"https:\/\/www.elementvape.de\/#\/schema\/logo\/image\/"}}]}},"_links":{"self":[{"href":"https:\/\/www.elementvape.de\/sv\/wp-json\/wp\/v2\/product\/8310"}],"collection":[{"href":"https:\/\/www.elementvape.de\/sv\/wp-json\/wp\/v2\/product"}],"about":[{"href":"https:\/\/www.elementvape.de\/sv\/wp-json\/wp\/v2\/types\/product"}],"wp:featuredmedia":[{"embeddable":true,"href":"https:\/\/www.elementvape.de\/sv\/wp-json\/wp\/v2\/media\/8311"}],"wp:attachment":[{"href":"https:\/\/www.elementvape.de\/sv\/wp-json\/wp\/v2\/media?parent=8310"}],"wp:term":[{"taxonomy":"product_cat","embeddable":true,"href":"https:\/\/www.elementvape.de\/sv\/wp-json\/wp\/v2\/product_cat?post=8310"},{"taxonomy":"product_tag","embeddable":true,"href":"https:\/\/www.elementvape.de\/sv\/wp-json\/wp\/v2\/product_tag?post=8310"}],"curies":[{"name":"wp","href":"https:\/\/api.w.org\/{rel}","templated":true}]}}