{"id":8240,"date":"2024-04-20T08:01:31","date_gmt":"2024-04-20T08:01:31","guid":{"rendered":"https:\/\/www.elementvape.de\/?post_type=product&#038;p=8240"},"modified":"2024-09-12T10:31:59","modified_gmt":"2024-09-12T10:31:59","slug":"yocan-kodo-pro-batterie-e-zigarettenmodul-vape","status":"publish","type":"product","link":"https:\/\/www.elementvape.de\/sv\/produkt\/yocan-kodo-pro-batterie-e-zigarettenmodul-vape\/","title":{"rendered":"Yocan Kodo Pro Batteri E-cigaretmodul Vape"},"content":{"rendered":"<p>&nbsp;<\/p>\n<div class=\"product-specs-list-container\">\n<ul class=\"product-specs-list util-clearfix\">\n<li class=\"product-prop line-limit-length\"><span class=\"property-title\">\u00d6vervakningsfunktion f\u00f6r r\u00f6kning antal:\u00a0<\/span><span class=\"property-desc line-limit-length\">Nej<\/span><\/li>\n<li class=\"product-prop line-limit-length\"><span class=\"property-title\">Silikonfall:\u00a0<\/span><span class=\"property-desc line-limit-length\">Nej<\/span><\/li>\n<li class=\"product-prop line-limit-length\"><span class=\"property-title\">Kortslutningsskydd funktion:\u00a0<\/span><span class=\"property-desc line-limit-length\">Ja<\/span><\/li>\n<li class=\"product-prop line-limit-length\"><span class=\"property-title\">\u00d6verhettningsskydd-funktion:\u00a0<\/span><span class=\"property-desc line-limit-length\">Ja<\/span><\/li>\n<li class=\"product-prop line-limit-length\"><span class=\"property-title\">L\u00e5gsp\u00e4nningsalarmfunktion:\u00a0<\/span><span class=\"property-desc line-limit-length\">Ja<\/span><\/li>\n<li class=\"product-prop line-limit-length\"><span class=\"property-title\">F\u00f6r\u00e5ngareidentifieringsfunktion:\u00a0<\/span><span class=\"property-desc line-limit-length\">Ja<\/span><\/li>\n<li class=\"product-prop line-limit-length\"><span class=\"property-title\">Temperaturreglering:\u00a0<\/span><span class=\"property-desc line-limit-length\">Nej<\/span><\/li>\n<li class=\"product-prop line-limit-length\"><span class=\"property-title\">TCR-inst\u00e4llningsl\u00e4gen:\u00a0<\/span><span class=\"property-desc line-limit-length\">Nej<\/span><\/li>\n<li class=\"product-prop line-limit-length\"><span class=\"property-title\">Nominal kapacitet:\u00a0<\/span><span class=\"property-desc line-limit-length\">Ingen<\/span><\/li>\n<li class=\"product-prop line-limit-length\"><span class=\"property-title\">Kompatibelt modell:\u00a0<\/span><span class=\"property-desc line-limit-length\">Elektronisk Cigaret Box Mod Vape<\/span><\/li>\n<li class=\"product-prop line-limit-length\"><span class=\"property-title\">Temperaturreglering: Nej\u00a0<\/span><span class=\"property-desc line-limit-length\">Yocan Kodo Pro 510 Batteri<\/span><\/li>\n<li class=\"product-prop line-limit-length\"><span class=\"property-title\">Firmwareuppgradering:\u00a0<\/span><span class=\"property-desc line-limit-length\">Nej<\/span><\/li>\n<li class=\"product-prop line-limit-length\"><span class=\"property-title\">Usb-laddare:\u00a0<\/span><span class=\"property-desc line-limit-length\">Ja<\/span><\/li>\n<li class=\"product-prop line-limit-length\"><span class=\"property-title\">Sk\u00e4rm:\u00a0<\/span><span class=\"property-desc line-limit-length\">Ja<\/span><\/li>\n<li class=\"product-prop line-limit-length\"><span class=\"property-title\">Inbyggt eller Externt Batteri:\u00a0<\/span><span class=\"property-desc line-limit-length\">Ja<\/span><\/li>\n<li class=\"product-prop line-limit-length\"><span class=\"property-title\">Typ:\u00a0<\/span><span class=\"property-desc line-limit-length\">Elektroniskt Mod:<\/span><\/li>\n<li class=\"product-prop line-limit-length\"><span class=\"property-title\">Varum\u00e4rkesnamn:\u00a0<\/span><span class=\"property-desc line-limit-length\">YOCAN<\/span><\/li>\n<li class=\"product-prop line-limit-length\"><span class=\"property-title\">Kortslutningsskydd: Ja\u00a0<\/span><span class=\"property-desc line-limit-length\">CN (Ursprung)<\/span><\/li>\n<\/ul>\n<\/div>\n<div class=\"detailmodule_html\">\n<div class=\"detail-desc-decorate-richtext\">\n<div><\/div>\n<div><span id=\"tl_1\" style=\"font-size: 22px; font-family: arial, helvetica, sans-serif;\">Original Yocan Kodo Pro Batteri 400mah Tr\u00e5d 10s f\u00f6rv\u00e4rmning elektronisk cigarett Mod Vape med oled-sk\u00e4rm<\/span><\/div>\n<div><\/div>\n<div><span id=\"tl_2\" style=\"font-size: 18px; font-family: arial, helvetica, sans-serif;\">Beskrivning:<\/span><\/div>\n<div><span id=\"tl_3\" style=\"font-size: 18px; font-family: arial, helvetica, sans-serif;\">Kodo pro Batteri \u00e4r det 510-batteri med liten storlek. Det har funktioner som 10s f\u00f6rv\u00e4rmning, sp\u00e4nningsinst\u00e4llning, 15s s\u00e4kerhetsavst\u00e4ngning. Det justerbara sp\u00e4nningsomr\u00e5det ligger mellan 1,8 V och 4,2 V. Dessutom \u00e4r Kodo Pro-batteriet utrustat med en puffr\u00e4knare och en timer, en oled-sk\u00e4rm och en Typ-C-laddning.<\/span><\/div>\n<div><\/div>\n<div><\/div>\n<div><span id=\"tl_4\" style=\"font-size: 18px; font-family: arial, helvetica, sans-serif;\">Parametrar:<\/span><\/div>\n<div><span id=\"tl_5\" style=\"font-size: 18px; font-family: arial, helvetica, sans-serif;\">Varum\u00e4rke: yocan<\/span><\/div>\n<div><span id=\"tl_6\" style=\"font-size: 18px; font-family: arial, helvetica, sans-serif;\">Produktnamn: kodo pro Batteri<\/span><\/div>\n<div><span id=\"tl_7\" style=\"font-size: 18px; font-family: arial, helvetica, sans-serif;\">K\u00f6ruppkoppling: &gt; 0,8 Ohm<\/span><\/div>\n<div><span id=\"tl_8\" style=\"font-size: 18px; font-family: arial, helvetica, sans-serif;\">Batterikapacitet: 400mah<\/span><\/div>\n<div><span id=\"tl_9\" style=\"font-size: 18px; font-family: arial, helvetica, sans-serif;\">G\u00e4nga: 510<\/span><\/div>\n<div><span id=\"tl_10\" style=\"font-size: 18px; font-family: arial, helvetica, sans-serif;\">Sp\u00e4nningsinst\u00e4llning: 1,8 V-4,2 V<\/span><\/div>\n<div><span id=\"tl_11\" style=\"font-size: 18px; font-family: arial, helvetica, sans-serif;\">Laddning: USB-Typ-C<\/span><\/div>\n<div><span id=\"tl_12\" style=\"font-size: 18px; font-family: arial, helvetica, sans-serif;\">F\u00e4rg: svart, vitt, gult, lila, r\u00f6tt, ljusbl\u00e5tt<\/span><\/div>\n<div><\/div>\n<div><\/div>\n<div><span id=\"tl_13\" style=\"font-size: 18px; font-family: arial, helvetica, sans-serif;\">Detaljer:<\/span><\/div>\n<div><span id=\"tl_14\" style=\"font-size: 18px; font-family: arial, helvetica, sans-serif;\">1. Liten storlek men extremt konkurrenskraftigt 510-batteri<\/span><\/div>\n<div><span id=\"tl_15\" style=\"font-size: 18px; font-family: arial, helvetica, sans-serif;\">2. oled-display, 400mah batteri<\/span><\/div>\n<div><span id=\"tl_16\" style=\"font-size: 18px; font-family: arial, helvetica, sans-serif;\">3. Sp\u00e4nningsinst\u00e4llning: 1,8 V-4,2 V<\/span><\/div>\n<div><span id=\"tl_17\" style=\"font-size: 18px; font-family: arial, helvetica, sans-serif;\">4. USB-Typ-C-laddningsanslutning<\/span><\/div>\n<div><span id=\"tl_18\" style=\"font-size: 18px; font-family: arial, helvetica, sans-serif;\">5. 10s f\u00f6rv\u00e4rmning, 15s s\u00e4kerhetsavst\u00e4ngning<\/span><\/div>\n<div><span id=\"tl_19\" style=\"font-size: 18px; font-family: arial, helvetica, sans-serif;\">6. Vape-karta \u00e4r separat tillg\u00e4nglig<\/span><\/div>\n<div><span id=\"tl_20\" style=\"font-size: 18px; font-family: arial, helvetica, sans-serif;\">7. Puffr\u00e4knare och timer<\/span><\/div>\n<div><span id=\"tl_21\" style=\"font-size: 18px; font-family: arial, helvetica, sans-serif;\">8. 510-g\u00e4nga anslutning<\/span><\/div>\n<div><\/div>\n<div><\/div>\n<div><span id=\"tl_22\" style=\"font-size: 18px; font-family: arial, helvetica, sans-serif;\">Paketet fr\u00e5n yocan kodo pro box mod kommer med:<\/span><\/div>\n<div><span id=\"tl_23\" style=\"font-size: 18px; font-family: arial, helvetica, sans-serif;\">1 * yocan kodo pro batteri<\/span><\/div>\n<p>&nbsp;<\/p>\n<p><img decoding=\"async\" loading=\"lazy\" src=\"https:\/\/ae01.alicdn.com\/kf\/S7e61eef806f14b758c2c15668dce5fd3a.jpg\" \/><img decoding=\"async\" loading=\"lazy\" src=\"https:\/\/ae01.alicdn.com\/kf\/S2b9c1a348ff742ec80e823ac0c37ad1aV.jpg\" \/><img decoding=\"async\" loading=\"lazy\" src=\"https:\/\/ae01.alicdn.com\/kf\/Sf41107e5aab0488a9077ade39280c14aa.jpg\" \/><img decoding=\"async\" loading=\"lazy\" src=\"https:\/\/ae01.alicdn.com\/kf\/Sf9b49dea62894336a08f924ca21084b7R.jpg\" \/><img decoding=\"async\" loading=\"lazy\" src=\"https:\/\/ae01.alicdn.com\/kf\/Sfe5984c01929459cbd8c4312a1a08eefx.jpg\" \/><img decoding=\"async\" loading=\"lazy\" src=\"https:\/\/ae01.alicdn.com\/kf\/Sf4307817e8744fe39134a1ac80636a8eg.jpg\" \/><img decoding=\"async\" loading=\"lazy\" src=\"https:\/\/ae01.alicdn.com\/kf\/S9e812d2906774cb99bd7c397b1870641q.jpg\" \/><img decoding=\"async\" loading=\"lazy\" src=\"https:\/\/ae01.alicdn.com\/kf\/S544371b76c294a418da4c8348bcae659P.jpg\" \/><img decoding=\"async\" loading=\"lazy\" src=\"https:\/\/ae01.alicdn.com\/kf\/S618a7ea2cf3849438a37c62a35f7cb22r.jpg\" \/><img decoding=\"async\" loading=\"lazy\" src=\"https:\/\/ae01.alicdn.com\/kf\/Sd1ddfc799087470fafc5a476b7d0884bu.jpg\" \/><\/p>\n<\/div>\n<\/div>","protected":false},"excerpt":{"rendered":"<p>&nbsp; \u00dcberwachung Funktion Von Rauchen Anzahl:\u00a0Nein Silikon Fall:\u00a0Nein Kurzschlussschutz Funktion:\u00a0Ja \u00dcberhitzungsschutz-funktion:\u00a0Ja Niederspannungsalarmfunktion:\u00a0Ja Zerst\u00e4uber Identifikation Funktion:\u00a0Ja Temperaturregelung:\u00a0Nein TCR Einstellung Modi:\u00a0Nein Nominale Kapazit\u00e4t:\u00a0Kein Compatible Model:\u00a0Electronic Cigarette Box Mod Vape Modellnummer:\u00a0Yocan Kodo Pro 510 Battery Firmware-upgrade:\u00a0Nein Usb-ladeger\u00e4t:\u00a0Ja Display:\u00a0Ja Eingebaute Oder Externe Batterie:\u00a0Ja Art:\u00a0Elektrische Mod Markenname:\u00a0YOCAN Ursprung:\u00a0CN (Herkunft) Original Yocan Kodo Pro Batterie 400mah Thread 10s vorheizen elektronische Zigarette [&hellip;]<\/p>","protected":false},"featured_media":8241,"template":"","meta":{"inline_featured_image":false},"product_cat":[15,78,750,737,736,749,77],"product_tag":[],"tiered_pricing_type":"fixed","tiered_pricing_fixed_rules":[],"tiered_pricing_percentage_rules":[],"tiered_pricing_minimum":1,"_administrator_tiered_pricing_type":"fixed","_administrator_tiered_pricing_fixed_rules":[],"_editor_tiered_pricing_type":"fixed","_editor_tiered_pricing_fixed_rules":[],"_author_tiered_pricing_type":"fixed","_author_tiered_pricing_fixed_rules":[],"_contributor_tiered_pricing_type":"fixed","_contributor_tiered_pricing_fixed_rules":[],"_subscriber_tiered_pricing_type":"fixed","_subscriber_tiered_pricing_fixed_rules":[],"_customer_tiered_pricing_type":"fixed","_customer_tiered_pricing_fixed_rules":[],"_shop_manager_tiered_pricing_type":"fixed","_shop_manager_tiered_pricing_fixed_rules":[],"_wpseo_manager_tiered_pricing_type":"fixed","_wpseo_manager_tiered_pricing_fixed_rules":[],"_wpseo_editor_tiered_pricing_type":"fixed","_wpseo_editor_tiered_pricing_fixed_rules":[],"_wholesale_customer_tiered_pricing_type":"fixed","_wholesale_customer_tiered_pricing_fixed_rules":[],"_marketer_tiered_pricing_type":"fixed","_marketer_tiered_pricing_fixed_rules":[],"_sales_manager_tiered_pricing_type":"fixed","_sales_manager_tiered_pricing_fixed_rules":[],"_sales_rep_tiered_pricing_type":"fixed","_sales_rep_tiered_pricing_fixed_rules":[],"yoast_head":"<!-- This site is optimized with the Yoast SEO plugin v23.3 - https:\/\/yoast.com\/wordpress\/plugins\/seo\/ -->\n<title>Yocan Kodo Pro Batterie E-Zigarettenmodul Vape | ElementVape.de<\/title>\n<meta name=\"description\" content=\"Wir bieten Yocan Kodo Pro Batterie E-Zigarettenmodul Vape , Elementvape.de akzeptieren Gro\u00df-und Einzelhandel Bestellungen.\" \/>\n<meta name=\"robots\" content=\"index, follow, max-snippet:-1, max-image-preview:large, max-video-preview:-1\" \/>\n<link rel=\"canonical\" href=\"https:\/\/www.elementvape.de\/sv\/produkt\/yocan-kodo-pro-batterie-e-zigarettenmodul-vape\/\" \/>\n<meta property=\"og:locale\" content=\"sv_SE\" \/>\n<meta property=\"og:type\" content=\"article\" \/>\n<meta property=\"og:title\" content=\"Yocan Kodo Pro Batterie E-Zigarettenmodul Vape | ElementVape.de\" \/>\n<meta property=\"og:description\" content=\"Wir bieten Yocan Kodo Pro Batterie E-Zigarettenmodul Vape , Elementvape.de akzeptieren Gro\u00df-und Einzelhandel Bestellungen.\" \/>\n<meta property=\"og:url\" content=\"https:\/\/www.elementvape.de\/sv\/produkt\/yocan-kodo-pro-batterie-e-zigarettenmodul-vape\/\" \/>\n<meta property=\"og:site_name\" content=\"ElementVape.de\" \/>\n<meta property=\"article:modified_time\" content=\"2024-09-12T10:31:59+00:00\" \/>\n<meta property=\"og:image\" content=\"https:\/\/ae01.alicdn.com\/kf\/S8dd266bd2bf74a81a6f72b9334539997g\/Original-Yocan-Kodo-Pro-Batterie-400mAh-510-Gewinde-10s-Vorheizen-Elektronische-Zigarette-Mod-Vape-mit-Oled.jpg\" \/>\n\t<meta property=\"og:image:width\" content=\"800\" \/>\n\t<meta property=\"og:image:height\" content=\"800\" \/>\n\t<meta property=\"og:image:type\" content=\"image\/jpeg\" \/>\n<meta name=\"twitter:card\" content=\"summary_large_image\" \/>\n<meta name=\"twitter:label1\" content=\"Est. reading time\" \/>\n\t<meta name=\"twitter:data1\" content=\"4 minuter\" \/>\n<script type=\"application\/ld+json\" class=\"yoast-schema-graph\">{\"@context\":\"https:\/\/schema.org\",\"@graph\":[{\"@type\":\"WebPage\",\"@id\":\"https:\/\/www.elementvape.de\/sk\/produkt\/yocan-kodo-pro-batterie-e-zigarettenmodul-vape\/\",\"url\":\"https:\/\/www.elementvape.de\/sk\/produkt\/yocan-kodo-pro-batterie-e-zigarettenmodul-vape\/\",\"name\":\"Yocan Kodo Pro Batterie E-Zigarettenmodul Vape | ElementVape.de\",\"isPartOf\":{\"@id\":\"https:\/\/www.elementvape.de\/#website\"},\"primaryImageOfPage\":{\"@id\":\"https:\/\/www.elementvape.de\/sk\/produkt\/yocan-kodo-pro-batterie-e-zigarettenmodul-vape\/#primaryimage\"},\"image\":{\"@id\":\"https:\/\/www.elementvape.de\/sk\/produkt\/yocan-kodo-pro-batterie-e-zigarettenmodul-vape\/#primaryimage\"},\"thumbnailUrl\":\"https:\/\/ae01.alicdn.com\/kf\/S8dd266bd2bf74a81a6f72b9334539997g\/Original-Yocan-Kodo-Pro-Batterie-400mAh-510-Gewinde-10s-Vorheizen-Elektronische-Zigarette-Mod-Vape-mit-Oled.jpg\",\"datePublished\":\"2024-04-20T08:01:31+00:00\",\"dateModified\":\"2024-09-12T10:31:59+00:00\",\"description\":\"Wir bieten Yocan Kodo Pro Batterie E-Zigarettenmodul Vape , Elementvape.de akzeptieren Gro\u00df-und Einzelhandel Bestellungen.\",\"breadcrumb\":{\"@id\":\"https:\/\/www.elementvape.de\/sk\/produkt\/yocan-kodo-pro-batterie-e-zigarettenmodul-vape\/#breadcrumb\"},\"inLanguage\":\"sv-SE\",\"potentialAction\":[{\"@type\":\"ReadAction\",\"target\":[\"https:\/\/www.elementvape.de\/sk\/produkt\/yocan-kodo-pro-batterie-e-zigarettenmodul-vape\/\"]}]},{\"@type\":\"ImageObject\",\"inLanguage\":\"sv-SE\",\"@id\":\"https:\/\/www.elementvape.de\/sk\/produkt\/yocan-kodo-pro-batterie-e-zigarettenmodul-vape\/#primaryimage\",\"url\":\"https:\/\/ae01.alicdn.com\/kf\/S8dd266bd2bf74a81a6f72b9334539997g\/Original-Yocan-Kodo-Pro-Batterie-400mAh-510-Gewinde-10s-Vorheizen-Elektronische-Zigarette-Mod-Vape-mit-Oled.jpg\",\"contentUrl\":\"https:\/\/ae01.alicdn.com\/kf\/S8dd266bd2bf74a81a6f72b9334539997g\/Original-Yocan-Kodo-Pro-Batterie-400mAh-510-Gewinde-10s-Vorheizen-Elektronische-Zigarette-Mod-Vape-mit-Oled.jpg\",\"width\":800,\"height\":800},{\"@type\":\"BreadcrumbList\",\"@id\":\"https:\/\/www.elementvape.de\/sk\/produkt\/yocan-kodo-pro-batterie-e-zigarettenmodul-vape\/#breadcrumb\",\"itemListElement\":[{\"@type\":\"ListItem\",\"position\":1,\"name\":\"Home\",\"item\":\"https:\/\/www.elementvape.de\/\"},{\"@type\":\"ListItem\",\"position\":2,\"name\":\"Shop\",\"item\":\"https:\/\/www.elementvape.de\/shop\/\"},{\"@type\":\"ListItem\",\"position\":3,\"name\":\"Yocan Kodo Pro Batterie E-Zigarettenmodul Vape\"}]},{\"@type\":\"WebSite\",\"@id\":\"https:\/\/www.elementvape.de\/#website\",\"url\":\"https:\/\/www.elementvape.de\/\",\"name\":\"ElementVape.de\",\"description\":\"\",\"publisher\":{\"@id\":\"https:\/\/www.elementvape.de\/#organization\"},\"potentialAction\":[{\"@type\":\"SearchAction\",\"target\":{\"@type\":\"EntryPoint\",\"urlTemplate\":\"https:\/\/www.elementvape.de\/?s={search_term_string}\"},\"query-input\":\"required name=search_term_string\"}],\"inLanguage\":\"sv-SE\"},{\"@type\":\"Organization\",\"@id\":\"https:\/\/www.elementvape.de\/#organization\",\"name\":\"ElementVape.DE\",\"url\":\"https:\/\/www.elementvape.de\/\",\"logo\":{\"@type\":\"ImageObject\",\"inLanguage\":\"sv-SE\",\"@id\":\"https:\/\/www.elementvape.de\/#\/schema\/logo\/image\/\",\"url\":\"https:\/\/www.elementvape.de\/wp-content\/uploads\/2024\/09\/cropped-1elementvape-3.png\",\"contentUrl\":\"https:\/\/www.elementvape.de\/wp-content\/uploads\/2024\/09\/cropped-1elementvape-3.png\",\"width\":285,\"height\":228,\"caption\":\"ElementVape.DE\"},\"image\":{\"@id\":\"https:\/\/www.elementvape.de\/#\/schema\/logo\/image\/\"}}]}<\/script>\n<!-- \/ Yoast SEO plugin. -->","yoast_head_json":{"title":"Yocan Kodo Pro Batterie E-Zigarettenmodul Vape | ElementVape.de","description":"Wir bieten Yocan Kodo Pro Batterie E-Zigarettenmodul Vape , Elementvape.de akzeptieren Gro\u00df-und Einzelhandel Bestellungen.","robots":{"index":"index","follow":"follow","max-snippet":"max-snippet:-1","max-image-preview":"max-image-preview:large","max-video-preview":"max-video-preview:-1"},"canonical":"https:\/\/www.elementvape.de\/sv\/produkt\/yocan-kodo-pro-batterie-e-zigarettenmodul-vape\/","og_locale":"sv_SE","og_type":"article","og_title":"Yocan Kodo Pro Batterie E-Zigarettenmodul Vape | ElementVape.de","og_description":"Wir bieten Yocan Kodo Pro Batterie E-Zigarettenmodul Vape , Elementvape.de akzeptieren Gro\u00df-und Einzelhandel Bestellungen.","og_url":"https:\/\/www.elementvape.de\/sv\/produkt\/yocan-kodo-pro-batterie-e-zigarettenmodul-vape\/","og_site_name":"ElementVape.de","article_modified_time":"2024-09-12T10:31:59+00:00","og_image":[{"width":800,"height":800,"url":"https:\/\/ae01.alicdn.com\/kf\/S8dd266bd2bf74a81a6f72b9334539997g\/Original-Yocan-Kodo-Pro-Batterie-400mAh-510-Gewinde-10s-Vorheizen-Elektronische-Zigarette-Mod-Vape-mit-Oled.jpg","type":"image\/jpeg"}],"twitter_card":"summary_large_image","twitter_misc":{"Est. reading time":"4 minuter"},"schema":{"@context":"https:\/\/schema.org","@graph":[{"@type":"WebPage","@id":"https:\/\/www.elementvape.de\/sk\/produkt\/yocan-kodo-pro-batterie-e-zigarettenmodul-vape\/","url":"https:\/\/www.elementvape.de\/sk\/produkt\/yocan-kodo-pro-batterie-e-zigarettenmodul-vape\/","name":"Yocan Kodo Pro Batterie E-Zigarettenmodul Vape | ElementVape.de","isPartOf":{"@id":"https:\/\/www.elementvape.de\/#website"},"primaryImageOfPage":{"@id":"https:\/\/www.elementvape.de\/sk\/produkt\/yocan-kodo-pro-batterie-e-zigarettenmodul-vape\/#primaryimage"},"image":{"@id":"https:\/\/www.elementvape.de\/sk\/produkt\/yocan-kodo-pro-batterie-e-zigarettenmodul-vape\/#primaryimage"},"thumbnailUrl":"https:\/\/ae01.alicdn.com\/kf\/S8dd266bd2bf74a81a6f72b9334539997g\/Original-Yocan-Kodo-Pro-Batterie-400mAh-510-Gewinde-10s-Vorheizen-Elektronische-Zigarette-Mod-Vape-mit-Oled.jpg","datePublished":"2024-04-20T08:01:31+00:00","dateModified":"2024-09-12T10:31:59+00:00","description":"Wir bieten Yocan Kodo Pro Batterie E-Zigarettenmodul Vape , Elementvape.de akzeptieren Gro\u00df-und Einzelhandel Bestellungen.","breadcrumb":{"@id":"https:\/\/www.elementvape.de\/sk\/produkt\/yocan-kodo-pro-batterie-e-zigarettenmodul-vape\/#breadcrumb"},"inLanguage":"sv-SE","potentialAction":[{"@type":"ReadAction","target":["https:\/\/www.elementvape.de\/sk\/produkt\/yocan-kodo-pro-batterie-e-zigarettenmodul-vape\/"]}]},{"@type":"ImageObject","inLanguage":"sv-SE","@id":"https:\/\/www.elementvape.de\/sk\/produkt\/yocan-kodo-pro-batterie-e-zigarettenmodul-vape\/#primaryimage","url":"https:\/\/ae01.alicdn.com\/kf\/S8dd266bd2bf74a81a6f72b9334539997g\/Original-Yocan-Kodo-Pro-Batterie-400mAh-510-Gewinde-10s-Vorheizen-Elektronische-Zigarette-Mod-Vape-mit-Oled.jpg","contentUrl":"https:\/\/ae01.alicdn.com\/kf\/S8dd266bd2bf74a81a6f72b9334539997g\/Original-Yocan-Kodo-Pro-Batterie-400mAh-510-Gewinde-10s-Vorheizen-Elektronische-Zigarette-Mod-Vape-mit-Oled.jpg","width":800,"height":800},{"@type":"BreadcrumbList","@id":"https:\/\/www.elementvape.de\/sk\/produkt\/yocan-kodo-pro-batterie-e-zigarettenmodul-vape\/#breadcrumb","itemListElement":[{"@type":"ListItem","position":1,"name":"Home","item":"https:\/\/www.elementvape.de\/"},{"@type":"ListItem","position":2,"name":"Shop","item":"https:\/\/www.elementvape.de\/shop\/"},{"@type":"ListItem","position":3,"name":"Yocan Kodo Pro Batterie E-Zigarettenmodul Vape"}]},{"@type":"WebSite","@id":"https:\/\/www.elementvape.de\/#website","url":"https:\/\/www.elementvape.de\/","name":"ElementVape.de","description":"","publisher":{"@id":"https:\/\/www.elementvape.de\/#organization"},"potentialAction":[{"@type":"SearchAction","target":{"@type":"EntryPoint","urlTemplate":"https:\/\/www.elementvape.de\/?s={search_term_string}"},"query-input":"required name=search_term_string"}],"inLanguage":"sv-SE"},{"@type":"Organization","@id":"https:\/\/www.elementvape.de\/#organization","name":"ElementVape.DE","url":"https:\/\/www.elementvape.de\/","logo":{"@type":"ImageObject","inLanguage":"sv-SE","@id":"https:\/\/www.elementvape.de\/#\/schema\/logo\/image\/","url":"https:\/\/www.elementvape.de\/wp-content\/uploads\/2024\/09\/cropped-1elementvape-3.png","contentUrl":"https:\/\/www.elementvape.de\/wp-content\/uploads\/2024\/09\/cropped-1elementvape-3.png","width":285,"height":228,"caption":"ElementVape.DE"},"image":{"@id":"https:\/\/www.elementvape.de\/#\/schema\/logo\/image\/"}}]}},"_links":{"self":[{"href":"https:\/\/www.elementvape.de\/sv\/wp-json\/wp\/v2\/product\/8240"}],"collection":[{"href":"https:\/\/www.elementvape.de\/sv\/wp-json\/wp\/v2\/product"}],"about":[{"href":"https:\/\/www.elementvape.de\/sv\/wp-json\/wp\/v2\/types\/product"}],"wp:featuredmedia":[{"embeddable":true,"href":"https:\/\/www.elementvape.de\/sv\/wp-json\/wp\/v2\/media\/8241"}],"wp:attachment":[{"href":"https:\/\/www.elementvape.de\/sv\/wp-json\/wp\/v2\/media?parent=8240"}],"wp:term":[{"taxonomy":"product_cat","embeddable":true,"href":"https:\/\/www.elementvape.de\/sv\/wp-json\/wp\/v2\/product_cat?post=8240"},{"taxonomy":"product_tag","embeddable":true,"href":"https:\/\/www.elementvape.de\/sv\/wp-json\/wp\/v2\/product_tag?post=8240"}],"curies":[{"name":"wp","href":"https:\/\/api.w.org\/{rel}","templated":true}]}}