{"id":8003,"date":"2024-04-20T05:48:04","date_gmt":"2024-04-20T05:48:04","guid":{"rendered":"https:\/\/www.elementvape.de\/?post_type=product&#038;p=8003"},"modified":"2024-09-12T10:34:23","modified_gmt":"2024-09-12T10:34:23","slug":"elektronische-zigarette-sob-v2-mech-mod-kit","status":"publish","type":"product","link":"https:\/\/www.elementvape.de\/sv\/produkt\/elektronische-zigarette-sob-v2-mech-mod-kit\/","title":{"rendered":"Elektronisk cigarett sob v2 mech mod kit med zeus sub ohm rta 510-g\u00e4nga f\u00f6r 18650 batteri, f\u00f6r\u00e5ngare, e-cigaretter, vape pen kit"},"content":{"rendered":"<p>&nbsp;<\/p>\n<div class=\"product-specs-list-container\">\n<ul class=\"product-specs-list util-clearfix\">\n<li class=\"product-prop line-limit-length\"><span class=\"property-title\">Utseende:\u00a0<\/span><span class=\"property-desc line-limit-length\">Cylindrisk Form<\/span><\/li>\n<li class=\"product-prop line-limit-length\"><span class=\"property-title\">Kompatibel batteri:\u00a0<\/span><span class=\"property-desc line-limit-length\">18650<\/span><\/li>\n<li class=\"product-prop line-limit-length\"><span class=\"property-title\">\u00d6vervakningsfunktion f\u00f6r r\u00f6kning antal:\u00a0<\/span><span class=\"property-desc line-limit-length\">Nej<\/span><\/li>\n<li class=\"product-prop line-limit-length\"><span class=\"property-title\">Silikonfall:\u00a0<\/span><span class=\"property-desc line-limit-length\">Nej<\/span><\/li>\n<li class=\"product-prop line-limit-length\"><span class=\"property-title\">Temperaturreglering:\u00a0<\/span><span class=\"property-desc line-limit-length\">Nej<\/span><\/li>\n<li class=\"product-prop line-limit-length\"><span class=\"property-title\">Inbyggt eller Externt Batteri:\u00a0<\/span><span class=\"property-desc line-limit-length\">Extern<\/span><\/li>\n<li class=\"product-prop line-limit-length\"><span class=\"property-title\">Kortslutningsskydd funktion:\u00a0<\/span><span class=\"property-desc line-limit-length\">Nej<\/span><\/li>\n<li class=\"product-prop line-limit-length\"><span class=\"property-title\">\u00d6verhettningsskydd-funktion:\u00a0<\/span><span class=\"property-desc line-limit-length\">Nej<\/span><\/li>\n<li class=\"product-prop line-limit-length\"><span class=\"property-title\">L\u00e5gsp\u00e4nningsalarmfunktion:\u00a0<\/span><span class=\"property-desc line-limit-length\">Nej<\/span><\/li>\n<li class=\"product-prop line-limit-length\"><span class=\"property-title\">F\u00f6r\u00e5ngareidentifieringsfunktion:\u00a0<\/span><span class=\"property-desc line-limit-length\">Nej<\/span><\/li>\n<li class=\"product-prop line-limit-length\"><span class=\"property-title\">TCR-inst\u00e4llningsl\u00e4gen:\u00a0<\/span><span class=\"property-desc line-limit-length\">Nej<\/span><\/li>\n<li class=\"product-prop line-limit-length\"><span class=\"property-title\">Nominal kapacitet:\u00a0<\/span><span class=\"property-desc line-limit-length\">2300 mAh<\/span><\/li>\n<li class=\"product-prop line-limit-length\"><span class=\"property-title\">\u00d6vervakningsfunktion f\u00f6r r\u00f6kning: Nej\u00a0<\/span><span class=\"property-desc line-limit-length\">Siliconfodral: Nej<\/span><\/li>\n<li class=\"product-prop line-limit-length\"><span class=\"property-title\">Kompatibelt modell:\u00a0<\/span><span class=\"property-desc line-limit-length\">18650-batteri<\/span><\/li>\n<li class=\"product-prop line-limit-length\"><span class=\"property-title\">Temperaturreglering: Nej\u00a0<\/span><span class=\"property-desc line-limit-length\">Sob V2 Mod-kit<\/span><\/li>\n<li class=\"product-prop line-limit-length\"><span class=\"property-title\">Usb-laddare:\u00a0<\/span><span class=\"property-desc line-limit-length\">Nej<\/span><\/li>\n<li class=\"product-prop line-limit-length\"><span class=\"property-title\">Firmwareuppgradering:\u00a0<\/span><span class=\"property-desc line-limit-length\">Nej<\/span><\/li>\n<li class=\"product-prop line-limit-length\"><span class=\"property-title\">Sk\u00e4rm:\u00a0<\/span><span class=\"property-desc line-limit-length\">Nej<\/span><\/li>\n<li class=\"product-prop line-limit-length\"><span class=\"property-title\">Typ:\u00a0<\/span><span class=\"property-desc line-limit-length\">Mekanisk mod<\/span><\/li>\n<li class=\"product-prop line-limit-length\"><span class=\"property-title\">Varum\u00e4rkesnamn:\u00a0<\/span><span class=\"property-desc line-limit-length\">SUB TWO<\/span><\/li>\n<li class=\"product-prop line-limit-length\"><span class=\"property-title\">Kortslutningsskydd: Ja\u00a0<\/span><span class=\"property-desc line-limit-length\">CN (Ursprung)<\/span><\/li>\n<li class=\"product-prop line-limit-length\"><span class=\"property-title\">tr\u00e5d:\u00a0<\/span><span class=\"property-desc line-limit-length\">510<\/span><\/li>\n<li class=\"product-prop line-limit-length\"><span class=\"property-title\">mod-diameter:\u00a0<\/span><span class=\"property-desc line-limit-length\">25mm<\/span><\/li>\n<li class=\"product-prop line-limit-length\"><span class=\"property-title\">batteri:\u00a0<\/span><span class=\"property-desc line-limit-length\">single 18650-batteri<\/span><\/li>\n<li class=\"product-prop line-limit-length\"><span class=\"property-title\">RTA-typ:\u00a0<\/span><span class=\"property-desc line-limit-length\">zesu sub ohm rta<\/span><\/li>\n<li class=\"product-prop line-limit-length\"><span class=\"property-title\">Mod-typ:\u00a0<\/span><span class=\"property-desc line-limit-length\">Sob V2 mekanisk mod<\/span><\/li>\n<\/ul>\n<\/div>\n<div class=\"detailmodule_html\">\n<div class=\"detail-desc-decorate-richtext\">\n<div>\n<p style=\"text-align: center;\" align=\"center\"><span style=\"font-size: 22px;\"><strong id=\"tl_1\">Elektronisk cigarett sob v2 mech mod kit med zeus sub ohm rta 510-g\u00e4nga f\u00f6r 18650 batteri, f\u00f6r\u00e5ngare, e-cigaretter, vape pen kit<\/strong><\/span><\/p>\n<p style=\"text-align: left;\" align=\"left\">\n<div style=\"text-align: left; margin-top: 10px; margin-right: 10px; max-width: 945px; float: left;\" align=\"left\">\n<p><img decoding=\"async\" loading=\"lazy\" style=\"width: 800px;\" src=\"https:\/\/ae01.alicdn.com\/kf\/H992db65aaa4f40b685541ff8cd80baa2C.jpg?width=800&amp;height=800&amp;hash=1600\" width=\"800px\" \/><\/p>\n<\/div>\n<p><img decoding=\"async\" loading=\"lazy\" style=\"width: 800px;\" src=\"https:\/\/ae01.alicdn.com\/kf\/H1af221f6b7a74b0791d2a2d5f2add78bX.jpg?width=800&amp;height=800&amp;hash=1600\" width=\"800px\" \/><br \/>\n<img decoding=\"async\" loading=\"lazy\" src=\"https:\/\/ae01.alicdn.com\/kf\/S9c89dc36643d4816a1154db7f014f562e.jpg?width=800&amp;height=800&amp;hash=1600\" \/><img decoding=\"async\" loading=\"lazy\" src=\"https:\/\/ae01.alicdn.com\/kf\/Sfdc976997ac241259d25dccf83b293cdv.jpg?width=800&amp;height=800&amp;hash=1600\" \/><\/p>\n<p><img decoding=\"async\" loading=\"lazy\" style=\"width: 800px;\" src=\"https:\/\/ae01.alicdn.com\/kf\/H04d85ec765734c7d85c4cd010e9dac5bT.jpg?width=800&amp;height=800&amp;hash=1600\" width=\"800px\" \/><\/p>\n<p><img decoding=\"async\" loading=\"lazy\" style=\"width: 800px;\" src=\"https:\/\/ae01.alicdn.com\/kf\/H72457ca8c31f4ae4b9e0d0dcd799abb3y.jpg?width=800&amp;height=800&amp;hash=1600\" width=\"800px\" \/><\/p>\n<p><img decoding=\"async\" loading=\"lazy\" style=\"width: 800px;\" src=\"https:\/\/ae01.alicdn.com\/kf\/H6b51ebe78d0a499c97c5b4fe56733530s.jpg?width=800&amp;height=800&amp;hash=1600\" width=\"800px\" \/><\/p>\n<p><img decoding=\"async\" loading=\"lazy\" style=\"width: 800px;\" src=\"https:\/\/ae01.alicdn.com\/kf\/Hbd6e303c767742c3aebf148124b44d688.jpg?width=800&amp;height=800&amp;hash=1600\" width=\"800px\" \/><\/p>\n<div>\n<\/div>\n<\/div>\n<p>&nbsp;<\/p>\n<\/div>\n<\/div>","protected":false},"excerpt":{"rendered":"<p>&nbsp; Aussehen:\u00a0Zylindrische Form Kompatibler Akku:\u00a018650 \u00dcberwachung Funktion Von Rauchen Anzahl:\u00a0Nein Silikon Fall:\u00a0Nein Temperaturregelung:\u00a0Nein Eingebaute Oder Externe Batterie:\u00a0External Kurzschlussschutz Funktion:\u00a0Nein \u00dcberhitzungsschutz-funktion:\u00a0Nein Niederspannungsalarmfunktion:\u00a0Nein Zerst\u00e4uber Identifikation Funktion:\u00a0Nein TCR Einstellung Modi:\u00a0Nein Nominale Kapazit\u00e4t:\u00a02300 mAh Material:\u00a0Metall Compatible Model:\u00a018650 battery Modellnummer:\u00a0Sob V2 Mod kit Usb-ladeger\u00e4t:\u00a0Nein Firmware-upgrade:\u00a0Nein Display:\u00a0Nein Art:\u00a0Mechanische Mod Markenname:\u00a0SUB TWO Ursprung:\u00a0CN (Herkunft) thread:\u00a0510 mod diameter:\u00a025mm battery:\u00a0single 18650 battery RTA type:\u00a0zesu [&hellip;]<\/p>","protected":false},"featured_media":8004,"template":"","meta":{"inline_featured_image":false},"product_cat":[752,756,739,743,77],"product_tag":[],"tiered_pricing_type":"fixed","tiered_pricing_fixed_rules":[],"tiered_pricing_percentage_rules":[],"tiered_pricing_minimum":1,"_administrator_tiered_pricing_type":"fixed","_administrator_tiered_pricing_fixed_rules":[],"_editor_tiered_pricing_type":"fixed","_editor_tiered_pricing_fixed_rules":[],"_author_tiered_pricing_type":"fixed","_author_tiered_pricing_fixed_rules":[],"_contributor_tiered_pricing_type":"fixed","_contributor_tiered_pricing_fixed_rules":[],"_subscriber_tiered_pricing_type":"fixed","_subscriber_tiered_pricing_fixed_rules":[],"_customer_tiered_pricing_type":"fixed","_customer_tiered_pricing_fixed_rules":[],"_shop_manager_tiered_pricing_type":"fixed","_shop_manager_tiered_pricing_fixed_rules":[],"_wpseo_manager_tiered_pricing_type":"fixed","_wpseo_manager_tiered_pricing_fixed_rules":[],"_wpseo_editor_tiered_pricing_type":"fixed","_wpseo_editor_tiered_pricing_fixed_rules":[],"_wholesale_customer_tiered_pricing_type":"fixed","_wholesale_customer_tiered_pricing_fixed_rules":[],"_marketer_tiered_pricing_type":"fixed","_marketer_tiered_pricing_fixed_rules":[],"_sales_manager_tiered_pricing_type":"fixed","_sales_manager_tiered_pricing_fixed_rules":[],"_sales_rep_tiered_pricing_type":"fixed","_sales_rep_tiered_pricing_fixed_rules":[],"yoast_head":"<!-- This site is optimized with the Yoast SEO plugin v23.3 - https:\/\/yoast.com\/wordpress\/plugins\/seo\/ -->\n<title>Elektronische zigarette sob v2 mech mod kit mit zeus sub ohm rta 510 faden f\u00fcr 18650 batterie verdampfer e zigaretten vape pen kits | ElementVape.de<\/title>\n<meta name=\"description\" content=\"Wir bieten Elektronische zigarette sob v2 mech mod kit mit zeus sub ohm rta 510 faden f\u00fcr 18650 batterie verdampfer e zigaretten vape pen kits , Elementvape.de akzeptieren Gro\u00df-und Einzelhandel Bestellungen.\" \/>\n<meta name=\"robots\" content=\"index, follow, max-snippet:-1, max-image-preview:large, max-video-preview:-1\" \/>\n<link rel=\"canonical\" href=\"https:\/\/www.elementvape.de\/sv\/produkt\/elektronische-zigarette-sob-v2-mech-mod-kit\/\" \/>\n<meta property=\"og:locale\" content=\"sv_SE\" \/>\n<meta property=\"og:type\" content=\"article\" \/>\n<meta property=\"og:title\" content=\"Elektronische zigarette sob v2 mech mod kit mit zeus sub ohm rta 510 faden f\u00fcr 18650 batterie verdampfer e zigaretten vape pen kits | ElementVape.de\" \/>\n<meta property=\"og:description\" content=\"Wir bieten Elektronische zigarette sob v2 mech mod kit mit zeus sub ohm rta 510 faden f\u00fcr 18650 batterie verdampfer e zigaretten vape pen kits , Elementvape.de akzeptieren Gro\u00df-und Einzelhandel Bestellungen.\" \/>\n<meta property=\"og:url\" content=\"https:\/\/www.elementvape.de\/sv\/produkt\/elektronische-zigarette-sob-v2-mech-mod-kit\/\" \/>\n<meta property=\"og:site_name\" content=\"ElementVape.de\" \/>\n<meta property=\"article:modified_time\" content=\"2024-09-12T10:34:23+00:00\" \/>\n<meta property=\"og:image\" content=\"https:\/\/ae01.alicdn.com\/kf\/Sba5153f621c44d129e244133997d997a8\/Elektronische-zigarette-sob-v2-mech-mod-kit-mit-zeus-sub-ohm-rta-510-faden-f-r.jpg\" \/>\n\t<meta property=\"og:image:width\" content=\"800\" \/>\n\t<meta property=\"og:image:height\" content=\"800\" \/>\n\t<meta property=\"og:image:type\" content=\"image\/jpeg\" \/>\n<meta name=\"twitter:card\" content=\"summary_large_image\" \/>\n<meta name=\"twitter:label1\" content=\"Est. reading time\" \/>\n\t<meta name=\"twitter:data1\" content=\"3 minuter\" \/>\n<script type=\"application\/ld+json\" class=\"yoast-schema-graph\">{\"@context\":\"https:\/\/schema.org\",\"@graph\":[{\"@type\":\"WebPage\",\"@id\":\"https:\/\/www.elementvape.de\/produkt\/elektronische-zigarette-sob-v2-mech-mod-kit\/\",\"url\":\"https:\/\/www.elementvape.de\/produkt\/elektronische-zigarette-sob-v2-mech-mod-kit\/\",\"name\":\"Elektronische zigarette sob v2 mech mod kit mit zeus sub ohm rta 510 faden f\u00fcr 18650 batterie verdampfer e zigaretten vape pen kits | ElementVape.de\",\"isPartOf\":{\"@id\":\"https:\/\/www.elementvape.de\/#website\"},\"primaryImageOfPage\":{\"@id\":\"https:\/\/www.elementvape.de\/produkt\/elektronische-zigarette-sob-v2-mech-mod-kit\/#primaryimage\"},\"image\":{\"@id\":\"https:\/\/www.elementvape.de\/produkt\/elektronische-zigarette-sob-v2-mech-mod-kit\/#primaryimage\"},\"thumbnailUrl\":\"https:\/\/ae01.alicdn.com\/kf\/Sba5153f621c44d129e244133997d997a8\/Elektronische-zigarette-sob-v2-mech-mod-kit-mit-zeus-sub-ohm-rta-510-faden-f-r.jpg\",\"datePublished\":\"2024-04-20T05:48:04+00:00\",\"dateModified\":\"2024-09-12T10:34:23+00:00\",\"description\":\"Wir bieten Elektronische zigarette sob v2 mech mod kit mit zeus sub ohm rta 510 faden f\u00fcr 18650 batterie verdampfer e zigaretten vape pen kits , Elementvape.de akzeptieren Gro\u00df-und Einzelhandel Bestellungen.\",\"breadcrumb\":{\"@id\":\"https:\/\/www.elementvape.de\/produkt\/elektronische-zigarette-sob-v2-mech-mod-kit\/#breadcrumb\"},\"inLanguage\":\"sv-SE\",\"potentialAction\":[{\"@type\":\"ReadAction\",\"target\":[\"https:\/\/www.elementvape.de\/produkt\/elektronische-zigarette-sob-v2-mech-mod-kit\/\"]}]},{\"@type\":\"ImageObject\",\"inLanguage\":\"sv-SE\",\"@id\":\"https:\/\/www.elementvape.de\/produkt\/elektronische-zigarette-sob-v2-mech-mod-kit\/#primaryimage\",\"url\":\"https:\/\/ae01.alicdn.com\/kf\/Sba5153f621c44d129e244133997d997a8\/Elektronische-zigarette-sob-v2-mech-mod-kit-mit-zeus-sub-ohm-rta-510-faden-f-r.jpg\",\"contentUrl\":\"https:\/\/ae01.alicdn.com\/kf\/Sba5153f621c44d129e244133997d997a8\/Elektronische-zigarette-sob-v2-mech-mod-kit-mit-zeus-sub-ohm-rta-510-faden-f-r.jpg\",\"width\":800,\"height\":800},{\"@type\":\"BreadcrumbList\",\"@id\":\"https:\/\/www.elementvape.de\/produkt\/elektronische-zigarette-sob-v2-mech-mod-kit\/#breadcrumb\",\"itemListElement\":[{\"@type\":\"ListItem\",\"position\":1,\"name\":\"Home\",\"item\":\"https:\/\/www.elementvape.de\/\"},{\"@type\":\"ListItem\",\"position\":2,\"name\":\"Shop\",\"item\":\"https:\/\/www.elementvape.de\/shop\/\"},{\"@type\":\"ListItem\",\"position\":3,\"name\":\"Elektronische zigarette sob v2 mech mod kit mit zeus sub ohm rta 510 faden f\u00fcr 18650 batterie verdampfer e zigaretten vape pen kits\"}]},{\"@type\":\"WebSite\",\"@id\":\"https:\/\/www.elementvape.de\/#website\",\"url\":\"https:\/\/www.elementvape.de\/\",\"name\":\"ElementVape.de\",\"description\":\"\",\"publisher\":{\"@id\":\"https:\/\/www.elementvape.de\/#organization\"},\"potentialAction\":[{\"@type\":\"SearchAction\",\"target\":{\"@type\":\"EntryPoint\",\"urlTemplate\":\"https:\/\/www.elementvape.de\/?s={search_term_string}\"},\"query-input\":\"required name=search_term_string\"}],\"inLanguage\":\"sv-SE\"},{\"@type\":\"Organization\",\"@id\":\"https:\/\/www.elementvape.de\/#organization\",\"name\":\"ElementVape.DE\",\"url\":\"https:\/\/www.elementvape.de\/\",\"logo\":{\"@type\":\"ImageObject\",\"inLanguage\":\"sv-SE\",\"@id\":\"https:\/\/www.elementvape.de\/#\/schema\/logo\/image\/\",\"url\":\"https:\/\/www.elementvape.de\/wp-content\/uploads\/2024\/09\/cropped-1elementvape-3.png\",\"contentUrl\":\"https:\/\/www.elementvape.de\/wp-content\/uploads\/2024\/09\/cropped-1elementvape-3.png\",\"width\":285,\"height\":228,\"caption\":\"ElementVape.DE\"},\"image\":{\"@id\":\"https:\/\/www.elementvape.de\/#\/schema\/logo\/image\/\"}}]}<\/script>\n<!-- \/ Yoast SEO plugin. -->","yoast_head_json":{"title":"Elektronische zigarette sob v2 mech mod kit mit zeus sub ohm rta 510 faden f\u00fcr 18650 batterie verdampfer e zigaretten vape pen kits | ElementVape.de","description":"Wir bieten Elektronische zigarette sob v2 mech mod kit mit zeus sub ohm rta 510 faden f\u00fcr 18650 batterie verdampfer e zigaretten vape pen kits , Elementvape.de akzeptieren Gro\u00df-und Einzelhandel Bestellungen.","robots":{"index":"index","follow":"follow","max-snippet":"max-snippet:-1","max-image-preview":"max-image-preview:large","max-video-preview":"max-video-preview:-1"},"canonical":"https:\/\/www.elementvape.de\/sv\/produkt\/elektronische-zigarette-sob-v2-mech-mod-kit\/","og_locale":"sv_SE","og_type":"article","og_title":"Elektronische zigarette sob v2 mech mod kit mit zeus sub ohm rta 510 faden f\u00fcr 18650 batterie verdampfer e zigaretten vape pen kits | ElementVape.de","og_description":"Wir bieten Elektronische zigarette sob v2 mech mod kit mit zeus sub ohm rta 510 faden f\u00fcr 18650 batterie verdampfer e zigaretten vape pen kits , Elementvape.de akzeptieren Gro\u00df-und Einzelhandel Bestellungen.","og_url":"https:\/\/www.elementvape.de\/sv\/produkt\/elektronische-zigarette-sob-v2-mech-mod-kit\/","og_site_name":"ElementVape.de","article_modified_time":"2024-09-12T10:34:23+00:00","og_image":[{"width":800,"height":800,"url":"https:\/\/ae01.alicdn.com\/kf\/Sba5153f621c44d129e244133997d997a8\/Elektronische-zigarette-sob-v2-mech-mod-kit-mit-zeus-sub-ohm-rta-510-faden-f-r.jpg","type":"image\/jpeg"}],"twitter_card":"summary_large_image","twitter_misc":{"Est. reading time":"3 minuter"},"schema":{"@context":"https:\/\/schema.org","@graph":[{"@type":"WebPage","@id":"https:\/\/www.elementvape.de\/produkt\/elektronische-zigarette-sob-v2-mech-mod-kit\/","url":"https:\/\/www.elementvape.de\/produkt\/elektronische-zigarette-sob-v2-mech-mod-kit\/","name":"Elektronische zigarette sob v2 mech mod kit mit zeus sub ohm rta 510 faden f\u00fcr 18650 batterie verdampfer e zigaretten vape pen kits | ElementVape.de","isPartOf":{"@id":"https:\/\/www.elementvape.de\/#website"},"primaryImageOfPage":{"@id":"https:\/\/www.elementvape.de\/produkt\/elektronische-zigarette-sob-v2-mech-mod-kit\/#primaryimage"},"image":{"@id":"https:\/\/www.elementvape.de\/produkt\/elektronische-zigarette-sob-v2-mech-mod-kit\/#primaryimage"},"thumbnailUrl":"https:\/\/ae01.alicdn.com\/kf\/Sba5153f621c44d129e244133997d997a8\/Elektronische-zigarette-sob-v2-mech-mod-kit-mit-zeus-sub-ohm-rta-510-faden-f-r.jpg","datePublished":"2024-04-20T05:48:04+00:00","dateModified":"2024-09-12T10:34:23+00:00","description":"Wir bieten Elektronische zigarette sob v2 mech mod kit mit zeus sub ohm rta 510 faden f\u00fcr 18650 batterie verdampfer e zigaretten vape pen kits , Elementvape.de akzeptieren Gro\u00df-und Einzelhandel Bestellungen.","breadcrumb":{"@id":"https:\/\/www.elementvape.de\/produkt\/elektronische-zigarette-sob-v2-mech-mod-kit\/#breadcrumb"},"inLanguage":"sv-SE","potentialAction":[{"@type":"ReadAction","target":["https:\/\/www.elementvape.de\/produkt\/elektronische-zigarette-sob-v2-mech-mod-kit\/"]}]},{"@type":"ImageObject","inLanguage":"sv-SE","@id":"https:\/\/www.elementvape.de\/produkt\/elektronische-zigarette-sob-v2-mech-mod-kit\/#primaryimage","url":"https:\/\/ae01.alicdn.com\/kf\/Sba5153f621c44d129e244133997d997a8\/Elektronische-zigarette-sob-v2-mech-mod-kit-mit-zeus-sub-ohm-rta-510-faden-f-r.jpg","contentUrl":"https:\/\/ae01.alicdn.com\/kf\/Sba5153f621c44d129e244133997d997a8\/Elektronische-zigarette-sob-v2-mech-mod-kit-mit-zeus-sub-ohm-rta-510-faden-f-r.jpg","width":800,"height":800},{"@type":"BreadcrumbList","@id":"https:\/\/www.elementvape.de\/produkt\/elektronische-zigarette-sob-v2-mech-mod-kit\/#breadcrumb","itemListElement":[{"@type":"ListItem","position":1,"name":"Home","item":"https:\/\/www.elementvape.de\/"},{"@type":"ListItem","position":2,"name":"Shop","item":"https:\/\/www.elementvape.de\/shop\/"},{"@type":"ListItem","position":3,"name":"Elektronische zigarette sob v2 mech mod kit mit zeus sub ohm rta 510 faden f\u00fcr 18650 batterie verdampfer e zigaretten vape pen kits"}]},{"@type":"WebSite","@id":"https:\/\/www.elementvape.de\/#website","url":"https:\/\/www.elementvape.de\/","name":"ElementVape.de","description":"","publisher":{"@id":"https:\/\/www.elementvape.de\/#organization"},"potentialAction":[{"@type":"SearchAction","target":{"@type":"EntryPoint","urlTemplate":"https:\/\/www.elementvape.de\/?s={search_term_string}"},"query-input":"required name=search_term_string"}],"inLanguage":"sv-SE"},{"@type":"Organization","@id":"https:\/\/www.elementvape.de\/#organization","name":"ElementVape.DE","url":"https:\/\/www.elementvape.de\/","logo":{"@type":"ImageObject","inLanguage":"sv-SE","@id":"https:\/\/www.elementvape.de\/#\/schema\/logo\/image\/","url":"https:\/\/www.elementvape.de\/wp-content\/uploads\/2024\/09\/cropped-1elementvape-3.png","contentUrl":"https:\/\/www.elementvape.de\/wp-content\/uploads\/2024\/09\/cropped-1elementvape-3.png","width":285,"height":228,"caption":"ElementVape.DE"},"image":{"@id":"https:\/\/www.elementvape.de\/#\/schema\/logo\/image\/"}}]}},"_links":{"self":[{"href":"https:\/\/www.elementvape.de\/sv\/wp-json\/wp\/v2\/product\/8003"}],"collection":[{"href":"https:\/\/www.elementvape.de\/sv\/wp-json\/wp\/v2\/product"}],"about":[{"href":"https:\/\/www.elementvape.de\/sv\/wp-json\/wp\/v2\/types\/product"}],"wp:featuredmedia":[{"embeddable":true,"href":"https:\/\/www.elementvape.de\/sv\/wp-json\/wp\/v2\/media\/8004"}],"wp:attachment":[{"href":"https:\/\/www.elementvape.de\/sv\/wp-json\/wp\/v2\/media?parent=8003"}],"wp:term":[{"taxonomy":"product_cat","embeddable":true,"href":"https:\/\/www.elementvape.de\/sv\/wp-json\/wp\/v2\/product_cat?post=8003"},{"taxonomy":"product_tag","embeddable":true,"href":"https:\/\/www.elementvape.de\/sv\/wp-json\/wp\/v2\/product_tag?post=8003"}],"curies":[{"name":"wp","href":"https:\/\/api.w.org\/{rel}","templated":true}]}}