{"id":7611,"date":"2024-04-20T07:05:08","date_gmt":"2024-04-20T07:05:08","guid":{"rendered":"https:\/\/www.elementvape.de\/?post_type=product&#038;p=7611"},"modified":"2024-09-12T10:32:21","modified_gmt":"2024-09-12T10:32:21","slug":"voopoo-argus-p1-kit-aromazerstaeuber","status":"publish","type":"product","link":"https:\/\/www.elementvape.de\/sv\/produkt\/voopoo-argus-p1-kit-aromazerstaeuber\/","title":{"rendered":"Voopoo Argus P1 Kit Aromazerst\u00e4uber"},"content":{"rendered":"<p>&nbsp;<\/p>\n<div class=\"product-specs-list-container\">\n<ul class=\"product-specs-list util-clearfix\">\n<li class=\"product-prop line-limit-length\"><span class=\"property-title\">Utseende:\u00a0<\/span><span class=\"property-desc line-limit-length\">Boxform<\/span><\/li>\n<li class=\"product-prop line-limit-length\"><span class=\"property-title\">Kompatibel batteri:\u00a0<\/span><span class=\"property-desc line-limit-length\">Ingen<\/span><\/li>\n<li class=\"product-prop line-limit-length\"><span class=\"property-title\">\u00d6vervakningsfunktion f\u00f6r r\u00f6kning antal:\u00a0<\/span><span class=\"property-desc line-limit-length\">Nej<\/span><\/li>\n<li class=\"product-prop line-limit-length\"><span class=\"property-title\">Silikonfall:\u00a0<\/span><span class=\"property-desc line-limit-length\">Nej<\/span><\/li>\n<li class=\"product-prop line-limit-length\"><span class=\"property-title\">Temperaturreglering:\u00a0<\/span><span class=\"property-desc line-limit-length\">Nej<\/span><\/li>\n<li class=\"product-prop line-limit-length\"><span class=\"property-title\">Kortslutningsskydd funktion:\u00a0<\/span><span class=\"property-desc line-limit-length\">Nej<\/span><\/li>\n<li class=\"product-prop line-limit-length\"><span class=\"property-title\">\u00d6verhettningsskydd-funktion:\u00a0<\/span><span class=\"property-desc line-limit-length\">Ja<\/span><\/li>\n<li class=\"product-prop line-limit-length\"><span class=\"property-title\">L\u00e5gsp\u00e4nningsalarmfunktion:\u00a0<\/span><span class=\"property-desc line-limit-length\">Ja<\/span><\/li>\n<li class=\"product-prop line-limit-length\"><span class=\"property-title\">F\u00f6r\u00e5ngareidentifieringsfunktion:\u00a0<\/span><span class=\"property-desc line-limit-length\">Ja<\/span><\/li>\n<li class=\"product-prop line-limit-length\"><span class=\"property-title\">TCR-inst\u00e4llningsl\u00e4gen:\u00a0<\/span><span class=\"property-desc line-limit-length\">Nej<\/span><\/li>\n<li class=\"product-prop line-limit-length\"><span class=\"property-title\">Nominal kapacitet:\u00a0<\/span><span class=\"property-desc line-limit-length\">Ingen<\/span><\/li>\n<li class=\"product-prop line-limit-length\"><span class=\"property-title\">\u00d6vervakningsfunktion f\u00f6r r\u00f6kning: Nej\u00a0<\/span><span class=\"property-desc line-limit-length\">Siliconfodral: Nej<\/span><\/li>\n<li class=\"product-prop line-limit-length\"><span class=\"property-title\">Kompatibelt modell:\u00a0<\/span><span class=\"property-desc line-limit-length\">Elektronisk Cigaretter Vaporizator<\/span><\/li>\n<li class=\"product-prop line-limit-length\"><span class=\"property-title\">Temperaturreglering: Nej\u00a0<\/span><span class=\"property-desc line-limit-length\">VOOPOO Argus P1 Kit<\/span><\/li>\n<li class=\"product-prop line-limit-length\"><span class=\"property-title\">Usb-laddare:\u00a0<\/span><span class=\"property-desc line-limit-length\">Ja<\/span><\/li>\n<li class=\"product-prop line-limit-length\"><span class=\"property-title\">Firmwareuppgradering:\u00a0<\/span><span class=\"property-desc line-limit-length\">Nej<\/span><\/li>\n<li class=\"product-prop line-limit-length\"><span class=\"property-title\">Sk\u00e4rm:\u00a0<\/span><span class=\"property-desc line-limit-length\">Nej<\/span><\/li>\n<li class=\"product-prop line-limit-length\"><span class=\"property-title\">Typ:\u00a0<\/span><span class=\"property-desc line-limit-length\">Med batteri<\/span><\/li>\n<li class=\"product-prop line-limit-length\"><span class=\"property-title\">Varum\u00e4rkesnamn:\u00a0<\/span><span class=\"property-desc line-limit-length\">VOOPOO<\/span><\/li>\n<li class=\"product-prop line-limit-length\"><span class=\"property-title\">Kortslutningsskydd: Ja\u00a0<\/span><span class=\"property-desc line-limit-length\">CN (Ursprung)<\/span><\/li>\n<\/ul>\n<\/div>\n<div class=\"detailmodule_html\">\n<div class=\"detail-desc-decorate-richtext\">\n<div class=\"detailmodule_text\">\n<p id=\"tl_1\" class=\"detail-desc-decorate-title\" style=\"font-family: OpenSans; font-size: 20px; font-weight: 900; line-height: 28px; margin-bottom: 12px;\">Original Voopoo Argus P1 Kit 20W 800mAh Batteri Vape 2ml Argus Pod Patrone 0,7 Ohm\/1,2 Ohm Spole E-Cigarett dampare<\/p>\n<p id=\"tl_2\" class=\"detail-desc-decorate-content\" style=\"font-family: OpenSans; font-size: 14px; font-weight: 300; line-height: 20px; margin-bottom: 12px;\">Argus p1 kit tar en futuristisk mekanisk stil med halvmetall och halvt transparent utseende f\u00f6r att demonstrera robust och kr\u00e4vande sk\u00f6nhet. Den drivs av ett inbyggt 800mAh batteri med max 20W och Typ-C-laddning. Det st\u00f6der ocks\u00e5 15W PD snabb laddning f\u00f6r att uppn\u00e5 full laddning p\u00e5 18 minuter. Det \u00e4r v\u00e4rt att n\u00e4mna att 1,2\u03a9 f\u00f6r\u00e5ngningsspolen kan st\u00f6dja 2 timmars vaping efter 5 minuters laddning f\u00f6r varje drag varje minut. Utrustad med den intelligenta Gen. Ai 1,2-chip p\u00e5 den transparenta sidan kan Argus p1 automatiskt justera r\u00e4tt kraft f\u00f6r att spara energi och bevara batteriets livsl\u00e4ngd. Dessutom kan Ito-dampningsteknologin ge dig den ultimata smaken och \u00e5ngan. Den har ocks\u00e5 sidoluftjustering f\u00f6r t\u00e4t till l\u00f6s luftstr\u00f6m och 4-h\u00e5l luftintag f\u00f6r en sl\u00e4t smak. Argus p1 passar f\u00f6r Argus pod patrone 0,7\u03a9\/1,2\u03a9, Argus pod tom patrone och Voopoo Ito-spole. Den har en kapacitet p\u00e5 2ml, ett enkelt sidfyllningssystem och en patenterad l\u00e4ckages\u00e4ker design. Argus p1 har ocks\u00e5 ett avancerat ergonomiskt munstycke som passar perfekt till dina l\u00e4ppar. Skaffa den enkelt.<\/p>\n<\/div>\n<div class=\"detailmodule_text\">\n<p id=\"tl_3\" class=\"detail-desc-decorate-title\" style=\"font-family: OpenSans; font-size: 20px; font-weight: 900; line-height: 28px; margin-bottom: 12px;\">Parametrar:<\/p>\n<p id=\"tl_4\" class=\"detail-desc-decorate-content\" style=\"font-family: OpenSans; font-size: 14px; font-weight: 300; line-height: 20px; margin-bottom: 12px;\">Varum\u00e4rke: voopoo<br \/>\nProduktnamn: argus p1 kit<br \/>\nBatteri: inbyggt 800mAh batteri<br \/>\nUteffekt: 5-20W<br \/>\nUtg\u00e5ngssp\u00e4nning: 3,2-4,2 V<br \/>\nLaddningsmetod: Typ-C-laddning<br \/>\nLaddningsmetod: PD snabbladdning 15W<br \/>\nMotst\u00e5ndsomr\u00e5de: 0,5-3,0\u03a9<br \/>\nPod tom kapacitet: 2ml<br \/>\nFyllning: sidfyllning<br \/>\nLuftfl\u00f6de: justerbart luftfl\u00f6de<br \/>\nPassar f\u00f6r: voopoo argus pod patrone 0,7\u03a9\/1,2\u03a9<br \/>\nMaterial: Zinklegering + PC<br \/>\nProduktstorlek: 74,6*46,7*17,4mm<br \/>\nF\u00f6rpackningsstorlek: 103*103*40mm<br \/>\nKartongstorlek: 540*225*230mm (9,3 kg (\u00b1 0,4 kg), 50 stycken)<br \/>\nF\u00e4rg: svart, silver, r\u00f6d, gunmetal, gr\u00f6nt<\/p>\n<\/div>\n<div class=\"detailmodule_text\">\n<p id=\"tl_5\" class=\"detail-desc-decorate-title\" style=\"font-family: OpenSans; font-size: 20px; font-weight: 900; line-height: 28px; margin-bottom: 12px;\">Detaljer:<\/p>\n<p id=\"tl_6\" class=\"detail-desc-decorate-content\" style=\"font-family: OpenSans; font-size: 14px; font-weight: 300; line-height: 20px; margin-bottom: 12px;\">1. Futuristisk mekanisk stil, halvmeter och halvt transparent<br \/>\n2. inbyggt 800mAh batteri med 20W max och Typ-C-laddning<br \/>\n3. st\u00f6ds av snabbladdningsmetoden PD<br \/>\n4. Gen. Ai 1,2-chip &amp; AI-utg\u00e5ngsinst\u00e4llning<br \/>\n5. sidoluftjustering &amp; 4-h\u00e5lsluftintag<br \/>\n6. ito f\u00f6r\u00e5ngningsteknologi &amp; patenterad l\u00e4ckageskyddad design<br \/>\n7. avancerad ergonomisk munstycke f\u00f6r perfekt passform p\u00e5 dina l\u00e4ppar<br \/>\n8. kompatibel med Argus Pod-kapsel 0,7\u03a9\/1,2\u03a9<br \/>\n9. tom kapacitet 2ml, enkel sidfyllningssystem<br \/>\n10. av zinklegering + PC-material, h\u00e5llbar i anv\u00e4ndning<br \/>\n11. flera s\u00e4kerhetsskydd f\u00f6r att s\u00e4kerst\u00e4lla s\u00e4ker anv\u00e4ndning<\/p>\n<\/div>\n<div class=\"detailmodule_text\">\n<p id=\"tl_7\" class=\"detail-desc-decorate-title\" style=\"font-family: OpenSans; font-size: 20px; font-weight: 900; line-height: 28px; margin-bottom: 12px;\">Paketet inneh\u00e5ller:<\/p>\n<p id=\"tl_8\" class=\"detail-desc-decorate-content\" style=\"font-family: OpenSans; font-size: 14px; font-weight: 300; line-height: 20px; margin-bottom: 12px;\">1 * Voopoo Argus P1-enhet<br \/>\n1 * Voopoo Argus Pod-kapsel 0,7\u03a9<br \/>\n1 * Voopoo Argus Pod-kapsel 1,2\u03a9<br \/>\n1 * Typ-C-kabel<br \/>\n1 * Anv\u00e4ndarmanual<br \/>\nL\u00e5gsp\u00e4nningslarm: Ja<\/p>\n<\/div>\n<div class=\"detailmodule_image\"><img decoding=\"async\" loading=\"lazy\" class=\"detail-desc-decorate-image\" src=\"https:\/\/ae01.alicdn.com\/kf\/Sed1efa8abb024f419b12029d139efe890.jpg\" \/><br \/>\n<img decoding=\"async\" loading=\"lazy\" class=\"detail-desc-decorate-image\" src=\"https:\/\/ae01.alicdn.com\/kf\/S0c1487d884db4d0583b12618b1bed105q.jpg\" \/><br \/>\n<img decoding=\"async\" loading=\"lazy\" class=\"detail-desc-decorate-image\" src=\"https:\/\/ae01.alicdn.com\/kf\/Sa90ccfa5e64f44169b88e4bc301be5f22.jpg\" \/><br \/>\n<img decoding=\"async\" loading=\"lazy\" class=\"detail-desc-decorate-image\" src=\"https:\/\/ae01.alicdn.com\/kf\/S116118a193fa4c9394a78c6d74a6de307.jpg\" \/><br \/>\n<img decoding=\"async\" loading=\"lazy\" class=\"detail-desc-decorate-image\" src=\"https:\/\/ae01.alicdn.com\/kf\/S0103ac1922d34736963821b50b33e79aH.jpg\" \/><br \/>\n<img decoding=\"async\" loading=\"lazy\" class=\"detail-desc-decorate-image\" src=\"https:\/\/ae01.alicdn.com\/kf\/Sc93bdbdf920548a4b424e6816d874de3A.jpg\" \/><br \/>\n<img decoding=\"async\" loading=\"lazy\" class=\"detail-desc-decorate-image\" src=\"https:\/\/ae01.alicdn.com\/kf\/Sd79e485322e044259efa43ad20e1ed69B.jpg\" \/><br \/>\n<img decoding=\"async\" loading=\"lazy\" class=\"detail-desc-decorate-image\" src=\"https:\/\/ae01.alicdn.com\/kf\/S0fc79fe6d1314bd0baaf92940529e65bG.jpg\" \/><br \/>\n<img decoding=\"async\" loading=\"lazy\" class=\"detail-desc-decorate-image\" src=\"https:\/\/ae01.alicdn.com\/kf\/Sf8f2c56be84c44769aa12d8e4bb88dedR.jpg\" \/><br \/>\n<img decoding=\"async\" loading=\"lazy\" class=\"detail-desc-decorate-image\" src=\"https:\/\/ae01.alicdn.com\/kf\/Sf92ea93269854eafb90b1b70c9ce02f7J.jpg\" \/><\/div>\n<div class=\"detailmodule_image\"><img decoding=\"async\" loading=\"lazy\" class=\"detail-desc-decorate-image\" src=\"https:\/\/ae01.alicdn.com\/kf\/S8ef0f6b4a9804692abc297bbb26c5c8bT.jpg\" \/><br \/>\n<img decoding=\"async\" loading=\"lazy\" class=\"detail-desc-decorate-image\" src=\"https:\/\/ae01.alicdn.com\/kf\/S8246ff7c308c43038077b7d2bd8f89a6E.jpg\" \/><br \/>\n<img decoding=\"async\" loading=\"lazy\" class=\"detail-desc-decorate-image\" src=\"https:\/\/ae01.alicdn.com\/kf\/S0fe29fd38cbd4338be39672335e32e87Y.jpg\" \/><\/div>\n<p>&nbsp;<\/p>\n<\/div>\n<\/div>","protected":false},"excerpt":{"rendered":"<p>&nbsp; Aussehen:\u00a0Box Form Kompatibler Akku:\u00a0Kein \u00dcberwachung Funktion Von Rauchen Anzahl:\u00a0Nein Silikon Fall:\u00a0Nein Temperaturregelung:\u00a0Nein Kurzschlussschutz Funktion:\u00a0Nein \u00dcberhitzungsschutz-funktion:\u00a0Ja Niederspannungsalarmfunktion:\u00a0Ja Zerst\u00e4uber Identifikation Funktion:\u00a0Ja TCR Einstellung Modi:\u00a0Nein Nominale Kapazit\u00e4t:\u00a0Kein Material:\u00a0Metall Compatible Model:\u00a0Electronic Cigarette Vaporizer Modellnummer:\u00a0VOOPOO Argus P1 Kit Usb-ladeger\u00e4t:\u00a0Ja Firmware-upgrade:\u00a0Nein Display:\u00a0Nein Art:\u00a0Mit Batterie Markenname:\u00a0VOOPOO Ursprung:\u00a0CN (Herkunft) Original Voopoo Argus P1 Kit 20W 800mAh Batterie Vape 2ml Argus Pod Patrone [&hellip;]<\/p>","protected":false},"featured_media":7612,"template":"","meta":{"inline_featured_image":false},"product_cat":[78,750,737,736,749,76],"product_tag":[],"tiered_pricing_type":"fixed","tiered_pricing_fixed_rules":[],"tiered_pricing_percentage_rules":[],"tiered_pricing_minimum":1,"_administrator_tiered_pricing_type":"fixed","_administrator_tiered_pricing_fixed_rules":[],"_editor_tiered_pricing_type":"fixed","_editor_tiered_pricing_fixed_rules":[],"_author_tiered_pricing_type":"fixed","_author_tiered_pricing_fixed_rules":[],"_contributor_tiered_pricing_type":"fixed","_contributor_tiered_pricing_fixed_rules":[],"_subscriber_tiered_pricing_type":"fixed","_subscriber_tiered_pricing_fixed_rules":[],"_customer_tiered_pricing_type":"fixed","_customer_tiered_pricing_fixed_rules":[],"_shop_manager_tiered_pricing_type":"fixed","_shop_manager_tiered_pricing_fixed_rules":[],"_wpseo_manager_tiered_pricing_type":"fixed","_wpseo_manager_tiered_pricing_fixed_rules":[],"_wpseo_editor_tiered_pricing_type":"fixed","_wpseo_editor_tiered_pricing_fixed_rules":[],"_wholesale_customer_tiered_pricing_type":"fixed","_wholesale_customer_tiered_pricing_fixed_rules":[],"_marketer_tiered_pricing_type":"fixed","_marketer_tiered_pricing_fixed_rules":[],"_sales_manager_tiered_pricing_type":"fixed","_sales_manager_tiered_pricing_fixed_rules":[],"_sales_rep_tiered_pricing_type":"fixed","_sales_rep_tiered_pricing_fixed_rules":[],"yoast_head":"<!-- This site is optimized with the Yoast SEO plugin v23.3 - https:\/\/yoast.com\/wordpress\/plugins\/seo\/ -->\n<title>Voopoo Argus P1 Kit Aromazerst\u00e4uber | ElementVape.de<\/title>\n<meta name=\"description\" content=\"Wir bieten Voopoo Argus P1 Kit Aromazerst\u00e4uber , Elementvape.de akzeptieren Gro\u00df-und Einzelhandel Bestellungen.\" \/>\n<meta name=\"robots\" content=\"index, follow, max-snippet:-1, max-image-preview:large, max-video-preview:-1\" \/>\n<link rel=\"canonical\" href=\"https:\/\/www.elementvape.de\/sv\/produkt\/voopoo-argus-p1-kit-aromazerstaeuber\/\" \/>\n<meta property=\"og:locale\" content=\"sv_SE\" \/>\n<meta property=\"og:type\" content=\"article\" \/>\n<meta property=\"og:title\" content=\"Voopoo Argus P1 Kit Aromazerst\u00e4uber | ElementVape.de\" \/>\n<meta property=\"og:description\" content=\"Wir bieten Voopoo Argus P1 Kit Aromazerst\u00e4uber , Elementvape.de akzeptieren Gro\u00df-und Einzelhandel Bestellungen.\" \/>\n<meta property=\"og:url\" content=\"https:\/\/www.elementvape.de\/sv\/produkt\/voopoo-argus-p1-kit-aromazerstaeuber\/\" \/>\n<meta property=\"og:site_name\" content=\"ElementVape.de\" \/>\n<meta property=\"article:modified_time\" content=\"2024-09-12T10:32:21+00:00\" \/>\n<meta property=\"og:image\" content=\"https:\/\/ae01.alicdn.com\/kf\/Sa7c42d84ca2748ffbae83df45e1a89d27\/Original-Voopoo-Argus-P1-Kit-20W-800mAh-Batterie-Vape-2ml-Argus-Pod-Patrone-0-7-Ohm.jpg\" \/>\n\t<meta property=\"og:image:width\" content=\"800\" \/>\n\t<meta property=\"og:image:height\" content=\"800\" \/>\n\t<meta property=\"og:image:type\" content=\"image\/jpeg\" \/>\n<meta name=\"twitter:card\" content=\"summary_large_image\" \/>\n<meta name=\"twitter:label1\" content=\"Est. reading time\" \/>\n\t<meta name=\"twitter:data1\" content=\"6 minuter\" \/>\n<script type=\"application\/ld+json\" class=\"yoast-schema-graph\">{\"@context\":\"https:\/\/schema.org\",\"@graph\":[{\"@type\":\"WebPage\",\"@id\":\"https:\/\/www.elementvape.de\/produkt\/voopoo-argus-p1-kit-aromazerstaeuber\/\",\"url\":\"https:\/\/www.elementvape.de\/produkt\/voopoo-argus-p1-kit-aromazerstaeuber\/\",\"name\":\"Voopoo Argus P1 Kit Aromazerst\u00e4uber | ElementVape.de\",\"isPartOf\":{\"@id\":\"https:\/\/www.elementvape.de\/#website\"},\"primaryImageOfPage\":{\"@id\":\"https:\/\/www.elementvape.de\/produkt\/voopoo-argus-p1-kit-aromazerstaeuber\/#primaryimage\"},\"image\":{\"@id\":\"https:\/\/www.elementvape.de\/produkt\/voopoo-argus-p1-kit-aromazerstaeuber\/#primaryimage\"},\"thumbnailUrl\":\"https:\/\/ae01.alicdn.com\/kf\/Sa7c42d84ca2748ffbae83df45e1a89d27\/Original-Voopoo-Argus-P1-Kit-20W-800mAh-Batterie-Vape-2ml-Argus-Pod-Patrone-0-7-Ohm.jpg\",\"datePublished\":\"2024-04-20T07:05:08+00:00\",\"dateModified\":\"2024-09-12T10:32:21+00:00\",\"description\":\"Wir bieten Voopoo Argus P1 Kit Aromazerst\u00e4uber , Elementvape.de akzeptieren Gro\u00df-und Einzelhandel Bestellungen.\",\"breadcrumb\":{\"@id\":\"https:\/\/www.elementvape.de\/produkt\/voopoo-argus-p1-kit-aromazerstaeuber\/#breadcrumb\"},\"inLanguage\":\"sv-SE\",\"potentialAction\":[{\"@type\":\"ReadAction\",\"target\":[\"https:\/\/www.elementvape.de\/produkt\/voopoo-argus-p1-kit-aromazerstaeuber\/\"]}]},{\"@type\":\"ImageObject\",\"inLanguage\":\"sv-SE\",\"@id\":\"https:\/\/www.elementvape.de\/produkt\/voopoo-argus-p1-kit-aromazerstaeuber\/#primaryimage\",\"url\":\"https:\/\/ae01.alicdn.com\/kf\/Sa7c42d84ca2748ffbae83df45e1a89d27\/Original-Voopoo-Argus-P1-Kit-20W-800mAh-Batterie-Vape-2ml-Argus-Pod-Patrone-0-7-Ohm.jpg\",\"contentUrl\":\"https:\/\/ae01.alicdn.com\/kf\/Sa7c42d84ca2748ffbae83df45e1a89d27\/Original-Voopoo-Argus-P1-Kit-20W-800mAh-Batterie-Vape-2ml-Argus-Pod-Patrone-0-7-Ohm.jpg\",\"width\":800,\"height\":800},{\"@type\":\"BreadcrumbList\",\"@id\":\"https:\/\/www.elementvape.de\/produkt\/voopoo-argus-p1-kit-aromazerstaeuber\/#breadcrumb\",\"itemListElement\":[{\"@type\":\"ListItem\",\"position\":1,\"name\":\"Home\",\"item\":\"https:\/\/www.elementvape.de\/\"},{\"@type\":\"ListItem\",\"position\":2,\"name\":\"Shop\",\"item\":\"https:\/\/www.elementvape.de\/shop\/\"},{\"@type\":\"ListItem\",\"position\":3,\"name\":\"Voopoo Argus P1 Kit Aromazerst\u00e4uber\"}]},{\"@type\":\"WebSite\",\"@id\":\"https:\/\/www.elementvape.de\/#website\",\"url\":\"https:\/\/www.elementvape.de\/\",\"name\":\"ElementVape.de\",\"description\":\"\",\"publisher\":{\"@id\":\"https:\/\/www.elementvape.de\/#organization\"},\"potentialAction\":[{\"@type\":\"SearchAction\",\"target\":{\"@type\":\"EntryPoint\",\"urlTemplate\":\"https:\/\/www.elementvape.de\/?s={search_term_string}\"},\"query-input\":\"required name=search_term_string\"}],\"inLanguage\":\"sv-SE\"},{\"@type\":\"Organization\",\"@id\":\"https:\/\/www.elementvape.de\/#organization\",\"name\":\"ElementVape.DE\",\"url\":\"https:\/\/www.elementvape.de\/\",\"logo\":{\"@type\":\"ImageObject\",\"inLanguage\":\"sv-SE\",\"@id\":\"https:\/\/www.elementvape.de\/#\/schema\/logo\/image\/\",\"url\":\"https:\/\/www.elementvape.de\/wp-content\/uploads\/2024\/09\/cropped-1elementvape-3.png\",\"contentUrl\":\"https:\/\/www.elementvape.de\/wp-content\/uploads\/2024\/09\/cropped-1elementvape-3.png\",\"width\":285,\"height\":228,\"caption\":\"ElementVape.DE\"},\"image\":{\"@id\":\"https:\/\/www.elementvape.de\/#\/schema\/logo\/image\/\"}}]}<\/script>\n<!-- \/ Yoast SEO plugin. -->","yoast_head_json":{"title":"Voopoo Argus P1 Kit Aromazerst\u00e4uber | ElementVape.de","description":"Wir bieten Voopoo Argus P1 Kit Aromazerst\u00e4uber , Elementvape.de akzeptieren Gro\u00df-und Einzelhandel Bestellungen.","robots":{"index":"index","follow":"follow","max-snippet":"max-snippet:-1","max-image-preview":"max-image-preview:large","max-video-preview":"max-video-preview:-1"},"canonical":"https:\/\/www.elementvape.de\/sv\/produkt\/voopoo-argus-p1-kit-aromazerstaeuber\/","og_locale":"sv_SE","og_type":"article","og_title":"Voopoo Argus P1 Kit Aromazerst\u00e4uber | ElementVape.de","og_description":"Wir bieten Voopoo Argus P1 Kit Aromazerst\u00e4uber , Elementvape.de akzeptieren Gro\u00df-und Einzelhandel Bestellungen.","og_url":"https:\/\/www.elementvape.de\/sv\/produkt\/voopoo-argus-p1-kit-aromazerstaeuber\/","og_site_name":"ElementVape.de","article_modified_time":"2024-09-12T10:32:21+00:00","og_image":[{"width":800,"height":800,"url":"https:\/\/ae01.alicdn.com\/kf\/Sa7c42d84ca2748ffbae83df45e1a89d27\/Original-Voopoo-Argus-P1-Kit-20W-800mAh-Batterie-Vape-2ml-Argus-Pod-Patrone-0-7-Ohm.jpg","type":"image\/jpeg"}],"twitter_card":"summary_large_image","twitter_misc":{"Est. reading time":"6 minuter"},"schema":{"@context":"https:\/\/schema.org","@graph":[{"@type":"WebPage","@id":"https:\/\/www.elementvape.de\/produkt\/voopoo-argus-p1-kit-aromazerstaeuber\/","url":"https:\/\/www.elementvape.de\/produkt\/voopoo-argus-p1-kit-aromazerstaeuber\/","name":"Voopoo Argus P1 Kit Aromazerst\u00e4uber | ElementVape.de","isPartOf":{"@id":"https:\/\/www.elementvape.de\/#website"},"primaryImageOfPage":{"@id":"https:\/\/www.elementvape.de\/produkt\/voopoo-argus-p1-kit-aromazerstaeuber\/#primaryimage"},"image":{"@id":"https:\/\/www.elementvape.de\/produkt\/voopoo-argus-p1-kit-aromazerstaeuber\/#primaryimage"},"thumbnailUrl":"https:\/\/ae01.alicdn.com\/kf\/Sa7c42d84ca2748ffbae83df45e1a89d27\/Original-Voopoo-Argus-P1-Kit-20W-800mAh-Batterie-Vape-2ml-Argus-Pod-Patrone-0-7-Ohm.jpg","datePublished":"2024-04-20T07:05:08+00:00","dateModified":"2024-09-12T10:32:21+00:00","description":"Wir bieten Voopoo Argus P1 Kit Aromazerst\u00e4uber , Elementvape.de akzeptieren Gro\u00df-und Einzelhandel Bestellungen.","breadcrumb":{"@id":"https:\/\/www.elementvape.de\/produkt\/voopoo-argus-p1-kit-aromazerstaeuber\/#breadcrumb"},"inLanguage":"sv-SE","potentialAction":[{"@type":"ReadAction","target":["https:\/\/www.elementvape.de\/produkt\/voopoo-argus-p1-kit-aromazerstaeuber\/"]}]},{"@type":"ImageObject","inLanguage":"sv-SE","@id":"https:\/\/www.elementvape.de\/produkt\/voopoo-argus-p1-kit-aromazerstaeuber\/#primaryimage","url":"https:\/\/ae01.alicdn.com\/kf\/Sa7c42d84ca2748ffbae83df45e1a89d27\/Original-Voopoo-Argus-P1-Kit-20W-800mAh-Batterie-Vape-2ml-Argus-Pod-Patrone-0-7-Ohm.jpg","contentUrl":"https:\/\/ae01.alicdn.com\/kf\/Sa7c42d84ca2748ffbae83df45e1a89d27\/Original-Voopoo-Argus-P1-Kit-20W-800mAh-Batterie-Vape-2ml-Argus-Pod-Patrone-0-7-Ohm.jpg","width":800,"height":800},{"@type":"BreadcrumbList","@id":"https:\/\/www.elementvape.de\/produkt\/voopoo-argus-p1-kit-aromazerstaeuber\/#breadcrumb","itemListElement":[{"@type":"ListItem","position":1,"name":"Home","item":"https:\/\/www.elementvape.de\/"},{"@type":"ListItem","position":2,"name":"Shop","item":"https:\/\/www.elementvape.de\/shop\/"},{"@type":"ListItem","position":3,"name":"Voopoo Argus P1 Kit Aromazerst\u00e4uber"}]},{"@type":"WebSite","@id":"https:\/\/www.elementvape.de\/#website","url":"https:\/\/www.elementvape.de\/","name":"ElementVape.de","description":"","publisher":{"@id":"https:\/\/www.elementvape.de\/#organization"},"potentialAction":[{"@type":"SearchAction","target":{"@type":"EntryPoint","urlTemplate":"https:\/\/www.elementvape.de\/?s={search_term_string}"},"query-input":"required name=search_term_string"}],"inLanguage":"sv-SE"},{"@type":"Organization","@id":"https:\/\/www.elementvape.de\/#organization","name":"ElementVape.DE","url":"https:\/\/www.elementvape.de\/","logo":{"@type":"ImageObject","inLanguage":"sv-SE","@id":"https:\/\/www.elementvape.de\/#\/schema\/logo\/image\/","url":"https:\/\/www.elementvape.de\/wp-content\/uploads\/2024\/09\/cropped-1elementvape-3.png","contentUrl":"https:\/\/www.elementvape.de\/wp-content\/uploads\/2024\/09\/cropped-1elementvape-3.png","width":285,"height":228,"caption":"ElementVape.DE"},"image":{"@id":"https:\/\/www.elementvape.de\/#\/schema\/logo\/image\/"}}]}},"_links":{"self":[{"href":"https:\/\/www.elementvape.de\/sv\/wp-json\/wp\/v2\/product\/7611"}],"collection":[{"href":"https:\/\/www.elementvape.de\/sv\/wp-json\/wp\/v2\/product"}],"about":[{"href":"https:\/\/www.elementvape.de\/sv\/wp-json\/wp\/v2\/types\/product"}],"wp:featuredmedia":[{"embeddable":true,"href":"https:\/\/www.elementvape.de\/sv\/wp-json\/wp\/v2\/media\/7612"}],"wp:attachment":[{"href":"https:\/\/www.elementvape.de\/sv\/wp-json\/wp\/v2\/media?parent=7611"}],"wp:term":[{"taxonomy":"product_cat","embeddable":true,"href":"https:\/\/www.elementvape.de\/sv\/wp-json\/wp\/v2\/product_cat?post=7611"},{"taxonomy":"product_tag","embeddable":true,"href":"https:\/\/www.elementvape.de\/sv\/wp-json\/wp\/v2\/product_tag?post=7611"}],"curies":[{"name":"wp","href":"https:\/\/api.w.org\/{rel}","templated":true}]}}