{"id":6842,"date":"2024-04-20T03:48:34","date_gmt":"2024-04-20T03:48:34","guid":{"rendered":"https:\/\/www.elementvape.de\/?post_type=product&#038;p=6842"},"modified":"2024-12-12T06:37:33","modified_gmt":"2024-12-12T06:37:33","slug":"uwell-caliburn-g3-pod-kit-integrierter-spulen-patrone-e-zigaretten-verdampfer","status":"publish","type":"product","link":"https:\/\/www.elementvape.de\/sv\/produkt\/uwell-caliburn-g3-pod-kit-integrierter-spulen-patrone-e-zigaretten-verdampfer\/","title":{"rendered":"uwell caliburn g3 pod kit inbyggd spulenkapsel e-cigarettdampare"},"content":{"rendered":"<p>&nbsp;<\/p>\n<div class=\"product-specs-list-container\">\n<ul class=\"product-specs-list util-clearfix\">\n<li class=\"product-prop line-limit-length\"><span class=\"property-title\">Utseende:\u00a0<\/span><span class=\"property-desc line-limit-length\">Boxform<\/span><\/li>\n<li class=\"product-prop line-limit-length\"><span class=\"property-title\">Kompatibel batteri:\u00a0<\/span><span class=\"property-desc line-limit-length\">Ingen<\/span><\/li>\n<li class=\"product-prop line-limit-length\"><span class=\"property-title\">\u00d6vervakningsfunktion f\u00f6r r\u00f6kning antal:\u00a0<\/span><span class=\"property-desc line-limit-length\">Nej<\/span><\/li>\n<li class=\"product-prop line-limit-length\"><span class=\"property-title\">Silikonfall:\u00a0<\/span><span class=\"property-desc line-limit-length\">Nej<\/span><\/li>\n<li class=\"product-prop line-limit-length\"><span class=\"property-title\">Temperaturreglering:\u00a0<\/span><span class=\"property-desc line-limit-length\">Nej<\/span><\/li>\n<li class=\"product-prop line-limit-length\"><span class=\"property-title\">Inbyggt eller Externt Batteri:\u00a0<\/span><span class=\"property-desc line-limit-length\">Inbyggd<\/span><\/li>\n<li class=\"product-prop line-limit-length\"><span class=\"property-title\">Kortslutningsskydd funktion:\u00a0<\/span><span class=\"property-desc line-limit-length\">Ja<\/span><\/li>\n<li class=\"product-prop line-limit-length\"><span class=\"property-title\">\u00d6verhettningsskydd-funktion:\u00a0<\/span><span class=\"property-desc line-limit-length\">Ja<\/span><\/li>\n<li class=\"product-prop line-limit-length\"><span class=\"property-title\">L\u00e5gsp\u00e4nningsalarmfunktion:\u00a0<\/span><span class=\"property-desc line-limit-length\">Ja<\/span><\/li>\n<li class=\"product-prop line-limit-length\"><span class=\"property-title\">F\u00f6r\u00e5ngareidentifieringsfunktion:\u00a0<\/span><span class=\"property-desc line-limit-length\">Ja<\/span><\/li>\n<li class=\"product-prop line-limit-length\"><span class=\"property-title\">TCR-inst\u00e4llningsl\u00e4gen:\u00a0<\/span><span class=\"property-desc line-limit-length\">Nej<\/span><\/li>\n<li class=\"product-prop line-limit-length\"><span class=\"property-title\">Nominal kapacitet:\u00a0<\/span><span class=\"property-desc line-limit-length\">900 mAh<\/span><\/li>\n<li class=\"product-prop line-limit-length\"><span class=\"property-title\">\u00d6vervakningsfunktion f\u00f6r r\u00f6kning: Nej\u00a0<\/span><span class=\"property-desc line-limit-length\">Siliconfodral: Nej<\/span><\/li>\n<li class=\"product-prop line-limit-length\"><span class=\"property-title\">Kompatibelt modell:\u00a0<\/span><span class=\"property-desc line-limit-length\">Elektronisk cigarett vape pen<\/span><\/li>\n<li class=\"product-prop line-limit-length\"><span class=\"property-title\">Temperaturreglering: Nej\u00a0<\/span><span class=\"property-desc line-limit-length\">Uwell Caliburn G3 Pod Kit<\/span><\/li>\n<li class=\"product-prop line-limit-length\"><span class=\"property-title\">Usb-laddare:\u00a0<\/span><span class=\"property-desc line-limit-length\">Ja<\/span><\/li>\n<li class=\"product-prop line-limit-length\"><span class=\"property-title\">Firmwareuppgradering:\u00a0<\/span><span class=\"property-desc line-limit-length\">Nej<\/span><\/li>\n<li class=\"product-prop line-limit-length\"><span class=\"property-title\">Sk\u00e4rm:\u00a0<\/span><span class=\"property-desc line-limit-length\">Ja<\/span><\/li>\n<li class=\"product-prop line-limit-length\"><span class=\"property-title\">Typ:\u00a0<\/span><span class=\"property-desc line-limit-length\">Med batteri<\/span><\/li>\n<li class=\"product-prop line-limit-length\"><span class=\"property-title\">Varum\u00e4rkesnamn:\u00a0<\/span><span class=\"property-desc line-limit-length\">UWELL<\/span><\/li>\n<li class=\"product-prop line-limit-length\"><span class=\"property-title\">Kortslutningsskydd: Ja\u00a0<\/span><span class=\"property-desc line-limit-length\">CN (Ursprung)<\/span><\/li>\n<li class=\"product-prop line-limit-length\"><span class=\"property-title\">M\u00e5tt:\u00a0<\/span><span class=\"property-desc line-limit-length\">115,5 mm * 24 mm * 13,9 mm<\/span><\/li>\n<li class=\"product-prop line-limit-length\"><span class=\"property-title\">Material:\u00a0<\/span><span class=\"property-desc line-limit-length\">Kassett: PCTG \/ Enhet: Aluminiumlegering<\/span><\/li>\n<li class=\"product-prop line-limit-length\"><span class=\"property-title\">Tom kapacitet f\u00f6r pod:\u00a0<\/span><span class=\"property-desc line-limit-length\">2,5 ml<\/span><\/li>\n<li class=\"product-prop line-limit-length\"><span class=\"property-title\">Uteffekt:\u00a0<\/span><span class=\"property-desc line-limit-length\">25W<\/span><\/li>\n<\/ul>\n<\/div>\n<div class=\"detailmodule_html\">\n<div class=\"detail-desc-decorate-richtext\">\n<div class=\"detailmodule_text\">\n<p id=\"tl_1\" class=\"detail-desc-decorate-title\" style=\"font-family: OpenSans; font-size: 20px; font-weight: 900; line-height: 28px; margin-bottom: 12px;\">Original uwell caliburn g3 pod kit 25w vape 900mah batteri med 2ml inbyggd spolpatron elektronisk cigarett\u00e5ng<\/p>\n<\/div>\n<div class=\"detailmodule_text\">\n<p id=\"tl_2\" class=\"detail-desc-decorate-title\" style=\"font-family: OpenSans; font-size: 20px; font-weight: 900; line-height: 28px; margin-bottom: 12px;\">Introduktion<\/p>\n<p id=\"tl_3\" class=\"detail-desc-decorate-content\" style=\"font-family: OpenSans; font-size: 14px; font-weight: 300; line-height: 20px; margin-bottom: 12px;\">Caliburn g3 \u00e4r den f\u00f6rsta caliburn under g-serien som st\u00f6der 0,6 \u03a9, max. 25w effekt f\u00f6r RDL freebase-anv\u00e4ndare och l\u00f6sa MTL nikotinsalt-anv\u00e4ndare. Ett extra 0,9 \u03a9-alternativ finns f\u00f6r t\u00e4tare MTL nikotinsalt-anv\u00e4ndare. Den inbyggda spolpatronen skapar en luftt\u00e4t milj\u00f6 f\u00f6r f\u00f6rb\u00e4ttrad l\u00e4ckageh\u00e5llbarhet. Anv\u00e4ndare beh\u00f6ver inte st\u00e4ndigt byta spol eller oroa sig f\u00f6r l\u00e4ckande e-juice, vilket m\u00f6jligg\u00f6r l\u00e4ckagefritt, st\u00f6rningsfritt och problemfritt \u00e5ngande. Detta \u00e4r det f\u00f6rsta pod-systemet i Caliburn g-serien med en OLED-sk\u00e4rm. Caliburn g3 kommer nu med ett l\u00e5s f\u00f6r utl\u00f6sarknappen, auto-Draw p\u00e5 och b\u00e5da aktiverade. Caliburn g3 har nu \u00f6kad batterikapacitet till 900 mAh j\u00e4mf\u00f6rt med g2. Vi beh\u00e5ller fortfarande en trelagerskonstruktion f\u00f6r att maximera skyddet f\u00f6r alla interna komponenter.<\/p>\n<\/div>\n<div class=\"detailmodule_text\">\n<p id=\"tl_4\" class=\"detail-desc-decorate-title\" style=\"font-family: OpenSans; font-size: 20px; font-weight: 900; line-height: 28px; margin-bottom: 12px;\">Funktioner<\/p>\n<p id=\"tl_5\" class=\"detail-desc-decorate-content\" style=\"font-family: OpenSans; font-size: 14px; font-weight: 300; line-height: 20px; margin-bottom: 12px;\">1. dubbelt luftfl\u00f6dessystem<br \/>\nTom kapacitet f\u00f6r 2,2,5 ml patron<br \/>\n3. bred tydlig vy<br \/>\n4. snabbladdning<br \/>\n5. Pro-Focs aromteknologi<\/p>\n<\/div>\n<div class=\"detailmodule_text\">\n<p id=\"tl_6\" class=\"detail-desc-decorate-title\" style=\"font-family: OpenSans; font-size: 20px; font-weight: 900; line-height: 28px; margin-bottom: 12px;\">Specifikation<\/p>\n<p id=\"tl_7\" class=\"detail-desc-decorate-content\" style=\"font-family: OpenSans; font-size: 14px; font-weight: 300; line-height: 20px; margin-bottom: 12px;\">Material patron: PCTG | Enhet: Aluminiumlegering<br \/>\nM\u00e5tt: 115,5 mm * 24 mm * 13,9 mm<br \/>\nNettovikt: 47g<br \/>\nTom kapacitet: 2,5 ml (intern\/fda) | 2 ml (tpd)<br \/>\nUteffekt: maximalt 25 W<br \/>\nPatronspecifikationer (int.\/fda):<br \/>\nFecral mesh 0,6 \u03a9 Caliburn G3 inbyggda spolepatron (sidmatning)<br \/>\nFecral mesh 0,9 \u03a9 Caliburn G3 inbyggda spolepatron (sidmatning)<\/p>\n<\/div>\n<div class=\"detailmodule_text\">\n<p id=\"tl_8\" class=\"detail-desc-decorate-title\" style=\"font-family: OpenSans; font-size: 20px; font-weight: 900; line-height: 28px; margin-bottom: 12px;\">Paketlista<\/p>\n<p id=\"tl_9\" class=\"detail-desc-decorate-content\" style=\"font-family: OpenSans; font-size: 14px; font-weight: 300; line-height: 20px; margin-bottom: 12px;\">Caliburn G3-enhet x 1<br \/>\n0,6 Ohm Caliburn G3 inbyggda spolepatron (crc) x 1<br \/>\n0,9 Ohm Caliburn G3 inbyggda spolepatron (crc) x 1<br \/>\nTyp-C-laddkabel x 1<br \/>\nLanyard x 1<br \/>\nAnv\u00e4ndarmanual x 1<\/p>\n<\/div>\n<div class=\"detailmodule_image\"><img decoding=\"async\" loading=\"lazy\" class=\"detail-desc-decorate-image\" src=\"https:\/\/ae01.alicdn.com\/kf\/S3e344c679bec472e84f4b7f30e58f024N.jpg\" \/><br \/>\n<img decoding=\"async\" loading=\"lazy\" class=\"detail-desc-decorate-image\" src=\"https:\/\/ae01.alicdn.com\/kf\/S1ccf8a613f39427189884efbea4ac14dH.jpg\" \/><br \/>\n<img decoding=\"async\" loading=\"lazy\" class=\"detail-desc-decorate-image\" src=\"https:\/\/ae01.alicdn.com\/kf\/Sac1fa914729c43ab89ba1e379129d6c1d.jpg\" \/><br \/>\n<img decoding=\"async\" loading=\"lazy\" class=\"detail-desc-decorate-image\" src=\"https:\/\/ae01.alicdn.com\/kf\/S1f12568fb3a042b1916e804d01579a92G.jpg\" \/><br \/>\n<img decoding=\"async\" loading=\"lazy\" class=\"detail-desc-decorate-image\" src=\"https:\/\/ae01.alicdn.com\/kf\/Sfb6403ca0f3040e59bfa60bf54248a1fY.jpg\" \/><\/div>\n<p>&nbsp;<\/p>\n<\/div>\n<\/div>","protected":false},"excerpt":{"rendered":"<p>&nbsp; Aussehen:\u00a0Box Form Kompatibler Akku:\u00a0Kein \u00dcberwachung Funktion Von Rauchen Anzahl:\u00a0Nein Silikon Fall:\u00a0Nein Temperaturregelung:\u00a0Nein Eingebaute Oder Externe Batterie:\u00a0Eingebaute Kurzschlussschutz Funktion:\u00a0Ja \u00dcberhitzungsschutz-funktion:\u00a0Ja Niederspannungsalarmfunktion:\u00a0Ja Zerst\u00e4uber Identifikation Funktion:\u00a0Ja TCR Einstellung Modi:\u00a0Nein Nominale Kapazit\u00e4t:\u00a0900 mAh Material:\u00a0Metall Compatible Model:\u00a0Electronic Cigarette Vape Pen Modellnummer:\u00a0Uwell Caliburn G3 Pod Kit Usb-ladeger\u00e4t:\u00a0Ja Firmware-upgrade:\u00a0Nein Display:\u00a0Ja Art:\u00a0Mit Batterie Markenname:\u00a0UWELL Ursprung:\u00a0CN (Herkunft) Dimensions:\u00a0115.5 mm * 24 mm * [&hellip;]<\/p>","protected":false},"featured_media":6844,"template":"","meta":{"inline_featured_image":false},"product_cat":[752,756,739,743,76,79,81],"product_tag":[],"tiered_pricing_type":"fixed","tiered_pricing_fixed_rules":[],"tiered_pricing_percentage_rules":[],"tiered_pricing_minimum":1,"_administrator_tiered_pricing_type":"fixed","_administrator_tiered_pricing_fixed_rules":[],"_editor_tiered_pricing_type":"fixed","_editor_tiered_pricing_fixed_rules":[],"_author_tiered_pricing_type":"fixed","_author_tiered_pricing_fixed_rules":[],"_contributor_tiered_pricing_type":"fixed","_contributor_tiered_pricing_fixed_rules":[],"_subscriber_tiered_pricing_type":"fixed","_subscriber_tiered_pricing_fixed_rules":[],"_customer_tiered_pricing_type":"fixed","_customer_tiered_pricing_fixed_rules":[],"_shop_manager_tiered_pricing_type":"fixed","_shop_manager_tiered_pricing_fixed_rules":[],"_wpseo_manager_tiered_pricing_type":"fixed","_wpseo_manager_tiered_pricing_fixed_rules":[],"_wpseo_editor_tiered_pricing_type":"fixed","_wpseo_editor_tiered_pricing_fixed_rules":[],"_wholesale_customer_tiered_pricing_type":"fixed","_wholesale_customer_tiered_pricing_fixed_rules":[],"_marketer_tiered_pricing_type":"fixed","_marketer_tiered_pricing_fixed_rules":[],"_sales_manager_tiered_pricing_type":"fixed","_sales_manager_tiered_pricing_fixed_rules":[],"_sales_rep_tiered_pricing_type":"fixed","_sales_rep_tiered_pricing_fixed_rules":[],"yoast_head":"<!-- This site is optimized with the Yoast SEO plugin v23.3 - https:\/\/yoast.com\/wordpress\/plugins\/seo\/ -->\n<title>uwell caliburn g3 pod kit integrierter spulen patrone e zigaretten verdampfer | ElementVape.de<\/title>\n<meta name=\"description\" content=\"Wir bieten uwell caliburn g3 pod kit integrierter spulen patrone e zigaretten verdampfer , Elementvape.de akzeptieren Gro\u00df-und Einzelhandel Bestellungen.\" \/>\n<meta name=\"robots\" content=\"index, follow, max-snippet:-1, max-image-preview:large, max-video-preview:-1\" \/>\n<link rel=\"canonical\" href=\"https:\/\/www.elementvape.de\/sv\/produkt\/uwell-caliburn-g3-pod-kit-integrierter-spulen-patrone-e-zigaretten-verdampfer\/\" \/>\n<meta property=\"og:locale\" content=\"sv_SE\" \/>\n<meta property=\"og:type\" content=\"article\" \/>\n<meta property=\"og:title\" content=\"uwell caliburn g3 pod kit integrierter spulen patrone e zigaretten verdampfer | ElementVape.de\" \/>\n<meta property=\"og:description\" content=\"Wir bieten uwell caliburn g3 pod kit integrierter spulen patrone e zigaretten verdampfer , Elementvape.de akzeptieren Gro\u00df-und Einzelhandel Bestellungen.\" \/>\n<meta property=\"og:url\" content=\"https:\/\/www.elementvape.de\/sv\/produkt\/uwell-caliburn-g3-pod-kit-integrierter-spulen-patrone-e-zigaretten-verdampfer\/\" \/>\n<meta property=\"og:site_name\" content=\"ElementVape.de\" \/>\n<meta property=\"article:modified_time\" content=\"2024-12-12T06:37:33+00:00\" \/>\n<meta property=\"og:image\" content=\"https:\/\/ae01.alicdn.com\/kf\/Sc4e57aa713344c9da3dd351c52d62bf83\/Neue-Farbe-original-uwell-caliburn-g3-pod-kit-25w-vape-900mah-batterie-mit-2-5-ml.jpg\" \/>\n\t<meta property=\"og:image:width\" content=\"800\" \/>\n\t<meta property=\"og:image:height\" content=\"800\" \/>\n\t<meta property=\"og:image:type\" content=\"image\/jpeg\" \/>\n<meta name=\"twitter:card\" content=\"summary_large_image\" \/>\n<meta name=\"twitter:label1\" content=\"Est. reading time\" \/>\n\t<meta name=\"twitter:data1\" content=\"4 minuter\" \/>\n<script type=\"application\/ld+json\" class=\"yoast-schema-graph\">{\"@context\":\"https:\/\/schema.org\",\"@graph\":[{\"@type\":\"WebPage\",\"@id\":\"https:\/\/www.elementvape.de\/produkt\/uwell-caliburn-g3-pod-kit-integrierter-spulen-patrone-e-zigaretten-verdampfer\/\",\"url\":\"https:\/\/www.elementvape.de\/produkt\/uwell-caliburn-g3-pod-kit-integrierter-spulen-patrone-e-zigaretten-verdampfer\/\",\"name\":\"uwell caliburn g3 pod kit integrierter spulen patrone e zigaretten verdampfer | ElementVape.de\",\"isPartOf\":{\"@id\":\"https:\/\/www.elementvape.de\/#website\"},\"primaryImageOfPage\":{\"@id\":\"https:\/\/www.elementvape.de\/produkt\/uwell-caliburn-g3-pod-kit-integrierter-spulen-patrone-e-zigaretten-verdampfer\/#primaryimage\"},\"image\":{\"@id\":\"https:\/\/www.elementvape.de\/produkt\/uwell-caliburn-g3-pod-kit-integrierter-spulen-patrone-e-zigaretten-verdampfer\/#primaryimage\"},\"thumbnailUrl\":\"https:\/\/ae01.alicdn.com\/kf\/Sc4e57aa713344c9da3dd351c52d62bf83\/Neue-Farbe-original-uwell-caliburn-g3-pod-kit-25w-vape-900mah-batterie-mit-2-5-ml.jpg\",\"datePublished\":\"2024-04-20T03:48:34+00:00\",\"dateModified\":\"2024-12-12T06:37:33+00:00\",\"description\":\"Wir bieten uwell caliburn g3 pod kit integrierter spulen patrone e zigaretten verdampfer , Elementvape.de akzeptieren Gro\u00df-und Einzelhandel Bestellungen.\",\"breadcrumb\":{\"@id\":\"https:\/\/www.elementvape.de\/produkt\/uwell-caliburn-g3-pod-kit-integrierter-spulen-patrone-e-zigaretten-verdampfer\/#breadcrumb\"},\"inLanguage\":\"sv-SE\",\"potentialAction\":[{\"@type\":\"ReadAction\",\"target\":[\"https:\/\/www.elementvape.de\/produkt\/uwell-caliburn-g3-pod-kit-integrierter-spulen-patrone-e-zigaretten-verdampfer\/\"]}]},{\"@type\":\"ImageObject\",\"inLanguage\":\"sv-SE\",\"@id\":\"https:\/\/www.elementvape.de\/produkt\/uwell-caliburn-g3-pod-kit-integrierter-spulen-patrone-e-zigaretten-verdampfer\/#primaryimage\",\"url\":\"https:\/\/ae01.alicdn.com\/kf\/Sc4e57aa713344c9da3dd351c52d62bf83\/Neue-Farbe-original-uwell-caliburn-g3-pod-kit-25w-vape-900mah-batterie-mit-2-5-ml.jpg\",\"contentUrl\":\"https:\/\/ae01.alicdn.com\/kf\/Sc4e57aa713344c9da3dd351c52d62bf83\/Neue-Farbe-original-uwell-caliburn-g3-pod-kit-25w-vape-900mah-batterie-mit-2-5-ml.jpg\",\"width\":800,\"height\":800},{\"@type\":\"BreadcrumbList\",\"@id\":\"https:\/\/www.elementvape.de\/produkt\/uwell-caliburn-g3-pod-kit-integrierter-spulen-patrone-e-zigaretten-verdampfer\/#breadcrumb\",\"itemListElement\":[{\"@type\":\"ListItem\",\"position\":1,\"name\":\"Home\",\"item\":\"https:\/\/www.elementvape.de\/\"},{\"@type\":\"ListItem\",\"position\":2,\"name\":\"Shop\",\"item\":\"https:\/\/www.elementvape.de\/shop\/\"},{\"@type\":\"ListItem\",\"position\":3,\"name\":\"uwell caliburn g3 pod kit integrierter spulen patrone e zigaretten verdampfer\"}]},{\"@type\":\"WebSite\",\"@id\":\"https:\/\/www.elementvape.de\/#website\",\"url\":\"https:\/\/www.elementvape.de\/\",\"name\":\"ElementVape.de\",\"description\":\"\",\"publisher\":{\"@id\":\"https:\/\/www.elementvape.de\/#organization\"},\"potentialAction\":[{\"@type\":\"SearchAction\",\"target\":{\"@type\":\"EntryPoint\",\"urlTemplate\":\"https:\/\/www.elementvape.de\/?s={search_term_string}\"},\"query-input\":\"required name=search_term_string\"}],\"inLanguage\":\"sv-SE\"},{\"@type\":\"Organization\",\"@id\":\"https:\/\/www.elementvape.de\/#organization\",\"name\":\"ElementVape.DE\",\"url\":\"https:\/\/www.elementvape.de\/\",\"logo\":{\"@type\":\"ImageObject\",\"inLanguage\":\"sv-SE\",\"@id\":\"https:\/\/www.elementvape.de\/#\/schema\/logo\/image\/\",\"url\":\"https:\/\/www.elementvape.de\/wp-content\/uploads\/2024\/09\/cropped-1elementvape-3.png\",\"contentUrl\":\"https:\/\/www.elementvape.de\/wp-content\/uploads\/2024\/09\/cropped-1elementvape-3.png\",\"width\":285,\"height\":228,\"caption\":\"ElementVape.DE\"},\"image\":{\"@id\":\"https:\/\/www.elementvape.de\/#\/schema\/logo\/image\/\"}}]}<\/script>\n<!-- \/ Yoast SEO plugin. -->","yoast_head_json":{"title":"uwell caliburn g3 pod kit integrierter spulen patrone e zigaretten verdampfer | ElementVape.de","description":"Wir bieten uwell caliburn g3 pod kit integrierter spulen patrone e zigaretten verdampfer , Elementvape.de akzeptieren Gro\u00df-und Einzelhandel Bestellungen.","robots":{"index":"index","follow":"follow","max-snippet":"max-snippet:-1","max-image-preview":"max-image-preview:large","max-video-preview":"max-video-preview:-1"},"canonical":"https:\/\/www.elementvape.de\/sv\/produkt\/uwell-caliburn-g3-pod-kit-integrierter-spulen-patrone-e-zigaretten-verdampfer\/","og_locale":"sv_SE","og_type":"article","og_title":"uwell caliburn g3 pod kit integrierter spulen patrone e zigaretten verdampfer | ElementVape.de","og_description":"Wir bieten uwell caliburn g3 pod kit integrierter spulen patrone e zigaretten verdampfer , Elementvape.de akzeptieren Gro\u00df-und Einzelhandel Bestellungen.","og_url":"https:\/\/www.elementvape.de\/sv\/produkt\/uwell-caliburn-g3-pod-kit-integrierter-spulen-patrone-e-zigaretten-verdampfer\/","og_site_name":"ElementVape.de","article_modified_time":"2024-12-12T06:37:33+00:00","og_image":[{"width":800,"height":800,"url":"https:\/\/ae01.alicdn.com\/kf\/Sc4e57aa713344c9da3dd351c52d62bf83\/Neue-Farbe-original-uwell-caliburn-g3-pod-kit-25w-vape-900mah-batterie-mit-2-5-ml.jpg","type":"image\/jpeg"}],"twitter_card":"summary_large_image","twitter_misc":{"Est. reading time":"4 minuter"},"schema":{"@context":"https:\/\/schema.org","@graph":[{"@type":"WebPage","@id":"https:\/\/www.elementvape.de\/produkt\/uwell-caliburn-g3-pod-kit-integrierter-spulen-patrone-e-zigaretten-verdampfer\/","url":"https:\/\/www.elementvape.de\/produkt\/uwell-caliburn-g3-pod-kit-integrierter-spulen-patrone-e-zigaretten-verdampfer\/","name":"uwell caliburn g3 pod kit integrierter spulen patrone e zigaretten verdampfer | ElementVape.de","isPartOf":{"@id":"https:\/\/www.elementvape.de\/#website"},"primaryImageOfPage":{"@id":"https:\/\/www.elementvape.de\/produkt\/uwell-caliburn-g3-pod-kit-integrierter-spulen-patrone-e-zigaretten-verdampfer\/#primaryimage"},"image":{"@id":"https:\/\/www.elementvape.de\/produkt\/uwell-caliburn-g3-pod-kit-integrierter-spulen-patrone-e-zigaretten-verdampfer\/#primaryimage"},"thumbnailUrl":"https:\/\/ae01.alicdn.com\/kf\/Sc4e57aa713344c9da3dd351c52d62bf83\/Neue-Farbe-original-uwell-caliburn-g3-pod-kit-25w-vape-900mah-batterie-mit-2-5-ml.jpg","datePublished":"2024-04-20T03:48:34+00:00","dateModified":"2024-12-12T06:37:33+00:00","description":"Wir bieten uwell caliburn g3 pod kit integrierter spulen patrone e zigaretten verdampfer , Elementvape.de akzeptieren Gro\u00df-und Einzelhandel Bestellungen.","breadcrumb":{"@id":"https:\/\/www.elementvape.de\/produkt\/uwell-caliburn-g3-pod-kit-integrierter-spulen-patrone-e-zigaretten-verdampfer\/#breadcrumb"},"inLanguage":"sv-SE","potentialAction":[{"@type":"ReadAction","target":["https:\/\/www.elementvape.de\/produkt\/uwell-caliburn-g3-pod-kit-integrierter-spulen-patrone-e-zigaretten-verdampfer\/"]}]},{"@type":"ImageObject","inLanguage":"sv-SE","@id":"https:\/\/www.elementvape.de\/produkt\/uwell-caliburn-g3-pod-kit-integrierter-spulen-patrone-e-zigaretten-verdampfer\/#primaryimage","url":"https:\/\/ae01.alicdn.com\/kf\/Sc4e57aa713344c9da3dd351c52d62bf83\/Neue-Farbe-original-uwell-caliburn-g3-pod-kit-25w-vape-900mah-batterie-mit-2-5-ml.jpg","contentUrl":"https:\/\/ae01.alicdn.com\/kf\/Sc4e57aa713344c9da3dd351c52d62bf83\/Neue-Farbe-original-uwell-caliburn-g3-pod-kit-25w-vape-900mah-batterie-mit-2-5-ml.jpg","width":800,"height":800},{"@type":"BreadcrumbList","@id":"https:\/\/www.elementvape.de\/produkt\/uwell-caliburn-g3-pod-kit-integrierter-spulen-patrone-e-zigaretten-verdampfer\/#breadcrumb","itemListElement":[{"@type":"ListItem","position":1,"name":"Home","item":"https:\/\/www.elementvape.de\/"},{"@type":"ListItem","position":2,"name":"Shop","item":"https:\/\/www.elementvape.de\/shop\/"},{"@type":"ListItem","position":3,"name":"uwell caliburn g3 pod kit integrierter spulen patrone e zigaretten verdampfer"}]},{"@type":"WebSite","@id":"https:\/\/www.elementvape.de\/#website","url":"https:\/\/www.elementvape.de\/","name":"ElementVape.de","description":"","publisher":{"@id":"https:\/\/www.elementvape.de\/#organization"},"potentialAction":[{"@type":"SearchAction","target":{"@type":"EntryPoint","urlTemplate":"https:\/\/www.elementvape.de\/?s={search_term_string}"},"query-input":"required name=search_term_string"}],"inLanguage":"sv-SE"},{"@type":"Organization","@id":"https:\/\/www.elementvape.de\/#organization","name":"ElementVape.DE","url":"https:\/\/www.elementvape.de\/","logo":{"@type":"ImageObject","inLanguage":"sv-SE","@id":"https:\/\/www.elementvape.de\/#\/schema\/logo\/image\/","url":"https:\/\/www.elementvape.de\/wp-content\/uploads\/2024\/09\/cropped-1elementvape-3.png","contentUrl":"https:\/\/www.elementvape.de\/wp-content\/uploads\/2024\/09\/cropped-1elementvape-3.png","width":285,"height":228,"caption":"ElementVape.DE"},"image":{"@id":"https:\/\/www.elementvape.de\/#\/schema\/logo\/image\/"}}]}},"_links":{"self":[{"href":"https:\/\/www.elementvape.de\/sv\/wp-json\/wp\/v2\/product\/6842"}],"collection":[{"href":"https:\/\/www.elementvape.de\/sv\/wp-json\/wp\/v2\/product"}],"about":[{"href":"https:\/\/www.elementvape.de\/sv\/wp-json\/wp\/v2\/types\/product"}],"wp:featuredmedia":[{"embeddable":true,"href":"https:\/\/www.elementvape.de\/sv\/wp-json\/wp\/v2\/media\/6844"}],"wp:attachment":[{"href":"https:\/\/www.elementvape.de\/sv\/wp-json\/wp\/v2\/media?parent=6842"}],"wp:term":[{"taxonomy":"product_cat","embeddable":true,"href":"https:\/\/www.elementvape.de\/sv\/wp-json\/wp\/v2\/product_cat?post=6842"},{"taxonomy":"product_tag","embeddable":true,"href":"https:\/\/www.elementvape.de\/sv\/wp-json\/wp\/v2\/product_tag?post=6842"}],"curies":[{"name":"wp","href":"https:\/\/api.w.org\/{rel}","templated":true}]}}