{"id":14606,"date":"2024-09-24T07:45:57","date_gmt":"2024-09-24T07:45:57","guid":{"rendered":"https:\/\/www.elementvape.de\/?post_type=product&#038;p=14606"},"modified":"2024-10-09T07:26:12","modified_gmt":"2024-10-09T07:26:12","slug":"watermelon-ice-bang-tn12000-puffs-eine-einweg-e-zigarette-mit-12000-zuegen-die-die-frische-von-wassermelone-und-eis-kombiniert","status":"publish","type":"product","link":"https:\/\/www.elementvape.de\/sv\/produkt\/watermelon-ice-bang-tn12000-puffs-eine-einweg-e-zigarette-mit-12000-zuegen-die-die-frische-von-wassermelone-und-eis-kombiniert\/","title":{"rendered":"WATERMELON ICE BANG TN12000 PUFFS En eng\u00e5ngse-cigaret med 12000 drag som kombinerar fr\u00e4sch\u00f6ren av vattenmelon och is"},"content":{"rendered":"<h2>Vattenmelonsfr\u00e4schhet ren med WATERMELON ICE BANG TN12000 PUFFS<\/h2>\n<p>De WATERMELON ICE BANG TN12000 PUFFS <strong><a href=\"https:\/\/www.elementvape.de\/sv\/c\/einweg-zigarette\/\" target=\"_blank\" rel=\"noopener\">Eng\u00e5ngs-E-cigaretter<\/a><\/strong> erbjuder 12 000 drag av ren fr\u00e4schhet och intensiv smak. Med varje drag njuter du av saftig s\u00f6tma fr\u00e5n mogna vattenmeloner, ackompanjerad av en kylande touch av is. Denna fruktiga och uppfriskande upplevelse \u00e4r perfekt f\u00f6r varma dagar eller n\u00e4r du vill ha en svalkande k\u00e4nsla<\/p>\n<p><img loading=\"lazy\" decoding=\"async\" class=\"size-medium wp-image-14586 alignright\" src=\"https:\/\/www.elementvape.de\/wp-content\/uploads\/2024\/09\/mmexport1703904077212-300x186.png\" alt=\"\" width=\"300\" height=\"186\" srcset=\"https:\/\/www.elementvape.de\/wp-content\/uploads\/2024\/09\/mmexport1703904077212-300x186.png 300w, https:\/\/www.elementvape.de\/wp-content\/uploads\/2024\/09\/mmexport1703904077212-1024x636.png 1024w, https:\/\/www.elementvape.de\/wp-content\/uploads\/2024\/09\/mmexport1703904077212-768x477.png 768w, https:\/\/www.elementvape.de\/wp-content\/uploads\/2024\/09\/mmexport1703904077212-600x372.png 600w, https:\/\/www.elementvape.de\/wp-content\/uploads\/2024\/09\/mmexport1703904077212.png 1242w\" sizes=\"(max-width: 300px) 100vw, 300px\" \/><\/p>\n<p>att njuta av.<\/p>\n<p>Vattenmelonaromen i denna e-cigarettr tar sig p\u00e5 ett mjukt s\u00e4tt och rundas av med den isiga tonen, vilket ger en harmonisk och samtidigt uppiggande vaping-upplevelse. Oavsett om du \u00e4r nyb\u00f6rjare eller erfaren vapare \u2013 denna smakkombo kommer att imponera p\u00e5 dig.<\/p>\n<h3>Tekniska specifikationer f\u00f6r maximal prestanda<\/h3>\n<table>\n<thead>\n<tr>\n<th>Tekniska data<\/th>\n<th>Detaljer<\/th>\n<\/tr>\n<\/thead>\n<tbody>\n<tr>\n<td>Batteri<\/td>\n<td>650mAh (18250)<\/td>\n<\/tr>\n<tr>\n<td>E-Liquid-kapacitet<\/td>\n<td>22 ml<\/td>\n<\/tr>\n<tr>\n<td>Doser<\/td>\n<td>12.000<\/td>\n<\/tr>\n<tr>\n<td>Spolar<\/td>\n<td>1.0 Ohm Mesh-spole<\/td>\n<\/tr>\n<tr>\n<td>Laddningsanslutning<\/td>\n<td>Type-C<\/td>\n<\/tr>\n<tr>\n<td>N-halt<\/td>\n<td>2%, 5%<\/td>\n<\/tr>\n<tr>\n<td>Material<\/td>\n<td>PC<\/td>\n<\/tr>\n<tr>\n<td>F\u00f6rpackningsenhet<\/td>\n<td>1 kartong (10 stycken)<\/td>\n<\/tr>\n<\/tbody>\n<\/table>\n<p>De WATERMELON ICE BANG TN12000 PUFFS \u00e4r utrustad med ett 650mAh-batteri som ger tillr\u00e4cklig kapacitet f\u00f6r l\u00e5nga vapingtider. Med en 1.0 Ohm<\/p>\n<p><img loading=\"lazy\" decoding=\"async\" class=\"wp-image-14594\" src=\"https:\/\/www.elementvape.de\/wp-content\/uploads\/2024\/09\/Watermelon-Ice-9-300x222.jpg\" alt=\"Vattenmelon Is\" width=\"384\" height=\"284\" srcset=\"https:\/\/www.elementvape.de\/wp-content\/uploads\/2024\/09\/Watermelon-Ice-9-300x222.jpg 300w, https:\/\/www.elementvape.de\/wp-content\/uploads\/2024\/09\/Watermelon-Ice-9-1024x759.jpg 1024w, https:\/\/www.elementvape.de\/wp-content\/uploads\/2024\/09\/Watermelon-Ice-9-768x569.jpg 768w, https:\/\/www.elementvape.de\/wp-content\/uploads\/2024\/09\/Watermelon-Ice-9-1536x1139.jpg 1536w, https:\/\/www.elementvape.de\/wp-content\/uploads\/2024\/09\/Watermelon-Ice-9-2048x1518.jpg 2048w, https:\/\/www.elementvape.de\/wp-content\/uploads\/2024\/09\/Watermelon-Ice-9-600x445.jpg 600w\" sizes=\"(max-width: 384px) 100vw, 384px\" \/><\/p>\n<p>Mesh-spole garanterar att apparaten optimerar f\u00f6r\u00e5ngningen av 22ml E-liquid, vilket skapar t\u00e4ta och smakrika \u00e5ngor.<\/p>\n<p>&nbsp;<\/p>\n<p>Type-C laddningsporten g\u00f6r uppladdningen effektiv och bekv\u00e4m, s\u00e5 att du alltid \u00e4r redo att forts\u00e4tta din vaping-upplevelse. N-Gehaltets flexibilitet (2%, 5%) ger varje anv\u00e4ndare ett personligt val f\u00f6r att skapa sin egen vaping-upplevelse.<\/p>","protected":false},"excerpt":{"rendered":"<p>Wassermelonenfrische pur mit WATERMELON ICE BANG TN12000 PUFFS Die WATERMELON ICE BANG TN12000 PUFFS Einweg-E-Zigarette bietet 12.000 Z\u00fcge reiner Frische und intensiven Geschmacks. Mit jedem Zug genie\u00dfen Sie die saftige S\u00fc\u00dfe von reifen Wassermelonen, begleitet von einem k\u00fchlenden Hauch von Eis. Dieses fruchtig-erfrischende Erlebnis ist ideal f\u00fcr warme Tage oder wenn Sie eine wohltuende Abk\u00fchlung [&hellip;]<\/p>","protected":false},"featured_media":14594,"template":"","meta":{"inline_featured_image":false},"product_cat":[15,728,739,743,744,755,738,751],"product_tag":[710,673],"tiered_pricing_type":"fixed","tiered_pricing_fixed_rules":{"60":"6.58","110":"5.85","200":"5.12"},"tiered_pricing_percentage_rules":[],"tiered_pricing_minimum":1,"_administrator_tiered_pricing_type":"fixed","_administrator_tiered_pricing_fixed_rules":[],"_editor_tiered_pricing_type":"fixed","_editor_tiered_pricing_fixed_rules":[],"_author_tiered_pricing_type":"fixed","_author_tiered_pricing_fixed_rules":[],"_contributor_tiered_pricing_type":"fixed","_contributor_tiered_pricing_fixed_rules":[],"_subscriber_tiered_pricing_type":"fixed","_subscriber_tiered_pricing_fixed_rules":[],"_customer_tiered_pricing_type":"fixed","_customer_tiered_pricing_fixed_rules":[],"_shop_manager_tiered_pricing_type":"fixed","_shop_manager_tiered_pricing_fixed_rules":[],"_wpseo_manager_tiered_pricing_type":"fixed","_wpseo_manager_tiered_pricing_fixed_rules":[],"_wpseo_editor_tiered_pricing_type":"fixed","_wpseo_editor_tiered_pricing_fixed_rules":[],"_wholesale_customer_tiered_pricing_type":"fixed","_wholesale_customer_tiered_pricing_fixed_rules":[],"_marketer_tiered_pricing_type":"fixed","_marketer_tiered_pricing_fixed_rules":[],"_sales_manager_tiered_pricing_type":"fixed","_sales_manager_tiered_pricing_fixed_rules":[],"_sales_rep_tiered_pricing_type":"fixed","_sales_rep_tiered_pricing_fixed_rules":[],"yoast_head":"<!-- This site is optimized with the Yoast SEO plugin v23.3 - https:\/\/yoast.com\/wordpress\/plugins\/seo\/ -->\n<title>WATERMELON ICE BANG TN12000 PUFFS Eine Einweg-E-Zigarette mit 12000 Z\u00fcgen die die Frische von Wassermelone und Eis kombiniert | ElementVape.de<\/title>\n<meta name=\"description\" content=\"Wir bieten WATERMELON ICE BANG TN12000 PUFFS Eine Einweg-E-Zigarette mit 12000 Z\u00fcgen die die Frische von Wassermelone und Eis kombiniert , Elementvape.de akzeptieren Gro\u00df-und Einzelhandel Bestellungen.\" \/>\n<meta name=\"robots\" content=\"index, follow, max-snippet:-1, max-image-preview:large, max-video-preview:-1\" \/>\n<link rel=\"canonical\" href=\"https:\/\/www.elementvape.de\/sv\/produkt\/watermelon-ice-bang-tn12000-puffs-eine-einweg-e-zigarette-mit-12000-zuegen-die-die-frische-von-wassermelone-und-eis-kombiniert\/\" \/>\n<meta property=\"og:locale\" content=\"sv_SE\" \/>\n<meta property=\"og:type\" content=\"article\" \/>\n<meta property=\"og:title\" content=\"WATERMELON ICE BANG TN12000 PUFFS Eine Einweg-E-Zigarette mit 12000 Z\u00fcgen die die Frische von Wassermelone und Eis kombiniert | ElementVape.de\" \/>\n<meta property=\"og:description\" content=\"Wir bieten WATERMELON ICE BANG TN12000 PUFFS Eine Einweg-E-Zigarette mit 12000 Z\u00fcgen die die Frische von Wassermelone und Eis kombiniert , Elementvape.de akzeptieren Gro\u00df-und Einzelhandel Bestellungen.\" \/>\n<meta property=\"og:url\" content=\"https:\/\/www.elementvape.de\/sv\/produkt\/watermelon-ice-bang-tn12000-puffs-eine-einweg-e-zigarette-mit-12000-zuegen-die-die-frische-von-wassermelone-und-eis-kombiniert\/\" \/>\n<meta property=\"og:site_name\" content=\"ElementVape.de\" \/>\n<meta property=\"article:modified_time\" content=\"2024-10-09T07:26:12+00:00\" \/>\n<meta property=\"og:image\" content=\"https:\/\/www.elementvape.de\/wp-content\/uploads\/2024\/09\/Watermelon-Ice-9-scaled.jpg\" \/>\n\t<meta property=\"og:image:width\" content=\"2560\" \/>\n\t<meta property=\"og:image:height\" content=\"1898\" \/>\n\t<meta property=\"og:image:type\" content=\"image\/jpeg\" \/>\n<meta name=\"twitter:card\" content=\"summary_large_image\" \/>\n<meta name=\"twitter:label1\" content=\"Est. reading time\" \/>\n\t<meta name=\"twitter:data1\" content=\"2 minuter\" \/>\n<script type=\"application\/ld+json\" class=\"yoast-schema-graph\">{\"@context\":\"https:\/\/schema.org\",\"@graph\":[{\"@type\":\"WebPage\",\"@id\":\"https:\/\/www.elementvape.de\/produkt\/watermelon-ice-bang-tn12000-puffs-eine-einweg-e-zigarette-mit-12000-zuegen-die-die-frische-von-wassermelone-und-eis-kombiniert\/\",\"url\":\"https:\/\/www.elementvape.de\/produkt\/watermelon-ice-bang-tn12000-puffs-eine-einweg-e-zigarette-mit-12000-zuegen-die-die-frische-von-wassermelone-und-eis-kombiniert\/\",\"name\":\"WATERMELON ICE BANG TN12000 PUFFS Eine Einweg-E-Zigarette mit 12000 Z\u00fcgen die die Frische von Wassermelone und Eis kombiniert | ElementVape.de\",\"isPartOf\":{\"@id\":\"https:\/\/www.elementvape.de\/#website\"},\"primaryImageOfPage\":{\"@id\":\"https:\/\/www.elementvape.de\/produkt\/watermelon-ice-bang-tn12000-puffs-eine-einweg-e-zigarette-mit-12000-zuegen-die-die-frische-von-wassermelone-und-eis-kombiniert\/#primaryimage\"},\"image\":{\"@id\":\"https:\/\/www.elementvape.de\/produkt\/watermelon-ice-bang-tn12000-puffs-eine-einweg-e-zigarette-mit-12000-zuegen-die-die-frische-von-wassermelone-und-eis-kombiniert\/#primaryimage\"},\"thumbnailUrl\":\"https:\/\/www.elementvape.de\/wp-content\/uploads\/2024\/09\/Watermelon-Ice-9-scaled.jpg\",\"datePublished\":\"2024-09-24T07:45:57+00:00\",\"dateModified\":\"2024-10-09T07:26:12+00:00\",\"description\":\"Wir bieten WATERMELON ICE BANG TN12000 PUFFS Eine Einweg-E-Zigarette mit 12000 Z\u00fcgen die die Frische von Wassermelone und Eis kombiniert , Elementvape.de akzeptieren Gro\u00df-und Einzelhandel Bestellungen.\",\"breadcrumb\":{\"@id\":\"https:\/\/www.elementvape.de\/produkt\/watermelon-ice-bang-tn12000-puffs-eine-einweg-e-zigarette-mit-12000-zuegen-die-die-frische-von-wassermelone-und-eis-kombiniert\/#breadcrumb\"},\"inLanguage\":\"sv-SE\",\"potentialAction\":[{\"@type\":\"ReadAction\",\"target\":[\"https:\/\/www.elementvape.de\/produkt\/watermelon-ice-bang-tn12000-puffs-eine-einweg-e-zigarette-mit-12000-zuegen-die-die-frische-von-wassermelone-und-eis-kombiniert\/\"]}]},{\"@type\":\"ImageObject\",\"inLanguage\":\"sv-SE\",\"@id\":\"https:\/\/www.elementvape.de\/produkt\/watermelon-ice-bang-tn12000-puffs-eine-einweg-e-zigarette-mit-12000-zuegen-die-die-frische-von-wassermelone-und-eis-kombiniert\/#primaryimage\",\"url\":\"https:\/\/www.elementvape.de\/wp-content\/uploads\/2024\/09\/Watermelon-Ice-9-scaled.jpg\",\"contentUrl\":\"https:\/\/www.elementvape.de\/wp-content\/uploads\/2024\/09\/Watermelon-Ice-9-scaled.jpg\",\"width\":2560,\"height\":1898,\"caption\":\"Watermelon Ice\"},{\"@type\":\"BreadcrumbList\",\"@id\":\"https:\/\/www.elementvape.de\/produkt\/watermelon-ice-bang-tn12000-puffs-eine-einweg-e-zigarette-mit-12000-zuegen-die-die-frische-von-wassermelone-und-eis-kombiniert\/#breadcrumb\",\"itemListElement\":[{\"@type\":\"ListItem\",\"position\":1,\"name\":\"Home\",\"item\":\"https:\/\/www.elementvape.de\/\"},{\"@type\":\"ListItem\",\"position\":2,\"name\":\"Shop\",\"item\":\"https:\/\/www.elementvape.de\/shop\/\"},{\"@type\":\"ListItem\",\"position\":3,\"name\":\"WATERMELON ICE BANG TN12000 PUFFS Eine Einweg-E-Zigarette mit 12000 Z\u00fcgen die die Frische von Wassermelone und Eis kombiniert\"}]},{\"@type\":\"WebSite\",\"@id\":\"https:\/\/www.elementvape.de\/#website\",\"url\":\"https:\/\/www.elementvape.de\/\",\"name\":\"ElementVape.de\",\"description\":\"\",\"publisher\":{\"@id\":\"https:\/\/www.elementvape.de\/#organization\"},\"potentialAction\":[{\"@type\":\"SearchAction\",\"target\":{\"@type\":\"EntryPoint\",\"urlTemplate\":\"https:\/\/www.elementvape.de\/?s={search_term_string}\"},\"query-input\":\"required name=search_term_string\"}],\"inLanguage\":\"sv-SE\"},{\"@type\":\"Organization\",\"@id\":\"https:\/\/www.elementvape.de\/#organization\",\"name\":\"ElementVape.DE\",\"url\":\"https:\/\/www.elementvape.de\/\",\"logo\":{\"@type\":\"ImageObject\",\"inLanguage\":\"sv-SE\",\"@id\":\"https:\/\/www.elementvape.de\/#\/schema\/logo\/image\/\",\"url\":\"https:\/\/www.elementvape.de\/wp-content\/uploads\/2024\/09\/cropped-1elementvape-3.png\",\"contentUrl\":\"https:\/\/www.elementvape.de\/wp-content\/uploads\/2024\/09\/cropped-1elementvape-3.png\",\"width\":285,\"height\":228,\"caption\":\"ElementVape.DE\"},\"image\":{\"@id\":\"https:\/\/www.elementvape.de\/#\/schema\/logo\/image\/\"}}]}<\/script>\n<!-- \/ Yoast SEO plugin. -->","yoast_head_json":{"title":"WATERMELON ICE BANG TN12000 PUFFS Eine Einweg-E-Zigarette mit 12000 Z\u00fcgen die die Frische von Wassermelone und Eis kombiniert | ElementVape.de","description":"Wir bieten WATERMELON ICE BANG TN12000 PUFFS Eine Einweg-E-Zigarette mit 12000 Z\u00fcgen die die Frische von Wassermelone und Eis kombiniert , Elementvape.de akzeptieren Gro\u00df-und Einzelhandel Bestellungen.","robots":{"index":"index","follow":"follow","max-snippet":"max-snippet:-1","max-image-preview":"max-image-preview:large","max-video-preview":"max-video-preview:-1"},"canonical":"https:\/\/www.elementvape.de\/sv\/produkt\/watermelon-ice-bang-tn12000-puffs-eine-einweg-e-zigarette-mit-12000-zuegen-die-die-frische-von-wassermelone-und-eis-kombiniert\/","og_locale":"sv_SE","og_type":"article","og_title":"WATERMELON ICE BANG TN12000 PUFFS Eine Einweg-E-Zigarette mit 12000 Z\u00fcgen die die Frische von Wassermelone und Eis kombiniert | ElementVape.de","og_description":"Wir bieten WATERMELON ICE BANG TN12000 PUFFS Eine Einweg-E-Zigarette mit 12000 Z\u00fcgen die die Frische von Wassermelone und Eis kombiniert , Elementvape.de akzeptieren Gro\u00df-und Einzelhandel Bestellungen.","og_url":"https:\/\/www.elementvape.de\/sv\/produkt\/watermelon-ice-bang-tn12000-puffs-eine-einweg-e-zigarette-mit-12000-zuegen-die-die-frische-von-wassermelone-und-eis-kombiniert\/","og_site_name":"ElementVape.de","article_modified_time":"2024-10-09T07:26:12+00:00","og_image":[{"width":2560,"height":1898,"url":"https:\/\/www.elementvape.de\/wp-content\/uploads\/2024\/09\/Watermelon-Ice-9-scaled.jpg","type":"image\/jpeg"}],"twitter_card":"summary_large_image","twitter_misc":{"Est. reading time":"2 minuter"},"schema":{"@context":"https:\/\/schema.org","@graph":[{"@type":"WebPage","@id":"https:\/\/www.elementvape.de\/produkt\/watermelon-ice-bang-tn12000-puffs-eine-einweg-e-zigarette-mit-12000-zuegen-die-die-frische-von-wassermelone-und-eis-kombiniert\/","url":"https:\/\/www.elementvape.de\/produkt\/watermelon-ice-bang-tn12000-puffs-eine-einweg-e-zigarette-mit-12000-zuegen-die-die-frische-von-wassermelone-und-eis-kombiniert\/","name":"WATERMELON ICE BANG TN12000 PUFFS Eine Einweg-E-Zigarette mit 12000 Z\u00fcgen die die Frische von Wassermelone und Eis kombiniert | ElementVape.de","isPartOf":{"@id":"https:\/\/www.elementvape.de\/#website"},"primaryImageOfPage":{"@id":"https:\/\/www.elementvape.de\/produkt\/watermelon-ice-bang-tn12000-puffs-eine-einweg-e-zigarette-mit-12000-zuegen-die-die-frische-von-wassermelone-und-eis-kombiniert\/#primaryimage"},"image":{"@id":"https:\/\/www.elementvape.de\/produkt\/watermelon-ice-bang-tn12000-puffs-eine-einweg-e-zigarette-mit-12000-zuegen-die-die-frische-von-wassermelone-und-eis-kombiniert\/#primaryimage"},"thumbnailUrl":"https:\/\/www.elementvape.de\/wp-content\/uploads\/2024\/09\/Watermelon-Ice-9-scaled.jpg","datePublished":"2024-09-24T07:45:57+00:00","dateModified":"2024-10-09T07:26:12+00:00","description":"Wir bieten WATERMELON ICE BANG TN12000 PUFFS Eine Einweg-E-Zigarette mit 12000 Z\u00fcgen die die Frische von Wassermelone und Eis kombiniert , Elementvape.de akzeptieren Gro\u00df-und Einzelhandel Bestellungen.","breadcrumb":{"@id":"https:\/\/www.elementvape.de\/produkt\/watermelon-ice-bang-tn12000-puffs-eine-einweg-e-zigarette-mit-12000-zuegen-die-die-frische-von-wassermelone-und-eis-kombiniert\/#breadcrumb"},"inLanguage":"sv-SE","potentialAction":[{"@type":"ReadAction","target":["https:\/\/www.elementvape.de\/produkt\/watermelon-ice-bang-tn12000-puffs-eine-einweg-e-zigarette-mit-12000-zuegen-die-die-frische-von-wassermelone-und-eis-kombiniert\/"]}]},{"@type":"ImageObject","inLanguage":"sv-SE","@id":"https:\/\/www.elementvape.de\/produkt\/watermelon-ice-bang-tn12000-puffs-eine-einweg-e-zigarette-mit-12000-zuegen-die-die-frische-von-wassermelone-und-eis-kombiniert\/#primaryimage","url":"https:\/\/www.elementvape.de\/wp-content\/uploads\/2024\/09\/Watermelon-Ice-9-scaled.jpg","contentUrl":"https:\/\/www.elementvape.de\/wp-content\/uploads\/2024\/09\/Watermelon-Ice-9-scaled.jpg","width":2560,"height":1898,"caption":"Watermelon Ice"},{"@type":"BreadcrumbList","@id":"https:\/\/www.elementvape.de\/produkt\/watermelon-ice-bang-tn12000-puffs-eine-einweg-e-zigarette-mit-12000-zuegen-die-die-frische-von-wassermelone-und-eis-kombiniert\/#breadcrumb","itemListElement":[{"@type":"ListItem","position":1,"name":"Home","item":"https:\/\/www.elementvape.de\/"},{"@type":"ListItem","position":2,"name":"Shop","item":"https:\/\/www.elementvape.de\/shop\/"},{"@type":"ListItem","position":3,"name":"WATERMELON ICE BANG TN12000 PUFFS Eine Einweg-E-Zigarette mit 12000 Z\u00fcgen die die Frische von Wassermelone und Eis kombiniert"}]},{"@type":"WebSite","@id":"https:\/\/www.elementvape.de\/#website","url":"https:\/\/www.elementvape.de\/","name":"ElementVape.de","description":"","publisher":{"@id":"https:\/\/www.elementvape.de\/#organization"},"potentialAction":[{"@type":"SearchAction","target":{"@type":"EntryPoint","urlTemplate":"https:\/\/www.elementvape.de\/?s={search_term_string}"},"query-input":"required name=search_term_string"}],"inLanguage":"sv-SE"},{"@type":"Organization","@id":"https:\/\/www.elementvape.de\/#organization","name":"ElementVape.DE","url":"https:\/\/www.elementvape.de\/","logo":{"@type":"ImageObject","inLanguage":"sv-SE","@id":"https:\/\/www.elementvape.de\/#\/schema\/logo\/image\/","url":"https:\/\/www.elementvape.de\/wp-content\/uploads\/2024\/09\/cropped-1elementvape-3.png","contentUrl":"https:\/\/www.elementvape.de\/wp-content\/uploads\/2024\/09\/cropped-1elementvape-3.png","width":285,"height":228,"caption":"ElementVape.DE"},"image":{"@id":"https:\/\/www.elementvape.de\/#\/schema\/logo\/image\/"}}]}},"_links":{"self":[{"href":"https:\/\/www.elementvape.de\/sv\/wp-json\/wp\/v2\/product\/14606"}],"collection":[{"href":"https:\/\/www.elementvape.de\/sv\/wp-json\/wp\/v2\/product"}],"about":[{"href":"https:\/\/www.elementvape.de\/sv\/wp-json\/wp\/v2\/types\/product"}],"wp:featuredmedia":[{"embeddable":true,"href":"https:\/\/www.elementvape.de\/sv\/wp-json\/wp\/v2\/media\/14594"}],"wp:attachment":[{"href":"https:\/\/www.elementvape.de\/sv\/wp-json\/wp\/v2\/media?parent=14606"}],"wp:term":[{"taxonomy":"product_cat","embeddable":true,"href":"https:\/\/www.elementvape.de\/sv\/wp-json\/wp\/v2\/product_cat?post=14606"},{"taxonomy":"product_tag","embeddable":true,"href":"https:\/\/www.elementvape.de\/sv\/wp-json\/wp\/v2\/product_tag?post=14606"}],"curies":[{"name":"wp","href":"https:\/\/api.w.org\/{rel}","templated":true}]}}