{"id":14130,"date":"2024-09-05T02:57:07","date_gmt":"2024-09-05T02:57:07","guid":{"rendered":"https:\/\/www.elementvape.de\/?post_type=product&#038;p=14130"},"modified":"2024-10-15T02:46:47","modified_gmt":"2024-10-15T02:46:47","slug":"bang-box-12000-puff-e-zigarette-hochwertige-einweg-e-zigaretten-mit-frischem-strawberry-juice-geschmack-fuer-12000-puffs-anhaltenden-dampfgenuss","status":"publish","type":"product","link":"https:\/\/www.elementvape.de\/sv\/produkt\/bang-box-12000-puff-e-zigarette-hochwertige-einweg-e-zigaretten-mit-frischem-strawberry-juice-geschmack-fuer-12000-puffs-anhaltenden-dampfgenuss\/","title":{"rendered":"Bang Box 12000 Puff E- Cigaretter h\u00f6gkvalitativa eng\u00e5ngs-E- Cigaretter med fr\u00e4sch Strawberry Juice-smak f\u00f6r 12000 puffar varaktig \u00e5ngnjutning"},"content":{"rendered":"<h2>Bang Box 12000 Puff E-cigarette H\u00f6gkvalitativ njutning med f\u00e4rsk jordgubbsjuice<\/h2>\n<p>Bang Box 12000 Puff E-cigaretter erbjuder en f\u00f6rstklassig \u00e5ngupplevelse som f\u00f6renar modern teknik och uppfriskande jordgubbsjuice-smak i en enda enhet. Med en enast\u00e5ende kapacitet p\u00e5 12000 bloss \u00e4r denna <strong><a href=\"https:\/\/www.elementvape.de\/sv\/c\/einweg-zigarette\/\" target=\"_blank\" rel=\"noopener\">Eng\u00e5ngs-E-cigaretter<\/a><\/strong> Det perfekta valet f\u00f6r alla som s\u00f6ker en l\u00e5ngvarig njutning. Oavsett om du \u00e4r p\u00e5 spr\u00e5ng eller kopplar av hemma, erbjuder Bang Box dig en p\u00e5litlig prestanda och ett distinkt smak. I f\u00f6ljande avsnitt tittar vi n\u00e4rmare p\u00e5 de framst\u00e5ende egenskaperna hos denna h\u00f6gkvalitativa e-cigaretter.<\/p>\n<h3>L\u00e5ngvarig \u00e5ngupplevelse med 12000 puffar<\/h3>\n<p>H\u00f6gpresterande batteri f\u00f6r maximal njutning Bang Box 12000 Puff E-cigaret \u00e4r utrustad med ett kraftfullt 650mAh batteri som enkelt m\u00f6jligg\u00f6r 12000 drag. Detta batteri erbjuder en anm\u00e4rkningsv\u00e4rt l\u00e5ng anv\u00e4ndningstid, s\u00e5 att apparaten kan anv\u00e4ndas i flera dagar eller till och med veckor innan den beh\u00f6ver laddas. Detta g\u00f6r den s\u00e4rskilt attraktiv f\u00f6r frekventa anv\u00e4ndare som v\u00e4rdes\u00e4tter l\u00e5ngvarig njutning utan att beh\u00f6va oroa sig f\u00f6r frekvent laddning.<\/p>\n<p>Enkel uppladdning via Type-C-port. En annan framst\u00e5ende egenskap hos Bang Box \u00e4r Type-C-laddningsporten, som m\u00f6jligg\u00f6r snabb och effektiv laddning. Till skillnad fr\u00e5n vanliga eng\u00e5ngs e-cigaretter, som m\u00e5ste kasseras efter anv\u00e4ndning, kan du enkelt ladda denna modell och anv\u00e4nda den igen. Det sparar inte bara pengar utan \u00e4r ocks\u00e5 skonsamt f\u00f6r milj\u00f6n eftersom mindre avfall uppst\u00e5r. Genom Type-C-anslutningen blir laddningen dessutom mycket enkel och flexibel.<\/p>\n<h3>F\u00e4rsk smak av jordgubbssaft<\/h3>\n<p>Intensiv och s\u00f6t jordgubbssmak. Smaken av Strawberry Juice i Bang Box 12000 Puff E-cigaretter erbjuder en fruktig och uppfriskande upplevelse vid varje drag. Den intensiva jordgubbssmaken \u00e4r perfekt f\u00f6r alla som f\u00f6redrar s\u00f6ta smaker utan att verka p\u00e5tr\u00e4ngande. Varje inhalation frig\u00f6r den fulla, naturliga smaken som ger ett varaktigt n\u00f6je och f\u00f6rblir fr\u00e4sch l\u00e4nge.<\/p>\n<p>Best\u00e4ndig smakkvalitet \u00e4nda till sista draget Tack vare den h\u00f6gkvalitativa 0,8 ohm Mesh-spolen f\u00f6r\u00e5ngas smaken j\u00e4mnt och intensivt, vilket ger en konstant behaglig smakupplevelse. Oavsett om du njuter av de f\u00f6rsta eller de sista dragen f\u00f6rblir jordgubbssmaken of\u00f6r\u00e4ndrat uts\u00f6kt. Den avancerade spolteknologin s\u00e4kerst\u00e4ller dessutom att smaken inte f\u00f6rvanskas av \u00f6verhettning, s\u00e5 att du varje g\u00e5ng kan njuta av full smak.<\/p>\n<h3>Anv\u00e4ndarv\u00e4nlighet och hantering<\/h3>\n<p>Kompakt och l\u00e4tt f\u00f6r att ta med sig  \nMed en vikt p\u00e5 endast 85g och en kompakt storlek p\u00e5 113mm x 32mm ligger Bang Box bekv\u00e4mt i handen och \u00e4r enkel att transportera. Den praktiska designen g\u00f6r den idealisk f\u00f6r dagligt bruk, oavsett om du \u00e4r hemma, p\u00e5 kontoret eller p\u00e5 spr\u00e5ng. Den l\u00e4tta konstruktionen g\u00f6r att du bekv\u00e4mt kan f\u00f6rvara e-cigaretten i vilken v\u00e4ska som helst utan att den st\u00f6r eller tar plats.<\/p>\n<p>Enkel anv\u00e4ndning f\u00f6r nyb\u00f6rjare och proffs. Bang Box \u00e4r inte bara l\u00e4mplig f\u00f6r erfarna \u00e5ngare, utan ocks\u00e5 f\u00f6r nyb\u00f6rjare som \u00f6nskar en okomplicerad och h\u00f6gkvalitativ e-cigaret. Betj\u00e4ningen \u00e4r intuitiv och kr\u00e4ver inga f\u00f6rkunskaper. Ladda enkelt, dra och njut \u2013 s\u00e5 enkelt \u00e4r det att \u00e5nga med Bang Box. F\u00f6r erfarna anv\u00e4ndare erbjuder apparaten \u00e4nd\u00e5 tillr\u00e4cklig prestanda och anpassningsm\u00f6jligheter f\u00f6r att m\u00f6ta individuella krav.<\/p>\n<h3>S\u00e4kerhet och kvalitet<\/h3>\n<p>H\u00e5llbara material f\u00f6r p\u00e5litlig prestanda Bang Box 12000 Puff E-cigaretterna \u00e4r tillverkad av h\u00f6gkvalitativa material som garanterar h\u00e5llbarhet och s\u00e4kerhet. Det robusta h\u00f6ljet skyddar insidan mot skador och s\u00e4kerst\u00e4ller att e-cigarettern fungerar som ny \u00e4ven efter frekvent anv\u00e4ndning. De anv\u00e4nda materialen \u00e4r dessutom h\u00e4lsos\u00e4kra, s\u00e5 att du kan lita p\u00e5 en s\u00e4ker och p\u00e5litlig vapingupplevelse.<\/p>\n<p>S\u00e4kerhetsfunktioner f\u00f6r bekymmersfri \u00e5ngning Ut\u00f6ver den robusta konstruktionen har Bang Box flera s\u00e4kerhetsfunktioner, inklusive skyddsmekanismer mot \u00f6verhettning och \u00f6verbelastning. Dessa funktioner s\u00e4kerst\u00e4ller att apparaten f\u00f6rblir s\u00e4ker \u00e4ven vid intensiv anv\u00e4ndning och att dess prestanda inte p\u00e5verkas. S\u00e5 du kan \u00e5nga utan oro, utan att beh\u00f6va oroa dig f\u00f6r eventuella risker.<\/p>\n<h3>Milj\u00f6v\u00e4nlig och h\u00e5llbar<\/h3>\n<p>\u00c5teruppladdningsbar och milj\u00f6v\u00e4nlig \u00c5teruppladdbarheten f\u00f6r Bang Box 12000 Puff E-cigaretter minskar m\u00e4ngden elektroniskt avfall avsev\u00e4rt. Medan vanliga eng\u00e5ngsmodeller sl\u00e4ngs efter att batteriet \u00e4r slut, kan Bang Box anv\u00e4ndas flera g\u00e5nger, vilket bidrar till en mer h\u00e5llbar anv\u00e4ndning. Detta \u00e4r inte bara milj\u00f6v\u00e4nligt utan ger ocks\u00e5 f\u00f6rdelen att du p\u00e5 l\u00e5ng sikt sparar pengar eftersom du inte beh\u00f6ver k\u00f6pa nya enheter hela tiden.<\/p>\n<p>H\u00e5llbarhet genom h\u00f6gkvalitativ konstruktion  \nKombinationen av uppladdningsbart batteri och robust design g\u00f6r Bang Box s\u00e4rskilt h\u00e5llbar. De h\u00f6gkvalitativa materialen s\u00e4kerst\u00e4ller att enheten f\u00f6rblir i gott skick \u00e4ven efter flera laddcykler och intensiv anv\u00e4ndning. Denna h\u00e5llbarhet bidrar ocks\u00e5 till att minska avfall, eftersom enheten inte beh\u00f6ver bytas ut lika ofta som andra eng\u00e5ngsmodeller.<\/p>\n<p>Bang Box 12000 Puff E-cigarette erbjuder en perfekt kombination av utm\u00e4rkt smak, l\u00e5ngvarig prestanda och milj\u00f6v\u00e4nlig design. Den friska smaken av jordgubbsjuice ger en s\u00f6t och uppfriskande \u00e5ngupplevelse som varar l\u00e4nge, medan det h\u00e5llbara 650mAh-batteriet ger p\u00e5litlig \u00e5nggl\u00e4dje. Tack vare \u00e5teruppladdningsbarheten och den robusta konstruktionen \u00e4r denna e-cigarette inte bara praktisk, utan ocks\u00e5 ett milj\u00f6v\u00e4nligt val f\u00f6r moderna \u00e5ngare.<\/p>\n<p>Oavsett om du \u00e4r nyb\u00f6rjare eller erfaren <strong><a href=\"https:\/\/www.elementvape.de\/sv\/\" target=\"_blank\" rel=\"noopener\">r\u00f6kare<\/a><\/strong> sind, Bang Box 12000 Puff E-cigaretter erbjuder en anv\u00e4ndarv\u00e4nlig och h\u00f6gkvalitativ upplevelse. V\u00e4lj Bang Box och njut av o\u00f6vertr\u00e4ffad smak och f\u00f6rstklassig teknik i en enda enhet.<\/p>","protected":false},"excerpt":{"rendered":"<p>Bang Box 12000 Puff E-Zigarette Hochwertiger Genuss mit frischem Strawberry Juice Die Bang Box 12000 Puff E-Zigarette bietet ein erstklassiges Dampferlebnis, das moderne Technologie und erfrischenden Strawberry Juice-Geschmack in einem einzigen Ger\u00e4t vereint. Mit einer au\u00dfergew\u00f6hnlichen Kapazit\u00e4t von 12000 Z\u00fcgen ist diese Einweg-E-Zigarette die perfekte Wahl f\u00fcr alle, die einen langanhaltenden Genuss suchen. Ob Sie [&hellip;]<\/p>","protected":false},"featured_media":14131,"template":"","meta":{"inline_featured_image":false},"product_cat":[15,728,78,735,746,741,733,750,737,736,749,752,756,744,755,738,751],"product_tag":[710,673],"tiered_pricing_type":"fixed","tiered_pricing_fixed_rules":{"60":"6.58","110":"5.85","200":"5.12"},"tiered_pricing_percentage_rules":[],"tiered_pricing_minimum":1,"_administrator_tiered_pricing_type":"fixed","_administrator_tiered_pricing_fixed_rules":[],"_editor_tiered_pricing_type":"fixed","_editor_tiered_pricing_fixed_rules":[],"_author_tiered_pricing_type":"fixed","_author_tiered_pricing_fixed_rules":[],"_contributor_tiered_pricing_type":"fixed","_contributor_tiered_pricing_fixed_rules":[],"_subscriber_tiered_pricing_type":"fixed","_subscriber_tiered_pricing_fixed_rules":[],"_customer_tiered_pricing_type":"fixed","_customer_tiered_pricing_fixed_rules":[],"_shop_manager_tiered_pricing_type":"fixed","_shop_manager_tiered_pricing_fixed_rules":[],"_wpseo_manager_tiered_pricing_type":"fixed","_wpseo_manager_tiered_pricing_fixed_rules":[],"_wpseo_editor_tiered_pricing_type":"fixed","_wpseo_editor_tiered_pricing_fixed_rules":[],"_wholesale_customer_tiered_pricing_type":"fixed","_wholesale_customer_tiered_pricing_fixed_rules":[],"_marketer_tiered_pricing_type":"fixed","_marketer_tiered_pricing_fixed_rules":[],"_sales_manager_tiered_pricing_type":"fixed","_sales_manager_tiered_pricing_fixed_rules":[],"_sales_rep_tiered_pricing_type":"fixed","_sales_rep_tiered_pricing_fixed_rules":[],"yoast_head":"<!-- This site is optimized with the Yoast SEO plugin v23.3 - https:\/\/yoast.com\/wordpress\/plugins\/seo\/ -->\n<title>Bang Box 12000 Puff E-Zigarette Hochwertige Einweg-E-Zigaretten mit frischem Strawberry Juice Geschmack f\u00fcr 12000 Puffs anhaltenden Dampfgenuss | ElementVape.de<\/title>\n<meta name=\"description\" content=\"Wir bieten Bang Box 12000 Puff E-Zigarette Hochwertige Einweg-E-Zigaretten mit frischem Strawberry Juice Geschmack f\u00fcr 12000 Puffs anhaltenden Dampfgenuss , Elementvape.de akzeptieren Gro\u00df-und Einzelhandel Bestellungen.\" \/>\n<meta name=\"robots\" content=\"index, follow, max-snippet:-1, max-image-preview:large, max-video-preview:-1\" \/>\n<link rel=\"canonical\" href=\"https:\/\/www.elementvape.de\/sv\/produkt\/bang-box-12000-puff-e-zigarette-hochwertige-einweg-e-zigaretten-mit-frischem-strawberry-juice-geschmack-fuer-12000-puffs-anhaltenden-dampfgenuss\/\" \/>\n<meta property=\"og:locale\" content=\"sv_SE\" \/>\n<meta property=\"og:type\" content=\"article\" \/>\n<meta property=\"og:title\" content=\"Bang Box 12000 Puff E-Zigarette Hochwertige Einweg-E-Zigaretten mit frischem Strawberry Juice Geschmack f\u00fcr 12000 Puffs anhaltenden Dampfgenuss | ElementVape.de\" \/>\n<meta property=\"og:description\" content=\"Wir bieten Bang Box 12000 Puff E-Zigarette Hochwertige Einweg-E-Zigaretten mit frischem Strawberry Juice Geschmack f\u00fcr 12000 Puffs anhaltenden Dampfgenuss , Elementvape.de akzeptieren Gro\u00df-und Einzelhandel Bestellungen.\" \/>\n<meta property=\"og:url\" content=\"https:\/\/www.elementvape.de\/sv\/produkt\/bang-box-12000-puff-e-zigarette-hochwertige-einweg-e-zigaretten-mit-frischem-strawberry-juice-geschmack-fuer-12000-puffs-anhaltenden-dampfgenuss\/\" \/>\n<meta property=\"og:site_name\" content=\"ElementVape.de\" \/>\n<meta property=\"article:modified_time\" content=\"2024-10-15T02:46:47+00:00\" \/>\n<meta property=\"og:image\" content=\"https:\/\/www.elementvape.de\/wp-content\/uploads\/2024\/09\/Strawberry-Juice-1024x859.jpg\" \/>\n\t<meta property=\"og:image:width\" content=\"1024\" \/>\n\t<meta property=\"og:image:height\" content=\"859\" \/>\n\t<meta property=\"og:image:type\" content=\"image\/jpeg\" \/>\n<meta name=\"twitter:card\" content=\"summary_large_image\" \/>\n<meta name=\"twitter:label1\" content=\"Est. reading time\" \/>\n\t<meta name=\"twitter:data1\" content=\"5 minuter\" \/>\n<script type=\"application\/ld+json\" class=\"yoast-schema-graph\">{\"@context\":\"https:\/\/schema.org\",\"@graph\":[{\"@type\":\"WebPage\",\"@id\":\"https:\/\/www.elementvape.de\/it\/produkt\/bang-box-12000-puff-e-zigarette-hochwertige-einweg-e-zigaretten-mit-frischem-strawberry-juice-geschmack-fuer-12000-puffs-anhaltenden-dampfgenuss\/\",\"url\":\"https:\/\/www.elementvape.de\/it\/produkt\/bang-box-12000-puff-e-zigarette-hochwertige-einweg-e-zigaretten-mit-frischem-strawberry-juice-geschmack-fuer-12000-puffs-anhaltenden-dampfgenuss\/\",\"name\":\"Bang Box 12000 Puff E-Zigarette Hochwertige Einweg-E-Zigaretten mit frischem Strawberry Juice Geschmack f\u00fcr 12000 Puffs anhaltenden Dampfgenuss | ElementVape.de\",\"isPartOf\":{\"@id\":\"https:\/\/www.elementvape.de\/#website\"},\"primaryImageOfPage\":{\"@id\":\"https:\/\/www.elementvape.de\/it\/produkt\/bang-box-12000-puff-e-zigarette-hochwertige-einweg-e-zigaretten-mit-frischem-strawberry-juice-geschmack-fuer-12000-puffs-anhaltenden-dampfgenuss\/#primaryimage\"},\"image\":{\"@id\":\"https:\/\/www.elementvape.de\/it\/produkt\/bang-box-12000-puff-e-zigarette-hochwertige-einweg-e-zigaretten-mit-frischem-strawberry-juice-geschmack-fuer-12000-puffs-anhaltenden-dampfgenuss\/#primaryimage\"},\"thumbnailUrl\":\"https:\/\/www.elementvape.de\/wp-content\/uploads\/2024\/09\/Strawberry-Juice.jpg\",\"datePublished\":\"2024-09-05T02:57:07+00:00\",\"dateModified\":\"2024-10-15T02:46:47+00:00\",\"description\":\"Wir bieten Bang Box 12000 Puff E-Zigarette Hochwertige Einweg-E-Zigaretten mit frischem Strawberry Juice Geschmack f\u00fcr 12000 Puffs anhaltenden Dampfgenuss , Elementvape.de akzeptieren Gro\u00df-und Einzelhandel Bestellungen.\",\"breadcrumb\":{\"@id\":\"https:\/\/www.elementvape.de\/it\/produkt\/bang-box-12000-puff-e-zigarette-hochwertige-einweg-e-zigaretten-mit-frischem-strawberry-juice-geschmack-fuer-12000-puffs-anhaltenden-dampfgenuss\/#breadcrumb\"},\"inLanguage\":\"sv-SE\",\"potentialAction\":[{\"@type\":\"ReadAction\",\"target\":[\"https:\/\/www.elementvape.de\/it\/produkt\/bang-box-12000-puff-e-zigarette-hochwertige-einweg-e-zigaretten-mit-frischem-strawberry-juice-geschmack-fuer-12000-puffs-anhaltenden-dampfgenuss\/\"]}]},{\"@type\":\"ImageObject\",\"inLanguage\":\"sv-SE\",\"@id\":\"https:\/\/www.elementvape.de\/it\/produkt\/bang-box-12000-puff-e-zigarette-hochwertige-einweg-e-zigaretten-mit-frischem-strawberry-juice-geschmack-fuer-12000-puffs-anhaltenden-dampfgenuss\/#primaryimage\",\"url\":\"https:\/\/www.elementvape.de\/wp-content\/uploads\/2024\/09\/Strawberry-Juice.jpg\",\"contentUrl\":\"https:\/\/www.elementvape.de\/wp-content\/uploads\/2024\/09\/Strawberry-Juice.jpg\",\"width\":2442,\"height\":2048,\"caption\":\"Strawberry Juice\"},{\"@type\":\"BreadcrumbList\",\"@id\":\"https:\/\/www.elementvape.de\/it\/produkt\/bang-box-12000-puff-e-zigarette-hochwertige-einweg-e-zigaretten-mit-frischem-strawberry-juice-geschmack-fuer-12000-puffs-anhaltenden-dampfgenuss\/#breadcrumb\",\"itemListElement\":[{\"@type\":\"ListItem\",\"position\":1,\"name\":\"Home\",\"item\":\"https:\/\/www.elementvape.de\/\"},{\"@type\":\"ListItem\",\"position\":2,\"name\":\"Shop\",\"item\":\"https:\/\/www.elementvape.de\/shop\/\"},{\"@type\":\"ListItem\",\"position\":3,\"name\":\"Bang Box 12000 Puff E-Zigarette Hochwertige Einweg-E-Zigaretten mit frischem Strawberry Juice Geschmack f\u00fcr 12000 Puffs anhaltenden Dampfgenuss\"}]},{\"@type\":\"WebSite\",\"@id\":\"https:\/\/www.elementvape.de\/#website\",\"url\":\"https:\/\/www.elementvape.de\/\",\"name\":\"ElementVape.de\",\"description\":\"\",\"publisher\":{\"@id\":\"https:\/\/www.elementvape.de\/#organization\"},\"potentialAction\":[{\"@type\":\"SearchAction\",\"target\":{\"@type\":\"EntryPoint\",\"urlTemplate\":\"https:\/\/www.elementvape.de\/?s={search_term_string}\"},\"query-input\":\"required name=search_term_string\"}],\"inLanguage\":\"sv-SE\"},{\"@type\":\"Organization\",\"@id\":\"https:\/\/www.elementvape.de\/#organization\",\"name\":\"ElementVape.DE\",\"url\":\"https:\/\/www.elementvape.de\/\",\"logo\":{\"@type\":\"ImageObject\",\"inLanguage\":\"sv-SE\",\"@id\":\"https:\/\/www.elementvape.de\/#\/schema\/logo\/image\/\",\"url\":\"https:\/\/www.elementvape.de\/wp-content\/uploads\/2024\/09\/cropped-1elementvape-3.png\",\"contentUrl\":\"https:\/\/www.elementvape.de\/wp-content\/uploads\/2024\/09\/cropped-1elementvape-3.png\",\"width\":285,\"height\":228,\"caption\":\"ElementVape.DE\"},\"image\":{\"@id\":\"https:\/\/www.elementvape.de\/#\/schema\/logo\/image\/\"}}]}<\/script>\n<!-- \/ Yoast SEO plugin. -->","yoast_head_json":{"title":"Bang Box 12000 Puff E-Zigarette Hochwertige Einweg-E-Zigaretten mit frischem Strawberry Juice Geschmack f\u00fcr 12000 Puffs anhaltenden Dampfgenuss | ElementVape.de","description":"Wir bieten Bang Box 12000 Puff E-Zigarette Hochwertige Einweg-E-Zigaretten mit frischem Strawberry Juice Geschmack f\u00fcr 12000 Puffs anhaltenden Dampfgenuss , Elementvape.de akzeptieren Gro\u00df-und Einzelhandel Bestellungen.","robots":{"index":"index","follow":"follow","max-snippet":"max-snippet:-1","max-image-preview":"max-image-preview:large","max-video-preview":"max-video-preview:-1"},"canonical":"https:\/\/www.elementvape.de\/sv\/produkt\/bang-box-12000-puff-e-zigarette-hochwertige-einweg-e-zigaretten-mit-frischem-strawberry-juice-geschmack-fuer-12000-puffs-anhaltenden-dampfgenuss\/","og_locale":"sv_SE","og_type":"article","og_title":"Bang Box 12000 Puff E-Zigarette Hochwertige Einweg-E-Zigaretten mit frischem Strawberry Juice Geschmack f\u00fcr 12000 Puffs anhaltenden Dampfgenuss | ElementVape.de","og_description":"Wir bieten Bang Box 12000 Puff E-Zigarette Hochwertige Einweg-E-Zigaretten mit frischem Strawberry Juice Geschmack f\u00fcr 12000 Puffs anhaltenden Dampfgenuss , Elementvape.de akzeptieren Gro\u00df-und Einzelhandel Bestellungen.","og_url":"https:\/\/www.elementvape.de\/sv\/produkt\/bang-box-12000-puff-e-zigarette-hochwertige-einweg-e-zigaretten-mit-frischem-strawberry-juice-geschmack-fuer-12000-puffs-anhaltenden-dampfgenuss\/","og_site_name":"ElementVape.de","article_modified_time":"2024-10-15T02:46:47+00:00","og_image":[{"width":1024,"height":859,"url":"https:\/\/www.elementvape.de\/wp-content\/uploads\/2024\/09\/Strawberry-Juice-1024x859.jpg","type":"image\/jpeg"}],"twitter_card":"summary_large_image","twitter_misc":{"Est. reading time":"5 minuter"},"schema":{"@context":"https:\/\/schema.org","@graph":[{"@type":"WebPage","@id":"https:\/\/www.elementvape.de\/it\/produkt\/bang-box-12000-puff-e-zigarette-hochwertige-einweg-e-zigaretten-mit-frischem-strawberry-juice-geschmack-fuer-12000-puffs-anhaltenden-dampfgenuss\/","url":"https:\/\/www.elementvape.de\/it\/produkt\/bang-box-12000-puff-e-zigarette-hochwertige-einweg-e-zigaretten-mit-frischem-strawberry-juice-geschmack-fuer-12000-puffs-anhaltenden-dampfgenuss\/","name":"Bang Box 12000 Puff E-Zigarette Hochwertige Einweg-E-Zigaretten mit frischem Strawberry Juice Geschmack f\u00fcr 12000 Puffs anhaltenden Dampfgenuss | ElementVape.de","isPartOf":{"@id":"https:\/\/www.elementvape.de\/#website"},"primaryImageOfPage":{"@id":"https:\/\/www.elementvape.de\/it\/produkt\/bang-box-12000-puff-e-zigarette-hochwertige-einweg-e-zigaretten-mit-frischem-strawberry-juice-geschmack-fuer-12000-puffs-anhaltenden-dampfgenuss\/#primaryimage"},"image":{"@id":"https:\/\/www.elementvape.de\/it\/produkt\/bang-box-12000-puff-e-zigarette-hochwertige-einweg-e-zigaretten-mit-frischem-strawberry-juice-geschmack-fuer-12000-puffs-anhaltenden-dampfgenuss\/#primaryimage"},"thumbnailUrl":"https:\/\/www.elementvape.de\/wp-content\/uploads\/2024\/09\/Strawberry-Juice.jpg","datePublished":"2024-09-05T02:57:07+00:00","dateModified":"2024-10-15T02:46:47+00:00","description":"Wir bieten Bang Box 12000 Puff E-Zigarette Hochwertige Einweg-E-Zigaretten mit frischem Strawberry Juice Geschmack f\u00fcr 12000 Puffs anhaltenden Dampfgenuss , Elementvape.de akzeptieren Gro\u00df-und Einzelhandel Bestellungen.","breadcrumb":{"@id":"https:\/\/www.elementvape.de\/it\/produkt\/bang-box-12000-puff-e-zigarette-hochwertige-einweg-e-zigaretten-mit-frischem-strawberry-juice-geschmack-fuer-12000-puffs-anhaltenden-dampfgenuss\/#breadcrumb"},"inLanguage":"sv-SE","potentialAction":[{"@type":"ReadAction","target":["https:\/\/www.elementvape.de\/it\/produkt\/bang-box-12000-puff-e-zigarette-hochwertige-einweg-e-zigaretten-mit-frischem-strawberry-juice-geschmack-fuer-12000-puffs-anhaltenden-dampfgenuss\/"]}]},{"@type":"ImageObject","inLanguage":"sv-SE","@id":"https:\/\/www.elementvape.de\/it\/produkt\/bang-box-12000-puff-e-zigarette-hochwertige-einweg-e-zigaretten-mit-frischem-strawberry-juice-geschmack-fuer-12000-puffs-anhaltenden-dampfgenuss\/#primaryimage","url":"https:\/\/www.elementvape.de\/wp-content\/uploads\/2024\/09\/Strawberry-Juice.jpg","contentUrl":"https:\/\/www.elementvape.de\/wp-content\/uploads\/2024\/09\/Strawberry-Juice.jpg","width":2442,"height":2048,"caption":"Strawberry Juice"},{"@type":"BreadcrumbList","@id":"https:\/\/www.elementvape.de\/it\/produkt\/bang-box-12000-puff-e-zigarette-hochwertige-einweg-e-zigaretten-mit-frischem-strawberry-juice-geschmack-fuer-12000-puffs-anhaltenden-dampfgenuss\/#breadcrumb","itemListElement":[{"@type":"ListItem","position":1,"name":"Home","item":"https:\/\/www.elementvape.de\/"},{"@type":"ListItem","position":2,"name":"Shop","item":"https:\/\/www.elementvape.de\/shop\/"},{"@type":"ListItem","position":3,"name":"Bang Box 12000 Puff E-Zigarette Hochwertige Einweg-E-Zigaretten mit frischem Strawberry Juice Geschmack f\u00fcr 12000 Puffs anhaltenden Dampfgenuss"}]},{"@type":"WebSite","@id":"https:\/\/www.elementvape.de\/#website","url":"https:\/\/www.elementvape.de\/","name":"ElementVape.de","description":"","publisher":{"@id":"https:\/\/www.elementvape.de\/#organization"},"potentialAction":[{"@type":"SearchAction","target":{"@type":"EntryPoint","urlTemplate":"https:\/\/www.elementvape.de\/?s={search_term_string}"},"query-input":"required name=search_term_string"}],"inLanguage":"sv-SE"},{"@type":"Organization","@id":"https:\/\/www.elementvape.de\/#organization","name":"ElementVape.DE","url":"https:\/\/www.elementvape.de\/","logo":{"@type":"ImageObject","inLanguage":"sv-SE","@id":"https:\/\/www.elementvape.de\/#\/schema\/logo\/image\/","url":"https:\/\/www.elementvape.de\/wp-content\/uploads\/2024\/09\/cropped-1elementvape-3.png","contentUrl":"https:\/\/www.elementvape.de\/wp-content\/uploads\/2024\/09\/cropped-1elementvape-3.png","width":285,"height":228,"caption":"ElementVape.DE"},"image":{"@id":"https:\/\/www.elementvape.de\/#\/schema\/logo\/image\/"}}]}},"_links":{"self":[{"href":"https:\/\/www.elementvape.de\/sv\/wp-json\/wp\/v2\/product\/14130"}],"collection":[{"href":"https:\/\/www.elementvape.de\/sv\/wp-json\/wp\/v2\/product"}],"about":[{"href":"https:\/\/www.elementvape.de\/sv\/wp-json\/wp\/v2\/types\/product"}],"wp:featuredmedia":[{"embeddable":true,"href":"https:\/\/www.elementvape.de\/sv\/wp-json\/wp\/v2\/media\/14131"}],"wp:attachment":[{"href":"https:\/\/www.elementvape.de\/sv\/wp-json\/wp\/v2\/media?parent=14130"}],"wp:term":[{"taxonomy":"product_cat","embeddable":true,"href":"https:\/\/www.elementvape.de\/sv\/wp-json\/wp\/v2\/product_cat?post=14130"},{"taxonomy":"product_tag","embeddable":true,"href":"https:\/\/www.elementvape.de\/sv\/wp-json\/wp\/v2\/product_tag?post=14130"}],"curies":[{"name":"wp","href":"https:\/\/api.w.org\/{rel}","templated":true}]}}