{"id":14069,"date":"2024-08-31T03:36:05","date_gmt":"2024-08-31T03:36:05","guid":{"rendered":"https:\/\/www.elementvape.de\/?post_type=product&#038;p=14069"},"modified":"2024-10-15T03:18:32","modified_gmt":"2024-10-15T03:18:32","slug":"waspe-8000-puffs-cool-mint-e-zigarette-zollfrei-geniessen-erfrischender-minzgeschmack-jetzt-zum-besten-grosshandelspreis-erhaeltlich","status":"publish","type":"product","link":"https:\/\/www.elementvape.de\/sv\/produkt\/waspe-8000-puffs-cool-mint-e-zigarette-zollfrei-geniessen-erfrischender-minzgeschmack-jetzt-zum-besten-grosshandelspreis-erhaeltlich\/","title":{"rendered":"WASPE 8000 PUFFS Cool Mint E-eldosa utan tull njut, uppfriskande mintsmak nu till b\u00e4sta grossistpris"},"content":{"rendered":"<div class=\"flex-shrink-0 flex flex-col relative items-end\">\n<div>\n<div class=\"pt-0\">\n<div class=\"gizmo-bot-avatar flex h-8 w-8 items-center justify-center overflow-hidden rounded-full\">\n<div class=\"relative p-1 rounded-sm flex items-center justify-center bg-token-main-surface-primary text-token-text-primary h-8 w-8\"><\/div>\n<\/div>\n<\/div>\n<\/div>\n<\/div>\n<div class=\"group\/conversation-turn relative flex w-full min-w-0 flex-col agent-turn\">\n<div class=\"flex-col gap-1 md:gap-3\">\n<div class=\"flex max-w-full flex-col flex-grow\">\n<div class=\"min-h-[20px] text-message flex w-full flex-col items-end gap-2 break-words [.text-message+&amp;]:mt-5 overflow-x-auto whitespace-normal\" dir=\"auto\" data-message-author-role=\"assistant\" data-message-id=\"cedc2cec-02db-4845-b881-e86e0b3d47d8\">\n<div class=\"flex w-full flex-col gap-1 empty:hidden first:pt-[3px]\">\n<div class=\"markdown prose w-full break-words dark:prose-invert light\">\n<h2>Upplev den tullfria WASPE 8000 PUFFS Cool Mint E-cigaretter Frisk Mint till oslagbart grossistpris<\/h2>\n<p><img loading=\"lazy\" decoding=\"async\" class=\"size-medium wp-image-14070 alignright\" src=\"https:\/\/www.elementvape.de\/wp-content\/uploads\/2024\/08\/COOL-MINT-1-300x300.jpg\" alt=\"KALL MINT\" width=\"300\" height=\"300\" srcset=\"https:\/\/www.elementvape.de\/wp-content\/uploads\/2024\/08\/COOL-MINT-1-300x300.jpg 300w, https:\/\/www.elementvape.de\/wp-content\/uploads\/2024\/08\/COOL-MINT-1-150x150.jpg 150w, https:\/\/www.elementvape.de\/wp-content\/uploads\/2024\/08\/COOL-MINT-1-768x768.jpg 768w, https:\/\/www.elementvape.de\/wp-content\/uploads\/2024\/08\/COOL-MINT-1-600x600.jpg 600w, https:\/\/www.elementvape.de\/wp-content\/uploads\/2024\/08\/COOL-MINT-1-100x100.jpg 100w, https:\/\/www.elementvape.de\/wp-content\/uploads\/2024\/08\/COOL-MINT-1-50x50.jpg 50w, https:\/\/www.elementvape.de\/wp-content\/uploads\/2024\/08\/COOL-MINT-1.jpg 800w\" sizes=\"(max-width: 300px) 100vw, 300px\" \/><\/p>\n<p>WASPE 8000 PUFFS Cool Mint E-cigaretter erbjuder en uppfriskande \u00e5ngupplevelse, pr\u00e4glad av den kylda, uppiggande smaken av f\u00e4rsk mynta. F\u00f6r grossister som vill erbjuda sina kunder h\u00f6gkvalitativa produkter till attraktiva priser \u00e4r denna e-cigaret ett utm\u00e4rkt val. Med en h\u00f6g puffkapacitet och modern teknik kombinerar WASPE Cool Mint det b\u00e4sta av prestanda och smak, och allt detta tullfritt.<\/p>\n<p>Huvudfunktionen hos WASPE 8000 PUFFS Cool Mint E-cigaretter \u00e4r dess intensiva myntaroma, som g\u00f6r varje drag till en frisk och uppiggande upplevelse. Den kylda, rena myntnoten ger en perfekt uppfriskning, som \u00e4r idealisk b\u00e5de p\u00e5 varma dagar och efter en l\u00e5ng dag. Detta myntaroma \u00e4r s\u00e4rskilt l\u00e4mpligt f\u00f6r <strong><a href=\"https:\/\/www.elementvape.de\/sv\/\" target=\"_blank\" rel=\"noopener\">r\u00f6kare<\/a><\/strong> som s\u00f6ker en klar, uppfriskande smak utan kompromisser.<\/p>\n<p>Smaken av Cool Mint \u00e4r inte bara uppfriskande, utan ocks\u00e5 behagligt mild, vilket g\u00f6r att denna e-cigaret tilltalar en bred skara av anv\u00e4ndare, fr\u00e5n nyb\u00f6rjare till erfarna. Den balanserade kombinationen av friskhet och mild myntton g\u00f6r \u00e5ngningen till en alltid behaglig upplevelse.<\/p>\n<h3>8000 drag O\u00f6vertr\u00e4ffad h\u00e5llbarhet<\/h3>\n<p>Med en kapacitet p\u00e5 8000 drag s\u00e4tter WASPE 8000 PUFFS Cool Mint E-cigaretter en ny standard f\u00f6r h\u00e5llbarhet. Den h\u00f6ga antalet drag s\u00e4kerst\u00e4ller att e-cigaretterna kan anv\u00e4ndas under en l\u00e5ng tid utan att beh\u00f6va fyllas p\u00e5 ofta. Denna egenskap \u00e4r s\u00e4rskilt f\u00f6rdelaktig f\u00f6r grossister, eftersom de kan erbjuda sina kunder en p\u00e5litlig och l\u00e5ngvarig produkt.<\/p>\n<p>Den gener\u00f6sa 16 ml e-v\u00e4tsketanken s\u00e4kerst\u00e4ller att det uppfriskande myntaroman f\u00f6rblir konstant under hela anv\u00e4ndningstiden. Detta g\u00f6r WASPE Cool Mint till ett perfekt val f\u00f6r \u00e5ngare som v\u00e4rdes\u00e4tter en l\u00e5ngvarig och intensiv smakupplevelse.<\/p>\n<h3>Senaste teknik<\/h3>\n<p>WASPE 8000 PUFFS Cool Mint E-cigaretter anv\u00e4nder en 0,8\u03a9 Mesh Coil, som m\u00f6jligg\u00f6r en j\u00e4mn uppv\u00e4rmning av e-v\u00e4tskan och s\u00e4kerst\u00e4ller optimal smakutveckling och \u00e5ngproduktion. Mesh Coil-teknologin g\u00f6r att myntaromanen framh\u00e4vs intensivt vid varje drag, utan att f\u00f6rlora kvalitet.<\/p>\n<p>Dessutom \u00e4r e-cigaretterna utrustade med en Type-C-laddningsport, som m\u00f6jligg\u00f6r snabb och enkel uppladdning. 650mAh-batteriet s\u00e4kerst\u00e4ller att e-cigaretterna fungerar p\u00e5litligt \u00e4ven vid regelbunden anv\u00e4ndning. Dessa moderna tekniska funktioner g\u00f6r WASPE 8000 PUFFS Cool Mint till ett anv\u00e4ndarv\u00e4nligt och kraftfullt val f\u00f6r \u00e5ngare.<\/p>\n<h3>Grossistpriser och tullfri leverans<\/h3>\n<p>WASPE 8000 PUFFS Cool Mint E-cigaretter erbjuder inte bara en f\u00f6rstklassig \u00e5ngupplevelse, utan \u00e4ven betydande ekonomiska f\u00f6rdelar f\u00f6r grossister. Tack vare tullfri leverans kan handlare minimera sina kostnader och erbjuda sina kunder en h\u00f6gkvalitativ produkt till konkurrenskraftiga priser.<\/p>\n<p>De attraktiva grossistpriserna g\u00f6r det m\u00f6jligt f\u00f6r handlare att maximera sina vinstmarginaler samtidigt som de erbjuder en produkt av h\u00f6gsta kvalitet. Detta \u00e4r ett utm\u00e4rkt tillf\u00e4lle f\u00f6r grossister som s\u00f6ker en l\u00f6nsam och popul\u00e4r produkt.<\/p>\n<p>WASPE 8000 PUFFS Cool Mint E-cigaretter \u00e4r det perfekta valet f\u00f6r alla som vill njuta av en klar, uppfriskande mintsmak. Med sin h\u00f6ga puffkapacitet, moderna teknik och anv\u00e4ndarv\u00e4nliga hantering erbjuder den allt man kan f\u00f6rv\u00e4nta sig av en f\u00f6rstklassig e-cigaret. F\u00f6r grossister utg\u00f6r denna produkt en utm\u00e4rkt m\u00f6jlighet att erbjuda en h\u00f6gkvalitativ produkt till attraktiva villkor.<\/p>\n<p>S\u00e4kra din WASPE 8000 PUFFS Cool Mint E-cigaretter nu och upplev en uppfriskande mintbris som inte l\u00e4mnar n\u00e5got \u00f6vrigt att \u00f6nska f\u00f6r dig sj\u00e4lv eller som en l\u00f6nsam till\u00e4ggsprodukt till din verksamhet.<\/p>\n<\/div>\n<\/div>\n<\/div>\n<\/div>\n<\/div>\n<\/div>","protected":false},"excerpt":{"rendered":"<p>Erleben Sie die zollfreie WASPE 8000 PUFFS Cool Mint E-Zigarette Frische Minze zum unschlagbaren Gro\u00dfhandelspreis Die WASPE 8000 PUFFS Cool Mint E-Zigarette bietet ein erfrischendes Dampferlebnis, das durch den k\u00fchlen, belebenden Geschmack von frischer Minze gepr\u00e4gt ist. F\u00fcr Gro\u00dfh\u00e4ndler, die ihren Kunden hochwertige Produkte zu attraktiven Preisen bieten m\u00f6chten, ist diese E-Zigarette eine ausgezeichnete Wahl. [&hellip;]<\/p>","protected":false},"featured_media":14070,"template":"","meta":{"inline_featured_image":false},"product_cat":[15,78,735,746,741,733,750,737,736,749,752,756,744,755,738,751,727],"product_tag":[710,683],"tiered_pricing_type":"fixed","tiered_pricing_fixed_rules":[],"tiered_pricing_percentage_rules":[],"tiered_pricing_minimum":1,"_administrator_tiered_pricing_type":"fixed","_administrator_tiered_pricing_fixed_rules":[],"_editor_tiered_pricing_type":"fixed","_editor_tiered_pricing_fixed_rules":[],"_author_tiered_pricing_type":"fixed","_author_tiered_pricing_fixed_rules":[],"_contributor_tiered_pricing_type":"fixed","_contributor_tiered_pricing_fixed_rules":[],"_subscriber_tiered_pricing_type":"fixed","_subscriber_tiered_pricing_fixed_rules":[],"_customer_tiered_pricing_type":"fixed","_customer_tiered_pricing_fixed_rules":[],"_shop_manager_tiered_pricing_type":"fixed","_shop_manager_tiered_pricing_fixed_rules":[],"_wpseo_manager_tiered_pricing_type":"fixed","_wpseo_manager_tiered_pricing_fixed_rules":[],"_wpseo_editor_tiered_pricing_type":"fixed","_wpseo_editor_tiered_pricing_fixed_rules":[],"_wholesale_customer_tiered_pricing_type":"fixed","_wholesale_customer_tiered_pricing_fixed_rules":[],"_marketer_tiered_pricing_type":"fixed","_marketer_tiered_pricing_fixed_rules":[],"_sales_manager_tiered_pricing_type":"fixed","_sales_manager_tiered_pricing_fixed_rules":[],"_sales_rep_tiered_pricing_type":"fixed","_sales_rep_tiered_pricing_fixed_rules":[],"yoast_head":"<!-- This site is optimized with the Yoast SEO plugin v23.3 - https:\/\/yoast.com\/wordpress\/plugins\/seo\/ -->\n<title>WASPE 8000 PUFFS Cool Mint E-Zigarette Zollfrei genie\u00dfen, erfrischender Minzgeschmack jetzt zum besten Gro\u00dfhandelspreis erh\u00e4ltlich | ElementVape.de<\/title>\n<meta name=\"description\" content=\"Wir bieten WASPE 8000 PUFFS Cool Mint E-Zigarette Zollfrei genie\u00dfen, erfrischender Minzgeschmack jetzt zum besten Gro\u00dfhandelspreis erh\u00e4ltlich , Elementvape.de akzeptieren Gro\u00df-und Einzelhandel Bestellungen.\" \/>\n<meta name=\"robots\" content=\"index, follow, max-snippet:-1, max-image-preview:large, max-video-preview:-1\" \/>\n<link rel=\"canonical\" href=\"https:\/\/www.elementvape.de\/sv\/produkt\/waspe-8000-puffs-cool-mint-e-zigarette-zollfrei-geniessen-erfrischender-minzgeschmack-jetzt-zum-besten-grosshandelspreis-erhaeltlich\/\" \/>\n<meta property=\"og:locale\" content=\"sv_SE\" \/>\n<meta property=\"og:type\" content=\"article\" \/>\n<meta property=\"og:title\" content=\"WASPE 8000 PUFFS Cool Mint E-Zigarette Zollfrei genie\u00dfen, erfrischender Minzgeschmack jetzt zum besten Gro\u00dfhandelspreis erh\u00e4ltlich | ElementVape.de\" \/>\n<meta property=\"og:description\" content=\"Wir bieten WASPE 8000 PUFFS Cool Mint E-Zigarette Zollfrei genie\u00dfen, erfrischender Minzgeschmack jetzt zum besten Gro\u00dfhandelspreis erh\u00e4ltlich , Elementvape.de akzeptieren Gro\u00df-und Einzelhandel Bestellungen.\" \/>\n<meta property=\"og:url\" content=\"https:\/\/www.elementvape.de\/sv\/produkt\/waspe-8000-puffs-cool-mint-e-zigarette-zollfrei-geniessen-erfrischender-minzgeschmack-jetzt-zum-besten-grosshandelspreis-erhaeltlich\/\" \/>\n<meta property=\"og:site_name\" content=\"ElementVape.de\" \/>\n<meta property=\"article:modified_time\" content=\"2024-10-15T03:18:32+00:00\" \/>\n<meta property=\"og:image\" content=\"https:\/\/www.elementvape.de\/wp-content\/uploads\/2024\/08\/COOL-MINT-1.jpg\" \/>\n\t<meta property=\"og:image:width\" content=\"800\" \/>\n\t<meta property=\"og:image:height\" content=\"800\" \/>\n\t<meta property=\"og:image:type\" content=\"image\/jpeg\" \/>\n<meta name=\"twitter:card\" content=\"summary_large_image\" \/>\n<meta name=\"twitter:label1\" content=\"Est. reading time\" \/>\n\t<meta name=\"twitter:data1\" content=\"4 minuter\" \/>\n<script type=\"application\/ld+json\" class=\"yoast-schema-graph\">{\"@context\":\"https:\/\/schema.org\",\"@graph\":[{\"@type\":\"WebPage\",\"@id\":\"https:\/\/www.elementvape.de\/produkt\/waspe-8000-puffs-cool-mint-e-zigarette-zollfrei-geniessen-erfrischender-minzgeschmack-jetzt-zum-besten-grosshandelspreis-erhaeltlich\/\",\"url\":\"https:\/\/www.elementvape.de\/produkt\/waspe-8000-puffs-cool-mint-e-zigarette-zollfrei-geniessen-erfrischender-minzgeschmack-jetzt-zum-besten-grosshandelspreis-erhaeltlich\/\",\"name\":\"WASPE 8000 PUFFS Cool Mint E-Zigarette Zollfrei genie\u00dfen, erfrischender Minzgeschmack jetzt zum besten Gro\u00dfhandelspreis erh\u00e4ltlich | ElementVape.de\",\"isPartOf\":{\"@id\":\"https:\/\/www.elementvape.de\/#website\"},\"primaryImageOfPage\":{\"@id\":\"https:\/\/www.elementvape.de\/produkt\/waspe-8000-puffs-cool-mint-e-zigarette-zollfrei-geniessen-erfrischender-minzgeschmack-jetzt-zum-besten-grosshandelspreis-erhaeltlich\/#primaryimage\"},\"image\":{\"@id\":\"https:\/\/www.elementvape.de\/produkt\/waspe-8000-puffs-cool-mint-e-zigarette-zollfrei-geniessen-erfrischender-minzgeschmack-jetzt-zum-besten-grosshandelspreis-erhaeltlich\/#primaryimage\"},\"thumbnailUrl\":\"https:\/\/www.elementvape.de\/wp-content\/uploads\/2024\/08\/COOL-MINT-1.jpg\",\"datePublished\":\"2024-08-31T03:36:05+00:00\",\"dateModified\":\"2024-10-15T03:18:32+00:00\",\"description\":\"Wir bieten WASPE 8000 PUFFS Cool Mint E-Zigarette Zollfrei genie\u00dfen, erfrischender Minzgeschmack jetzt zum besten Gro\u00dfhandelspreis erh\u00e4ltlich , Elementvape.de akzeptieren Gro\u00df-und Einzelhandel Bestellungen.\",\"breadcrumb\":{\"@id\":\"https:\/\/www.elementvape.de\/produkt\/waspe-8000-puffs-cool-mint-e-zigarette-zollfrei-geniessen-erfrischender-minzgeschmack-jetzt-zum-besten-grosshandelspreis-erhaeltlich\/#breadcrumb\"},\"inLanguage\":\"sv-SE\",\"potentialAction\":[{\"@type\":\"ReadAction\",\"target\":[\"https:\/\/www.elementvape.de\/produkt\/waspe-8000-puffs-cool-mint-e-zigarette-zollfrei-geniessen-erfrischender-minzgeschmack-jetzt-zum-besten-grosshandelspreis-erhaeltlich\/\"]}]},{\"@type\":\"ImageObject\",\"inLanguage\":\"sv-SE\",\"@id\":\"https:\/\/www.elementvape.de\/produkt\/waspe-8000-puffs-cool-mint-e-zigarette-zollfrei-geniessen-erfrischender-minzgeschmack-jetzt-zum-besten-grosshandelspreis-erhaeltlich\/#primaryimage\",\"url\":\"https:\/\/www.elementvape.de\/wp-content\/uploads\/2024\/08\/COOL-MINT-1.jpg\",\"contentUrl\":\"https:\/\/www.elementvape.de\/wp-content\/uploads\/2024\/08\/COOL-MINT-1.jpg\",\"width\":800,\"height\":800,\"caption\":\"COOL MINT\"},{\"@type\":\"BreadcrumbList\",\"@id\":\"https:\/\/www.elementvape.de\/produkt\/waspe-8000-puffs-cool-mint-e-zigarette-zollfrei-geniessen-erfrischender-minzgeschmack-jetzt-zum-besten-grosshandelspreis-erhaeltlich\/#breadcrumb\",\"itemListElement\":[{\"@type\":\"ListItem\",\"position\":1,\"name\":\"Home\",\"item\":\"https:\/\/www.elementvape.de\/\"},{\"@type\":\"ListItem\",\"position\":2,\"name\":\"Shop\",\"item\":\"https:\/\/www.elementvape.de\/shop\/\"},{\"@type\":\"ListItem\",\"position\":3,\"name\":\"WASPE 8000 PUFFS Cool Mint E-Zigarette Zollfrei genie\u00dfen, erfrischender Minzgeschmack jetzt zum besten Gro\u00dfhandelspreis erh\u00e4ltlich\"}]},{\"@type\":\"WebSite\",\"@id\":\"https:\/\/www.elementvape.de\/#website\",\"url\":\"https:\/\/www.elementvape.de\/\",\"name\":\"ElementVape.de\",\"description\":\"\",\"publisher\":{\"@id\":\"https:\/\/www.elementvape.de\/#organization\"},\"potentialAction\":[{\"@type\":\"SearchAction\",\"target\":{\"@type\":\"EntryPoint\",\"urlTemplate\":\"https:\/\/www.elementvape.de\/?s={search_term_string}\"},\"query-input\":\"required name=search_term_string\"}],\"inLanguage\":\"sv-SE\"},{\"@type\":\"Organization\",\"@id\":\"https:\/\/www.elementvape.de\/#organization\",\"name\":\"ElementVape.DE\",\"url\":\"https:\/\/www.elementvape.de\/\",\"logo\":{\"@type\":\"ImageObject\",\"inLanguage\":\"sv-SE\",\"@id\":\"https:\/\/www.elementvape.de\/#\/schema\/logo\/image\/\",\"url\":\"https:\/\/www.elementvape.de\/wp-content\/uploads\/2024\/09\/cropped-1elementvape-3.png\",\"contentUrl\":\"https:\/\/www.elementvape.de\/wp-content\/uploads\/2024\/09\/cropped-1elementvape-3.png\",\"width\":285,\"height\":228,\"caption\":\"ElementVape.DE\"},\"image\":{\"@id\":\"https:\/\/www.elementvape.de\/#\/schema\/logo\/image\/\"}}]}<\/script>\n<!-- \/ Yoast SEO plugin. -->","yoast_head_json":{"title":"WASPE 8000 PUFFS Cool Mint E-Zigarette Zollfrei genie\u00dfen, erfrischender Minzgeschmack jetzt zum besten Gro\u00dfhandelspreis erh\u00e4ltlich | ElementVape.de","description":"Wir bieten WASPE 8000 PUFFS Cool Mint E-Zigarette Zollfrei genie\u00dfen, erfrischender Minzgeschmack jetzt zum besten Gro\u00dfhandelspreis erh\u00e4ltlich , Elementvape.de akzeptieren Gro\u00df-und Einzelhandel Bestellungen.","robots":{"index":"index","follow":"follow","max-snippet":"max-snippet:-1","max-image-preview":"max-image-preview:large","max-video-preview":"max-video-preview:-1"},"canonical":"https:\/\/www.elementvape.de\/sv\/produkt\/waspe-8000-puffs-cool-mint-e-zigarette-zollfrei-geniessen-erfrischender-minzgeschmack-jetzt-zum-besten-grosshandelspreis-erhaeltlich\/","og_locale":"sv_SE","og_type":"article","og_title":"WASPE 8000 PUFFS Cool Mint E-Zigarette Zollfrei genie\u00dfen, erfrischender Minzgeschmack jetzt zum besten Gro\u00dfhandelspreis erh\u00e4ltlich | ElementVape.de","og_description":"Wir bieten WASPE 8000 PUFFS Cool Mint E-Zigarette Zollfrei genie\u00dfen, erfrischender Minzgeschmack jetzt zum besten Gro\u00dfhandelspreis erh\u00e4ltlich , Elementvape.de akzeptieren Gro\u00df-und Einzelhandel Bestellungen.","og_url":"https:\/\/www.elementvape.de\/sv\/produkt\/waspe-8000-puffs-cool-mint-e-zigarette-zollfrei-geniessen-erfrischender-minzgeschmack-jetzt-zum-besten-grosshandelspreis-erhaeltlich\/","og_site_name":"ElementVape.de","article_modified_time":"2024-10-15T03:18:32+00:00","og_image":[{"width":800,"height":800,"url":"https:\/\/www.elementvape.de\/wp-content\/uploads\/2024\/08\/COOL-MINT-1.jpg","type":"image\/jpeg"}],"twitter_card":"summary_large_image","twitter_misc":{"Est. reading time":"4 minuter"},"schema":{"@context":"https:\/\/schema.org","@graph":[{"@type":"WebPage","@id":"https:\/\/www.elementvape.de\/produkt\/waspe-8000-puffs-cool-mint-e-zigarette-zollfrei-geniessen-erfrischender-minzgeschmack-jetzt-zum-besten-grosshandelspreis-erhaeltlich\/","url":"https:\/\/www.elementvape.de\/produkt\/waspe-8000-puffs-cool-mint-e-zigarette-zollfrei-geniessen-erfrischender-minzgeschmack-jetzt-zum-besten-grosshandelspreis-erhaeltlich\/","name":"WASPE 8000 PUFFS Cool Mint E-Zigarette Zollfrei genie\u00dfen, erfrischender Minzgeschmack jetzt zum besten Gro\u00dfhandelspreis erh\u00e4ltlich | ElementVape.de","isPartOf":{"@id":"https:\/\/www.elementvape.de\/#website"},"primaryImageOfPage":{"@id":"https:\/\/www.elementvape.de\/produkt\/waspe-8000-puffs-cool-mint-e-zigarette-zollfrei-geniessen-erfrischender-minzgeschmack-jetzt-zum-besten-grosshandelspreis-erhaeltlich\/#primaryimage"},"image":{"@id":"https:\/\/www.elementvape.de\/produkt\/waspe-8000-puffs-cool-mint-e-zigarette-zollfrei-geniessen-erfrischender-minzgeschmack-jetzt-zum-besten-grosshandelspreis-erhaeltlich\/#primaryimage"},"thumbnailUrl":"https:\/\/www.elementvape.de\/wp-content\/uploads\/2024\/08\/COOL-MINT-1.jpg","datePublished":"2024-08-31T03:36:05+00:00","dateModified":"2024-10-15T03:18:32+00:00","description":"Wir bieten WASPE 8000 PUFFS Cool Mint E-Zigarette Zollfrei genie\u00dfen, erfrischender Minzgeschmack jetzt zum besten Gro\u00dfhandelspreis erh\u00e4ltlich , Elementvape.de akzeptieren Gro\u00df-und Einzelhandel Bestellungen.","breadcrumb":{"@id":"https:\/\/www.elementvape.de\/produkt\/waspe-8000-puffs-cool-mint-e-zigarette-zollfrei-geniessen-erfrischender-minzgeschmack-jetzt-zum-besten-grosshandelspreis-erhaeltlich\/#breadcrumb"},"inLanguage":"sv-SE","potentialAction":[{"@type":"ReadAction","target":["https:\/\/www.elementvape.de\/produkt\/waspe-8000-puffs-cool-mint-e-zigarette-zollfrei-geniessen-erfrischender-minzgeschmack-jetzt-zum-besten-grosshandelspreis-erhaeltlich\/"]}]},{"@type":"ImageObject","inLanguage":"sv-SE","@id":"https:\/\/www.elementvape.de\/produkt\/waspe-8000-puffs-cool-mint-e-zigarette-zollfrei-geniessen-erfrischender-minzgeschmack-jetzt-zum-besten-grosshandelspreis-erhaeltlich\/#primaryimage","url":"https:\/\/www.elementvape.de\/wp-content\/uploads\/2024\/08\/COOL-MINT-1.jpg","contentUrl":"https:\/\/www.elementvape.de\/wp-content\/uploads\/2024\/08\/COOL-MINT-1.jpg","width":800,"height":800,"caption":"COOL MINT"},{"@type":"BreadcrumbList","@id":"https:\/\/www.elementvape.de\/produkt\/waspe-8000-puffs-cool-mint-e-zigarette-zollfrei-geniessen-erfrischender-minzgeschmack-jetzt-zum-besten-grosshandelspreis-erhaeltlich\/#breadcrumb","itemListElement":[{"@type":"ListItem","position":1,"name":"Home","item":"https:\/\/www.elementvape.de\/"},{"@type":"ListItem","position":2,"name":"Shop","item":"https:\/\/www.elementvape.de\/shop\/"},{"@type":"ListItem","position":3,"name":"WASPE 8000 PUFFS Cool Mint E-Zigarette Zollfrei genie\u00dfen, erfrischender Minzgeschmack jetzt zum besten Gro\u00dfhandelspreis erh\u00e4ltlich"}]},{"@type":"WebSite","@id":"https:\/\/www.elementvape.de\/#website","url":"https:\/\/www.elementvape.de\/","name":"ElementVape.de","description":"","publisher":{"@id":"https:\/\/www.elementvape.de\/#organization"},"potentialAction":[{"@type":"SearchAction","target":{"@type":"EntryPoint","urlTemplate":"https:\/\/www.elementvape.de\/?s={search_term_string}"},"query-input":"required name=search_term_string"}],"inLanguage":"sv-SE"},{"@type":"Organization","@id":"https:\/\/www.elementvape.de\/#organization","name":"ElementVape.DE","url":"https:\/\/www.elementvape.de\/","logo":{"@type":"ImageObject","inLanguage":"sv-SE","@id":"https:\/\/www.elementvape.de\/#\/schema\/logo\/image\/","url":"https:\/\/www.elementvape.de\/wp-content\/uploads\/2024\/09\/cropped-1elementvape-3.png","contentUrl":"https:\/\/www.elementvape.de\/wp-content\/uploads\/2024\/09\/cropped-1elementvape-3.png","width":285,"height":228,"caption":"ElementVape.DE"},"image":{"@id":"https:\/\/www.elementvape.de\/#\/schema\/logo\/image\/"}}]}},"_links":{"self":[{"href":"https:\/\/www.elementvape.de\/sv\/wp-json\/wp\/v2\/product\/14069"}],"collection":[{"href":"https:\/\/www.elementvape.de\/sv\/wp-json\/wp\/v2\/product"}],"about":[{"href":"https:\/\/www.elementvape.de\/sv\/wp-json\/wp\/v2\/types\/product"}],"wp:featuredmedia":[{"embeddable":true,"href":"https:\/\/www.elementvape.de\/sv\/wp-json\/wp\/v2\/media\/14070"}],"wp:attachment":[{"href":"https:\/\/www.elementvape.de\/sv\/wp-json\/wp\/v2\/media?parent=14069"}],"wp:term":[{"taxonomy":"product_cat","embeddable":true,"href":"https:\/\/www.elementvape.de\/sv\/wp-json\/wp\/v2\/product_cat?post=14069"},{"taxonomy":"product_tag","embeddable":true,"href":"https:\/\/www.elementvape.de\/sv\/wp-json\/wp\/v2\/product_tag?post=14069"}],"curies":[{"name":"wp","href":"https:\/\/api.w.org\/{rel}","templated":true}]}}