{"id":14049,"date":"2024-08-28T03:02:52","date_gmt":"2024-08-28T03:02:52","guid":{"rendered":"https:\/\/www.elementvape.de\/?post_type=product&#038;p=14049"},"modified":"2024-10-15T03:25:39","modified_gmt":"2024-10-15T03:25:39","slug":"grape-ice-waspe-5000-puffs-e-zigarette-jetzt-zollfrei-erhaeltlich-und-zu-grosshandelspreisen-geniessen-sie-den-erfrischenden-traubengeschmack-mit-einem-eisigen-twist","status":"publish","type":"product","link":"https:\/\/www.elementvape.de\/sv\/produkt\/grape-ice-waspe-5000-puffs-e-zigarette-jetzt-zollfrei-erhaeltlich-und-zu-grosshandelspreisen-geniessen-sie-den-erfrischenden-traubengeschmack-mit-einem-eisigen-twist\/","title":{"rendered":"Grape Ice WASPE 5000 PUFFS E-cigaretter Nu till tullfrihet och till grossistpriser \u2013 Njut av den uppfriskande druvsmaken med en isig twist"},"content":{"rendered":"<p>Grape Ice WASPE 5000 PUFFS E-penna \u2013 Nu till tullfri tillg\u00e4nglig och till grossistpriser \u2013 Njut av den uppfriskande druvsmaken med en isig twist<\/p>\n<p>F\u00f6r alla som s\u00f6ker en uppfriskande och samtidigt fruktig smakkombo \u00e4r Grape Ice WASPE 5000 PUFFS E-penna precis r\u00e4tt. Denna <strong><a href=\"https:\/\/www.elementvape.de\/sv\/\" target=\"_blank\" rel=\"noopener\">E-Cigarett<\/a><\/strong> f\u00f6renar den intensiva smaken av mogna druvor med en sval, isig twist och ger d\u00e4rmed en o\u00f6vertr\u00e4ffad vapingupplevelse. Nu kan du k\u00f6pa denna premiumprodukt tullfri och till oslagbara grossistpriser.<\/p>\n<h3>Varf\u00f6r Grape Ice WASPE 5000 PUFFS E-penna utm\u00e4rker sig<\/h3>\n<ol>\n<li>L\u00e4ckert druvsmak: Grape Ice WASPE 5000 PUFFS E-penna erbjuder den fylliga, s\u00f6ta smaken av saftiga druvor. Smakintensiteten av mogna druvor kompletteras perfekt med en sval is-effekt, som ger varje drag en uppfriskande ton.<\/li>\n<li>L\u00e5ngvarig \u00e5ngproduktion: Utrustad med en gener\u00f6s 13 ml E-liquid-tank och ett kraftfullt 650mAh-batteri m\u00f6jligg\u00f6r denna e-penna upp till 5000 drag. Du kan njuta av den fruktiga och kyliga smaken under en l\u00e4ngre tid utan att beh\u00f6va fylla p\u00e5 eller ladda ofta.<\/li>\n<li>Stilrent och kompakt design: Grape Ice WASPE 5000 PUFFS E-penna utm\u00e4rker sig med sin moderna och handv\u00e4nliga design. Med m\u00e5tten 79mm x 41mm x 19mm och en vikt p\u00e5 endast 89g ligger den bekv\u00e4mt i handen och \u00e4r l\u00e4tt att ta med sig \u2013 perfekt f\u00f6r daglig anv\u00e4ndning eller p\u00e5 spr\u00e5ng.<\/li>\n<li>Enkel anv\u00e4ndning: Denna e-penna k\u00e4nnetecknas av sin anv\u00e4ndarv\u00e4nlighet. Ingen komplicerad inst\u00e4llning eller knapptryckning \u2013 dra bara i munstycket, och e-pennan aktiveras automatiskt. Det g\u00f6r den till ett utm\u00e4rkt val f\u00f6r b\u00e5de nyb\u00f6rjare och erfarna vapers.<\/li>\n<li>Tullfri och till grossistpriser tillg\u00e4nglig: Passa p\u00e5 att k\u00f6pa Grape Ice WASPE 5000 PUFFS E-penna tullfritt och dra nytta av grossistpriser. Detta erbjudande garanterar dig en h\u00f6gkvalitativ produkt till ett mycket attraktivt pris.<\/li>\n<\/ol>\n<h3>Sammanfattning: En uppfriskande njutning f\u00f6r dina sinnen<\/h3>\n<p>Grape Ice WASPE 5000 PUFFS E-penna ger dig den perfekta kombinationen av s\u00f6t druvsmak och uppfriskande kyla. Med sitt imponerande antal drag, eleganta design och enkla anv\u00e4ndning \u00e4r den ett idealiskt val f\u00f6r alla som \u00e4lskar fruktiga och uppfriskande smaker. S\u00e4kra dig nu Grape Ice WASPE 5000 PUFFS E-penna tullfritt och till grossistpriser och njut av en o\u00f6vertr\u00e4ffad vapingupplevelse med varje drag<\/p>","protected":false},"excerpt":{"rendered":"<p>Grape Ice WASPE 5000 PUFFS E-Zigarette \u2013 Jetzt zollfrei erh\u00e4ltlich und zu Gro\u00dfhandelspreisen \u2013 Genie\u00dfen Sie den erfrischenden Traubengeschmack mit einem eisigen Twist F\u00fcr alle, die eine erfrischende und gleichzeitig fruchtige Geschmackskombination suchen, ist die Grape Ice WASPE 5000 PUFFS E-Zigarette genau das Richtige. Diese E-Zigarette vereint den intensiven Geschmack reifer Trauben mit einem k\u00fchlen, [&hellip;]<\/p>","protected":false},"featured_media":14050,"template":"","meta":{"inline_featured_image":false},"product_cat":[15,78,735,746,741,733,744,755,738,751,726],"product_tag":[710,678],"tiered_pricing_type":"fixed","tiered_pricing_fixed_rules":[],"tiered_pricing_percentage_rules":[],"tiered_pricing_minimum":1,"_administrator_tiered_pricing_type":"fixed","_administrator_tiered_pricing_fixed_rules":[],"_editor_tiered_pricing_type":"fixed","_editor_tiered_pricing_fixed_rules":[],"_author_tiered_pricing_type":"fixed","_author_tiered_pricing_fixed_rules":[],"_contributor_tiered_pricing_type":"fixed","_contributor_tiered_pricing_fixed_rules":[],"_subscriber_tiered_pricing_type":"fixed","_subscriber_tiered_pricing_fixed_rules":[],"_customer_tiered_pricing_type":"fixed","_customer_tiered_pricing_fixed_rules":[],"_shop_manager_tiered_pricing_type":"fixed","_shop_manager_tiered_pricing_fixed_rules":[],"_wpseo_manager_tiered_pricing_type":"fixed","_wpseo_manager_tiered_pricing_fixed_rules":[],"_wpseo_editor_tiered_pricing_type":"fixed","_wpseo_editor_tiered_pricing_fixed_rules":[],"_wholesale_customer_tiered_pricing_type":"fixed","_wholesale_customer_tiered_pricing_fixed_rules":[],"_marketer_tiered_pricing_type":"fixed","_marketer_tiered_pricing_fixed_rules":[],"_sales_manager_tiered_pricing_type":"fixed","_sales_manager_tiered_pricing_fixed_rules":[],"_sales_rep_tiered_pricing_type":"fixed","_sales_rep_tiered_pricing_fixed_rules":[],"yoast_head":"<!-- This site is optimized with the Yoast SEO plugin v23.3 - https:\/\/yoast.com\/wordpress\/plugins\/seo\/ -->\n<title>Grape Ice WASPE 5000 PUFFS E-Zigarette Jetzt zollfrei erh\u00e4ltlich und zu Gro\u00dfhandelspreisen \u2013 Genie\u00dfen Sie den erfrischenden Traubengeschmack mit einem eisigen Twist | ElementVape.de<\/title>\n<meta name=\"description\" content=\"Wir bieten Grape Ice WASPE 5000 PUFFS E-Zigarette Jetzt zollfrei erh\u00e4ltlich und zu Gro\u00dfhandelspreisen \u2013 Genie\u00dfen Sie den erfrischenden Traubengeschmack mit einem eisigen Twist , Elementvape.de akzeptieren Gro\u00df-und Einzelhandel Bestellungen.\" \/>\n<meta name=\"robots\" content=\"index, follow, max-snippet:-1, max-image-preview:large, max-video-preview:-1\" \/>\n<link rel=\"canonical\" href=\"https:\/\/www.elementvape.de\/sv\/produkt\/grape-ice-waspe-5000-puffs-e-zigarette-jetzt-zollfrei-erhaeltlich-und-zu-grosshandelspreisen-geniessen-sie-den-erfrischenden-traubengeschmack-mit-einem-eisigen-twist\/\" \/>\n<meta property=\"og:locale\" content=\"sv_SE\" \/>\n<meta property=\"og:type\" content=\"article\" \/>\n<meta property=\"og:title\" content=\"Grape Ice WASPE 5000 PUFFS E-Zigarette Jetzt zollfrei erh\u00e4ltlich und zu Gro\u00dfhandelspreisen \u2013 Genie\u00dfen Sie den erfrischenden Traubengeschmack mit einem eisigen Twist | ElementVape.de\" \/>\n<meta property=\"og:description\" content=\"Wir bieten Grape Ice WASPE 5000 PUFFS E-Zigarette Jetzt zollfrei erh\u00e4ltlich und zu Gro\u00dfhandelspreisen \u2013 Genie\u00dfen Sie den erfrischenden Traubengeschmack mit einem eisigen Twist , Elementvape.de akzeptieren Gro\u00df-und Einzelhandel Bestellungen.\" \/>\n<meta property=\"og:url\" content=\"https:\/\/www.elementvape.de\/sv\/produkt\/grape-ice-waspe-5000-puffs-e-zigarette-jetzt-zollfrei-erhaeltlich-und-zu-grosshandelspreisen-geniessen-sie-den-erfrischenden-traubengeschmack-mit-einem-eisigen-twist\/\" \/>\n<meta property=\"og:site_name\" content=\"ElementVape.de\" \/>\n<meta property=\"article:modified_time\" content=\"2024-10-15T03:25:39+00:00\" \/>\n<meta property=\"og:image\" content=\"https:\/\/www.elementvape.de\/wp-content\/uploads\/2024\/08\/Grape-lce.webp\" \/>\n\t<meta property=\"og:image:width\" content=\"400\" \/>\n\t<meta property=\"og:image:height\" content=\"400\" \/>\n\t<meta property=\"og:image:type\" content=\"image\/webp\" \/>\n<meta name=\"twitter:card\" content=\"summary_large_image\" \/>\n<meta name=\"twitter:label1\" content=\"Est. reading time\" \/>\n\t<meta name=\"twitter:data1\" content=\"3 minuter\" \/>\n<script type=\"application\/ld+json\" class=\"yoast-schema-graph\">{\"@context\":\"https:\/\/schema.org\",\"@graph\":[{\"@type\":\"WebPage\",\"@id\":\"https:\/\/www.elementvape.de\/lt\/produkt\/grape-ice-waspe-5000-puffs-e-zigarette-jetzt-zollfrei-erhaeltlich-und-zu-grosshandelspreisen-geniessen-sie-den-erfrischenden-traubengeschmack-mit-einem-eisigen-twist\/\",\"url\":\"https:\/\/www.elementvape.de\/lt\/produkt\/grape-ice-waspe-5000-puffs-e-zigarette-jetzt-zollfrei-erhaeltlich-und-zu-grosshandelspreisen-geniessen-sie-den-erfrischenden-traubengeschmack-mit-einem-eisigen-twist\/\",\"name\":\"Grape Ice WASPE 5000 PUFFS E-Zigarette Jetzt zollfrei erh\u00e4ltlich und zu Gro\u00dfhandelspreisen \u2013 Genie\u00dfen Sie den erfrischenden Traubengeschmack mit einem eisigen Twist | ElementVape.de\",\"isPartOf\":{\"@id\":\"https:\/\/www.elementvape.de\/#website\"},\"primaryImageOfPage\":{\"@id\":\"https:\/\/www.elementvape.de\/lt\/produkt\/grape-ice-waspe-5000-puffs-e-zigarette-jetzt-zollfrei-erhaeltlich-und-zu-grosshandelspreisen-geniessen-sie-den-erfrischenden-traubengeschmack-mit-einem-eisigen-twist\/#primaryimage\"},\"image\":{\"@id\":\"https:\/\/www.elementvape.de\/lt\/produkt\/grape-ice-waspe-5000-puffs-e-zigarette-jetzt-zollfrei-erhaeltlich-und-zu-grosshandelspreisen-geniessen-sie-den-erfrischenden-traubengeschmack-mit-einem-eisigen-twist\/#primaryimage\"},\"thumbnailUrl\":\"https:\/\/www.elementvape.de\/wp-content\/uploads\/2024\/08\/Grape-lce.webp\",\"datePublished\":\"2024-08-28T03:02:52+00:00\",\"dateModified\":\"2024-10-15T03:25:39+00:00\",\"description\":\"Wir bieten Grape Ice WASPE 5000 PUFFS E-Zigarette Jetzt zollfrei erh\u00e4ltlich und zu Gro\u00dfhandelspreisen \u2013 Genie\u00dfen Sie den erfrischenden Traubengeschmack mit einem eisigen Twist , Elementvape.de akzeptieren Gro\u00df-und Einzelhandel Bestellungen.\",\"breadcrumb\":{\"@id\":\"https:\/\/www.elementvape.de\/lt\/produkt\/grape-ice-waspe-5000-puffs-e-zigarette-jetzt-zollfrei-erhaeltlich-und-zu-grosshandelspreisen-geniessen-sie-den-erfrischenden-traubengeschmack-mit-einem-eisigen-twist\/#breadcrumb\"},\"inLanguage\":\"sv-SE\",\"potentialAction\":[{\"@type\":\"ReadAction\",\"target\":[\"https:\/\/www.elementvape.de\/lt\/produkt\/grape-ice-waspe-5000-puffs-e-zigarette-jetzt-zollfrei-erhaeltlich-und-zu-grosshandelspreisen-geniessen-sie-den-erfrischenden-traubengeschmack-mit-einem-eisigen-twist\/\"]}]},{\"@type\":\"ImageObject\",\"inLanguage\":\"sv-SE\",\"@id\":\"https:\/\/www.elementvape.de\/lt\/produkt\/grape-ice-waspe-5000-puffs-e-zigarette-jetzt-zollfrei-erhaeltlich-und-zu-grosshandelspreisen-geniessen-sie-den-erfrischenden-traubengeschmack-mit-einem-eisigen-twist\/#primaryimage\",\"url\":\"https:\/\/www.elementvape.de\/wp-content\/uploads\/2024\/08\/Grape-lce.webp\",\"contentUrl\":\"https:\/\/www.elementvape.de\/wp-content\/uploads\/2024\/08\/Grape-lce.webp\",\"width\":400,\"height\":400,\"caption\":\"Grape lce\"},{\"@type\":\"BreadcrumbList\",\"@id\":\"https:\/\/www.elementvape.de\/lt\/produkt\/grape-ice-waspe-5000-puffs-e-zigarette-jetzt-zollfrei-erhaeltlich-und-zu-grosshandelspreisen-geniessen-sie-den-erfrischenden-traubengeschmack-mit-einem-eisigen-twist\/#breadcrumb\",\"itemListElement\":[{\"@type\":\"ListItem\",\"position\":1,\"name\":\"Home\",\"item\":\"https:\/\/www.elementvape.de\/\"},{\"@type\":\"ListItem\",\"position\":2,\"name\":\"Shop\",\"item\":\"https:\/\/www.elementvape.de\/shop\/\"},{\"@type\":\"ListItem\",\"position\":3,\"name\":\"Grape Ice WASPE 5000 PUFFS E-Zigarette Jetzt zollfrei erh\u00e4ltlich und zu Gro\u00dfhandelspreisen \u2013 Genie\u00dfen Sie den erfrischenden Traubengeschmack mit einem eisigen Twist\"}]},{\"@type\":\"WebSite\",\"@id\":\"https:\/\/www.elementvape.de\/#website\",\"url\":\"https:\/\/www.elementvape.de\/\",\"name\":\"ElementVape.de\",\"description\":\"\",\"publisher\":{\"@id\":\"https:\/\/www.elementvape.de\/#organization\"},\"potentialAction\":[{\"@type\":\"SearchAction\",\"target\":{\"@type\":\"EntryPoint\",\"urlTemplate\":\"https:\/\/www.elementvape.de\/?s={search_term_string}\"},\"query-input\":\"required name=search_term_string\"}],\"inLanguage\":\"sv-SE\"},{\"@type\":\"Organization\",\"@id\":\"https:\/\/www.elementvape.de\/#organization\",\"name\":\"ElementVape.DE\",\"url\":\"https:\/\/www.elementvape.de\/\",\"logo\":{\"@type\":\"ImageObject\",\"inLanguage\":\"sv-SE\",\"@id\":\"https:\/\/www.elementvape.de\/#\/schema\/logo\/image\/\",\"url\":\"https:\/\/www.elementvape.de\/wp-content\/uploads\/2024\/09\/cropped-1elementvape-3.png\",\"contentUrl\":\"https:\/\/www.elementvape.de\/wp-content\/uploads\/2024\/09\/cropped-1elementvape-3.png\",\"width\":285,\"height\":228,\"caption\":\"ElementVape.DE\"},\"image\":{\"@id\":\"https:\/\/www.elementvape.de\/#\/schema\/logo\/image\/\"}}]}<\/script>\n<!-- \/ Yoast SEO plugin. -->","yoast_head_json":{"title":"Grape Ice WASPE 5000 PUFFS E-Zigarette Jetzt zollfrei erh\u00e4ltlich und zu Gro\u00dfhandelspreisen \u2013 Genie\u00dfen Sie den erfrischenden Traubengeschmack mit einem eisigen Twist | ElementVape.de","description":"Wir bieten Grape Ice WASPE 5000 PUFFS E-Zigarette Jetzt zollfrei erh\u00e4ltlich und zu Gro\u00dfhandelspreisen \u2013 Genie\u00dfen Sie den erfrischenden Traubengeschmack mit einem eisigen Twist , Elementvape.de akzeptieren Gro\u00df-und Einzelhandel Bestellungen.","robots":{"index":"index","follow":"follow","max-snippet":"max-snippet:-1","max-image-preview":"max-image-preview:large","max-video-preview":"max-video-preview:-1"},"canonical":"https:\/\/www.elementvape.de\/sv\/produkt\/grape-ice-waspe-5000-puffs-e-zigarette-jetzt-zollfrei-erhaeltlich-und-zu-grosshandelspreisen-geniessen-sie-den-erfrischenden-traubengeschmack-mit-einem-eisigen-twist\/","og_locale":"sv_SE","og_type":"article","og_title":"Grape Ice WASPE 5000 PUFFS E-Zigarette Jetzt zollfrei erh\u00e4ltlich und zu Gro\u00dfhandelspreisen \u2013 Genie\u00dfen Sie den erfrischenden Traubengeschmack mit einem eisigen Twist | ElementVape.de","og_description":"Wir bieten Grape Ice WASPE 5000 PUFFS E-Zigarette Jetzt zollfrei erh\u00e4ltlich und zu Gro\u00dfhandelspreisen \u2013 Genie\u00dfen Sie den erfrischenden Traubengeschmack mit einem eisigen Twist , Elementvape.de akzeptieren Gro\u00df-und Einzelhandel Bestellungen.","og_url":"https:\/\/www.elementvape.de\/sv\/produkt\/grape-ice-waspe-5000-puffs-e-zigarette-jetzt-zollfrei-erhaeltlich-und-zu-grosshandelspreisen-geniessen-sie-den-erfrischenden-traubengeschmack-mit-einem-eisigen-twist\/","og_site_name":"ElementVape.de","article_modified_time":"2024-10-15T03:25:39+00:00","og_image":[{"width":400,"height":400,"url":"https:\/\/www.elementvape.de\/wp-content\/uploads\/2024\/08\/Grape-lce.webp","type":"image\/webp"}],"twitter_card":"summary_large_image","twitter_misc":{"Est. reading time":"3 minuter"},"schema":{"@context":"https:\/\/schema.org","@graph":[{"@type":"WebPage","@id":"https:\/\/www.elementvape.de\/lt\/produkt\/grape-ice-waspe-5000-puffs-e-zigarette-jetzt-zollfrei-erhaeltlich-und-zu-grosshandelspreisen-geniessen-sie-den-erfrischenden-traubengeschmack-mit-einem-eisigen-twist\/","url":"https:\/\/www.elementvape.de\/lt\/produkt\/grape-ice-waspe-5000-puffs-e-zigarette-jetzt-zollfrei-erhaeltlich-und-zu-grosshandelspreisen-geniessen-sie-den-erfrischenden-traubengeschmack-mit-einem-eisigen-twist\/","name":"Grape Ice WASPE 5000 PUFFS E-Zigarette Jetzt zollfrei erh\u00e4ltlich und zu Gro\u00dfhandelspreisen \u2013 Genie\u00dfen Sie den erfrischenden Traubengeschmack mit einem eisigen Twist | ElementVape.de","isPartOf":{"@id":"https:\/\/www.elementvape.de\/#website"},"primaryImageOfPage":{"@id":"https:\/\/www.elementvape.de\/lt\/produkt\/grape-ice-waspe-5000-puffs-e-zigarette-jetzt-zollfrei-erhaeltlich-und-zu-grosshandelspreisen-geniessen-sie-den-erfrischenden-traubengeschmack-mit-einem-eisigen-twist\/#primaryimage"},"image":{"@id":"https:\/\/www.elementvape.de\/lt\/produkt\/grape-ice-waspe-5000-puffs-e-zigarette-jetzt-zollfrei-erhaeltlich-und-zu-grosshandelspreisen-geniessen-sie-den-erfrischenden-traubengeschmack-mit-einem-eisigen-twist\/#primaryimage"},"thumbnailUrl":"https:\/\/www.elementvape.de\/wp-content\/uploads\/2024\/08\/Grape-lce.webp","datePublished":"2024-08-28T03:02:52+00:00","dateModified":"2024-10-15T03:25:39+00:00","description":"Wir bieten Grape Ice WASPE 5000 PUFFS E-Zigarette Jetzt zollfrei erh\u00e4ltlich und zu Gro\u00dfhandelspreisen \u2013 Genie\u00dfen Sie den erfrischenden Traubengeschmack mit einem eisigen Twist , Elementvape.de akzeptieren Gro\u00df-und Einzelhandel Bestellungen.","breadcrumb":{"@id":"https:\/\/www.elementvape.de\/lt\/produkt\/grape-ice-waspe-5000-puffs-e-zigarette-jetzt-zollfrei-erhaeltlich-und-zu-grosshandelspreisen-geniessen-sie-den-erfrischenden-traubengeschmack-mit-einem-eisigen-twist\/#breadcrumb"},"inLanguage":"sv-SE","potentialAction":[{"@type":"ReadAction","target":["https:\/\/www.elementvape.de\/lt\/produkt\/grape-ice-waspe-5000-puffs-e-zigarette-jetzt-zollfrei-erhaeltlich-und-zu-grosshandelspreisen-geniessen-sie-den-erfrischenden-traubengeschmack-mit-einem-eisigen-twist\/"]}]},{"@type":"ImageObject","inLanguage":"sv-SE","@id":"https:\/\/www.elementvape.de\/lt\/produkt\/grape-ice-waspe-5000-puffs-e-zigarette-jetzt-zollfrei-erhaeltlich-und-zu-grosshandelspreisen-geniessen-sie-den-erfrischenden-traubengeschmack-mit-einem-eisigen-twist\/#primaryimage","url":"https:\/\/www.elementvape.de\/wp-content\/uploads\/2024\/08\/Grape-lce.webp","contentUrl":"https:\/\/www.elementvape.de\/wp-content\/uploads\/2024\/08\/Grape-lce.webp","width":400,"height":400,"caption":"Grape lce"},{"@type":"BreadcrumbList","@id":"https:\/\/www.elementvape.de\/lt\/produkt\/grape-ice-waspe-5000-puffs-e-zigarette-jetzt-zollfrei-erhaeltlich-und-zu-grosshandelspreisen-geniessen-sie-den-erfrischenden-traubengeschmack-mit-einem-eisigen-twist\/#breadcrumb","itemListElement":[{"@type":"ListItem","position":1,"name":"Home","item":"https:\/\/www.elementvape.de\/"},{"@type":"ListItem","position":2,"name":"Shop","item":"https:\/\/www.elementvape.de\/shop\/"},{"@type":"ListItem","position":3,"name":"Grape Ice WASPE 5000 PUFFS E-Zigarette Jetzt zollfrei erh\u00e4ltlich und zu Gro\u00dfhandelspreisen \u2013 Genie\u00dfen Sie den erfrischenden Traubengeschmack mit einem eisigen Twist"}]},{"@type":"WebSite","@id":"https:\/\/www.elementvape.de\/#website","url":"https:\/\/www.elementvape.de\/","name":"ElementVape.de","description":"","publisher":{"@id":"https:\/\/www.elementvape.de\/#organization"},"potentialAction":[{"@type":"SearchAction","target":{"@type":"EntryPoint","urlTemplate":"https:\/\/www.elementvape.de\/?s={search_term_string}"},"query-input":"required name=search_term_string"}],"inLanguage":"sv-SE"},{"@type":"Organization","@id":"https:\/\/www.elementvape.de\/#organization","name":"ElementVape.DE","url":"https:\/\/www.elementvape.de\/","logo":{"@type":"ImageObject","inLanguage":"sv-SE","@id":"https:\/\/www.elementvape.de\/#\/schema\/logo\/image\/","url":"https:\/\/www.elementvape.de\/wp-content\/uploads\/2024\/09\/cropped-1elementvape-3.png","contentUrl":"https:\/\/www.elementvape.de\/wp-content\/uploads\/2024\/09\/cropped-1elementvape-3.png","width":285,"height":228,"caption":"ElementVape.DE"},"image":{"@id":"https:\/\/www.elementvape.de\/#\/schema\/logo\/image\/"}}]}},"_links":{"self":[{"href":"https:\/\/www.elementvape.de\/sv\/wp-json\/wp\/v2\/product\/14049"}],"collection":[{"href":"https:\/\/www.elementvape.de\/sv\/wp-json\/wp\/v2\/product"}],"about":[{"href":"https:\/\/www.elementvape.de\/sv\/wp-json\/wp\/v2\/types\/product"}],"wp:featuredmedia":[{"embeddable":true,"href":"https:\/\/www.elementvape.de\/sv\/wp-json\/wp\/v2\/media\/14050"}],"wp:attachment":[{"href":"https:\/\/www.elementvape.de\/sv\/wp-json\/wp\/v2\/media?parent=14049"}],"wp:term":[{"taxonomy":"product_cat","embeddable":true,"href":"https:\/\/www.elementvape.de\/sv\/wp-json\/wp\/v2\/product_cat?post=14049"},{"taxonomy":"product_tag","embeddable":true,"href":"https:\/\/www.elementvape.de\/sv\/wp-json\/wp\/v2\/product_tag?post=14049"}],"curies":[{"name":"wp","href":"https:\/\/api.w.org\/{rel}","templated":true}]}}