{"id":13999,"date":"2024-08-23T09:06:01","date_gmt":"2024-08-23T09:06:01","guid":{"rendered":"https:\/\/www.elementvape.de\/?post_type=product&#038;p=13999"},"modified":"2024-10-15T03:50:15","modified_gmt":"2024-10-15T03:50:15","slug":"zollfreie-e-zigarette-waspe-12000-strawberry-donuts-12000-zuege-650-mah-akku-typ-c-anschluss","status":"publish","type":"product","link":"https:\/\/www.elementvape.de\/sv\/produkt\/zollfreie-e-zigarette-waspe-12000-strawberry-donuts-12000-zuege-650-mah-akku-typ-c-anschluss\/","title":{"rendered":"Tullfri e-cigaretter WASPE 12000 STRAWBERRY DONUTS 12000 drag 650 mAh batteri Typ-C-anslutning"},"content":{"rendered":"<div class=\"flex-shrink-0 flex flex-col relative items-end\">\n<div>\n<div class=\"pt-0\">\n<div class=\"gizmo-bot-avatar flex h-8 w-8 items-center justify-center overflow-hidden rounded-full\">\n<div class=\"relative p-1 rounded-sm flex items-center justify-center bg-token-main-surface-primary text-token-text-primary h-8 w-8\"><\/div>\n<\/div>\n<\/div>\n<\/div>\n<\/div>\n<div class=\"group\/conversation-turn relative flex w-full min-w-0 flex-col agent-turn\">\n<div class=\"flex-col gap-1 md:gap-3\">\n<div class=\"flex max-w-full flex-col flex-grow\">\n<div class=\"min-h-[20px] text-message flex w-full flex-col items-end gap-2 break-words [.text-message+&amp;]:mt-5 overflow-x-auto whitespace-pre-wrap\" dir=\"auto\" data-message-author-role=\"assistant\" data-message-id=\"3ab32f01-0459-4393-b89a-ad41f829d7d5\">\n<div class=\"flex w-full flex-col gap-1 empty:hidden first:pt-[3px]\">\n<div class=\"markdown prose w-full break-words dark:prose-invert light\">\n<h2>WASPE-12000 E-cigaretter S\u00f6t njutning med STRAWBERRY DONUTS<\/h2>\n<p>WASPE-12000 <strong><a href=\"https:\/\/www.elementvape.de\/sv\/\" target=\"_blank\" rel=\"noopener\">E-Cigarett<\/a><\/strong> s\u00e4tter nya standarder f\u00f6r vapingupplevelsen med sin uts\u00f6kta smak av STRAWBERRY DONUTS. Denna tullfria e-cigarett kombinerar h\u00f6g prestanda med en f\u00f6rf\u00f6risk smak som perfekt f\u00f6renar den s\u00f6ta njutningen av jordgubbar och donuts i en vapingupplevelse. Med ett imponerande antal drag och avancerad teknik \u00e4r WASPE-12000 det perfekta valet f\u00f6r vapers som \u00f6nskar en l\u00e5ngvarig och l\u00e4cker njutning.<\/p>\n<h3>STRAWBERRY DONUTS: En s\u00f6t delikatess<\/h3>\n<p>Smaken av STRAWBERRY DONUTS kombinerar saftig s\u00f6tma fr\u00e5n f\u00e4rska jordgubbar med den l\u00e4ckra, l\u00e4tt fetaktiga smaken av nybakade donuts. Denna smakkombo ger en rik och tillfredsst\u00e4llande upplevelse som p\u00e5minner om ett gott, s\u00f6tt mellanm\u00e5l. Varje drag f\u00f6rmedlar den fulla smaken av fruktiga jordgubbar och de varma, sm\u00f6riga aromerna av en donut, vilket ger en njutbar och samtidigt s\u00f6t vapingupplevelse.<\/p>\n<p>Med en gener\u00f6s E-liquid-kapacitet p\u00e5 20 ml och upp till 12 000 drag levererar WASPE-12000 konsekvent och intensiv smak. Den s\u00f6ta aromen beh\u00e5lls under hela anv\u00e4ndningen, vilket s\u00e4kerst\u00e4ller en j\u00e4mn och h\u00f6g vapingkvalitet.<\/p>\n<p>WASPE-12000 e-cigaretter erbjuder inte bara en enast\u00e5ende smakupplevelse utan \u00e4ven f\u00f6rstklassig teknisk utrustning. De viktigaste tekniska detaljerna sammanfattas i f\u00f6ljande tabell:<\/p>\n<table>\n<thead>\n<tr>\n<th><strong>Egenskap<\/strong><\/th>\n<th><strong>Detaljer<\/strong><\/th>\n<\/tr>\n<\/thead>\n<tbody>\n<tr>\n<td>Modell<\/td>\n<td>WASPE-12000<\/td>\n<\/tr>\n<tr>\n<td>Smak<\/td>\n<td>JORDGUBBS DONUTS<\/td>\n<\/tr>\n<tr>\n<td>Material<\/td>\n<td>Aluminiumlegering, PCGT<\/td>\n<\/tr>\n<tr>\n<td>N-halt<\/td>\n<td>2%, 5%<\/td>\n<\/tr>\n<tr>\n<td>Spolemotst\u00e5nd<\/td>\n<td>1,0\u03a9<\/td>\n<\/tr>\n<tr>\n<td>Bloss<\/td>\n<td>12 000 drag<\/td>\n<\/tr>\n<tr>\n<td>E-Liquid-kapacitet<\/td>\n<td>20 ml<\/td>\n<\/tr>\n<tr>\n<td>Batterikapacitet<\/td>\n<td>650 mAh<\/td>\n<\/tr>\n<tr>\n<td>Prestandaomr\u00e5de<\/td>\n<td>7-12V<\/td>\n<\/tr>\n<tr>\n<td>\u00c5teruppladdningsbar<\/td>\n<td>Ja<\/td>\n<\/tr>\n<tr>\n<td>Laddningsanslutning<\/td>\n<td>Typ-C<\/td>\n<\/tr>\n<tr>\n<td>Nettovikt<\/td>\n<td>96 g<\/td>\n<\/tr>\n<tr>\n<td>Produktstorlek<\/td>\n<td>32<em>36<\/em>116 mm<\/td>\n<\/tr>\n<\/tbody>\n<\/table>\n<p>650 mAh-batteriet ger tillr\u00e4cklig energi f\u00f6r l\u00e5ng anv\u00e4ndning, medan Typ-C-laddningsporten m\u00f6jligg\u00f6r snabb och enkel uppladdning. Den kompakta storleken och den l\u00e4tta vikten g\u00f6r e-cigaretterna idealiska f\u00f6r daglig anv\u00e4ndning, och de robusta materialen garanterar h\u00e5llbarhet och tillf\u00f6rlitlighet.<\/p>\n<p>En extra f\u00f6rdel med WASPE-12000 e-cigaretter \u00e4r deras tullfria tillg\u00e4nglighet i Sverige. Detta m\u00f6jligg\u00f6r f\u00f6r konsumenter att k\u00f6pa en h\u00f6gkvalitativ produkt till ett attraktivt pris utan extra kostnader f\u00f6r tullavgifter eller h\u00f6ga skatter. F\u00f6r \u00e5terf\u00f6rs\u00e4ljare \u00f6ppnar detta m\u00f6jligheten att erbjuda en eftertraktad och konkurrenskraftig produkt som tilltalar en bred kundkrets.<\/p>\n<p>Med den f\u00f6rf\u00f6riska smaken av STRAWBERRY DONUTS och den avancerade tekniska utrustningen \u00e4r WASPE-12000 e-cigaretter det perfekta valet f\u00f6r vapers som s\u00f6ker en s\u00f6t, l\u00e5ngvarig och h\u00f6gkvalitativ vapingupplevelse. Denna modell kombinerar f\u00f6rstklassig smak med anv\u00e4ndarv\u00e4nlighet och erbjuder en utm\u00e4rkt l\u00f6sning f\u00f6r dagligt n\u00f6je.<\/p>\n<\/div>\n<\/div>\n<\/div>\n<\/div>\n<\/div>\n<\/div>","protected":false},"excerpt":{"rendered":"<p>WASPE-12000 E-Zigarette S\u00fc\u00dfer Genuss mit STRAWBERRY DONUTS Die WASPE-12000 E-Zigarette setzt neue Ma\u00dfst\u00e4be im Dampferlebnis mit ihrem k\u00f6stlichen Aroma von STRAWBERRY DONUTS. Diese zollfreie E-Zigarette vereint hohe Leistung mit einem verf\u00fchrerischen Geschmack, der den s\u00fc\u00dfen Genuss von Erdbeeren und Donuts perfekt in einem Dampferlebnis vereint. Mit einer beeindruckenden Anzahl an Z\u00fcgen und fortschrittlicher Technik ist [&hellip;]<\/p>","protected":false},"featured_media":14000,"template":"","meta":{"inline_featured_image":false},"product_cat":[15,78,735,746,741,733,744,755,738,751,722],"product_tag":[710,673],"tiered_pricing_type":"fixed","tiered_pricing_fixed_rules":{"110":"6.83","200":"6.07","500":"5.31"},"tiered_pricing_percentage_rules":[],"tiered_pricing_minimum":1,"_administrator_tiered_pricing_type":"fixed","_administrator_tiered_pricing_fixed_rules":[],"_editor_tiered_pricing_type":"fixed","_editor_tiered_pricing_fixed_rules":[],"_author_tiered_pricing_type":"fixed","_author_tiered_pricing_fixed_rules":[],"_contributor_tiered_pricing_type":"fixed","_contributor_tiered_pricing_fixed_rules":[],"_subscriber_tiered_pricing_type":"fixed","_subscriber_tiered_pricing_fixed_rules":[],"_customer_tiered_pricing_type":"fixed","_customer_tiered_pricing_fixed_rules":[],"_shop_manager_tiered_pricing_type":"fixed","_shop_manager_tiered_pricing_fixed_rules":[],"_wpseo_manager_tiered_pricing_type":"fixed","_wpseo_manager_tiered_pricing_fixed_rules":[],"_wpseo_editor_tiered_pricing_type":"fixed","_wpseo_editor_tiered_pricing_fixed_rules":[],"_wholesale_customer_tiered_pricing_type":"fixed","_wholesale_customer_tiered_pricing_fixed_rules":[],"_marketer_tiered_pricing_type":"fixed","_marketer_tiered_pricing_fixed_rules":[],"_sales_manager_tiered_pricing_type":"fixed","_sales_manager_tiered_pricing_fixed_rules":[],"_sales_rep_tiered_pricing_type":"fixed","_sales_rep_tiered_pricing_fixed_rules":[],"yoast_head":"<!-- This site is optimized with the Yoast SEO plugin v23.3 - https:\/\/yoast.com\/wordpress\/plugins\/seo\/ -->\n<title>Zollfreie E-Zigarette WASPE 12000 STRAWBERRY DONUTS 12000 Z\u00fcge 650 mAh Akku Typ-C Anschluss | ElementVape.de<\/title>\n<meta name=\"description\" content=\"Wir bieten Zollfreie E-Zigarette WASPE 12000 STRAWBERRY DONUTS 12000 Z\u00fcge 650 mAh Akku Typ-C Anschluss , Elementvape.de akzeptieren Gro\u00df-und Einzelhandel Bestellungen.\" \/>\n<meta name=\"robots\" content=\"index, follow, max-snippet:-1, max-image-preview:large, max-video-preview:-1\" \/>\n<link rel=\"canonical\" href=\"https:\/\/www.elementvape.de\/sv\/produkt\/zollfreie-e-zigarette-waspe-12000-strawberry-donuts-12000-zuege-650-mah-akku-typ-c-anschluss\/\" \/>\n<meta property=\"og:locale\" content=\"sv_SE\" \/>\n<meta property=\"og:type\" content=\"article\" \/>\n<meta property=\"og:title\" content=\"Zollfreie E-Zigarette WASPE 12000 STRAWBERRY DONUTS 12000 Z\u00fcge 650 mAh Akku Typ-C Anschluss | ElementVape.de\" \/>\n<meta property=\"og:description\" content=\"Wir bieten Zollfreie E-Zigarette WASPE 12000 STRAWBERRY DONUTS 12000 Z\u00fcge 650 mAh Akku Typ-C Anschluss , Elementvape.de akzeptieren Gro\u00df-und Einzelhandel Bestellungen.\" \/>\n<meta property=\"og:url\" content=\"https:\/\/www.elementvape.de\/sv\/produkt\/zollfreie-e-zigarette-waspe-12000-strawberry-donuts-12000-zuege-650-mah-akku-typ-c-anschluss\/\" \/>\n<meta property=\"og:site_name\" content=\"ElementVape.de\" \/>\n<meta property=\"article:modified_time\" content=\"2024-10-15T03:50:15+00:00\" \/>\n<meta property=\"og:image\" content=\"https:\/\/www.elementvape.de\/wp-content\/uploads\/2024\/08\/STRAWBERRY-DONUTS.jpg\" \/>\n\t<meta property=\"og:image:width\" content=\"2500\" \/>\n\t<meta property=\"og:image:height\" content=\"1500\" \/>\n\t<meta property=\"og:image:type\" content=\"image\/jpeg\" \/>\n<meta name=\"twitter:card\" content=\"summary_large_image\" \/>\n<meta name=\"twitter:label1\" content=\"Est. reading time\" \/>\n\t<meta name=\"twitter:data1\" content=\"3 minuter\" \/>\n<script type=\"application\/ld+json\" class=\"yoast-schema-graph\">{\"@context\":\"https:\/\/schema.org\",\"@graph\":[{\"@type\":\"WebPage\",\"@id\":\"https:\/\/www.elementvape.de\/produkt\/zollfreie-e-zigarette-waspe-12000-strawberry-donuts-12000-zuege-650-mah-akku-typ-c-anschluss\/\",\"url\":\"https:\/\/www.elementvape.de\/produkt\/zollfreie-e-zigarette-waspe-12000-strawberry-donuts-12000-zuege-650-mah-akku-typ-c-anschluss\/\",\"name\":\"Zollfreie E-Zigarette WASPE 12000 STRAWBERRY DONUTS 12000 Z\u00fcge 650 mAh Akku Typ-C Anschluss | ElementVape.de\",\"isPartOf\":{\"@id\":\"https:\/\/www.elementvape.de\/#website\"},\"primaryImageOfPage\":{\"@id\":\"https:\/\/www.elementvape.de\/produkt\/zollfreie-e-zigarette-waspe-12000-strawberry-donuts-12000-zuege-650-mah-akku-typ-c-anschluss\/#primaryimage\"},\"image\":{\"@id\":\"https:\/\/www.elementvape.de\/produkt\/zollfreie-e-zigarette-waspe-12000-strawberry-donuts-12000-zuege-650-mah-akku-typ-c-anschluss\/#primaryimage\"},\"thumbnailUrl\":\"https:\/\/www.elementvape.de\/wp-content\/uploads\/2024\/08\/STRAWBERRY-DONUTS.jpg\",\"datePublished\":\"2024-08-23T09:06:01+00:00\",\"dateModified\":\"2024-10-15T03:50:15+00:00\",\"description\":\"Wir bieten Zollfreie E-Zigarette WASPE 12000 STRAWBERRY DONUTS 12000 Z\u00fcge 650 mAh Akku Typ-C Anschluss , Elementvape.de akzeptieren Gro\u00df-und Einzelhandel Bestellungen.\",\"breadcrumb\":{\"@id\":\"https:\/\/www.elementvape.de\/produkt\/zollfreie-e-zigarette-waspe-12000-strawberry-donuts-12000-zuege-650-mah-akku-typ-c-anschluss\/#breadcrumb\"},\"inLanguage\":\"sv-SE\",\"potentialAction\":[{\"@type\":\"ReadAction\",\"target\":[\"https:\/\/www.elementvape.de\/produkt\/zollfreie-e-zigarette-waspe-12000-strawberry-donuts-12000-zuege-650-mah-akku-typ-c-anschluss\/\"]}]},{\"@type\":\"ImageObject\",\"inLanguage\":\"sv-SE\",\"@id\":\"https:\/\/www.elementvape.de\/produkt\/zollfreie-e-zigarette-waspe-12000-strawberry-donuts-12000-zuege-650-mah-akku-typ-c-anschluss\/#primaryimage\",\"url\":\"https:\/\/www.elementvape.de\/wp-content\/uploads\/2024\/08\/STRAWBERRY-DONUTS.jpg\",\"contentUrl\":\"https:\/\/www.elementvape.de\/wp-content\/uploads\/2024\/08\/STRAWBERRY-DONUTS.jpg\",\"width\":2500,\"height\":1500,\"caption\":\"STRAWBERRY DONUTS\"},{\"@type\":\"BreadcrumbList\",\"@id\":\"https:\/\/www.elementvape.de\/produkt\/zollfreie-e-zigarette-waspe-12000-strawberry-donuts-12000-zuege-650-mah-akku-typ-c-anschluss\/#breadcrumb\",\"itemListElement\":[{\"@type\":\"ListItem\",\"position\":1,\"name\":\"Home\",\"item\":\"https:\/\/www.elementvape.de\/\"},{\"@type\":\"ListItem\",\"position\":2,\"name\":\"Shop\",\"item\":\"https:\/\/www.elementvape.de\/shop\/\"},{\"@type\":\"ListItem\",\"position\":3,\"name\":\"Zollfreie E-Zigarette WASPE 12000 STRAWBERRY DONUTS 12000 Z\u00fcge 650 mAh Akku Typ-C Anschluss\"}]},{\"@type\":\"WebSite\",\"@id\":\"https:\/\/www.elementvape.de\/#website\",\"url\":\"https:\/\/www.elementvape.de\/\",\"name\":\"ElementVape.de\",\"description\":\"\",\"publisher\":{\"@id\":\"https:\/\/www.elementvape.de\/#organization\"},\"potentialAction\":[{\"@type\":\"SearchAction\",\"target\":{\"@type\":\"EntryPoint\",\"urlTemplate\":\"https:\/\/www.elementvape.de\/?s={search_term_string}\"},\"query-input\":\"required name=search_term_string\"}],\"inLanguage\":\"sv-SE\"},{\"@type\":\"Organization\",\"@id\":\"https:\/\/www.elementvape.de\/#organization\",\"name\":\"ElementVape.DE\",\"url\":\"https:\/\/www.elementvape.de\/\",\"logo\":{\"@type\":\"ImageObject\",\"inLanguage\":\"sv-SE\",\"@id\":\"https:\/\/www.elementvape.de\/#\/schema\/logo\/image\/\",\"url\":\"https:\/\/www.elementvape.de\/wp-content\/uploads\/2024\/09\/cropped-1elementvape-3.png\",\"contentUrl\":\"https:\/\/www.elementvape.de\/wp-content\/uploads\/2024\/09\/cropped-1elementvape-3.png\",\"width\":285,\"height\":228,\"caption\":\"ElementVape.DE\"},\"image\":{\"@id\":\"https:\/\/www.elementvape.de\/#\/schema\/logo\/image\/\"}}]}<\/script>\n<!-- \/ Yoast SEO plugin. -->","yoast_head_json":{"title":"Zollfreie E-Zigarette WASPE 12000 STRAWBERRY DONUTS 12000 Z\u00fcge 650 mAh Akku Typ-C Anschluss | ElementVape.de","description":"Wir bieten Zollfreie E-Zigarette WASPE 12000 STRAWBERRY DONUTS 12000 Z\u00fcge 650 mAh Akku Typ-C Anschluss , Elementvape.de akzeptieren Gro\u00df-und Einzelhandel Bestellungen.","robots":{"index":"index","follow":"follow","max-snippet":"max-snippet:-1","max-image-preview":"max-image-preview:large","max-video-preview":"max-video-preview:-1"},"canonical":"https:\/\/www.elementvape.de\/sv\/produkt\/zollfreie-e-zigarette-waspe-12000-strawberry-donuts-12000-zuege-650-mah-akku-typ-c-anschluss\/","og_locale":"sv_SE","og_type":"article","og_title":"Zollfreie E-Zigarette WASPE 12000 STRAWBERRY DONUTS 12000 Z\u00fcge 650 mAh Akku Typ-C Anschluss | ElementVape.de","og_description":"Wir bieten Zollfreie E-Zigarette WASPE 12000 STRAWBERRY DONUTS 12000 Z\u00fcge 650 mAh Akku Typ-C Anschluss , Elementvape.de akzeptieren Gro\u00df-und Einzelhandel Bestellungen.","og_url":"https:\/\/www.elementvape.de\/sv\/produkt\/zollfreie-e-zigarette-waspe-12000-strawberry-donuts-12000-zuege-650-mah-akku-typ-c-anschluss\/","og_site_name":"ElementVape.de","article_modified_time":"2024-10-15T03:50:15+00:00","og_image":[{"width":2500,"height":1500,"url":"https:\/\/www.elementvape.de\/wp-content\/uploads\/2024\/08\/STRAWBERRY-DONUTS.jpg","type":"image\/jpeg"}],"twitter_card":"summary_large_image","twitter_misc":{"Est. reading time":"3 minuter"},"schema":{"@context":"https:\/\/schema.org","@graph":[{"@type":"WebPage","@id":"https:\/\/www.elementvape.de\/produkt\/zollfreie-e-zigarette-waspe-12000-strawberry-donuts-12000-zuege-650-mah-akku-typ-c-anschluss\/","url":"https:\/\/www.elementvape.de\/produkt\/zollfreie-e-zigarette-waspe-12000-strawberry-donuts-12000-zuege-650-mah-akku-typ-c-anschluss\/","name":"Zollfreie E-Zigarette WASPE 12000 STRAWBERRY DONUTS 12000 Z\u00fcge 650 mAh Akku Typ-C Anschluss | ElementVape.de","isPartOf":{"@id":"https:\/\/www.elementvape.de\/#website"},"primaryImageOfPage":{"@id":"https:\/\/www.elementvape.de\/produkt\/zollfreie-e-zigarette-waspe-12000-strawberry-donuts-12000-zuege-650-mah-akku-typ-c-anschluss\/#primaryimage"},"image":{"@id":"https:\/\/www.elementvape.de\/produkt\/zollfreie-e-zigarette-waspe-12000-strawberry-donuts-12000-zuege-650-mah-akku-typ-c-anschluss\/#primaryimage"},"thumbnailUrl":"https:\/\/www.elementvape.de\/wp-content\/uploads\/2024\/08\/STRAWBERRY-DONUTS.jpg","datePublished":"2024-08-23T09:06:01+00:00","dateModified":"2024-10-15T03:50:15+00:00","description":"Wir bieten Zollfreie E-Zigarette WASPE 12000 STRAWBERRY DONUTS 12000 Z\u00fcge 650 mAh Akku Typ-C Anschluss , Elementvape.de akzeptieren Gro\u00df-und Einzelhandel Bestellungen.","breadcrumb":{"@id":"https:\/\/www.elementvape.de\/produkt\/zollfreie-e-zigarette-waspe-12000-strawberry-donuts-12000-zuege-650-mah-akku-typ-c-anschluss\/#breadcrumb"},"inLanguage":"sv-SE","potentialAction":[{"@type":"ReadAction","target":["https:\/\/www.elementvape.de\/produkt\/zollfreie-e-zigarette-waspe-12000-strawberry-donuts-12000-zuege-650-mah-akku-typ-c-anschluss\/"]}]},{"@type":"ImageObject","inLanguage":"sv-SE","@id":"https:\/\/www.elementvape.de\/produkt\/zollfreie-e-zigarette-waspe-12000-strawberry-donuts-12000-zuege-650-mah-akku-typ-c-anschluss\/#primaryimage","url":"https:\/\/www.elementvape.de\/wp-content\/uploads\/2024\/08\/STRAWBERRY-DONUTS.jpg","contentUrl":"https:\/\/www.elementvape.de\/wp-content\/uploads\/2024\/08\/STRAWBERRY-DONUTS.jpg","width":2500,"height":1500,"caption":"STRAWBERRY DONUTS"},{"@type":"BreadcrumbList","@id":"https:\/\/www.elementvape.de\/produkt\/zollfreie-e-zigarette-waspe-12000-strawberry-donuts-12000-zuege-650-mah-akku-typ-c-anschluss\/#breadcrumb","itemListElement":[{"@type":"ListItem","position":1,"name":"Home","item":"https:\/\/www.elementvape.de\/"},{"@type":"ListItem","position":2,"name":"Shop","item":"https:\/\/www.elementvape.de\/shop\/"},{"@type":"ListItem","position":3,"name":"Zollfreie E-Zigarette WASPE 12000 STRAWBERRY DONUTS 12000 Z\u00fcge 650 mAh Akku Typ-C Anschluss"}]},{"@type":"WebSite","@id":"https:\/\/www.elementvape.de\/#website","url":"https:\/\/www.elementvape.de\/","name":"ElementVape.de","description":"","publisher":{"@id":"https:\/\/www.elementvape.de\/#organization"},"potentialAction":[{"@type":"SearchAction","target":{"@type":"EntryPoint","urlTemplate":"https:\/\/www.elementvape.de\/?s={search_term_string}"},"query-input":"required name=search_term_string"}],"inLanguage":"sv-SE"},{"@type":"Organization","@id":"https:\/\/www.elementvape.de\/#organization","name":"ElementVape.DE","url":"https:\/\/www.elementvape.de\/","logo":{"@type":"ImageObject","inLanguage":"sv-SE","@id":"https:\/\/www.elementvape.de\/#\/schema\/logo\/image\/","url":"https:\/\/www.elementvape.de\/wp-content\/uploads\/2024\/09\/cropped-1elementvape-3.png","contentUrl":"https:\/\/www.elementvape.de\/wp-content\/uploads\/2024\/09\/cropped-1elementvape-3.png","width":285,"height":228,"caption":"ElementVape.DE"},"image":{"@id":"https:\/\/www.elementvape.de\/#\/schema\/logo\/image\/"}}]}},"_links":{"self":[{"href":"https:\/\/www.elementvape.de\/sv\/wp-json\/wp\/v2\/product\/13999"}],"collection":[{"href":"https:\/\/www.elementvape.de\/sv\/wp-json\/wp\/v2\/product"}],"about":[{"href":"https:\/\/www.elementvape.de\/sv\/wp-json\/wp\/v2\/types\/product"}],"wp:featuredmedia":[{"embeddable":true,"href":"https:\/\/www.elementvape.de\/sv\/wp-json\/wp\/v2\/media\/14000"}],"wp:attachment":[{"href":"https:\/\/www.elementvape.de\/sv\/wp-json\/wp\/v2\/media?parent=13999"}],"wp:term":[{"taxonomy":"product_cat","embeddable":true,"href":"https:\/\/www.elementvape.de\/sv\/wp-json\/wp\/v2\/product_cat?post=13999"},{"taxonomy":"product_tag","embeddable":true,"href":"https:\/\/www.elementvape.de\/sv\/wp-json\/wp\/v2\/product_tag?post=13999"}],"curies":[{"name":"wp","href":"https:\/\/api.w.org\/{rel}","templated":true}]}}