{"id":13986,"date":"2024-08-23T06:56:59","date_gmt":"2024-08-23T06:56:59","guid":{"rendered":"https:\/\/www.elementvape.de\/?post_type=product&#038;p=13986"},"modified":"2024-12-12T06:33:52","modified_gmt":"2024-12-12T06:33:52","slug":"waspe-12000-e-zigarette-zollfrei-20-ml-mixed-berries-12000-zuege-650-mah-akku-typ-c","status":"publish","type":"product","link":"https:\/\/www.elementvape.de\/sv\/produkt\/waspe-12000-e-zigarette-zollfrei-20-ml-mixed-berries-12000-zuege-650-mah-akku-typ-c\/","title":{"rendered":"WASPE 12000 E-cigaretter Tullfri 20 ml MIXED BERRIES 12000 drag 650 mAh batteri Typ-C"},"content":{"rendered":"<div class=\"flex max-w-full flex-col flex-grow\">\n<div class=\"min-h-[20px] text-message flex w-full flex-col items-end gap-2 break-words [.text-message+&amp;]:mt-5 overflow-x-auto whitespace-pre-wrap\" dir=\"auto\" data-message-author-role=\"assistant\" data-message-id=\"7b6e934b-b350-4256-a023-4ee4cf9def9b\">\n<div class=\"flex w-full flex-col gap-1 empty:hidden first:pt-[3px]\">\n<div class=\"markdown prose w-full break-words dark:prose-invert light\">\n<p>WASPE-12000 E-cigarettern erbjuder en intensiv \u00e5ngupplevelse som utm\u00e4rks av den uts\u00f6kta och m\u00e5ngsidiga smaken av MIXED BERRIES. Denna tullfria e-cigaretter kombinerar modern teknik med en rik, fruktig smak och \u00e4r perfekt f\u00f6r <strong><a href=\"https:\/\/www.elementvape.de\/sv\/\" target=\"_blank\" rel=\"noopener\">r\u00f6kare<\/a><\/strong>, som uppskattar en blandning av olika b\u00e4raromer. Med ett h\u00f6gt antal drag och en gener\u00f6s E-liquid-kapacitet \u00e4r WASPE-12000 det perfekta valet f\u00f6r alla som s\u00f6ker en l\u00e5ngvarig och tillfredsst\u00e4llande \u00e5ngupplevelse.<\/p>\n<h2>MIXED BERRIES: En fruktig symfoni<\/h2>\n<p>Smaken av MIXED BERRIES kombinerar de s\u00f6ta, saftiga aromerna av olika b\u00e4r som jordgubbar, hallon, bl\u00e5b\u00e4r och svarta vinb\u00e4r. Denna blandning ger en balanserad och flerlagrad smakupplevelse som f\u00f6renar s\u00f6ta och l\u00e4tt syrliga toner. Varje drag ger en explosion av fruktaromer som harmoniskt sm\u00e4lter samman och skapar en livfull, uppfriskande \u00e5nggl\u00e4dje.<\/p>\n<p>Tack vare den gener\u00f6sa E-liquid-kapaciteten p\u00e5 20 ml och 12 000 drag erbjuder WASPE-12000 e-cigarettern en varaktigt intensiv smakupplevelse. B\u00e4rblandningen f\u00f6rblir konstant fr\u00e5n f\u00f6rsta till sista inhalation och ger l\u00e5ngvarig njutning \u00f6ver m\u00e5nga dagar.<\/p>\n<p>Tekniska data och anv\u00e4ndarv\u00e4nlighetWASPE-12000 e-cigarettern \u00e4r inte bara k\u00e4nd f\u00f6r sin utm\u00e4rkta smak, utan ocks\u00e5 f\u00f6r sin f\u00f6rstklassiga tekniska utrustning. De viktigaste tekniska specifikationerna \u00e4r listade i f\u00f6ljande tabell:<\/p>\n<table>\n<thead>\n<tr>\n<th><strong>Egenskap<\/strong><\/th>\n<th><strong>Detaljer<\/strong><\/th>\n<\/tr>\n<\/thead>\n<tbody>\n<tr>\n<td>Modell<\/td>\n<td>WASPE-12000<\/td>\n<\/tr>\n<tr>\n<td>Smak<\/td>\n<td>BLANDADE B\u00c4R<\/td>\n<\/tr>\n<tr>\n<td>Material<\/td>\n<td>Aluminiumlegering, PCGT<\/td>\n<\/tr>\n<tr>\n<td>N-halt<\/td>\n<td>2%, 5%<\/td>\n<\/tr>\n<tr>\n<td>Spolemotst\u00e5nd<\/td>\n<td>1,0\u03a9<\/td>\n<\/tr>\n<tr>\n<td>Bloss<\/td>\n<td>12 000 drag<\/td>\n<\/tr>\n<tr>\n<td>E-Liquid-kapacitet<\/td>\n<td>20 ml<\/td>\n<\/tr>\n<tr>\n<td>Batterikapacitet<\/td>\n<td>650 mAh<\/td>\n<\/tr>\n<tr>\n<td>Prestandaomr\u00e5de<\/td>\n<td>7-12V<\/td>\n<\/tr>\n<tr>\n<td>\u00c5teruppladdningsbar<\/td>\n<td>Ja<\/td>\n<\/tr>\n<tr>\n<td>Laddningsanslutning<\/td>\n<td>Typ-C<\/td>\n<\/tr>\n<tr>\n<td>Nettovikt<\/td>\n<td>96 g<\/td>\n<\/tr>\n<tr>\n<td>Produktstorlek<\/td>\n<td>32*36*116mm<\/td>\n<\/tr>\n<\/tbody>\n<\/table>\n<p>Med sitt 650 mAh batteri och den moderna Typ-C-laddningsanslutningen erbjuder WASPE-12000 en utm\u00e4rkt batteritid och enkel, snabb laddning. Den kompakta storleken och den l\u00e4tta vikten g\u00f6r denna e-cigaret perfekt f\u00f6r daglig anv\u00e4ndning, medan den robusta aluminiumlegeringen s\u00e4kerst\u00e4ller h\u00e5llbarhet.<\/p>\n<h3>Tullfri tillg\u00e4nglighet: En f\u00f6rdel f\u00f6r konsumenter<\/h3>\n<p>Den tullfria tillg\u00e4ngligheten av WASPE-12000 e-cigarettern g\u00f6r den till ett s\u00e4rskilt attraktivt alternativ p\u00e5 den svenska marknaden. Detta m\u00f6jligg\u00f6r f\u00f6r konsumenter att k\u00f6pa en h\u00f6gkvalitativ produkt till ett l\u00e4gre pris utan att kompromissa med kvaliteten. F\u00f6r \u00e5terf\u00f6rs\u00e4ljare ger detta m\u00f6jlighet att inkludera en eftertraktad och konkurrenskraftig produkt i sitt sortiment.<\/p>\n<p>Med sin intensiva MIXED BERRIES-smak och h\u00f6gkvalitativa tekniska utrustning \u00e4r WASPE-12000 e-cigarettern det perfekta valet f\u00f6r alla som s\u00f6ker en l\u00e5ngvarig och fruktig \u00e5ngupplevelse. Denna e-cigaretter kombinerar utm\u00e4rkt smak med f\u00f6rstklassig funktionalitet, vilket g\u00f6r den till en framst\u00e5ende produkt p\u00e5 marknaden.<\/p>\n<\/div>\n<\/div>\n<\/div>\n<\/div>","protected":false},"excerpt":{"rendered":"<p>Die WASPE-12000 E-Zigarette bietet ein intensives Dampferlebnis, das durch das k\u00f6stliche und vielseitige Aroma von MIXED BERRIES besticht. Diese zollfreie E-Zigarette vereint modernste Technik mit einem reichen, fruchtigen Geschmack und ist ideal f\u00fcr Dampfer, die eine Mischung aus verschiedenen Beerenaromen sch\u00e4tzen. Mit einer hohen Anzahl von Z\u00fcgen und einer gro\u00dfz\u00fcgigen E-Liquid-Kapazit\u00e4t ist die WASPE-12000 die [&hellip;]<\/p>","protected":false},"featured_media":13987,"template":"","meta":{"inline_featured_image":false},"product_cat":[15,78,735,746,741,733,744,755,738,751,732,722],"product_tag":[710,673],"tiered_pricing_type":"fixed","tiered_pricing_fixed_rules":{"110":"6.83","200":"6.07","500":"5.31"},"tiered_pricing_percentage_rules":[],"tiered_pricing_minimum":1,"_administrator_tiered_pricing_type":"fixed","_administrator_tiered_pricing_fixed_rules":[],"_editor_tiered_pricing_type":"fixed","_editor_tiered_pricing_fixed_rules":[],"_author_tiered_pricing_type":"fixed","_author_tiered_pricing_fixed_rules":[],"_contributor_tiered_pricing_type":"fixed","_contributor_tiered_pricing_fixed_rules":[],"_subscriber_tiered_pricing_type":"fixed","_subscriber_tiered_pricing_fixed_rules":[],"_customer_tiered_pricing_type":"fixed","_customer_tiered_pricing_fixed_rules":[],"_shop_manager_tiered_pricing_type":"fixed","_shop_manager_tiered_pricing_fixed_rules":[],"_wpseo_manager_tiered_pricing_type":"fixed","_wpseo_manager_tiered_pricing_fixed_rules":[],"_wpseo_editor_tiered_pricing_type":"fixed","_wpseo_editor_tiered_pricing_fixed_rules":[],"_wholesale_customer_tiered_pricing_type":"fixed","_wholesale_customer_tiered_pricing_fixed_rules":[],"_marketer_tiered_pricing_type":"fixed","_marketer_tiered_pricing_fixed_rules":[],"_sales_manager_tiered_pricing_type":"fixed","_sales_manager_tiered_pricing_fixed_rules":[],"_sales_rep_tiered_pricing_type":"fixed","_sales_rep_tiered_pricing_fixed_rules":[],"yoast_head":"<!-- This site is optimized with the Yoast SEO plugin v23.3 - https:\/\/yoast.com\/wordpress\/plugins\/seo\/ -->\n<title>WASPE 12000 E-Zigarette Zollfrei 20 ml MIXED BERRIES 12000 Z\u00fcge 650 mAh Akku Typ-C | ElementVape.de<\/title>\n<meta name=\"description\" content=\"Wir bieten WASPE 12000 E-Zigarette Zollfrei 20 ml MIXED BERRIES 12000 Z\u00fcge 650 mAh Akku Typ-C , Elementvape.de akzeptieren Gro\u00df-und Einzelhandel Bestellungen.\" \/>\n<meta name=\"robots\" content=\"index, follow, max-snippet:-1, max-image-preview:large, max-video-preview:-1\" \/>\n<link rel=\"canonical\" href=\"https:\/\/www.elementvape.de\/sv\/produkt\/waspe-12000-e-zigarette-zollfrei-20-ml-mixed-berries-12000-zuege-650-mah-akku-typ-c\/\" \/>\n<meta property=\"og:locale\" content=\"sv_SE\" \/>\n<meta property=\"og:type\" content=\"article\" \/>\n<meta property=\"og:title\" content=\"WASPE 12000 E-Zigarette Zollfrei 20 ml MIXED BERRIES 12000 Z\u00fcge 650 mAh Akku Typ-C | ElementVape.de\" \/>\n<meta property=\"og:description\" content=\"Wir bieten WASPE 12000 E-Zigarette Zollfrei 20 ml MIXED BERRIES 12000 Z\u00fcge 650 mAh Akku Typ-C , Elementvape.de akzeptieren Gro\u00df-und Einzelhandel Bestellungen.\" \/>\n<meta property=\"og:url\" content=\"https:\/\/www.elementvape.de\/sv\/produkt\/waspe-12000-e-zigarette-zollfrei-20-ml-mixed-berries-12000-zuege-650-mah-akku-typ-c\/\" \/>\n<meta property=\"og:site_name\" content=\"ElementVape.de\" \/>\n<meta property=\"article:modified_time\" content=\"2024-12-12T06:33:52+00:00\" \/>\n<meta property=\"og:image\" content=\"https:\/\/www.elementvape.de\/wp-content\/uploads\/2024\/08\/MMIXED-BERRIES.jpg\" \/>\n\t<meta property=\"og:image:width\" content=\"2500\" \/>\n\t<meta property=\"og:image:height\" content=\"1500\" \/>\n\t<meta property=\"og:image:type\" content=\"image\/jpeg\" \/>\n<meta name=\"twitter:card\" content=\"summary_large_image\" \/>\n<meta name=\"twitter:label1\" content=\"Est. reading time\" \/>\n\t<meta name=\"twitter:data1\" content=\"3 minuter\" \/>\n<script type=\"application\/ld+json\" class=\"yoast-schema-graph\">{\"@context\":\"https:\/\/schema.org\",\"@graph\":[{\"@type\":\"WebPage\",\"@id\":\"https:\/\/www.elementvape.de\/it\/produkt\/waspe-12000-e-zigarette-zollfrei-20-ml-mixed-berries-12000-zuege-650-mah-akku-typ-c\/\",\"url\":\"https:\/\/www.elementvape.de\/it\/produkt\/waspe-12000-e-zigarette-zollfrei-20-ml-mixed-berries-12000-zuege-650-mah-akku-typ-c\/\",\"name\":\"WASPE 12000 E-Zigarette Zollfrei 20 ml MIXED BERRIES 12000 Z\u00fcge 650 mAh Akku Typ-C | ElementVape.de\",\"isPartOf\":{\"@id\":\"https:\/\/www.elementvape.de\/#website\"},\"primaryImageOfPage\":{\"@id\":\"https:\/\/www.elementvape.de\/it\/produkt\/waspe-12000-e-zigarette-zollfrei-20-ml-mixed-berries-12000-zuege-650-mah-akku-typ-c\/#primaryimage\"},\"image\":{\"@id\":\"https:\/\/www.elementvape.de\/it\/produkt\/waspe-12000-e-zigarette-zollfrei-20-ml-mixed-berries-12000-zuege-650-mah-akku-typ-c\/#primaryimage\"},\"thumbnailUrl\":\"https:\/\/www.elementvape.de\/wp-content\/uploads\/2024\/08\/MMIXED-BERRIES.jpg\",\"datePublished\":\"2024-08-23T06:56:59+00:00\",\"dateModified\":\"2024-12-12T06:33:52+00:00\",\"description\":\"Wir bieten WASPE 12000 E-Zigarette Zollfrei 20 ml MIXED BERRIES 12000 Z\u00fcge 650 mAh Akku Typ-C , Elementvape.de akzeptieren Gro\u00df-und Einzelhandel Bestellungen.\",\"breadcrumb\":{\"@id\":\"https:\/\/www.elementvape.de\/it\/produkt\/waspe-12000-e-zigarette-zollfrei-20-ml-mixed-berries-12000-zuege-650-mah-akku-typ-c\/#breadcrumb\"},\"inLanguage\":\"sv-SE\",\"potentialAction\":[{\"@type\":\"ReadAction\",\"target\":[\"https:\/\/www.elementvape.de\/it\/produkt\/waspe-12000-e-zigarette-zollfrei-20-ml-mixed-berries-12000-zuege-650-mah-akku-typ-c\/\"]}]},{\"@type\":\"ImageObject\",\"inLanguage\":\"sv-SE\",\"@id\":\"https:\/\/www.elementvape.de\/it\/produkt\/waspe-12000-e-zigarette-zollfrei-20-ml-mixed-berries-12000-zuege-650-mah-akku-typ-c\/#primaryimage\",\"url\":\"https:\/\/www.elementvape.de\/wp-content\/uploads\/2024\/08\/MMIXED-BERRIES.jpg\",\"contentUrl\":\"https:\/\/www.elementvape.de\/wp-content\/uploads\/2024\/08\/MMIXED-BERRIES.jpg\",\"width\":2500,\"height\":1500,\"caption\":\"MMIXED BERRIES\"},{\"@type\":\"BreadcrumbList\",\"@id\":\"https:\/\/www.elementvape.de\/it\/produkt\/waspe-12000-e-zigarette-zollfrei-20-ml-mixed-berries-12000-zuege-650-mah-akku-typ-c\/#breadcrumb\",\"itemListElement\":[{\"@type\":\"ListItem\",\"position\":1,\"name\":\"Home\",\"item\":\"https:\/\/www.elementvape.de\/\"},{\"@type\":\"ListItem\",\"position\":2,\"name\":\"Shop\",\"item\":\"https:\/\/www.elementvape.de\/shop\/\"},{\"@type\":\"ListItem\",\"position\":3,\"name\":\"WASPE 12000 E-Zigarette Zollfrei 20 ml MIXED BERRIES 12000 Z\u00fcge 650 mAh Akku Typ-C\"}]},{\"@type\":\"WebSite\",\"@id\":\"https:\/\/www.elementvape.de\/#website\",\"url\":\"https:\/\/www.elementvape.de\/\",\"name\":\"ElementVape.de\",\"description\":\"\",\"publisher\":{\"@id\":\"https:\/\/www.elementvape.de\/#organization\"},\"potentialAction\":[{\"@type\":\"SearchAction\",\"target\":{\"@type\":\"EntryPoint\",\"urlTemplate\":\"https:\/\/www.elementvape.de\/?s={search_term_string}\"},\"query-input\":\"required name=search_term_string\"}],\"inLanguage\":\"sv-SE\"},{\"@type\":\"Organization\",\"@id\":\"https:\/\/www.elementvape.de\/#organization\",\"name\":\"ElementVape.DE\",\"url\":\"https:\/\/www.elementvape.de\/\",\"logo\":{\"@type\":\"ImageObject\",\"inLanguage\":\"sv-SE\",\"@id\":\"https:\/\/www.elementvape.de\/#\/schema\/logo\/image\/\",\"url\":\"https:\/\/www.elementvape.de\/wp-content\/uploads\/2024\/09\/cropped-1elementvape-3.png\",\"contentUrl\":\"https:\/\/www.elementvape.de\/wp-content\/uploads\/2024\/09\/cropped-1elementvape-3.png\",\"width\":285,\"height\":228,\"caption\":\"ElementVape.DE\"},\"image\":{\"@id\":\"https:\/\/www.elementvape.de\/#\/schema\/logo\/image\/\"}}]}<\/script>\n<!-- \/ Yoast SEO plugin. -->","yoast_head_json":{"title":"WASPE 12000 E-Zigarette Zollfrei 20 ml MIXED BERRIES 12000 Z\u00fcge 650 mAh Akku Typ-C | ElementVape.de","description":"Wir bieten WASPE 12000 E-Zigarette Zollfrei 20 ml MIXED BERRIES 12000 Z\u00fcge 650 mAh Akku Typ-C , Elementvape.de akzeptieren Gro\u00df-und Einzelhandel Bestellungen.","robots":{"index":"index","follow":"follow","max-snippet":"max-snippet:-1","max-image-preview":"max-image-preview:large","max-video-preview":"max-video-preview:-1"},"canonical":"https:\/\/www.elementvape.de\/sv\/produkt\/waspe-12000-e-zigarette-zollfrei-20-ml-mixed-berries-12000-zuege-650-mah-akku-typ-c\/","og_locale":"sv_SE","og_type":"article","og_title":"WASPE 12000 E-Zigarette Zollfrei 20 ml MIXED BERRIES 12000 Z\u00fcge 650 mAh Akku Typ-C | ElementVape.de","og_description":"Wir bieten WASPE 12000 E-Zigarette Zollfrei 20 ml MIXED BERRIES 12000 Z\u00fcge 650 mAh Akku Typ-C , Elementvape.de akzeptieren Gro\u00df-und Einzelhandel Bestellungen.","og_url":"https:\/\/www.elementvape.de\/sv\/produkt\/waspe-12000-e-zigarette-zollfrei-20-ml-mixed-berries-12000-zuege-650-mah-akku-typ-c\/","og_site_name":"ElementVape.de","article_modified_time":"2024-12-12T06:33:52+00:00","og_image":[{"width":2500,"height":1500,"url":"https:\/\/www.elementvape.de\/wp-content\/uploads\/2024\/08\/MMIXED-BERRIES.jpg","type":"image\/jpeg"}],"twitter_card":"summary_large_image","twitter_misc":{"Est. reading time":"3 minuter"},"schema":{"@context":"https:\/\/schema.org","@graph":[{"@type":"WebPage","@id":"https:\/\/www.elementvape.de\/it\/produkt\/waspe-12000-e-zigarette-zollfrei-20-ml-mixed-berries-12000-zuege-650-mah-akku-typ-c\/","url":"https:\/\/www.elementvape.de\/it\/produkt\/waspe-12000-e-zigarette-zollfrei-20-ml-mixed-berries-12000-zuege-650-mah-akku-typ-c\/","name":"WASPE 12000 E-Zigarette Zollfrei 20 ml MIXED BERRIES 12000 Z\u00fcge 650 mAh Akku Typ-C | ElementVape.de","isPartOf":{"@id":"https:\/\/www.elementvape.de\/#website"},"primaryImageOfPage":{"@id":"https:\/\/www.elementvape.de\/it\/produkt\/waspe-12000-e-zigarette-zollfrei-20-ml-mixed-berries-12000-zuege-650-mah-akku-typ-c\/#primaryimage"},"image":{"@id":"https:\/\/www.elementvape.de\/it\/produkt\/waspe-12000-e-zigarette-zollfrei-20-ml-mixed-berries-12000-zuege-650-mah-akku-typ-c\/#primaryimage"},"thumbnailUrl":"https:\/\/www.elementvape.de\/wp-content\/uploads\/2024\/08\/MMIXED-BERRIES.jpg","datePublished":"2024-08-23T06:56:59+00:00","dateModified":"2024-12-12T06:33:52+00:00","description":"Wir bieten WASPE 12000 E-Zigarette Zollfrei 20 ml MIXED BERRIES 12000 Z\u00fcge 650 mAh Akku Typ-C , Elementvape.de akzeptieren Gro\u00df-und Einzelhandel Bestellungen.","breadcrumb":{"@id":"https:\/\/www.elementvape.de\/it\/produkt\/waspe-12000-e-zigarette-zollfrei-20-ml-mixed-berries-12000-zuege-650-mah-akku-typ-c\/#breadcrumb"},"inLanguage":"sv-SE","potentialAction":[{"@type":"ReadAction","target":["https:\/\/www.elementvape.de\/it\/produkt\/waspe-12000-e-zigarette-zollfrei-20-ml-mixed-berries-12000-zuege-650-mah-akku-typ-c\/"]}]},{"@type":"ImageObject","inLanguage":"sv-SE","@id":"https:\/\/www.elementvape.de\/it\/produkt\/waspe-12000-e-zigarette-zollfrei-20-ml-mixed-berries-12000-zuege-650-mah-akku-typ-c\/#primaryimage","url":"https:\/\/www.elementvape.de\/wp-content\/uploads\/2024\/08\/MMIXED-BERRIES.jpg","contentUrl":"https:\/\/www.elementvape.de\/wp-content\/uploads\/2024\/08\/MMIXED-BERRIES.jpg","width":2500,"height":1500,"caption":"MMIXED BERRIES"},{"@type":"BreadcrumbList","@id":"https:\/\/www.elementvape.de\/it\/produkt\/waspe-12000-e-zigarette-zollfrei-20-ml-mixed-berries-12000-zuege-650-mah-akku-typ-c\/#breadcrumb","itemListElement":[{"@type":"ListItem","position":1,"name":"Home","item":"https:\/\/www.elementvape.de\/"},{"@type":"ListItem","position":2,"name":"Shop","item":"https:\/\/www.elementvape.de\/shop\/"},{"@type":"ListItem","position":3,"name":"WASPE 12000 E-Zigarette Zollfrei 20 ml MIXED BERRIES 12000 Z\u00fcge 650 mAh Akku Typ-C"}]},{"@type":"WebSite","@id":"https:\/\/www.elementvape.de\/#website","url":"https:\/\/www.elementvape.de\/","name":"ElementVape.de","description":"","publisher":{"@id":"https:\/\/www.elementvape.de\/#organization"},"potentialAction":[{"@type":"SearchAction","target":{"@type":"EntryPoint","urlTemplate":"https:\/\/www.elementvape.de\/?s={search_term_string}"},"query-input":"required name=search_term_string"}],"inLanguage":"sv-SE"},{"@type":"Organization","@id":"https:\/\/www.elementvape.de\/#organization","name":"ElementVape.DE","url":"https:\/\/www.elementvape.de\/","logo":{"@type":"ImageObject","inLanguage":"sv-SE","@id":"https:\/\/www.elementvape.de\/#\/schema\/logo\/image\/","url":"https:\/\/www.elementvape.de\/wp-content\/uploads\/2024\/09\/cropped-1elementvape-3.png","contentUrl":"https:\/\/www.elementvape.de\/wp-content\/uploads\/2024\/09\/cropped-1elementvape-3.png","width":285,"height":228,"caption":"ElementVape.DE"},"image":{"@id":"https:\/\/www.elementvape.de\/#\/schema\/logo\/image\/"}}]}},"_links":{"self":[{"href":"https:\/\/www.elementvape.de\/sv\/wp-json\/wp\/v2\/product\/13986"}],"collection":[{"href":"https:\/\/www.elementvape.de\/sv\/wp-json\/wp\/v2\/product"}],"about":[{"href":"https:\/\/www.elementvape.de\/sv\/wp-json\/wp\/v2\/types\/product"}],"wp:featuredmedia":[{"embeddable":true,"href":"https:\/\/www.elementvape.de\/sv\/wp-json\/wp\/v2\/media\/13987"}],"wp:attachment":[{"href":"https:\/\/www.elementvape.de\/sv\/wp-json\/wp\/v2\/media?parent=13986"}],"wp:term":[{"taxonomy":"product_cat","embeddable":true,"href":"https:\/\/www.elementvape.de\/sv\/wp-json\/wp\/v2\/product_cat?post=13986"},{"taxonomy":"product_tag","embeddable":true,"href":"https:\/\/www.elementvape.de\/sv\/wp-json\/wp\/v2\/product_tag?post=13986"}],"curies":[{"name":"wp","href":"https:\/\/api.w.org\/{rel}","templated":true}]}}