{"id":13948,"date":"2024-08-22T07:49:50","date_gmt":"2024-08-22T07:49:50","guid":{"rendered":"https:\/\/www.elementvape.de\/?post_type=product&#038;p=13948"},"modified":"2024-12-12T06:34:03","modified_gmt":"2024-12-12T06:34:03","slug":"eisige-fruchtigkeit-vape-cherry-ice-der-perfekte-mix-aus-suessen-kirschen-und-kuehler-frische-waspe-15000-puffs","status":"publish","type":"product","link":"https:\/\/www.elementvape.de\/sv\/produkt\/eisige-fruchtigkeit-vape-cherry-ice-der-perfekte-mix-aus-suessen-kirschen-und-kuehler-frische-waspe-15000-puffs\/","title":{"rendered":"Isig fruktighet Vape Cherry Ice den perfekta blandningen av s\u00f6ta k\u00f6rsb\u00e4r och svalkande friskhet WASPE 15000 PUFFS"},"content":{"rendered":"<div class=\"flex-shrink-0 flex flex-col relative items-end\">\n<div>\n<div class=\"pt-0\">\n<div class=\"gizmo-bot-avatar flex h-8 w-8 items-center justify-center overflow-hidden rounded-full\">\n<div class=\"relative p-1 rounded-sm flex items-center justify-center bg-token-main-surface-primary text-token-text-primary h-8 w-8\"><\/div>\n<\/div>\n<\/div>\n<\/div>\n<\/div>\n<div class=\"group\/conversation-turn relative flex w-full min-w-0 flex-col agent-turn\">\n<div class=\"flex-col gap-1 md:gap-3\">\n<div class=\"flex max-w-full flex-col flex-grow\">\n<div class=\"min-h-[20px] text-message flex w-full flex-col items-end gap-2 break-words [.text-message+&amp;]:mt-5 overflow-x-auto whitespace-pre-wrap\" dir=\"auto\" data-message-author-role=\"assistant\" data-message-id=\"453c74eb-129d-45d2-8584-b5d4562e5961\">\n<div class=\"flex w-full flex-col gap-1 empty:hidden first:pt-[3px]\">\n<div class=\"markdown prose w-full break-words dark:prose-invert light\">\n<table style=\"font-size: 16px;\">\n<thead>\n<tr>\n<th><strong>Funktion<\/strong><\/th>\n<th><strong>Detaljer<\/strong><\/th>\n<\/tr>\n<\/thead>\n<tbody>\n<tr>\n<td>Smak<\/td>\n<td>K\u00f6rb\u00e4r Is<\/td>\n<\/tr>\n<tr>\n<td>N-halt<\/td>\n<td>2% , 5%<\/td>\n<\/tr>\n<tr>\n<td>Puff-kapacitet<\/td>\n<td>Upp till 15 000 drag<\/td>\n<\/tr>\n<tr>\n<td>E-Liquid-kapacitet<\/td>\n<td>22 ml<\/td>\n<\/tr>\n<tr>\n<td>Spole-teknologi<\/td>\n<td>0,8\u03a9 Mesh Coil f\u00f6r intensivare smak och mer \u00e5nga<\/td>\n<\/tr>\n<tr>\n<td>Sk\u00e4rm<\/td>\n<td>LCD-display f\u00f6r visning av realtidsinformation<\/td>\n<\/tr>\n<tr>\n<td>Batteri<\/td>\n<td>\u00c5teruppladdningsbart 850mAh batteri<\/td>\n<\/tr>\n<tr>\n<td>Laddningsanslutning<\/td>\n<td>Type-C-port<\/td>\n<\/tr>\n<\/tbody>\n<\/table>\n<h3>O\u00f6vertr\u00e4ffad smak vid varje bloss<\/h3>\n<p>WASPE 15000 PUFFS ger dig en uppfriskande upplevelse med smaken av Cherry Ice som du sent kommer att gl\u00f6mma. <strong><a href=\"https:\/\/www.elementvape.de\/sv\/\" target=\"_blank\" rel=\"noopener\">r\u00f6kare<\/a> <\/strong>Kombinationen av s\u00f6ta, saftiga k\u00f6rsb\u00e4r och en kylande iston erbjuder en unik fruktsmak som kommer till sin r\u00e4tt i varje bloss. Denna balanserade blandning sammanf\u00f6r b\u00e5de k\u00f6rsb\u00e4rens naturliga s\u00f6tma och isens uppfriskande kyla p\u00e5 ett idealiskt s\u00e4tt.<\/p>\n<p>Tack vare den avancerade Mesh Coil-teknologin bel\u00f6nas varje bloss med en klar, intensiv smakupplevelse. Tekniken s\u00e4kerst\u00e4ller att Cherry Ice-smaken alltid f\u00f6rblir fr\u00e4sch och of\u00f6rfalskad, s\u00e5 att du kan njuta av fruktigheten och kylan i e-v\u00e4tskan med full intensitet.<\/p>\n<h3>L\u00e5ngvarig njutning med gener\u00f6s kapacitet<\/h3>\n<p>WASPE 15000 PUFFS erbjuder dig en anm\u00e4rkningsv\u00e4rd uth\u00e5llighet med upp till 15 000 bloss. Den stora 22 ml e-v\u00e4tskebeh\u00e5llaren m\u00f6jligg\u00f6r en l\u00e5ng \u00e5ngningstid, s\u00e5 att du kan njuta av den l\u00e4ckra Cherry Ice-smaken i stor utstr\u00e4ckning utan att st\u00e4ndigt beh\u00f6va fylla p\u00e5. Denna gener\u00f6sa kapacitet g\u00f6r enheten till en idealisk f\u00f6ljeslagare f\u00f6r ut\u00f6kade \u00e5ngsessioner.<\/p>\n<p>Med det \u00e5teruppladdningsbara 850mAh-batteriet och den moderna Type-C-laddningsporten kan du ladda enheten snabbt och effektivt. Detta s\u00e4kerst\u00e4ller att du alltid \u00e4r redo att njuta av det isiga fruktn\u00f6jet fr\u00e5n Cherry Ice till fullo, utan att beh\u00f6va acceptera l\u00e5nga laddningstider.<\/p>\n<\/div>\n<\/div>\n<\/div>\n<\/div>\n<\/div>\n<\/div>","protected":false},"excerpt":{"rendered":"<p>Merkmal Details Geschmack Cherry Ice N-Gehalt 2% , 5% Puff-Kapazit\u00e4t Bis zu 15.000 Z\u00fcge E-Liquid-Kapazit\u00e4t 22ml Coil-Technologie 0,8\u03a9 Mesh Coil f\u00fcr intensiveren Geschmack und mehr Dampf Display LCD-Display zur Anzeige von Echtzeitinformationen Batterie Wiederaufladbarer 850mAh Akku Ladeanschluss Type-C Port Unvergleichlicher Geschmack bei jedem Zug Der WASPE 15000 PUFFS bringt Ihnen mit dem Geschmack von Cherry [&hellip;]<\/p>","protected":false},"featured_media":13949,"template":"","meta":{"inline_featured_image":false},"product_cat":[15,78,735,746,741,733,744,755,738,751,732,723],"product_tag":[710,674],"tiered_pricing_type":"fixed","tiered_pricing_fixed_rules":{"110":"7.91","200":"7.03","500":"6.15"},"tiered_pricing_percentage_rules":[],"tiered_pricing_minimum":1,"_administrator_tiered_pricing_type":"fixed","_administrator_tiered_pricing_fixed_rules":[],"_editor_tiered_pricing_type":"fixed","_editor_tiered_pricing_fixed_rules":[],"_author_tiered_pricing_type":"fixed","_author_tiered_pricing_fixed_rules":[],"_contributor_tiered_pricing_type":"fixed","_contributor_tiered_pricing_fixed_rules":[],"_subscriber_tiered_pricing_type":"fixed","_subscriber_tiered_pricing_fixed_rules":[],"_customer_tiered_pricing_type":"fixed","_customer_tiered_pricing_fixed_rules":[],"_shop_manager_tiered_pricing_type":"fixed","_shop_manager_tiered_pricing_fixed_rules":[],"_wpseo_manager_tiered_pricing_type":"fixed","_wpseo_manager_tiered_pricing_fixed_rules":[],"_wpseo_editor_tiered_pricing_type":"fixed","_wpseo_editor_tiered_pricing_fixed_rules":[],"_wholesale_customer_tiered_pricing_type":"fixed","_wholesale_customer_tiered_pricing_fixed_rules":[],"_marketer_tiered_pricing_type":"fixed","_marketer_tiered_pricing_fixed_rules":[],"_sales_manager_tiered_pricing_type":"fixed","_sales_manager_tiered_pricing_fixed_rules":[],"_sales_rep_tiered_pricing_type":"fixed","_sales_rep_tiered_pricing_fixed_rules":[],"yoast_head":"<!-- This site is optimized with the Yoast SEO plugin v23.3 - https:\/\/yoast.com\/wordpress\/plugins\/seo\/ -->\n<title>Eisige Fruchtigkeit Vape Cherry Ice der perfekte Mix aus s\u00fc\u00dfen Kirschen und k\u00fchler Frische WASPE 15000 PUFFS | ElementVape.de<\/title>\n<meta name=\"description\" content=\"Wir bieten Eisige Fruchtigkeit Vape Cherry Ice der perfekte Mix aus s\u00fc\u00dfen Kirschen und k\u00fchler Frische WASPE 15000 PUFFS , Elementvape.de akzeptieren Gro\u00df-und Einzelhandel Bestellungen.\" \/>\n<meta name=\"robots\" content=\"index, follow, max-snippet:-1, max-image-preview:large, max-video-preview:-1\" \/>\n<link rel=\"canonical\" href=\"https:\/\/www.elementvape.de\/sv\/produkt\/eisige-fruchtigkeit-vape-cherry-ice-der-perfekte-mix-aus-suessen-kirschen-und-kuehler-frische-waspe-15000-puffs\/\" \/>\n<meta property=\"og:locale\" content=\"sv_SE\" \/>\n<meta property=\"og:type\" content=\"article\" \/>\n<meta property=\"og:title\" content=\"Eisige Fruchtigkeit Vape Cherry Ice der perfekte Mix aus s\u00fc\u00dfen Kirschen und k\u00fchler Frische WASPE 15000 PUFFS | ElementVape.de\" \/>\n<meta property=\"og:description\" content=\"Wir bieten Eisige Fruchtigkeit Vape Cherry Ice der perfekte Mix aus s\u00fc\u00dfen Kirschen und k\u00fchler Frische WASPE 15000 PUFFS , Elementvape.de akzeptieren Gro\u00df-und Einzelhandel Bestellungen.\" \/>\n<meta property=\"og:url\" content=\"https:\/\/www.elementvape.de\/sv\/produkt\/eisige-fruchtigkeit-vape-cherry-ice-der-perfekte-mix-aus-suessen-kirschen-und-kuehler-frische-waspe-15000-puffs\/\" \/>\n<meta property=\"og:site_name\" content=\"ElementVape.de\" \/>\n<meta property=\"article:modified_time\" content=\"2024-12-12T06:34:03+00:00\" \/>\n<meta property=\"og:image\" content=\"https:\/\/www.elementvape.de\/wp-content\/uploads\/2024\/08\/Cherry-lce.jpg\" \/>\n\t<meta property=\"og:image:width\" content=\"1920\" \/>\n\t<meta property=\"og:image:height\" content=\"1536\" \/>\n\t<meta property=\"og:image:type\" content=\"image\/jpeg\" \/>\n<meta name=\"twitter:card\" content=\"summary_large_image\" \/>\n<meta name=\"twitter:label1\" content=\"Est. reading time\" \/>\n\t<meta name=\"twitter:data1\" content=\"2 minuter\" \/>\n<script type=\"application\/ld+json\" class=\"yoast-schema-graph\">{\"@context\":\"https:\/\/schema.org\",\"@graph\":[{\"@type\":\"WebPage\",\"@id\":\"https:\/\/www.elementvape.de\/da\/produkt\/eisige-fruchtigkeit-vape-cherry-ice-der-perfekte-mix-aus-suessen-kirschen-und-kuehler-frische-waspe-15000-puffs\/\",\"url\":\"https:\/\/www.elementvape.de\/da\/produkt\/eisige-fruchtigkeit-vape-cherry-ice-der-perfekte-mix-aus-suessen-kirschen-und-kuehler-frische-waspe-15000-puffs\/\",\"name\":\"Eisige Fruchtigkeit Vape Cherry Ice der perfekte Mix aus s\u00fc\u00dfen Kirschen und k\u00fchler Frische WASPE 15000 PUFFS | ElementVape.de\",\"isPartOf\":{\"@id\":\"https:\/\/www.elementvape.de\/#website\"},\"primaryImageOfPage\":{\"@id\":\"https:\/\/www.elementvape.de\/da\/produkt\/eisige-fruchtigkeit-vape-cherry-ice-der-perfekte-mix-aus-suessen-kirschen-und-kuehler-frische-waspe-15000-puffs\/#primaryimage\"},\"image\":{\"@id\":\"https:\/\/www.elementvape.de\/da\/produkt\/eisige-fruchtigkeit-vape-cherry-ice-der-perfekte-mix-aus-suessen-kirschen-und-kuehler-frische-waspe-15000-puffs\/#primaryimage\"},\"thumbnailUrl\":\"https:\/\/www.elementvape.de\/wp-content\/uploads\/2024\/08\/Cherry-lce.jpg\",\"datePublished\":\"2024-08-22T07:49:50+00:00\",\"dateModified\":\"2024-12-12T06:34:03+00:00\",\"description\":\"Wir bieten Eisige Fruchtigkeit Vape Cherry Ice der perfekte Mix aus s\u00fc\u00dfen Kirschen und k\u00fchler Frische WASPE 15000 PUFFS , Elementvape.de akzeptieren Gro\u00df-und Einzelhandel Bestellungen.\",\"breadcrumb\":{\"@id\":\"https:\/\/www.elementvape.de\/da\/produkt\/eisige-fruchtigkeit-vape-cherry-ice-der-perfekte-mix-aus-suessen-kirschen-und-kuehler-frische-waspe-15000-puffs\/#breadcrumb\"},\"inLanguage\":\"sv-SE\",\"potentialAction\":[{\"@type\":\"ReadAction\",\"target\":[\"https:\/\/www.elementvape.de\/da\/produkt\/eisige-fruchtigkeit-vape-cherry-ice-der-perfekte-mix-aus-suessen-kirschen-und-kuehler-frische-waspe-15000-puffs\/\"]}]},{\"@type\":\"ImageObject\",\"inLanguage\":\"sv-SE\",\"@id\":\"https:\/\/www.elementvape.de\/da\/produkt\/eisige-fruchtigkeit-vape-cherry-ice-der-perfekte-mix-aus-suessen-kirschen-und-kuehler-frische-waspe-15000-puffs\/#primaryimage\",\"url\":\"https:\/\/www.elementvape.de\/wp-content\/uploads\/2024\/08\/Cherry-lce.jpg\",\"contentUrl\":\"https:\/\/www.elementvape.de\/wp-content\/uploads\/2024\/08\/Cherry-lce.jpg\",\"width\":1920,\"height\":1536,\"caption\":\"Cherry lce\"},{\"@type\":\"BreadcrumbList\",\"@id\":\"https:\/\/www.elementvape.de\/da\/produkt\/eisige-fruchtigkeit-vape-cherry-ice-der-perfekte-mix-aus-suessen-kirschen-und-kuehler-frische-waspe-15000-puffs\/#breadcrumb\",\"itemListElement\":[{\"@type\":\"ListItem\",\"position\":1,\"name\":\"Home\",\"item\":\"https:\/\/www.elementvape.de\/\"},{\"@type\":\"ListItem\",\"position\":2,\"name\":\"Shop\",\"item\":\"https:\/\/www.elementvape.de\/shop\/\"},{\"@type\":\"ListItem\",\"position\":3,\"name\":\"Eisige Fruchtigkeit Vape Cherry Ice der perfekte Mix aus s\u00fc\u00dfen Kirschen und k\u00fchler Frische WASPE 15000 PUFFS\"}]},{\"@type\":\"WebSite\",\"@id\":\"https:\/\/www.elementvape.de\/#website\",\"url\":\"https:\/\/www.elementvape.de\/\",\"name\":\"ElementVape.de\",\"description\":\"\",\"publisher\":{\"@id\":\"https:\/\/www.elementvape.de\/#organization\"},\"potentialAction\":[{\"@type\":\"SearchAction\",\"target\":{\"@type\":\"EntryPoint\",\"urlTemplate\":\"https:\/\/www.elementvape.de\/?s={search_term_string}\"},\"query-input\":\"required name=search_term_string\"}],\"inLanguage\":\"sv-SE\"},{\"@type\":\"Organization\",\"@id\":\"https:\/\/www.elementvape.de\/#organization\",\"name\":\"ElementVape.DE\",\"url\":\"https:\/\/www.elementvape.de\/\",\"logo\":{\"@type\":\"ImageObject\",\"inLanguage\":\"sv-SE\",\"@id\":\"https:\/\/www.elementvape.de\/#\/schema\/logo\/image\/\",\"url\":\"https:\/\/www.elementvape.de\/wp-content\/uploads\/2024\/09\/cropped-1elementvape-3.png\",\"contentUrl\":\"https:\/\/www.elementvape.de\/wp-content\/uploads\/2024\/09\/cropped-1elementvape-3.png\",\"width\":285,\"height\":228,\"caption\":\"ElementVape.DE\"},\"image\":{\"@id\":\"https:\/\/www.elementvape.de\/#\/schema\/logo\/image\/\"}}]}<\/script>\n<!-- \/ Yoast SEO plugin. -->","yoast_head_json":{"title":"Eisige Fruchtigkeit Vape Cherry Ice der perfekte Mix aus s\u00fc\u00dfen Kirschen und k\u00fchler Frische WASPE 15000 PUFFS | ElementVape.de","description":"Wir bieten Eisige Fruchtigkeit Vape Cherry Ice der perfekte Mix aus s\u00fc\u00dfen Kirschen und k\u00fchler Frische WASPE 15000 PUFFS , Elementvape.de akzeptieren Gro\u00df-und Einzelhandel Bestellungen.","robots":{"index":"index","follow":"follow","max-snippet":"max-snippet:-1","max-image-preview":"max-image-preview:large","max-video-preview":"max-video-preview:-1"},"canonical":"https:\/\/www.elementvape.de\/sv\/produkt\/eisige-fruchtigkeit-vape-cherry-ice-der-perfekte-mix-aus-suessen-kirschen-und-kuehler-frische-waspe-15000-puffs\/","og_locale":"sv_SE","og_type":"article","og_title":"Eisige Fruchtigkeit Vape Cherry Ice der perfekte Mix aus s\u00fc\u00dfen Kirschen und k\u00fchler Frische WASPE 15000 PUFFS | ElementVape.de","og_description":"Wir bieten Eisige Fruchtigkeit Vape Cherry Ice der perfekte Mix aus s\u00fc\u00dfen Kirschen und k\u00fchler Frische WASPE 15000 PUFFS , Elementvape.de akzeptieren Gro\u00df-und Einzelhandel Bestellungen.","og_url":"https:\/\/www.elementvape.de\/sv\/produkt\/eisige-fruchtigkeit-vape-cherry-ice-der-perfekte-mix-aus-suessen-kirschen-und-kuehler-frische-waspe-15000-puffs\/","og_site_name":"ElementVape.de","article_modified_time":"2024-12-12T06:34:03+00:00","og_image":[{"width":1920,"height":1536,"url":"https:\/\/www.elementvape.de\/wp-content\/uploads\/2024\/08\/Cherry-lce.jpg","type":"image\/jpeg"}],"twitter_card":"summary_large_image","twitter_misc":{"Est. reading time":"2 minuter"},"schema":{"@context":"https:\/\/schema.org","@graph":[{"@type":"WebPage","@id":"https:\/\/www.elementvape.de\/da\/produkt\/eisige-fruchtigkeit-vape-cherry-ice-der-perfekte-mix-aus-suessen-kirschen-und-kuehler-frische-waspe-15000-puffs\/","url":"https:\/\/www.elementvape.de\/da\/produkt\/eisige-fruchtigkeit-vape-cherry-ice-der-perfekte-mix-aus-suessen-kirschen-und-kuehler-frische-waspe-15000-puffs\/","name":"Eisige Fruchtigkeit Vape Cherry Ice der perfekte Mix aus s\u00fc\u00dfen Kirschen und k\u00fchler Frische WASPE 15000 PUFFS | ElementVape.de","isPartOf":{"@id":"https:\/\/www.elementvape.de\/#website"},"primaryImageOfPage":{"@id":"https:\/\/www.elementvape.de\/da\/produkt\/eisige-fruchtigkeit-vape-cherry-ice-der-perfekte-mix-aus-suessen-kirschen-und-kuehler-frische-waspe-15000-puffs\/#primaryimage"},"image":{"@id":"https:\/\/www.elementvape.de\/da\/produkt\/eisige-fruchtigkeit-vape-cherry-ice-der-perfekte-mix-aus-suessen-kirschen-und-kuehler-frische-waspe-15000-puffs\/#primaryimage"},"thumbnailUrl":"https:\/\/www.elementvape.de\/wp-content\/uploads\/2024\/08\/Cherry-lce.jpg","datePublished":"2024-08-22T07:49:50+00:00","dateModified":"2024-12-12T06:34:03+00:00","description":"Wir bieten Eisige Fruchtigkeit Vape Cherry Ice der perfekte Mix aus s\u00fc\u00dfen Kirschen und k\u00fchler Frische WASPE 15000 PUFFS , Elementvape.de akzeptieren Gro\u00df-und Einzelhandel Bestellungen.","breadcrumb":{"@id":"https:\/\/www.elementvape.de\/da\/produkt\/eisige-fruchtigkeit-vape-cherry-ice-der-perfekte-mix-aus-suessen-kirschen-und-kuehler-frische-waspe-15000-puffs\/#breadcrumb"},"inLanguage":"sv-SE","potentialAction":[{"@type":"ReadAction","target":["https:\/\/www.elementvape.de\/da\/produkt\/eisige-fruchtigkeit-vape-cherry-ice-der-perfekte-mix-aus-suessen-kirschen-und-kuehler-frische-waspe-15000-puffs\/"]}]},{"@type":"ImageObject","inLanguage":"sv-SE","@id":"https:\/\/www.elementvape.de\/da\/produkt\/eisige-fruchtigkeit-vape-cherry-ice-der-perfekte-mix-aus-suessen-kirschen-und-kuehler-frische-waspe-15000-puffs\/#primaryimage","url":"https:\/\/www.elementvape.de\/wp-content\/uploads\/2024\/08\/Cherry-lce.jpg","contentUrl":"https:\/\/www.elementvape.de\/wp-content\/uploads\/2024\/08\/Cherry-lce.jpg","width":1920,"height":1536,"caption":"Cherry lce"},{"@type":"BreadcrumbList","@id":"https:\/\/www.elementvape.de\/da\/produkt\/eisige-fruchtigkeit-vape-cherry-ice-der-perfekte-mix-aus-suessen-kirschen-und-kuehler-frische-waspe-15000-puffs\/#breadcrumb","itemListElement":[{"@type":"ListItem","position":1,"name":"Home","item":"https:\/\/www.elementvape.de\/"},{"@type":"ListItem","position":2,"name":"Shop","item":"https:\/\/www.elementvape.de\/shop\/"},{"@type":"ListItem","position":3,"name":"Eisige Fruchtigkeit Vape Cherry Ice der perfekte Mix aus s\u00fc\u00dfen Kirschen und k\u00fchler Frische WASPE 15000 PUFFS"}]},{"@type":"WebSite","@id":"https:\/\/www.elementvape.de\/#website","url":"https:\/\/www.elementvape.de\/","name":"ElementVape.de","description":"","publisher":{"@id":"https:\/\/www.elementvape.de\/#organization"},"potentialAction":[{"@type":"SearchAction","target":{"@type":"EntryPoint","urlTemplate":"https:\/\/www.elementvape.de\/?s={search_term_string}"},"query-input":"required name=search_term_string"}],"inLanguage":"sv-SE"},{"@type":"Organization","@id":"https:\/\/www.elementvape.de\/#organization","name":"ElementVape.DE","url":"https:\/\/www.elementvape.de\/","logo":{"@type":"ImageObject","inLanguage":"sv-SE","@id":"https:\/\/www.elementvape.de\/#\/schema\/logo\/image\/","url":"https:\/\/www.elementvape.de\/wp-content\/uploads\/2024\/09\/cropped-1elementvape-3.png","contentUrl":"https:\/\/www.elementvape.de\/wp-content\/uploads\/2024\/09\/cropped-1elementvape-3.png","width":285,"height":228,"caption":"ElementVape.DE"},"image":{"@id":"https:\/\/www.elementvape.de\/#\/schema\/logo\/image\/"}}]}},"_links":{"self":[{"href":"https:\/\/www.elementvape.de\/sv\/wp-json\/wp\/v2\/product\/13948"}],"collection":[{"href":"https:\/\/www.elementvape.de\/sv\/wp-json\/wp\/v2\/product"}],"about":[{"href":"https:\/\/www.elementvape.de\/sv\/wp-json\/wp\/v2\/types\/product"}],"wp:featuredmedia":[{"embeddable":true,"href":"https:\/\/www.elementvape.de\/sv\/wp-json\/wp\/v2\/media\/13949"}],"wp:attachment":[{"href":"https:\/\/www.elementvape.de\/sv\/wp-json\/wp\/v2\/media?parent=13948"}],"wp:term":[{"taxonomy":"product_cat","embeddable":true,"href":"https:\/\/www.elementvape.de\/sv\/wp-json\/wp\/v2\/product_cat?post=13948"},{"taxonomy":"product_tag","embeddable":true,"href":"https:\/\/www.elementvape.de\/sv\/wp-json\/wp\/v2\/product_tag?post=13948"}],"curies":[{"name":"wp","href":"https:\/\/api.w.org\/{rel}","templated":true}]}}