{"id":13940,"date":"2024-08-22T07:09:54","date_gmt":"2024-08-22T07:09:54","guid":{"rendered":"https:\/\/www.elementvape.de\/?post_type=product&#038;p=13940"},"modified":"2024-12-12T06:34:06","modified_gmt":"2024-12-12T06:34:06","slug":"sprudelnde-begeisterung-geniessen-sie-den-unvergleichlichen-geschmack-von-orange-soda","status":"publish","type":"product","link":"https:\/\/www.elementvape.de\/sv\/produkt\/sprudelnde-begeisterung-geniessen-sie-den-unvergleichlichen-geschmack-von-orange-soda\/","title":{"rendered":"Bubblande entusiasm Njut av den o\u00f6vertr\u00e4ffade smaken av Orange Soda"},"content":{"rendered":"<h3>Bubblande entusiasm Njut av den o\u00f6vertr\u00e4ffade smaken av Orange Soda<\/h3>\n<p>Dyk in i en sprudlande vape-upplevelse med WASPE 15000 PUFFS och njut av den uppfriskande smaken av Apelsinl\u00e4sk. Den fruktiga-s\u00f6ta smaken ger den perfekta balansen mellan livlig citrusfr\u00e4sch\u00f6r och kittlande s\u00f6tma direkt i dina drag. Varje drag frig\u00f6r den fulla smaken av Apelsinl\u00e4sk, som friskar upp och fascinerar dina smakl\u00f6kar.<\/p>\n<figure id=\"attachment_13942\" aria-describedby=\"caption-attachment-13942\" style=\"width: 300px\" class=\"wp-caption alignnone\"><img loading=\"lazy\" decoding=\"async\" class=\"size-medium wp-image-13942\" src=\"https:\/\/www.elementvape.de\/wp-content\/uploads\/2024\/08\/Orange-Soda1-300x300.jpg\" alt=\"Apelsinl\u00e4sk1\" width=\"300\" height=\"300\" srcset=\"https:\/\/www.elementvape.de\/wp-content\/uploads\/2024\/08\/Orange-Soda1-300x300.jpg 300w, https:\/\/www.elementvape.de\/wp-content\/uploads\/2024\/08\/Orange-Soda1-1024x1024.jpg 1024w, https:\/\/www.elementvape.de\/wp-content\/uploads\/2024\/08\/Orange-Soda1-150x150.jpg 150w, https:\/\/www.elementvape.de\/wp-content\/uploads\/2024\/08\/Orange-Soda1-768x768.jpg 768w, https:\/\/www.elementvape.de\/wp-content\/uploads\/2024\/08\/Orange-Soda1-600x600.jpg 600w, https:\/\/www.elementvape.de\/wp-content\/uploads\/2024\/08\/Orange-Soda1-100x100.jpg 100w, https:\/\/www.elementvape.de\/wp-content\/uploads\/2024\/08\/Orange-Soda1-50x50.jpg 50w, https:\/\/www.elementvape.de\/wp-content\/uploads\/2024\/08\/Orange-Soda1.jpg 1200w\" sizes=\"(max-width: 300px) 100vw, 300px\" \/><figcaption id=\"caption-attachment-13942\" class=\"wp-caption-text\">Apelsinl\u00e4sk1<\/figcaption><\/figure>\n<p>WASPE 15000 PUFFS erbjuder inte bara en unik smak, utan ocks\u00e5 bepr\u00f6vad prestanda och h\u00e5llbarhet som du f\u00f6rv\u00e4ntar dig av en premiumenhet. Med den avancerade Mesh Coil-teknologin blir varje drag till en intensiv upplevelse som du alltid vill njuta av igen. Kombinationen av smak och teknologi g\u00f6r denna enhet till en oumb\u00e4rlig f\u00f6ljeslagare f\u00f6r alla som s\u00f6ker ett bubblande <strong><a href=\"https:\/\/www.elementvape.de\/sv\/\" target=\"_blank\" rel=\"noopener\">Vape-\u00e4ventyr<\/a><\/strong> s\u00f6ker.<\/p>\n<hr \/>\n<h3>Produktinformation: WASPE 15000 PUFFS<\/h3>\n<table>\n<thead>\n<tr>\n<th><strong>Funktion<\/strong><\/th>\n<th><strong>Detaljer<\/strong><\/th>\n<\/tr>\n<\/thead>\n<tbody>\n<tr>\n<td>Smak<\/td>\n<td>Apelsinl\u00e4sk<\/td>\n<\/tr>\n<tr>\n<td>N-halt<\/td>\n<td>\u00a02% , 5%<\/td>\n<\/tr>\n<tr>\n<td>Puff-kapacitet<\/td>\n<td>Upp till 15 000 drag<\/td>\n<\/tr>\n<tr>\n<td>E-Liquid-kapacitet<\/td>\n<td>22 ml<\/td>\n<\/tr>\n<tr>\n<td>Spole-teknologi<\/td>\n<td>0,8\u03a9 Mesh Coil f\u00f6r intensivare smak och mer \u00e5nga<\/td>\n<\/tr>\n<tr>\n<td>Sk\u00e4rm<\/td>\n<td>LCD-display f\u00f6r visning av realtidsinformation<\/td>\n<\/tr>\n<tr>\n<td>Batteri<\/td>\n<td>\u00c5teruppladdningsbart 850mAh batteri<\/td>\n<\/tr>\n<tr>\n<td>Laddningsanslutning<\/td>\n<td>Type-C-port<\/td>\n<\/tr>\n<\/tbody>\n<\/table>\n<hr \/>\n<p>Med WASPE 15000 PUFFS och dess o\u00f6vertr\u00e4ffade smak av Apelsinl\u00e4sk njuter du inte bara av den fruktiga fr\u00e4sch\u00f6ren, utan ocks\u00e5 av ett bubblande entusiasm som g\u00f6r varje vaping till en speciell upplevelse.<\/p>","protected":false},"excerpt":{"rendered":"<p>Sprudelnde Begeisterung: Genie\u00dfen Sie den unvergleichlichen Geschmack von Orange Soda Tauchen Sie ein in ein spritziges Dampferlebnis mit dem WASPE 15000 PUFFS und genie\u00dfen Sie den erfrischenden Geschmack von Orange Soda. Dieser fruchtig-s\u00fc\u00dfe Geschmack bringt die perfekte Balance aus lebhafter Zitrusfrische und prickelnder S\u00fc\u00dfe direkt in Ihre Z\u00fcge. Jeder Zug entfaltet den vollen Geschmack von [&hellip;]<\/p>","protected":false},"featured_media":13941,"template":"","meta":{"inline_featured_image":false},"product_cat":[15,78,735,746,741,733,744,755,738,751,732,723],"product_tag":[710,674],"tiered_pricing_type":"fixed","tiered_pricing_fixed_rules":{"110":"7.91","200":"7.03","500":"6.15"},"tiered_pricing_percentage_rules":[],"tiered_pricing_minimum":1,"_administrator_tiered_pricing_type":"fixed","_administrator_tiered_pricing_fixed_rules":[],"_editor_tiered_pricing_type":"fixed","_editor_tiered_pricing_fixed_rules":[],"_author_tiered_pricing_type":"fixed","_author_tiered_pricing_fixed_rules":[],"_contributor_tiered_pricing_type":"fixed","_contributor_tiered_pricing_fixed_rules":[],"_subscriber_tiered_pricing_type":"fixed","_subscriber_tiered_pricing_fixed_rules":[],"_customer_tiered_pricing_type":"fixed","_customer_tiered_pricing_fixed_rules":[],"_shop_manager_tiered_pricing_type":"fixed","_shop_manager_tiered_pricing_fixed_rules":[],"_wpseo_manager_tiered_pricing_type":"fixed","_wpseo_manager_tiered_pricing_fixed_rules":[],"_wpseo_editor_tiered_pricing_type":"fixed","_wpseo_editor_tiered_pricing_fixed_rules":[],"_wholesale_customer_tiered_pricing_type":"fixed","_wholesale_customer_tiered_pricing_fixed_rules":[],"_marketer_tiered_pricing_type":"fixed","_marketer_tiered_pricing_fixed_rules":[],"_sales_manager_tiered_pricing_type":"fixed","_sales_manager_tiered_pricing_fixed_rules":[],"_sales_rep_tiered_pricing_type":"fixed","_sales_rep_tiered_pricing_fixed_rules":[],"yoast_head":"<!-- This site is optimized with the Yoast SEO plugin v23.3 - https:\/\/yoast.com\/wordpress\/plugins\/seo\/ -->\n<title>Sprudelnde Begeisterung Genie\u00dfen Sie den unvergleichlichen Geschmack von Orange Soda | ElementVape.de<\/title>\n<meta name=\"description\" content=\"Wir bieten Sprudelnde Begeisterung Genie\u00dfen Sie den unvergleichlichen Geschmack von Orange Soda , Elementvape.de akzeptieren Gro\u00df-und Einzelhandel Bestellungen.\" \/>\n<meta name=\"robots\" content=\"index, follow, max-snippet:-1, max-image-preview:large, max-video-preview:-1\" \/>\n<link rel=\"canonical\" href=\"https:\/\/www.elementvape.de\/sv\/produkt\/sprudelnde-begeisterung-geniessen-sie-den-unvergleichlichen-geschmack-von-orange-soda\/\" \/>\n<meta property=\"og:locale\" content=\"sv_SE\" \/>\n<meta property=\"og:type\" content=\"article\" \/>\n<meta property=\"og:title\" content=\"Sprudelnde Begeisterung Genie\u00dfen Sie den unvergleichlichen Geschmack von Orange Soda | ElementVape.de\" \/>\n<meta property=\"og:description\" content=\"Wir bieten Sprudelnde Begeisterung Genie\u00dfen Sie den unvergleichlichen Geschmack von Orange Soda , Elementvape.de akzeptieren Gro\u00df-und Einzelhandel Bestellungen.\" \/>\n<meta property=\"og:url\" content=\"https:\/\/www.elementvape.de\/sv\/produkt\/sprudelnde-begeisterung-geniessen-sie-den-unvergleichlichen-geschmack-von-orange-soda\/\" \/>\n<meta property=\"og:site_name\" content=\"ElementVape.de\" \/>\n<meta property=\"article:modified_time\" content=\"2024-12-12T06:34:06+00:00\" \/>\n<meta property=\"og:image\" content=\"https:\/\/www.elementvape.de\/wp-content\/uploads\/2024\/08\/Orange-Soda.jpg\" \/>\n\t<meta property=\"og:image:width\" content=\"1920\" \/>\n\t<meta property=\"og:image:height\" content=\"1536\" \/>\n\t<meta property=\"og:image:type\" content=\"image\/jpeg\" \/>\n<meta name=\"twitter:card\" content=\"summary_large_image\" \/>\n<meta name=\"twitter:label1\" content=\"Est. reading time\" \/>\n\t<meta name=\"twitter:data1\" content=\"2 minuter\" \/>\n<script type=\"application\/ld+json\" class=\"yoast-schema-graph\">{\"@context\":\"https:\/\/schema.org\",\"@graph\":[{\"@type\":\"WebPage\",\"@id\":\"https:\/\/www.elementvape.de\/el\/produkt\/sprudelnde-begeisterung-geniessen-sie-den-unvergleichlichen-geschmack-von-orange-soda\/\",\"url\":\"https:\/\/www.elementvape.de\/el\/produkt\/sprudelnde-begeisterung-geniessen-sie-den-unvergleichlichen-geschmack-von-orange-soda\/\",\"name\":\"Sprudelnde Begeisterung Genie\u00dfen Sie den unvergleichlichen Geschmack von Orange Soda | ElementVape.de\",\"isPartOf\":{\"@id\":\"https:\/\/www.elementvape.de\/#website\"},\"primaryImageOfPage\":{\"@id\":\"https:\/\/www.elementvape.de\/el\/produkt\/sprudelnde-begeisterung-geniessen-sie-den-unvergleichlichen-geschmack-von-orange-soda\/#primaryimage\"},\"image\":{\"@id\":\"https:\/\/www.elementvape.de\/el\/produkt\/sprudelnde-begeisterung-geniessen-sie-den-unvergleichlichen-geschmack-von-orange-soda\/#primaryimage\"},\"thumbnailUrl\":\"https:\/\/www.elementvape.de\/wp-content\/uploads\/2024\/08\/Orange-Soda.jpg\",\"datePublished\":\"2024-08-22T07:09:54+00:00\",\"dateModified\":\"2024-12-12T06:34:06+00:00\",\"description\":\"Wir bieten Sprudelnde Begeisterung Genie\u00dfen Sie den unvergleichlichen Geschmack von Orange Soda , Elementvape.de akzeptieren Gro\u00df-und Einzelhandel Bestellungen.\",\"breadcrumb\":{\"@id\":\"https:\/\/www.elementvape.de\/el\/produkt\/sprudelnde-begeisterung-geniessen-sie-den-unvergleichlichen-geschmack-von-orange-soda\/#breadcrumb\"},\"inLanguage\":\"sv-SE\",\"potentialAction\":[{\"@type\":\"ReadAction\",\"target\":[\"https:\/\/www.elementvape.de\/el\/produkt\/sprudelnde-begeisterung-geniessen-sie-den-unvergleichlichen-geschmack-von-orange-soda\/\"]}]},{\"@type\":\"ImageObject\",\"inLanguage\":\"sv-SE\",\"@id\":\"https:\/\/www.elementvape.de\/el\/produkt\/sprudelnde-begeisterung-geniessen-sie-den-unvergleichlichen-geschmack-von-orange-soda\/#primaryimage\",\"url\":\"https:\/\/www.elementvape.de\/wp-content\/uploads\/2024\/08\/Orange-Soda.jpg\",\"contentUrl\":\"https:\/\/www.elementvape.de\/wp-content\/uploads\/2024\/08\/Orange-Soda.jpg\",\"width\":1920,\"height\":1536,\"caption\":\"Orange Soda\"},{\"@type\":\"BreadcrumbList\",\"@id\":\"https:\/\/www.elementvape.de\/el\/produkt\/sprudelnde-begeisterung-geniessen-sie-den-unvergleichlichen-geschmack-von-orange-soda\/#breadcrumb\",\"itemListElement\":[{\"@type\":\"ListItem\",\"position\":1,\"name\":\"Home\",\"item\":\"https:\/\/www.elementvape.de\/\"},{\"@type\":\"ListItem\",\"position\":2,\"name\":\"Shop\",\"item\":\"https:\/\/www.elementvape.de\/shop\/\"},{\"@type\":\"ListItem\",\"position\":3,\"name\":\"Sprudelnde Begeisterung Genie\u00dfen Sie den unvergleichlichen Geschmack von Orange Soda\"}]},{\"@type\":\"WebSite\",\"@id\":\"https:\/\/www.elementvape.de\/#website\",\"url\":\"https:\/\/www.elementvape.de\/\",\"name\":\"ElementVape.de\",\"description\":\"\",\"publisher\":{\"@id\":\"https:\/\/www.elementvape.de\/#organization\"},\"potentialAction\":[{\"@type\":\"SearchAction\",\"target\":{\"@type\":\"EntryPoint\",\"urlTemplate\":\"https:\/\/www.elementvape.de\/?s={search_term_string}\"},\"query-input\":\"required name=search_term_string\"}],\"inLanguage\":\"sv-SE\"},{\"@type\":\"Organization\",\"@id\":\"https:\/\/www.elementvape.de\/#organization\",\"name\":\"ElementVape.DE\",\"url\":\"https:\/\/www.elementvape.de\/\",\"logo\":{\"@type\":\"ImageObject\",\"inLanguage\":\"sv-SE\",\"@id\":\"https:\/\/www.elementvape.de\/#\/schema\/logo\/image\/\",\"url\":\"https:\/\/www.elementvape.de\/wp-content\/uploads\/2024\/09\/cropped-1elementvape-3.png\",\"contentUrl\":\"https:\/\/www.elementvape.de\/wp-content\/uploads\/2024\/09\/cropped-1elementvape-3.png\",\"width\":285,\"height\":228,\"caption\":\"ElementVape.DE\"},\"image\":{\"@id\":\"https:\/\/www.elementvape.de\/#\/schema\/logo\/image\/\"}}]}<\/script>\n<!-- \/ Yoast SEO plugin. -->","yoast_head_json":{"title":"Sprudelnde Begeisterung Genie\u00dfen Sie den unvergleichlichen Geschmack von Orange Soda | ElementVape.de","description":"Wir bieten Sprudelnde Begeisterung Genie\u00dfen Sie den unvergleichlichen Geschmack von Orange Soda , Elementvape.de akzeptieren Gro\u00df-und Einzelhandel Bestellungen.","robots":{"index":"index","follow":"follow","max-snippet":"max-snippet:-1","max-image-preview":"max-image-preview:large","max-video-preview":"max-video-preview:-1"},"canonical":"https:\/\/www.elementvape.de\/sv\/produkt\/sprudelnde-begeisterung-geniessen-sie-den-unvergleichlichen-geschmack-von-orange-soda\/","og_locale":"sv_SE","og_type":"article","og_title":"Sprudelnde Begeisterung Genie\u00dfen Sie den unvergleichlichen Geschmack von Orange Soda | ElementVape.de","og_description":"Wir bieten Sprudelnde Begeisterung Genie\u00dfen Sie den unvergleichlichen Geschmack von Orange Soda , Elementvape.de akzeptieren Gro\u00df-und Einzelhandel Bestellungen.","og_url":"https:\/\/www.elementvape.de\/sv\/produkt\/sprudelnde-begeisterung-geniessen-sie-den-unvergleichlichen-geschmack-von-orange-soda\/","og_site_name":"ElementVape.de","article_modified_time":"2024-12-12T06:34:06+00:00","og_image":[{"width":1920,"height":1536,"url":"https:\/\/www.elementvape.de\/wp-content\/uploads\/2024\/08\/Orange-Soda.jpg","type":"image\/jpeg"}],"twitter_card":"summary_large_image","twitter_misc":{"Est. reading time":"2 minuter"},"schema":{"@context":"https:\/\/schema.org","@graph":[{"@type":"WebPage","@id":"https:\/\/www.elementvape.de\/el\/produkt\/sprudelnde-begeisterung-geniessen-sie-den-unvergleichlichen-geschmack-von-orange-soda\/","url":"https:\/\/www.elementvape.de\/el\/produkt\/sprudelnde-begeisterung-geniessen-sie-den-unvergleichlichen-geschmack-von-orange-soda\/","name":"Sprudelnde Begeisterung Genie\u00dfen Sie den unvergleichlichen Geschmack von Orange Soda | ElementVape.de","isPartOf":{"@id":"https:\/\/www.elementvape.de\/#website"},"primaryImageOfPage":{"@id":"https:\/\/www.elementvape.de\/el\/produkt\/sprudelnde-begeisterung-geniessen-sie-den-unvergleichlichen-geschmack-von-orange-soda\/#primaryimage"},"image":{"@id":"https:\/\/www.elementvape.de\/el\/produkt\/sprudelnde-begeisterung-geniessen-sie-den-unvergleichlichen-geschmack-von-orange-soda\/#primaryimage"},"thumbnailUrl":"https:\/\/www.elementvape.de\/wp-content\/uploads\/2024\/08\/Orange-Soda.jpg","datePublished":"2024-08-22T07:09:54+00:00","dateModified":"2024-12-12T06:34:06+00:00","description":"Wir bieten Sprudelnde Begeisterung Genie\u00dfen Sie den unvergleichlichen Geschmack von Orange Soda , Elementvape.de akzeptieren Gro\u00df-und Einzelhandel Bestellungen.","breadcrumb":{"@id":"https:\/\/www.elementvape.de\/el\/produkt\/sprudelnde-begeisterung-geniessen-sie-den-unvergleichlichen-geschmack-von-orange-soda\/#breadcrumb"},"inLanguage":"sv-SE","potentialAction":[{"@type":"ReadAction","target":["https:\/\/www.elementvape.de\/el\/produkt\/sprudelnde-begeisterung-geniessen-sie-den-unvergleichlichen-geschmack-von-orange-soda\/"]}]},{"@type":"ImageObject","inLanguage":"sv-SE","@id":"https:\/\/www.elementvape.de\/el\/produkt\/sprudelnde-begeisterung-geniessen-sie-den-unvergleichlichen-geschmack-von-orange-soda\/#primaryimage","url":"https:\/\/www.elementvape.de\/wp-content\/uploads\/2024\/08\/Orange-Soda.jpg","contentUrl":"https:\/\/www.elementvape.de\/wp-content\/uploads\/2024\/08\/Orange-Soda.jpg","width":1920,"height":1536,"caption":"Orange Soda"},{"@type":"BreadcrumbList","@id":"https:\/\/www.elementvape.de\/el\/produkt\/sprudelnde-begeisterung-geniessen-sie-den-unvergleichlichen-geschmack-von-orange-soda\/#breadcrumb","itemListElement":[{"@type":"ListItem","position":1,"name":"Home","item":"https:\/\/www.elementvape.de\/"},{"@type":"ListItem","position":2,"name":"Shop","item":"https:\/\/www.elementvape.de\/shop\/"},{"@type":"ListItem","position":3,"name":"Sprudelnde Begeisterung Genie\u00dfen Sie den unvergleichlichen Geschmack von Orange Soda"}]},{"@type":"WebSite","@id":"https:\/\/www.elementvape.de\/#website","url":"https:\/\/www.elementvape.de\/","name":"ElementVape.de","description":"","publisher":{"@id":"https:\/\/www.elementvape.de\/#organization"},"potentialAction":[{"@type":"SearchAction","target":{"@type":"EntryPoint","urlTemplate":"https:\/\/www.elementvape.de\/?s={search_term_string}"},"query-input":"required name=search_term_string"}],"inLanguage":"sv-SE"},{"@type":"Organization","@id":"https:\/\/www.elementvape.de\/#organization","name":"ElementVape.DE","url":"https:\/\/www.elementvape.de\/","logo":{"@type":"ImageObject","inLanguage":"sv-SE","@id":"https:\/\/www.elementvape.de\/#\/schema\/logo\/image\/","url":"https:\/\/www.elementvape.de\/wp-content\/uploads\/2024\/09\/cropped-1elementvape-3.png","contentUrl":"https:\/\/www.elementvape.de\/wp-content\/uploads\/2024\/09\/cropped-1elementvape-3.png","width":285,"height":228,"caption":"ElementVape.DE"},"image":{"@id":"https:\/\/www.elementvape.de\/#\/schema\/logo\/image\/"}}]}},"_links":{"self":[{"href":"https:\/\/www.elementvape.de\/sv\/wp-json\/wp\/v2\/product\/13940"}],"collection":[{"href":"https:\/\/www.elementvape.de\/sv\/wp-json\/wp\/v2\/product"}],"about":[{"href":"https:\/\/www.elementvape.de\/sv\/wp-json\/wp\/v2\/types\/product"}],"wp:featuredmedia":[{"embeddable":true,"href":"https:\/\/www.elementvape.de\/sv\/wp-json\/wp\/v2\/media\/13941"}],"wp:attachment":[{"href":"https:\/\/www.elementvape.de\/sv\/wp-json\/wp\/v2\/media?parent=13940"}],"wp:term":[{"taxonomy":"product_cat","embeddable":true,"href":"https:\/\/www.elementvape.de\/sv\/wp-json\/wp\/v2\/product_cat?post=13940"},{"taxonomy":"product_tag","embeddable":true,"href":"https:\/\/www.elementvape.de\/sv\/wp-json\/wp\/v2\/product_tag?post=13940"}],"curies":[{"name":"wp","href":"https:\/\/api.w.org\/{rel}","templated":true}]}}