{"id":13895,"date":"2024-08-20T09:11:56","date_gmt":"2024-08-20T09:11:56","guid":{"rendered":"https:\/\/www.elementvape.de\/?post_type=product&#038;p=13895"},"modified":"2024-12-12T06:34:21","modified_gmt":"2024-12-12T06:34:21","slug":"strawberry-pitaya-lemonade-12000-zuege-coole-led-lichter-grosshandelspreis-fuer-e-zigaretten","status":"publish","type":"product","link":"https:\/\/www.elementvape.de\/sv\/produkt\/strawberry-pitaya-lemonade-12000-zuege-coole-led-lichter-grosshandelspreis-fuer-e-zigaretten\/","title":{"rendered":"STRAWBERRY PITAYA LEMONADE 12000 drag coola LED-lampor Grossistpris f\u00f6r E-cigaretter"},"content":{"rendered":"<h2>M\u00e5ngsidig MTL-E-cigaretter: Perfekt kombination av prestanda och stil<\/h2>\n<p>Denna MTL <strong><a href=\"https:\/\/www.elementvape.de\/sv\/\" target=\"_blank\" rel=\"noopener\">E-Cigarett<\/a><\/strong> erbjuder ett flexibelt urval av f\u00f6rdelar-N: 2% och 5%. Oavsett om du f\u00f6redrar en nikotinfri \u00e5ngupplevelse eller vill ha ett starkare nikotinslag, anpassar sig denna enhet perfekt efter dina individuella preferenser.<\/p>\n<p>Med 20 ml E-v\u00e4tska, erbjuder e-cigarettern tillr\u00e4cklig kapacitet f\u00f6r l\u00e5ngvariga \u00e5ngsessioner. Det imponerande antalet av 12 000 drag per enhet garanterar att du kan njuta l\u00e4nge utan att beh\u00f6va fylla p\u00e5 ofta eller byta ut enheten.<\/p>\n<h4>Kraftfull teknologi och moderna funktioner<\/h4>\n<p>Det 650 mAh starka batteriet s\u00e4kerst\u00e4ller en p\u00e5litlig str\u00f6mf\u00f6rs\u00f6rjning och kan snabbt laddas via den praktiska Type-C-anslutningen. RGB-belysningsdesignen ger inte bara ett modernt och stilrent utseende till e-cigarettern, utan g\u00f6r ocks\u00e5 \u00e5ngningen till en visuellt tilltalande upplevelse.<\/p>\n<p>0,8 \u03a9 Mesh-spole garanterar en j\u00e4mn \u00e5ngproduktion och en intensiv smakupplevelse, vilket passar b\u00e5de nyb\u00f6rjare och erfarna \u00e5ngare. Tack vare automatisk dragfunktion \u00e4r anv\u00e4ndningen mycket enkel \u2013 dra bara och njut.<\/p>\n<h4>Ergonomisk design och teknisk precision<\/h4>\n<p>Med en vikt p\u00e5 82 g och de kompakta m\u00e5tten 35<em>36<\/em>133,5 mm ligger denna e-cigaretter l\u00e4tt och bekv\u00e4mt i handen. Den \u00e4r perfekt f\u00f6r daglig anv\u00e4ndning och kan enkelt tas med \u00f6verallt.<\/p>\n<p>Enheten har ett Mesh-k\u00e4rna med ett motst\u00e5nd p\u00e5 1,0 \u03a9, vilket garanterar en mild och tillfredsst\u00e4llande MTL-\u00e5ngupplevelse. 14 ml v\u00e4tskekapacitet ger tillr\u00e4ckligt med utrymme f\u00f6r att balansera portabilitet och prestanda.<\/p>\n<p>Denna MTL-E-cigaretter kombinerar innovativ teknologi med stilfull design och \u00e4r det perfekta valet f\u00f6r \u00e5ngare som v\u00e4rdes\u00e4tter kvalitet och m\u00e5ngsidighet. Oavsett om du \u00e4r nyb\u00f6rjare eller erfaren \u00e5ngare \u2013 denna enhet erbjuder en enast\u00e5ende \u00e5ngupplevelse som kommer att imponera.<\/p>","protected":false},"excerpt":{"rendered":"<p>Vielseitige MTL-E-Zigarette: Perfekte Kombination aus Leistung und Stil Diese MTL E-Zigarette bietet eine flexible Auswahl an Vorteile-N:\u00a0 2% und 5%. Egal, ob Sie ein nikotinfreies Dampferlebnis bevorzugen oder einen st\u00e4rkeren Nikotinkick w\u00fcnschen, dieses Ger\u00e4t passt sich Ihren individuellen Vorlieben perfekt an. Mit 20 ml E-Liquid ausgestattet, bietet die E-Zigarette ausreichend Kapazit\u00e4t f\u00fcr langanhaltende Dampf-Sessions. Die [&hellip;]<\/p>","protected":false},"featured_media":13896,"template":"","meta":{"inline_featured_image":false},"product_cat":[15,78,747,740,734,753,732,722],"product_tag":[710,673],"tiered_pricing_type":"fixed","tiered_pricing_fixed_rules":{"110":"6.75","200":"6.00","500":"5.25"},"tiered_pricing_percentage_rules":[],"tiered_pricing_minimum":1,"_administrator_tiered_pricing_type":"fixed","_administrator_tiered_pricing_fixed_rules":[],"_editor_tiered_pricing_type":"fixed","_editor_tiered_pricing_fixed_rules":[],"_author_tiered_pricing_type":"fixed","_author_tiered_pricing_fixed_rules":[],"_contributor_tiered_pricing_type":"fixed","_contributor_tiered_pricing_fixed_rules":[],"_subscriber_tiered_pricing_type":"fixed","_subscriber_tiered_pricing_fixed_rules":[],"_customer_tiered_pricing_type":"fixed","_customer_tiered_pricing_fixed_rules":[],"_shop_manager_tiered_pricing_type":"fixed","_shop_manager_tiered_pricing_fixed_rules":[],"_wpseo_manager_tiered_pricing_type":"fixed","_wpseo_manager_tiered_pricing_fixed_rules":[],"_wpseo_editor_tiered_pricing_type":"fixed","_wpseo_editor_tiered_pricing_fixed_rules":[],"_wholesale_customer_tiered_pricing_type":"fixed","_wholesale_customer_tiered_pricing_fixed_rules":[],"_marketer_tiered_pricing_type":"fixed","_marketer_tiered_pricing_fixed_rules":[],"_sales_manager_tiered_pricing_type":"fixed","_sales_manager_tiered_pricing_fixed_rules":[],"_sales_rep_tiered_pricing_type":"fixed","_sales_rep_tiered_pricing_fixed_rules":[],"yoast_head":"<!-- This site is optimized with the Yoast SEO plugin v23.3 - https:\/\/yoast.com\/wordpress\/plugins\/seo\/ -->\n<title>STRAWBERRY PITAYA LEMONADE 12000 Z\u00fcge coole LED-Lichter Gro\u00dfhandelspreis f\u00fcr E-Zigaretten | ElementVape.de<\/title>\n<meta name=\"description\" content=\"Wir bieten STRAWBERRY PITAYA LEMONADE 12000 Z\u00fcge coole LED-Lichter Gro\u00dfhandelspreis f\u00fcr E-Zigaretten , Elementvape.de akzeptieren Gro\u00df-und Einzelhandel Bestellungen.\" \/>\n<meta name=\"robots\" content=\"index, follow, max-snippet:-1, max-image-preview:large, max-video-preview:-1\" \/>\n<link rel=\"canonical\" href=\"https:\/\/www.elementvape.de\/sv\/produkt\/strawberry-pitaya-lemonade-12000-zuege-coole-led-lichter-grosshandelspreis-fuer-e-zigaretten\/\" \/>\n<meta property=\"og:locale\" content=\"sv_SE\" \/>\n<meta property=\"og:type\" content=\"article\" \/>\n<meta property=\"og:title\" content=\"STRAWBERRY PITAYA LEMONADE 12000 Z\u00fcge coole LED-Lichter Gro\u00dfhandelspreis f\u00fcr E-Zigaretten | ElementVape.de\" \/>\n<meta property=\"og:description\" content=\"Wir bieten STRAWBERRY PITAYA LEMONADE 12000 Z\u00fcge coole LED-Lichter Gro\u00dfhandelspreis f\u00fcr E-Zigaretten , Elementvape.de akzeptieren Gro\u00df-und Einzelhandel Bestellungen.\" \/>\n<meta property=\"og:url\" content=\"https:\/\/www.elementvape.de\/sv\/produkt\/strawberry-pitaya-lemonade-12000-zuege-coole-led-lichter-grosshandelspreis-fuer-e-zigaretten\/\" \/>\n<meta property=\"og:site_name\" content=\"ElementVape.de\" \/>\n<meta property=\"article:modified_time\" content=\"2024-12-12T06:34:21+00:00\" \/>\n<meta property=\"og:image\" content=\"https:\/\/www.elementvape.de\/wp-content\/uploads\/2024\/08\/Strawberry-pitaya-lemonade_980.png\" \/>\n\t<meta property=\"og:image:width\" content=\"980\" \/>\n\t<meta property=\"og:image:height\" content=\"980\" \/>\n\t<meta property=\"og:image:type\" content=\"image\/png\" \/>\n<meta name=\"twitter:card\" content=\"summary_large_image\" \/>\n<meta name=\"twitter:label1\" content=\"Est. reading time\" \/>\n\t<meta name=\"twitter:data1\" content=\"2 minuter\" \/>\n<script type=\"application\/ld+json\" class=\"yoast-schema-graph\">{\"@context\":\"https:\/\/schema.org\",\"@graph\":[{\"@type\":\"WebPage\",\"@id\":\"https:\/\/www.elementvape.de\/sk\/produkt\/strawberry-pitaya-lemonade-12000-zuege-coole-led-lichter-grosshandelspreis-fuer-e-zigaretten\/\",\"url\":\"https:\/\/www.elementvape.de\/sk\/produkt\/strawberry-pitaya-lemonade-12000-zuege-coole-led-lichter-grosshandelspreis-fuer-e-zigaretten\/\",\"name\":\"STRAWBERRY PITAYA LEMONADE 12000 Z\u00fcge coole LED-Lichter Gro\u00dfhandelspreis f\u00fcr E-Zigaretten | ElementVape.de\",\"isPartOf\":{\"@id\":\"https:\/\/www.elementvape.de\/#website\"},\"primaryImageOfPage\":{\"@id\":\"https:\/\/www.elementvape.de\/sk\/produkt\/strawberry-pitaya-lemonade-12000-zuege-coole-led-lichter-grosshandelspreis-fuer-e-zigaretten\/#primaryimage\"},\"image\":{\"@id\":\"https:\/\/www.elementvape.de\/sk\/produkt\/strawberry-pitaya-lemonade-12000-zuege-coole-led-lichter-grosshandelspreis-fuer-e-zigaretten\/#primaryimage\"},\"thumbnailUrl\":\"https:\/\/www.elementvape.de\/wp-content\/uploads\/2024\/08\/Strawberry-pitaya-lemonade_980.png\",\"datePublished\":\"2024-08-20T09:11:56+00:00\",\"dateModified\":\"2024-12-12T06:34:21+00:00\",\"description\":\"Wir bieten STRAWBERRY PITAYA LEMONADE 12000 Z\u00fcge coole LED-Lichter Gro\u00dfhandelspreis f\u00fcr E-Zigaretten , Elementvape.de akzeptieren Gro\u00df-und Einzelhandel Bestellungen.\",\"breadcrumb\":{\"@id\":\"https:\/\/www.elementvape.de\/sk\/produkt\/strawberry-pitaya-lemonade-12000-zuege-coole-led-lichter-grosshandelspreis-fuer-e-zigaretten\/#breadcrumb\"},\"inLanguage\":\"sv-SE\",\"potentialAction\":[{\"@type\":\"ReadAction\",\"target\":[\"https:\/\/www.elementvape.de\/sk\/produkt\/strawberry-pitaya-lemonade-12000-zuege-coole-led-lichter-grosshandelspreis-fuer-e-zigaretten\/\"]}]},{\"@type\":\"ImageObject\",\"inLanguage\":\"sv-SE\",\"@id\":\"https:\/\/www.elementvape.de\/sk\/produkt\/strawberry-pitaya-lemonade-12000-zuege-coole-led-lichter-grosshandelspreis-fuer-e-zigaretten\/#primaryimage\",\"url\":\"https:\/\/www.elementvape.de\/wp-content\/uploads\/2024\/08\/Strawberry-pitaya-lemonade_980.png\",\"contentUrl\":\"https:\/\/www.elementvape.de\/wp-content\/uploads\/2024\/08\/Strawberry-pitaya-lemonade_980.png\",\"width\":980,\"height\":980,\"caption\":\"STRAWBERRY PITAYA LEMONADE\"},{\"@type\":\"BreadcrumbList\",\"@id\":\"https:\/\/www.elementvape.de\/sk\/produkt\/strawberry-pitaya-lemonade-12000-zuege-coole-led-lichter-grosshandelspreis-fuer-e-zigaretten\/#breadcrumb\",\"itemListElement\":[{\"@type\":\"ListItem\",\"position\":1,\"name\":\"Home\",\"item\":\"https:\/\/www.elementvape.de\/\"},{\"@type\":\"ListItem\",\"position\":2,\"name\":\"Shop\",\"item\":\"https:\/\/www.elementvape.de\/shop\/\"},{\"@type\":\"ListItem\",\"position\":3,\"name\":\"STRAWBERRY PITAYA LEMONADE 12000 Z\u00fcge coole LED-Lichter Gro\u00dfhandelspreis f\u00fcr E-Zigaretten\"}]},{\"@type\":\"WebSite\",\"@id\":\"https:\/\/www.elementvape.de\/#website\",\"url\":\"https:\/\/www.elementvape.de\/\",\"name\":\"ElementVape.de\",\"description\":\"\",\"publisher\":{\"@id\":\"https:\/\/www.elementvape.de\/#organization\"},\"potentialAction\":[{\"@type\":\"SearchAction\",\"target\":{\"@type\":\"EntryPoint\",\"urlTemplate\":\"https:\/\/www.elementvape.de\/?s={search_term_string}\"},\"query-input\":\"required name=search_term_string\"}],\"inLanguage\":\"sv-SE\"},{\"@type\":\"Organization\",\"@id\":\"https:\/\/www.elementvape.de\/#organization\",\"name\":\"ElementVape.DE\",\"url\":\"https:\/\/www.elementvape.de\/\",\"logo\":{\"@type\":\"ImageObject\",\"inLanguage\":\"sv-SE\",\"@id\":\"https:\/\/www.elementvape.de\/#\/schema\/logo\/image\/\",\"url\":\"https:\/\/www.elementvape.de\/wp-content\/uploads\/2024\/09\/cropped-1elementvape-3.png\",\"contentUrl\":\"https:\/\/www.elementvape.de\/wp-content\/uploads\/2024\/09\/cropped-1elementvape-3.png\",\"width\":285,\"height\":228,\"caption\":\"ElementVape.DE\"},\"image\":{\"@id\":\"https:\/\/www.elementvape.de\/#\/schema\/logo\/image\/\"}}]}<\/script>\n<!-- \/ Yoast SEO plugin. -->","yoast_head_json":{"title":"STRAWBERRY PITAYA LEMONADE 12000 Z\u00fcge coole LED-Lichter Gro\u00dfhandelspreis f\u00fcr E-Zigaretten | ElementVape.de","description":"Wir bieten STRAWBERRY PITAYA LEMONADE 12000 Z\u00fcge coole LED-Lichter Gro\u00dfhandelspreis f\u00fcr E-Zigaretten , Elementvape.de akzeptieren Gro\u00df-und Einzelhandel Bestellungen.","robots":{"index":"index","follow":"follow","max-snippet":"max-snippet:-1","max-image-preview":"max-image-preview:large","max-video-preview":"max-video-preview:-1"},"canonical":"https:\/\/www.elementvape.de\/sv\/produkt\/strawberry-pitaya-lemonade-12000-zuege-coole-led-lichter-grosshandelspreis-fuer-e-zigaretten\/","og_locale":"sv_SE","og_type":"article","og_title":"STRAWBERRY PITAYA LEMONADE 12000 Z\u00fcge coole LED-Lichter Gro\u00dfhandelspreis f\u00fcr E-Zigaretten | ElementVape.de","og_description":"Wir bieten STRAWBERRY PITAYA LEMONADE 12000 Z\u00fcge coole LED-Lichter Gro\u00dfhandelspreis f\u00fcr E-Zigaretten , Elementvape.de akzeptieren Gro\u00df-und Einzelhandel Bestellungen.","og_url":"https:\/\/www.elementvape.de\/sv\/produkt\/strawberry-pitaya-lemonade-12000-zuege-coole-led-lichter-grosshandelspreis-fuer-e-zigaretten\/","og_site_name":"ElementVape.de","article_modified_time":"2024-12-12T06:34:21+00:00","og_image":[{"width":980,"height":980,"url":"https:\/\/www.elementvape.de\/wp-content\/uploads\/2024\/08\/Strawberry-pitaya-lemonade_980.png","type":"image\/png"}],"twitter_card":"summary_large_image","twitter_misc":{"Est. reading time":"2 minuter"},"schema":{"@context":"https:\/\/schema.org","@graph":[{"@type":"WebPage","@id":"https:\/\/www.elementvape.de\/sk\/produkt\/strawberry-pitaya-lemonade-12000-zuege-coole-led-lichter-grosshandelspreis-fuer-e-zigaretten\/","url":"https:\/\/www.elementvape.de\/sk\/produkt\/strawberry-pitaya-lemonade-12000-zuege-coole-led-lichter-grosshandelspreis-fuer-e-zigaretten\/","name":"STRAWBERRY PITAYA LEMONADE 12000 Z\u00fcge coole LED-Lichter Gro\u00dfhandelspreis f\u00fcr E-Zigaretten | ElementVape.de","isPartOf":{"@id":"https:\/\/www.elementvape.de\/#website"},"primaryImageOfPage":{"@id":"https:\/\/www.elementvape.de\/sk\/produkt\/strawberry-pitaya-lemonade-12000-zuege-coole-led-lichter-grosshandelspreis-fuer-e-zigaretten\/#primaryimage"},"image":{"@id":"https:\/\/www.elementvape.de\/sk\/produkt\/strawberry-pitaya-lemonade-12000-zuege-coole-led-lichter-grosshandelspreis-fuer-e-zigaretten\/#primaryimage"},"thumbnailUrl":"https:\/\/www.elementvape.de\/wp-content\/uploads\/2024\/08\/Strawberry-pitaya-lemonade_980.png","datePublished":"2024-08-20T09:11:56+00:00","dateModified":"2024-12-12T06:34:21+00:00","description":"Wir bieten STRAWBERRY PITAYA LEMONADE 12000 Z\u00fcge coole LED-Lichter Gro\u00dfhandelspreis f\u00fcr E-Zigaretten , Elementvape.de akzeptieren Gro\u00df-und Einzelhandel Bestellungen.","breadcrumb":{"@id":"https:\/\/www.elementvape.de\/sk\/produkt\/strawberry-pitaya-lemonade-12000-zuege-coole-led-lichter-grosshandelspreis-fuer-e-zigaretten\/#breadcrumb"},"inLanguage":"sv-SE","potentialAction":[{"@type":"ReadAction","target":["https:\/\/www.elementvape.de\/sk\/produkt\/strawberry-pitaya-lemonade-12000-zuege-coole-led-lichter-grosshandelspreis-fuer-e-zigaretten\/"]}]},{"@type":"ImageObject","inLanguage":"sv-SE","@id":"https:\/\/www.elementvape.de\/sk\/produkt\/strawberry-pitaya-lemonade-12000-zuege-coole-led-lichter-grosshandelspreis-fuer-e-zigaretten\/#primaryimage","url":"https:\/\/www.elementvape.de\/wp-content\/uploads\/2024\/08\/Strawberry-pitaya-lemonade_980.png","contentUrl":"https:\/\/www.elementvape.de\/wp-content\/uploads\/2024\/08\/Strawberry-pitaya-lemonade_980.png","width":980,"height":980,"caption":"STRAWBERRY PITAYA LEMONADE"},{"@type":"BreadcrumbList","@id":"https:\/\/www.elementvape.de\/sk\/produkt\/strawberry-pitaya-lemonade-12000-zuege-coole-led-lichter-grosshandelspreis-fuer-e-zigaretten\/#breadcrumb","itemListElement":[{"@type":"ListItem","position":1,"name":"Home","item":"https:\/\/www.elementvape.de\/"},{"@type":"ListItem","position":2,"name":"Shop","item":"https:\/\/www.elementvape.de\/shop\/"},{"@type":"ListItem","position":3,"name":"STRAWBERRY PITAYA LEMONADE 12000 Z\u00fcge coole LED-Lichter Gro\u00dfhandelspreis f\u00fcr E-Zigaretten"}]},{"@type":"WebSite","@id":"https:\/\/www.elementvape.de\/#website","url":"https:\/\/www.elementvape.de\/","name":"ElementVape.de","description":"","publisher":{"@id":"https:\/\/www.elementvape.de\/#organization"},"potentialAction":[{"@type":"SearchAction","target":{"@type":"EntryPoint","urlTemplate":"https:\/\/www.elementvape.de\/?s={search_term_string}"},"query-input":"required name=search_term_string"}],"inLanguage":"sv-SE"},{"@type":"Organization","@id":"https:\/\/www.elementvape.de\/#organization","name":"ElementVape.DE","url":"https:\/\/www.elementvape.de\/","logo":{"@type":"ImageObject","inLanguage":"sv-SE","@id":"https:\/\/www.elementvape.de\/#\/schema\/logo\/image\/","url":"https:\/\/www.elementvape.de\/wp-content\/uploads\/2024\/09\/cropped-1elementvape-3.png","contentUrl":"https:\/\/www.elementvape.de\/wp-content\/uploads\/2024\/09\/cropped-1elementvape-3.png","width":285,"height":228,"caption":"ElementVape.DE"},"image":{"@id":"https:\/\/www.elementvape.de\/#\/schema\/logo\/image\/"}}]}},"_links":{"self":[{"href":"https:\/\/www.elementvape.de\/sv\/wp-json\/wp\/v2\/product\/13895"}],"collection":[{"href":"https:\/\/www.elementvape.de\/sv\/wp-json\/wp\/v2\/product"}],"about":[{"href":"https:\/\/www.elementvape.de\/sv\/wp-json\/wp\/v2\/types\/product"}],"wp:featuredmedia":[{"embeddable":true,"href":"https:\/\/www.elementvape.de\/sv\/wp-json\/wp\/v2\/media\/13896"}],"wp:attachment":[{"href":"https:\/\/www.elementvape.de\/sv\/wp-json\/wp\/v2\/media?parent=13895"}],"wp:term":[{"taxonomy":"product_cat","embeddable":true,"href":"https:\/\/www.elementvape.de\/sv\/wp-json\/wp\/v2\/product_cat?post=13895"},{"taxonomy":"product_tag","embeddable":true,"href":"https:\/\/www.elementvape.de\/sv\/wp-json\/wp\/v2\/product_tag?post=13895"}],"curies":[{"name":"wp","href":"https:\/\/api.w.org\/{rel}","templated":true}]}}