{"id":13855,"date":"2024-08-19T06:32:19","date_gmt":"2024-08-19T06:32:19","guid":{"rendered":"https:\/\/www.elementvape.de\/?post_type=product&#038;p=13855"},"modified":"2024-12-12T06:34:39","modified_gmt":"2024-12-12T06:34:39","slug":"red-bull-vape-elf-box-rgb14000-pro-der-zollfreie-genuss-fuer-einen-energiegeladenen-moment","status":"publish","type":"product","link":"https:\/\/www.elementvape.de\/sv\/produkt\/red-bull-vape-elf-box-rgb14000-pro-der-zollfreie-genuss-fuer-einen-energiegeladenen-moment\/","title":{"rendered":"Red Bull Vape ELF BOX RGB14000 pro den friheten f\u00f6r en energigivande stund"},"content":{"rendered":"<table style=\"font-size: 16px;\">\n<thead>\n<tr>\n<th><strong>Funktion<\/strong><\/th>\n<th><strong>Detaljer<\/strong><\/th>\n<\/tr>\n<\/thead>\n<tbody>\n<tr>\n<td>Doser<\/td>\n<td>14 000 drag<\/td>\n<\/tr>\n<tr>\n<td>K\u00e4rna<\/td>\n<td>Mesh-spole, 1,0 Ohm<\/td>\n<\/tr>\n<tr>\n<td>E-v\u00e4tska<\/td>\n<td>25 ml<\/td>\n<\/tr>\n<tr>\n<td>N-styrkor<\/td>\n<td>0%, 2%, 3%, 5%<\/td>\n<\/tr>\n<tr>\n<td>Batteri<\/td>\n<td>18250, 600mAh<\/td>\n<\/tr>\n<tr>\n<td>\u00c5teruppladdningsbar<\/td>\n<td>Type-C<\/td>\n<\/tr>\n<tr>\n<td>Display<\/td>\n<td>LED-sk\u00e4rm<\/td>\n<\/tr>\n<tr>\n<td>Belysning<\/td>\n<td>RGB-ljus + f\u00e4rgglad lanyard<\/td>\n<\/tr>\n<tr>\n<td>Vikt<\/td>\n<td>105 g<\/td>\n<\/tr>\n<tr>\n<td>Storlek<\/td>\n<td>35 x 36 x 133,5 mm<\/td>\n<\/tr>\n<\/tbody>\n<\/table>\n<h3><strong>LF BOX RGB14000 \u2013 Red Bull Vape f\u00f6r ett energifyllt \u00f6gonblick<\/strong><\/h3>\n<p>Upplev den energifyllda njutningen med ELF BOX RGB14000 med smak av Red Bull. Denna enhet ger dig 14 000 drag av ren \u00e5nga-luxus och ger den perfekta kickan n\u00e4r du beh\u00f6ver den.<\/p>\n<p>Njut av den tullfria Red Bull-smaken av ELF BOX RGB14000, som ger dig en energifylld upplevelse med varje inhalation. Med 14 000 drag och imponerande funktioner \u00e4r denna vape-enhet det perfekta valet f\u00f6r din ultimata fr\u00e4sch\u00f6rkick.<\/p>\n<h3>Energifyllt \u00e5nga \u2013 ELF BOX RGB14000 Red Bull Vape<\/h3>\n<p>ELF BOX RGB14000 kombinerar den karakteristiska Red Bull-smaken med en kapacitet p\u00e5 14 000 drag. Upplev tullfri njutning och ett energifyllt \u00f6gonblick med modern teknik och stilrent design.<\/p>\n<h3><\/h3>","protected":false},"excerpt":{"rendered":"<p>Merkmal Details Puffs 14.000 Z\u00fcge Kern Mesh-Coil, 1,0 Ohm E-Liquid 25ml N-St\u00e4rken 0%, 2%, 3%, 5% Akku 18250, 600mAh Wiederaufladbar Type-C Anzeige LED-Display Beleuchtung RGB-Licht + bunter Lanyard Gewicht 105g Gr\u00f6\u00dfe 35 x 36 x 133,5 mm LF BOX RGB14000 \u2013 Red Bull Vape f\u00fcr einen energiegeladenen Moment Erleben Sie den energiegeladenen Genuss mit der [&hellip;]<\/p>","protected":false},"featured_media":13856,"template":"","meta":{"inline_featured_image":false},"product_cat":[15,78,747,740,734,753,718,732],"product_tag":[710,674],"tiered_pricing_type":"fixed","tiered_pricing_fixed_rules":{"110":"7.95","200":"7.06","500":"6.18"},"tiered_pricing_percentage_rules":[],"tiered_pricing_minimum":1,"_administrator_tiered_pricing_type":"fixed","_administrator_tiered_pricing_fixed_rules":[],"_editor_tiered_pricing_type":"fixed","_editor_tiered_pricing_fixed_rules":[],"_author_tiered_pricing_type":"fixed","_author_tiered_pricing_fixed_rules":[],"_contributor_tiered_pricing_type":"fixed","_contributor_tiered_pricing_fixed_rules":[],"_subscriber_tiered_pricing_type":"fixed","_subscriber_tiered_pricing_fixed_rules":[],"_customer_tiered_pricing_type":"fixed","_customer_tiered_pricing_fixed_rules":[],"_shop_manager_tiered_pricing_type":"fixed","_shop_manager_tiered_pricing_fixed_rules":[],"_wpseo_manager_tiered_pricing_type":"fixed","_wpseo_manager_tiered_pricing_fixed_rules":[],"_wpseo_editor_tiered_pricing_type":"fixed","_wpseo_editor_tiered_pricing_fixed_rules":[],"_wholesale_customer_tiered_pricing_type":"fixed","_wholesale_customer_tiered_pricing_fixed_rules":[],"_marketer_tiered_pricing_type":"fixed","_marketer_tiered_pricing_fixed_rules":[],"_sales_manager_tiered_pricing_type":"fixed","_sales_manager_tiered_pricing_fixed_rules":[],"_sales_rep_tiered_pricing_type":"fixed","_sales_rep_tiered_pricing_fixed_rules":[],"yoast_head":"<!-- This site is optimized with the Yoast SEO plugin v23.3 - https:\/\/yoast.com\/wordpress\/plugins\/seo\/ -->\n<title>Red Bull Vape ELF BOX RGB14000 pro der zollfreie Genuss f\u00fcr einen energiegeladenen Moment | ElementVape.de<\/title>\n<meta name=\"description\" content=\"Wir bieten Red Bull Vape ELF BOX RGB14000 pro der zollfreie Genuss f\u00fcr einen energiegeladenen Moment , Elementvape.de akzeptieren Gro\u00df-und Einzelhandel Bestellungen.\" \/>\n<meta name=\"robots\" content=\"index, follow, max-snippet:-1, max-image-preview:large, max-video-preview:-1\" \/>\n<link rel=\"canonical\" href=\"https:\/\/www.elementvape.de\/sv\/produkt\/red-bull-vape-elf-box-rgb14000-pro-der-zollfreie-genuss-fuer-einen-energiegeladenen-moment\/\" \/>\n<meta property=\"og:locale\" content=\"sv_SE\" \/>\n<meta property=\"og:type\" content=\"article\" \/>\n<meta property=\"og:title\" content=\"Red Bull Vape ELF BOX RGB14000 pro der zollfreie Genuss f\u00fcr einen energiegeladenen Moment | ElementVape.de\" \/>\n<meta property=\"og:description\" content=\"Wir bieten Red Bull Vape ELF BOX RGB14000 pro der zollfreie Genuss f\u00fcr einen energiegeladenen Moment , Elementvape.de akzeptieren Gro\u00df-und Einzelhandel Bestellungen.\" \/>\n<meta property=\"og:url\" content=\"https:\/\/www.elementvape.de\/sv\/produkt\/red-bull-vape-elf-box-rgb14000-pro-der-zollfreie-genuss-fuer-einen-energiegeladenen-moment\/\" \/>\n<meta property=\"og:site_name\" content=\"ElementVape.de\" \/>\n<meta property=\"article:modified_time\" content=\"2024-12-12T06:34:39+00:00\" \/>\n<meta property=\"og:image\" content=\"https:\/\/www.elementvape.de\/wp-content\/uploads\/2024\/08\/\u7ea2\u725b0000.png\" \/>\n\t<meta property=\"og:image:width\" content=\"1000\" \/>\n\t<meta property=\"og:image:height\" content=\"1000\" \/>\n\t<meta property=\"og:image:type\" content=\"image\/png\" \/>\n<meta name=\"twitter:card\" content=\"summary_large_image\" \/>\n<meta name=\"twitter:label1\" content=\"Est. reading time\" \/>\n\t<meta name=\"twitter:data1\" content=\"2 minuter\" \/>\n<script type=\"application\/ld+json\" class=\"yoast-schema-graph\">{\"@context\":\"https:\/\/schema.org\",\"@graph\":[{\"@type\":\"WebPage\",\"@id\":\"https:\/\/www.elementvape.de\/sk\/produkt\/red-bull-vape-elf-box-rgb14000-pro-der-zollfreie-genuss-fuer-einen-energiegeladenen-moment\/\",\"url\":\"https:\/\/www.elementvape.de\/sk\/produkt\/red-bull-vape-elf-box-rgb14000-pro-der-zollfreie-genuss-fuer-einen-energiegeladenen-moment\/\",\"name\":\"Red Bull Vape ELF BOX RGB14000 pro der zollfreie Genuss f\u00fcr einen energiegeladenen Moment | ElementVape.de\",\"isPartOf\":{\"@id\":\"https:\/\/www.elementvape.de\/#website\"},\"primaryImageOfPage\":{\"@id\":\"https:\/\/www.elementvape.de\/sk\/produkt\/red-bull-vape-elf-box-rgb14000-pro-der-zollfreie-genuss-fuer-einen-energiegeladenen-moment\/#primaryimage\"},\"image\":{\"@id\":\"https:\/\/www.elementvape.de\/sk\/produkt\/red-bull-vape-elf-box-rgb14000-pro-der-zollfreie-genuss-fuer-einen-energiegeladenen-moment\/#primaryimage\"},\"thumbnailUrl\":\"https:\/\/www.elementvape.de\/wp-content\/uploads\/2024\/08\/\u7ea2\u725b0000.png\",\"datePublished\":\"2024-08-19T06:32:19+00:00\",\"dateModified\":\"2024-12-12T06:34:39+00:00\",\"description\":\"Wir bieten Red Bull Vape ELF BOX RGB14000 pro der zollfreie Genuss f\u00fcr einen energiegeladenen Moment , Elementvape.de akzeptieren Gro\u00df-und Einzelhandel Bestellungen.\",\"breadcrumb\":{\"@id\":\"https:\/\/www.elementvape.de\/sk\/produkt\/red-bull-vape-elf-box-rgb14000-pro-der-zollfreie-genuss-fuer-einen-energiegeladenen-moment\/#breadcrumb\"},\"inLanguage\":\"sv-SE\",\"potentialAction\":[{\"@type\":\"ReadAction\",\"target\":[\"https:\/\/www.elementvape.de\/sk\/produkt\/red-bull-vape-elf-box-rgb14000-pro-der-zollfreie-genuss-fuer-einen-energiegeladenen-moment\/\"]}]},{\"@type\":\"ImageObject\",\"inLanguage\":\"sv-SE\",\"@id\":\"https:\/\/www.elementvape.de\/sk\/produkt\/red-bull-vape-elf-box-rgb14000-pro-der-zollfreie-genuss-fuer-einen-energiegeladenen-moment\/#primaryimage\",\"url\":\"https:\/\/www.elementvape.de\/wp-content\/uploads\/2024\/08\/\u7ea2\u725b0000.png\",\"contentUrl\":\"https:\/\/www.elementvape.de\/wp-content\/uploads\/2024\/08\/\u7ea2\u725b0000.png\",\"width\":1000,\"height\":1000,\"caption\":\"Red Bull\"},{\"@type\":\"BreadcrumbList\",\"@id\":\"https:\/\/www.elementvape.de\/sk\/produkt\/red-bull-vape-elf-box-rgb14000-pro-der-zollfreie-genuss-fuer-einen-energiegeladenen-moment\/#breadcrumb\",\"itemListElement\":[{\"@type\":\"ListItem\",\"position\":1,\"name\":\"Home\",\"item\":\"https:\/\/www.elementvape.de\/\"},{\"@type\":\"ListItem\",\"position\":2,\"name\":\"Shop\",\"item\":\"https:\/\/www.elementvape.de\/shop\/\"},{\"@type\":\"ListItem\",\"position\":3,\"name\":\"Red Bull Vape ELF BOX RGB14000 pro der zollfreie Genuss f\u00fcr einen energiegeladenen Moment\"}]},{\"@type\":\"WebSite\",\"@id\":\"https:\/\/www.elementvape.de\/#website\",\"url\":\"https:\/\/www.elementvape.de\/\",\"name\":\"ElementVape.de\",\"description\":\"\",\"publisher\":{\"@id\":\"https:\/\/www.elementvape.de\/#organization\"},\"potentialAction\":[{\"@type\":\"SearchAction\",\"target\":{\"@type\":\"EntryPoint\",\"urlTemplate\":\"https:\/\/www.elementvape.de\/?s={search_term_string}\"},\"query-input\":\"required name=search_term_string\"}],\"inLanguage\":\"sv-SE\"},{\"@type\":\"Organization\",\"@id\":\"https:\/\/www.elementvape.de\/#organization\",\"name\":\"ElementVape.DE\",\"url\":\"https:\/\/www.elementvape.de\/\",\"logo\":{\"@type\":\"ImageObject\",\"inLanguage\":\"sv-SE\",\"@id\":\"https:\/\/www.elementvape.de\/#\/schema\/logo\/image\/\",\"url\":\"https:\/\/www.elementvape.de\/wp-content\/uploads\/2024\/09\/cropped-1elementvape-3.png\",\"contentUrl\":\"https:\/\/www.elementvape.de\/wp-content\/uploads\/2024\/09\/cropped-1elementvape-3.png\",\"width\":285,\"height\":228,\"caption\":\"ElementVape.DE\"},\"image\":{\"@id\":\"https:\/\/www.elementvape.de\/#\/schema\/logo\/image\/\"}}]}<\/script>\n<!-- \/ Yoast SEO plugin. -->","yoast_head_json":{"title":"Red Bull Vape ELF BOX RGB14000 pro der zollfreie Genuss f\u00fcr einen energiegeladenen Moment | ElementVape.de","description":"Wir bieten Red Bull Vape ELF BOX RGB14000 pro der zollfreie Genuss f\u00fcr einen energiegeladenen Moment , Elementvape.de akzeptieren Gro\u00df-und Einzelhandel Bestellungen.","robots":{"index":"index","follow":"follow","max-snippet":"max-snippet:-1","max-image-preview":"max-image-preview:large","max-video-preview":"max-video-preview:-1"},"canonical":"https:\/\/www.elementvape.de\/sv\/produkt\/red-bull-vape-elf-box-rgb14000-pro-der-zollfreie-genuss-fuer-einen-energiegeladenen-moment\/","og_locale":"sv_SE","og_type":"article","og_title":"Red Bull Vape ELF BOX RGB14000 pro der zollfreie Genuss f\u00fcr einen energiegeladenen Moment | ElementVape.de","og_description":"Wir bieten Red Bull Vape ELF BOX RGB14000 pro der zollfreie Genuss f\u00fcr einen energiegeladenen Moment , Elementvape.de akzeptieren Gro\u00df-und Einzelhandel Bestellungen.","og_url":"https:\/\/www.elementvape.de\/sv\/produkt\/red-bull-vape-elf-box-rgb14000-pro-der-zollfreie-genuss-fuer-einen-energiegeladenen-moment\/","og_site_name":"ElementVape.de","article_modified_time":"2024-12-12T06:34:39+00:00","og_image":[{"width":1000,"height":1000,"url":"https:\/\/www.elementvape.de\/wp-content\/uploads\/2024\/08\/\u7ea2\u725b0000.png","type":"image\/png"}],"twitter_card":"summary_large_image","twitter_misc":{"Est. reading time":"2 minuter"},"schema":{"@context":"https:\/\/schema.org","@graph":[{"@type":"WebPage","@id":"https:\/\/www.elementvape.de\/sk\/produkt\/red-bull-vape-elf-box-rgb14000-pro-der-zollfreie-genuss-fuer-einen-energiegeladenen-moment\/","url":"https:\/\/www.elementvape.de\/sk\/produkt\/red-bull-vape-elf-box-rgb14000-pro-der-zollfreie-genuss-fuer-einen-energiegeladenen-moment\/","name":"Red Bull Vape ELF BOX RGB14000 pro der zollfreie Genuss f\u00fcr einen energiegeladenen Moment | ElementVape.de","isPartOf":{"@id":"https:\/\/www.elementvape.de\/#website"},"primaryImageOfPage":{"@id":"https:\/\/www.elementvape.de\/sk\/produkt\/red-bull-vape-elf-box-rgb14000-pro-der-zollfreie-genuss-fuer-einen-energiegeladenen-moment\/#primaryimage"},"image":{"@id":"https:\/\/www.elementvape.de\/sk\/produkt\/red-bull-vape-elf-box-rgb14000-pro-der-zollfreie-genuss-fuer-einen-energiegeladenen-moment\/#primaryimage"},"thumbnailUrl":"https:\/\/www.elementvape.de\/wp-content\/uploads\/2024\/08\/\u7ea2\u725b0000.png","datePublished":"2024-08-19T06:32:19+00:00","dateModified":"2024-12-12T06:34:39+00:00","description":"Wir bieten Red Bull Vape ELF BOX RGB14000 pro der zollfreie Genuss f\u00fcr einen energiegeladenen Moment , Elementvape.de akzeptieren Gro\u00df-und Einzelhandel Bestellungen.","breadcrumb":{"@id":"https:\/\/www.elementvape.de\/sk\/produkt\/red-bull-vape-elf-box-rgb14000-pro-der-zollfreie-genuss-fuer-einen-energiegeladenen-moment\/#breadcrumb"},"inLanguage":"sv-SE","potentialAction":[{"@type":"ReadAction","target":["https:\/\/www.elementvape.de\/sk\/produkt\/red-bull-vape-elf-box-rgb14000-pro-der-zollfreie-genuss-fuer-einen-energiegeladenen-moment\/"]}]},{"@type":"ImageObject","inLanguage":"sv-SE","@id":"https:\/\/www.elementvape.de\/sk\/produkt\/red-bull-vape-elf-box-rgb14000-pro-der-zollfreie-genuss-fuer-einen-energiegeladenen-moment\/#primaryimage","url":"https:\/\/www.elementvape.de\/wp-content\/uploads\/2024\/08\/\u7ea2\u725b0000.png","contentUrl":"https:\/\/www.elementvape.de\/wp-content\/uploads\/2024\/08\/\u7ea2\u725b0000.png","width":1000,"height":1000,"caption":"Red Bull"},{"@type":"BreadcrumbList","@id":"https:\/\/www.elementvape.de\/sk\/produkt\/red-bull-vape-elf-box-rgb14000-pro-der-zollfreie-genuss-fuer-einen-energiegeladenen-moment\/#breadcrumb","itemListElement":[{"@type":"ListItem","position":1,"name":"Home","item":"https:\/\/www.elementvape.de\/"},{"@type":"ListItem","position":2,"name":"Shop","item":"https:\/\/www.elementvape.de\/shop\/"},{"@type":"ListItem","position":3,"name":"Red Bull Vape ELF BOX RGB14000 pro der zollfreie Genuss f\u00fcr einen energiegeladenen Moment"}]},{"@type":"WebSite","@id":"https:\/\/www.elementvape.de\/#website","url":"https:\/\/www.elementvape.de\/","name":"ElementVape.de","description":"","publisher":{"@id":"https:\/\/www.elementvape.de\/#organization"},"potentialAction":[{"@type":"SearchAction","target":{"@type":"EntryPoint","urlTemplate":"https:\/\/www.elementvape.de\/?s={search_term_string}"},"query-input":"required name=search_term_string"}],"inLanguage":"sv-SE"},{"@type":"Organization","@id":"https:\/\/www.elementvape.de\/#organization","name":"ElementVape.DE","url":"https:\/\/www.elementvape.de\/","logo":{"@type":"ImageObject","inLanguage":"sv-SE","@id":"https:\/\/www.elementvape.de\/#\/schema\/logo\/image\/","url":"https:\/\/www.elementvape.de\/wp-content\/uploads\/2024\/09\/cropped-1elementvape-3.png","contentUrl":"https:\/\/www.elementvape.de\/wp-content\/uploads\/2024\/09\/cropped-1elementvape-3.png","width":285,"height":228,"caption":"ElementVape.DE"},"image":{"@id":"https:\/\/www.elementvape.de\/#\/schema\/logo\/image\/"}}]}},"_links":{"self":[{"href":"https:\/\/www.elementvape.de\/sv\/wp-json\/wp\/v2\/product\/13855"}],"collection":[{"href":"https:\/\/www.elementvape.de\/sv\/wp-json\/wp\/v2\/product"}],"about":[{"href":"https:\/\/www.elementvape.de\/sv\/wp-json\/wp\/v2\/types\/product"}],"wp:featuredmedia":[{"embeddable":true,"href":"https:\/\/www.elementvape.de\/sv\/wp-json\/wp\/v2\/media\/13856"}],"wp:attachment":[{"href":"https:\/\/www.elementvape.de\/sv\/wp-json\/wp\/v2\/media?parent=13855"}],"wp:term":[{"taxonomy":"product_cat","embeddable":true,"href":"https:\/\/www.elementvape.de\/sv\/wp-json\/wp\/v2\/product_cat?post=13855"},{"taxonomy":"product_tag","embeddable":true,"href":"https:\/\/www.elementvape.de\/sv\/wp-json\/wp\/v2\/product_tag?post=13855"}],"curies":[{"name":"wp","href":"https:\/\/api.w.org\/{rel}","templated":true}]}}