{"id":13767,"date":"2024-08-15T09:08:35","date_gmt":"2024-08-15T09:08:35","guid":{"rendered":"https:\/\/www.elementvape.de\/?post_type=product&#038;p=13767"},"modified":"2024-12-12T06:34:56","modified_gmt":"2024-12-12T06:34:56","slug":"exotische-aromen-erwarten-sie-kiwi-passion-fruit-elf-box-pulse-x-mit-ki-gestuetzter-leistung","status":"publish","type":"product","link":"https:\/\/www.elementvape.de\/sv\/produkt\/exotische-aromen-erwarten-sie-kiwi-passion-fruit-elf-box-pulse-x-mit-ki-gestuetzter-leistung\/","title":{"rendered":"Exotiska smaker v\u00e4ntar dig Kiwi Passion Fruit ELF BOX PULSE X med AI-driven prestanda"},"content":{"rendered":"<h2>Kiwi Passion Fruit ELF BOX PULSE X \u2013 Tekniska data<\/h2>\n<table>\n<thead>\n<tr>\n<th>Funktion<\/th>\n<th>Specifikation<\/th>\n<\/tr>\n<\/thead>\n<tbody>\n<tr>\n<td>T\u00e5g (Regular)<\/td>\n<td>25.000<\/td>\n<\/tr>\n<tr>\n<td>T\u00e5g (Pulse)<\/td>\n<td>15.000<\/td>\n<\/tr>\n<tr>\n<td>Dubbel Mesh Coil<\/td>\n<td>0,8 ohm + 0,8 ohm<\/td>\n<\/tr>\n<tr>\n<td>E-v\u00e4tska<\/td>\n<td>18 ml<\/td>\n<\/tr>\n<tr>\n<td>N<\/td>\n<td>\u00a02%\/ 5%<\/td>\n<\/tr>\n<tr>\n<td>Batteri<\/td>\n<td>13500-750mAh<\/td>\n<\/tr>\n<tr>\n<td>Sk\u00e4rm<\/td>\n<td>3D b\u00f6jd sk\u00e4rm, AI-str\u00f6mjustering<\/td>\n<\/tr>\n<tr>\n<td>Teknologi<\/td>\n<td>Pulskraft, Super Boost VPU Inuti<\/td>\n<\/tr>\n<tr>\n<td>\u00c5teruppladdningsbar<\/td>\n<td>Type-C<\/td>\n<\/tr>\n<tr>\n<td>Produktvikt<\/td>\n<td>100 g<\/td>\n<\/tr>\n<tr>\n<td>Produktstorlek<\/td>\n<td>91.5<em>56.5<\/em>28,5 mm<\/td>\n<\/tr>\n<\/tbody>\n<\/table>\n<h3>Smakupplevelse: Kiwi Passion Fruit<\/h3>\n<table>\n<thead>\n<tr>\n<th>Aspekt<\/th>\n<th>Beskrivning<\/th>\n<\/tr>\n<\/thead>\n<tbody>\n<tr>\n<td>Smaker<\/td>\n<td>Kiwi, passionsfrukt<\/td>\n<\/tr>\n<tr>\n<td>Smak<\/td>\n<td>Exotisk, fruktig, l\u00e4tt syrlig<\/td>\n<\/tr>\n<tr>\n<td>Egenskaper<\/td>\n<td>S\u00f6t kiwi kombinerat med passionsfruktens friskhet<\/td>\n<\/tr>\n<\/tbody>\n<\/table>\n<h3>Funktioner<\/h3>\n<table>\n<thead>\n<tr>\n<th>Teknologi<\/th>\n<th>Beskrivning<\/th>\n<\/tr>\n<\/thead>\n<tbody>\n<tr>\n<td>Pulse-l\u00e4ge<\/td>\n<td>15 000 drag med mer intensiv prestanda och smak<\/td>\n<\/tr>\n<tr>\n<td>AI-justering av kraft<\/td>\n<td>Automatisk justering av prestanda f\u00f6r optimal smak<\/td>\n<\/tr>\n<tr>\n<td>Super Boost VPU<\/td>\n<td>\u00d6kar prestandan f\u00f6r t\u00e4tare \u00e5nga och intensivare smak<\/td>\n<\/tr>\n<tr>\n<td>Dual Mesh Coils<\/td>\n<td>J\u00e4mn v\u00e4rmef\u00f6rdelning f\u00f6r konsekvent \u00e5ngproduktion<\/td>\n<\/tr>\n<\/tbody>\n<\/table>","protected":false},"excerpt":{"rendered":"<p>Kiwi Passion Fruit ELF BOX PULSE X \u2013 Technische Daten Merkmal Spezifikation Z\u00fcge (Regular) 25.000 Z\u00fcge (Pulse) 15.000 Dual Mesh Coil 0.8ohm + 0.8ohm E-Liquid 18ml N \u00a02%\/ 5% Batterie 13500-750mAh Bildschirm 3D Curved Screen, AI Power Adjustment Technologie Pulse Power, Super Boost VPU Inside Wiederaufladbar Type-C Produktgewicht 100g Produktgr\u00f6\u00dfe 91.556.528.5mm Geschmackserlebnis: Kiwi Passion Fruit [&hellip;]<\/p>","protected":false},"featured_media":13768,"template":"","meta":{"inline_featured_image":false},"product_cat":[15,78,747,740,734,753,717,732],"product_tag":[710,674],"tiered_pricing_type":"fixed","tiered_pricing_fixed_rules":{"110":"12.39","200":"11.02","500":"9.64"},"tiered_pricing_percentage_rules":[],"tiered_pricing_minimum":1,"_administrator_tiered_pricing_type":"fixed","_administrator_tiered_pricing_fixed_rules":[],"_editor_tiered_pricing_type":"fixed","_editor_tiered_pricing_fixed_rules":[],"_author_tiered_pricing_type":"fixed","_author_tiered_pricing_fixed_rules":[],"_contributor_tiered_pricing_type":"fixed","_contributor_tiered_pricing_fixed_rules":[],"_subscriber_tiered_pricing_type":"fixed","_subscriber_tiered_pricing_fixed_rules":[],"_customer_tiered_pricing_type":"fixed","_customer_tiered_pricing_fixed_rules":[],"_shop_manager_tiered_pricing_type":"fixed","_shop_manager_tiered_pricing_fixed_rules":[],"_wpseo_manager_tiered_pricing_type":"fixed","_wpseo_manager_tiered_pricing_fixed_rules":[],"_wpseo_editor_tiered_pricing_type":"fixed","_wpseo_editor_tiered_pricing_fixed_rules":[],"_wholesale_customer_tiered_pricing_type":"fixed","_wholesale_customer_tiered_pricing_fixed_rules":[],"_marketer_tiered_pricing_type":"fixed","_marketer_tiered_pricing_fixed_rules":[],"_sales_manager_tiered_pricing_type":"fixed","_sales_manager_tiered_pricing_fixed_rules":[],"_sales_rep_tiered_pricing_type":"fixed","_sales_rep_tiered_pricing_fixed_rules":[],"yoast_head":"<!-- This site is optimized with the Yoast SEO plugin v23.3 - https:\/\/yoast.com\/wordpress\/plugins\/seo\/ -->\n<title>Exotische Aromen erwarten Sie Kiwi Passion Fruit ELF BOX PULSE X mit KI-gest\u00fctzter Leistung | ElementVape.de<\/title>\n<meta name=\"description\" content=\"Wir bieten Exotische Aromen erwarten Sie Kiwi Passion Fruit ELF BOX PULSE X mit KI-gest\u00fctzter Leistung , Elementvape.de akzeptieren Gro\u00df-und Einzelhandel Bestellungen.\" \/>\n<meta name=\"robots\" content=\"index, follow, max-snippet:-1, max-image-preview:large, max-video-preview:-1\" \/>\n<link rel=\"canonical\" href=\"https:\/\/www.elementvape.de\/sv\/produkt\/exotische-aromen-erwarten-sie-kiwi-passion-fruit-elf-box-pulse-x-mit-ki-gestuetzter-leistung\/\" \/>\n<meta property=\"og:locale\" content=\"sv_SE\" \/>\n<meta property=\"og:type\" content=\"article\" \/>\n<meta property=\"og:title\" content=\"Exotische Aromen erwarten Sie Kiwi Passion Fruit ELF BOX PULSE X mit KI-gest\u00fctzter Leistung | ElementVape.de\" \/>\n<meta property=\"og:description\" content=\"Wir bieten Exotische Aromen erwarten Sie Kiwi Passion Fruit ELF BOX PULSE X mit KI-gest\u00fctzter Leistung , Elementvape.de akzeptieren Gro\u00df-und Einzelhandel Bestellungen.\" \/>\n<meta property=\"og:url\" content=\"https:\/\/www.elementvape.de\/sv\/produkt\/exotische-aromen-erwarten-sie-kiwi-passion-fruit-elf-box-pulse-x-mit-ki-gestuetzter-leistung\/\" \/>\n<meta property=\"og:site_name\" content=\"ElementVape.de\" \/>\n<meta property=\"article:modified_time\" content=\"2024-12-12T06:34:56+00:00\" \/>\n<meta property=\"og:image\" content=\"https:\/\/www.elementvape.de\/wp-content\/uploads\/2024\/08\/09.jpg\" \/>\n\t<meta property=\"og:image:width\" content=\"1000\" \/>\n\t<meta property=\"og:image:height\" content=\"1000\" \/>\n\t<meta property=\"og:image:type\" content=\"image\/jpeg\" \/>\n<meta name=\"twitter:card\" content=\"summary_large_image\" \/>\n<meta name=\"twitter:label1\" content=\"Est. reading time\" \/>\n\t<meta name=\"twitter:data1\" content=\"1 minut\" \/>\n<script type=\"application\/ld+json\" class=\"yoast-schema-graph\">{\"@context\":\"https:\/\/schema.org\",\"@graph\":[{\"@type\":\"WebPage\",\"@id\":\"https:\/\/www.elementvape.de\/pt\/produkt\/exotische-aromen-erwarten-sie-kiwi-passion-fruit-elf-box-pulse-x-mit-ki-gestuetzter-leistung\/\",\"url\":\"https:\/\/www.elementvape.de\/pt\/produkt\/exotische-aromen-erwarten-sie-kiwi-passion-fruit-elf-box-pulse-x-mit-ki-gestuetzter-leistung\/\",\"name\":\"Exotische Aromen erwarten Sie Kiwi Passion Fruit ELF BOX PULSE X mit KI-gest\u00fctzter Leistung | ElementVape.de\",\"isPartOf\":{\"@id\":\"https:\/\/www.elementvape.de\/#website\"},\"primaryImageOfPage\":{\"@id\":\"https:\/\/www.elementvape.de\/pt\/produkt\/exotische-aromen-erwarten-sie-kiwi-passion-fruit-elf-box-pulse-x-mit-ki-gestuetzter-leistung\/#primaryimage\"},\"image\":{\"@id\":\"https:\/\/www.elementvape.de\/pt\/produkt\/exotische-aromen-erwarten-sie-kiwi-passion-fruit-elf-box-pulse-x-mit-ki-gestuetzter-leistung\/#primaryimage\"},\"thumbnailUrl\":\"https:\/\/www.elementvape.de\/wp-content\/uploads\/2024\/08\/09.jpg\",\"datePublished\":\"2024-08-15T09:08:35+00:00\",\"dateModified\":\"2024-12-12T06:34:56+00:00\",\"description\":\"Wir bieten Exotische Aromen erwarten Sie Kiwi Passion Fruit ELF BOX PULSE X mit KI-gest\u00fctzter Leistung , Elementvape.de akzeptieren Gro\u00df-und Einzelhandel Bestellungen.\",\"breadcrumb\":{\"@id\":\"https:\/\/www.elementvape.de\/pt\/produkt\/exotische-aromen-erwarten-sie-kiwi-passion-fruit-elf-box-pulse-x-mit-ki-gestuetzter-leistung\/#breadcrumb\"},\"inLanguage\":\"sv-SE\",\"potentialAction\":[{\"@type\":\"ReadAction\",\"target\":[\"https:\/\/www.elementvape.de\/pt\/produkt\/exotische-aromen-erwarten-sie-kiwi-passion-fruit-elf-box-pulse-x-mit-ki-gestuetzter-leistung\/\"]}]},{\"@type\":\"ImageObject\",\"inLanguage\":\"sv-SE\",\"@id\":\"https:\/\/www.elementvape.de\/pt\/produkt\/exotische-aromen-erwarten-sie-kiwi-passion-fruit-elf-box-pulse-x-mit-ki-gestuetzter-leistung\/#primaryimage\",\"url\":\"https:\/\/www.elementvape.de\/wp-content\/uploads\/2024\/08\/09.jpg\",\"contentUrl\":\"https:\/\/www.elementvape.de\/wp-content\/uploads\/2024\/08\/09.jpg\",\"width\":1000,\"height\":1000,\"caption\":\"Kiwi Passion Fruit\"},{\"@type\":\"BreadcrumbList\",\"@id\":\"https:\/\/www.elementvape.de\/pt\/produkt\/exotische-aromen-erwarten-sie-kiwi-passion-fruit-elf-box-pulse-x-mit-ki-gestuetzter-leistung\/#breadcrumb\",\"itemListElement\":[{\"@type\":\"ListItem\",\"position\":1,\"name\":\"Home\",\"item\":\"https:\/\/www.elementvape.de\/\"},{\"@type\":\"ListItem\",\"position\":2,\"name\":\"Shop\",\"item\":\"https:\/\/www.elementvape.de\/shop\/\"},{\"@type\":\"ListItem\",\"position\":3,\"name\":\"Exotische Aromen erwarten Sie Kiwi Passion Fruit ELF BOX PULSE X mit KI-gest\u00fctzter Leistung\"}]},{\"@type\":\"WebSite\",\"@id\":\"https:\/\/www.elementvape.de\/#website\",\"url\":\"https:\/\/www.elementvape.de\/\",\"name\":\"ElementVape.de\",\"description\":\"\",\"publisher\":{\"@id\":\"https:\/\/www.elementvape.de\/#organization\"},\"potentialAction\":[{\"@type\":\"SearchAction\",\"target\":{\"@type\":\"EntryPoint\",\"urlTemplate\":\"https:\/\/www.elementvape.de\/?s={search_term_string}\"},\"query-input\":\"required name=search_term_string\"}],\"inLanguage\":\"sv-SE\"},{\"@type\":\"Organization\",\"@id\":\"https:\/\/www.elementvape.de\/#organization\",\"name\":\"ElementVape.DE\",\"url\":\"https:\/\/www.elementvape.de\/\",\"logo\":{\"@type\":\"ImageObject\",\"inLanguage\":\"sv-SE\",\"@id\":\"https:\/\/www.elementvape.de\/#\/schema\/logo\/image\/\",\"url\":\"https:\/\/www.elementvape.de\/wp-content\/uploads\/2024\/09\/cropped-1elementvape-3.png\",\"contentUrl\":\"https:\/\/www.elementvape.de\/wp-content\/uploads\/2024\/09\/cropped-1elementvape-3.png\",\"width\":285,\"height\":228,\"caption\":\"ElementVape.DE\"},\"image\":{\"@id\":\"https:\/\/www.elementvape.de\/#\/schema\/logo\/image\/\"}}]}<\/script>\n<!-- \/ Yoast SEO plugin. -->","yoast_head_json":{"title":"Exotische Aromen erwarten Sie Kiwi Passion Fruit ELF BOX PULSE X mit KI-gest\u00fctzter Leistung | ElementVape.de","description":"Wir bieten Exotische Aromen erwarten Sie Kiwi Passion Fruit ELF BOX PULSE X mit KI-gest\u00fctzter Leistung , Elementvape.de akzeptieren Gro\u00df-und Einzelhandel Bestellungen.","robots":{"index":"index","follow":"follow","max-snippet":"max-snippet:-1","max-image-preview":"max-image-preview:large","max-video-preview":"max-video-preview:-1"},"canonical":"https:\/\/www.elementvape.de\/sv\/produkt\/exotische-aromen-erwarten-sie-kiwi-passion-fruit-elf-box-pulse-x-mit-ki-gestuetzter-leistung\/","og_locale":"sv_SE","og_type":"article","og_title":"Exotische Aromen erwarten Sie Kiwi Passion Fruit ELF BOX PULSE X mit KI-gest\u00fctzter Leistung | ElementVape.de","og_description":"Wir bieten Exotische Aromen erwarten Sie Kiwi Passion Fruit ELF BOX PULSE X mit KI-gest\u00fctzter Leistung , Elementvape.de akzeptieren Gro\u00df-und Einzelhandel Bestellungen.","og_url":"https:\/\/www.elementvape.de\/sv\/produkt\/exotische-aromen-erwarten-sie-kiwi-passion-fruit-elf-box-pulse-x-mit-ki-gestuetzter-leistung\/","og_site_name":"ElementVape.de","article_modified_time":"2024-12-12T06:34:56+00:00","og_image":[{"width":1000,"height":1000,"url":"https:\/\/www.elementvape.de\/wp-content\/uploads\/2024\/08\/09.jpg","type":"image\/jpeg"}],"twitter_card":"summary_large_image","twitter_misc":{"Est. reading time":"1 minut"},"schema":{"@context":"https:\/\/schema.org","@graph":[{"@type":"WebPage","@id":"https:\/\/www.elementvape.de\/pt\/produkt\/exotische-aromen-erwarten-sie-kiwi-passion-fruit-elf-box-pulse-x-mit-ki-gestuetzter-leistung\/","url":"https:\/\/www.elementvape.de\/pt\/produkt\/exotische-aromen-erwarten-sie-kiwi-passion-fruit-elf-box-pulse-x-mit-ki-gestuetzter-leistung\/","name":"Exotische Aromen erwarten Sie Kiwi Passion Fruit ELF BOX PULSE X mit KI-gest\u00fctzter Leistung | ElementVape.de","isPartOf":{"@id":"https:\/\/www.elementvape.de\/#website"},"primaryImageOfPage":{"@id":"https:\/\/www.elementvape.de\/pt\/produkt\/exotische-aromen-erwarten-sie-kiwi-passion-fruit-elf-box-pulse-x-mit-ki-gestuetzter-leistung\/#primaryimage"},"image":{"@id":"https:\/\/www.elementvape.de\/pt\/produkt\/exotische-aromen-erwarten-sie-kiwi-passion-fruit-elf-box-pulse-x-mit-ki-gestuetzter-leistung\/#primaryimage"},"thumbnailUrl":"https:\/\/www.elementvape.de\/wp-content\/uploads\/2024\/08\/09.jpg","datePublished":"2024-08-15T09:08:35+00:00","dateModified":"2024-12-12T06:34:56+00:00","description":"Wir bieten Exotische Aromen erwarten Sie Kiwi Passion Fruit ELF BOX PULSE X mit KI-gest\u00fctzter Leistung , Elementvape.de akzeptieren Gro\u00df-und Einzelhandel Bestellungen.","breadcrumb":{"@id":"https:\/\/www.elementvape.de\/pt\/produkt\/exotische-aromen-erwarten-sie-kiwi-passion-fruit-elf-box-pulse-x-mit-ki-gestuetzter-leistung\/#breadcrumb"},"inLanguage":"sv-SE","potentialAction":[{"@type":"ReadAction","target":["https:\/\/www.elementvape.de\/pt\/produkt\/exotische-aromen-erwarten-sie-kiwi-passion-fruit-elf-box-pulse-x-mit-ki-gestuetzter-leistung\/"]}]},{"@type":"ImageObject","inLanguage":"sv-SE","@id":"https:\/\/www.elementvape.de\/pt\/produkt\/exotische-aromen-erwarten-sie-kiwi-passion-fruit-elf-box-pulse-x-mit-ki-gestuetzter-leistung\/#primaryimage","url":"https:\/\/www.elementvape.de\/wp-content\/uploads\/2024\/08\/09.jpg","contentUrl":"https:\/\/www.elementvape.de\/wp-content\/uploads\/2024\/08\/09.jpg","width":1000,"height":1000,"caption":"Kiwi Passion Fruit"},{"@type":"BreadcrumbList","@id":"https:\/\/www.elementvape.de\/pt\/produkt\/exotische-aromen-erwarten-sie-kiwi-passion-fruit-elf-box-pulse-x-mit-ki-gestuetzter-leistung\/#breadcrumb","itemListElement":[{"@type":"ListItem","position":1,"name":"Home","item":"https:\/\/www.elementvape.de\/"},{"@type":"ListItem","position":2,"name":"Shop","item":"https:\/\/www.elementvape.de\/shop\/"},{"@type":"ListItem","position":3,"name":"Exotische Aromen erwarten Sie Kiwi Passion Fruit ELF BOX PULSE X mit KI-gest\u00fctzter Leistung"}]},{"@type":"WebSite","@id":"https:\/\/www.elementvape.de\/#website","url":"https:\/\/www.elementvape.de\/","name":"ElementVape.de","description":"","publisher":{"@id":"https:\/\/www.elementvape.de\/#organization"},"potentialAction":[{"@type":"SearchAction","target":{"@type":"EntryPoint","urlTemplate":"https:\/\/www.elementvape.de\/?s={search_term_string}"},"query-input":"required name=search_term_string"}],"inLanguage":"sv-SE"},{"@type":"Organization","@id":"https:\/\/www.elementvape.de\/#organization","name":"ElementVape.DE","url":"https:\/\/www.elementvape.de\/","logo":{"@type":"ImageObject","inLanguage":"sv-SE","@id":"https:\/\/www.elementvape.de\/#\/schema\/logo\/image\/","url":"https:\/\/www.elementvape.de\/wp-content\/uploads\/2024\/09\/cropped-1elementvape-3.png","contentUrl":"https:\/\/www.elementvape.de\/wp-content\/uploads\/2024\/09\/cropped-1elementvape-3.png","width":285,"height":228,"caption":"ElementVape.DE"},"image":{"@id":"https:\/\/www.elementvape.de\/#\/schema\/logo\/image\/"}}]}},"_links":{"self":[{"href":"https:\/\/www.elementvape.de\/sv\/wp-json\/wp\/v2\/product\/13767"}],"collection":[{"href":"https:\/\/www.elementvape.de\/sv\/wp-json\/wp\/v2\/product"}],"about":[{"href":"https:\/\/www.elementvape.de\/sv\/wp-json\/wp\/v2\/types\/product"}],"wp:featuredmedia":[{"embeddable":true,"href":"https:\/\/www.elementvape.de\/sv\/wp-json\/wp\/v2\/media\/13768"}],"wp:attachment":[{"href":"https:\/\/www.elementvape.de\/sv\/wp-json\/wp\/v2\/media?parent=13767"}],"wp:term":[{"taxonomy":"product_cat","embeddable":true,"href":"https:\/\/www.elementvape.de\/sv\/wp-json\/wp\/v2\/product_cat?post=13767"},{"taxonomy":"product_tag","embeddable":true,"href":"https:\/\/www.elementvape.de\/sv\/wp-json\/wp\/v2\/product_tag?post=13767"}],"curies":[{"name":"wp","href":"https:\/\/api.w.org\/{rel}","templated":true}]}}