{"id":13673,"date":"2024-08-06T09:17:31","date_gmt":"2024-08-06T09:17:31","guid":{"rendered":"https:\/\/www.elementvape.de\/?post_type=product&#038;p=13673"},"modified":"2024-12-12T06:35:09","modified_gmt":"2024-12-12T06:35:09","slug":"elf-box-digital-12000-grosshandel-elektronische-einwegzigarette-12000-zuege-blueberry-sour-raspberry","status":"publish","type":"product","link":"https:\/\/www.elementvape.de\/sv\/produkt\/elf-box-digital-12000-grosshandel-elektronische-einwegzigarette-12000-zuege-blueberry-sour-raspberry\/","title":{"rendered":"ELF BOX Digital 12000 Grossist elektronisk eng\u00e5ngscigarett 12000 drag Blueberry Sour Raspberry"},"content":{"rendered":"<h2 style=\"text-align: center;\">ELF BOX Digital 12000 Grossist: Elektronisk eng\u00e5ngs-cigaretter med 12000 drag med smak av Blueberry Sour Raspberry<\/h2>\n<p>&nbsp;<\/p>\n<table style=\"font-size: 16px;\" data-immersive-translate-walked=\"3a5baa44-603f-41c0-bb94-c8ef0385e903\">\n<thead data-immersive-translate-walked=\"3a5baa44-603f-41c0-bb94-c8ef0385e903\">\n<tr data-immersive-translate-walked=\"3a5baa44-603f-41c0-bb94-c8ef0385e903\">\n<th data-immersive-translate-walked=\"3a5baa44-603f-41c0-bb94-c8ef0385e903\">Specifikation<\/th>\n<th data-immersive-translate-walked=\"3a5baa44-603f-41c0-bb94-c8ef0385e903\">Detaljer<\/th>\n<\/tr>\n<\/thead>\n<tbody data-immersive-translate-walked=\"3a5baa44-603f-41c0-bb94-c8ef0385e903\">\n<tr data-immersive-translate-walked=\"3a5baa44-603f-41c0-bb94-c8ef0385e903\">\n<td data-immersive-translate-walked=\"3a5baa44-603f-41c0-bb94-c8ef0385e903\"><strong data-immersive-translate-walked=\"3a5baa44-603f-41c0-bb94-c8ef0385e903\">Doser<\/strong><\/td>\n<td data-immersive-translate-walked=\"3a5baa44-603f-41c0-bb94-c8ef0385e903\">12000 drag<\/td>\n<\/tr>\n<tr data-immersive-translate-walked=\"3a5baa44-603f-41c0-bb94-c8ef0385e903\">\n<td data-immersive-translate-walked=\"3a5baa44-603f-41c0-bb94-c8ef0385e903\"><strong data-immersive-translate-walked=\"3a5baa44-603f-41c0-bb94-c8ef0385e903\">K\u00e4rna<\/strong><\/td>\n<td data-immersive-translate-walked=\"3a5baa44-603f-41c0-bb94-c8ef0385e903\">Mesh-spole, 0,8 Ohm<\/td>\n<\/tr>\n<tr data-immersive-translate-walked=\"3a5baa44-603f-41c0-bb94-c8ef0385e903\">\n<td data-immersive-translate-walked=\"3a5baa44-603f-41c0-bb94-c8ef0385e903\"><strong data-immersive-translate-walked=\"3a5baa44-603f-41c0-bb94-c8ef0385e903\">E-v\u00e4tskekapacitet<\/strong><\/td>\n<td data-immersive-translate-walked=\"3a5baa44-603f-41c0-bb94-c8ef0385e903\">25 ml<\/td>\n<\/tr>\n<tr>\n<td><strong>N<\/strong><\/td>\n<td>2%, 5%<\/td>\n<\/tr>\n<tr>\n<td><strong>Batteri<\/strong><\/td>\n<td>13350-500mAh, uppladdningsbar via Type-C<\/td>\n<\/tr>\n<tr>\n<td><strong>Display<\/strong><\/td>\n<td>Digital, visar olja och batteriniv\u00e5<\/td>\n<\/tr>\n<tr>\n<td><strong>Produktvikt<\/strong><\/td>\n<td>82 gram<\/td>\n<\/tr>\n<tr>\n<td><strong>Produktstorlek<\/strong><\/td>\n<td>30 mm x 57 mm x 101 mm<\/td>\n<\/tr>\n<\/tbody>\n<\/table>\n<h3 style=\"text-align: center;\">\u00d6verl\u00e4gsen teknologi och smak<\/h3>\n<p>ELF BOX Digital 12000 Grossist elektroniska eng\u00e5ngs-cigaretter med 12000 drag med smak av Blueberry Sour Raspberry erbjuder en f\u00f6rstklassig vapingupplevelse. Denna e-cigaretter kombinerar avancerad teknologi med en uppfriskande, fruktig smak som tillfredsst\u00e4ller dina sinnen. Med en imponerande kapacitet p\u00e5 12000 drag per enhet \u00e4r den det perfekta valet f\u00f6r vaping-entusiaster som f\u00f6redrar l\u00e5ngvarig och intensiv anv\u00e4ndning.<\/p>\n<p>ELF BOX Digital 12000 Vape anv\u00e4nder en 0,8 Ohm Mesh-Spole som s\u00e4kerst\u00e4ller en j\u00e4mn och effektiv f\u00f6r\u00e5ngning av E-Liquiden. Den gener\u00f6sa E-Liquid-kapaciteten p\u00e5 25 ml och de olika N (2%, 5%) m\u00f6jligg\u00f6r individuell anpassning efter anv\u00e4ndarens preferenser. Det uppladdningsbara 13350-500mAh batteriet med Type-C-laddningsalternativ ger snabb och enkel uppladdning. Den digitala displayen som visar olja- och batteriniv\u00e5n g\u00f6r anv\u00e4ndningen enklare och ser till att du alltid \u00e4r informerad.<\/p>\n<h3 style=\"text-align: center;\">L\u00e4tt och b\u00e4rbar f\u00f6r dagligt bruk<\/h3>\n<p>Med en vikt p\u00e5 endast 82 gram och de kompakta m\u00e5tten 30 mm x 57 mm x 101 mm \u00e4r ELF BOX Digital 12000 l\u00e4tt att b\u00e4ra med sig, vilket g\u00f6r den till det perfekta valet f\u00f6r resor. Den robusta f\u00f6rpackningen i kartong med 200 stycken och en totalvikt p\u00e5 17,5 kg garanterar att produkten levereras s\u00e4kert och i perfekt skick, b\u00e5de f\u00f6r enskilda k\u00f6pare och grossister.<\/p>\n<p>Blueberry Sour Raspberry-smaken erbjuder en uppfriskande blandning av s\u00f6ta bl\u00e5b\u00e4r och sura hallon, vilket g\u00f6r varje drag till en intensiv och behaglig upplevelse. Denna kombination av utm\u00e4rkt prestanda och uts\u00f6kt smak g\u00f6r ELF BOX Digital 12000 till det b\u00e4sta valet f\u00f6r alla som vill f\u00e5 ut det mesta av sin vaping. Oavsett om du \u00e4r nyb\u00f6rjare eller erfaren vape-entusiast, kommer denna enhet att \u00f6vertr\u00e4ffa dina f\u00f6rv\u00e4ntningar och ge dig en of\u00f6rgl\u00f6mlig vapingupplevelse.<\/p>","protected":false},"excerpt":{"rendered":"<p>ELF BOX Digital 12000 Gro\u00dfhandel: Elektronische Einwegzigarette mit 12000 Z\u00fcgen im Geschmack Blueberry Sour Raspberry &nbsp; Spezifikation Details Puffs 12000 Z\u00fcge Core Mesh-Coil, 0,8 Ohm E-Liquid Kapazit\u00e4t 25 ml N 2%, 5% Batterie 13350-500mAh, wiederaufladbar via Type-C Anzeige Digital, zeigt \u00d6l- und Batteriestand Produktgewicht 82 Gramm Produktgr\u00f6\u00dfe 30 mm x 57 mm x 101 mm [&hellip;]<\/p>","protected":false},"featured_media":13674,"template":"","meta":{"inline_featured_image":false},"product_cat":[15,78,747,740,734,753,715,732],"product_tag":[710,673],"tiered_pricing_type":"fixed","tiered_pricing_fixed_rules":{"110":"7.00","200":"6.22","500":"5.45"},"tiered_pricing_percentage_rules":[],"tiered_pricing_minimum":1,"_administrator_tiered_pricing_type":"fixed","_administrator_tiered_pricing_fixed_rules":[],"_editor_tiered_pricing_type":"fixed","_editor_tiered_pricing_fixed_rules":[],"_author_tiered_pricing_type":"fixed","_author_tiered_pricing_fixed_rules":[],"_contributor_tiered_pricing_type":"fixed","_contributor_tiered_pricing_fixed_rules":[],"_subscriber_tiered_pricing_type":"fixed","_subscriber_tiered_pricing_fixed_rules":[],"_customer_tiered_pricing_type":"fixed","_customer_tiered_pricing_fixed_rules":[],"_shop_manager_tiered_pricing_type":"fixed","_shop_manager_tiered_pricing_fixed_rules":[],"_wpseo_manager_tiered_pricing_type":"fixed","_wpseo_manager_tiered_pricing_fixed_rules":[],"_wpseo_editor_tiered_pricing_type":"fixed","_wpseo_editor_tiered_pricing_fixed_rules":[],"_wholesale_customer_tiered_pricing_type":"fixed","_wholesale_customer_tiered_pricing_fixed_rules":[],"_marketer_tiered_pricing_type":"fixed","_marketer_tiered_pricing_fixed_rules":[],"_sales_manager_tiered_pricing_type":"fixed","_sales_manager_tiered_pricing_fixed_rules":[],"_sales_rep_tiered_pricing_type":"fixed","_sales_rep_tiered_pricing_fixed_rules":[],"yoast_head":"<!-- This site is optimized with the Yoast SEO plugin v23.3 - https:\/\/yoast.com\/wordpress\/plugins\/seo\/ -->\n<title>ELF BOX Digital 12000 Gro\u00dfhandel elektronische Einwegzigarette 12000 Z\u00fcge Blueberry Sour Raspberry | ElementVape.de<\/title>\n<meta name=\"description\" content=\"Wir bieten ELF BOX Digital 12000 Gro\u00dfhandel elektronische Einwegzigarette 12000 Z\u00fcge Blueberry Sour Raspberry , Elementvape.de akzeptieren Gro\u00df-und Einzelhandel Bestellungen.\" \/>\n<meta name=\"robots\" content=\"index, follow, max-snippet:-1, max-image-preview:large, max-video-preview:-1\" \/>\n<link rel=\"canonical\" href=\"https:\/\/www.elementvape.de\/sv\/produkt\/elf-box-digital-12000-grosshandel-elektronische-einwegzigarette-12000-zuege-blueberry-sour-raspberry\/\" \/>\n<meta property=\"og:locale\" content=\"sv_SE\" \/>\n<meta property=\"og:type\" content=\"article\" \/>\n<meta property=\"og:title\" content=\"ELF BOX Digital 12000 Gro\u00dfhandel elektronische Einwegzigarette 12000 Z\u00fcge Blueberry Sour Raspberry | ElementVape.de\" \/>\n<meta property=\"og:description\" content=\"Wir bieten ELF BOX Digital 12000 Gro\u00dfhandel elektronische Einwegzigarette 12000 Z\u00fcge Blueberry Sour Raspberry , Elementvape.de akzeptieren Gro\u00df-und Einzelhandel Bestellungen.\" \/>\n<meta property=\"og:url\" content=\"https:\/\/www.elementvape.de\/sv\/produkt\/elf-box-digital-12000-grosshandel-elektronische-einwegzigarette-12000-zuege-blueberry-sour-raspberry\/\" \/>\n<meta property=\"og:site_name\" content=\"ElementVape.de\" \/>\n<meta property=\"article:modified_time\" content=\"2024-12-12T06:35:09+00:00\" \/>\n<meta property=\"og:image\" content=\"https:\/\/www.elementvape.de\/wp-content\/uploads\/2024\/08\/Blueberry-Sour-Raspberry-\u84dd\u8393\u9178\u6885.jpg\" \/>\n\t<meta property=\"og:image:width\" content=\"1000\" \/>\n\t<meta property=\"og:image:height\" content=\"1000\" \/>\n\t<meta property=\"og:image:type\" content=\"image\/jpeg\" \/>\n<meta name=\"twitter:card\" content=\"summary_large_image\" \/>\n<meta name=\"twitter:label1\" content=\"Est. reading time\" \/>\n\t<meta name=\"twitter:data1\" content=\"3 minuter\" \/>\n<script type=\"application\/ld+json\" class=\"yoast-schema-graph\">{\"@context\":\"https:\/\/schema.org\",\"@graph\":[{\"@type\":\"WebPage\",\"@id\":\"https:\/\/www.elementvape.de\/produkt\/elf-box-digital-12000-grosshandel-elektronische-einwegzigarette-12000-zuege-blueberry-sour-raspberry\/\",\"url\":\"https:\/\/www.elementvape.de\/produkt\/elf-box-digital-12000-grosshandel-elektronische-einwegzigarette-12000-zuege-blueberry-sour-raspberry\/\",\"name\":\"ELF BOX Digital 12000 Gro\u00dfhandel elektronische Einwegzigarette 12000 Z\u00fcge Blueberry Sour Raspberry | ElementVape.de\",\"isPartOf\":{\"@id\":\"https:\/\/www.elementvape.de\/#website\"},\"primaryImageOfPage\":{\"@id\":\"https:\/\/www.elementvape.de\/produkt\/elf-box-digital-12000-grosshandel-elektronische-einwegzigarette-12000-zuege-blueberry-sour-raspberry\/#primaryimage\"},\"image\":{\"@id\":\"https:\/\/www.elementvape.de\/produkt\/elf-box-digital-12000-grosshandel-elektronische-einwegzigarette-12000-zuege-blueberry-sour-raspberry\/#primaryimage\"},\"thumbnailUrl\":\"https:\/\/www.elementvape.de\/wp-content\/uploads\/2024\/08\/Blueberry-Sour-Raspberry-\u84dd\u8393\u9178\u6885.jpg\",\"datePublished\":\"2024-08-06T09:17:31+00:00\",\"dateModified\":\"2024-12-12T06:35:09+00:00\",\"description\":\"Wir bieten ELF BOX Digital 12000 Gro\u00dfhandel elektronische Einwegzigarette 12000 Z\u00fcge Blueberry Sour Raspberry , Elementvape.de akzeptieren Gro\u00df-und Einzelhandel Bestellungen.\",\"breadcrumb\":{\"@id\":\"https:\/\/www.elementvape.de\/produkt\/elf-box-digital-12000-grosshandel-elektronische-einwegzigarette-12000-zuege-blueberry-sour-raspberry\/#breadcrumb\"},\"inLanguage\":\"sv-SE\",\"potentialAction\":[{\"@type\":\"ReadAction\",\"target\":[\"https:\/\/www.elementvape.de\/produkt\/elf-box-digital-12000-grosshandel-elektronische-einwegzigarette-12000-zuege-blueberry-sour-raspberry\/\"]}]},{\"@type\":\"ImageObject\",\"inLanguage\":\"sv-SE\",\"@id\":\"https:\/\/www.elementvape.de\/produkt\/elf-box-digital-12000-grosshandel-elektronische-einwegzigarette-12000-zuege-blueberry-sour-raspberry\/#primaryimage\",\"url\":\"https:\/\/www.elementvape.de\/wp-content\/uploads\/2024\/08\/Blueberry-Sour-Raspberry-\u84dd\u8393\u9178\u6885.jpg\",\"contentUrl\":\"https:\/\/www.elementvape.de\/wp-content\/uploads\/2024\/08\/Blueberry-Sour-Raspberry-\u84dd\u8393\u9178\u6885.jpg\",\"width\":1000,\"height\":1000,\"caption\":\"Blueberry Sour Raspberry\"},{\"@type\":\"BreadcrumbList\",\"@id\":\"https:\/\/www.elementvape.de\/produkt\/elf-box-digital-12000-grosshandel-elektronische-einwegzigarette-12000-zuege-blueberry-sour-raspberry\/#breadcrumb\",\"itemListElement\":[{\"@type\":\"ListItem\",\"position\":1,\"name\":\"Home\",\"item\":\"https:\/\/www.elementvape.de\/\"},{\"@type\":\"ListItem\",\"position\":2,\"name\":\"Shop\",\"item\":\"https:\/\/www.elementvape.de\/shop\/\"},{\"@type\":\"ListItem\",\"position\":3,\"name\":\"ELF BOX Digital 12000 Gro\u00dfhandel elektronische Einwegzigarette 12000 Z\u00fcge Blueberry Sour Raspberry\"}]},{\"@type\":\"WebSite\",\"@id\":\"https:\/\/www.elementvape.de\/#website\",\"url\":\"https:\/\/www.elementvape.de\/\",\"name\":\"ElementVape.de\",\"description\":\"\",\"publisher\":{\"@id\":\"https:\/\/www.elementvape.de\/#organization\"},\"potentialAction\":[{\"@type\":\"SearchAction\",\"target\":{\"@type\":\"EntryPoint\",\"urlTemplate\":\"https:\/\/www.elementvape.de\/?s={search_term_string}\"},\"query-input\":\"required name=search_term_string\"}],\"inLanguage\":\"sv-SE\"},{\"@type\":\"Organization\",\"@id\":\"https:\/\/www.elementvape.de\/#organization\",\"name\":\"ElementVape.DE\",\"url\":\"https:\/\/www.elementvape.de\/\",\"logo\":{\"@type\":\"ImageObject\",\"inLanguage\":\"sv-SE\",\"@id\":\"https:\/\/www.elementvape.de\/#\/schema\/logo\/image\/\",\"url\":\"https:\/\/www.elementvape.de\/wp-content\/uploads\/2024\/09\/cropped-1elementvape-3.png\",\"contentUrl\":\"https:\/\/www.elementvape.de\/wp-content\/uploads\/2024\/09\/cropped-1elementvape-3.png\",\"width\":285,\"height\":228,\"caption\":\"ElementVape.DE\"},\"image\":{\"@id\":\"https:\/\/www.elementvape.de\/#\/schema\/logo\/image\/\"}}]}<\/script>\n<!-- \/ Yoast SEO plugin. -->","yoast_head_json":{"title":"ELF BOX Digital 12000 Gro\u00dfhandel elektronische Einwegzigarette 12000 Z\u00fcge Blueberry Sour Raspberry | ElementVape.de","description":"Wir bieten ELF BOX Digital 12000 Gro\u00dfhandel elektronische Einwegzigarette 12000 Z\u00fcge Blueberry Sour Raspberry , Elementvape.de akzeptieren Gro\u00df-und Einzelhandel Bestellungen.","robots":{"index":"index","follow":"follow","max-snippet":"max-snippet:-1","max-image-preview":"max-image-preview:large","max-video-preview":"max-video-preview:-1"},"canonical":"https:\/\/www.elementvape.de\/sv\/produkt\/elf-box-digital-12000-grosshandel-elektronische-einwegzigarette-12000-zuege-blueberry-sour-raspberry\/","og_locale":"sv_SE","og_type":"article","og_title":"ELF BOX Digital 12000 Gro\u00dfhandel elektronische Einwegzigarette 12000 Z\u00fcge Blueberry Sour Raspberry | ElementVape.de","og_description":"Wir bieten ELF BOX Digital 12000 Gro\u00dfhandel elektronische Einwegzigarette 12000 Z\u00fcge Blueberry Sour Raspberry , Elementvape.de akzeptieren Gro\u00df-und Einzelhandel Bestellungen.","og_url":"https:\/\/www.elementvape.de\/sv\/produkt\/elf-box-digital-12000-grosshandel-elektronische-einwegzigarette-12000-zuege-blueberry-sour-raspberry\/","og_site_name":"ElementVape.de","article_modified_time":"2024-12-12T06:35:09+00:00","og_image":[{"width":1000,"height":1000,"url":"https:\/\/www.elementvape.de\/wp-content\/uploads\/2024\/08\/Blueberry-Sour-Raspberry-\u84dd\u8393\u9178\u6885.jpg","type":"image\/jpeg"}],"twitter_card":"summary_large_image","twitter_misc":{"Est. reading time":"3 minuter"},"schema":{"@context":"https:\/\/schema.org","@graph":[{"@type":"WebPage","@id":"https:\/\/www.elementvape.de\/produkt\/elf-box-digital-12000-grosshandel-elektronische-einwegzigarette-12000-zuege-blueberry-sour-raspberry\/","url":"https:\/\/www.elementvape.de\/produkt\/elf-box-digital-12000-grosshandel-elektronische-einwegzigarette-12000-zuege-blueberry-sour-raspberry\/","name":"ELF BOX Digital 12000 Gro\u00dfhandel elektronische Einwegzigarette 12000 Z\u00fcge Blueberry Sour Raspberry | ElementVape.de","isPartOf":{"@id":"https:\/\/www.elementvape.de\/#website"},"primaryImageOfPage":{"@id":"https:\/\/www.elementvape.de\/produkt\/elf-box-digital-12000-grosshandel-elektronische-einwegzigarette-12000-zuege-blueberry-sour-raspberry\/#primaryimage"},"image":{"@id":"https:\/\/www.elementvape.de\/produkt\/elf-box-digital-12000-grosshandel-elektronische-einwegzigarette-12000-zuege-blueberry-sour-raspberry\/#primaryimage"},"thumbnailUrl":"https:\/\/www.elementvape.de\/wp-content\/uploads\/2024\/08\/Blueberry-Sour-Raspberry-\u84dd\u8393\u9178\u6885.jpg","datePublished":"2024-08-06T09:17:31+00:00","dateModified":"2024-12-12T06:35:09+00:00","description":"Wir bieten ELF BOX Digital 12000 Gro\u00dfhandel elektronische Einwegzigarette 12000 Z\u00fcge Blueberry Sour Raspberry , Elementvape.de akzeptieren Gro\u00df-und Einzelhandel Bestellungen.","breadcrumb":{"@id":"https:\/\/www.elementvape.de\/produkt\/elf-box-digital-12000-grosshandel-elektronische-einwegzigarette-12000-zuege-blueberry-sour-raspberry\/#breadcrumb"},"inLanguage":"sv-SE","potentialAction":[{"@type":"ReadAction","target":["https:\/\/www.elementvape.de\/produkt\/elf-box-digital-12000-grosshandel-elektronische-einwegzigarette-12000-zuege-blueberry-sour-raspberry\/"]}]},{"@type":"ImageObject","inLanguage":"sv-SE","@id":"https:\/\/www.elementvape.de\/produkt\/elf-box-digital-12000-grosshandel-elektronische-einwegzigarette-12000-zuege-blueberry-sour-raspberry\/#primaryimage","url":"https:\/\/www.elementvape.de\/wp-content\/uploads\/2024\/08\/Blueberry-Sour-Raspberry-\u84dd\u8393\u9178\u6885.jpg","contentUrl":"https:\/\/www.elementvape.de\/wp-content\/uploads\/2024\/08\/Blueberry-Sour-Raspberry-\u84dd\u8393\u9178\u6885.jpg","width":1000,"height":1000,"caption":"Blueberry Sour Raspberry"},{"@type":"BreadcrumbList","@id":"https:\/\/www.elementvape.de\/produkt\/elf-box-digital-12000-grosshandel-elektronische-einwegzigarette-12000-zuege-blueberry-sour-raspberry\/#breadcrumb","itemListElement":[{"@type":"ListItem","position":1,"name":"Home","item":"https:\/\/www.elementvape.de\/"},{"@type":"ListItem","position":2,"name":"Shop","item":"https:\/\/www.elementvape.de\/shop\/"},{"@type":"ListItem","position":3,"name":"ELF BOX Digital 12000 Gro\u00dfhandel elektronische Einwegzigarette 12000 Z\u00fcge Blueberry Sour Raspberry"}]},{"@type":"WebSite","@id":"https:\/\/www.elementvape.de\/#website","url":"https:\/\/www.elementvape.de\/","name":"ElementVape.de","description":"","publisher":{"@id":"https:\/\/www.elementvape.de\/#organization"},"potentialAction":[{"@type":"SearchAction","target":{"@type":"EntryPoint","urlTemplate":"https:\/\/www.elementvape.de\/?s={search_term_string}"},"query-input":"required name=search_term_string"}],"inLanguage":"sv-SE"},{"@type":"Organization","@id":"https:\/\/www.elementvape.de\/#organization","name":"ElementVape.DE","url":"https:\/\/www.elementvape.de\/","logo":{"@type":"ImageObject","inLanguage":"sv-SE","@id":"https:\/\/www.elementvape.de\/#\/schema\/logo\/image\/","url":"https:\/\/www.elementvape.de\/wp-content\/uploads\/2024\/09\/cropped-1elementvape-3.png","contentUrl":"https:\/\/www.elementvape.de\/wp-content\/uploads\/2024\/09\/cropped-1elementvape-3.png","width":285,"height":228,"caption":"ElementVape.DE"},"image":{"@id":"https:\/\/www.elementvape.de\/#\/schema\/logo\/image\/"}}]}},"_links":{"self":[{"href":"https:\/\/www.elementvape.de\/sv\/wp-json\/wp\/v2\/product\/13673"}],"collection":[{"href":"https:\/\/www.elementvape.de\/sv\/wp-json\/wp\/v2\/product"}],"about":[{"href":"https:\/\/www.elementvape.de\/sv\/wp-json\/wp\/v2\/types\/product"}],"wp:featuredmedia":[{"embeddable":true,"href":"https:\/\/www.elementvape.de\/sv\/wp-json\/wp\/v2\/media\/13674"}],"wp:attachment":[{"href":"https:\/\/www.elementvape.de\/sv\/wp-json\/wp\/v2\/media?parent=13673"}],"wp:term":[{"taxonomy":"product_cat","embeddable":true,"href":"https:\/\/www.elementvape.de\/sv\/wp-json\/wp\/v2\/product_cat?post=13673"},{"taxonomy":"product_tag","embeddable":true,"href":"https:\/\/www.elementvape.de\/sv\/wp-json\/wp\/v2\/product_tag?post=13673"}],"curies":[{"name":"wp","href":"https:\/\/api.w.org\/{rel}","templated":true}]}}