{"id":13662,"date":"2024-08-06T03:03:26","date_gmt":"2024-08-06T03:03:26","guid":{"rendered":"https:\/\/www.elementvape.de\/?post_type=product&#038;p=13662"},"modified":"2024-12-12T06:35:12","modified_gmt":"2024-12-12T06:35:12","slug":"strawberry-ice-kleinserienbestellung-fabrik-direktverkauf-1200-puffs-e-zigarette-elf-box-digital-12000","status":"publish","type":"product","link":"https:\/\/www.elementvape.de\/sv\/produkt\/strawberry-ice-kleinserienbestellung-fabrik-direktverkauf-1200-puffs-e-zigarette-elf-box-digital-12000\/","title":{"rendered":"Strawberry Ice Liten seriebest\u00e4llning Fabriksf\u00f6rs\u00e4ljning 1200 Puff E- Cigaretter ELF BOX Digital 12000"},"content":{"rendered":"<div class=\"flex-shrink-0 flex flex-col relative items-end\">\n<div>\n<div class=\"pt-0\">\n<div class=\"gizmo-bot-avatar flex h-8 w-8 items-center justify-center overflow-hidden rounded-full\">\n<div class=\"relative p-1 rounded-sm flex items-center justify-center bg-token-main-surface-primary text-token-text-primary h-8 w-8\"><\/div>\n<\/div>\n<\/div>\n<\/div>\n<\/div>\n<div class=\"group\/conversation-turn relative flex w-full min-w-0 flex-col agent-turn\">\n<div class=\"flex-col gap-1 md:gap-3\">\n<div class=\"flex max-w-full flex-col flex-grow\">\n<div class=\"min-h-8 text-message flex w-full flex-col items-end gap-2 whitespace-normal break-words [.text-message+&amp;]:mt-5\" dir=\"auto\" data-message-author-role=\"assistant\" data-message-id=\"6bab1be1-3b39-42f6-beac-64e5baabfcfb\" data-message-model-slug=\"gpt-4o-mini\">\n<div class=\"flex w-full flex-col gap-1 empty:hidden first:pt-[3px]\">\n<div class=\"markdown prose w-full break-words dark:prose-invert light\">\n<h2><strong>Produktbeskrivning ELF BOX Digital 12000 Strawberry Ice<\/strong><\/h2>\n<p>V\u00e4rlden av e-cigaretter har utvecklats enormt under de senaste \u00e5ren och erbjuder idag ett brett utbud av innovativa produkter som tillgodoser vapentillverkarens behov. En av dessa innovationer \u00e4r den <strong>ELF BOX Digital 12000<\/strong> med den uppfriskande <strong>Jordgubb Is<\/strong>-smaken. Denna produkt kombinerar modern teknik, genomt\u00e4nkt design och anv\u00e4ndarv\u00e4nlighet, vilket g\u00f6r den till ett utm\u00e4rkt val f\u00f6r vapentillverkare p\u00e5 alla erfarenhetsniv\u00e5er. Med ett imponerande antal puffar p\u00e5 upp till <a href=\"https:\/\/www.elementvape.de\/sv\/p-tag\/groesser-oder-gleich-12000-zuege\/\"><strong>12 000 puffar<\/strong><\/a>, en <strong>25 ml E-Liquid kapacitet<\/strong>, ett <strong>Mesh-spole-system<\/strong> och en <strong>500 mAh batteri<\/strong>, \u00e4r ELF BOX Digital 12000 inte bara kraftfull, utan ocks\u00e5 mycket anv\u00e4ndarv\u00e4nlig. L\u00e5t oss titta n\u00e4rmare p\u00e5 de viktigaste funktionerna och f\u00f6rdelarna med denna produkt.<\/p>\n<p><strong>1. Puffantal och teknik: O\u00f6vertr\u00e4ffad prestanda<\/strong><\/p>\n<p>En framst\u00e5ende egenskap hos <strong>ELF BOX Digital 12000<\/strong> \u00e4r det exceptionellt h\u00f6ga puffantalet p\u00e5 upp till 12 000 puffar. Denna imponerande livsl\u00e4ngd s\u00e4kerst\u00e4ller att du kan njuta l\u00e4ngre utan att beh\u00f6va t\u00e4nka p\u00e5 p\u00e5fyllning eller byte av e-cigaret. Oavsett om du anv\u00e4nder produkten f\u00f6r daglig anv\u00e4ndning eller under l\u00e4ngre perioder, \u00e4r du v\u00e4l f\u00f6rberedd med 12 000 puffar.<\/p>\n<p>Den <strong>Mesh-coil-teknik<\/strong> \u00e4r ocks\u00e5 en avg\u00f6rande faktor f\u00f6r den enast\u00e5ende vapenupplevelsen. J\u00e4mf\u00f6rt med traditionella coils ger mesh-coil en j\u00e4mnare uppv\u00e4rmning av e-oljan och d\u00e4rmed en mer intensiv och j\u00e4mn \u00e5ngproduktion. Med ett motst\u00e5nd p\u00e5 <strong>0,8 Ohm<\/strong> upplever du en \u00e4nnu mer smakrik och intensiv \u00e5ngning som framh\u00e4ver smaken av <strong>Jordgubb Is<\/strong>-E-oljan. Denna teknik s\u00e4kerst\u00e4ller att varje drag \u00e4r fr\u00e4scht och fullt av smak, vilket g\u00f6r ELF BOX Digital 12000 till en av de b\u00e4sta <a href=\"https:\/\/www.elementvape.de\/sv\/c\/einweg-zigarette\/\">Eng\u00e5ngs-E-cigaretter<\/a> p\u00e5 marknaden.<\/p>\n<p><strong>2. E-Liquid och nikotin: Smak och flexibilitet<\/strong><\/p>\n<p>Det <strong>Jordgubb Is<\/strong>-Liquid i ELF BOX Digital 12000 erbjuder en unik smakupplevelse. Den s\u00f6ta smaken av f\u00e4rska jordgubbar f\u00f6ljs av en behaglig, uppfriskande mentholnot som ger varje drag en kylande effekt. Denna smak \u00e4r s\u00e4rskilt popul\u00e4r bland vapers som s\u00f6ker en s\u00f6t och samtidigt frisk upplevelse. Kombinationen av jordgubbar och is ger en balanserad och smakrik upplevelse som kan avnjutas hela dagen.<\/p>\n<p>F\u00f6rutom smaken erbjuder den <a href=\"https:\/\/www.elementvape.de\/sv\/c\/elf-box-digital-12000\/\"><strong>ELF BOX Digital 12000<\/strong><\/a> ett urval av <strong>nikotinniv\u00e5er<\/strong> \u2013 <strong>2%<\/strong> eller <strong>5% Nikotin<\/strong>. Detta urval ger h\u00f6g flexibilitet f\u00f6r vapers som vill anpassa nikotininneh\u00e5llet efter sina behov. Den h\u00f6gre nikotinhalt passar s\u00e4rskilt f\u00f6r erfarna vapers eller f\u00f6r de som vill uppleva nikotinets effekt mer intensivt, medan 2%-alternativet \u00e4r perfekt f\u00f6r nyb\u00f6rjare eller de som f\u00f6redrar en mindre intensiv upplevelse.<\/p>\n<p><strong>3. Batteri och laddningsfunktioner: L\u00e4ngre njutning med p\u00e5litlig prestanda<\/strong><\/p>\n<p>ELF BOX Digital 12000 \u00e4r utrustad med en <strong>500 mAh batteri<\/strong> som tillr\u00e4ckligt ger energi f\u00f6r den 12 000 drag l\u00e5nga upplevelsen. Detta inneb\u00e4r att e-cigarettern forts\u00e4tter att fungera med konstant prestanda \u00e4nda till sista draget, utan att du beh\u00f6ver oroa dig f\u00f6r batteriurladdning. Den <strong>Type-C-anslutning<\/strong> erbjuder ett s\u00e4rskilt snabbt och bekv\u00e4mt laddningsalternativ, s\u00e5 att du kan ladda din e-cigaretter p\u00e5 kort tid n\u00e4r batteriet \u00e4r tomt.<\/p>\n<p>Kombinationen av ett kraftfullt batteri och snabb laddningsfunktion g\u00f6r ELF BOX Digital 12000 till en mycket praktisk och p\u00e5litlig enhet som alltid finns till hands. Oavsett om du anv\u00e4nder den hemma eller p\u00e5 spr\u00e5ng, s\u00e4kerst\u00e4ller det p\u00e5litliga batteriet att du inte \u00e4r beroende av laddningstider och alltid \u00e4r redo f\u00f6r n\u00e4sta drag.<\/p>\n<p><strong>4. Digital display: Kontroll p\u00e5 ett \u00f6gonblick<\/strong><\/p>\n<p>En annan framst\u00e5ende funktion hos ELF BOX Digital 12000 \u00e4r den <strong>digitala displayen<\/strong>, som visar all viktig information p\u00e5 ett \u00f6gonblick. Displayen visar b\u00e5de <strong>oljeniv\u00e5n<\/strong> och <strong>batteristatusen<\/strong> , s\u00e5 att du alltid vet exakt hur mycket v\u00e4tska som finns kvar och hur mycket energi ditt batteri har. Denna funktion \u00f6kar anv\u00e4ndarv\u00e4nligheten avsev\u00e4rt, eftersom du slipper ov\u00e4ntade \u00f6verraskningar som pl\u00f6tsligt p\u00e5fyllning eller ov\u00e4ntad urladdning av batteriet.<\/p>\n<p>Tack vare den digitala displayen kan du anpassa din vaping-upplevelse n\u00e4r som helst efter behov. Detta ger extra flexibilitet och komfort, s\u00e4rskilt n\u00e4r du anv\u00e4nder enheten under l\u00e4ngre perioder.<\/p>\n<p><strong>5. Produktm\u00e5tt och f\u00f6rpackning: Kompakt och praktisk<\/strong><\/p>\n<p>Med de <strong>m\u00e5tten 30 mm x 57 mm x 101 mm<\/strong> och en vikt p\u00e5 endast <strong>82 g<\/strong> \u00e4r <strong>ELF BOX Digital 12000<\/strong> otroligt kompakt och l\u00e4tt. Dessa egenskaper g\u00f6r enheten extremt praktisk och bekv\u00e4m att transportera, s\u00e5 den passar enkelt i vilken ficka som helst. Om du \u00e4r mycket p\u00e5 spr\u00e5ng \u00e4r denna e-cigarett den idealiska f\u00f6ljeslagaren. Den \u00e4r utformad f\u00f6r att passa in i din vardag utan att vara skrymmande eller otymplig.<\/p>\n<p>Den <strong>F\u00f6rpackningsenhet<\/strong> ELF BOX Digital 12000 best\u00e5r av <strong>200 stycken per kartong<\/strong>, vilket g\u00f6r det till ett utm\u00e4rkt val f\u00f6r \u00e5terf\u00f6rs\u00e4ljare eller grossister som letar efter en produkt som \u00e4r b\u00e5de h\u00f6gkvalitativ och kostnadseffektiv. Storleken p\u00e5 <strong>f\u00f6rpackningen<\/strong> p\u00e5 kartongen \u00e4r <strong>615 mm x 223 mm x 330 mm<\/strong>, och <strong>bruttovikten per kartong<\/strong> \u00e4r <strong>17,5 kg<\/strong>. Detta g\u00f6r lagring och frakt av produkterna s\u00e4rskilt enkelt och effektivt.<\/p>\n<p><strong>6. Direktf\u00f6rs\u00e4ljning fr\u00e5n fabrik: Maximera dina besparingar<\/strong><\/p>\n<p>Ett av de b\u00e4sta s\u00e4tten att dra nytta av <strong>ELF BOX Digital 12000<\/strong> \u00e4r <strong>direktf\u00f6rs\u00e4ljning fr\u00e5n fabrik<\/strong>. Genom att k\u00f6pa direkt fr\u00e5n tillverkaren f\u00e5r du inte bara det b\u00e4sta priset, utan ocks\u00e5 snabbare leverans. Utan mellanh\u00e4nder kan du vara s\u00e4ker p\u00e5 att du f\u00e5r en h\u00f6gkvalitativ produkt till ett rimligt pris. Dessutom tillkommer inga <strong>tullar<\/strong> , vilket ger dig ytterligare besparingar.<\/p>\n<p><strong>7. Frakt till europeiska l\u00e4nder: Snabb leverans och p\u00e5litlig service<\/strong><\/p>\n<p>En annan f\u00f6rdel med direktk\u00f6p fr\u00e5n ELF BOX Digital 12000 \u00e4r den snabba och p\u00e5litliga <strong>frakten till alla europeiska l\u00e4nder<\/strong>. Oavsett om du \u00e4r bosatt i Tyskland, Frankrike, Italien eller ett annat europeiskt land, sker leveransen snabbt och smidigt. Frakten organiseras direkt av tillverkaren, s\u00e5 att du kan f\u00e5 din best\u00e4llning p\u00e5 kort tid.<\/p>\n<p>Den <strong>ELF BOX Digital 12000 Strawberry Ice<\/strong> \u00e4r en utm\u00e4rkt produkt som erbjuder alla egenskaper som vapers \u00f6nskar: ett h\u00f6gt puffantal, utm\u00e4rkt smakintensitet, ett p\u00e5litligt batteri, en modern design och anv\u00e4ndarv\u00e4nlig drift. Oavsett om du \u00e4r en erfaren vapers eller precis har b\u00f6rjat, ger denna e-cigaret dig allt du beh\u00f6ver f\u00f6r en fantastisk vapingupplevelse.<\/p>\n<p>Med m\u00f6jligheten att justera nikotinhalten, en digital display f\u00f6r b\u00e4ttre kontroll och en praktisk, kompakt storlek \u00e4r <strong>ELF BOX Digital 12000 Strawberry Ice<\/strong> en av de b\u00e4sta eng\u00e5ngse-cigaretterna p\u00e5 marknaden. Dra nytta av f\u00f6rdelarna med direktf\u00f6rs\u00e4ljning fr\u00e5n fabrik och njut av kvaliteten och smaken av denna h\u00f6gkvalitativa e-cigaret som f\u00f6ljer med dig \u00f6verallt.<\/p>\n<p>Unna dig den perfekta vapingupplevelsen med den <strong>ELF BOX Digital 12000 Strawberry Ice<\/strong> \u2013 en produkt du inte vill vara utan l\u00e4ngre!<\/p>\n<\/div>\n<\/div>\n<\/div>\n<\/div>\n<\/div>\n<\/div>","protected":false},"excerpt":{"rendered":"<p>Produktbeschreibung ELF BOX Digital 12000 Strawberry Ice Die Welt der E-Zigaretten hat sich in den letzten Jahren enorm weiterentwickelt und bietet heute eine Vielzahl an innovativen Produkten, die den Bed\u00fcrfnissen der Dampfer gerecht werden. Eine dieser Innovationen ist die ELF BOX Digital 12000 mit dem erfrischenden Strawberry Ice-Geschmack. Dieses Produkt vereint modernste Technologie, ein durchdachtes [&hellip;]<\/p>","protected":false},"featured_media":13664,"template":"","meta":{"inline_featured_image":false},"product_cat":[78,747,740,734,753,715,732],"product_tag":[710,673],"tiered_pricing_type":"fixed","tiered_pricing_fixed_rules":{"110":"7.00","200":"6.22","500":"5.45"},"tiered_pricing_percentage_rules":[],"tiered_pricing_minimum":1,"_administrator_tiered_pricing_type":"fixed","_administrator_tiered_pricing_fixed_rules":[],"_editor_tiered_pricing_type":"fixed","_editor_tiered_pricing_fixed_rules":[],"_author_tiered_pricing_type":"fixed","_author_tiered_pricing_fixed_rules":[],"_contributor_tiered_pricing_type":"fixed","_contributor_tiered_pricing_fixed_rules":[],"_subscriber_tiered_pricing_type":"fixed","_subscriber_tiered_pricing_fixed_rules":[],"_customer_tiered_pricing_type":"fixed","_customer_tiered_pricing_fixed_rules":[],"_shop_manager_tiered_pricing_type":"fixed","_shop_manager_tiered_pricing_fixed_rules":[],"_wpseo_manager_tiered_pricing_type":"fixed","_wpseo_manager_tiered_pricing_fixed_rules":[],"_wpseo_editor_tiered_pricing_type":"fixed","_wpseo_editor_tiered_pricing_fixed_rules":[],"_wholesale_customer_tiered_pricing_type":"fixed","_wholesale_customer_tiered_pricing_fixed_rules":[],"_marketer_tiered_pricing_type":"fixed","_marketer_tiered_pricing_fixed_rules":[],"_sales_manager_tiered_pricing_type":"fixed","_sales_manager_tiered_pricing_fixed_rules":[],"_sales_rep_tiered_pricing_type":"fixed","_sales_rep_tiered_pricing_fixed_rules":[],"yoast_head":"<!-- This site is optimized with the Yoast SEO plugin v23.3 - https:\/\/yoast.com\/wordpress\/plugins\/seo\/ -->\n<title>Strawberry Ice Kleinserienbestellung Fabrik Direktverkauf 1200 Puffs E Zigarette ELF BOX Digital 12000 | ElementVape.de<\/title>\n<meta name=\"description\" content=\"Wir bieten Strawberry Ice Kleinserienbestellung Fabrik Direktverkauf 1200 Puffs E Zigarette ELF BOX Digital 12000 , Elementvape.de akzeptieren Gro\u00df-und Einzelhandel Bestellungen.\" \/>\n<meta name=\"robots\" content=\"index, follow, max-snippet:-1, max-image-preview:large, max-video-preview:-1\" \/>\n<link rel=\"canonical\" href=\"https:\/\/www.elementvape.de\/sv\/produkt\/strawberry-ice-kleinserienbestellung-fabrik-direktverkauf-1200-puffs-e-zigarette-elf-box-digital-12000\/\" \/>\n<meta property=\"og:locale\" content=\"sv_SE\" \/>\n<meta property=\"og:type\" content=\"article\" \/>\n<meta property=\"og:title\" content=\"Strawberry Ice Kleinserienbestellung Fabrik Direktverkauf 1200 Puffs E Zigarette ELF BOX Digital 12000 | ElementVape.de\" \/>\n<meta property=\"og:description\" content=\"Wir bieten Strawberry Ice Kleinserienbestellung Fabrik Direktverkauf 1200 Puffs E Zigarette ELF BOX Digital 12000 , Elementvape.de akzeptieren Gro\u00df-und Einzelhandel Bestellungen.\" \/>\n<meta property=\"og:url\" content=\"https:\/\/www.elementvape.de\/sv\/produkt\/strawberry-ice-kleinserienbestellung-fabrik-direktverkauf-1200-puffs-e-zigarette-elf-box-digital-12000\/\" \/>\n<meta property=\"og:site_name\" content=\"ElementVape.de\" \/>\n<meta property=\"article:modified_time\" content=\"2024-12-12T06:35:12+00:00\" \/>\n<meta property=\"og:image\" content=\"https:\/\/www.elementvape.de\/wp-content\/uploads\/2024\/08\/Strawberry-Ice-\u8349\u8393\u51b0-1.jpg\" \/>\n\t<meta property=\"og:image:width\" content=\"1000\" \/>\n\t<meta property=\"og:image:height\" content=\"1000\" \/>\n\t<meta property=\"og:image:type\" content=\"image\/jpeg\" \/>\n<meta name=\"twitter:card\" content=\"summary_large_image\" \/>\n<meta name=\"twitter:label1\" content=\"Est. reading time\" \/>\n\t<meta name=\"twitter:data1\" content=\"7 minuter\" \/>\n<script type=\"application\/ld+json\" class=\"yoast-schema-graph\">{\"@context\":\"https:\/\/schema.org\",\"@graph\":[{\"@type\":\"WebPage\",\"@id\":\"https:\/\/www.elementvape.de\/en\/produkt\/strawberry-ice-kleinserienbestellung-fabrik-direktverkauf-1200-puffs-e-zigarette-elf-box-digital-12000\/\",\"url\":\"https:\/\/www.elementvape.de\/en\/produkt\/strawberry-ice-kleinserienbestellung-fabrik-direktverkauf-1200-puffs-e-zigarette-elf-box-digital-12000\/\",\"name\":\"Strawberry Ice Kleinserienbestellung Fabrik Direktverkauf 1200 Puffs E Zigarette ELF BOX Digital 12000 | ElementVape.de\",\"isPartOf\":{\"@id\":\"https:\/\/www.elementvape.de\/#website\"},\"primaryImageOfPage\":{\"@id\":\"https:\/\/www.elementvape.de\/en\/produkt\/strawberry-ice-kleinserienbestellung-fabrik-direktverkauf-1200-puffs-e-zigarette-elf-box-digital-12000\/#primaryimage\"},\"image\":{\"@id\":\"https:\/\/www.elementvape.de\/en\/produkt\/strawberry-ice-kleinserienbestellung-fabrik-direktverkauf-1200-puffs-e-zigarette-elf-box-digital-12000\/#primaryimage\"},\"thumbnailUrl\":\"https:\/\/www.elementvape.de\/wp-content\/uploads\/2024\/08\/Strawberry-Ice-\u8349\u8393\u51b0-1.jpg\",\"datePublished\":\"2024-08-06T03:03:26+00:00\",\"dateModified\":\"2024-12-12T06:35:12+00:00\",\"description\":\"Wir bieten Strawberry Ice Kleinserienbestellung Fabrik Direktverkauf 1200 Puffs E Zigarette ELF BOX Digital 12000 , Elementvape.de akzeptieren Gro\u00df-und Einzelhandel Bestellungen.\",\"breadcrumb\":{\"@id\":\"https:\/\/www.elementvape.de\/en\/produkt\/strawberry-ice-kleinserienbestellung-fabrik-direktverkauf-1200-puffs-e-zigarette-elf-box-digital-12000\/#breadcrumb\"},\"inLanguage\":\"sv-SE\",\"potentialAction\":[{\"@type\":\"ReadAction\",\"target\":[\"https:\/\/www.elementvape.de\/en\/produkt\/strawberry-ice-kleinserienbestellung-fabrik-direktverkauf-1200-puffs-e-zigarette-elf-box-digital-12000\/\"]}]},{\"@type\":\"ImageObject\",\"inLanguage\":\"sv-SE\",\"@id\":\"https:\/\/www.elementvape.de\/en\/produkt\/strawberry-ice-kleinserienbestellung-fabrik-direktverkauf-1200-puffs-e-zigarette-elf-box-digital-12000\/#primaryimage\",\"url\":\"https:\/\/www.elementvape.de\/wp-content\/uploads\/2024\/08\/Strawberry-Ice-\u8349\u8393\u51b0-1.jpg\",\"contentUrl\":\"https:\/\/www.elementvape.de\/wp-content\/uploads\/2024\/08\/Strawberry-Ice-\u8349\u8393\u51b0-1.jpg\",\"width\":1000,\"height\":1000,\"caption\":\"Strawberry Ice\"},{\"@type\":\"BreadcrumbList\",\"@id\":\"https:\/\/www.elementvape.de\/en\/produkt\/strawberry-ice-kleinserienbestellung-fabrik-direktverkauf-1200-puffs-e-zigarette-elf-box-digital-12000\/#breadcrumb\",\"itemListElement\":[{\"@type\":\"ListItem\",\"position\":1,\"name\":\"Home\",\"item\":\"https:\/\/www.elementvape.de\/\"},{\"@type\":\"ListItem\",\"position\":2,\"name\":\"Shop\",\"item\":\"https:\/\/www.elementvape.de\/shop\/\"},{\"@type\":\"ListItem\",\"position\":3,\"name\":\"Strawberry Ice Kleinserienbestellung Fabrik Direktverkauf 1200 Puffs E Zigarette ELF BOX Digital 12000\"}]},{\"@type\":\"WebSite\",\"@id\":\"https:\/\/www.elementvape.de\/#website\",\"url\":\"https:\/\/www.elementvape.de\/\",\"name\":\"ElementVape.de\",\"description\":\"\",\"publisher\":{\"@id\":\"https:\/\/www.elementvape.de\/#organization\"},\"potentialAction\":[{\"@type\":\"SearchAction\",\"target\":{\"@type\":\"EntryPoint\",\"urlTemplate\":\"https:\/\/www.elementvape.de\/?s={search_term_string}\"},\"query-input\":\"required name=search_term_string\"}],\"inLanguage\":\"sv-SE\"},{\"@type\":\"Organization\",\"@id\":\"https:\/\/www.elementvape.de\/#organization\",\"name\":\"ElementVape.DE\",\"url\":\"https:\/\/www.elementvape.de\/\",\"logo\":{\"@type\":\"ImageObject\",\"inLanguage\":\"sv-SE\",\"@id\":\"https:\/\/www.elementvape.de\/#\/schema\/logo\/image\/\",\"url\":\"https:\/\/www.elementvape.de\/wp-content\/uploads\/2024\/09\/cropped-1elementvape-3.png\",\"contentUrl\":\"https:\/\/www.elementvape.de\/wp-content\/uploads\/2024\/09\/cropped-1elementvape-3.png\",\"width\":285,\"height\":228,\"caption\":\"ElementVape.DE\"},\"image\":{\"@id\":\"https:\/\/www.elementvape.de\/#\/schema\/logo\/image\/\"}}]}<\/script>\n<!-- \/ Yoast SEO plugin. -->","yoast_head_json":{"title":"Strawberry Ice Kleinserienbestellung Fabrik Direktverkauf 1200 Puffs E Zigarette ELF BOX Digital 12000 | ElementVape.de","description":"Wir bieten Strawberry Ice Kleinserienbestellung Fabrik Direktverkauf 1200 Puffs E Zigarette ELF BOX Digital 12000 , Elementvape.de akzeptieren Gro\u00df-und Einzelhandel Bestellungen.","robots":{"index":"index","follow":"follow","max-snippet":"max-snippet:-1","max-image-preview":"max-image-preview:large","max-video-preview":"max-video-preview:-1"},"canonical":"https:\/\/www.elementvape.de\/sv\/produkt\/strawberry-ice-kleinserienbestellung-fabrik-direktverkauf-1200-puffs-e-zigarette-elf-box-digital-12000\/","og_locale":"sv_SE","og_type":"article","og_title":"Strawberry Ice Kleinserienbestellung Fabrik Direktverkauf 1200 Puffs E Zigarette ELF BOX Digital 12000 | ElementVape.de","og_description":"Wir bieten Strawberry Ice Kleinserienbestellung Fabrik Direktverkauf 1200 Puffs E Zigarette ELF BOX Digital 12000 , Elementvape.de akzeptieren Gro\u00df-und Einzelhandel Bestellungen.","og_url":"https:\/\/www.elementvape.de\/sv\/produkt\/strawberry-ice-kleinserienbestellung-fabrik-direktverkauf-1200-puffs-e-zigarette-elf-box-digital-12000\/","og_site_name":"ElementVape.de","article_modified_time":"2024-12-12T06:35:12+00:00","og_image":[{"width":1000,"height":1000,"url":"https:\/\/www.elementvape.de\/wp-content\/uploads\/2024\/08\/Strawberry-Ice-\u8349\u8393\u51b0-1.jpg","type":"image\/jpeg"}],"twitter_card":"summary_large_image","twitter_misc":{"Est. reading time":"7 minuter"},"schema":{"@context":"https:\/\/schema.org","@graph":[{"@type":"WebPage","@id":"https:\/\/www.elementvape.de\/en\/produkt\/strawberry-ice-kleinserienbestellung-fabrik-direktverkauf-1200-puffs-e-zigarette-elf-box-digital-12000\/","url":"https:\/\/www.elementvape.de\/en\/produkt\/strawberry-ice-kleinserienbestellung-fabrik-direktverkauf-1200-puffs-e-zigarette-elf-box-digital-12000\/","name":"Strawberry Ice Kleinserienbestellung Fabrik Direktverkauf 1200 Puffs E Zigarette ELF BOX Digital 12000 | ElementVape.de","isPartOf":{"@id":"https:\/\/www.elementvape.de\/#website"},"primaryImageOfPage":{"@id":"https:\/\/www.elementvape.de\/en\/produkt\/strawberry-ice-kleinserienbestellung-fabrik-direktverkauf-1200-puffs-e-zigarette-elf-box-digital-12000\/#primaryimage"},"image":{"@id":"https:\/\/www.elementvape.de\/en\/produkt\/strawberry-ice-kleinserienbestellung-fabrik-direktverkauf-1200-puffs-e-zigarette-elf-box-digital-12000\/#primaryimage"},"thumbnailUrl":"https:\/\/www.elementvape.de\/wp-content\/uploads\/2024\/08\/Strawberry-Ice-\u8349\u8393\u51b0-1.jpg","datePublished":"2024-08-06T03:03:26+00:00","dateModified":"2024-12-12T06:35:12+00:00","description":"Wir bieten Strawberry Ice Kleinserienbestellung Fabrik Direktverkauf 1200 Puffs E Zigarette ELF BOX Digital 12000 , Elementvape.de akzeptieren Gro\u00df-und Einzelhandel Bestellungen.","breadcrumb":{"@id":"https:\/\/www.elementvape.de\/en\/produkt\/strawberry-ice-kleinserienbestellung-fabrik-direktverkauf-1200-puffs-e-zigarette-elf-box-digital-12000\/#breadcrumb"},"inLanguage":"sv-SE","potentialAction":[{"@type":"ReadAction","target":["https:\/\/www.elementvape.de\/en\/produkt\/strawberry-ice-kleinserienbestellung-fabrik-direktverkauf-1200-puffs-e-zigarette-elf-box-digital-12000\/"]}]},{"@type":"ImageObject","inLanguage":"sv-SE","@id":"https:\/\/www.elementvape.de\/en\/produkt\/strawberry-ice-kleinserienbestellung-fabrik-direktverkauf-1200-puffs-e-zigarette-elf-box-digital-12000\/#primaryimage","url":"https:\/\/www.elementvape.de\/wp-content\/uploads\/2024\/08\/Strawberry-Ice-\u8349\u8393\u51b0-1.jpg","contentUrl":"https:\/\/www.elementvape.de\/wp-content\/uploads\/2024\/08\/Strawberry-Ice-\u8349\u8393\u51b0-1.jpg","width":1000,"height":1000,"caption":"Strawberry Ice"},{"@type":"BreadcrumbList","@id":"https:\/\/www.elementvape.de\/en\/produkt\/strawberry-ice-kleinserienbestellung-fabrik-direktverkauf-1200-puffs-e-zigarette-elf-box-digital-12000\/#breadcrumb","itemListElement":[{"@type":"ListItem","position":1,"name":"Home","item":"https:\/\/www.elementvape.de\/"},{"@type":"ListItem","position":2,"name":"Shop","item":"https:\/\/www.elementvape.de\/shop\/"},{"@type":"ListItem","position":3,"name":"Strawberry Ice Kleinserienbestellung Fabrik Direktverkauf 1200 Puffs E Zigarette ELF BOX Digital 12000"}]},{"@type":"WebSite","@id":"https:\/\/www.elementvape.de\/#website","url":"https:\/\/www.elementvape.de\/","name":"ElementVape.de","description":"","publisher":{"@id":"https:\/\/www.elementvape.de\/#organization"},"potentialAction":[{"@type":"SearchAction","target":{"@type":"EntryPoint","urlTemplate":"https:\/\/www.elementvape.de\/?s={search_term_string}"},"query-input":"required name=search_term_string"}],"inLanguage":"sv-SE"},{"@type":"Organization","@id":"https:\/\/www.elementvape.de\/#organization","name":"ElementVape.DE","url":"https:\/\/www.elementvape.de\/","logo":{"@type":"ImageObject","inLanguage":"sv-SE","@id":"https:\/\/www.elementvape.de\/#\/schema\/logo\/image\/","url":"https:\/\/www.elementvape.de\/wp-content\/uploads\/2024\/09\/cropped-1elementvape-3.png","contentUrl":"https:\/\/www.elementvape.de\/wp-content\/uploads\/2024\/09\/cropped-1elementvape-3.png","width":285,"height":228,"caption":"ElementVape.DE"},"image":{"@id":"https:\/\/www.elementvape.de\/#\/schema\/logo\/image\/"}}]}},"_links":{"self":[{"href":"https:\/\/www.elementvape.de\/sv\/wp-json\/wp\/v2\/product\/13662"}],"collection":[{"href":"https:\/\/www.elementvape.de\/sv\/wp-json\/wp\/v2\/product"}],"about":[{"href":"https:\/\/www.elementvape.de\/sv\/wp-json\/wp\/v2\/types\/product"}],"wp:featuredmedia":[{"embeddable":true,"href":"https:\/\/www.elementvape.de\/sv\/wp-json\/wp\/v2\/media\/13664"}],"wp:attachment":[{"href":"https:\/\/www.elementvape.de\/sv\/wp-json\/wp\/v2\/media?parent=13662"}],"wp:term":[{"taxonomy":"product_cat","embeddable":true,"href":"https:\/\/www.elementvape.de\/sv\/wp-json\/wp\/v2\/product_cat?post=13662"},{"taxonomy":"product_tag","embeddable":true,"href":"https:\/\/www.elementvape.de\/sv\/wp-json\/wp\/v2\/product_tag?post=13662"}],"curies":[{"name":"wp","href":"https:\/\/api.w.org\/{rel}","templated":true}]}}