{"id":13478,"date":"2024-07-01T07:35:08","date_gmt":"2024-07-01T07:35:08","guid":{"rendered":"https:\/\/www.elementvape.de\/?post_type=product&#038;p=13478"},"modified":"2024-09-12T10:28:41","modified_gmt":"2024-09-12T10:28:41","slug":"oxva-xlim-c-pod-kit-900mah","status":"publish","type":"product","link":"https:\/\/www.elementvape.de\/sv\/produkt\/oxva-xlim-c-pod-kit-900mah\/","title":{"rendered":"OXVA XLIM C Pod Kit 900mAh"},"content":{"rendered":"<div class=\"flex-shrink-0 flex flex-col relative items-end\">\n<div>\n<div class=\"pt-0.5 juice:pt-0\">\n<div class=\"gizmo-bot-avatar flex h-6 w-6 items-center justify-center overflow-hidden rounded-full juice:h-8 juice:w-8\">\n<div class=\"relative p-1 rounded-sm flex items-center justify-center bg-token-main-surface-primary text-token-text-primary h-8 w-8\">Das OXVA XLIM C Pod Kit \u00e4r en utbyggnad av den popul\u00e4ra XLIM-serien och har utvecklats f\u00f6r att erbjuda en enast\u00e5ende vapingupplevelse. Med sitt inbyggda 900 mAh batteri och XLIM C-kartuschen finns det i 10 stilfulla f\u00e4rgalternativ och ger en f\u00f6rb\u00e4ttrad m\u00f6jlighet att njuta av X-treme-smak.<\/div>\n<\/div>\n<\/div>\n<\/div>\n<\/div>\n<div class=\"group\/conversation-turn relative flex w-full min-w-0 flex-col agent-turn\">\n<div class=\"flex-col gap-1 md:gap-3\">\n<div class=\"flex flex-grow flex-col max-w-full\">\n<div class=\"min-h-[20px] text-message flex flex-col items-start whitespace-pre-wrap break-words [.text-message+&amp;]:mt-5 juice:w-full juice:items-end overflow-x-auto gap-2\" dir=\"auto\" data-message-author-role=\"assistant\" data-message-id=\"bc1b3654-7cf8-4161-b9ce-d1c9d944a695\">\n<div class=\"flex w-full flex-col gap-1 juice:empty:hidden juice:first:pt-[3px]\">\n<div class=\"markdown prose w-full break-words dark:prose-invert light\">\n<h3>Tekniska parametrar<\/h3>\n<ul>\n<li><strong>Uteffekt:<\/strong> Max. 25 W<\/li>\n<li><strong>Kapselkapacitet:<\/strong> 2 ml<\/li>\n<li><strong>Batterikapacitet:<\/strong> 900 mAh<\/li>\n<li><strong>\u00d6vervakningsfunktion f\u00f6r r\u00f6kning: Nej<\/strong> Aluminiumlegering + PCTG<\/li>\n<li><strong>Ladda:<\/strong> DC 5 V\/2 A, Typ C<\/li>\n<li><strong>M\u00e5tt:<\/strong> 114,5 mm x 14 mm x 24 mm<\/li>\n<li><strong>Vikt:<\/strong> 40 g<\/li>\n<li><strong>Spolar:<\/strong> KA1 MESH (0,6 \u03a9 \/ 0,8 \u03a9 \/ 1,2 \u03a9)<\/li>\n<\/ul>\n<h3>Huvudfunktioner<\/h3>\n<ol>\n<li><strong>X-TREME SMAK:<\/strong> Utbytbara Xlim C-spolar (0,6 \u03a9 \/ 0,8 \u03a9 \/ 1,2 \u03a9) med KA1 MESH f\u00f6r intensiv smak.<\/li>\n<li><strong>Automatisk dragning + knapp:<\/strong> M\u00f6jligg\u00f6r b\u00e5de automatisk dragning och anv\u00e4ndning av knappen.<\/li>\n<li><strong>3-stegs justerbar smartl\u00e4ge:<\/strong> Ger flexibilitet vid inst\u00e4llning av utg\u00e5ngseffekt.<\/li>\n<li><strong>Ergonomisk sidoventilationskontroll:<\/strong> M\u00f6jligg\u00f6r exakt justering av luftfl\u00f6det.<\/li>\n<li><strong>Inbyggt 900 mAh batteri:<\/strong> F\u00f6r en l\u00e5ng anv\u00e4ndningstid.<\/li>\n<li><strong>Maximal utg\u00e5ngseffekt p\u00e5 25 W:<\/strong> Ger tillr\u00e4cklig kraft f\u00f6r en tillfredsst\u00e4llande \u00e5ngupplevelse.<\/li>\n<li><strong>Sidoladdning:<\/strong> Enkelt p\u00e5fyllning av patronen.<\/li>\n<li><strong>Typ C 5 V\/2 A snabbladdning:<\/strong> Snabbladdning av enheten.<\/li>\n<li><strong>10 f\u00e4rgalternativ:<\/strong> Svart, Gunmetal, R\u00f6d, Gradientbl\u00e5, Lila, Blank svart-silver, Blank guld-silver, Blank gr\u00f6nt-silver, gr\u00f6nt kamouflage, svart kamouflage.<\/li>\n<\/ol>\n<h3>Inneh\u00e5ll<\/h3>\n<ul>\n<li>1 x XLIM C-enhet<\/li>\n<li>1 x XLIM C-spole 0,6 \u03a9<\/li>\n<li>1 x Typ-C-kabel<\/li>\n<li>1 x Anv\u00e4ndarmanual<\/li>\n<li>1 x XLIM C-patron 2 ml<\/li>\n<li>1 x XLIM C-spole 0,8 \u03a9<\/li>\n<li>1 x B\u00e4rrem<\/li>\n<\/ul>\n<p>OXVA XLIM C Pod Kit \u00e4r perfekt f\u00f6r \u00e5ngare som v\u00e4rdes\u00e4tter kompakt storlek, enkel anv\u00e4ndning och enast\u00e5ende smak. Med sina m\u00e5ngsidiga funktioner och stilfulla design \u00e4r det ett utm\u00e4rkt val f\u00f6r daglig anv\u00e4ndning.<\/p>\n<\/div>\n<\/div>\n<\/div>\n<\/div>\n<\/div>\n<\/div>","protected":false},"excerpt":{"rendered":"<p>Das OXVA XLIM C Pod Kit ist eine Erweiterung der beliebten XLIM-Serie und wurde entwickelt, um ein herausragendes Dampferlebnis zu bieten. Mit seinem eingebauten 900 mAh Akku und der XLIM C-Kartusche ist es in 10 stilvollen Farboptionen erh\u00e4ltlich und bietet eine verbesserte M\u00f6glichkeit, X-treme-Geschmack zu genie\u00dfen. Technische Parameter Ausgangsleistung: Max. 25 W Kartuschenkapazit\u00e4t: 2 ml [&hellip;]<\/p>","protected":false},"featured_media":13489,"template":"","meta":{"inline_featured_image":false},"product_cat":[747,740,734,753,76],"product_tag":[],"tiered_pricing_type":"fixed","tiered_pricing_fixed_rules":[],"tiered_pricing_percentage_rules":[],"tiered_pricing_minimum":1,"_administrator_tiered_pricing_type":"fixed","_administrator_tiered_pricing_fixed_rules":[],"_editor_tiered_pricing_type":"fixed","_editor_tiered_pricing_fixed_rules":[],"_author_tiered_pricing_type":"fixed","_author_tiered_pricing_fixed_rules":[],"_contributor_tiered_pricing_type":"fixed","_contributor_tiered_pricing_fixed_rules":[],"_subscriber_tiered_pricing_type":"fixed","_subscriber_tiered_pricing_fixed_rules":[],"_customer_tiered_pricing_type":"fixed","_customer_tiered_pricing_fixed_rules":[],"_shop_manager_tiered_pricing_type":"fixed","_shop_manager_tiered_pricing_fixed_rules":[],"_wpseo_manager_tiered_pricing_type":"fixed","_wpseo_manager_tiered_pricing_fixed_rules":[],"_wpseo_editor_tiered_pricing_type":"fixed","_wpseo_editor_tiered_pricing_fixed_rules":[],"_wholesale_customer_tiered_pricing_type":"fixed","_wholesale_customer_tiered_pricing_fixed_rules":[],"_marketer_tiered_pricing_type":"fixed","_marketer_tiered_pricing_fixed_rules":[],"_sales_manager_tiered_pricing_type":"fixed","_sales_manager_tiered_pricing_fixed_rules":[],"_sales_rep_tiered_pricing_type":"fixed","_sales_rep_tiered_pricing_fixed_rules":[],"yoast_head":"<!-- This site is optimized with the Yoast SEO plugin v23.3 - https:\/\/yoast.com\/wordpress\/plugins\/seo\/ -->\n<title>OXVA XLIM C Pod Kit 900mAh | ElementVape.de<\/title>\n<meta name=\"description\" content=\"Wir bieten OXVA XLIM C Pod Kit 900mAh , Elementvape.de akzeptieren Gro\u00df-und Einzelhandel Bestellungen.\" \/>\n<meta name=\"robots\" content=\"index, follow, max-snippet:-1, max-image-preview:large, max-video-preview:-1\" \/>\n<link rel=\"canonical\" href=\"https:\/\/www.elementvape.de\/sv\/produkt\/oxva-xlim-c-pod-kit-900mah\/\" \/>\n<meta property=\"og:locale\" content=\"sv_SE\" \/>\n<meta property=\"og:type\" content=\"article\" \/>\n<meta property=\"og:title\" content=\"OXVA XLIM C Pod Kit 900mAh | ElementVape.de\" \/>\n<meta property=\"og:description\" content=\"Wir bieten OXVA XLIM C Pod Kit 900mAh , Elementvape.de akzeptieren Gro\u00df-und Einzelhandel Bestellungen.\" \/>\n<meta property=\"og:url\" content=\"https:\/\/www.elementvape.de\/sv\/produkt\/oxva-xlim-c-pod-kit-900mah\/\" \/>\n<meta property=\"og:site_name\" content=\"ElementVape.de\" \/>\n<meta property=\"article:modified_time\" content=\"2024-09-12T10:28:41+00:00\" \/>\n<meta property=\"og:image\" content=\"https:\/\/www.elementvape.de\/wp-content\/uploads\/2024\/07\/OXVA-XLIM-C-Kit-_19.webp\" \/>\n\t<meta property=\"og:image:width\" content=\"800\" \/>\n\t<meta property=\"og:image:height\" content=\"800\" \/>\n\t<meta property=\"og:image:type\" content=\"image\/webp\" \/>\n<meta name=\"twitter:card\" content=\"summary_large_image\" \/>\n<meta name=\"twitter:label1\" content=\"Est. reading time\" \/>\n\t<meta name=\"twitter:data1\" content=\"2 minuter\" \/>\n<script type=\"application\/ld+json\" class=\"yoast-schema-graph\">{\"@context\":\"https:\/\/schema.org\",\"@graph\":[{\"@type\":\"WebPage\",\"@id\":\"https:\/\/www.elementvape.de\/da\/produkt\/oxva-xlim-c-pod-kit-900mah\/\",\"url\":\"https:\/\/www.elementvape.de\/da\/produkt\/oxva-xlim-c-pod-kit-900mah\/\",\"name\":\"OXVA XLIM C Pod Kit 900mAh | ElementVape.de\",\"isPartOf\":{\"@id\":\"https:\/\/www.elementvape.de\/#website\"},\"primaryImageOfPage\":{\"@id\":\"https:\/\/www.elementvape.de\/da\/produkt\/oxva-xlim-c-pod-kit-900mah\/#primaryimage\"},\"image\":{\"@id\":\"https:\/\/www.elementvape.de\/da\/produkt\/oxva-xlim-c-pod-kit-900mah\/#primaryimage\"},\"thumbnailUrl\":\"https:\/\/www.elementvape.de\/wp-content\/uploads\/2024\/07\/OXVA-XLIM-C-Kit-_19.webp\",\"datePublished\":\"2024-07-01T07:35:08+00:00\",\"dateModified\":\"2024-09-12T10:28:41+00:00\",\"description\":\"Wir bieten OXVA XLIM C Pod Kit 900mAh , Elementvape.de akzeptieren Gro\u00df-und Einzelhandel Bestellungen.\",\"breadcrumb\":{\"@id\":\"https:\/\/www.elementvape.de\/da\/produkt\/oxva-xlim-c-pod-kit-900mah\/#breadcrumb\"},\"inLanguage\":\"sv-SE\",\"potentialAction\":[{\"@type\":\"ReadAction\",\"target\":[\"https:\/\/www.elementvape.de\/da\/produkt\/oxva-xlim-c-pod-kit-900mah\/\"]}]},{\"@type\":\"ImageObject\",\"inLanguage\":\"sv-SE\",\"@id\":\"https:\/\/www.elementvape.de\/da\/produkt\/oxva-xlim-c-pod-kit-900mah\/#primaryimage\",\"url\":\"https:\/\/www.elementvape.de\/wp-content\/uploads\/2024\/07\/OXVA-XLIM-C-Kit-_19.webp\",\"contentUrl\":\"https:\/\/www.elementvape.de\/wp-content\/uploads\/2024\/07\/OXVA-XLIM-C-Kit-_19.webp\",\"width\":800,\"height\":800,\"caption\":\"OXVA-XLIM-C-Kit-_19\"},{\"@type\":\"BreadcrumbList\",\"@id\":\"https:\/\/www.elementvape.de\/da\/produkt\/oxva-xlim-c-pod-kit-900mah\/#breadcrumb\",\"itemListElement\":[{\"@type\":\"ListItem\",\"position\":1,\"name\":\"Home\",\"item\":\"https:\/\/www.elementvape.de\/\"},{\"@type\":\"ListItem\",\"position\":2,\"name\":\"Shop\",\"item\":\"https:\/\/www.elementvape.de\/shop\/\"},{\"@type\":\"ListItem\",\"position\":3,\"name\":\"OXVA XLIM C Pod Kit 900mAh\"}]},{\"@type\":\"WebSite\",\"@id\":\"https:\/\/www.elementvape.de\/#website\",\"url\":\"https:\/\/www.elementvape.de\/\",\"name\":\"ElementVape.de\",\"description\":\"\",\"publisher\":{\"@id\":\"https:\/\/www.elementvape.de\/#organization\"},\"potentialAction\":[{\"@type\":\"SearchAction\",\"target\":{\"@type\":\"EntryPoint\",\"urlTemplate\":\"https:\/\/www.elementvape.de\/?s={search_term_string}\"},\"query-input\":\"required name=search_term_string\"}],\"inLanguage\":\"sv-SE\"},{\"@type\":\"Organization\",\"@id\":\"https:\/\/www.elementvape.de\/#organization\",\"name\":\"ElementVape.DE\",\"url\":\"https:\/\/www.elementvape.de\/\",\"logo\":{\"@type\":\"ImageObject\",\"inLanguage\":\"sv-SE\",\"@id\":\"https:\/\/www.elementvape.de\/#\/schema\/logo\/image\/\",\"url\":\"https:\/\/www.elementvape.de\/wp-content\/uploads\/2024\/09\/cropped-1elementvape-3.png\",\"contentUrl\":\"https:\/\/www.elementvape.de\/wp-content\/uploads\/2024\/09\/cropped-1elementvape-3.png\",\"width\":285,\"height\":228,\"caption\":\"ElementVape.DE\"},\"image\":{\"@id\":\"https:\/\/www.elementvape.de\/#\/schema\/logo\/image\/\"}}]}<\/script>\n<!-- \/ Yoast SEO plugin. -->","yoast_head_json":{"title":"OXVA XLIM C Pod Kit 900mAh | ElementVape.de","description":"Wir bieten OXVA XLIM C Pod Kit 900mAh , Elementvape.de akzeptieren Gro\u00df-und Einzelhandel Bestellungen.","robots":{"index":"index","follow":"follow","max-snippet":"max-snippet:-1","max-image-preview":"max-image-preview:large","max-video-preview":"max-video-preview:-1"},"canonical":"https:\/\/www.elementvape.de\/sv\/produkt\/oxva-xlim-c-pod-kit-900mah\/","og_locale":"sv_SE","og_type":"article","og_title":"OXVA XLIM C Pod Kit 900mAh | ElementVape.de","og_description":"Wir bieten OXVA XLIM C Pod Kit 900mAh , Elementvape.de akzeptieren Gro\u00df-und Einzelhandel Bestellungen.","og_url":"https:\/\/www.elementvape.de\/sv\/produkt\/oxva-xlim-c-pod-kit-900mah\/","og_site_name":"ElementVape.de","article_modified_time":"2024-09-12T10:28:41+00:00","og_image":[{"width":800,"height":800,"url":"https:\/\/www.elementvape.de\/wp-content\/uploads\/2024\/07\/OXVA-XLIM-C-Kit-_19.webp","type":"image\/webp"}],"twitter_card":"summary_large_image","twitter_misc":{"Est. reading time":"2 minuter"},"schema":{"@context":"https:\/\/schema.org","@graph":[{"@type":"WebPage","@id":"https:\/\/www.elementvape.de\/da\/produkt\/oxva-xlim-c-pod-kit-900mah\/","url":"https:\/\/www.elementvape.de\/da\/produkt\/oxva-xlim-c-pod-kit-900mah\/","name":"OXVA XLIM C Pod Kit 900mAh | ElementVape.de","isPartOf":{"@id":"https:\/\/www.elementvape.de\/#website"},"primaryImageOfPage":{"@id":"https:\/\/www.elementvape.de\/da\/produkt\/oxva-xlim-c-pod-kit-900mah\/#primaryimage"},"image":{"@id":"https:\/\/www.elementvape.de\/da\/produkt\/oxva-xlim-c-pod-kit-900mah\/#primaryimage"},"thumbnailUrl":"https:\/\/www.elementvape.de\/wp-content\/uploads\/2024\/07\/OXVA-XLIM-C-Kit-_19.webp","datePublished":"2024-07-01T07:35:08+00:00","dateModified":"2024-09-12T10:28:41+00:00","description":"Wir bieten OXVA XLIM C Pod Kit 900mAh , Elementvape.de akzeptieren Gro\u00df-und Einzelhandel Bestellungen.","breadcrumb":{"@id":"https:\/\/www.elementvape.de\/da\/produkt\/oxva-xlim-c-pod-kit-900mah\/#breadcrumb"},"inLanguage":"sv-SE","potentialAction":[{"@type":"ReadAction","target":["https:\/\/www.elementvape.de\/da\/produkt\/oxva-xlim-c-pod-kit-900mah\/"]}]},{"@type":"ImageObject","inLanguage":"sv-SE","@id":"https:\/\/www.elementvape.de\/da\/produkt\/oxva-xlim-c-pod-kit-900mah\/#primaryimage","url":"https:\/\/www.elementvape.de\/wp-content\/uploads\/2024\/07\/OXVA-XLIM-C-Kit-_19.webp","contentUrl":"https:\/\/www.elementvape.de\/wp-content\/uploads\/2024\/07\/OXVA-XLIM-C-Kit-_19.webp","width":800,"height":800,"caption":"OXVA-XLIM-C-Kit-_19"},{"@type":"BreadcrumbList","@id":"https:\/\/www.elementvape.de\/da\/produkt\/oxva-xlim-c-pod-kit-900mah\/#breadcrumb","itemListElement":[{"@type":"ListItem","position":1,"name":"Home","item":"https:\/\/www.elementvape.de\/"},{"@type":"ListItem","position":2,"name":"Shop","item":"https:\/\/www.elementvape.de\/shop\/"},{"@type":"ListItem","position":3,"name":"OXVA XLIM C Pod Kit 900mAh"}]},{"@type":"WebSite","@id":"https:\/\/www.elementvape.de\/#website","url":"https:\/\/www.elementvape.de\/","name":"ElementVape.de","description":"","publisher":{"@id":"https:\/\/www.elementvape.de\/#organization"},"potentialAction":[{"@type":"SearchAction","target":{"@type":"EntryPoint","urlTemplate":"https:\/\/www.elementvape.de\/?s={search_term_string}"},"query-input":"required name=search_term_string"}],"inLanguage":"sv-SE"},{"@type":"Organization","@id":"https:\/\/www.elementvape.de\/#organization","name":"ElementVape.DE","url":"https:\/\/www.elementvape.de\/","logo":{"@type":"ImageObject","inLanguage":"sv-SE","@id":"https:\/\/www.elementvape.de\/#\/schema\/logo\/image\/","url":"https:\/\/www.elementvape.de\/wp-content\/uploads\/2024\/09\/cropped-1elementvape-3.png","contentUrl":"https:\/\/www.elementvape.de\/wp-content\/uploads\/2024\/09\/cropped-1elementvape-3.png","width":285,"height":228,"caption":"ElementVape.DE"},"image":{"@id":"https:\/\/www.elementvape.de\/#\/schema\/logo\/image\/"}}]}},"_links":{"self":[{"href":"https:\/\/www.elementvape.de\/sv\/wp-json\/wp\/v2\/product\/13478"}],"collection":[{"href":"https:\/\/www.elementvape.de\/sv\/wp-json\/wp\/v2\/product"}],"about":[{"href":"https:\/\/www.elementvape.de\/sv\/wp-json\/wp\/v2\/types\/product"}],"wp:featuredmedia":[{"embeddable":true,"href":"https:\/\/www.elementvape.de\/sv\/wp-json\/wp\/v2\/media\/13489"}],"wp:attachment":[{"href":"https:\/\/www.elementvape.de\/sv\/wp-json\/wp\/v2\/media?parent=13478"}],"wp:term":[{"taxonomy":"product_cat","embeddable":true,"href":"https:\/\/www.elementvape.de\/sv\/wp-json\/wp\/v2\/product_cat?post=13478"},{"taxonomy":"product_tag","embeddable":true,"href":"https:\/\/www.elementvape.de\/sv\/wp-json\/wp\/v2\/product_tag?post=13478"}],"curies":[{"name":"wp","href":"https:\/\/api.w.org\/{rel}","templated":true}]}}