{"id":12501,"date":"2024-06-18T09:42:37","date_gmt":"2024-06-18T09:42:37","guid":{"rendered":"https:\/\/www.elementvape.de\/?post_type=product&#038;p=12501"},"modified":"2024-09-12T10:35:56","modified_gmt":"2024-09-12T10:35:56","slug":"horizontech-binaries-6k-einweg-e-zigarette-6000-zuege","status":"publish","type":"product","link":"https:\/\/www.elementvape.de\/sv\/produkt\/horizontech-binaries-6k-einweg-e-zigarette-6000-zuege\/","title":{"rendered":"HorizonTech Binaries 6K eng\u00e5ngs-E- cigarett 6000 drag"},"content":{"rendered":"<div class=\"flex-shrink-0 flex flex-col relative items-end\">\n<div>\n<div class=\"pt-0.5 juice:pt-0\">\n<div class=\"gizmo-bot-avatar flex h-6 w-6 items-center justify-center overflow-hidden rounded-full juice:h-8 juice:w-8\">\n<h2 class=\"relative p-1 rounded-sm flex items-center justify-center bg-token-main-surface-primary text-token-text-primary h-8 w-8\"><span style=\"font-size: 1.618em;\">HorizonTech Binaries 6K Eng\u00e5ngsvape Produktbeskrivning<\/span><\/h2>\n<\/div>\n<\/div>\n<\/div>\n<\/div>\n<div class=\"group\/conversation-turn relative flex w-full min-w-0 flex-col agent-turn\">\n<div class=\"flex-col gap-1 md:gap-3\">\n<div class=\"flex flex-grow flex-col max-w-full\">\n<div class=\"min-h-[20px] text-message flex flex-col items-start whitespace-pre-wrap break-words [.text-message+&amp;]:mt-5 juice:w-full juice:items-end overflow-x-auto gap-2\" dir=\"auto\" data-message-author-role=\"assistant\" data-message-id=\"dc791423-500b-4598-b8ee-1c402d1c8afa\">\n<div class=\"flex w-full flex-col gap-1 juice:empty:hidden juice:first:pt-[3px]\">\n<div class=\"markdown prose w-full break-words dark:prose-invert light\">\n<p>Den <strong>HorizonTech Binaries 6K Eng\u00e5ngsvape<\/strong> \u00e4r den perfekta vaping-kittet f\u00f6r personer som \u00e4r mycket p\u00e5 spr\u00e5ng. Det \u00e4r kompakt, l\u00e4tt och enkelt att anv\u00e4nda, vilket g\u00f6r det perfekt f\u00f6r en aktiv livsstil. Utrustad med ett 650-mAh-batteri och en gener\u00f6s 15 ml E-liquid-kapacitet, erbjuder denna enhet upp till 6000 drag utan att beh\u00f6va fylla p\u00e5 eller ladda ofta.<\/p>\n<h3>Huvudfunktioner<\/h3>\n<ol>\n<li><strong>E-liquidkapacitet:<\/strong> 15 ml f\u00f6rfylld E-liquid f\u00f6r l\u00e5ngvarig \u00e5ngproduktion<\/li>\n<li><strong>Nikotinstyrka:<\/strong> 5 % (50 mg) nikotin f\u00f6r en intensiv vapingupplevelse<\/li>\n<li><strong>Uppladdningsbar:<\/strong> Typ-C-anslutning f\u00f6r snabb och enkel laddning<\/li>\n<li><strong>H\u00f6g Drag Kapacitet:<\/strong> Upp till 6000 drag per enhet<\/li>\n<li><strong>Batterikapacitet:<\/strong> Inbyggt 650 mAh batteri f\u00f6r uth\u00e5llig \u00e5ngproduktion<\/li>\n<li><strong>Mesh-spole:<\/strong> 1,0 Ohm f\u00f6r mild och intensiv \u00e5nga<\/li>\n<li><strong>Dragaktivering:<\/strong> L\u00e4tt att anv\u00e4nda utan knappar, enkel dragning aktiverar enheten<\/li>\n<li><strong>MTL-vaping:<\/strong> L\u00e4mplig f\u00f6r mun-till-lunga-\u00e5ngning<\/li>\n<li><strong>L\u00e4ckages\u00e4ker luftst\u00e4ngning:<\/strong> F\u00f6rhindrar att E-liquid l\u00e4cker ut<\/li>\n<\/ol>\n<h3>Fysiska parametrar<\/h3>\n<ul>\n<li><strong>E-liquidkapacitet:<\/strong> 15 ml<\/li>\n<li><strong>Nikotinstyrka:<\/strong> 5 % (50 mg\/ml)<\/li>\n<li><strong>Drag:<\/strong> Ungef\u00e4r 6000 t\u00e5g<\/li>\n<li><strong>Batterikapacitet:<\/strong> 650 mAh<\/li>\n<li><strong>Resistans:<\/strong> 1,0 Ohm Mesh-spole<\/li>\n<li><strong>Ladda:<\/strong> Typ-C-anslutning<\/li>\n<li><strong>Aktivering:<\/strong> Aktiverad vid drag<\/li>\n<\/ul>\n<h3>Smakval<\/h3>\n<ul>\n<li>Aloe-Druva<\/li>\n<li>Aperol Spritz-glass<\/li>\n<li>\u00c4ppelkaka<\/li>\n<li>Bj\u00f6rnb\u00e4rs-gummi<\/li>\n<li>B\u00e4r-Margarita<\/li>\n<li>Bl\u00e5 bj\u00f6rnb\u00e4r-rosa-limonad<\/li>\n<li>Blue Razz<\/li>\n<li>Blue Razz citronmuffins<\/li>\n<li>Bakade bl\u00e5b\u00e4rsdonuts<\/li>\n<li>Sm\u00f6rkola<\/li>\n<li>Kirseb\u00e4rskaka<\/li>\n<li>Klar<\/li>\n<li>Kr\u00e4miga karameller<\/li>\n<li>Fruktiga portugisiska puddingt\u00e5rtor<\/li>\n<li>Pepparkaksgubbe<\/li>\n<li>Citron-meringst\u00e5rta<\/li>\n<li>Mango-Colada-glass<\/li>\n<li>Marshmallow<\/li>\n<li>Mynta<\/li>\n<li>Apelsin-vattenmelon-ananas-glass<\/li>\n<li>Persika-mango-aprikos-glass<\/li>\n<li>Omv\u00e4nd Ananas-Kaka<\/li>\n<li>Regnb\u00e5gs-Godis<\/li>\n<li>Red Fuji-\u00c4pple-Is<\/li>\n<li>Jordgubbe<\/li>\n<li>Jordgubbs-Banan-Glass<\/li>\n<li>Jordgubbe-K\u00e4sekaka<\/li>\n<li>Jordgubbe-Druva<\/li>\n<li>Jordgubbe-P\u00e4ron-Yoghurt<\/li>\n<li>Triple B\u00e4r Kn\u00e4ck<\/li>\n<li>Vanilj Vaniljpudding<\/li>\n<li>Vattenmelonis<\/li>\n<li>Vattenmelon-Smoothie<\/li>\n<\/ul>\n<h3>Packlista<\/h3>\n<ul>\n<li>1 x HorizonTech Binaries 6000 Eng\u00e5ngsvape 6000 Drag<\/li>\n<\/ul>\n<h3>Sammanfattning<\/h3>\n<p>Den <strong>HorizonTech Binaries 6K Eng\u00e5ngsvape<\/strong> \u00e4r perfekt f\u00f6r vapers som s\u00f6ker en enkel och effektiv vaping-upplevelse. Med ett stort urval av smaker, h\u00f6g dragkapacitet och ett anv\u00e4ndarv\u00e4nligt design, erbjuder denna eng\u00e5ngsenhet allt du beh\u00f6ver f\u00f6r en behaglig vaping.<\/p>\n<\/div>\n<\/div>\n<\/div>\n<\/div>\n<\/div>\n<\/div>","protected":false},"excerpt":{"rendered":"<p>HorizonTech Binaries 6K Disposable Vape Produktbeschreibung Der HorizonTech Binaries 6K Disposable Vape ist das ideale Vaping-Kit f\u00fcr Menschen, die viel unterwegs sind. Es ist kompakt, leicht und einfach zu bedienen, was es perfekt f\u00fcr einen aktiven Lebensstil macht. Ausgestattet mit einem 650-mAh-Akku und einer gro\u00dfz\u00fcgigen 15-ml-E-Liquid-Kapazit\u00e4t, bietet dieses Ger\u00e4t bis zu 6000 Z\u00fcge, ohne dass [&hellip;]<\/p>","protected":false},"featured_media":12502,"template":"","meta":{"inline_featured_image":false},"product_cat":[78,754,745,742,748,744,755,738,751],"product_tag":[],"tiered_pricing_type":"fixed","tiered_pricing_fixed_rules":[],"tiered_pricing_percentage_rules":[],"tiered_pricing_minimum":1,"_administrator_tiered_pricing_type":"fixed","_administrator_tiered_pricing_fixed_rules":[],"_editor_tiered_pricing_type":"fixed","_editor_tiered_pricing_fixed_rules":[],"_author_tiered_pricing_type":"fixed","_author_tiered_pricing_fixed_rules":[],"_contributor_tiered_pricing_type":"fixed","_contributor_tiered_pricing_fixed_rules":[],"_subscriber_tiered_pricing_type":"fixed","_subscriber_tiered_pricing_fixed_rules":[],"_customer_tiered_pricing_type":"fixed","_customer_tiered_pricing_fixed_rules":[],"_shop_manager_tiered_pricing_type":"fixed","_shop_manager_tiered_pricing_fixed_rules":[],"_wpseo_manager_tiered_pricing_type":"fixed","_wpseo_manager_tiered_pricing_fixed_rules":[],"_wpseo_editor_tiered_pricing_type":"fixed","_wpseo_editor_tiered_pricing_fixed_rules":[],"_wholesale_customer_tiered_pricing_type":"fixed","_wholesale_customer_tiered_pricing_fixed_rules":[],"_marketer_tiered_pricing_type":"fixed","_marketer_tiered_pricing_fixed_rules":[],"_sales_manager_tiered_pricing_type":"fixed","_sales_manager_tiered_pricing_fixed_rules":[],"_sales_rep_tiered_pricing_type":"fixed","_sales_rep_tiered_pricing_fixed_rules":[],"yoast_head":"<!-- This site is optimized with the Yoast SEO plugin v23.3 - https:\/\/yoast.com\/wordpress\/plugins\/seo\/ -->\n<title>HorizonTech Binaries 6K Einweg-E-Zigarette 6000 Z\u00fcge | ElementVape.de<\/title>\n<meta name=\"description\" content=\"Wir bieten HorizonTech Binaries 6K Einweg-E-Zigarette 6000 Z\u00fcge , Elementvape.de akzeptieren Gro\u00df-und Einzelhandel Bestellungen.\" \/>\n<meta name=\"robots\" content=\"index, follow, max-snippet:-1, max-image-preview:large, max-video-preview:-1\" \/>\n<link rel=\"canonical\" href=\"https:\/\/www.elementvape.de\/sv\/produkt\/horizontech-binaries-6k-einweg-e-zigarette-6000-zuege\/\" \/>\n<meta property=\"og:locale\" content=\"sv_SE\" \/>\n<meta property=\"og:type\" content=\"article\" \/>\n<meta property=\"og:title\" content=\"HorizonTech Binaries 6K Einweg-E-Zigarette 6000 Z\u00fcge | ElementVape.de\" \/>\n<meta property=\"og:description\" content=\"Wir bieten HorizonTech Binaries 6K Einweg-E-Zigarette 6000 Z\u00fcge , Elementvape.de akzeptieren Gro\u00df-und Einzelhandel Bestellungen.\" \/>\n<meta property=\"og:url\" content=\"https:\/\/www.elementvape.de\/sv\/produkt\/horizontech-binaries-6k-einweg-e-zigarette-6000-zuege\/\" \/>\n<meta property=\"og:site_name\" content=\"ElementVape.de\" \/>\n<meta property=\"article:modified_time\" content=\"2024-09-12T10:35:56+00:00\" \/>\n<meta property=\"og:image\" content=\"https:\/\/www.elementvape.de\/wp-content\/uploads\/2024\/06\/HorizonBinaries6KDisposableVapeKit6000Puffs__1.webp\" \/>\n\t<meta property=\"og:image:width\" content=\"800\" \/>\n\t<meta property=\"og:image:height\" content=\"800\" \/>\n\t<meta property=\"og:image:type\" content=\"image\/webp\" \/>\n<meta name=\"twitter:card\" content=\"summary_large_image\" \/>\n<meta name=\"twitter:label1\" content=\"Est. reading time\" \/>\n\t<meta name=\"twitter:data1\" content=\"2 minuter\" \/>\n<script type=\"application\/ld+json\" class=\"yoast-schema-graph\">{\"@context\":\"https:\/\/schema.org\",\"@graph\":[{\"@type\":\"WebPage\",\"@id\":\"https:\/\/www.elementvape.de\/fi\/produkt\/horizontech-binaries-6k-einweg-e-zigarette-6000-zuege\/\",\"url\":\"https:\/\/www.elementvape.de\/fi\/produkt\/horizontech-binaries-6k-einweg-e-zigarette-6000-zuege\/\",\"name\":\"HorizonTech Binaries 6K Einweg-E-Zigarette 6000 Z\u00fcge | ElementVape.de\",\"isPartOf\":{\"@id\":\"https:\/\/www.elementvape.de\/#website\"},\"primaryImageOfPage\":{\"@id\":\"https:\/\/www.elementvape.de\/fi\/produkt\/horizontech-binaries-6k-einweg-e-zigarette-6000-zuege\/#primaryimage\"},\"image\":{\"@id\":\"https:\/\/www.elementvape.de\/fi\/produkt\/horizontech-binaries-6k-einweg-e-zigarette-6000-zuege\/#primaryimage\"},\"thumbnailUrl\":\"https:\/\/www.elementvape.de\/wp-content\/uploads\/2024\/06\/HorizonBinaries6KDisposableVapeKit6000Puffs__1.webp\",\"datePublished\":\"2024-06-18T09:42:37+00:00\",\"dateModified\":\"2024-09-12T10:35:56+00:00\",\"description\":\"Wir bieten HorizonTech Binaries 6K Einweg-E-Zigarette 6000 Z\u00fcge , Elementvape.de akzeptieren Gro\u00df-und Einzelhandel Bestellungen.\",\"breadcrumb\":{\"@id\":\"https:\/\/www.elementvape.de\/fi\/produkt\/horizontech-binaries-6k-einweg-e-zigarette-6000-zuege\/#breadcrumb\"},\"inLanguage\":\"sv-SE\",\"potentialAction\":[{\"@type\":\"ReadAction\",\"target\":[\"https:\/\/www.elementvape.de\/fi\/produkt\/horizontech-binaries-6k-einweg-e-zigarette-6000-zuege\/\"]}]},{\"@type\":\"ImageObject\",\"inLanguage\":\"sv-SE\",\"@id\":\"https:\/\/www.elementvape.de\/fi\/produkt\/horizontech-binaries-6k-einweg-e-zigarette-6000-zuege\/#primaryimage\",\"url\":\"https:\/\/www.elementvape.de\/wp-content\/uploads\/2024\/06\/HorizonBinaries6KDisposableVapeKit6000Puffs__1.webp\",\"contentUrl\":\"https:\/\/www.elementvape.de\/wp-content\/uploads\/2024\/06\/HorizonBinaries6KDisposableVapeKit6000Puffs__1.webp\",\"width\":800,\"height\":800,\"caption\":\"HorizonBinaries6KDisposableVapeKit6000Puffs__1\"},{\"@type\":\"BreadcrumbList\",\"@id\":\"https:\/\/www.elementvape.de\/fi\/produkt\/horizontech-binaries-6k-einweg-e-zigarette-6000-zuege\/#breadcrumb\",\"itemListElement\":[{\"@type\":\"ListItem\",\"position\":1,\"name\":\"Home\",\"item\":\"https:\/\/www.elementvape.de\/\"},{\"@type\":\"ListItem\",\"position\":2,\"name\":\"Shop\",\"item\":\"https:\/\/www.elementvape.de\/shop\/\"},{\"@type\":\"ListItem\",\"position\":3,\"name\":\"HorizonTech Binaries 6K Einweg-E-Zigarette 6000 Z\u00fcge\"}]},{\"@type\":\"WebSite\",\"@id\":\"https:\/\/www.elementvape.de\/#website\",\"url\":\"https:\/\/www.elementvape.de\/\",\"name\":\"ElementVape.de\",\"description\":\"\",\"publisher\":{\"@id\":\"https:\/\/www.elementvape.de\/#organization\"},\"potentialAction\":[{\"@type\":\"SearchAction\",\"target\":{\"@type\":\"EntryPoint\",\"urlTemplate\":\"https:\/\/www.elementvape.de\/?s={search_term_string}\"},\"query-input\":\"required name=search_term_string\"}],\"inLanguage\":\"sv-SE\"},{\"@type\":\"Organization\",\"@id\":\"https:\/\/www.elementvape.de\/#organization\",\"name\":\"ElementVape.DE\",\"url\":\"https:\/\/www.elementvape.de\/\",\"logo\":{\"@type\":\"ImageObject\",\"inLanguage\":\"sv-SE\",\"@id\":\"https:\/\/www.elementvape.de\/#\/schema\/logo\/image\/\",\"url\":\"https:\/\/www.elementvape.de\/wp-content\/uploads\/2024\/09\/cropped-1elementvape-3.png\",\"contentUrl\":\"https:\/\/www.elementvape.de\/wp-content\/uploads\/2024\/09\/cropped-1elementvape-3.png\",\"width\":285,\"height\":228,\"caption\":\"ElementVape.DE\"},\"image\":{\"@id\":\"https:\/\/www.elementvape.de\/#\/schema\/logo\/image\/\"}}]}<\/script>\n<!-- \/ Yoast SEO plugin. -->","yoast_head_json":{"title":"HorizonTech Binaries 6K Einweg-E-Zigarette 6000 Z\u00fcge | ElementVape.de","description":"Wir bieten HorizonTech Binaries 6K Einweg-E-Zigarette 6000 Z\u00fcge , Elementvape.de akzeptieren Gro\u00df-und Einzelhandel Bestellungen.","robots":{"index":"index","follow":"follow","max-snippet":"max-snippet:-1","max-image-preview":"max-image-preview:large","max-video-preview":"max-video-preview:-1"},"canonical":"https:\/\/www.elementvape.de\/sv\/produkt\/horizontech-binaries-6k-einweg-e-zigarette-6000-zuege\/","og_locale":"sv_SE","og_type":"article","og_title":"HorizonTech Binaries 6K Einweg-E-Zigarette 6000 Z\u00fcge | ElementVape.de","og_description":"Wir bieten HorizonTech Binaries 6K Einweg-E-Zigarette 6000 Z\u00fcge , Elementvape.de akzeptieren Gro\u00df-und Einzelhandel Bestellungen.","og_url":"https:\/\/www.elementvape.de\/sv\/produkt\/horizontech-binaries-6k-einweg-e-zigarette-6000-zuege\/","og_site_name":"ElementVape.de","article_modified_time":"2024-09-12T10:35:56+00:00","og_image":[{"width":800,"height":800,"url":"https:\/\/www.elementvape.de\/wp-content\/uploads\/2024\/06\/HorizonBinaries6KDisposableVapeKit6000Puffs__1.webp","type":"image\/webp"}],"twitter_card":"summary_large_image","twitter_misc":{"Est. reading time":"2 minuter"},"schema":{"@context":"https:\/\/schema.org","@graph":[{"@type":"WebPage","@id":"https:\/\/www.elementvape.de\/fi\/produkt\/horizontech-binaries-6k-einweg-e-zigarette-6000-zuege\/","url":"https:\/\/www.elementvape.de\/fi\/produkt\/horizontech-binaries-6k-einweg-e-zigarette-6000-zuege\/","name":"HorizonTech Binaries 6K Einweg-E-Zigarette 6000 Z\u00fcge | ElementVape.de","isPartOf":{"@id":"https:\/\/www.elementvape.de\/#website"},"primaryImageOfPage":{"@id":"https:\/\/www.elementvape.de\/fi\/produkt\/horizontech-binaries-6k-einweg-e-zigarette-6000-zuege\/#primaryimage"},"image":{"@id":"https:\/\/www.elementvape.de\/fi\/produkt\/horizontech-binaries-6k-einweg-e-zigarette-6000-zuege\/#primaryimage"},"thumbnailUrl":"https:\/\/www.elementvape.de\/wp-content\/uploads\/2024\/06\/HorizonBinaries6KDisposableVapeKit6000Puffs__1.webp","datePublished":"2024-06-18T09:42:37+00:00","dateModified":"2024-09-12T10:35:56+00:00","description":"Wir bieten HorizonTech Binaries 6K Einweg-E-Zigarette 6000 Z\u00fcge , Elementvape.de akzeptieren Gro\u00df-und Einzelhandel Bestellungen.","breadcrumb":{"@id":"https:\/\/www.elementvape.de\/fi\/produkt\/horizontech-binaries-6k-einweg-e-zigarette-6000-zuege\/#breadcrumb"},"inLanguage":"sv-SE","potentialAction":[{"@type":"ReadAction","target":["https:\/\/www.elementvape.de\/fi\/produkt\/horizontech-binaries-6k-einweg-e-zigarette-6000-zuege\/"]}]},{"@type":"ImageObject","inLanguage":"sv-SE","@id":"https:\/\/www.elementvape.de\/fi\/produkt\/horizontech-binaries-6k-einweg-e-zigarette-6000-zuege\/#primaryimage","url":"https:\/\/www.elementvape.de\/wp-content\/uploads\/2024\/06\/HorizonBinaries6KDisposableVapeKit6000Puffs__1.webp","contentUrl":"https:\/\/www.elementvape.de\/wp-content\/uploads\/2024\/06\/HorizonBinaries6KDisposableVapeKit6000Puffs__1.webp","width":800,"height":800,"caption":"HorizonBinaries6KDisposableVapeKit6000Puffs__1"},{"@type":"BreadcrumbList","@id":"https:\/\/www.elementvape.de\/fi\/produkt\/horizontech-binaries-6k-einweg-e-zigarette-6000-zuege\/#breadcrumb","itemListElement":[{"@type":"ListItem","position":1,"name":"Home","item":"https:\/\/www.elementvape.de\/"},{"@type":"ListItem","position":2,"name":"Shop","item":"https:\/\/www.elementvape.de\/shop\/"},{"@type":"ListItem","position":3,"name":"HorizonTech Binaries 6K Einweg-E-Zigarette 6000 Z\u00fcge"}]},{"@type":"WebSite","@id":"https:\/\/www.elementvape.de\/#website","url":"https:\/\/www.elementvape.de\/","name":"ElementVape.de","description":"","publisher":{"@id":"https:\/\/www.elementvape.de\/#organization"},"potentialAction":[{"@type":"SearchAction","target":{"@type":"EntryPoint","urlTemplate":"https:\/\/www.elementvape.de\/?s={search_term_string}"},"query-input":"required name=search_term_string"}],"inLanguage":"sv-SE"},{"@type":"Organization","@id":"https:\/\/www.elementvape.de\/#organization","name":"ElementVape.DE","url":"https:\/\/www.elementvape.de\/","logo":{"@type":"ImageObject","inLanguage":"sv-SE","@id":"https:\/\/www.elementvape.de\/#\/schema\/logo\/image\/","url":"https:\/\/www.elementvape.de\/wp-content\/uploads\/2024\/09\/cropped-1elementvape-3.png","contentUrl":"https:\/\/www.elementvape.de\/wp-content\/uploads\/2024\/09\/cropped-1elementvape-3.png","width":285,"height":228,"caption":"ElementVape.DE"},"image":{"@id":"https:\/\/www.elementvape.de\/#\/schema\/logo\/image\/"}}]}},"_links":{"self":[{"href":"https:\/\/www.elementvape.de\/sv\/wp-json\/wp\/v2\/product\/12501"}],"collection":[{"href":"https:\/\/www.elementvape.de\/sv\/wp-json\/wp\/v2\/product"}],"about":[{"href":"https:\/\/www.elementvape.de\/sv\/wp-json\/wp\/v2\/types\/product"}],"wp:featuredmedia":[{"embeddable":true,"href":"https:\/\/www.elementvape.de\/sv\/wp-json\/wp\/v2\/media\/12502"}],"wp:attachment":[{"href":"https:\/\/www.elementvape.de\/sv\/wp-json\/wp\/v2\/media?parent=12501"}],"wp:term":[{"taxonomy":"product_cat","embeddable":true,"href":"https:\/\/www.elementvape.de\/sv\/wp-json\/wp\/v2\/product_cat?post=12501"},{"taxonomy":"product_tag","embeddable":true,"href":"https:\/\/www.elementvape.de\/sv\/wp-json\/wp\/v2\/product_tag?post=12501"}],"curies":[{"name":"wp","href":"https:\/\/api.w.org\/{rel}","templated":true}]}}