{"id":12362,"date":"2024-06-18T03:49:30","date_gmt":"2024-06-18T03:49:30","guid":{"rendered":"https:\/\/www.elementvape.de\/?post_type=product&#038;p=12362"},"modified":"2024-09-12T10:36:01","modified_gmt":"2024-09-12T10:36:01","slug":"voopoo-vmate-max-pod-system-kit-1200mah-3ml","status":"publish","type":"product","link":"https:\/\/www.elementvape.de\/sv\/produkt\/voopoo-vmate-max-pod-system-kit-1200mah-3ml\/","title":{"rendered":"VOOPOO Vmate Max Pod-systemset 1200mAh 3ml"},"content":{"rendered":"<h2>VOOPOO VMATE MAX Vape-Produktbeskrivning<\/h2>\n<p>VOOPOO VMATE MAX \u00e4r ett flaggskepps-POD-system som imponerar med sin l\u00e5nga livsl\u00e4ngd p\u00e5 90 ml och en ny Hidden Horizon-sk\u00e4rm. Denna sk\u00e4rm ger en diskret estetik och s\u00e4kerst\u00e4ller ett rent, elegant utseende. Med den nya \"3X\"-uppgraderade VMATE Top-Fill-kassetten erbjuder enheten utm\u00e4rkt h\u00e5llbarhet, l\u00e4ckageskydd och smak. Den \u00e4r designad f\u00f6r kassetten med det l\u00e4gsta motst\u00e5ndet p\u00e5 0,4 ohm (endast f\u00f6r Vmate Max <strong><a href=\"https:\/\/www.elementvape.de\/sv\/c\/pod\/\">Pod<\/a><\/strong> l\u00e4mplig) och en maximal effekt p\u00e5 30 W f\u00f6r att ge t\u00e4t \u00e5nga och en mjuk RDL-upplevelse. Det inbyggda 1200 mAh-batteriet st\u00f6der upp till 3 dagars vaping och erbjuder en stabil och l\u00e5ngvarig vapingupplevelse. Tack vare snabbladdning med 5 V\/2 A h\u00f6r batteribekymmer till det f\u00f6rflutna.<\/p>\n<h3>Funktioner<\/h3>\n<ol>\n<li>Inbyggt 1200mAh batteri<\/li>\n<li>3ml E-juice Kapacitet<\/li>\n<li>Typ-C-Snabbladdning<\/li>\n<li>Toppfyllningssystem<\/li>\n<li>Maximal uteffekt p\u00e5 30 W<\/li>\n<li>Interaktiv sk\u00e4rm och lampor<\/li>\n<li>Justerbart luftfl\u00f6de<\/li>\n<\/ol>\n<h3>Fysiska parametrar<\/h3>\n<ul>\n<li><strong>Varum\u00e4rke:<\/strong> VOOPOO<\/li>\n<li><strong>Storlek:<\/strong> 103 x 29 x 18,7 mm<\/li>\n<li><strong>E-Liquid Kapacitet:<\/strong> 3 ml \/ 2 ml (TPD)<\/li>\n<li><strong>Wattomr\u00e5de:<\/strong> 5-30 W justerbar<\/li>\n<li><strong>Rekommenderad E-juice:<\/strong> \u226450 mg (Freebase \/ Nikotinsalt)<\/li>\n<li><strong>E-juice-fyllning:<\/strong> Toppladdning<\/li>\n<li><strong>Kompatibilitet:<\/strong> Alla VMATE-kartuschen<\/li>\n<li><strong>Batterikapacitet:<\/strong> 1200 mAh<\/li>\n<li><strong>Utg\u00e5ngssp\u00e4nning:<\/strong> 3,2-4,2 V<\/li>\n<li><strong>Motst\u00e5ndsomr\u00e5de:<\/strong> 0,4-3,0 Ohm<\/li>\n<li><strong>Ladda:<\/strong> Typ-C 5 V \/ 2 A<\/li>\n<li><strong>Luftfl\u00f6de:<\/strong> Stegl\u00f6st luftfl\u00f6de<\/li>\n<li><strong>Sk\u00e4rm:<\/strong> Dolt Horizon-sk\u00e4rm + Dubbla 256-f\u00e4rgs LED-ljusslinga<\/li>\n<li><strong>\u00d6vervakningsfunktion f\u00f6r r\u00f6kning: Nej<\/strong> Zinklegering<\/li>\n<\/ul>\n<h3>Inneh\u00e5ll<\/h3>\n<ul>\n<li>1 x VMATE MAX-enhet<\/li>\n<li>1 x VMATE Top Fill-kartusch 0,4 Ohm (3 ml)<\/li>\n<li>1 x VMATE Top Fill-kartusch 0,7 Ohm (3 ml)<\/li>\n<li>1 x Typ-C-kabel<\/li>\n<li>1 x Anv\u00e4ndarmanual<\/li>\n<\/ul>\n<h3>Funktionbeskrivning<\/h3>\n<ul>\n<li><strong>Sl\u00e5 p\u00e5 enheten:<\/strong> Tryck 5 g\u00e5nger i rad p\u00e5 knappen.<\/li>\n<li><strong>Aktivering:<\/strong> Automatisk dragning, aktiveras vid dragning av POD.<\/li>\n<li><strong>Sk\u00e4rm P\u00c5\/AV:<\/strong> Tryck kort p\u00e5 br\u00e4nnpinnen 2 g\u00e5nger i rad.<\/li>\n<li><strong>Reglera effekt:<\/strong> Tryck 3 g\u00e5nger i rad p\u00e5 knappen.<\/li>\n<li><strong>\u00d6ppna meny:<\/strong> Tryck 5 g\u00e5nger i rad p\u00e5 knappen, kort tryck f\u00f6r att v\u00e4lja, l\u00e5ng tryck f\u00f6r att bekr\u00e4fta.<\/li>\n<\/ul>\n<h4>Menyval:<\/h4>\n<ol>\n<li>Rensa puff<\/li>\n<li>V\u00e4xla mellan 2 utg\u00e5ngsmodi: Shift-l\u00e4ge\/Power-l\u00e4ge\n<ul>\n<li><strong>Shift-l\u00e4ge:<\/strong> Erbjuder 3 utg\u00e5ngsalternativ (SPT, NOR, ECO)<\/li>\n<li><strong>Power-l\u00e4ge:<\/strong> Manuell justering av utg\u00e5ngseffekt (max. 30 W)<\/li>\n<\/ul>\n<\/li>\n<li>St\u00e4ng av apparaten<\/li>\n<li>L\u00e4mna menyns gr\u00e4nssnitt<\/li>\n<\/ol>\n<h3>Varningsmeddelanden<\/h3>\n<ul>\n<li><strong>Pod-l\u00e4ckage:<\/strong> Vid flygresor kan E-v\u00e4tska l\u00e4cka vid h\u00f6gt tryck. F\u00f6rvara pods separat fr\u00e5n viktiga f\u00f6rem\u00e5l.<\/li>\n<li><strong>Hantera kondens:<\/strong> L\u00e4tt v\u00e4tskekondensation kan uppst\u00e5 vid temperaturdifferenser. Ta ut podden och skaka den ned\u00e5t f\u00f6r att ta bort kondens.<\/li>\n<\/ul>\n<p>Den <strong>VOOPOO VMATE MAX<\/strong> erbjuder en h\u00f6gkvalitativ och anpassningsbar \u00e5ngupplevelse, perfekt f\u00f6r anv\u00e4ndare som v\u00e4rdes\u00e4tter h\u00e5llbarhet och prestanda.<\/p>","protected":false},"excerpt":{"rendered":"<p>VOOPOO VMATE MAX Vape-Produktbeschreibung Der VOOPOO VMATE MAX ist ein Flaggschiff-POD-System, das mit seiner langen Lebensdauer von 90 ml und einem neuen Hidden Horizon-Bildschirm \u00fcberzeugt. Dieser Bildschirm bringt eine dezente \u00c4sthetik und sorgt f\u00fcr ein sauberes, elegantes Erscheinungsbild. Mit der neuen \u201e3X\u201c-Upgrade-VMATE-Top-Fill-Kartusche bietet das Ger\u00e4t hervorragende Langlebigkeit, Auslaufschutz und Geschmack. Es ist f\u00fcr die Kartusche [&hellip;]<\/p>","protected":false},"featured_media":12370,"template":"","meta":{"inline_featured_image":false},"product_cat":[754,745,742,748,744,755,738,751,76],"product_tag":[],"tiered_pricing_type":"fixed","tiered_pricing_fixed_rules":[],"tiered_pricing_percentage_rules":[],"tiered_pricing_minimum":1,"_administrator_tiered_pricing_type":"fixed","_administrator_tiered_pricing_fixed_rules":[],"_editor_tiered_pricing_type":"fixed","_editor_tiered_pricing_fixed_rules":[],"_author_tiered_pricing_type":"fixed","_author_tiered_pricing_fixed_rules":[],"_contributor_tiered_pricing_type":"fixed","_contributor_tiered_pricing_fixed_rules":[],"_subscriber_tiered_pricing_type":"fixed","_subscriber_tiered_pricing_fixed_rules":[],"_customer_tiered_pricing_type":"fixed","_customer_tiered_pricing_fixed_rules":[],"_shop_manager_tiered_pricing_type":"fixed","_shop_manager_tiered_pricing_fixed_rules":[],"_wpseo_manager_tiered_pricing_type":"fixed","_wpseo_manager_tiered_pricing_fixed_rules":[],"_wpseo_editor_tiered_pricing_type":"fixed","_wpseo_editor_tiered_pricing_fixed_rules":[],"_wholesale_customer_tiered_pricing_type":"fixed","_wholesale_customer_tiered_pricing_fixed_rules":[],"_marketer_tiered_pricing_type":"fixed","_marketer_tiered_pricing_fixed_rules":[],"_sales_manager_tiered_pricing_type":"fixed","_sales_manager_tiered_pricing_fixed_rules":[],"_sales_rep_tiered_pricing_type":"fixed","_sales_rep_tiered_pricing_fixed_rules":[],"yoast_head":"<!-- This site is optimized with the Yoast SEO plugin v23.3 - https:\/\/yoast.com\/wordpress\/plugins\/seo\/ -->\n<title>VOOPOO Vmate Max Pod System Kit 1200mAh 3ml | ElementVape.de<\/title>\n<meta name=\"description\" content=\"Wir bieten VOOPOO Vmate Max Pod System Kit 1200mAh 3ml , Elementvape.de akzeptieren Gro\u00df-und Einzelhandel Bestellungen.\" \/>\n<meta name=\"robots\" content=\"index, follow, max-snippet:-1, max-image-preview:large, max-video-preview:-1\" \/>\n<link rel=\"canonical\" href=\"https:\/\/www.elementvape.de\/sv\/produkt\/voopoo-vmate-max-pod-system-kit-1200mah-3ml\/\" \/>\n<meta property=\"og:locale\" content=\"sv_SE\" \/>\n<meta property=\"og:type\" content=\"article\" \/>\n<meta property=\"og:title\" content=\"VOOPOO Vmate Max Pod System Kit 1200mAh 3ml | ElementVape.de\" \/>\n<meta property=\"og:description\" content=\"Wir bieten VOOPOO Vmate Max Pod System Kit 1200mAh 3ml , Elementvape.de akzeptieren Gro\u00df-und Einzelhandel Bestellungen.\" \/>\n<meta property=\"og:url\" content=\"https:\/\/www.elementvape.de\/sv\/produkt\/voopoo-vmate-max-pod-system-kit-1200mah-3ml\/\" \/>\n<meta property=\"og:site_name\" content=\"ElementVape.de\" \/>\n<meta property=\"article:modified_time\" content=\"2024-09-12T10:36:01+00:00\" \/>\n<meta property=\"og:image\" content=\"https:\/\/www.elementvape.de\/wp-content\/uploads\/2024\/06\/voopoo-vmate-max-pod-1.webp\" \/>\n\t<meta property=\"og:image:width\" content=\"800\" \/>\n\t<meta property=\"og:image:height\" content=\"800\" \/>\n\t<meta property=\"og:image:type\" content=\"image\/webp\" \/>\n<meta name=\"twitter:card\" content=\"summary_large_image\" \/>\n<meta name=\"twitter:label1\" content=\"Est. reading time\" \/>\n\t<meta name=\"twitter:data1\" content=\"3 minuter\" \/>\n<script type=\"application\/ld+json\" class=\"yoast-schema-graph\">{\"@context\":\"https:\/\/schema.org\",\"@graph\":[{\"@type\":\"WebPage\",\"@id\":\"https:\/\/www.elementvape.de\/en\/produkt\/voopoo-vmate-max-pod-system-kit-1200mah-3ml\/\",\"url\":\"https:\/\/www.elementvape.de\/en\/produkt\/voopoo-vmate-max-pod-system-kit-1200mah-3ml\/\",\"name\":\"VOOPOO Vmate Max Pod System Kit 1200mAh 3ml | ElementVape.de\",\"isPartOf\":{\"@id\":\"https:\/\/www.elementvape.de\/#website\"},\"primaryImageOfPage\":{\"@id\":\"https:\/\/www.elementvape.de\/en\/produkt\/voopoo-vmate-max-pod-system-kit-1200mah-3ml\/#primaryimage\"},\"image\":{\"@id\":\"https:\/\/www.elementvape.de\/en\/produkt\/voopoo-vmate-max-pod-system-kit-1200mah-3ml\/#primaryimage\"},\"thumbnailUrl\":\"https:\/\/www.elementvape.de\/wp-content\/uploads\/2024\/06\/voopoo-vmate-max-pod-1.webp\",\"datePublished\":\"2024-06-18T03:49:30+00:00\",\"dateModified\":\"2024-09-12T10:36:01+00:00\",\"description\":\"Wir bieten VOOPOO Vmate Max Pod System Kit 1200mAh 3ml , Elementvape.de akzeptieren Gro\u00df-und Einzelhandel Bestellungen.\",\"breadcrumb\":{\"@id\":\"https:\/\/www.elementvape.de\/en\/produkt\/voopoo-vmate-max-pod-system-kit-1200mah-3ml\/#breadcrumb\"},\"inLanguage\":\"sv-SE\",\"potentialAction\":[{\"@type\":\"ReadAction\",\"target\":[\"https:\/\/www.elementvape.de\/en\/produkt\/voopoo-vmate-max-pod-system-kit-1200mah-3ml\/\"]}]},{\"@type\":\"ImageObject\",\"inLanguage\":\"sv-SE\",\"@id\":\"https:\/\/www.elementvape.de\/en\/produkt\/voopoo-vmate-max-pod-system-kit-1200mah-3ml\/#primaryimage\",\"url\":\"https:\/\/www.elementvape.de\/wp-content\/uploads\/2024\/06\/voopoo-vmate-max-pod-1.webp\",\"contentUrl\":\"https:\/\/www.elementvape.de\/wp-content\/uploads\/2024\/06\/voopoo-vmate-max-pod-1.webp\",\"width\":800,\"height\":800,\"caption\":\"voopoo-vmate-max-pod-1\"},{\"@type\":\"BreadcrumbList\",\"@id\":\"https:\/\/www.elementvape.de\/en\/produkt\/voopoo-vmate-max-pod-system-kit-1200mah-3ml\/#breadcrumb\",\"itemListElement\":[{\"@type\":\"ListItem\",\"position\":1,\"name\":\"Home\",\"item\":\"https:\/\/www.elementvape.de\/\"},{\"@type\":\"ListItem\",\"position\":2,\"name\":\"Shop\",\"item\":\"https:\/\/www.elementvape.de\/shop\/\"},{\"@type\":\"ListItem\",\"position\":3,\"name\":\"VOOPOO Vmate Max Pod System Kit 1200mAh 3ml\"}]},{\"@type\":\"WebSite\",\"@id\":\"https:\/\/www.elementvape.de\/#website\",\"url\":\"https:\/\/www.elementvape.de\/\",\"name\":\"ElementVape.de\",\"description\":\"\",\"publisher\":{\"@id\":\"https:\/\/www.elementvape.de\/#organization\"},\"potentialAction\":[{\"@type\":\"SearchAction\",\"target\":{\"@type\":\"EntryPoint\",\"urlTemplate\":\"https:\/\/www.elementvape.de\/?s={search_term_string}\"},\"query-input\":\"required name=search_term_string\"}],\"inLanguage\":\"sv-SE\"},{\"@type\":\"Organization\",\"@id\":\"https:\/\/www.elementvape.de\/#organization\",\"name\":\"ElementVape.DE\",\"url\":\"https:\/\/www.elementvape.de\/\",\"logo\":{\"@type\":\"ImageObject\",\"inLanguage\":\"sv-SE\",\"@id\":\"https:\/\/www.elementvape.de\/#\/schema\/logo\/image\/\",\"url\":\"https:\/\/www.elementvape.de\/wp-content\/uploads\/2024\/09\/cropped-1elementvape-3.png\",\"contentUrl\":\"https:\/\/www.elementvape.de\/wp-content\/uploads\/2024\/09\/cropped-1elementvape-3.png\",\"width\":285,\"height\":228,\"caption\":\"ElementVape.DE\"},\"image\":{\"@id\":\"https:\/\/www.elementvape.de\/#\/schema\/logo\/image\/\"}}]}<\/script>\n<!-- \/ Yoast SEO plugin. -->","yoast_head_json":{"title":"VOOPOO Vmate Max Pod System Kit 1200mAh 3ml | ElementVape.de","description":"Wir bieten VOOPOO Vmate Max Pod System Kit 1200mAh 3ml , Elementvape.de akzeptieren Gro\u00df-und Einzelhandel Bestellungen.","robots":{"index":"index","follow":"follow","max-snippet":"max-snippet:-1","max-image-preview":"max-image-preview:large","max-video-preview":"max-video-preview:-1"},"canonical":"https:\/\/www.elementvape.de\/sv\/produkt\/voopoo-vmate-max-pod-system-kit-1200mah-3ml\/","og_locale":"sv_SE","og_type":"article","og_title":"VOOPOO Vmate Max Pod System Kit 1200mAh 3ml | ElementVape.de","og_description":"Wir bieten VOOPOO Vmate Max Pod System Kit 1200mAh 3ml , Elementvape.de akzeptieren Gro\u00df-und Einzelhandel Bestellungen.","og_url":"https:\/\/www.elementvape.de\/sv\/produkt\/voopoo-vmate-max-pod-system-kit-1200mah-3ml\/","og_site_name":"ElementVape.de","article_modified_time":"2024-09-12T10:36:01+00:00","og_image":[{"width":800,"height":800,"url":"https:\/\/www.elementvape.de\/wp-content\/uploads\/2024\/06\/voopoo-vmate-max-pod-1.webp","type":"image\/webp"}],"twitter_card":"summary_large_image","twitter_misc":{"Est. reading time":"3 minuter"},"schema":{"@context":"https:\/\/schema.org","@graph":[{"@type":"WebPage","@id":"https:\/\/www.elementvape.de\/en\/produkt\/voopoo-vmate-max-pod-system-kit-1200mah-3ml\/","url":"https:\/\/www.elementvape.de\/en\/produkt\/voopoo-vmate-max-pod-system-kit-1200mah-3ml\/","name":"VOOPOO Vmate Max Pod System Kit 1200mAh 3ml | ElementVape.de","isPartOf":{"@id":"https:\/\/www.elementvape.de\/#website"},"primaryImageOfPage":{"@id":"https:\/\/www.elementvape.de\/en\/produkt\/voopoo-vmate-max-pod-system-kit-1200mah-3ml\/#primaryimage"},"image":{"@id":"https:\/\/www.elementvape.de\/en\/produkt\/voopoo-vmate-max-pod-system-kit-1200mah-3ml\/#primaryimage"},"thumbnailUrl":"https:\/\/www.elementvape.de\/wp-content\/uploads\/2024\/06\/voopoo-vmate-max-pod-1.webp","datePublished":"2024-06-18T03:49:30+00:00","dateModified":"2024-09-12T10:36:01+00:00","description":"Wir bieten VOOPOO Vmate Max Pod System Kit 1200mAh 3ml , Elementvape.de akzeptieren Gro\u00df-und Einzelhandel Bestellungen.","breadcrumb":{"@id":"https:\/\/www.elementvape.de\/en\/produkt\/voopoo-vmate-max-pod-system-kit-1200mah-3ml\/#breadcrumb"},"inLanguage":"sv-SE","potentialAction":[{"@type":"ReadAction","target":["https:\/\/www.elementvape.de\/en\/produkt\/voopoo-vmate-max-pod-system-kit-1200mah-3ml\/"]}]},{"@type":"ImageObject","inLanguage":"sv-SE","@id":"https:\/\/www.elementvape.de\/en\/produkt\/voopoo-vmate-max-pod-system-kit-1200mah-3ml\/#primaryimage","url":"https:\/\/www.elementvape.de\/wp-content\/uploads\/2024\/06\/voopoo-vmate-max-pod-1.webp","contentUrl":"https:\/\/www.elementvape.de\/wp-content\/uploads\/2024\/06\/voopoo-vmate-max-pod-1.webp","width":800,"height":800,"caption":"voopoo-vmate-max-pod-1"},{"@type":"BreadcrumbList","@id":"https:\/\/www.elementvape.de\/en\/produkt\/voopoo-vmate-max-pod-system-kit-1200mah-3ml\/#breadcrumb","itemListElement":[{"@type":"ListItem","position":1,"name":"Home","item":"https:\/\/www.elementvape.de\/"},{"@type":"ListItem","position":2,"name":"Shop","item":"https:\/\/www.elementvape.de\/shop\/"},{"@type":"ListItem","position":3,"name":"VOOPOO Vmate Max Pod System Kit 1200mAh 3ml"}]},{"@type":"WebSite","@id":"https:\/\/www.elementvape.de\/#website","url":"https:\/\/www.elementvape.de\/","name":"ElementVape.de","description":"","publisher":{"@id":"https:\/\/www.elementvape.de\/#organization"},"potentialAction":[{"@type":"SearchAction","target":{"@type":"EntryPoint","urlTemplate":"https:\/\/www.elementvape.de\/?s={search_term_string}"},"query-input":"required name=search_term_string"}],"inLanguage":"sv-SE"},{"@type":"Organization","@id":"https:\/\/www.elementvape.de\/#organization","name":"ElementVape.DE","url":"https:\/\/www.elementvape.de\/","logo":{"@type":"ImageObject","inLanguage":"sv-SE","@id":"https:\/\/www.elementvape.de\/#\/schema\/logo\/image\/","url":"https:\/\/www.elementvape.de\/wp-content\/uploads\/2024\/09\/cropped-1elementvape-3.png","contentUrl":"https:\/\/www.elementvape.de\/wp-content\/uploads\/2024\/09\/cropped-1elementvape-3.png","width":285,"height":228,"caption":"ElementVape.DE"},"image":{"@id":"https:\/\/www.elementvape.de\/#\/schema\/logo\/image\/"}}]}},"_links":{"self":[{"href":"https:\/\/www.elementvape.de\/sv\/wp-json\/wp\/v2\/product\/12362"}],"collection":[{"href":"https:\/\/www.elementvape.de\/sv\/wp-json\/wp\/v2\/product"}],"about":[{"href":"https:\/\/www.elementvape.de\/sv\/wp-json\/wp\/v2\/types\/product"}],"wp:featuredmedia":[{"embeddable":true,"href":"https:\/\/www.elementvape.de\/sv\/wp-json\/wp\/v2\/media\/12370"}],"wp:attachment":[{"href":"https:\/\/www.elementvape.de\/sv\/wp-json\/wp\/v2\/media?parent=12362"}],"wp:term":[{"taxonomy":"product_cat","embeddable":true,"href":"https:\/\/www.elementvape.de\/sv\/wp-json\/wp\/v2\/product_cat?post=12362"},{"taxonomy":"product_tag","embeddable":true,"href":"https:\/\/www.elementvape.de\/sv\/wp-json\/wp\/v2\/product_tag?post=12362"}],"curies":[{"name":"wp","href":"https:\/\/api.w.org\/{rel}","templated":true}]}}