{"id":12117,"date":"2024-06-11T07:50:48","date_gmt":"2024-06-11T07:50:48","guid":{"rendered":"https:\/\/www.elementvape.de\/?post_type=product&#038;p=12117"},"modified":"2024-09-12T10:36:09","modified_gmt":"2024-09-12T10:36:09","slug":"ijoy-bar-ic8000-elektronische-einweg-zigarette-mit-8000-zuegen","status":"publish","type":"product","link":"https:\/\/www.elementvape.de\/sv\/produkt\/ijoy-bar-ic8000-elektronische-einweg-zigarette-mit-8000-zuegen\/","title":{"rendered":"iJoy Bar IC8000 elektronisk eng\u00e5ngs-cigaret med 8000 drag"},"content":{"rendered":"<h2>iJoy Bar IC8000 eng\u00e5ngs-vape-enhet:<\/h2>\n<h4>Produktbeskrivning:<\/h4>\n<p>iJoy Bar IC8000 \u00e4r en innovativ eng\u00e5ngs-vape-enhet som \u00e4r speciellt utvecklad f\u00f6r att erbjuda upp till 8000 drag. Denna enhet k\u00e4nnetecknas av en kompakt design och en 0,58-tums sk\u00e4rm som visar kvarvarande juice och batteritid. Med ett inbyggt 650-mAh batteri och en utg\u00e5ngseffekt p\u00e5 11 W ger den en stabil och l\u00e5ngvarig \u00e5ngproduktion. Enheten st\u00f6der Typ-C-laddning och \u00e4r utrustad med en avancerad 1,1-\u03a9 n\u00e4tspole som ger en ren och intensiv smak. Det finns 15 olika smaker att v\u00e4lja mellan, s\u00e5 att det finns n\u00e5got f\u00f6r varje smak.<\/p>\n<h4>Funktioner:<\/h4>\n<ul>\n<li><strong>F\u00f6rfylld E-v\u00e4tska:<\/strong> 18 ml<\/li>\n<li><strong>Laddningsanslutning:<\/strong> Typ C<\/li>\n<li><strong>Batterikapacitet:<\/strong> Inbyggt uppladdningsbart batteri p\u00e5 650 mAh<\/li>\n<li><strong>Spole:<\/strong> Ny 1,1-\u03a9 n\u00e4tspole f\u00f6r optimal smak<\/li>\n<li><strong>Display:<\/strong> Digital display f\u00f6r batteritid och v\u00e4tskelivsl\u00e4ngd i procent<\/li>\n<li><strong>Drag:<\/strong> Ungef\u00e4r 8000 drag<\/li>\n<\/ul>\n<h4>Parametrar:<\/h4>\n<ul>\n<li><strong>Storlek:<\/strong> 23 mm x 47 mm x 85 mm<\/li>\n<li><strong>Batterikapacitet:<\/strong> 650 mAh<\/li>\n<li><strong>Utdelningsl\u00e4ge:<\/strong> 11 W (3,5 V)<\/li>\n<li><strong>Laddningstyp:<\/strong> Typ C<\/li>\n<li><strong>\u00d6vervakningsfunktion f\u00f6r r\u00f6kning: Nej<\/strong> PC, PCTG<\/li>\n<li><strong>Resistans:<\/strong> 1,1 \u03a9 Mesh Coil<\/li>\n<li><strong>Fylld f\u00e4rdig E-liquid-kapacitet:<\/strong> 18 ml (f\u00f6r ca. 8000 dragningar)<\/li>\n<li><strong>Nikotinm\u00e4ngd:<\/strong> 5 %<\/li>\n<\/ul>\n<h4>Tillg\u00e4ngliga smaker:<\/h4>\n<ol>\n<li>Svart drak\u00e4gg<\/li>\n<li>Vit gummibj\u00f6rn<\/li>\n<li>Bl\u00e5b\u00e4r vattenmelon<\/li>\n<li>Vattenmelonis<\/li>\n<li>Persika citron<\/li>\n<li>Guava Kiwi Passionsfrukt<\/li>\n<li>Jordgubbe mango<\/li>\n<li>Jordgubbe Kiwi<\/li>\n<li>Mynta<\/li>\n<li>Godis \u00e4ppelsaft<\/li>\n<li>Trefaldig b\u00e4rglass<\/li>\n<li>Kirseb\u00e4r cola<\/li>\n<li>Klar<\/li>\n<li>Persika bl\u00e5b\u00e4r<\/li>\n<li>Blue Razz is<\/li>\n<\/ol>\n<h4>Packlista:<\/h4>\n<ul>\n<li>1 * iJoy Bar IC8000 eng\u00e5ngsvape (8000 dragningar)<\/li>\n<\/ul>\n<h3>Sammanfattning:<\/h3>\n<p>iJoy Bar IC8000 erbjuder ett imponerande antal av 8000 dragningar per enhet och kombinerar innovativ teknik med ett brett utbud av smaker f\u00f6r en omfattande vapingupplevelse. Med sin avancerade n\u00e4tspole och anv\u00e4ndarv\u00e4nliga funktioner som digital display och Typ-C-laddningsport \u00e4r den ett utm\u00e4rkt val f\u00f6r b\u00e5de nyb\u00f6rjare och erfarna vapers.<\/p>","protected":false},"excerpt":{"rendered":"<p>iJoy Bar IC8000 Einweg-Vape-Ger\u00e4t: Produktbeschreibung: Der iJoy Bar IC8000 ist ein innovatives Einweg-Vape-Ger\u00e4t, das speziell entwickelt wurde, um bis zu 8000 Z\u00fcge zu bieten. Dieses Ger\u00e4t zeichnet sich durch ein kompaktes Design und ein 0,58-Zoll-Display aus, das die verbleibende Saftlebensdauer sowie die Akkulaufzeit anzeigt. Mit einem eingebauten 650-mAh-Akku und einer Ausgangsleistung von 11 W sorgt [&hellip;]<\/p>","protected":false},"featured_media":12118,"template":"","meta":{"inline_featured_image":false},"product_cat":[15,78,754,745,742,748,744,755,738,751],"product_tag":[683],"tiered_pricing_type":"fixed","tiered_pricing_fixed_rules":[],"tiered_pricing_percentage_rules":[],"tiered_pricing_minimum":1,"_administrator_tiered_pricing_type":"fixed","_administrator_tiered_pricing_fixed_rules":[],"_editor_tiered_pricing_type":"fixed","_editor_tiered_pricing_fixed_rules":[],"_author_tiered_pricing_type":"fixed","_author_tiered_pricing_fixed_rules":[],"_contributor_tiered_pricing_type":"fixed","_contributor_tiered_pricing_fixed_rules":[],"_subscriber_tiered_pricing_type":"fixed","_subscriber_tiered_pricing_fixed_rules":[],"_customer_tiered_pricing_type":"fixed","_customer_tiered_pricing_fixed_rules":[],"_shop_manager_tiered_pricing_type":"fixed","_shop_manager_tiered_pricing_fixed_rules":[],"_wpseo_manager_tiered_pricing_type":"fixed","_wpseo_manager_tiered_pricing_fixed_rules":[],"_wpseo_editor_tiered_pricing_type":"fixed","_wpseo_editor_tiered_pricing_fixed_rules":[],"_wholesale_customer_tiered_pricing_type":"fixed","_wholesale_customer_tiered_pricing_fixed_rules":[],"_marketer_tiered_pricing_type":"fixed","_marketer_tiered_pricing_fixed_rules":[],"_sales_manager_tiered_pricing_type":"fixed","_sales_manager_tiered_pricing_fixed_rules":[],"_sales_rep_tiered_pricing_type":"fixed","_sales_rep_tiered_pricing_fixed_rules":[],"yoast_head":"<!-- This site is optimized with the Yoast SEO plugin v23.3 - https:\/\/yoast.com\/wordpress\/plugins\/seo\/ -->\n<title>iJoy Bar IC8000 elektronische Einweg-zigarette mit 8000 Z\u00fcgen | ElementVape.de<\/title>\n<meta name=\"description\" content=\"Wir bieten iJoy Bar IC8000 elektronische Einweg-zigarette mit 8000 Z\u00fcgen , Elementvape.de akzeptieren Gro\u00df-und Einzelhandel Bestellungen.\" \/>\n<meta name=\"robots\" content=\"index, follow, max-snippet:-1, max-image-preview:large, max-video-preview:-1\" \/>\n<link rel=\"canonical\" href=\"https:\/\/www.elementvape.de\/sv\/produkt\/ijoy-bar-ic8000-elektronische-einweg-zigarette-mit-8000-zuegen\/\" \/>\n<meta property=\"og:locale\" content=\"sv_SE\" \/>\n<meta property=\"og:type\" content=\"article\" \/>\n<meta property=\"og:title\" content=\"iJoy Bar IC8000 elektronische Einweg-zigarette mit 8000 Z\u00fcgen | ElementVape.de\" \/>\n<meta property=\"og:description\" content=\"Wir bieten iJoy Bar IC8000 elektronische Einweg-zigarette mit 8000 Z\u00fcgen , Elementvape.de akzeptieren Gro\u00df-und Einzelhandel Bestellungen.\" \/>\n<meta property=\"og:url\" content=\"https:\/\/www.elementvape.de\/sv\/produkt\/ijoy-bar-ic8000-elektronische-einweg-zigarette-mit-8000-zuegen\/\" \/>\n<meta property=\"og:site_name\" content=\"ElementVape.de\" \/>\n<meta property=\"article:modified_time\" content=\"2024-09-12T10:36:09+00:00\" \/>\n<meta property=\"og:image\" content=\"https:\/\/www.elementvape.de\/wp-content\/uploads\/2024\/06\/IJOY-Bar-IC8000-Disposable-Vape-_16.jpg\" \/>\n\t<meta property=\"og:image:width\" content=\"800\" \/>\n\t<meta property=\"og:image:height\" content=\"800\" \/>\n\t<meta property=\"og:image:type\" content=\"image\/jpeg\" \/>\n<meta name=\"twitter:card\" content=\"summary_large_image\" \/>\n<meta name=\"twitter:label1\" content=\"Est. reading time\" \/>\n\t<meta name=\"twitter:data1\" content=\"2 minuter\" \/>\n<script type=\"application\/ld+json\" class=\"yoast-schema-graph\">{\"@context\":\"https:\/\/schema.org\",\"@graph\":[{\"@type\":\"WebPage\",\"@id\":\"https:\/\/www.elementvape.de\/es\/produkt\/ijoy-bar-ic8000-elektronische-einweg-zigarette-mit-8000-zuegen\/\",\"url\":\"https:\/\/www.elementvape.de\/es\/produkt\/ijoy-bar-ic8000-elektronische-einweg-zigarette-mit-8000-zuegen\/\",\"name\":\"iJoy Bar IC8000 elektronische Einweg-zigarette mit 8000 Z\u00fcgen | ElementVape.de\",\"isPartOf\":{\"@id\":\"https:\/\/www.elementvape.de\/#website\"},\"primaryImageOfPage\":{\"@id\":\"https:\/\/www.elementvape.de\/es\/produkt\/ijoy-bar-ic8000-elektronische-einweg-zigarette-mit-8000-zuegen\/#primaryimage\"},\"image\":{\"@id\":\"https:\/\/www.elementvape.de\/es\/produkt\/ijoy-bar-ic8000-elektronische-einweg-zigarette-mit-8000-zuegen\/#primaryimage\"},\"thumbnailUrl\":\"https:\/\/www.elementvape.de\/wp-content\/uploads\/2024\/06\/IJOY-Bar-IC8000-Disposable-Vape-_16.jpg\",\"datePublished\":\"2024-06-11T07:50:48+00:00\",\"dateModified\":\"2024-09-12T10:36:09+00:00\",\"description\":\"Wir bieten iJoy Bar IC8000 elektronische Einweg-zigarette mit 8000 Z\u00fcgen , Elementvape.de akzeptieren Gro\u00df-und Einzelhandel Bestellungen.\",\"breadcrumb\":{\"@id\":\"https:\/\/www.elementvape.de\/es\/produkt\/ijoy-bar-ic8000-elektronische-einweg-zigarette-mit-8000-zuegen\/#breadcrumb\"},\"inLanguage\":\"sv-SE\",\"potentialAction\":[{\"@type\":\"ReadAction\",\"target\":[\"https:\/\/www.elementvape.de\/es\/produkt\/ijoy-bar-ic8000-elektronische-einweg-zigarette-mit-8000-zuegen\/\"]}]},{\"@type\":\"ImageObject\",\"inLanguage\":\"sv-SE\",\"@id\":\"https:\/\/www.elementvape.de\/es\/produkt\/ijoy-bar-ic8000-elektronische-einweg-zigarette-mit-8000-zuegen\/#primaryimage\",\"url\":\"https:\/\/www.elementvape.de\/wp-content\/uploads\/2024\/06\/IJOY-Bar-IC8000-Disposable-Vape-_16.jpg\",\"contentUrl\":\"https:\/\/www.elementvape.de\/wp-content\/uploads\/2024\/06\/IJOY-Bar-IC8000-Disposable-Vape-_16.jpg\",\"width\":800,\"height\":800,\"caption\":\"IJOY-Bar-IC8000-Disposable-Vape-_16\"},{\"@type\":\"BreadcrumbList\",\"@id\":\"https:\/\/www.elementvape.de\/es\/produkt\/ijoy-bar-ic8000-elektronische-einweg-zigarette-mit-8000-zuegen\/#breadcrumb\",\"itemListElement\":[{\"@type\":\"ListItem\",\"position\":1,\"name\":\"Home\",\"item\":\"https:\/\/www.elementvape.de\/\"},{\"@type\":\"ListItem\",\"position\":2,\"name\":\"Shop\",\"item\":\"https:\/\/www.elementvape.de\/shop\/\"},{\"@type\":\"ListItem\",\"position\":3,\"name\":\"iJoy Bar IC8000 elektronische Einweg-zigarette mit 8000 Z\u00fcgen\"}]},{\"@type\":\"WebSite\",\"@id\":\"https:\/\/www.elementvape.de\/#website\",\"url\":\"https:\/\/www.elementvape.de\/\",\"name\":\"ElementVape.de\",\"description\":\"\",\"publisher\":{\"@id\":\"https:\/\/www.elementvape.de\/#organization\"},\"potentialAction\":[{\"@type\":\"SearchAction\",\"target\":{\"@type\":\"EntryPoint\",\"urlTemplate\":\"https:\/\/www.elementvape.de\/?s={search_term_string}\"},\"query-input\":\"required name=search_term_string\"}],\"inLanguage\":\"sv-SE\"},{\"@type\":\"Organization\",\"@id\":\"https:\/\/www.elementvape.de\/#organization\",\"name\":\"ElementVape.DE\",\"url\":\"https:\/\/www.elementvape.de\/\",\"logo\":{\"@type\":\"ImageObject\",\"inLanguage\":\"sv-SE\",\"@id\":\"https:\/\/www.elementvape.de\/#\/schema\/logo\/image\/\",\"url\":\"https:\/\/www.elementvape.de\/wp-content\/uploads\/2024\/09\/cropped-1elementvape-3.png\",\"contentUrl\":\"https:\/\/www.elementvape.de\/wp-content\/uploads\/2024\/09\/cropped-1elementvape-3.png\",\"width\":285,\"height\":228,\"caption\":\"ElementVape.DE\"},\"image\":{\"@id\":\"https:\/\/www.elementvape.de\/#\/schema\/logo\/image\/\"}}]}<\/script>\n<!-- \/ Yoast SEO plugin. -->","yoast_head_json":{"title":"iJoy Bar IC8000 elektronische Einweg-zigarette mit 8000 Z\u00fcgen | ElementVape.de","description":"Wir bieten iJoy Bar IC8000 elektronische Einweg-zigarette mit 8000 Z\u00fcgen , Elementvape.de akzeptieren Gro\u00df-und Einzelhandel Bestellungen.","robots":{"index":"index","follow":"follow","max-snippet":"max-snippet:-1","max-image-preview":"max-image-preview:large","max-video-preview":"max-video-preview:-1"},"canonical":"https:\/\/www.elementvape.de\/sv\/produkt\/ijoy-bar-ic8000-elektronische-einweg-zigarette-mit-8000-zuegen\/","og_locale":"sv_SE","og_type":"article","og_title":"iJoy Bar IC8000 elektronische Einweg-zigarette mit 8000 Z\u00fcgen | ElementVape.de","og_description":"Wir bieten iJoy Bar IC8000 elektronische Einweg-zigarette mit 8000 Z\u00fcgen , Elementvape.de akzeptieren Gro\u00df-und Einzelhandel Bestellungen.","og_url":"https:\/\/www.elementvape.de\/sv\/produkt\/ijoy-bar-ic8000-elektronische-einweg-zigarette-mit-8000-zuegen\/","og_site_name":"ElementVape.de","article_modified_time":"2024-09-12T10:36:09+00:00","og_image":[{"width":800,"height":800,"url":"https:\/\/www.elementvape.de\/wp-content\/uploads\/2024\/06\/IJOY-Bar-IC8000-Disposable-Vape-_16.jpg","type":"image\/jpeg"}],"twitter_card":"summary_large_image","twitter_misc":{"Est. reading time":"2 minuter"},"schema":{"@context":"https:\/\/schema.org","@graph":[{"@type":"WebPage","@id":"https:\/\/www.elementvape.de\/es\/produkt\/ijoy-bar-ic8000-elektronische-einweg-zigarette-mit-8000-zuegen\/","url":"https:\/\/www.elementvape.de\/es\/produkt\/ijoy-bar-ic8000-elektronische-einweg-zigarette-mit-8000-zuegen\/","name":"iJoy Bar IC8000 elektronische Einweg-zigarette mit 8000 Z\u00fcgen | ElementVape.de","isPartOf":{"@id":"https:\/\/www.elementvape.de\/#website"},"primaryImageOfPage":{"@id":"https:\/\/www.elementvape.de\/es\/produkt\/ijoy-bar-ic8000-elektronische-einweg-zigarette-mit-8000-zuegen\/#primaryimage"},"image":{"@id":"https:\/\/www.elementvape.de\/es\/produkt\/ijoy-bar-ic8000-elektronische-einweg-zigarette-mit-8000-zuegen\/#primaryimage"},"thumbnailUrl":"https:\/\/www.elementvape.de\/wp-content\/uploads\/2024\/06\/IJOY-Bar-IC8000-Disposable-Vape-_16.jpg","datePublished":"2024-06-11T07:50:48+00:00","dateModified":"2024-09-12T10:36:09+00:00","description":"Wir bieten iJoy Bar IC8000 elektronische Einweg-zigarette mit 8000 Z\u00fcgen , Elementvape.de akzeptieren Gro\u00df-und Einzelhandel Bestellungen.","breadcrumb":{"@id":"https:\/\/www.elementvape.de\/es\/produkt\/ijoy-bar-ic8000-elektronische-einweg-zigarette-mit-8000-zuegen\/#breadcrumb"},"inLanguage":"sv-SE","potentialAction":[{"@type":"ReadAction","target":["https:\/\/www.elementvape.de\/es\/produkt\/ijoy-bar-ic8000-elektronische-einweg-zigarette-mit-8000-zuegen\/"]}]},{"@type":"ImageObject","inLanguage":"sv-SE","@id":"https:\/\/www.elementvape.de\/es\/produkt\/ijoy-bar-ic8000-elektronische-einweg-zigarette-mit-8000-zuegen\/#primaryimage","url":"https:\/\/www.elementvape.de\/wp-content\/uploads\/2024\/06\/IJOY-Bar-IC8000-Disposable-Vape-_16.jpg","contentUrl":"https:\/\/www.elementvape.de\/wp-content\/uploads\/2024\/06\/IJOY-Bar-IC8000-Disposable-Vape-_16.jpg","width":800,"height":800,"caption":"IJOY-Bar-IC8000-Disposable-Vape-_16"},{"@type":"BreadcrumbList","@id":"https:\/\/www.elementvape.de\/es\/produkt\/ijoy-bar-ic8000-elektronische-einweg-zigarette-mit-8000-zuegen\/#breadcrumb","itemListElement":[{"@type":"ListItem","position":1,"name":"Home","item":"https:\/\/www.elementvape.de\/"},{"@type":"ListItem","position":2,"name":"Shop","item":"https:\/\/www.elementvape.de\/shop\/"},{"@type":"ListItem","position":3,"name":"iJoy Bar IC8000 elektronische Einweg-zigarette mit 8000 Z\u00fcgen"}]},{"@type":"WebSite","@id":"https:\/\/www.elementvape.de\/#website","url":"https:\/\/www.elementvape.de\/","name":"ElementVape.de","description":"","publisher":{"@id":"https:\/\/www.elementvape.de\/#organization"},"potentialAction":[{"@type":"SearchAction","target":{"@type":"EntryPoint","urlTemplate":"https:\/\/www.elementvape.de\/?s={search_term_string}"},"query-input":"required name=search_term_string"}],"inLanguage":"sv-SE"},{"@type":"Organization","@id":"https:\/\/www.elementvape.de\/#organization","name":"ElementVape.DE","url":"https:\/\/www.elementvape.de\/","logo":{"@type":"ImageObject","inLanguage":"sv-SE","@id":"https:\/\/www.elementvape.de\/#\/schema\/logo\/image\/","url":"https:\/\/www.elementvape.de\/wp-content\/uploads\/2024\/09\/cropped-1elementvape-3.png","contentUrl":"https:\/\/www.elementvape.de\/wp-content\/uploads\/2024\/09\/cropped-1elementvape-3.png","width":285,"height":228,"caption":"ElementVape.DE"},"image":{"@id":"https:\/\/www.elementvape.de\/#\/schema\/logo\/image\/"}}]}},"_links":{"self":[{"href":"https:\/\/www.elementvape.de\/sv\/wp-json\/wp\/v2\/product\/12117"}],"collection":[{"href":"https:\/\/www.elementvape.de\/sv\/wp-json\/wp\/v2\/product"}],"about":[{"href":"https:\/\/www.elementvape.de\/sv\/wp-json\/wp\/v2\/types\/product"}],"wp:featuredmedia":[{"embeddable":true,"href":"https:\/\/www.elementvape.de\/sv\/wp-json\/wp\/v2\/media\/12118"}],"wp:attachment":[{"href":"https:\/\/www.elementvape.de\/sv\/wp-json\/wp\/v2\/media?parent=12117"}],"wp:term":[{"taxonomy":"product_cat","embeddable":true,"href":"https:\/\/www.elementvape.de\/sv\/wp-json\/wp\/v2\/product_cat?post=12117"},{"taxonomy":"product_tag","embeddable":true,"href":"https:\/\/www.elementvape.de\/sv\/wp-json\/wp\/v2\/product_tag?post=12117"}],"curies":[{"name":"wp","href":"https:\/\/api.w.org\/{rel}","templated":true}]}}