{"id":11924,"date":"2024-06-07T09:54:38","date_gmt":"2024-06-07T09:54:38","guid":{"rendered":"https:\/\/www.elementvape.de\/?post_type=product&#038;p=11924"},"modified":"2024-09-12T10:36:16","modified_gmt":"2024-09-12T10:36:16","slug":"randm-tornado-8000-kaufen-einweg-e-zigaretten-8000-zuege","status":"publish","type":"product","link":"https:\/\/www.elementvape.de\/sv\/produkt\/randm-tornado-8000-kaufen-einweg-e-zigaretten-8000-zuege\/","title":{"rendered":"RandM Tornado 8000 K\u00f6pa eng\u00e5ngs-E-cigaretter 8000 drag"},"content":{"rendered":"<h2>Egenskaper f\u00f6r RandM Tornado 8000:<\/h2>\n<ul>\n<li><strong>Nikotinhalten<\/strong>: Finns i 0%, 2%, 3% och 5% Nikotinsalt.<\/li>\n<li><strong>E-v\u00e4tskekapacitet<\/strong>: 16 ml.<\/li>\n<li><strong>Luftfl\u00f6deskontroll<\/strong>: M\u00f6jligg\u00f6r justering av luftfl\u00f6det efter personliga preferenser.<\/li>\n<li><strong>Mesh-spolebatteri<\/strong>: Ger j\u00e4mn och intensiv \u00e5ngproduktion.<\/li>\n<li><strong>\u00c5teruppladdningsbart batteri<\/strong>: Inbyggt 850-mAh batteri med Typ-C-anslutning l\u00e4ngst ner p\u00e5 apparaten.<\/li>\n<li><strong>Bloss<\/strong>: Erbjuder upp till 8000 drag per enhet.<\/li>\n<li><strong>F\u00f6rpackning<\/strong>: 10 stycken p\u00e5 displayen, 240 stycken i en kartong.<\/li>\n<\/ul>\n<h2>Tillg\u00e4ngliga smaker:<\/h2>\n<ol>\n<li>Lush Ice<\/li>\n<li>Bl\u00e5 Razz Is<\/li>\n<li>Jordgubb-Vattenmelon<\/li>\n<li>Jordgubb-Limonad<\/li>\n<li>Surt \u00e4pple<\/li>\n<li>Vaddelp\u00e4ron<\/li>\n<li>Skittles Godis<\/li>\n<li>Gummibj\u00f6rnar<\/li>\n<li>Druvorapelsin<\/li>\n<li>Honungsmelon-Glass<\/li>\n<li>Melon-Glass<\/li>\n<li>R\u00f6d \u00e4pple-melon<\/li>\n<li>Granat\u00e4pple-Glass<\/li>\n<li>Banan-Glass<\/li>\n<li>Bl\u00e5b\u00e4r-Glass<\/li>\n<li>Kylig Mint<\/li>\n<li>Jordgubbs-Kiwifrukt<\/li>\n<li>Persika-Mango<\/li>\n<li>Pina Colada<\/li>\n<li>K\u00f6rsb\u00e4r-Lychee<\/li>\n<li>Bl\u00e5b\u00e4rsgummi<\/li>\n<li>Vattenmelon<\/li>\n<li>Bl\u00e5b\u00e4r-Sur-Raspberry<\/li>\n<li>Druv-Glass<\/li>\n<li>Bl\u00e5b\u00e4r-Granat\u00e4pple<\/li>\n<li>Mr bl\u00e5<\/li>\n<li>Bl\u00e5b\u00e4r-Raspberry<\/li>\n<li>Jordgubb-Glass<\/li>\n<li>K\u00f6rsb\u00e4r-Cola-Glass<\/li>\n<li>Red Bull<\/li>\n<li>Pink Lemonad<\/li>\n<\/ol>\n<h3>Produktinformation:<\/h3>\n<ul>\n<li><strong>F\u00f6rpackningens inneh\u00e5ll<\/strong>: 1 x RandM Tornado 8000 eng\u00e5ngsvape, erbjuder 8000 drag.<\/li>\n<\/ul>\n<p>Denna enhet erbjuder ett brett utbud av smaker och funktioner f\u00f6r att tillgodose olika vapingbehov. Den uppladdningsbara funktionen och det stora urvalet av nikotinstyrkor och smaker g\u00f6r RandM Tornado 8000 till ett flexibelt och anv\u00e4ndarv\u00e4nligt alternativ f\u00f6r vapers.<\/p>","protected":false},"excerpt":{"rendered":"<p>Merkmale des RandM Tornado 8000: Nikotingehalt: Verf\u00fcgbar in 0%, 2%, 3% und 5% Nikotinsalz. E-Liquid Kapazit\u00e4t: 16 ml. Luftstromkontrolle: Erm\u00f6glicht die Anpassung des Luftstroms nach den pers\u00f6nlichen Vorlieben. Mesh-Spulenbatterie: Sorgt f\u00fcr gleichm\u00e4\u00dfige und intensive Dampfproduktion. Wiederaufladbarer Akku: Eingebauter 850-mAh-Akku mit Typ-C-Anschluss an der Unterseite des Ger\u00e4ts. Z\u00fcge: Bietet bis zu 8000 Z\u00fcge pro Ger\u00e4t. Verpackung: [&hellip;]<\/p>","protected":false},"featured_media":11925,"template":"","meta":{"inline_featured_image":false},"product_cat":[78,754,745,742,748,744,755,738,751],"product_tag":[683],"tiered_pricing_type":"fixed","tiered_pricing_fixed_rules":[],"tiered_pricing_percentage_rules":[],"tiered_pricing_minimum":1,"_administrator_tiered_pricing_type":"fixed","_administrator_tiered_pricing_fixed_rules":[],"_editor_tiered_pricing_type":"fixed","_editor_tiered_pricing_fixed_rules":[],"_author_tiered_pricing_type":"fixed","_author_tiered_pricing_fixed_rules":[],"_contributor_tiered_pricing_type":"fixed","_contributor_tiered_pricing_fixed_rules":[],"_subscriber_tiered_pricing_type":"fixed","_subscriber_tiered_pricing_fixed_rules":[],"_customer_tiered_pricing_type":"fixed","_customer_tiered_pricing_fixed_rules":[],"_shop_manager_tiered_pricing_type":"fixed","_shop_manager_tiered_pricing_fixed_rules":[],"_wpseo_manager_tiered_pricing_type":"fixed","_wpseo_manager_tiered_pricing_fixed_rules":[],"_wpseo_editor_tiered_pricing_type":"fixed","_wpseo_editor_tiered_pricing_fixed_rules":[],"_wholesale_customer_tiered_pricing_type":"fixed","_wholesale_customer_tiered_pricing_fixed_rules":[],"_marketer_tiered_pricing_type":"fixed","_marketer_tiered_pricing_fixed_rules":[],"_sales_manager_tiered_pricing_type":"fixed","_sales_manager_tiered_pricing_fixed_rules":[],"_sales_rep_tiered_pricing_type":"fixed","_sales_rep_tiered_pricing_fixed_rules":[],"yoast_head":"<!-- This site is optimized with the Yoast SEO plugin v23.3 - https:\/\/yoast.com\/wordpress\/plugins\/seo\/ -->\n<title>RandM Tornado 8000 Kaufen Einweg-E-Zigaretten 8000 Z\u00fcge | ElementVape.de<\/title>\n<meta name=\"description\" content=\"Wir bieten RandM Tornado 8000 Kaufen Einweg-E-Zigaretten 8000 Z\u00fcge , Elementvape.de akzeptieren Gro\u00df-und Einzelhandel Bestellungen.\" \/>\n<meta name=\"robots\" content=\"index, follow, max-snippet:-1, max-image-preview:large, max-video-preview:-1\" \/>\n<link rel=\"canonical\" href=\"https:\/\/www.elementvape.de\/sv\/produkt\/randm-tornado-8000-kaufen-einweg-e-zigaretten-8000-zuege\/\" \/>\n<meta property=\"og:locale\" content=\"sv_SE\" \/>\n<meta property=\"og:type\" content=\"article\" \/>\n<meta property=\"og:title\" content=\"RandM Tornado 8000 Kaufen Einweg-E-Zigaretten 8000 Z\u00fcge | ElementVape.de\" \/>\n<meta property=\"og:description\" content=\"Wir bieten RandM Tornado 8000 Kaufen Einweg-E-Zigaretten 8000 Z\u00fcge , Elementvape.de akzeptieren Gro\u00df-und Einzelhandel Bestellungen.\" \/>\n<meta property=\"og:url\" content=\"https:\/\/www.elementvape.de\/sv\/produkt\/randm-tornado-8000-kaufen-einweg-e-zigaretten-8000-zuege\/\" \/>\n<meta property=\"og:site_name\" content=\"ElementVape.de\" \/>\n<meta property=\"article:modified_time\" content=\"2024-09-12T10:36:16+00:00\" \/>\n<meta property=\"og:image\" content=\"https:\/\/www.elementvape.de\/wp-content\/uploads\/2024\/06\/RANDMTORNADO8000AIRFLOWCONTROLDISPOSABLEVAPE_2.webp\" \/>\n\t<meta property=\"og:image:width\" content=\"800\" \/>\n\t<meta property=\"og:image:height\" content=\"800\" \/>\n\t<meta property=\"og:image:type\" content=\"image\/webp\" \/>\n<meta name=\"twitter:card\" content=\"summary_large_image\" \/>\n<meta name=\"twitter:label1\" content=\"Est. reading time\" \/>\n\t<meta name=\"twitter:data1\" content=\"2 minuter\" \/>\n<script type=\"application\/ld+json\" class=\"yoast-schema-graph\">{\"@context\":\"https:\/\/schema.org\",\"@graph\":[{\"@type\":\"WebPage\",\"@id\":\"https:\/\/www.elementvape.de\/da\/produkt\/randm-tornado-8000-kaufen-einweg-e-zigaretten-8000-zuege\/\",\"url\":\"https:\/\/www.elementvape.de\/da\/produkt\/randm-tornado-8000-kaufen-einweg-e-zigaretten-8000-zuege\/\",\"name\":\"RandM Tornado 8000 Kaufen Einweg-E-Zigaretten 8000 Z\u00fcge | ElementVape.de\",\"isPartOf\":{\"@id\":\"https:\/\/www.elementvape.de\/#website\"},\"primaryImageOfPage\":{\"@id\":\"https:\/\/www.elementvape.de\/da\/produkt\/randm-tornado-8000-kaufen-einweg-e-zigaretten-8000-zuege\/#primaryimage\"},\"image\":{\"@id\":\"https:\/\/www.elementvape.de\/da\/produkt\/randm-tornado-8000-kaufen-einweg-e-zigaretten-8000-zuege\/#primaryimage\"},\"thumbnailUrl\":\"https:\/\/www.elementvape.de\/wp-content\/uploads\/2024\/06\/RANDMTORNADO8000AIRFLOWCONTROLDISPOSABLEVAPE_2.webp\",\"datePublished\":\"2024-06-07T09:54:38+00:00\",\"dateModified\":\"2024-09-12T10:36:16+00:00\",\"description\":\"Wir bieten RandM Tornado 8000 Kaufen Einweg-E-Zigaretten 8000 Z\u00fcge , Elementvape.de akzeptieren Gro\u00df-und Einzelhandel Bestellungen.\",\"breadcrumb\":{\"@id\":\"https:\/\/www.elementvape.de\/da\/produkt\/randm-tornado-8000-kaufen-einweg-e-zigaretten-8000-zuege\/#breadcrumb\"},\"inLanguage\":\"sv-SE\",\"potentialAction\":[{\"@type\":\"ReadAction\",\"target\":[\"https:\/\/www.elementvape.de\/da\/produkt\/randm-tornado-8000-kaufen-einweg-e-zigaretten-8000-zuege\/\"]}]},{\"@type\":\"ImageObject\",\"inLanguage\":\"sv-SE\",\"@id\":\"https:\/\/www.elementvape.de\/da\/produkt\/randm-tornado-8000-kaufen-einweg-e-zigaretten-8000-zuege\/#primaryimage\",\"url\":\"https:\/\/www.elementvape.de\/wp-content\/uploads\/2024\/06\/RANDMTORNADO8000AIRFLOWCONTROLDISPOSABLEVAPE_2.webp\",\"contentUrl\":\"https:\/\/www.elementvape.de\/wp-content\/uploads\/2024\/06\/RANDMTORNADO8000AIRFLOWCONTROLDISPOSABLEVAPE_2.webp\",\"width\":800,\"height\":800,\"caption\":\"RANDMTORNADO8000AIRFLOWCONTROLDISPOSABLEVAPE_2\"},{\"@type\":\"BreadcrumbList\",\"@id\":\"https:\/\/www.elementvape.de\/da\/produkt\/randm-tornado-8000-kaufen-einweg-e-zigaretten-8000-zuege\/#breadcrumb\",\"itemListElement\":[{\"@type\":\"ListItem\",\"position\":1,\"name\":\"Home\",\"item\":\"https:\/\/www.elementvape.de\/\"},{\"@type\":\"ListItem\",\"position\":2,\"name\":\"Shop\",\"item\":\"https:\/\/www.elementvape.de\/shop\/\"},{\"@type\":\"ListItem\",\"position\":3,\"name\":\"RandM Tornado 8000 Kaufen Einweg-E-Zigaretten 8000 Z\u00fcge\"}]},{\"@type\":\"WebSite\",\"@id\":\"https:\/\/www.elementvape.de\/#website\",\"url\":\"https:\/\/www.elementvape.de\/\",\"name\":\"ElementVape.de\",\"description\":\"\",\"publisher\":{\"@id\":\"https:\/\/www.elementvape.de\/#organization\"},\"potentialAction\":[{\"@type\":\"SearchAction\",\"target\":{\"@type\":\"EntryPoint\",\"urlTemplate\":\"https:\/\/www.elementvape.de\/?s={search_term_string}\"},\"query-input\":\"required name=search_term_string\"}],\"inLanguage\":\"sv-SE\"},{\"@type\":\"Organization\",\"@id\":\"https:\/\/www.elementvape.de\/#organization\",\"name\":\"ElementVape.DE\",\"url\":\"https:\/\/www.elementvape.de\/\",\"logo\":{\"@type\":\"ImageObject\",\"inLanguage\":\"sv-SE\",\"@id\":\"https:\/\/www.elementvape.de\/#\/schema\/logo\/image\/\",\"url\":\"https:\/\/www.elementvape.de\/wp-content\/uploads\/2024\/09\/cropped-1elementvape-3.png\",\"contentUrl\":\"https:\/\/www.elementvape.de\/wp-content\/uploads\/2024\/09\/cropped-1elementvape-3.png\",\"width\":285,\"height\":228,\"caption\":\"ElementVape.DE\"},\"image\":{\"@id\":\"https:\/\/www.elementvape.de\/#\/schema\/logo\/image\/\"}}]}<\/script>\n<!-- \/ Yoast SEO plugin. -->","yoast_head_json":{"title":"RandM Tornado 8000 Kaufen Einweg-E-Zigaretten 8000 Z\u00fcge | ElementVape.de","description":"Wir bieten RandM Tornado 8000 Kaufen Einweg-E-Zigaretten 8000 Z\u00fcge , Elementvape.de akzeptieren Gro\u00df-und Einzelhandel Bestellungen.","robots":{"index":"index","follow":"follow","max-snippet":"max-snippet:-1","max-image-preview":"max-image-preview:large","max-video-preview":"max-video-preview:-1"},"canonical":"https:\/\/www.elementvape.de\/sv\/produkt\/randm-tornado-8000-kaufen-einweg-e-zigaretten-8000-zuege\/","og_locale":"sv_SE","og_type":"article","og_title":"RandM Tornado 8000 Kaufen Einweg-E-Zigaretten 8000 Z\u00fcge | ElementVape.de","og_description":"Wir bieten RandM Tornado 8000 Kaufen Einweg-E-Zigaretten 8000 Z\u00fcge , Elementvape.de akzeptieren Gro\u00df-und Einzelhandel Bestellungen.","og_url":"https:\/\/www.elementvape.de\/sv\/produkt\/randm-tornado-8000-kaufen-einweg-e-zigaretten-8000-zuege\/","og_site_name":"ElementVape.de","article_modified_time":"2024-09-12T10:36:16+00:00","og_image":[{"width":800,"height":800,"url":"https:\/\/www.elementvape.de\/wp-content\/uploads\/2024\/06\/RANDMTORNADO8000AIRFLOWCONTROLDISPOSABLEVAPE_2.webp","type":"image\/webp"}],"twitter_card":"summary_large_image","twitter_misc":{"Est. reading time":"2 minuter"},"schema":{"@context":"https:\/\/schema.org","@graph":[{"@type":"WebPage","@id":"https:\/\/www.elementvape.de\/da\/produkt\/randm-tornado-8000-kaufen-einweg-e-zigaretten-8000-zuege\/","url":"https:\/\/www.elementvape.de\/da\/produkt\/randm-tornado-8000-kaufen-einweg-e-zigaretten-8000-zuege\/","name":"RandM Tornado 8000 Kaufen Einweg-E-Zigaretten 8000 Z\u00fcge | ElementVape.de","isPartOf":{"@id":"https:\/\/www.elementvape.de\/#website"},"primaryImageOfPage":{"@id":"https:\/\/www.elementvape.de\/da\/produkt\/randm-tornado-8000-kaufen-einweg-e-zigaretten-8000-zuege\/#primaryimage"},"image":{"@id":"https:\/\/www.elementvape.de\/da\/produkt\/randm-tornado-8000-kaufen-einweg-e-zigaretten-8000-zuege\/#primaryimage"},"thumbnailUrl":"https:\/\/www.elementvape.de\/wp-content\/uploads\/2024\/06\/RANDMTORNADO8000AIRFLOWCONTROLDISPOSABLEVAPE_2.webp","datePublished":"2024-06-07T09:54:38+00:00","dateModified":"2024-09-12T10:36:16+00:00","description":"Wir bieten RandM Tornado 8000 Kaufen Einweg-E-Zigaretten 8000 Z\u00fcge , Elementvape.de akzeptieren Gro\u00df-und Einzelhandel Bestellungen.","breadcrumb":{"@id":"https:\/\/www.elementvape.de\/da\/produkt\/randm-tornado-8000-kaufen-einweg-e-zigaretten-8000-zuege\/#breadcrumb"},"inLanguage":"sv-SE","potentialAction":[{"@type":"ReadAction","target":["https:\/\/www.elementvape.de\/da\/produkt\/randm-tornado-8000-kaufen-einweg-e-zigaretten-8000-zuege\/"]}]},{"@type":"ImageObject","inLanguage":"sv-SE","@id":"https:\/\/www.elementvape.de\/da\/produkt\/randm-tornado-8000-kaufen-einweg-e-zigaretten-8000-zuege\/#primaryimage","url":"https:\/\/www.elementvape.de\/wp-content\/uploads\/2024\/06\/RANDMTORNADO8000AIRFLOWCONTROLDISPOSABLEVAPE_2.webp","contentUrl":"https:\/\/www.elementvape.de\/wp-content\/uploads\/2024\/06\/RANDMTORNADO8000AIRFLOWCONTROLDISPOSABLEVAPE_2.webp","width":800,"height":800,"caption":"RANDMTORNADO8000AIRFLOWCONTROLDISPOSABLEVAPE_2"},{"@type":"BreadcrumbList","@id":"https:\/\/www.elementvape.de\/da\/produkt\/randm-tornado-8000-kaufen-einweg-e-zigaretten-8000-zuege\/#breadcrumb","itemListElement":[{"@type":"ListItem","position":1,"name":"Home","item":"https:\/\/www.elementvape.de\/"},{"@type":"ListItem","position":2,"name":"Shop","item":"https:\/\/www.elementvape.de\/shop\/"},{"@type":"ListItem","position":3,"name":"RandM Tornado 8000 Kaufen Einweg-E-Zigaretten 8000 Z\u00fcge"}]},{"@type":"WebSite","@id":"https:\/\/www.elementvape.de\/#website","url":"https:\/\/www.elementvape.de\/","name":"ElementVape.de","description":"","publisher":{"@id":"https:\/\/www.elementvape.de\/#organization"},"potentialAction":[{"@type":"SearchAction","target":{"@type":"EntryPoint","urlTemplate":"https:\/\/www.elementvape.de\/?s={search_term_string}"},"query-input":"required name=search_term_string"}],"inLanguage":"sv-SE"},{"@type":"Organization","@id":"https:\/\/www.elementvape.de\/#organization","name":"ElementVape.DE","url":"https:\/\/www.elementvape.de\/","logo":{"@type":"ImageObject","inLanguage":"sv-SE","@id":"https:\/\/www.elementvape.de\/#\/schema\/logo\/image\/","url":"https:\/\/www.elementvape.de\/wp-content\/uploads\/2024\/09\/cropped-1elementvape-3.png","contentUrl":"https:\/\/www.elementvape.de\/wp-content\/uploads\/2024\/09\/cropped-1elementvape-3.png","width":285,"height":228,"caption":"ElementVape.DE"},"image":{"@id":"https:\/\/www.elementvape.de\/#\/schema\/logo\/image\/"}}]}},"_links":{"self":[{"href":"https:\/\/www.elementvape.de\/sv\/wp-json\/wp\/v2\/product\/11924"}],"collection":[{"href":"https:\/\/www.elementvape.de\/sv\/wp-json\/wp\/v2\/product"}],"about":[{"href":"https:\/\/www.elementvape.de\/sv\/wp-json\/wp\/v2\/types\/product"}],"wp:featuredmedia":[{"embeddable":true,"href":"https:\/\/www.elementvape.de\/sv\/wp-json\/wp\/v2\/media\/11925"}],"wp:attachment":[{"href":"https:\/\/www.elementvape.de\/sv\/wp-json\/wp\/v2\/media?parent=11924"}],"wp:term":[{"taxonomy":"product_cat","embeddable":true,"href":"https:\/\/www.elementvape.de\/sv\/wp-json\/wp\/v2\/product_cat?post=11924"},{"taxonomy":"product_tag","embeddable":true,"href":"https:\/\/www.elementvape.de\/sv\/wp-json\/wp\/v2\/product_tag?post=11924"}],"curies":[{"name":"wp","href":"https:\/\/api.w.org\/{rel}","templated":true}]}}