{"id":11476,"date":"2024-06-03T07:31:50","date_gmt":"2024-06-03T07:31:50","guid":{"rendered":"https:\/\/www.elementvape.de\/?post_type=product&#038;p=11476"},"modified":"2024-09-12T10:36:34","modified_gmt":"2024-09-12T10:36:34","slug":"ignite-v35-einweg-vape-3500-zuege","status":"publish","type":"product","link":"https:\/\/www.elementvape.de\/sv\/produkt\/ignite-v35-einweg-vape-3500-zuege\/","title":{"rendered":"IGNITE V35 Eng\u00e5ngsvape 3500 drag"},"content":{"rendered":"<p>Beskrivning<br \/>\nDer IGNITE V35 Eng\u00e5ngsvape \u00e4r en professionellt tillverkad, underh\u00e5llsfri enhet som \u00e4r perfekt f\u00f6r alla som s\u00f6ker en bekv\u00e4m vapingupplevelse. Den \u00e4r f\u00f6rfylld med 10 ml E-liquid, har ett 1000-mAh batteri och upp till 3500 drag, motsvarande fem cigarettpaket. Dessutom \u00e4r enheten f\u00f6rladdad och aktiveras med ett enda drag. Den inneh\u00e5ller 5 % (50 mg\/ml) nikotin utvunnet ur tobak. Kompakt, l\u00e4tt och diskret. Kasta bort pennan n\u00e4r den inte l\u00e4ngre lyser eller smaken har f\u00f6rsvunnit.<\/p>\n<p>Parametrar:<br \/>\nE-v\u00e4tska: 10 ml<br \/>\nBatterikapacitet: 1000 mAh<br \/>\nNikotin: 5 %<br \/>\nAntal drag: 3500 drag<\/p>\n<p>Smaker:<br \/>\nDruva Is: Fuktig druva med en uppfriskande arktisk burst.<br \/>\nBanan Is: Kr\u00e4mig banan med en uppfriskande mentholavslutning.<br \/>\nBl\u00e5 Hallon Is: Trevligt bl\u00e5tt hallon med en sval utandning.<br \/>\nBl\u00e5b\u00e4r Is: F\u00e4rskt bl\u00e5b\u00e4r med en antydan till kyla.<br \/>\nK\u00f6rsb\u00e4r Is: Surt k\u00f6rsb\u00e4r med en uppfriskande effekt.<br \/>\nMynta Is: Klassisk mynta med en uppfriskande frostig touch.<br \/>\nMango Persika: Exotisk mango och saftig persikofusion.<br \/>\nJordgubbe Banan: S\u00f6t jordgubbe och kr\u00e4mig bananfusion.<br \/>\nJordgubbe Kiwi: Syrlig kiwi med en explosion av jordgubbe.<br \/>\nVattenmelon \u00c4pple Is: Uppfriskande \u00e4pple och saftig vattenmelon med en sval effekt.<br \/>\nJordgubbe \u00c4pple Vattenmelon: S\u00f6t jordgubbe, syrligt \u00e4pple och uppfriskande vattenmelonblandning.<br \/>\nHallon Lemonad: Surt hallon och syrlig lemonadmix.<\/p>\n<p>Packlista:<br \/>\n1 x IGNITE V35 Eng\u00e5ngsvape 3500 drag<\/p>","protected":false},"excerpt":{"rendered":"<p>Beschreibung Der IGNITE V35 Disposable Vape ist ein fachm\u00e4nnisch gefertigtes, wartungsfreies Ger\u00e4t, das perfekt f\u00fcr alle ist, die ein bequemes Dampferlebnis suchen. Er ist mit 10 ml E-Liquid vorgef\u00fcllt, verf\u00fcgt \u00fcber einen 1000-mAh-Akku und bis zu 3500 Z\u00fcge, das \u00c4quivalent von f\u00fcnf Zigarettenpackungen. Dar\u00fcber hinaus ist das Ger\u00e4t vorgeladen und wird mit nur einem Zug [&hellip;]<\/p>","protected":false},"featured_media":11489,"template":"","meta":{"inline_featured_image":false},"product_cat":[15,78,754,745,742,748,744,755,738,751],"product_tag":[677],"tiered_pricing_type":"fixed","tiered_pricing_fixed_rules":[],"tiered_pricing_percentage_rules":[],"tiered_pricing_minimum":1,"_administrator_tiered_pricing_type":"fixed","_administrator_tiered_pricing_fixed_rules":[],"_editor_tiered_pricing_type":"fixed","_editor_tiered_pricing_fixed_rules":[],"_author_tiered_pricing_type":"fixed","_author_tiered_pricing_fixed_rules":[],"_contributor_tiered_pricing_type":"fixed","_contributor_tiered_pricing_fixed_rules":[],"_subscriber_tiered_pricing_type":"fixed","_subscriber_tiered_pricing_fixed_rules":[],"_customer_tiered_pricing_type":"fixed","_customer_tiered_pricing_fixed_rules":[],"_shop_manager_tiered_pricing_type":"fixed","_shop_manager_tiered_pricing_fixed_rules":[],"_wpseo_manager_tiered_pricing_type":"fixed","_wpseo_manager_tiered_pricing_fixed_rules":[],"_wpseo_editor_tiered_pricing_type":"fixed","_wpseo_editor_tiered_pricing_fixed_rules":[],"_wholesale_customer_tiered_pricing_type":"fixed","_wholesale_customer_tiered_pricing_fixed_rules":[],"_marketer_tiered_pricing_type":"fixed","_marketer_tiered_pricing_fixed_rules":[],"_sales_manager_tiered_pricing_type":"fixed","_sales_manager_tiered_pricing_fixed_rules":[],"_sales_rep_tiered_pricing_type":"fixed","_sales_rep_tiered_pricing_fixed_rules":[],"yoast_head":"<!-- This site is optimized with the Yoast SEO plugin v23.3 - https:\/\/yoast.com\/wordpress\/plugins\/seo\/ -->\n<title>IGNITE V35 Einweg Vape 3500 Z\u00fcge | ElementVape.de<\/title>\n<meta name=\"description\" content=\"Wir bieten IGNITE V35 Einweg Vape 3500 Z\u00fcge , Elementvape.de akzeptieren Gro\u00df-und Einzelhandel Bestellungen.\" \/>\n<meta name=\"robots\" content=\"index, follow, max-snippet:-1, max-image-preview:large, max-video-preview:-1\" \/>\n<link rel=\"canonical\" href=\"https:\/\/www.elementvape.de\/sv\/produkt\/ignite-v35-einweg-vape-3500-zuege\/\" \/>\n<meta property=\"og:locale\" content=\"sv_SE\" \/>\n<meta property=\"og:type\" content=\"article\" \/>\n<meta property=\"og:title\" content=\"IGNITE V35 Einweg Vape 3500 Z\u00fcge | ElementVape.de\" \/>\n<meta property=\"og:description\" content=\"Wir bieten IGNITE V35 Einweg Vape 3500 Z\u00fcge , Elementvape.de akzeptieren Gro\u00df-und Einzelhandel Bestellungen.\" \/>\n<meta property=\"og:url\" content=\"https:\/\/www.elementvape.de\/sv\/produkt\/ignite-v35-einweg-vape-3500-zuege\/\" \/>\n<meta property=\"og:site_name\" content=\"ElementVape.de\" \/>\n<meta property=\"article:modified_time\" content=\"2024-09-12T10:36:34+00:00\" \/>\n<meta property=\"og:image\" content=\"https:\/\/www.elementvape.de\/wp-content\/uploads\/2024\/06\/IgniteV35DisposableVape3500Puffs10pcs_1.webp\" \/>\n\t<meta property=\"og:image:width\" content=\"800\" \/>\n\t<meta property=\"og:image:height\" content=\"800\" \/>\n\t<meta property=\"og:image:type\" content=\"image\/webp\" \/>\n<meta name=\"twitter:card\" content=\"summary_large_image\" \/>\n<meta name=\"twitter:label1\" content=\"Est. reading time\" \/>\n\t<meta name=\"twitter:data1\" content=\"2 minuter\" \/>\n<script type=\"application\/ld+json\" class=\"yoast-schema-graph\">{\"@context\":\"https:\/\/schema.org\",\"@graph\":[{\"@type\":\"WebPage\",\"@id\":\"https:\/\/www.elementvape.de\/nl\/produkt\/ignite-v35-einweg-vape-3500-zuege\/\",\"url\":\"https:\/\/www.elementvape.de\/nl\/produkt\/ignite-v35-einweg-vape-3500-zuege\/\",\"name\":\"IGNITE V35 Einweg Vape 3500 Z\u00fcge | ElementVape.de\",\"isPartOf\":{\"@id\":\"https:\/\/www.elementvape.de\/#website\"},\"primaryImageOfPage\":{\"@id\":\"https:\/\/www.elementvape.de\/nl\/produkt\/ignite-v35-einweg-vape-3500-zuege\/#primaryimage\"},\"image\":{\"@id\":\"https:\/\/www.elementvape.de\/nl\/produkt\/ignite-v35-einweg-vape-3500-zuege\/#primaryimage\"},\"thumbnailUrl\":\"https:\/\/www.elementvape.de\/wp-content\/uploads\/2024\/06\/IgniteV35DisposableVape3500Puffs10pcs_1.webp\",\"datePublished\":\"2024-06-03T07:31:50+00:00\",\"dateModified\":\"2024-09-12T10:36:34+00:00\",\"description\":\"Wir bieten IGNITE V35 Einweg Vape 3500 Z\u00fcge , Elementvape.de akzeptieren Gro\u00df-und Einzelhandel Bestellungen.\",\"breadcrumb\":{\"@id\":\"https:\/\/www.elementvape.de\/nl\/produkt\/ignite-v35-einweg-vape-3500-zuege\/#breadcrumb\"},\"inLanguage\":\"sv-SE\",\"potentialAction\":[{\"@type\":\"ReadAction\",\"target\":[\"https:\/\/www.elementvape.de\/nl\/produkt\/ignite-v35-einweg-vape-3500-zuege\/\"]}]},{\"@type\":\"ImageObject\",\"inLanguage\":\"sv-SE\",\"@id\":\"https:\/\/www.elementvape.de\/nl\/produkt\/ignite-v35-einweg-vape-3500-zuege\/#primaryimage\",\"url\":\"https:\/\/www.elementvape.de\/wp-content\/uploads\/2024\/06\/IgniteV35DisposableVape3500Puffs10pcs_1.webp\",\"contentUrl\":\"https:\/\/www.elementvape.de\/wp-content\/uploads\/2024\/06\/IgniteV35DisposableVape3500Puffs10pcs_1.webp\",\"width\":800,\"height\":800,\"caption\":\"IgniteV35DisposableVape3500Puffs10pcs_1\"},{\"@type\":\"BreadcrumbList\",\"@id\":\"https:\/\/www.elementvape.de\/nl\/produkt\/ignite-v35-einweg-vape-3500-zuege\/#breadcrumb\",\"itemListElement\":[{\"@type\":\"ListItem\",\"position\":1,\"name\":\"Home\",\"item\":\"https:\/\/www.elementvape.de\/\"},{\"@type\":\"ListItem\",\"position\":2,\"name\":\"Shop\",\"item\":\"https:\/\/www.elementvape.de\/shop\/\"},{\"@type\":\"ListItem\",\"position\":3,\"name\":\"IGNITE V35 Einweg Vape 3500 Z\u00fcge\"}]},{\"@type\":\"WebSite\",\"@id\":\"https:\/\/www.elementvape.de\/#website\",\"url\":\"https:\/\/www.elementvape.de\/\",\"name\":\"ElementVape.de\",\"description\":\"\",\"publisher\":{\"@id\":\"https:\/\/www.elementvape.de\/#organization\"},\"potentialAction\":[{\"@type\":\"SearchAction\",\"target\":{\"@type\":\"EntryPoint\",\"urlTemplate\":\"https:\/\/www.elementvape.de\/?s={search_term_string}\"},\"query-input\":\"required name=search_term_string\"}],\"inLanguage\":\"sv-SE\"},{\"@type\":\"Organization\",\"@id\":\"https:\/\/www.elementvape.de\/#organization\",\"name\":\"ElementVape.DE\",\"url\":\"https:\/\/www.elementvape.de\/\",\"logo\":{\"@type\":\"ImageObject\",\"inLanguage\":\"sv-SE\",\"@id\":\"https:\/\/www.elementvape.de\/#\/schema\/logo\/image\/\",\"url\":\"https:\/\/www.elementvape.de\/wp-content\/uploads\/2024\/09\/cropped-1elementvape-3.png\",\"contentUrl\":\"https:\/\/www.elementvape.de\/wp-content\/uploads\/2024\/09\/cropped-1elementvape-3.png\",\"width\":285,\"height\":228,\"caption\":\"ElementVape.DE\"},\"image\":{\"@id\":\"https:\/\/www.elementvape.de\/#\/schema\/logo\/image\/\"}}]}<\/script>\n<!-- \/ Yoast SEO plugin. -->","yoast_head_json":{"title":"IGNITE V35 Einweg Vape 3500 Z\u00fcge | ElementVape.de","description":"Wir bieten IGNITE V35 Einweg Vape 3500 Z\u00fcge , Elementvape.de akzeptieren Gro\u00df-und Einzelhandel Bestellungen.","robots":{"index":"index","follow":"follow","max-snippet":"max-snippet:-1","max-image-preview":"max-image-preview:large","max-video-preview":"max-video-preview:-1"},"canonical":"https:\/\/www.elementvape.de\/sv\/produkt\/ignite-v35-einweg-vape-3500-zuege\/","og_locale":"sv_SE","og_type":"article","og_title":"IGNITE V35 Einweg Vape 3500 Z\u00fcge | ElementVape.de","og_description":"Wir bieten IGNITE V35 Einweg Vape 3500 Z\u00fcge , Elementvape.de akzeptieren Gro\u00df-und Einzelhandel Bestellungen.","og_url":"https:\/\/www.elementvape.de\/sv\/produkt\/ignite-v35-einweg-vape-3500-zuege\/","og_site_name":"ElementVape.de","article_modified_time":"2024-09-12T10:36:34+00:00","og_image":[{"width":800,"height":800,"url":"https:\/\/www.elementvape.de\/wp-content\/uploads\/2024\/06\/IgniteV35DisposableVape3500Puffs10pcs_1.webp","type":"image\/webp"}],"twitter_card":"summary_large_image","twitter_misc":{"Est. reading time":"2 minuter"},"schema":{"@context":"https:\/\/schema.org","@graph":[{"@type":"WebPage","@id":"https:\/\/www.elementvape.de\/nl\/produkt\/ignite-v35-einweg-vape-3500-zuege\/","url":"https:\/\/www.elementvape.de\/nl\/produkt\/ignite-v35-einweg-vape-3500-zuege\/","name":"IGNITE V35 Einweg Vape 3500 Z\u00fcge | ElementVape.de","isPartOf":{"@id":"https:\/\/www.elementvape.de\/#website"},"primaryImageOfPage":{"@id":"https:\/\/www.elementvape.de\/nl\/produkt\/ignite-v35-einweg-vape-3500-zuege\/#primaryimage"},"image":{"@id":"https:\/\/www.elementvape.de\/nl\/produkt\/ignite-v35-einweg-vape-3500-zuege\/#primaryimage"},"thumbnailUrl":"https:\/\/www.elementvape.de\/wp-content\/uploads\/2024\/06\/IgniteV35DisposableVape3500Puffs10pcs_1.webp","datePublished":"2024-06-03T07:31:50+00:00","dateModified":"2024-09-12T10:36:34+00:00","description":"Wir bieten IGNITE V35 Einweg Vape 3500 Z\u00fcge , Elementvape.de akzeptieren Gro\u00df-und Einzelhandel Bestellungen.","breadcrumb":{"@id":"https:\/\/www.elementvape.de\/nl\/produkt\/ignite-v35-einweg-vape-3500-zuege\/#breadcrumb"},"inLanguage":"sv-SE","potentialAction":[{"@type":"ReadAction","target":["https:\/\/www.elementvape.de\/nl\/produkt\/ignite-v35-einweg-vape-3500-zuege\/"]}]},{"@type":"ImageObject","inLanguage":"sv-SE","@id":"https:\/\/www.elementvape.de\/nl\/produkt\/ignite-v35-einweg-vape-3500-zuege\/#primaryimage","url":"https:\/\/www.elementvape.de\/wp-content\/uploads\/2024\/06\/IgniteV35DisposableVape3500Puffs10pcs_1.webp","contentUrl":"https:\/\/www.elementvape.de\/wp-content\/uploads\/2024\/06\/IgniteV35DisposableVape3500Puffs10pcs_1.webp","width":800,"height":800,"caption":"IgniteV35DisposableVape3500Puffs10pcs_1"},{"@type":"BreadcrumbList","@id":"https:\/\/www.elementvape.de\/nl\/produkt\/ignite-v35-einweg-vape-3500-zuege\/#breadcrumb","itemListElement":[{"@type":"ListItem","position":1,"name":"Home","item":"https:\/\/www.elementvape.de\/"},{"@type":"ListItem","position":2,"name":"Shop","item":"https:\/\/www.elementvape.de\/shop\/"},{"@type":"ListItem","position":3,"name":"IGNITE V35 Einweg Vape 3500 Z\u00fcge"}]},{"@type":"WebSite","@id":"https:\/\/www.elementvape.de\/#website","url":"https:\/\/www.elementvape.de\/","name":"ElementVape.de","description":"","publisher":{"@id":"https:\/\/www.elementvape.de\/#organization"},"potentialAction":[{"@type":"SearchAction","target":{"@type":"EntryPoint","urlTemplate":"https:\/\/www.elementvape.de\/?s={search_term_string}"},"query-input":"required name=search_term_string"}],"inLanguage":"sv-SE"},{"@type":"Organization","@id":"https:\/\/www.elementvape.de\/#organization","name":"ElementVape.DE","url":"https:\/\/www.elementvape.de\/","logo":{"@type":"ImageObject","inLanguage":"sv-SE","@id":"https:\/\/www.elementvape.de\/#\/schema\/logo\/image\/","url":"https:\/\/www.elementvape.de\/wp-content\/uploads\/2024\/09\/cropped-1elementvape-3.png","contentUrl":"https:\/\/www.elementvape.de\/wp-content\/uploads\/2024\/09\/cropped-1elementvape-3.png","width":285,"height":228,"caption":"ElementVape.DE"},"image":{"@id":"https:\/\/www.elementvape.de\/#\/schema\/logo\/image\/"}}]}},"_links":{"self":[{"href":"https:\/\/www.elementvape.de\/sv\/wp-json\/wp\/v2\/product\/11476"}],"collection":[{"href":"https:\/\/www.elementvape.de\/sv\/wp-json\/wp\/v2\/product"}],"about":[{"href":"https:\/\/www.elementvape.de\/sv\/wp-json\/wp\/v2\/types\/product"}],"wp:featuredmedia":[{"embeddable":true,"href":"https:\/\/www.elementvape.de\/sv\/wp-json\/wp\/v2\/media\/11489"}],"wp:attachment":[{"href":"https:\/\/www.elementvape.de\/sv\/wp-json\/wp\/v2\/media?parent=11476"}],"wp:term":[{"taxonomy":"product_cat","embeddable":true,"href":"https:\/\/www.elementvape.de\/sv\/wp-json\/wp\/v2\/product_cat?post=11476"},{"taxonomy":"product_tag","embeddable":true,"href":"https:\/\/www.elementvape.de\/sv\/wp-json\/wp\/v2\/product_tag?post=11476"}],"curies":[{"name":"wp","href":"https:\/\/api.w.org\/{rel}","templated":true}]}}