{"id":11360,"date":"2024-05-31T10:16:21","date_gmt":"2024-05-31T10:16:21","guid":{"rendered":"https:\/\/www.elementvape.de\/?post_type=product&#038;p=11360"},"modified":"2024-09-12T10:36:36","modified_gmt":"2024-09-12T10:36:36","slug":"ske-crystal-bar-einweg-vape-e-zigarette","status":"publish","type":"product","link":"https:\/\/www.elementvape.de\/sv\/produkt\/ske-crystal-bar-einweg-vape-e-zigarette\/","title":{"rendered":"SKE CRYSTAL BAR ENG\u00c5NGS VAPE E-\u00c4NGARE"},"content":{"rendered":"<h2>SKE Kristallstav \u2013 Elektronisk eng\u00e5ngs-cigaret 20 mg\/ml<\/h2>\n<p>SKE Kristallbar \u00e4r en elektronisk eng\u00e5ngs-cigaret med elegant och enkel design. Med Crystal Vape f\u00e5r du en unik smakupplevelse och m\u00e5nga m\u00f6jligheter. Oavsett om det \u00e4r fruktigt, s\u00f6tt eller iskallt, finns det n\u00e5got f\u00f6r alla bland SKE Crystal Wands. Kristallstaven har en kristallklar look och en inbyggd 500-mAh-batteri som r\u00e4cker f\u00f6r 600 drag. Du beh\u00f6ver inte ladda eller fylla p\u00e5, bara \u00f6ppna f\u00f6rpackningen och b\u00f6rja r\u00f6ka. Perfekt att ta med eller som ers\u00e4ttningsenhet.<\/p>\n<p>Mesh-coil-teknik<br \/>\nVarje smak har tack vare mesh-coil-teknologin en rik, autentisk smak. Prestandan hos denna e-cigaret \u00e4r l\u00e5ngt \u00f6verl\u00e4gsen andra m\u00e4rken. Om du v\u00e4rdes\u00e4tter ren smak, \u00e4r denna e-cigaret ett m\u00e5ste.<\/p>\n<p>SKE Kristallstav inneh\u00e5ller 2 ml nikotinsaltv\u00e4tska med en koncentration p\u00e5 20 mg. Optimal nikotinhalt, \u00e4ven f\u00f6r nyb\u00f6rjare.<\/p>\n<h3>SKE Crystal Vape Bar-smak:<\/h3>\n<p>Bananis: Uppfriskande och s\u00f6t, kombinerat med isens kr\u00e4mighet, ger en oemotst\u00e5ndlig smakupplevelse.<br \/>\nB\u00e4ris: Kalla skogsb\u00e4r f\u00f6renas till en fruktig och frisk arom som v\u00e4cker sinnena.<br \/>\nBl\u00e5b\u00e4r-Hallon: Kombinerar s\u00f6tma och syra fr\u00e5n bl\u00e5b\u00e4r med hallonsyra f\u00f6r en harmonisk smakexplosion.<br \/>\nIsbl\u00e5: Den kalla fr\u00e4sch\u00f6ren m\u00f6ter den mystiska bl\u00e5 f\u00e4rgen och l\u00e4mnar en kittlande k\u00e4nsla p\u00e5 tungan.<br \/>\nBlue Fusion: En sp\u00e4nnande blandning av olika bl\u00e5 frukter f\u00f6r en upplevelsefull smak.<br \/>\nBlue Razz Lemonad: Kryddig lemonad m\u00f6ter s\u00f6t-syrliga bl\u00e5b\u00e4r f\u00f6r en uppfriskande ny smak.<br \/>\nKirseb\u00e4ris: Kall s\u00f6tma med en touch av mogen k\u00f6rsb\u00e4r f\u00f6r en isig, fruktig njutning.<br \/>\nCola-Is: Klassisk colasmak kombinerad med en isig textur f\u00f6r en uppfriskande, bubblande dryck.<br \/>\nF\u00e4rsk Menthol: Klar och ren, som en isig bris, stimulerar sinnena och fr\u00e4schar upp sinnet.<br \/>\nMojito: En bubblande blandning av mynta, lime och rom som f\u00e5ngar essensen av den klassiska drinken.<br \/>\nHonung- citron: S\u00f6tman fr\u00e5n honung m\u00f6ter friskheten fr\u00e5n citronen f\u00f6r en harmonisk och lugnande arom.<br \/>\nKiwi Passion Fruit Guava: En tropisk fruktcocktail med kiwi, passionsfrukt och guava f\u00f6r en exotisk, saftig smakupplevelse.<br \/>\nCitron och lime: Den perfekta balansen mellan kryddig citron och doftande lime ger en uppfriskande, citrusrik upplevelse.<br \/>\nCitron- persika- passionsfrukt: En l\u00e4cker blandning av citron, persika och passionsfrukt som ger en fruktig s\u00f6tma.<br \/>\nMangogel: Saftig mango m\u00f6ter kyla och ger en tropisk smakupplevelse som f\u00f6rf\u00f6r din gom.<br \/>\nMentol: Den uppfriskande brisen av kall mentol kan fr\u00e4scha upp och rena sinnet.<br \/>\nPink Lemonade: Fruktig-s\u00f6t limonad med en touch av r\u00f6da b\u00e4r \u00e4r en l\u00e4cker sommarupplevelse.<br \/>\nSurt \u00e4pple-bl\u00e5b\u00e4r: Kombinationen av surt gr\u00f6nt \u00e4pple och s\u00f6t bl\u00e5b\u00e4r ger en uppfriskande och rik smakupplevelse.<br \/>\nBitter bl\u00e5b\u00e4r: Bitter bl\u00e5b\u00e4r ger en stark smakupplevelse som utmanar dina smakl\u00f6kar.<br \/>\nStrawberry Burst: Saftiga jordgubbsbomber som gl\u00e4djer din gom med sin s\u00f6ta, fruktiga smak.<br \/>\nJordgubbsglass: Kr\u00e4mig jordgubbsglass som p\u00e5minner om varma sommardagar och f\u00f6rf\u00f6r din gom med sin s\u00f6ta smak.<br \/>\nTigerblod: En dj\u00e4rv kombination av exotiska frukter och kraftfulla smaker f\u00f6r en vild och sp\u00e4nnande smakupplevelse.<br \/>\nTobak: Den sura, r\u00f6kiga smaken av tobak v\u00e4cker nostalgi hos b\u00e5de k\u00e4nnare och entusiaster.<br \/>\nVattenmelonglass: Uppfriskande vattenmelon m\u00f6ter is och ger en svalkande sommarupplevelse.<br \/>\nVattenmelon-jordgubb-gummi: En l\u00e4cker blandning av saftig vattenmelon och s\u00f6ta jordgubbar, omsluten av en mild tuggummismak.<\/p>\n<h3>Detaljer:<\/h3>\n<p>Elektronisk eng\u00e5ngs-cigaret SKE Crystal \u2013 elektronisk cigarett med n\u00e4tspole<br \/>\nSKE Crystal Bar \u00e4r en elektronisk eng\u00e5ngscigarett med elegant och enkel design. F\u00f6r en behaglig r\u00f6kupplevelse finns olika smaker tillg\u00e4ngliga.<br \/>\nCrystal Vape fr\u00e5n SKE har ett inbyggt 500-mAh-batteri som r\u00e4cker f\u00f6r 600 drag. Du beh\u00f6ver inte ladda eller fylla p\u00e5, bara \u00f6ppna f\u00f6rpackningen och b\u00f6rja r\u00f6ka.<\/p>\n<p>\u00d6ver 30 olika smaker finns tillg\u00e4ngliga fr\u00e5n Crystal Vape. Varje sort har en intensiv och autentisk smak tack vare Mesh Coil-teknologin.<\/p>\n<p>Varje SKE Crystal Vape Bar inneh\u00e5ller 2 ml nikotinsaltliquid med en styrka p\u00e5 20 mg. Nikotinsaltet ger en mild och tillfredsst\u00e4llande nikotinkick utan att irritera halsen.<\/p>\n<p>Du beh\u00f6ver bara ta ut den ur f\u00f6rpackningen och dra i munstycket. LED-lampan p\u00e5 undersidan lyser n\u00e4r du vapar. Om LED-lampan inte l\u00e4ngre lyser eller smaken avtar \u00e4r SKE Crystal Bar tom och kan kasseras.<\/p>","protected":false},"excerpt":{"rendered":"<p>SKE Crystal Wand \u2013 Elektronische Einwegzigarette 20 mg\/ml SKE Crystal Bar ist eine elektronische Einwegzigarette mit elegantem und schlichtem Design. Mit Crystal Vape erhalten Sie ein einzigartiges Geschmackserlebnis und vielf\u00e4ltige M\u00f6glichkeiten. Ob fruchtig, s\u00fc\u00df oder eisig, bei den SKE Crystal Wands ist f\u00fcr jeden etwas dabei. Der Kristallstab verf\u00fcgt \u00fcber eine kristallklare Optik und einen [&hellip;]<\/p>","protected":false},"featured_media":11382,"template":"","meta":{"inline_featured_image":false},"product_cat":[78,754,745,742,748,744,755,738,751],"product_tag":[679],"tiered_pricing_type":"fixed","tiered_pricing_fixed_rules":[],"tiered_pricing_percentage_rules":[],"tiered_pricing_minimum":1,"_administrator_tiered_pricing_type":"fixed","_administrator_tiered_pricing_fixed_rules":[],"_editor_tiered_pricing_type":"fixed","_editor_tiered_pricing_fixed_rules":[],"_author_tiered_pricing_type":"fixed","_author_tiered_pricing_fixed_rules":[],"_contributor_tiered_pricing_type":"fixed","_contributor_tiered_pricing_fixed_rules":[],"_subscriber_tiered_pricing_type":"fixed","_subscriber_tiered_pricing_fixed_rules":[],"_customer_tiered_pricing_type":"fixed","_customer_tiered_pricing_fixed_rules":[],"_shop_manager_tiered_pricing_type":"fixed","_shop_manager_tiered_pricing_fixed_rules":[],"_wpseo_manager_tiered_pricing_type":"fixed","_wpseo_manager_tiered_pricing_fixed_rules":[],"_wpseo_editor_tiered_pricing_type":"fixed","_wpseo_editor_tiered_pricing_fixed_rules":[],"_wholesale_customer_tiered_pricing_type":"fixed","_wholesale_customer_tiered_pricing_fixed_rules":[],"_marketer_tiered_pricing_type":"fixed","_marketer_tiered_pricing_fixed_rules":[],"_sales_manager_tiered_pricing_type":"fixed","_sales_manager_tiered_pricing_fixed_rules":[],"_sales_rep_tiered_pricing_type":"fixed","_sales_rep_tiered_pricing_fixed_rules":[],"yoast_head":"<!-- This site is optimized with the Yoast SEO plugin v23.3 - https:\/\/yoast.com\/wordpress\/plugins\/seo\/ -->\n<title>SKE CRYSTAL BAR EINWEG VAPE E-ZIGARETTE | ElementVape.de<\/title>\n<meta name=\"description\" content=\"Wir bieten SKE CRYSTAL BAR EINWEG VAPE E-ZIGARETTE , Elementvape.de akzeptieren Gro\u00df-und Einzelhandel Bestellungen.\" \/>\n<meta name=\"robots\" content=\"index, follow, max-snippet:-1, max-image-preview:large, max-video-preview:-1\" \/>\n<link rel=\"canonical\" href=\"https:\/\/www.elementvape.de\/sv\/produkt\/ske-crystal-bar-einweg-vape-e-zigarette\/\" \/>\n<meta property=\"og:locale\" content=\"sv_SE\" \/>\n<meta property=\"og:type\" content=\"article\" \/>\n<meta property=\"og:title\" content=\"SKE CRYSTAL BAR EINWEG VAPE E-ZIGARETTE | ElementVape.de\" \/>\n<meta property=\"og:description\" content=\"Wir bieten SKE CRYSTAL BAR EINWEG VAPE E-ZIGARETTE , Elementvape.de akzeptieren Gro\u00df-und Einzelhandel Bestellungen.\" \/>\n<meta property=\"og:url\" content=\"https:\/\/www.elementvape.de\/sv\/produkt\/ske-crystal-bar-einweg-vape-e-zigarette\/\" \/>\n<meta property=\"og:site_name\" content=\"ElementVape.de\" \/>\n<meta property=\"article:modified_time\" content=\"2024-09-12T10:36:36+00:00\" \/>\n<meta property=\"og:image\" content=\"https:\/\/www.elementvape.de\/wp-content\/uploads\/2024\/05\/SKE-CRYSTAL-BAR-.jpg\" \/>\n\t<meta property=\"og:image:width\" content=\"1120\" \/>\n\t<meta property=\"og:image:height\" content=\"1120\" \/>\n\t<meta property=\"og:image:type\" content=\"image\/jpeg\" \/>\n<meta name=\"twitter:card\" content=\"summary_large_image\" \/>\n<meta name=\"twitter:label1\" content=\"Est. reading time\" \/>\n\t<meta name=\"twitter:data1\" content=\"4 minuter\" \/>\n<script type=\"application\/ld+json\" class=\"yoast-schema-graph\">{\"@context\":\"https:\/\/schema.org\",\"@graph\":[{\"@type\":\"WebPage\",\"@id\":\"https:\/\/www.elementvape.de\/produkt\/ske-crystal-bar-einweg-vape-e-zigarette\/\",\"url\":\"https:\/\/www.elementvape.de\/produkt\/ske-crystal-bar-einweg-vape-e-zigarette\/\",\"name\":\"SKE CRYSTAL BAR EINWEG VAPE E-ZIGARETTE | ElementVape.de\",\"isPartOf\":{\"@id\":\"https:\/\/www.elementvape.de\/#website\"},\"primaryImageOfPage\":{\"@id\":\"https:\/\/www.elementvape.de\/produkt\/ske-crystal-bar-einweg-vape-e-zigarette\/#primaryimage\"},\"image\":{\"@id\":\"https:\/\/www.elementvape.de\/produkt\/ske-crystal-bar-einweg-vape-e-zigarette\/#primaryimage\"},\"thumbnailUrl\":\"https:\/\/www.elementvape.de\/wp-content\/uploads\/2024\/05\/SKE-CRYSTAL-BAR-.jpg\",\"datePublished\":\"2024-05-31T10:16:21+00:00\",\"dateModified\":\"2024-09-12T10:36:36+00:00\",\"description\":\"Wir bieten SKE CRYSTAL BAR EINWEG VAPE E-ZIGARETTE , Elementvape.de akzeptieren Gro\u00df-und Einzelhandel Bestellungen.\",\"breadcrumb\":{\"@id\":\"https:\/\/www.elementvape.de\/produkt\/ske-crystal-bar-einweg-vape-e-zigarette\/#breadcrumb\"},\"inLanguage\":\"sv-SE\",\"potentialAction\":[{\"@type\":\"ReadAction\",\"target\":[\"https:\/\/www.elementvape.de\/produkt\/ske-crystal-bar-einweg-vape-e-zigarette\/\"]}]},{\"@type\":\"ImageObject\",\"inLanguage\":\"sv-SE\",\"@id\":\"https:\/\/www.elementvape.de\/produkt\/ske-crystal-bar-einweg-vape-e-zigarette\/#primaryimage\",\"url\":\"https:\/\/www.elementvape.de\/wp-content\/uploads\/2024\/05\/SKE-CRYSTAL-BAR-.jpg\",\"contentUrl\":\"https:\/\/www.elementvape.de\/wp-content\/uploads\/2024\/05\/SKE-CRYSTAL-BAR-.jpg\",\"width\":1120,\"height\":1120,\"caption\":\"SKE CRYSTAL BAR\"},{\"@type\":\"BreadcrumbList\",\"@id\":\"https:\/\/www.elementvape.de\/produkt\/ske-crystal-bar-einweg-vape-e-zigarette\/#breadcrumb\",\"itemListElement\":[{\"@type\":\"ListItem\",\"position\":1,\"name\":\"Home\",\"item\":\"https:\/\/www.elementvape.de\/\"},{\"@type\":\"ListItem\",\"position\":2,\"name\":\"Shop\",\"item\":\"https:\/\/www.elementvape.de\/shop\/\"},{\"@type\":\"ListItem\",\"position\":3,\"name\":\"SKE CRYSTAL BAR EINWEG VAPE E-ZIGARETTE\"}]},{\"@type\":\"WebSite\",\"@id\":\"https:\/\/www.elementvape.de\/#website\",\"url\":\"https:\/\/www.elementvape.de\/\",\"name\":\"ElementVape.de\",\"description\":\"\",\"publisher\":{\"@id\":\"https:\/\/www.elementvape.de\/#organization\"},\"potentialAction\":[{\"@type\":\"SearchAction\",\"target\":{\"@type\":\"EntryPoint\",\"urlTemplate\":\"https:\/\/www.elementvape.de\/?s={search_term_string}\"},\"query-input\":\"required name=search_term_string\"}],\"inLanguage\":\"sv-SE\"},{\"@type\":\"Organization\",\"@id\":\"https:\/\/www.elementvape.de\/#organization\",\"name\":\"ElementVape.DE\",\"url\":\"https:\/\/www.elementvape.de\/\",\"logo\":{\"@type\":\"ImageObject\",\"inLanguage\":\"sv-SE\",\"@id\":\"https:\/\/www.elementvape.de\/#\/schema\/logo\/image\/\",\"url\":\"https:\/\/www.elementvape.de\/wp-content\/uploads\/2024\/09\/cropped-1elementvape-3.png\",\"contentUrl\":\"https:\/\/www.elementvape.de\/wp-content\/uploads\/2024\/09\/cropped-1elementvape-3.png\",\"width\":285,\"height\":228,\"caption\":\"ElementVape.DE\"},\"image\":{\"@id\":\"https:\/\/www.elementvape.de\/#\/schema\/logo\/image\/\"}}]}<\/script>\n<!-- \/ Yoast SEO plugin. -->","yoast_head_json":{"title":"SKE CRYSTAL BAR EINWEG VAPE E-ZIGARETTE | ElementVape.de","description":"Wir bieten SKE CRYSTAL BAR EINWEG VAPE E-ZIGARETTE , Elementvape.de akzeptieren Gro\u00df-und Einzelhandel Bestellungen.","robots":{"index":"index","follow":"follow","max-snippet":"max-snippet:-1","max-image-preview":"max-image-preview:large","max-video-preview":"max-video-preview:-1"},"canonical":"https:\/\/www.elementvape.de\/sv\/produkt\/ske-crystal-bar-einweg-vape-e-zigarette\/","og_locale":"sv_SE","og_type":"article","og_title":"SKE CRYSTAL BAR EINWEG VAPE E-ZIGARETTE | ElementVape.de","og_description":"Wir bieten SKE CRYSTAL BAR EINWEG VAPE E-ZIGARETTE , Elementvape.de akzeptieren Gro\u00df-und Einzelhandel Bestellungen.","og_url":"https:\/\/www.elementvape.de\/sv\/produkt\/ske-crystal-bar-einweg-vape-e-zigarette\/","og_site_name":"ElementVape.de","article_modified_time":"2024-09-12T10:36:36+00:00","og_image":[{"width":1120,"height":1120,"url":"https:\/\/www.elementvape.de\/wp-content\/uploads\/2024\/05\/SKE-CRYSTAL-BAR-.jpg","type":"image\/jpeg"}],"twitter_card":"summary_large_image","twitter_misc":{"Est. reading time":"4 minuter"},"schema":{"@context":"https:\/\/schema.org","@graph":[{"@type":"WebPage","@id":"https:\/\/www.elementvape.de\/produkt\/ske-crystal-bar-einweg-vape-e-zigarette\/","url":"https:\/\/www.elementvape.de\/produkt\/ske-crystal-bar-einweg-vape-e-zigarette\/","name":"SKE CRYSTAL BAR EINWEG VAPE E-ZIGARETTE | ElementVape.de","isPartOf":{"@id":"https:\/\/www.elementvape.de\/#website"},"primaryImageOfPage":{"@id":"https:\/\/www.elementvape.de\/produkt\/ske-crystal-bar-einweg-vape-e-zigarette\/#primaryimage"},"image":{"@id":"https:\/\/www.elementvape.de\/produkt\/ske-crystal-bar-einweg-vape-e-zigarette\/#primaryimage"},"thumbnailUrl":"https:\/\/www.elementvape.de\/wp-content\/uploads\/2024\/05\/SKE-CRYSTAL-BAR-.jpg","datePublished":"2024-05-31T10:16:21+00:00","dateModified":"2024-09-12T10:36:36+00:00","description":"Wir bieten SKE CRYSTAL BAR EINWEG VAPE E-ZIGARETTE , Elementvape.de akzeptieren Gro\u00df-und Einzelhandel Bestellungen.","breadcrumb":{"@id":"https:\/\/www.elementvape.de\/produkt\/ske-crystal-bar-einweg-vape-e-zigarette\/#breadcrumb"},"inLanguage":"sv-SE","potentialAction":[{"@type":"ReadAction","target":["https:\/\/www.elementvape.de\/produkt\/ske-crystal-bar-einweg-vape-e-zigarette\/"]}]},{"@type":"ImageObject","inLanguage":"sv-SE","@id":"https:\/\/www.elementvape.de\/produkt\/ske-crystal-bar-einweg-vape-e-zigarette\/#primaryimage","url":"https:\/\/www.elementvape.de\/wp-content\/uploads\/2024\/05\/SKE-CRYSTAL-BAR-.jpg","contentUrl":"https:\/\/www.elementvape.de\/wp-content\/uploads\/2024\/05\/SKE-CRYSTAL-BAR-.jpg","width":1120,"height":1120,"caption":"SKE CRYSTAL BAR"},{"@type":"BreadcrumbList","@id":"https:\/\/www.elementvape.de\/produkt\/ske-crystal-bar-einweg-vape-e-zigarette\/#breadcrumb","itemListElement":[{"@type":"ListItem","position":1,"name":"Home","item":"https:\/\/www.elementvape.de\/"},{"@type":"ListItem","position":2,"name":"Shop","item":"https:\/\/www.elementvape.de\/shop\/"},{"@type":"ListItem","position":3,"name":"SKE CRYSTAL BAR EINWEG VAPE E-ZIGARETTE"}]},{"@type":"WebSite","@id":"https:\/\/www.elementvape.de\/#website","url":"https:\/\/www.elementvape.de\/","name":"ElementVape.de","description":"","publisher":{"@id":"https:\/\/www.elementvape.de\/#organization"},"potentialAction":[{"@type":"SearchAction","target":{"@type":"EntryPoint","urlTemplate":"https:\/\/www.elementvape.de\/?s={search_term_string}"},"query-input":"required name=search_term_string"}],"inLanguage":"sv-SE"},{"@type":"Organization","@id":"https:\/\/www.elementvape.de\/#organization","name":"ElementVape.DE","url":"https:\/\/www.elementvape.de\/","logo":{"@type":"ImageObject","inLanguage":"sv-SE","@id":"https:\/\/www.elementvape.de\/#\/schema\/logo\/image\/","url":"https:\/\/www.elementvape.de\/wp-content\/uploads\/2024\/09\/cropped-1elementvape-3.png","contentUrl":"https:\/\/www.elementvape.de\/wp-content\/uploads\/2024\/09\/cropped-1elementvape-3.png","width":285,"height":228,"caption":"ElementVape.DE"},"image":{"@id":"https:\/\/www.elementvape.de\/#\/schema\/logo\/image\/"}}]}},"_links":{"self":[{"href":"https:\/\/www.elementvape.de\/sv\/wp-json\/wp\/v2\/product\/11360"}],"collection":[{"href":"https:\/\/www.elementvape.de\/sv\/wp-json\/wp\/v2\/product"}],"about":[{"href":"https:\/\/www.elementvape.de\/sv\/wp-json\/wp\/v2\/types\/product"}],"wp:featuredmedia":[{"embeddable":true,"href":"https:\/\/www.elementvape.de\/sv\/wp-json\/wp\/v2\/media\/11382"}],"wp:attachment":[{"href":"https:\/\/www.elementvape.de\/sv\/wp-json\/wp\/v2\/media?parent=11360"}],"wp:term":[{"taxonomy":"product_cat","embeddable":true,"href":"https:\/\/www.elementvape.de\/sv\/wp-json\/wp\/v2\/product_cat?post=11360"},{"taxonomy":"product_tag","embeddable":true,"href":"https:\/\/www.elementvape.de\/sv\/wp-json\/wp\/v2\/product_tag?post=11360"}],"curies":[{"name":"wp","href":"https:\/\/api.w.org\/{rel}","templated":true}]}}