{"id":10994,"date":"2024-05-29T03:30:54","date_gmt":"2024-05-29T03:30:54","guid":{"rendered":"https:\/\/www.elementvape.de\/?post_type=product&#038;p=10994"},"modified":"2024-09-12T10:36:43","modified_gmt":"2024-09-12T10:36:43","slug":"geek-bar-e600-einweg-vape-600-zuege-400mah","status":"publish","type":"product","link":"https:\/\/www.elementvape.de\/sv\/produkt\/geek-bar-e600-einweg-vape-600-zuege-400mah\/","title":{"rendered":"Geek Bar E600 Eng\u00e5ngs-Vape 600 drag 400mAh"},"content":{"rendered":"<h2>Beskrivning:<\/h2>\n<p>Element Vape \u00e4r en av de st\u00f6rsta grossisterna och leverant\u00f6rerna av Geek Bar Vape-produkter i Kina. Vi levererar de h\u00f6gkvalitativa Geek Bar eng\u00e5ngsvape-produkterna. Kom till oss. K\u00f6p Geek Bar E600 eng\u00e5ngsvape-produkter till de b\u00e4sta grossistpriserna. Geekbar E600 \u00e4r en klassisk eng\u00e5ngsenhet med tjugo valfria smaker. Den har ett transparent munstycke och ett framst\u00e5ende utseende. Den har en penna-stil med en behaglig handk\u00e4nsla och en mjuk gummitextur och passar bra som b\u00e4rbar vaping-enhet. Den drivs av ett inbyggt 400-mAh batteri, s\u00e5 att du inte beh\u00f6ver ladda enheten f\u00f6rr\u00e4n du \u00e4r klar med draget.<\/p>\n<h2>Smaker:<\/h2>\n<p>Persika Bl\u00e5b\u00e4r Godis<br \/>\nJordgubbe Bubbel Is<br \/>\nVattenmelon<br \/>\nPink Lemonad<br \/>\nJordgubbe Kiwi<br \/>\nf\u00e4rsk Mint<br \/>\nCola<br \/>\n\u00c4pple Persika P\u00e4ron<br \/>\nFuji Melon<br \/>\nKiwipassion Guava<br \/>\nEnh\u00f6rnings milkshake<br \/>\n\u00c4pple Persika<br \/>\nDjungelsaft<br \/>\nBl\u00e5b\u00e4r Granat\u00e4pple<br \/>\nVit persika Hallon<br \/>\nBlandade b\u00e4r Is<br \/>\nBl\u00e5b\u00e4r Bl\u00e5b\u00e4r<br \/>\nHallon<br \/>\nBl\u00e5b\u00e4rshallonad<br \/>\nDruva<\/p>\n<h2>Parametrar:<\/h2>\n<p>Batteri: 400mAh inbyggt batteri<br \/>\nE-saft: 2ml f\u00f6rfylld<br \/>\nT\u00e5g: Upp till 600 t\u00e5g Nikotin: 20mg<br \/>\nSmaker: 20<\/p>\n<p>Paket:<br \/>\n1 x Geek Bar E600 Eng\u00e5ngsvape 600 t\u00e5g<\/p>","protected":false},"excerpt":{"rendered":"<p>Beschreibung: Element Vape ist einer der gr\u00f6\u00dften Gro\u00dfh\u00e4ndler und Lieferanten von Geek Bar Vape-Produkten in China. Wir liefern die hochwertigsten Geek Bar Disposable Vape-Produkte. Kommen Sie zu uns. Kaufen Sie Geek Bar E600 Disposable Vape -Produkte zu den besten Gro\u00dfhandelspreisen. Geekbar E600 ist ein klassisches Einwegger\u00e4t mit zwanzig optionalen Geschmacksrichtungen. Es verf\u00fcgt \u00fcber ein transparentes [&hellip;]<\/p>","protected":false},"featured_media":10995,"template":"","meta":{"inline_featured_image":false},"product_cat":[78,754,745,742,748,744,755,738,751],"product_tag":[679],"tiered_pricing_type":"fixed","tiered_pricing_fixed_rules":[],"tiered_pricing_percentage_rules":[],"tiered_pricing_minimum":1,"_administrator_tiered_pricing_type":"fixed","_administrator_tiered_pricing_fixed_rules":[],"_editor_tiered_pricing_type":"fixed","_editor_tiered_pricing_fixed_rules":[],"_author_tiered_pricing_type":"fixed","_author_tiered_pricing_fixed_rules":[],"_contributor_tiered_pricing_type":"fixed","_contributor_tiered_pricing_fixed_rules":[],"_subscriber_tiered_pricing_type":"fixed","_subscriber_tiered_pricing_fixed_rules":[],"_customer_tiered_pricing_type":"fixed","_customer_tiered_pricing_fixed_rules":[],"_shop_manager_tiered_pricing_type":"fixed","_shop_manager_tiered_pricing_fixed_rules":[],"_wpseo_manager_tiered_pricing_type":"fixed","_wpseo_manager_tiered_pricing_fixed_rules":[],"_wpseo_editor_tiered_pricing_type":"fixed","_wpseo_editor_tiered_pricing_fixed_rules":[],"_wholesale_customer_tiered_pricing_type":"fixed","_wholesale_customer_tiered_pricing_fixed_rules":[],"_marketer_tiered_pricing_type":"fixed","_marketer_tiered_pricing_fixed_rules":[],"_sales_manager_tiered_pricing_type":"fixed","_sales_manager_tiered_pricing_fixed_rules":[],"_sales_rep_tiered_pricing_type":"fixed","_sales_rep_tiered_pricing_fixed_rules":[],"yoast_head":"<!-- This site is optimized with the Yoast SEO plugin v23.3 - https:\/\/yoast.com\/wordpress\/plugins\/seo\/ -->\n<title>Geek Bar E600 Einweg-Vape 600 Z\u00fcge 400mAh | ElementVape.de<\/title>\n<meta name=\"description\" content=\"Wir bieten Geek Bar E600 Einweg-Vape 600 Z\u00fcge 400mAh , Elementvape.de akzeptieren Gro\u00df-und Einzelhandel Bestellungen.\" \/>\n<meta name=\"robots\" content=\"index, follow, max-snippet:-1, max-image-preview:large, max-video-preview:-1\" \/>\n<link rel=\"canonical\" href=\"https:\/\/www.elementvape.de\/sv\/produkt\/geek-bar-e600-einweg-vape-600-zuege-400mah\/\" \/>\n<meta property=\"og:locale\" content=\"sv_SE\" \/>\n<meta property=\"og:type\" content=\"article\" \/>\n<meta property=\"og:title\" content=\"Geek Bar E600 Einweg-Vape 600 Z\u00fcge 400mAh | ElementVape.de\" \/>\n<meta property=\"og:description\" content=\"Wir bieten Geek Bar E600 Einweg-Vape 600 Z\u00fcge 400mAh , Elementvape.de akzeptieren Gro\u00df-und Einzelhandel Bestellungen.\" \/>\n<meta property=\"og:url\" content=\"https:\/\/www.elementvape.de\/sv\/produkt\/geek-bar-e600-einweg-vape-600-zuege-400mah\/\" \/>\n<meta property=\"og:site_name\" content=\"ElementVape.de\" \/>\n<meta property=\"article:modified_time\" content=\"2024-09-12T10:36:43+00:00\" \/>\n<meta property=\"og:image\" content=\"https:\/\/www.elementvape.de\/wp-content\/uploads\/2024\/05\/Geek-Bar-E600-Disposable-Vape-600-Puffs-300214.webp\" \/>\n\t<meta property=\"og:image:width\" content=\"800\" \/>\n\t<meta property=\"og:image:height\" content=\"800\" \/>\n\t<meta property=\"og:image:type\" content=\"image\/webp\" \/>\n<meta name=\"twitter:card\" content=\"summary_large_image\" \/>\n<meta name=\"twitter:label1\" content=\"Est. reading time\" \/>\n\t<meta name=\"twitter:data1\" content=\"2 minuter\" \/>\n<script type=\"application\/ld+json\" class=\"yoast-schema-graph\">{\"@context\":\"https:\/\/schema.org\",\"@graph\":[{\"@type\":\"WebPage\",\"@id\":\"https:\/\/www.elementvape.de\/fr\/produkt\/geek-bar-e600-einweg-vape-600-zuege-400mah\/\",\"url\":\"https:\/\/www.elementvape.de\/fr\/produkt\/geek-bar-e600-einweg-vape-600-zuege-400mah\/\",\"name\":\"Geek Bar E600 Einweg-Vape 600 Z\u00fcge 400mAh | ElementVape.de\",\"isPartOf\":{\"@id\":\"https:\/\/www.elementvape.de\/#website\"},\"primaryImageOfPage\":{\"@id\":\"https:\/\/www.elementvape.de\/fr\/produkt\/geek-bar-e600-einweg-vape-600-zuege-400mah\/#primaryimage\"},\"image\":{\"@id\":\"https:\/\/www.elementvape.de\/fr\/produkt\/geek-bar-e600-einweg-vape-600-zuege-400mah\/#primaryimage\"},\"thumbnailUrl\":\"https:\/\/www.elementvape.de\/wp-content\/uploads\/2024\/05\/Geek-Bar-E600-Disposable-Vape-600-Puffs-300214.webp\",\"datePublished\":\"2024-05-29T03:30:54+00:00\",\"dateModified\":\"2024-09-12T10:36:43+00:00\",\"description\":\"Wir bieten Geek Bar E600 Einweg-Vape 600 Z\u00fcge 400mAh , Elementvape.de akzeptieren Gro\u00df-und Einzelhandel Bestellungen.\",\"breadcrumb\":{\"@id\":\"https:\/\/www.elementvape.de\/fr\/produkt\/geek-bar-e600-einweg-vape-600-zuege-400mah\/#breadcrumb\"},\"inLanguage\":\"sv-SE\",\"potentialAction\":[{\"@type\":\"ReadAction\",\"target\":[\"https:\/\/www.elementvape.de\/fr\/produkt\/geek-bar-e600-einweg-vape-600-zuege-400mah\/\"]}]},{\"@type\":\"ImageObject\",\"inLanguage\":\"sv-SE\",\"@id\":\"https:\/\/www.elementvape.de\/fr\/produkt\/geek-bar-e600-einweg-vape-600-zuege-400mah\/#primaryimage\",\"url\":\"https:\/\/www.elementvape.de\/wp-content\/uploads\/2024\/05\/Geek-Bar-E600-Disposable-Vape-600-Puffs-300214.webp\",\"contentUrl\":\"https:\/\/www.elementvape.de\/wp-content\/uploads\/2024\/05\/Geek-Bar-E600-Disposable-Vape-600-Puffs-300214.webp\",\"width\":800,\"height\":800,\"caption\":\"Geek-Bar-E600-Disposable-Vape-600-Puffs-300214\"},{\"@type\":\"BreadcrumbList\",\"@id\":\"https:\/\/www.elementvape.de\/fr\/produkt\/geek-bar-e600-einweg-vape-600-zuege-400mah\/#breadcrumb\",\"itemListElement\":[{\"@type\":\"ListItem\",\"position\":1,\"name\":\"Home\",\"item\":\"https:\/\/www.elementvape.de\/\"},{\"@type\":\"ListItem\",\"position\":2,\"name\":\"Shop\",\"item\":\"https:\/\/www.elementvape.de\/shop\/\"},{\"@type\":\"ListItem\",\"position\":3,\"name\":\"Geek Bar E600 Einweg-Vape 600 Z\u00fcge 400mAh\"}]},{\"@type\":\"WebSite\",\"@id\":\"https:\/\/www.elementvape.de\/#website\",\"url\":\"https:\/\/www.elementvape.de\/\",\"name\":\"ElementVape.de\",\"description\":\"\",\"publisher\":{\"@id\":\"https:\/\/www.elementvape.de\/#organization\"},\"potentialAction\":[{\"@type\":\"SearchAction\",\"target\":{\"@type\":\"EntryPoint\",\"urlTemplate\":\"https:\/\/www.elementvape.de\/?s={search_term_string}\"},\"query-input\":\"required name=search_term_string\"}],\"inLanguage\":\"sv-SE\"},{\"@type\":\"Organization\",\"@id\":\"https:\/\/www.elementvape.de\/#organization\",\"name\":\"ElementVape.DE\",\"url\":\"https:\/\/www.elementvape.de\/\",\"logo\":{\"@type\":\"ImageObject\",\"inLanguage\":\"sv-SE\",\"@id\":\"https:\/\/www.elementvape.de\/#\/schema\/logo\/image\/\",\"url\":\"https:\/\/www.elementvape.de\/wp-content\/uploads\/2024\/09\/cropped-1elementvape-3.png\",\"contentUrl\":\"https:\/\/www.elementvape.de\/wp-content\/uploads\/2024\/09\/cropped-1elementvape-3.png\",\"width\":285,\"height\":228,\"caption\":\"ElementVape.DE\"},\"image\":{\"@id\":\"https:\/\/www.elementvape.de\/#\/schema\/logo\/image\/\"}}]}<\/script>\n<!-- \/ Yoast SEO plugin. -->","yoast_head_json":{"title":"Geek Bar E600 Einweg-Vape 600 Z\u00fcge 400mAh | ElementVape.de","description":"Wir bieten Geek Bar E600 Einweg-Vape 600 Z\u00fcge 400mAh , Elementvape.de akzeptieren Gro\u00df-und Einzelhandel Bestellungen.","robots":{"index":"index","follow":"follow","max-snippet":"max-snippet:-1","max-image-preview":"max-image-preview:large","max-video-preview":"max-video-preview:-1"},"canonical":"https:\/\/www.elementvape.de\/sv\/produkt\/geek-bar-e600-einweg-vape-600-zuege-400mah\/","og_locale":"sv_SE","og_type":"article","og_title":"Geek Bar E600 Einweg-Vape 600 Z\u00fcge 400mAh | ElementVape.de","og_description":"Wir bieten Geek Bar E600 Einweg-Vape 600 Z\u00fcge 400mAh , Elementvape.de akzeptieren Gro\u00df-und Einzelhandel Bestellungen.","og_url":"https:\/\/www.elementvape.de\/sv\/produkt\/geek-bar-e600-einweg-vape-600-zuege-400mah\/","og_site_name":"ElementVape.de","article_modified_time":"2024-09-12T10:36:43+00:00","og_image":[{"width":800,"height":800,"url":"https:\/\/www.elementvape.de\/wp-content\/uploads\/2024\/05\/Geek-Bar-E600-Disposable-Vape-600-Puffs-300214.webp","type":"image\/webp"}],"twitter_card":"summary_large_image","twitter_misc":{"Est. reading time":"2 minuter"},"schema":{"@context":"https:\/\/schema.org","@graph":[{"@type":"WebPage","@id":"https:\/\/www.elementvape.de\/fr\/produkt\/geek-bar-e600-einweg-vape-600-zuege-400mah\/","url":"https:\/\/www.elementvape.de\/fr\/produkt\/geek-bar-e600-einweg-vape-600-zuege-400mah\/","name":"Geek Bar E600 Einweg-Vape 600 Z\u00fcge 400mAh | ElementVape.de","isPartOf":{"@id":"https:\/\/www.elementvape.de\/#website"},"primaryImageOfPage":{"@id":"https:\/\/www.elementvape.de\/fr\/produkt\/geek-bar-e600-einweg-vape-600-zuege-400mah\/#primaryimage"},"image":{"@id":"https:\/\/www.elementvape.de\/fr\/produkt\/geek-bar-e600-einweg-vape-600-zuege-400mah\/#primaryimage"},"thumbnailUrl":"https:\/\/www.elementvape.de\/wp-content\/uploads\/2024\/05\/Geek-Bar-E600-Disposable-Vape-600-Puffs-300214.webp","datePublished":"2024-05-29T03:30:54+00:00","dateModified":"2024-09-12T10:36:43+00:00","description":"Wir bieten Geek Bar E600 Einweg-Vape 600 Z\u00fcge 400mAh , Elementvape.de akzeptieren Gro\u00df-und Einzelhandel Bestellungen.","breadcrumb":{"@id":"https:\/\/www.elementvape.de\/fr\/produkt\/geek-bar-e600-einweg-vape-600-zuege-400mah\/#breadcrumb"},"inLanguage":"sv-SE","potentialAction":[{"@type":"ReadAction","target":["https:\/\/www.elementvape.de\/fr\/produkt\/geek-bar-e600-einweg-vape-600-zuege-400mah\/"]}]},{"@type":"ImageObject","inLanguage":"sv-SE","@id":"https:\/\/www.elementvape.de\/fr\/produkt\/geek-bar-e600-einweg-vape-600-zuege-400mah\/#primaryimage","url":"https:\/\/www.elementvape.de\/wp-content\/uploads\/2024\/05\/Geek-Bar-E600-Disposable-Vape-600-Puffs-300214.webp","contentUrl":"https:\/\/www.elementvape.de\/wp-content\/uploads\/2024\/05\/Geek-Bar-E600-Disposable-Vape-600-Puffs-300214.webp","width":800,"height":800,"caption":"Geek-Bar-E600-Disposable-Vape-600-Puffs-300214"},{"@type":"BreadcrumbList","@id":"https:\/\/www.elementvape.de\/fr\/produkt\/geek-bar-e600-einweg-vape-600-zuege-400mah\/#breadcrumb","itemListElement":[{"@type":"ListItem","position":1,"name":"Home","item":"https:\/\/www.elementvape.de\/"},{"@type":"ListItem","position":2,"name":"Shop","item":"https:\/\/www.elementvape.de\/shop\/"},{"@type":"ListItem","position":3,"name":"Geek Bar E600 Einweg-Vape 600 Z\u00fcge 400mAh"}]},{"@type":"WebSite","@id":"https:\/\/www.elementvape.de\/#website","url":"https:\/\/www.elementvape.de\/","name":"ElementVape.de","description":"","publisher":{"@id":"https:\/\/www.elementvape.de\/#organization"},"potentialAction":[{"@type":"SearchAction","target":{"@type":"EntryPoint","urlTemplate":"https:\/\/www.elementvape.de\/?s={search_term_string}"},"query-input":"required name=search_term_string"}],"inLanguage":"sv-SE"},{"@type":"Organization","@id":"https:\/\/www.elementvape.de\/#organization","name":"ElementVape.DE","url":"https:\/\/www.elementvape.de\/","logo":{"@type":"ImageObject","inLanguage":"sv-SE","@id":"https:\/\/www.elementvape.de\/#\/schema\/logo\/image\/","url":"https:\/\/www.elementvape.de\/wp-content\/uploads\/2024\/09\/cropped-1elementvape-3.png","contentUrl":"https:\/\/www.elementvape.de\/wp-content\/uploads\/2024\/09\/cropped-1elementvape-3.png","width":285,"height":228,"caption":"ElementVape.DE"},"image":{"@id":"https:\/\/www.elementvape.de\/#\/schema\/logo\/image\/"}}]}},"_links":{"self":[{"href":"https:\/\/www.elementvape.de\/sv\/wp-json\/wp\/v2\/product\/10994"}],"collection":[{"href":"https:\/\/www.elementvape.de\/sv\/wp-json\/wp\/v2\/product"}],"about":[{"href":"https:\/\/www.elementvape.de\/sv\/wp-json\/wp\/v2\/types\/product"}],"wp:featuredmedia":[{"embeddable":true,"href":"https:\/\/www.elementvape.de\/sv\/wp-json\/wp\/v2\/media\/10995"}],"wp:attachment":[{"href":"https:\/\/www.elementvape.de\/sv\/wp-json\/wp\/v2\/media?parent=10994"}],"wp:term":[{"taxonomy":"product_cat","embeddable":true,"href":"https:\/\/www.elementvape.de\/sv\/wp-json\/wp\/v2\/product_cat?post=10994"},{"taxonomy":"product_tag","embeddable":true,"href":"https:\/\/www.elementvape.de\/sv\/wp-json\/wp\/v2\/product_tag?post=10994"}],"curies":[{"name":"wp","href":"https:\/\/api.w.org\/{rel}","templated":true}]}}