{"id":10307,"date":"2024-04-29T08:01:21","date_gmt":"2024-04-29T08:01:21","guid":{"rendered":"https:\/\/www.elementvape.de\/?post_type=product&#038;p=10307"},"modified":"2026-01-05T19:11:18","modified_gmt":"2026-01-05T19:11:18","slug":"randm-tornado-9000-einweg-vape-9000-puffs-eu-lagerraum","status":"publish","type":"product","link":"https:\/\/www.elementvape.de\/sv\/produkt\/randm-tornado-9000-einweg-vape-9000-puffs-eu-lagerraum\/","title":{"rendered":"Randm Tornado 9000 Eng\u00e5ngsvape 9000 puffar EU-lager"},"content":{"rendered":"<p>Minsta best\u00e4llningsm\u00e4ngd f\u00f6r e-cigaretter \u00e4r 1 f\u00f6rpackning med 10 e-cigaretter. Du kan v\u00e4lja din favorit smak.<\/p>\n<p>Priset f\u00f6r denna produkt g\u00e4ller f\u00f6r 10 Vapes.<\/p>\n<p>E-post: <a rel=\"noreferrer\">elementvapede@gmail.com<\/a><\/p>\n<hr \/>\n<h2><strong>RandM Tornado 9000: Den ultimata vape-upplevelsen<\/strong><\/h2>\n<p><strong>Vi presenterar: RandM Tornado 9000 \u2013 En smakstorm frigjord<\/strong><\/p>\n<p>Njut av en extraordin\u00e4r upplevelse med RandM Tornado 9000, en \u00e5ngenhet som \u00e4r k\u00e4nd f\u00f6r sin rena och milda smak. Denna enast\u00e5ende e-cigaret \u00e4r utvecklad f\u00f6r att ge dig en berusande smakresa med varje drag. Oavsett om du \u00e4r en erfaren vapare eller nyb\u00f6rjare, kommer RandM Tornado 9000 garanterat att erbjuda dig en sp\u00e4nnande vape-upplevelse som f\u00e5r dig att \u00e5terv\u00e4nda f\u00f6r mer.<\/p>\n<h3><strong>O\u00f6vertr\u00e4ffad batteritid och anv\u00e4ndarv\u00e4nlig design<\/strong><\/h3>\n<p>RandM Tornado 9000 \u00e4r utrustad med ett kraftfullt batteri, s\u00e5 att du kan njuta av l\u00e4ngre r\u00f6kningstider utan att beh\u00f6va ladda ofta. S\u00e4g adj\u00f6 till besv\u00e4ret att hitta en str\u00f6mk\u00e4lla. Denna \u00e5ngare \u00e4r h\u00e5llbar och ger dig en oavbruten r\u00f6kning.<\/p>\n<p>Den ergonomiska designen av RandM Tornado 9000 \u00e4r ett bevis p\u00e5 dess \u00f6verl\u00e4gsna hantverk. Enheten ligger bra i handen, \u00e4r b\u00e4rbar och l\u00e4tt att anv\u00e4nda var som helst. Dess slanka men \u00e4nd\u00e5 robusta design ger en f\u00f6rstklassig r\u00f6kupplevelse utan klapper eller ovanliga ljud under drift.<\/p>\n<p><strong>Omfattning<\/strong><\/p>\n<ul>\n<li>2% Nikotinsalt<\/li>\n<li>18 ml E-liquid<\/li>\n<li>Mesh-spole<\/li>\n<li>\u00c5teruppladdningsbart batteri<\/li>\n<li>Inbyggt 850-mAh batteri<\/li>\n<li>Tillg\u00e4ngliga i 20 smaker<\/li>\n<li>Levereras i en presentbox med 10 stycken<\/li>\n<li>200 stycken per kartong<\/li>\n<\/ul>\n<h4><strong>Dyka in i f\u00e4rgglada e-cigaretter<\/strong><\/h4>\n<p>RGB-belysningen p\u00e5 RandM Tornado 9000 \u00e4r fascinerande. N\u00e4r du tar ett bloss lyser undersidan av apparaten upp och visar en rad fascinerande f\u00e4rger, fr\u00e5n glad gult till eldigt r\u00f6tt, lugnande bl\u00e5tt till rogivande gr\u00f6nt och fascinerande lila. Ljusen ger din vapingupplevelse en touch av visuell njutning. Ljusen f\u00f6ljer dina bloss och blinkar i ungef\u00e4r sju sekunder i str\u00e4ck, vilket ger en riktigt immersiv upplevelse.<\/p>\n<p><strong>Justering av luftfl\u00f6de och avancerade mesh-spolar<\/strong><\/p>\n<p>RandM Tornado 9000 har en h\u00f6gkvalitativ mesh-spole som ger utm\u00e4rkt smak och \u00e5ngproduktion. Mesh-spolsteknologin s\u00e4kerst\u00e4ller en j\u00e4mn v\u00e4rmef\u00f6rdelning f\u00f6r en j\u00e4mn k\u00e4nsla. Du kommer att bli f\u00f6rv\u00e5nad \u00f6ver smakens fyllighet och djup.<\/p>\n<h3><strong>Best\u00e4ll nu RandM Tornado 9000<\/strong><\/h3>\n<p>\u00c4r du redo att f\u00f6rb\u00e4ttra din vapingupplevelse? Missa inte de otroliga funktionerna och smakerna som RandM Tornado 9000 har att erbjuda. L\u00e4gg din best\u00e4llning nu och dyka in i en v\u00e4rld av doftande moln och l\u00e4tt r\u00f6kring.<\/p>","protected":false},"excerpt":{"rendered":"<p>Die Mindestbestellmenge f\u00fcr E-Zigaretten betr\u00e4gt 1 Packung mit 10 E-Zigaretten. Sie k\u00f6nnen Ihren Lieblingsgeschmack w\u00e4hlen. Der Preis f\u00fcr dieses Produkt gilt f\u00fcr 10 Vapes. E-Mail: elementvapede@gmail.com RandM Tornado 9000: Das ultimative Dampferlebnis Wir stellen vor: RandM Tornado 9000 \u2013 Ein Geschmackssturm entfesselt Genie\u00dfen Sie ein au\u00dfergew\u00f6hnliches Erlebnis mit dem RandM Tornado 9000, einem Dampfger\u00e4t, das [&hellip;]<\/p>","protected":false},"featured_media":10315,"template":"","meta":{"inline_featured_image":false},"product_cat":[15,78,735,746,741,733,747,740,734,753,754,745,742,748,750,737,736,749,752,756,739,743,744,755,738,751],"product_tag":[710,709,684],"tiered_pricing_type":"fixed","tiered_pricing_fixed_rules":{"50":"7.92","110":"7.48","210":"7.04","510":"6.6","1100":"6.16"},"tiered_pricing_percentage_rules":[],"tiered_pricing_minimum":1,"_administrator_tiered_pricing_type":"fixed","_administrator_tiered_pricing_fixed_rules":[],"_editor_tiered_pricing_type":"fixed","_editor_tiered_pricing_fixed_rules":[],"_author_tiered_pricing_type":"fixed","_author_tiered_pricing_fixed_rules":[],"_contributor_tiered_pricing_type":"fixed","_contributor_tiered_pricing_fixed_rules":[],"_subscriber_tiered_pricing_type":"fixed","_subscriber_tiered_pricing_fixed_rules":[],"_customer_tiered_pricing_type":"fixed","_customer_tiered_pricing_fixed_rules":[],"_shop_manager_tiered_pricing_type":"fixed","_shop_manager_tiered_pricing_fixed_rules":[],"_wpseo_manager_tiered_pricing_type":"fixed","_wpseo_manager_tiered_pricing_fixed_rules":[],"_wpseo_editor_tiered_pricing_type":"fixed","_wpseo_editor_tiered_pricing_fixed_rules":[],"_wholesale_customer_tiered_pricing_type":"fixed","_wholesale_customer_tiered_pricing_fixed_rules":[],"_marketer_tiered_pricing_type":"fixed","_marketer_tiered_pricing_fixed_rules":[],"_sales_manager_tiered_pricing_type":"fixed","_sales_manager_tiered_pricing_fixed_rules":[],"_sales_rep_tiered_pricing_type":"fixed","_sales_rep_tiered_pricing_fixed_rules":[],"yoast_head":"<!-- This site is optimized with the Yoast SEO plugin v23.3 - https:\/\/yoast.com\/wordpress\/plugins\/seo\/ -->\n<title>Randm Tornado 9000 Einweg Vape 9000 Puffs Eu lagerraum | ElementVape.de<\/title>\n<meta name=\"description\" content=\"Wir bieten Randm Tornado 9000 Einweg Vape 9000 Puffs Eu lagerraum , Elementvape.de akzeptieren Gro\u00df-und Einzelhandel Bestellungen.\" \/>\n<meta name=\"robots\" content=\"index, follow, max-snippet:-1, max-image-preview:large, max-video-preview:-1\" \/>\n<link rel=\"canonical\" href=\"https:\/\/www.elementvape.de\/sv\/produkt\/randm-tornado-9000-einweg-vape-9000-puffs-eu-lagerraum\/\" \/>\n<meta property=\"og:locale\" content=\"sv_SE\" \/>\n<meta property=\"og:type\" content=\"article\" \/>\n<meta property=\"og:title\" content=\"Randm Tornado 9000 Einweg Vape 9000 Puffs Eu lagerraum | ElementVape.de\" \/>\n<meta property=\"og:description\" content=\"Wir bieten Randm Tornado 9000 Einweg Vape 9000 Puffs Eu lagerraum , Elementvape.de akzeptieren Gro\u00df-und Einzelhandel Bestellungen.\" \/>\n<meta property=\"og:url\" content=\"https:\/\/www.elementvape.de\/sv\/produkt\/randm-tornado-9000-einweg-vape-9000-puffs-eu-lagerraum\/\" \/>\n<meta property=\"og:site_name\" content=\"ElementVape.de\" \/>\n<meta property=\"article:modified_time\" content=\"2026-01-05T19:11:18+00:00\" \/>\n<meta property=\"og:image\" content=\"https:\/\/www.elementvape.de\/wp-content\/uploads\/2024\/04\/RandM-Tornado-9000-Puffs-10.webp\" \/>\n\t<meta property=\"og:image:width\" content=\"800\" \/>\n\t<meta property=\"og:image:height\" content=\"800\" \/>\n\t<meta property=\"og:image:type\" content=\"image\/webp\" \/>\n<meta name=\"twitter:card\" content=\"summary_large_image\" \/>\n<meta name=\"twitter:label1\" content=\"Est. reading time\" \/>\n\t<meta name=\"twitter:data1\" content=\"3 minuter\" \/>\n<script type=\"application\/ld+json\" class=\"yoast-schema-graph\">{\"@context\":\"https:\/\/schema.org\",\"@graph\":[{\"@type\":\"WebPage\",\"@id\":\"https:\/\/www.elementvape.de\/produkt\/randm-tornado-9000-einweg-vape-9000-puffs-eu-lagerraum\/\",\"url\":\"https:\/\/www.elementvape.de\/produkt\/randm-tornado-9000-einweg-vape-9000-puffs-eu-lagerraum\/\",\"name\":\"Randm Tornado 9000 Einweg Vape 9000 Puffs Eu lagerraum | ElementVape.de\",\"isPartOf\":{\"@id\":\"https:\/\/www.elementvape.de\/#website\"},\"primaryImageOfPage\":{\"@id\":\"https:\/\/www.elementvape.de\/produkt\/randm-tornado-9000-einweg-vape-9000-puffs-eu-lagerraum\/#primaryimage\"},\"image\":{\"@id\":\"https:\/\/www.elementvape.de\/produkt\/randm-tornado-9000-einweg-vape-9000-puffs-eu-lagerraum\/#primaryimage\"},\"thumbnailUrl\":\"https:\/\/www.elementvape.de\/wp-content\/uploads\/2024\/04\/RandM-Tornado-9000-Puffs-10.webp\",\"datePublished\":\"2024-04-29T08:01:21+00:00\",\"dateModified\":\"2026-01-05T19:11:18+00:00\",\"description\":\"Wir bieten Randm Tornado 9000 Einweg Vape 9000 Puffs Eu lagerraum , Elementvape.de akzeptieren Gro\u00df-und Einzelhandel Bestellungen.\",\"breadcrumb\":{\"@id\":\"https:\/\/www.elementvape.de\/produkt\/randm-tornado-9000-einweg-vape-9000-puffs-eu-lagerraum\/#breadcrumb\"},\"inLanguage\":\"sv-SE\",\"potentialAction\":[{\"@type\":\"ReadAction\",\"target\":[\"https:\/\/www.elementvape.de\/produkt\/randm-tornado-9000-einweg-vape-9000-puffs-eu-lagerraum\/\"]}]},{\"@type\":\"ImageObject\",\"inLanguage\":\"sv-SE\",\"@id\":\"https:\/\/www.elementvape.de\/produkt\/randm-tornado-9000-einweg-vape-9000-puffs-eu-lagerraum\/#primaryimage\",\"url\":\"https:\/\/www.elementvape.de\/wp-content\/uploads\/2024\/04\/RandM-Tornado-9000-Puffs-10.webp\",\"contentUrl\":\"https:\/\/www.elementvape.de\/wp-content\/uploads\/2024\/04\/RandM-Tornado-9000-Puffs-10.webp\",\"width\":800,\"height\":800},{\"@type\":\"BreadcrumbList\",\"@id\":\"https:\/\/www.elementvape.de\/produkt\/randm-tornado-9000-einweg-vape-9000-puffs-eu-lagerraum\/#breadcrumb\",\"itemListElement\":[{\"@type\":\"ListItem\",\"position\":1,\"name\":\"Home\",\"item\":\"https:\/\/www.elementvape.de\/\"},{\"@type\":\"ListItem\",\"position\":2,\"name\":\"Shop\",\"item\":\"https:\/\/www.elementvape.de\/shop\/\"},{\"@type\":\"ListItem\",\"position\":3,\"name\":\"Randm Tornado 9000 Einweg Vape 9000 Puffs Eu lagerraum\"}]},{\"@type\":\"WebSite\",\"@id\":\"https:\/\/www.elementvape.de\/#website\",\"url\":\"https:\/\/www.elementvape.de\/\",\"name\":\"ElementVape.de\",\"description\":\"\",\"publisher\":{\"@id\":\"https:\/\/www.elementvape.de\/#organization\"},\"potentialAction\":[{\"@type\":\"SearchAction\",\"target\":{\"@type\":\"EntryPoint\",\"urlTemplate\":\"https:\/\/www.elementvape.de\/?s={search_term_string}\"},\"query-input\":\"required name=search_term_string\"}],\"inLanguage\":\"sv-SE\"},{\"@type\":\"Organization\",\"@id\":\"https:\/\/www.elementvape.de\/#organization\",\"name\":\"ElementVape.DE\",\"url\":\"https:\/\/www.elementvape.de\/\",\"logo\":{\"@type\":\"ImageObject\",\"inLanguage\":\"sv-SE\",\"@id\":\"https:\/\/www.elementvape.de\/#\/schema\/logo\/image\/\",\"url\":\"https:\/\/www.elementvape.de\/wp-content\/uploads\/2024\/09\/cropped-1elementvape-3.png\",\"contentUrl\":\"https:\/\/www.elementvape.de\/wp-content\/uploads\/2024\/09\/cropped-1elementvape-3.png\",\"width\":285,\"height\":228,\"caption\":\"ElementVape.DE\"},\"image\":{\"@id\":\"https:\/\/www.elementvape.de\/#\/schema\/logo\/image\/\"}}]}<\/script>\n<!-- \/ Yoast SEO plugin. -->","yoast_head_json":{"title":"Randm Tornado 9000 Einweg Vape 9000 Puffs Eu lagerraum | ElementVape.de","description":"Wir bieten Randm Tornado 9000 Einweg Vape 9000 Puffs Eu lagerraum , Elementvape.de akzeptieren Gro\u00df-und Einzelhandel Bestellungen.","robots":{"index":"index","follow":"follow","max-snippet":"max-snippet:-1","max-image-preview":"max-image-preview:large","max-video-preview":"max-video-preview:-1"},"canonical":"https:\/\/www.elementvape.de\/sv\/produkt\/randm-tornado-9000-einweg-vape-9000-puffs-eu-lagerraum\/","og_locale":"sv_SE","og_type":"article","og_title":"Randm Tornado 9000 Einweg Vape 9000 Puffs Eu lagerraum | ElementVape.de","og_description":"Wir bieten Randm Tornado 9000 Einweg Vape 9000 Puffs Eu lagerraum , Elementvape.de akzeptieren Gro\u00df-und Einzelhandel Bestellungen.","og_url":"https:\/\/www.elementvape.de\/sv\/produkt\/randm-tornado-9000-einweg-vape-9000-puffs-eu-lagerraum\/","og_site_name":"ElementVape.de","article_modified_time":"2026-01-05T19:11:18+00:00","og_image":[{"width":800,"height":800,"url":"https:\/\/www.elementvape.de\/wp-content\/uploads\/2024\/04\/RandM-Tornado-9000-Puffs-10.webp","type":"image\/webp"}],"twitter_card":"summary_large_image","twitter_misc":{"Est. reading time":"3 minuter"},"schema":{"@context":"https:\/\/schema.org","@graph":[{"@type":"WebPage","@id":"https:\/\/www.elementvape.de\/produkt\/randm-tornado-9000-einweg-vape-9000-puffs-eu-lagerraum\/","url":"https:\/\/www.elementvape.de\/produkt\/randm-tornado-9000-einweg-vape-9000-puffs-eu-lagerraum\/","name":"Randm Tornado 9000 Einweg Vape 9000 Puffs Eu lagerraum | ElementVape.de","isPartOf":{"@id":"https:\/\/www.elementvape.de\/#website"},"primaryImageOfPage":{"@id":"https:\/\/www.elementvape.de\/produkt\/randm-tornado-9000-einweg-vape-9000-puffs-eu-lagerraum\/#primaryimage"},"image":{"@id":"https:\/\/www.elementvape.de\/produkt\/randm-tornado-9000-einweg-vape-9000-puffs-eu-lagerraum\/#primaryimage"},"thumbnailUrl":"https:\/\/www.elementvape.de\/wp-content\/uploads\/2024\/04\/RandM-Tornado-9000-Puffs-10.webp","datePublished":"2024-04-29T08:01:21+00:00","dateModified":"2026-01-05T19:11:18+00:00","description":"Wir bieten Randm Tornado 9000 Einweg Vape 9000 Puffs Eu lagerraum , Elementvape.de akzeptieren Gro\u00df-und Einzelhandel Bestellungen.","breadcrumb":{"@id":"https:\/\/www.elementvape.de\/produkt\/randm-tornado-9000-einweg-vape-9000-puffs-eu-lagerraum\/#breadcrumb"},"inLanguage":"sv-SE","potentialAction":[{"@type":"ReadAction","target":["https:\/\/www.elementvape.de\/produkt\/randm-tornado-9000-einweg-vape-9000-puffs-eu-lagerraum\/"]}]},{"@type":"ImageObject","inLanguage":"sv-SE","@id":"https:\/\/www.elementvape.de\/produkt\/randm-tornado-9000-einweg-vape-9000-puffs-eu-lagerraum\/#primaryimage","url":"https:\/\/www.elementvape.de\/wp-content\/uploads\/2024\/04\/RandM-Tornado-9000-Puffs-10.webp","contentUrl":"https:\/\/www.elementvape.de\/wp-content\/uploads\/2024\/04\/RandM-Tornado-9000-Puffs-10.webp","width":800,"height":800},{"@type":"BreadcrumbList","@id":"https:\/\/www.elementvape.de\/produkt\/randm-tornado-9000-einweg-vape-9000-puffs-eu-lagerraum\/#breadcrumb","itemListElement":[{"@type":"ListItem","position":1,"name":"Home","item":"https:\/\/www.elementvape.de\/"},{"@type":"ListItem","position":2,"name":"Shop","item":"https:\/\/www.elementvape.de\/shop\/"},{"@type":"ListItem","position":3,"name":"Randm Tornado 9000 Einweg Vape 9000 Puffs Eu lagerraum"}]},{"@type":"WebSite","@id":"https:\/\/www.elementvape.de\/#website","url":"https:\/\/www.elementvape.de\/","name":"ElementVape.de","description":"","publisher":{"@id":"https:\/\/www.elementvape.de\/#organization"},"potentialAction":[{"@type":"SearchAction","target":{"@type":"EntryPoint","urlTemplate":"https:\/\/www.elementvape.de\/?s={search_term_string}"},"query-input":"required name=search_term_string"}],"inLanguage":"sv-SE"},{"@type":"Organization","@id":"https:\/\/www.elementvape.de\/#organization","name":"ElementVape.DE","url":"https:\/\/www.elementvape.de\/","logo":{"@type":"ImageObject","inLanguage":"sv-SE","@id":"https:\/\/www.elementvape.de\/#\/schema\/logo\/image\/","url":"https:\/\/www.elementvape.de\/wp-content\/uploads\/2024\/09\/cropped-1elementvape-3.png","contentUrl":"https:\/\/www.elementvape.de\/wp-content\/uploads\/2024\/09\/cropped-1elementvape-3.png","width":285,"height":228,"caption":"ElementVape.DE"},"image":{"@id":"https:\/\/www.elementvape.de\/#\/schema\/logo\/image\/"}}]}},"_links":{"self":[{"href":"https:\/\/www.elementvape.de\/sv\/wp-json\/wp\/v2\/product\/10307"}],"collection":[{"href":"https:\/\/www.elementvape.de\/sv\/wp-json\/wp\/v2\/product"}],"about":[{"href":"https:\/\/www.elementvape.de\/sv\/wp-json\/wp\/v2\/types\/product"}],"wp:featuredmedia":[{"embeddable":true,"href":"https:\/\/www.elementvape.de\/sv\/wp-json\/wp\/v2\/media\/10315"}],"wp:attachment":[{"href":"https:\/\/www.elementvape.de\/sv\/wp-json\/wp\/v2\/media?parent=10307"}],"wp:term":[{"taxonomy":"product_cat","embeddable":true,"href":"https:\/\/www.elementvape.de\/sv\/wp-json\/wp\/v2\/product_cat?post=10307"},{"taxonomy":"product_tag","embeddable":true,"href":"https:\/\/www.elementvape.de\/sv\/wp-json\/wp\/v2\/product_tag?post=10307"}],"curies":[{"name":"wp","href":"https:\/\/api.w.org\/{rel}","templated":true}]}}