{"id":14259,"date":"2024-09-10T07:29:15","date_gmt":"2024-09-10T07:29:15","guid":{"rendered":"https:\/\/www.elementvape.de\/?page_id=14259"},"modified":"2025-12-11T07:00:30","modified_gmt":"2025-12-11T07:00:30","slug":"terms-conditions","status":"publish","type":"page","link":"https:\/\/www.elementvape.de\/sv\/terms-conditions\/","title":{"rendered":"Anv\u00e4ndarvillkor"},"content":{"rendered":"<h2 class=\"wp-block-heading\"><strong>Allm\u00e4nna villkor (AV) &amp; Anv\u00e4ndarvillkor<\/strong><\/h2>\n\n\n\n<p><strong>V\u00c4NLIGEN L\u00c4S DESSA ANV\u00c4NDARVILLKOR NOGGRANT INNAN DU ANV\u00c4NDER DENNA WEBBPLATS.<\/strong> GENOM ATT F\u00c5 TILLG\u00c5NG TILL OCH ANV\u00c4NDA DENNA WEBBPLATS BEKR\u00c4FTAR DU ATT DU HAR L\u00c4ST OCH F\u00d6RST\u00c5TT DESSA VILLKOR OCH GODK\u00c4NNER DEM. OM DU INTE GODK\u00c4NNER DESSA VILLKOR, F\u00c5R DU INTE ANV\u00c4NDA WEBBPLATSEN.<\/p>\n\n\n\n<h3 class=\"wp-block-heading\">1. Samtycke till villkoren<\/h3>\n\n\n\n<p>Genom att anv\u00e4nda webbplatsen <strong>Elementvape<\/strong> (h\u00e4danefter \u201dwebbplatsen\u201d) eller genom att klicka p\u00e5 \u201dJag samtycker\u201d f\u00f6rbinder du dig som anv\u00e4ndare att f\u00f6lja dessa allm\u00e4nna villkor. Elementvape f\u00f6rbeh\u00e5ller sig r\u00e4tten att n\u00e4r som helst och utan f\u00f6reg\u00e5ende meddelande blockera eller avsluta din tillg\u00e5ng till webbplatsen, s\u00e4rskilt vid brott mot detta avtal eller g\u00e4llande riktlinjer.<\/p>\n\n\n\n<h3 class=\"wp-block-heading\">2. \u00c5ldersgr\u00e4ns (ungdomsskydd)<\/h3>\n\n\n\n<p><strong>VIKTIGT MEDDELANDE: DU M\u00c5STE HA FYLLT den lagstadgade minimi\u00e5ldern f\u00f6r att k\u00f6pa tobaks- eller e-cigaretter i din jurisdiktion.<\/strong><\/p>\n\n\n\n<p>Detta avtal och anv\u00e4ndningen av webbplatsen \u00e4r enbart f\u00f6r personer som har n\u00e5tt den lagstadgade minimi\u00e5ldern (i m\u00e5nga jurisdiktioner 18 eller 21 \u00e5r). Om du inte uppfyller detta krav, v\u00e4nligen l\u00e4mna webbplatsen omedelbart. Vi till\u00e5ter inga undantag fr\u00e5n denna regel.<\/p>\n\n\n\n<p><em>Obs: Elementvape s\u00e4ljer sina produkter och tj\u00e4nster endast till vuxna. Om vi uppt\u00e4cker att du inte uppfyller \u00e5lderskraven (minst 21 \u00e5r, om inte annat \u00e4r lagstadgat), kommer Elementvape att v\u00e4gra tj\u00e4nsten och omedelbart st\u00e4nga ditt konto.<\/em><\/p>\n\n\n\n<h3 class=\"wp-block-heading\">3. Integritetspolicy<\/h3>\n\n\n\n<p>F\u00f6r att fullt ut f\u00f6rst\u00e5 v\u00e5ra aff\u00e4rsmetoder och hur vi hanterar dina data, v\u00e4nligen l\u00e4s v\u00e5r <strong>[Integritetspolicy]<\/strong> (L\u00e4nk till integritetssidan), som \u00e4ven g\u00e4ller f\u00f6r ditt bes\u00f6k p\u00e5 denna webbplats.<\/p>\n\n\n\n<h3 class=\"wp-block-heading\">4. Licens f\u00f6r anv\u00e4ndning och webbplats\u00e5tkomst<\/h3>\n\n\n\n<p>Med ditt samtycke till detta avtal ger Elementvape dig en begr\u00e4nsad, icke-exklusiv och icke-\u00f6verf\u00f6rbar licens att anv\u00e4nda denna webbplats f\u00f6r personliga ink\u00f6ps\u00e4ndam\u00e5l.<\/p>\n\n\n\n<ul>\n<li>Du f\u00f6rbinder dig att inte g\u00f6ra falska eller bedr\u00e4gliga uppgifter f\u00f6r att f\u00e5 tillg\u00e5ng till denna webbplats.<\/li>\n\n\n\n<li>Du erk\u00e4nner att allt inneh\u00e5ll, design och tj\u00e4nster p\u00e5 denna webbplats \u00e4r Elementvap\u00e9s immateriella r\u00e4ttigheter och skyddas av upphovsr\u00e4tt, varum\u00e4rkesr\u00e4tt samt andra internationella skyddsr\u00e4tter.<\/li>\n\n\n\n<li>Alla r\u00e4ttigheter som inte uttryckligen beviljas dig h\u00e4ri f\u00f6rbeh\u00e5lls Elementvape.<\/li>\n<\/ul>\n\n\n\n<h3 class=\"wp-block-heading\">5. Ditt anv\u00e4ndarkonto<\/h3>\n\n\n\n<p>N\u00e4r du skapar ett konto p\u00e5 denna webbplats \u00e4r du ansvarig f\u00f6r att h\u00e5lla dina kontouppgifter och l\u00f6senord konfidentiella samt f\u00f6r att begr\u00e4nsa \u00e5tkomsten till din dator. Du samtycker till att ta ansvar f\u00f6r all aktivitet som sker under ditt konto eller l\u00f6senord.<\/p>\n\n\n\n<h3 class=\"wp-block-heading\">6. Anv\u00e4ndarbidrag och kommunikation<\/h3>\n\n\n\n<p>Allt material, information, id\u00e9er eller annan kommunikation som du \u00f6verf\u00f6r eller publicerar p\u00e5 denna webbplats behandlas som icke-konfidentiellt och inte upphovsr\u00e4ttsskyddat. Elementvape har r\u00e4tt att anv\u00e4nda dessa inneh\u00e5ll f\u00f6r alla kommersiella eller icke-kommersiella \u00e4ndam\u00e5l utan begr\u00e4nsningar.<\/p>\n\n\n\n<h3 class=\"wp-block-heading\">7. Garanti, frakt &amp; returer<\/h3>\n\n\n\n<p>Detaljerad information om v\u00e5ra garantivillkor, fraktpolicyer och returprocesser finns p\u00e5 v\u00e5r separata sida <strong>\u201eGaranti, frakt &amp; returer\u201c<\/strong>. Dessa riktlinjer \u00e4r en del av dessa anv\u00e4ndarvillkor.<\/p>\n\n\n\n<h3 class=\"wp-block-heading\">8. Upphovsr\u00e4tt (Copyright)<\/h3>\n\n\n\n<p>Hela inneh\u00e5llet p\u00e5 denna webbplats (inklusive texter, grafik, logotyper, bilder) \u00e4gs av Elementvape. Ingen del av materialet f\u00e5r kopieras, reproduceras, publiceras, laddas upp eller distribueras p\u00e5 annat s\u00e4tt utan uttryckligt skriftligt tillst\u00e5nd fr\u00e5n Elementvape.<\/p>\n\n\n\n<h3 class=\"wp-block-heading\">9. Ansvarsfriskrivning<\/h3>\n\n\n\n<p>Denna webbplats och all information, inneh\u00e5ll, material och produkter som finns d\u00e4r tillhandah\u00e5lls av Elementvape p\u00e5 en \u201esom den \u00e4r\u201c (\u201eas is\u201c) och \u201es\u00e5 tillg\u00e4nglig\u201c basis. Elementvape l\u00e4mnar inga uttryckliga eller underf\u00f6rst\u00e5dda garantier f\u00f6r driften av webbplatsen eller riktigheten av den information som finns d\u00e4r, i den utstr\u00e4ckning det \u00e4r lagligt till\u00e5tet.<\/p>\n\n\n\n<h3 class=\"wp-block-heading\">10. Till\u00e4mplig lag och domstolsort<\/h3>\n\n\n\n<p>Denna webbplats drivs av <strong>Sweden<\/strong> och styrs av lagarna i Sverige, oavsett eventuella kollisionsr\u00e4ttsliga best\u00e4mmelser.<\/p>\n\n\n\n<h3 class=\"wp-block-heading\">11. \u00c4ndringar av anv\u00e4ndarvillkoren<\/h3>\n\n\n\n<p>Elementvape f\u00f6rbeh\u00e5ller sig r\u00e4tten att n\u00e4r som helst och efter eget gottfinnande uppdatera eller \u00e4ndra dessa anv\u00e4ndarvillkor. Det \u00e4r ditt ansvar att regelbundet kontrollera denna sida f\u00f6r \u00e4ndringar. Din fortsatta anv\u00e4ndning av webbplatsen efter publicering av \u00e4ndringar anses som godk\u00e4nnande av dessa \u00e4ndringar.<\/p>\n\n\n\n<h3 class=\"wp-block-heading\">12. Tolkning klausul<\/h3>\n\n\n\n<p>Den slutgiltiga tolkningsr\u00e4tten f\u00f6r dessa villkor och inneh\u00e5llet p\u00e5 webbplatsen tillkommer, i den utstr\u00e4ckning det \u00e4r lagligt till\u00e5tet, Elementvape.<\/p>","protected":false},"excerpt":{"rendered":"<p>Allgemeine Gesch\u00e4ftsbedingungen (AGB) &amp; Nutzungsbedingungen BITTE LESEN SIE DIESE NUTZUNGSBEDINGUNGEN SORGF\u00c4LTIG DURCH, BEVOR SIE DIESE WEBSITE NUTZEN. DURCH DEN ZUGRIFF AUF UND DIE NUTZUNG DIESER WEBSITE BEST\u00c4TIGEN SIE, DASS SIE DIESE BEDINGUNGEN GELESEN UND VERSTANDEN HABEN UND DIESEN ZUSTIMMEN. WENN SIE DIESEN BEDINGUNGEN NICHT ZUSTIMMEN, D\u00dcRFEN SIE DIE WEBSITE NICHT NUTZEN. 1. Zustimmung zu den [&hellip;]<\/p>","protected":false},"author":3,"featured_media":0,"parent":0,"menu_order":0,"comment_status":"closed","ping_status":"closed","template":"","meta":{"inline_featured_image":false,"footnotes":""},"yoast_head":"<!-- This site is optimized with the Yoast SEO plugin v23.3 - https:\/\/yoast.com\/wordpress\/plugins\/seo\/ -->\n<title>Gesch\u00e4ftsbedingungen<\/title>\n<meta name=\"description\" content=\"Unsere Nutzungsbedingungen regeln Altersanforderungen, Datenschutz, Rechte und Pflichten f\u00fcr eine sichere und rechtskonforme Nutzung unserer Website.\" \/>\n<meta name=\"robots\" content=\"index, follow, max-snippet:-1, max-image-preview:large, max-video-preview:-1\" \/>\n<link rel=\"canonical\" href=\"https:\/\/www.elementvape.de\/sv\/terms-conditions\/\" \/>\n<meta property=\"og:locale\" content=\"sv_SE\" \/>\n<meta property=\"og:type\" content=\"article\" \/>\n<meta property=\"og:title\" content=\"Gesch\u00e4ftsbedingungen\" \/>\n<meta property=\"og:description\" content=\"Unsere Nutzungsbedingungen regeln Altersanforderungen, Datenschutz, Rechte und Pflichten f\u00fcr eine sichere und rechtskonforme Nutzung unserer Website.\" \/>\n<meta property=\"og:url\" content=\"https:\/\/www.elementvape.de\/sv\/terms-conditions\/\" \/>\n<meta property=\"og:site_name\" content=\"ElementVape.de\" \/>\n<meta property=\"article:modified_time\" content=\"2025-12-11T07:00:30+00:00\" \/>\n<meta name=\"twitter:card\" content=\"summary_large_image\" \/>\n<meta name=\"twitter:label1\" content=\"Est. reading time\" \/>\n\t<meta name=\"twitter:data1\" content=\"4 minuter\" \/>\n<script type=\"application\/ld+json\" class=\"yoast-schema-graph\">{\"@context\":\"https:\/\/schema.org\",\"@graph\":[{\"@type\":\"WebPage\",\"@id\":\"https:\/\/www.elementvape.de\/terms-conditions\/\",\"url\":\"https:\/\/www.elementvape.de\/terms-conditions\/\",\"name\":\"Gesch\u00e4ftsbedingungen\",\"isPartOf\":{\"@id\":\"https:\/\/www.elementvape.de\/#website\"},\"datePublished\":\"2024-09-10T07:29:15+00:00\",\"dateModified\":\"2025-12-11T07:00:30+00:00\",\"description\":\"Unsere Nutzungsbedingungen regeln Altersanforderungen, Datenschutz, Rechte und Pflichten f\u00fcr eine sichere und rechtskonforme Nutzung unserer Website.\",\"breadcrumb\":{\"@id\":\"https:\/\/www.elementvape.de\/terms-conditions\/#breadcrumb\"},\"inLanguage\":\"sv-SE\",\"potentialAction\":[{\"@type\":\"ReadAction\",\"target\":[\"https:\/\/www.elementvape.de\/terms-conditions\/\"]}]},{\"@type\":\"BreadcrumbList\",\"@id\":\"https:\/\/www.elementvape.de\/terms-conditions\/#breadcrumb\",\"itemListElement\":[{\"@type\":\"ListItem\",\"position\":1,\"name\":\"Home\",\"item\":\"https:\/\/www.elementvape.de\/\"},{\"@type\":\"ListItem\",\"position\":2,\"name\":\"Gesch\u00e4ftsbedingungen\"}]},{\"@type\":\"WebSite\",\"@id\":\"https:\/\/www.elementvape.de\/#website\",\"url\":\"https:\/\/www.elementvape.de\/\",\"name\":\"ElementVape.de\",\"description\":\"\",\"publisher\":{\"@id\":\"https:\/\/www.elementvape.de\/#organization\"},\"potentialAction\":[{\"@type\":\"SearchAction\",\"target\":{\"@type\":\"EntryPoint\",\"urlTemplate\":\"https:\/\/www.elementvape.de\/?s={search_term_string}\"},\"query-input\":\"required name=search_term_string\"}],\"inLanguage\":\"sv-SE\"},{\"@type\":\"Organization\",\"@id\":\"https:\/\/www.elementvape.de\/#organization\",\"name\":\"ElementVape.DE\",\"url\":\"https:\/\/www.elementvape.de\/\",\"logo\":{\"@type\":\"ImageObject\",\"inLanguage\":\"sv-SE\",\"@id\":\"https:\/\/www.elementvape.de\/#\/schema\/logo\/image\/\",\"url\":\"https:\/\/www.elementvape.de\/wp-content\/uploads\/2024\/09\/cropped-1elementvape-3.png\",\"contentUrl\":\"https:\/\/www.elementvape.de\/wp-content\/uploads\/2024\/09\/cropped-1elementvape-3.png\",\"width\":285,\"height\":228,\"caption\":\"ElementVape.DE\"},\"image\":{\"@id\":\"https:\/\/www.elementvape.de\/#\/schema\/logo\/image\/\"}}]}<\/script>\n<!-- \/ Yoast SEO plugin. -->","yoast_head_json":{"title":"Gesch\u00e4ftsbedingungen","description":"Unsere Nutzungsbedingungen regeln Altersanforderungen, Datenschutz, Rechte und Pflichten f\u00fcr eine sichere und rechtskonforme Nutzung unserer Website.","robots":{"index":"index","follow":"follow","max-snippet":"max-snippet:-1","max-image-preview":"max-image-preview:large","max-video-preview":"max-video-preview:-1"},"canonical":"https:\/\/www.elementvape.de\/sv\/terms-conditions\/","og_locale":"sv_SE","og_type":"article","og_title":"Gesch\u00e4ftsbedingungen","og_description":"Unsere Nutzungsbedingungen regeln Altersanforderungen, Datenschutz, Rechte und Pflichten f\u00fcr eine sichere und rechtskonforme Nutzung unserer Website.","og_url":"https:\/\/www.elementvape.de\/sv\/terms-conditions\/","og_site_name":"ElementVape.de","article_modified_time":"2025-12-11T07:00:30+00:00","twitter_card":"summary_large_image","twitter_misc":{"Est. reading time":"4 minuter"},"schema":{"@context":"https:\/\/schema.org","@graph":[{"@type":"WebPage","@id":"https:\/\/www.elementvape.de\/terms-conditions\/","url":"https:\/\/www.elementvape.de\/terms-conditions\/","name":"Gesch\u00e4ftsbedingungen","isPartOf":{"@id":"https:\/\/www.elementvape.de\/#website"},"datePublished":"2024-09-10T07:29:15+00:00","dateModified":"2025-12-11T07:00:30+00:00","description":"Unsere Nutzungsbedingungen regeln Altersanforderungen, Datenschutz, Rechte und Pflichten f\u00fcr eine sichere und rechtskonforme Nutzung unserer Website.","breadcrumb":{"@id":"https:\/\/www.elementvape.de\/terms-conditions\/#breadcrumb"},"inLanguage":"sv-SE","potentialAction":[{"@type":"ReadAction","target":["https:\/\/www.elementvape.de\/terms-conditions\/"]}]},{"@type":"BreadcrumbList","@id":"https:\/\/www.elementvape.de\/terms-conditions\/#breadcrumb","itemListElement":[{"@type":"ListItem","position":1,"name":"Home","item":"https:\/\/www.elementvape.de\/"},{"@type":"ListItem","position":2,"name":"Gesch\u00e4ftsbedingungen"}]},{"@type":"WebSite","@id":"https:\/\/www.elementvape.de\/#website","url":"https:\/\/www.elementvape.de\/","name":"ElementVape.de","description":"","publisher":{"@id":"https:\/\/www.elementvape.de\/#organization"},"potentialAction":[{"@type":"SearchAction","target":{"@type":"EntryPoint","urlTemplate":"https:\/\/www.elementvape.de\/?s={search_term_string}"},"query-input":"required name=search_term_string"}],"inLanguage":"sv-SE"},{"@type":"Organization","@id":"https:\/\/www.elementvape.de\/#organization","name":"ElementVape.DE","url":"https:\/\/www.elementvape.de\/","logo":{"@type":"ImageObject","inLanguage":"sv-SE","@id":"https:\/\/www.elementvape.de\/#\/schema\/logo\/image\/","url":"https:\/\/www.elementvape.de\/wp-content\/uploads\/2024\/09\/cropped-1elementvape-3.png","contentUrl":"https:\/\/www.elementvape.de\/wp-content\/uploads\/2024\/09\/cropped-1elementvape-3.png","width":285,"height":228,"caption":"ElementVape.DE"},"image":{"@id":"https:\/\/www.elementvape.de\/#\/schema\/logo\/image\/"}}]}},"_links":{"self":[{"href":"https:\/\/www.elementvape.de\/sv\/wp-json\/wp\/v2\/pages\/14259"}],"collection":[{"href":"https:\/\/www.elementvape.de\/sv\/wp-json\/wp\/v2\/pages"}],"about":[{"href":"https:\/\/www.elementvape.de\/sv\/wp-json\/wp\/v2\/types\/page"}],"author":[{"embeddable":true,"href":"https:\/\/www.elementvape.de\/sv\/wp-json\/wp\/v2\/users\/3"}],"replies":[{"embeddable":true,"href":"https:\/\/www.elementvape.de\/sv\/wp-json\/wp\/v2\/comments?post=14259"}],"version-history":[{"count":5,"href":"https:\/\/www.elementvape.de\/sv\/wp-json\/wp\/v2\/pages\/14259\/revisions"}],"predecessor-version":[{"id":16683,"href":"https:\/\/www.elementvape.de\/sv\/wp-json\/wp\/v2\/pages\/14259\/revisions\/16683"}],"wp:attachment":[{"href":"https:\/\/www.elementvape.de\/sv\/wp-json\/wp\/v2\/media?parent=14259"}],"curies":[{"name":"wp","href":"https:\/\/api.w.org\/{rel}","templated":true}]}}