{"id":8814,"date":"2024-04-20T08:23:25","date_gmt":"2024-04-20T08:23:25","guid":{"rendered":"https:\/\/www.elementvape.de\/?post_type=product&#038;p=8814"},"modified":"2024-09-12T10:31:51","modified_gmt":"2024-09-12T10:31:51","slug":"vapor-storm-ares-pod-system-vape-12w-nachfuell-starterkit","status":"publish","type":"product","link":"https:\/\/www.elementvape.de\/sk\/produkt\/vapor-storm-ares-pod-system-vape-12w-nachfuell-starterkit\/","title":{"rendered":"Vapor Storm Ares Pod syst\u00e9m Vape 12W N\u00e1pl\u0148ov\u00fd za\u010d\u00ednac\u00ed set"},"content":{"rendered":"<p>&nbsp;<\/p>\n<div class=\"product-specs-list-container\">\n<ul class=\"product-specs-list util-clearfix\">\n<li class=\"product-prop line-limit-length\"><span class=\"property-title\">Vzh\u013ead:\u00a0<\/span><span class=\"property-desc line-limit-length\">Valcovit\u00fd tvar<\/span><\/li>\n<li class=\"product-prop line-limit-length\"><span class=\"property-title\">Kompatibiln\u00e1 bat\u00e9ria:\u00a0<\/span><span class=\"property-desc line-limit-length\">\u017diadna<\/span><\/li>\n<li class=\"product-prop line-limit-length\"><span class=\"property-title\">Funkcia sledovania po\u010dtu faj\u010denia:\u00a0<\/span><span class=\"property-desc line-limit-length\">Nie<\/span><\/li>\n<li class=\"product-prop line-limit-length\"><span class=\"property-title\">Siliconov\u00fd kryt:\u00a0<\/span><span class=\"property-desc line-limit-length\">Nie<\/span><\/li>\n<li class=\"product-prop line-limit-length\"><span class=\"property-title\">Regul\u00e1cia teploty:\u00a0<\/span><span class=\"property-desc line-limit-length\">Nie<\/span><\/li>\n<li class=\"product-prop line-limit-length\"><span class=\"property-title\">Vstavan\u00e1 alebo extern\u00e1 bat\u00e9ria:\u00a0<\/span><span class=\"property-desc line-limit-length\">Vstavan\u00e1<\/span><\/li>\n<li class=\"product-prop line-limit-length\"><span class=\"property-title\">Funkcia ochrany proti skratu:\u00a0<\/span><span class=\"property-desc line-limit-length\">Ja<\/span><\/li>\n<li class=\"product-prop line-limit-length\"><span class=\"property-title\">Funkcia ochrany pred prehriat\u00edm:\u00a0<\/span><span class=\"property-desc line-limit-length\">Ja<\/span><\/li>\n<li class=\"product-prop line-limit-length\"><span class=\"property-title\">Alarm pri n\u00edzkom nap\u00e4t\u00ed:\u00a0<\/span><span class=\"property-desc line-limit-length\">Ja<\/span><\/li>\n<li class=\"product-prop line-limit-length\"><span class=\"property-title\">Identifik\u00e1cia rozpra\u0161ova\u010da Funkcia:\u00a0<\/span><span class=\"property-desc line-limit-length\">Nie<\/span><\/li>\n<li class=\"product-prop line-limit-length\"><span class=\"property-title\">Re\u017eimy nastavenia TCR:\u00a0<\/span><span class=\"property-desc line-limit-length\">Nie<\/span><\/li>\n<li class=\"product-prop line-limit-length\"><span class=\"property-title\">Menovit\u00e1 kapacita:\u00a0<\/span><span class=\"property-desc line-limit-length\">&lt;700 mAh<\/span><\/li>\n<li class=\"product-prop line-limit-length\"><span class=\"property-title\">Vn\u00fatorn\u00e1 alebo vonkaj\u0161ia bat\u00e9ria: Vonkaj\u0161ia\u00a0<\/span><span class=\"property-desc line-limit-length\">Kov<\/span><\/li>\n<li class=\"product-prop line-limit-length\"><span class=\"property-title\">Kompatibiln\u00fd model:\u00a0<\/span><span class=\"property-desc line-limit-length\">Ares Pod Cartridge<\/span><\/li>\n<li class=\"product-prop line-limit-length\"><span class=\"property-title\">\u010c\u00edslo modelu:\u00a0<\/span><span class=\"property-desc line-limit-length\">Ares Pod Vape<\/span><\/li>\n<li class=\"product-prop line-limit-length\"><span class=\"property-title\">USB nab\u00edja\u010dka:\u00a0<\/span><span class=\"property-desc line-limit-length\">Ja<\/span><\/li>\n<li class=\"product-prop line-limit-length\"><span class=\"property-title\">Firmware aktualiz\u00e1cia:\u00a0<\/span><span class=\"property-desc line-limit-length\">Nie<\/span><\/li>\n<li class=\"product-prop line-limit-length\"><span class=\"property-title\">Displej:\u00a0<\/span><span class=\"property-desc line-limit-length\">Nie<\/span><\/li>\n<li class=\"product-prop line-limit-length\"><span class=\"property-title\">Typ:\u00a0<\/span><span class=\"property-desc line-limit-length\">S bat\u00e9riou<\/span><\/li>\n<li class=\"product-prop line-limit-length\"><span class=\"property-title\">N\u00e1zov zna\u010dky:\u00a0<\/span><span class=\"property-desc line-limit-length\">parn\u00fd b\u00farka<\/span><\/li>\n<li class=\"product-prop line-limit-length\"><span class=\"property-title\">P\u00f4vod:\u00a0<\/span><span class=\"property-desc line-limit-length\">SK (P\u00f4vod)<\/span><\/li>\n<li class=\"product-prop line-limit-length\"><span class=\"property-title\">Farba:\u00a0<\/span><span class=\"property-desc line-limit-length\">\u010cierna, \u010cerven\u00e1, Modr\u00e1, Zlat\u00e1, Siv\u00e1<\/span><\/li>\n<li class=\"product-prop line-limit-length\"><span class=\"property-title\">Kapacita kazety:\u00a0<\/span><span class=\"property-desc line-limit-length\">1,6 ml<\/span><\/li>\n<li class=\"product-prop line-limit-length\"><span class=\"property-title\">Kapacita bat\u00e9rie:\u00a0<\/span><span class=\"property-desc line-limit-length\">560 mAh<\/span><\/li>\n<li class=\"product-prop line-limit-length\"><span class=\"property-title\">Maxim\u00e1lny v\u00fdkon:\u00a0<\/span><span class=\"property-desc line-limit-length\">12 W<\/span><\/li>\n<li class=\"product-prop line-limit-length\"><span class=\"property-title\">Ve\u013ekos\u0165 podu:\u00a0<\/span><span class=\"property-desc line-limit-length\">92x16 mm (d\u013a\u017eka x priemer)<\/span><\/li>\n<li class=\"product-prop line-limit-length\"><span class=\"property-title\">\u010cist\u00e1 hmotnos\u0165:\u00a0<\/span><span class=\"property-desc line-limit-length\">25 g<\/span><\/li>\n<li class=\"product-prop line-limit-length\"><span class=\"property-title\">Odpor cievky:\u00a0<\/span><span class=\"property-desc line-limit-length\">1,2 ohm<\/span><\/li>\n<li class=\"product-prop line-limit-length\"><span class=\"property-title\">Doba nab\u00edjania:\u00a0<\/span><span class=\"property-desc line-limit-length\">60-80 min\u00fat<\/span><\/li>\n<li class=\"product-prop line-limit-length\"><span class=\"property-title\">Pripojenie podu:\u00a0<\/span><span class=\"property-desc line-limit-length\">Magnetick\u00e1 pri\u0165ahovanos\u0165<\/span><\/li>\n<\/ul>\n<\/div>\n<div class=\"detailmodule_html\">\n<div class=\"detail-desc-decorate-richtext\">\n<div class=\"detailmodule_text-image\">\n<p id=\"tl_1\" class=\"detail-desc-decorate-title\" style=\"font-family: OpenSans; font-size: 20px; font-weight: 900; line-height: 28px; margin-bottom: 12px;\">K\u00fapi\u0165 viac ares pod kaziet<\/p>\n<div><a class=\"\" href=\"https:\/\/www.aliexpress.com\/item\/4000271191663.html\" target=\"_self\" rel=\"noopener\"><img decoding=\"async\" loading=\"lazy\" class=\"detail-desc-decorate-image\" style=\"margin-bottom: 10px;\" src=\"https:\/\/ae01.alicdn.com\/kf\/Hb1e74d825930418fa0acb47e47e111caQ.jpg\" \/><\/a><\/div>\n<\/div>\n<div class=\"detailmodule_text\">\n<p id=\"tl_2\" class=\"detail-desc-decorate-content\" style=\"font-family: OpenSans; font-size: 14px; font-weight: 300; line-height: 20px; margin-bottom: 12px;\">Nov\u00fd parn\u00fd ve\u017ea je Pod Vape pero 12W elektronick\u00e1 cigareta 560mAh 1,6 ml Mesh Coil Cartridge N\u00e1pl\u0148ou v\u00fdmenn\u00fd pod syst\u00e9m Starter Kit<\/p>\n<\/div>\n<div class=\"detailmodule_text\">\n<p id=\"tl_3\" class=\"detail-desc-decorate-title\" style=\"font-family: OpenSans; font-size: 20px; font-weight: 900; line-height: 28px; margin-bottom: 12px;\">\u0160pecifik\u00e1cia ares:<\/p>\n<p id=\"tl_4\" class=\"detail-desc-decorate-content\" style=\"font-family: OpenSans; font-size: 14px; font-weight: 300; line-height: 20px; margin-bottom: 12px;\">Materi\u00e1l: Hlin\u00edkov\u00e1 zliatina + pctg<br \/>\nKapacita kazety: 1,6 ml<br \/>\nKapacita bat\u00e9rie: 560mah<br \/>\nDoba nab\u00edjania: 60-80 min\u00fat<br \/>\nOdpor cievky: 1,2 Ohm<br \/>\nTyp cievky: Sie\u0165ov\u00e1 cievka<br \/>\nRozsah nap\u00e4tia: 3,2 V-4,0 V<br \/>\nMaxim\u00e1lny v\u00fdkon vo wattoch: 12w<br \/>\nVe\u013ekos\u0165: 92x16mm<br \/>\n\u010cist\u00e1 hmotnos\u0165: 25g<br \/>\nPripojenie: Magnetick\u00e9 pri\u0165ahovanie<\/p>\n<\/div>\n<div class=\"detailmodule_text\">\n<p id=\"tl_5\" class=\"detail-desc-decorate-title\" style=\"font-family: OpenSans; font-size: 20px; font-weight: 900; line-height: 28px; margin-bottom: 12px;\">Ares kit balenie:<\/p>\n<p id=\"tl_6\" class=\"detail-desc-decorate-content\" style=\"font-family: OpenSans; font-size: 14px; font-weight: 300; line-height: 20px; margin-bottom: 12px;\">1 * bat\u00e9ria syst\u00e9mu Ares pod<br \/>\n2 * n\u00e1plne Ares pod<br \/>\n1 * nab\u00edjac\u00ed k\u00e1bel<br \/>\n1 * pou\u017e\u00edvate\u013esk\u00e1 pr\u00edru\u010dka<br \/>\n1 * Lanyard<\/p>\n<\/div>\n<div class=\"detailmodule_text-image\"><img decoding=\"async\" loading=\"lazy\" class=\"detail-desc-decorate-image\" src=\"https:\/\/ae01.alicdn.com\/kf\/H7fdcbef377464b6392a6f94a5da5e6d9E.jpg\" \/><br \/>\n<img decoding=\"async\" loading=\"lazy\" class=\"detail-desc-decorate-image\" src=\"https:\/\/ae01.alicdn.com\/kf\/H2d9a91e3a3e44387af7439a69b335747G.jpg\" \/><br \/>\n<img decoding=\"async\" loading=\"lazy\" class=\"detail-desc-decorate-image\" src=\"https:\/\/ae01.alicdn.com\/kf\/Hc5cc14f480e446b2bcb9407337afd3fbq.jpg\" \/><br \/>\n<img decoding=\"async\" loading=\"lazy\" class=\"detail-desc-decorate-image\" src=\"https:\/\/ae01.alicdn.com\/kf\/H871f69e7904d460eb5d7eee604bd0c4fg.jpg\" \/><br \/>\n<img decoding=\"async\" loading=\"lazy\" class=\"detail-desc-decorate-image\" src=\"https:\/\/ae01.alicdn.com\/kf\/Hcaa08b34e9f342ec8177fa40d56b01b4L.jpg\" \/><br \/>\n<img decoding=\"async\" loading=\"lazy\" class=\"detail-desc-decorate-image\" src=\"https:\/\/ae01.alicdn.com\/kf\/Hdee358b289b94a41a2ed8e6e1f407e67h.jpg\" \/><br \/>\n<img decoding=\"async\" loading=\"lazy\" class=\"detail-desc-decorate-image\" src=\"https:\/\/ae01.alicdn.com\/kf\/H66edfe77ab214f4c837055dc99de0cb8R.jpg\" \/><br \/>\n<img decoding=\"async\" loading=\"lazy\" class=\"detail-desc-decorate-image\" src=\"https:\/\/ae01.alicdn.com\/kf\/Hb9f0dd5c287d40cdb5c466f26618963ad.jpg\" \/><br \/>\n<img decoding=\"async\" loading=\"lazy\" class=\"detail-desc-decorate-image\" src=\"https:\/\/ae01.alicdn.com\/kf\/Ha44259ac64bf4d46a1dbba3ac48014ebe.jpg\" \/><br \/>\n<img decoding=\"async\" loading=\"lazy\" class=\"detail-desc-decorate-image\" src=\"https:\/\/ae01.alicdn.com\/kf\/Hf9bc8b10477442e1a6301b7f764bcbaaL.jpg\" \/><br \/>\n<img decoding=\"async\" loading=\"lazy\" class=\"detail-desc-decorate-image\" src=\"https:\/\/ae01.alicdn.com\/kf\/H68f50602e5ac498dac765b8c1edb6389v.jpg\" \/><\/div>\n<div class=\"detailmodule_text-image\"><\/div>\n<div class=\"detailmodule_text\">\n<p id=\"tl_7\" class=\"detail-desc-decorate-title\" style=\"font-family: OpenSans; font-size: 20px; font-weight: 900; line-height: 28px; margin-bottom: 12px;\">Ako plni\u0165 E-liquid:<\/p>\n<p id=\"tl_8\" class=\"detail-desc-decorate-content\" style=\"font-family: OpenSans; font-size: 14px; font-weight: 300; line-height: 20px; margin-bottom: 12px;\">1. Odstr\u00e1\u0148te n\u00e1pl\u0148 pod.<br \/>\n2. odstr\u00e1\u0148te gumen\u00fa tesniacu p\u00e1sku patrony zo strany,<br \/>\n3. Napl\u0148te kvapalinu do otvoru a uistite sa, \u017ee patrona nie je preplnen\u00e1.<br \/>\n4. Zavrite gumen\u00fa tesniacu p\u00e1sku<br \/>\n5. Nain\u0161talujte op\u00e4\u0165 pod-patronu na bat\u00e9riu.<\/p>\n<\/div>\n<div class=\"detailmodule_text\">\n<p id=\"tl_9\" class=\"detail-desc-decorate-title\" style=\"font-family: OpenSans; font-size: 20px; font-weight: 900; line-height: 28px; margin-bottom: 12px;\">Ochrann\u00e9 prvky:<\/p>\n<p id=\"tl_10\" class=\"detail-desc-decorate-content\" style=\"font-family: OpenSans; font-size: 14px; font-weight: 300; line-height: 20px; margin-bottom: 12px;\">1. Ochrana pred prehriat\u00edm: ka\u017ed\u00fd n\u00e1dych m\u00f4\u017ee trva\u0165 najviac 6 sek\u00fand. Viac ako 6 sek\u00fand, zariadenie prestane fungova\u0165 a LED indik\u00e1tor blik\u00e1 8-kr\u00e1t.<\/p>\n<p>2. Ochrana proti skratu: ak je zariadenie skratovan\u00e9, prestane fungova\u0165 a \u010derven\u00e1 kontrolka blik\u00e1 3-kr\u00e1t.<\/p>\n<p>3. Ochrana pred vybit\u00edm: ak je nap\u00e4tie bat\u00e9rie ni\u017e\u0161ie ako 3,2 V, zariadenie prestane fungova\u0165 a \u010derven\u00e1 kontrolka blik\u00e1 10-kr\u00e1t.<\/p>\n<p>4. Alarm pri n\u00edzkom v\u00fdkone: ak je zariadenie v n\u00edzkom v\u00fdkone, prestane pracova\u0165 a blik\u00e1 \u010derven\u00e1 LED 10-kr\u00e1t.<\/p>\n<\/div>\n<p>&nbsp;<\/p>\n<\/div>\n<\/div>","protected":false},"excerpt":{"rendered":"<p>&nbsp; Aussehen:\u00a0Zylindrische Form Kompatibler Akku:\u00a0Kein \u00dcberwachung Funktion Von Rauchen Anzahl:\u00a0Nein Silikon Fall:\u00a0Nein Temperaturregelung:\u00a0Nein Eingebaute Oder Externe Batterie:\u00a0Eingebaute Kurzschlussschutz Funktion:\u00a0Ja \u00dcberhitzungsschutz-funktion:\u00a0Ja Niederspannungsalarmfunktion:\u00a0Ja Zerst\u00e4uber Identifikation Funktion:\u00a0Nein TCR Einstellung Modi:\u00a0Nein Nominale Kapazit\u00e4t:\u00a0&lt;700 mAh Material:\u00a0Metall Compatible Model:\u00a0Ares Pod Cartridge Modellnummer:\u00a0Ares Pod Vape Usb-ladeger\u00e4t:\u00a0Ja Firmware-upgrade:\u00a0Nein Display:\u00a0Nein Art:\u00a0Mit Batterie Markenname:\u00a0vapor storm Ursprung:\u00a0CN (Herkunft) Color:\u00a0Black,Red,Blue,Golden,Grey Cartridge Capacity:\u00a01.6ml Battery Capacity:\u00a0560mah Maximum Wattage:\u00a012W Pod [&hellip;]<\/p>","protected":false},"featured_media":8815,"template":"","meta":{"inline_featured_image":false},"product_cat":[15,78,750,737,736,749,76,81],"product_tag":[],"tiered_pricing_type":"fixed","tiered_pricing_fixed_rules":[],"tiered_pricing_percentage_rules":[],"tiered_pricing_minimum":1,"_administrator_tiered_pricing_type":"fixed","_administrator_tiered_pricing_fixed_rules":[],"_editor_tiered_pricing_type":"fixed","_editor_tiered_pricing_fixed_rules":[],"_author_tiered_pricing_type":"fixed","_author_tiered_pricing_fixed_rules":[],"_contributor_tiered_pricing_type":"fixed","_contributor_tiered_pricing_fixed_rules":[],"_subscriber_tiered_pricing_type":"fixed","_subscriber_tiered_pricing_fixed_rules":[],"_customer_tiered_pricing_type":"fixed","_customer_tiered_pricing_fixed_rules":[],"_shop_manager_tiered_pricing_type":"fixed","_shop_manager_tiered_pricing_fixed_rules":[],"_wpseo_manager_tiered_pricing_type":"fixed","_wpseo_manager_tiered_pricing_fixed_rules":[],"_wpseo_editor_tiered_pricing_type":"fixed","_wpseo_editor_tiered_pricing_fixed_rules":[],"_wholesale_customer_tiered_pricing_type":"fixed","_wholesale_customer_tiered_pricing_fixed_rules":[],"_marketer_tiered_pricing_type":"fixed","_marketer_tiered_pricing_fixed_rules":[],"_sales_manager_tiered_pricing_type":"fixed","_sales_manager_tiered_pricing_fixed_rules":[],"_sales_rep_tiered_pricing_type":"fixed","_sales_rep_tiered_pricing_fixed_rules":[],"yoast_head":"<!-- This site is optimized with the Yoast SEO plugin v23.3 - https:\/\/yoast.com\/wordpress\/plugins\/seo\/ -->\n<title>Vapor Storm Ares Pod System Vape 12W Nachf\u00fcll-Starterkit | ElementVape.de<\/title>\n<meta name=\"description\" content=\"Wir bieten Vapor Storm Ares Pod System Vape 12W Nachf\u00fcll-Starterkit , Elementvape.de akzeptieren Gro\u00df-und Einzelhandel Bestellungen.\" \/>\n<meta name=\"robots\" content=\"index, follow, max-snippet:-1, max-image-preview:large, max-video-preview:-1\" \/>\n<link rel=\"canonical\" href=\"https:\/\/www.elementvape.de\/sk\/produkt\/vapor-storm-ares-pod-system-vape-12w-nachfuell-starterkit\/\" \/>\n<meta property=\"og:locale\" content=\"sk_SK\" \/>\n<meta property=\"og:type\" content=\"article\" \/>\n<meta property=\"og:title\" content=\"Vapor Storm Ares Pod System Vape 12W Nachf\u00fcll-Starterkit | ElementVape.de\" \/>\n<meta property=\"og:description\" content=\"Wir bieten Vapor Storm Ares Pod System Vape 12W Nachf\u00fcll-Starterkit , Elementvape.de akzeptieren Gro\u00df-und Einzelhandel Bestellungen.\" \/>\n<meta property=\"og:url\" content=\"https:\/\/www.elementvape.de\/sk\/produkt\/vapor-storm-ares-pod-system-vape-12w-nachfuell-starterkit\/\" \/>\n<meta property=\"og:site_name\" content=\"ElementVape.de\" \/>\n<meta property=\"article:modified_time\" content=\"2024-09-12T10:31:51+00:00\" \/>\n<meta property=\"og:image\" content=\"https:\/\/ae01.alicdn.com\/kf\/H815b47451dc14ee79331ee3fc07e169ax\/Neue-Dampf-Storm-Ares-Pod-System-Vape-12W-Elektronische-Zigarette-560mah-1-6-ml-Mesh-Spule.jpg\" \/>\n\t<meta property=\"og:image:width\" content=\"800\" \/>\n\t<meta property=\"og:image:height\" content=\"800\" \/>\n\t<meta property=\"og:image:type\" content=\"image\/jpeg\" \/>\n<meta name=\"twitter:card\" content=\"summary_large_image\" \/>\n<meta name=\"twitter:label1\" content=\"Est. reading time\" \/>\n\t<meta name=\"twitter:data1\" content=\"5 min\u00fat\" \/>\n<script type=\"application\/ld+json\" class=\"yoast-schema-graph\">{\"@context\":\"https:\/\/schema.org\",\"@graph\":[{\"@type\":\"WebPage\",\"@id\":\"https:\/\/www.elementvape.de\/et\/produkt\/vapor-storm-ares-pod-system-vape-12w-nachfuell-starterkit\/\",\"url\":\"https:\/\/www.elementvape.de\/et\/produkt\/vapor-storm-ares-pod-system-vape-12w-nachfuell-starterkit\/\",\"name\":\"Vapor Storm Ares Pod System Vape 12W Nachf\u00fcll-Starterkit | ElementVape.de\",\"isPartOf\":{\"@id\":\"https:\/\/www.elementvape.de\/#website\"},\"primaryImageOfPage\":{\"@id\":\"https:\/\/www.elementvape.de\/et\/produkt\/vapor-storm-ares-pod-system-vape-12w-nachfuell-starterkit\/#primaryimage\"},\"image\":{\"@id\":\"https:\/\/www.elementvape.de\/et\/produkt\/vapor-storm-ares-pod-system-vape-12w-nachfuell-starterkit\/#primaryimage\"},\"thumbnailUrl\":\"https:\/\/ae01.alicdn.com\/kf\/H815b47451dc14ee79331ee3fc07e169ax\/Neue-Dampf-Storm-Ares-Pod-System-Vape-12W-Elektronische-Zigarette-560mah-1-6-ml-Mesh-Spule.jpg\",\"datePublished\":\"2024-04-20T08:23:25+00:00\",\"dateModified\":\"2024-09-12T10:31:51+00:00\",\"description\":\"Wir bieten Vapor Storm Ares Pod System Vape 12W Nachf\u00fcll-Starterkit , Elementvape.de akzeptieren Gro\u00df-und Einzelhandel Bestellungen.\",\"breadcrumb\":{\"@id\":\"https:\/\/www.elementvape.de\/et\/produkt\/vapor-storm-ares-pod-system-vape-12w-nachfuell-starterkit\/#breadcrumb\"},\"inLanguage\":\"sk-SK\",\"potentialAction\":[{\"@type\":\"ReadAction\",\"target\":[\"https:\/\/www.elementvape.de\/et\/produkt\/vapor-storm-ares-pod-system-vape-12w-nachfuell-starterkit\/\"]}]},{\"@type\":\"ImageObject\",\"inLanguage\":\"sk-SK\",\"@id\":\"https:\/\/www.elementvape.de\/et\/produkt\/vapor-storm-ares-pod-system-vape-12w-nachfuell-starterkit\/#primaryimage\",\"url\":\"https:\/\/ae01.alicdn.com\/kf\/H815b47451dc14ee79331ee3fc07e169ax\/Neue-Dampf-Storm-Ares-Pod-System-Vape-12W-Elektronische-Zigarette-560mah-1-6-ml-Mesh-Spule.jpg\",\"contentUrl\":\"https:\/\/ae01.alicdn.com\/kf\/H815b47451dc14ee79331ee3fc07e169ax\/Neue-Dampf-Storm-Ares-Pod-System-Vape-12W-Elektronische-Zigarette-560mah-1-6-ml-Mesh-Spule.jpg\",\"width\":800,\"height\":800},{\"@type\":\"BreadcrumbList\",\"@id\":\"https:\/\/www.elementvape.de\/et\/produkt\/vapor-storm-ares-pod-system-vape-12w-nachfuell-starterkit\/#breadcrumb\",\"itemListElement\":[{\"@type\":\"ListItem\",\"position\":1,\"name\":\"Home\",\"item\":\"https:\/\/www.elementvape.de\/\"},{\"@type\":\"ListItem\",\"position\":2,\"name\":\"Shop\",\"item\":\"https:\/\/www.elementvape.de\/shop\/\"},{\"@type\":\"ListItem\",\"position\":3,\"name\":\"Vapor Storm Ares Pod System Vape 12W Nachf\u00fcll-Starterkit\"}]},{\"@type\":\"WebSite\",\"@id\":\"https:\/\/www.elementvape.de\/#website\",\"url\":\"https:\/\/www.elementvape.de\/\",\"name\":\"ElementVape.de\",\"description\":\"\",\"publisher\":{\"@id\":\"https:\/\/www.elementvape.de\/#organization\"},\"potentialAction\":[{\"@type\":\"SearchAction\",\"target\":{\"@type\":\"EntryPoint\",\"urlTemplate\":\"https:\/\/www.elementvape.de\/?s={search_term_string}\"},\"query-input\":\"required name=search_term_string\"}],\"inLanguage\":\"sk-SK\"},{\"@type\":\"Organization\",\"@id\":\"https:\/\/www.elementvape.de\/#organization\",\"name\":\"ElementVape.DE\",\"url\":\"https:\/\/www.elementvape.de\/\",\"logo\":{\"@type\":\"ImageObject\",\"inLanguage\":\"sk-SK\",\"@id\":\"https:\/\/www.elementvape.de\/#\/schema\/logo\/image\/\",\"url\":\"https:\/\/www.elementvape.de\/wp-content\/uploads\/2024\/09\/cropped-1elementvape-3.png\",\"contentUrl\":\"https:\/\/www.elementvape.de\/wp-content\/uploads\/2024\/09\/cropped-1elementvape-3.png\",\"width\":285,\"height\":228,\"caption\":\"ElementVape.DE\"},\"image\":{\"@id\":\"https:\/\/www.elementvape.de\/#\/schema\/logo\/image\/\"}}]}<\/script>\n<!-- \/ Yoast SEO plugin. -->","yoast_head_json":{"title":"Vapor Storm Ares Pod System Vape 12W Nachf\u00fcll-Starterkit | ElementVape.de","description":"Wir bieten Vapor Storm Ares Pod System Vape 12W Nachf\u00fcll-Starterkit , Elementvape.de akzeptieren Gro\u00df-und Einzelhandel Bestellungen.","robots":{"index":"index","follow":"follow","max-snippet":"max-snippet:-1","max-image-preview":"max-image-preview:large","max-video-preview":"max-video-preview:-1"},"canonical":"https:\/\/www.elementvape.de\/sk\/produkt\/vapor-storm-ares-pod-system-vape-12w-nachfuell-starterkit\/","og_locale":"sk_SK","og_type":"article","og_title":"Vapor Storm Ares Pod System Vape 12W Nachf\u00fcll-Starterkit | ElementVape.de","og_description":"Wir bieten Vapor Storm Ares Pod System Vape 12W Nachf\u00fcll-Starterkit , Elementvape.de akzeptieren Gro\u00df-und Einzelhandel Bestellungen.","og_url":"https:\/\/www.elementvape.de\/sk\/produkt\/vapor-storm-ares-pod-system-vape-12w-nachfuell-starterkit\/","og_site_name":"ElementVape.de","article_modified_time":"2024-09-12T10:31:51+00:00","og_image":[{"width":800,"height":800,"url":"https:\/\/ae01.alicdn.com\/kf\/H815b47451dc14ee79331ee3fc07e169ax\/Neue-Dampf-Storm-Ares-Pod-System-Vape-12W-Elektronische-Zigarette-560mah-1-6-ml-Mesh-Spule.jpg","type":"image\/jpeg"}],"twitter_card":"summary_large_image","twitter_misc":{"Est. reading time":"5 min\u00fat"},"schema":{"@context":"https:\/\/schema.org","@graph":[{"@type":"WebPage","@id":"https:\/\/www.elementvape.de\/et\/produkt\/vapor-storm-ares-pod-system-vape-12w-nachfuell-starterkit\/","url":"https:\/\/www.elementvape.de\/et\/produkt\/vapor-storm-ares-pod-system-vape-12w-nachfuell-starterkit\/","name":"Vapor Storm Ares Pod System Vape 12W Nachf\u00fcll-Starterkit | ElementVape.de","isPartOf":{"@id":"https:\/\/www.elementvape.de\/#website"},"primaryImageOfPage":{"@id":"https:\/\/www.elementvape.de\/et\/produkt\/vapor-storm-ares-pod-system-vape-12w-nachfuell-starterkit\/#primaryimage"},"image":{"@id":"https:\/\/www.elementvape.de\/et\/produkt\/vapor-storm-ares-pod-system-vape-12w-nachfuell-starterkit\/#primaryimage"},"thumbnailUrl":"https:\/\/ae01.alicdn.com\/kf\/H815b47451dc14ee79331ee3fc07e169ax\/Neue-Dampf-Storm-Ares-Pod-System-Vape-12W-Elektronische-Zigarette-560mah-1-6-ml-Mesh-Spule.jpg","datePublished":"2024-04-20T08:23:25+00:00","dateModified":"2024-09-12T10:31:51+00:00","description":"Wir bieten Vapor Storm Ares Pod System Vape 12W Nachf\u00fcll-Starterkit , Elementvape.de akzeptieren Gro\u00df-und Einzelhandel Bestellungen.","breadcrumb":{"@id":"https:\/\/www.elementvape.de\/et\/produkt\/vapor-storm-ares-pod-system-vape-12w-nachfuell-starterkit\/#breadcrumb"},"inLanguage":"sk-SK","potentialAction":[{"@type":"ReadAction","target":["https:\/\/www.elementvape.de\/et\/produkt\/vapor-storm-ares-pod-system-vape-12w-nachfuell-starterkit\/"]}]},{"@type":"ImageObject","inLanguage":"sk-SK","@id":"https:\/\/www.elementvape.de\/et\/produkt\/vapor-storm-ares-pod-system-vape-12w-nachfuell-starterkit\/#primaryimage","url":"https:\/\/ae01.alicdn.com\/kf\/H815b47451dc14ee79331ee3fc07e169ax\/Neue-Dampf-Storm-Ares-Pod-System-Vape-12W-Elektronische-Zigarette-560mah-1-6-ml-Mesh-Spule.jpg","contentUrl":"https:\/\/ae01.alicdn.com\/kf\/H815b47451dc14ee79331ee3fc07e169ax\/Neue-Dampf-Storm-Ares-Pod-System-Vape-12W-Elektronische-Zigarette-560mah-1-6-ml-Mesh-Spule.jpg","width":800,"height":800},{"@type":"BreadcrumbList","@id":"https:\/\/www.elementvape.de\/et\/produkt\/vapor-storm-ares-pod-system-vape-12w-nachfuell-starterkit\/#breadcrumb","itemListElement":[{"@type":"ListItem","position":1,"name":"Home","item":"https:\/\/www.elementvape.de\/"},{"@type":"ListItem","position":2,"name":"Shop","item":"https:\/\/www.elementvape.de\/shop\/"},{"@type":"ListItem","position":3,"name":"Vapor Storm Ares Pod System Vape 12W Nachf\u00fcll-Starterkit"}]},{"@type":"WebSite","@id":"https:\/\/www.elementvape.de\/#website","url":"https:\/\/www.elementvape.de\/","name":"ElementVape.de","description":"","publisher":{"@id":"https:\/\/www.elementvape.de\/#organization"},"potentialAction":[{"@type":"SearchAction","target":{"@type":"EntryPoint","urlTemplate":"https:\/\/www.elementvape.de\/?s={search_term_string}"},"query-input":"required name=search_term_string"}],"inLanguage":"sk-SK"},{"@type":"Organization","@id":"https:\/\/www.elementvape.de\/#organization","name":"ElementVape.DE","url":"https:\/\/www.elementvape.de\/","logo":{"@type":"ImageObject","inLanguage":"sk-SK","@id":"https:\/\/www.elementvape.de\/#\/schema\/logo\/image\/","url":"https:\/\/www.elementvape.de\/wp-content\/uploads\/2024\/09\/cropped-1elementvape-3.png","contentUrl":"https:\/\/www.elementvape.de\/wp-content\/uploads\/2024\/09\/cropped-1elementvape-3.png","width":285,"height":228,"caption":"ElementVape.DE"},"image":{"@id":"https:\/\/www.elementvape.de\/#\/schema\/logo\/image\/"}}]}},"_links":{"self":[{"href":"https:\/\/www.elementvape.de\/sk\/wp-json\/wp\/v2\/product\/8814"}],"collection":[{"href":"https:\/\/www.elementvape.de\/sk\/wp-json\/wp\/v2\/product"}],"about":[{"href":"https:\/\/www.elementvape.de\/sk\/wp-json\/wp\/v2\/types\/product"}],"wp:featuredmedia":[{"embeddable":true,"href":"https:\/\/www.elementvape.de\/sk\/wp-json\/wp\/v2\/media\/8815"}],"wp:attachment":[{"href":"https:\/\/www.elementvape.de\/sk\/wp-json\/wp\/v2\/media?parent=8814"}],"wp:term":[{"taxonomy":"product_cat","embeddable":true,"href":"https:\/\/www.elementvape.de\/sk\/wp-json\/wp\/v2\/product_cat?post=8814"},{"taxonomy":"product_tag","embeddable":true,"href":"https:\/\/www.elementvape.de\/sk\/wp-json\/wp\/v2\/product_tag?post=8814"}],"curies":[{"name":"wp","href":"https:\/\/api.w.org\/{rel}","templated":true}]}}