{"id":8791,"date":"2024-04-20T06:56:29","date_gmt":"2024-04-20T06:56:29","guid":{"rendered":"https:\/\/www.elementvape.de\/?post_type=product&#038;p=8791"},"modified":"2024-09-12T10:32:24","modified_gmt":"2024-09-12T10:32:24","slug":"pro-pod-kit-25w-900mah-batterie-vthru-pro-mit-3ml","status":"publish","type":"product","link":"https:\/\/www.elementvape.de\/sk\/produkt\/pro-pod-kit-25w-900mah-batterie-vthru-pro-mit-3ml\/","title":{"rendered":"Voopoo v. thru pro pod kit 25w 900mah bat\u00e9ria vthru pro s 3ml VMate v2 n\u00e1dr\u017ekou 0.7\/1,2 ohm elektronick\u00e1 cigareta vaporiz\u00e9r"},"content":{"rendered":"<p>&nbsp;<\/p>\n<div class=\"product-specs-list-container\">\n<ul class=\"product-specs-list util-clearfix\">\n<li class=\"product-prop line-limit-length\"><span class=\"property-title\">Vzh\u013ead:\u00a0<\/span><span class=\"property-desc line-limit-length\">Tvar krabice<\/span><\/li>\n<li class=\"product-prop line-limit-length\"><span class=\"property-title\">Kompatibiln\u00e1 bat\u00e9ria:\u00a0<\/span><span class=\"property-desc line-limit-length\">\u017diadna<\/span><\/li>\n<li class=\"product-prop line-limit-length\"><span class=\"property-title\">Funkcia sledovania po\u010dtu faj\u010denia:\u00a0<\/span><span class=\"property-desc line-limit-length\">Nie<\/span><\/li>\n<li class=\"product-prop line-limit-length\"><span class=\"property-title\">Siliconov\u00fd kryt:\u00a0<\/span><span class=\"property-desc line-limit-length\">Nie<\/span><\/li>\n<li class=\"product-prop line-limit-length\"><span class=\"property-title\">Regul\u00e1cia teploty:\u00a0<\/span><span class=\"property-desc line-limit-length\">Nie<\/span><\/li>\n<li class=\"product-prop line-limit-length\"><span class=\"property-title\">Vstavan\u00e1 alebo extern\u00e1 bat\u00e9ria:\u00a0<\/span><span class=\"property-desc line-limit-length\">Vstavan\u00e1<\/span><\/li>\n<li class=\"product-prop line-limit-length\"><span class=\"property-title\">Funkcia ochrany proti skratu:\u00a0<\/span><span class=\"property-desc line-limit-length\">Ja<\/span><\/li>\n<li class=\"product-prop line-limit-length\"><span class=\"property-title\">Funkcia ochrany pred prehriat\u00edm:\u00a0<\/span><span class=\"property-desc line-limit-length\">Nie<\/span><\/li>\n<li class=\"product-prop line-limit-length\"><span class=\"property-title\">Alarm pri n\u00edzkom nap\u00e4t\u00ed:\u00a0<\/span><span class=\"property-desc line-limit-length\">Ja<\/span><\/li>\n<li class=\"product-prop line-limit-length\"><span class=\"property-title\">Identifik\u00e1cia rozpra\u0161ova\u010da Funkcia:\u00a0<\/span><span class=\"property-desc line-limit-length\">Ja<\/span><\/li>\n<li class=\"product-prop line-limit-length\"><span class=\"property-title\">Re\u017eimy nastavenia TCR:\u00a0<\/span><span class=\"property-desc line-limit-length\">Nie<\/span><\/li>\n<li class=\"product-prop line-limit-length\"><span class=\"property-title\">Menovit\u00e1 kapacita:\u00a0<\/span><span class=\"property-desc line-limit-length\">900 mAh<\/span><\/li>\n<li class=\"product-prop line-limit-length\"><span class=\"property-title\">Vn\u00fatorn\u00e1 alebo vonkaj\u0161ia bat\u00e9ria: Vonkaj\u0161ia\u00a0<\/span><span class=\"property-desc line-limit-length\">Kov<\/span><\/li>\n<li class=\"product-prop line-limit-length\"><span class=\"property-title\">Kompatibiln\u00fd model:\u00a0<\/span><span class=\"property-desc line-limit-length\">Elektronick\u00e1 cigareta vaporiz\u00e9r<\/span><\/li>\n<li class=\"product-prop line-limit-length\"><span class=\"property-title\">\u010c\u00edslo modelu:\u00a0<\/span><span class=\"property-desc line-limit-length\">VOOPOO V.THRU Pro Pod Vape Kit<\/span><\/li>\n<li class=\"product-prop line-limit-length\"><span class=\"property-title\">USB nab\u00edja\u010dka:\u00a0<\/span><span class=\"property-desc line-limit-length\">Ja<\/span><\/li>\n<li class=\"product-prop line-limit-length\"><span class=\"property-title\">Firmware aktualiz\u00e1cia:\u00a0<\/span><span class=\"property-desc line-limit-length\">Nie<\/span><\/li>\n<li class=\"product-prop line-limit-length\"><span class=\"property-title\">Displej:\u00a0<\/span><span class=\"property-desc line-limit-length\">Ja<\/span><\/li>\n<li class=\"product-prop line-limit-length\"><span class=\"property-title\">Typ:\u00a0<\/span><span class=\"property-desc line-limit-length\">S bat\u00e9riou<\/span><\/li>\n<li class=\"product-prop line-limit-length\"><span class=\"property-title\">N\u00e1zov zna\u010dky:\u00a0<\/span><span class=\"property-desc line-limit-length\">VOOPOO<\/span><\/li>\n<li class=\"product-prop line-limit-length\"><span class=\"property-title\">P\u00f4vod:\u00a0<\/span><span class=\"property-desc line-limit-length\">SK (P\u00f4vod)<\/span><\/li>\n<\/ul>\n<\/div>\n<div class=\"detailmodule_html\">\n<div class=\"detail-desc-decorate-richtext\">\n<div class=\"detailmodule_text\">\n<p>&nbsp;<\/p>\n<p id=\"tl_1\" class=\"detail-desc-decorate-title\" style=\"font-family: OpenSans; font-size: 20px; font-weight: 900; line-height: 28px; margin-bottom: 12px;\">Origin\u00e1lny Voopoo V. Thru Pro Pod Vape Kit 25W 900mAh Bat\u00e9ria V through Pro 3ml pr\u00e1zdna n\u00e1dr\u017eka Elektronick\u00e1 cigareta Vaporiz\u00e9r<\/p>\n<\/div>\n<div class=\"detailmodule_text\">\n<p id=\"tl_2\" class=\"detail-desc-decorate-title\" style=\"font-family: OpenSans; font-size: 20px; font-weight: 900; line-height: 28px; margin-bottom: 12px;\">Voopoo v. thru pro kit kr\u00e1tky popis:<\/p>\n<p id=\"tl_3\" class=\"detail-desc-decorate-content\" style=\"font-family: OpenSans; font-size: 14px; font-weight: 300; line-height: 20px; margin-bottom: 12px;\">V. thru pro kit je \u013eahko ovl\u00e1date\u013en\u00fd a cenovo dostupn\u00fd \u0161tartovac\u00ed set s mal\u00fdmi rozmermi, ale ve\u013ek\u00fdm v\u00fdkonom. Poh\u00e1\u0148a ho 900mAh zabudovan\u00e1 bat\u00e9ria s r\u00fdchlym nab\u00edjan\u00edm cez Typ-C 5V\/1a. S dizajnom bez tla\u010didla je v. thru pro jednoduch\u00e9 na spustenie, pou\u017eitie a inhal\u00e1ciu. Prich\u00e1dza s 3ml pr\u00e1zdnou n\u00e1dr\u017ekou 0,7 Ohm a 1,2 Ohm Dual V. Thru Pro Pods, ktor\u00e9 v\u00e1m pon\u00fakaj\u00fa najvy\u0161\u0161ie rozl\u00ed\u0161enie a chu\u0165. A \u010dip Gen zabezpe\u010duje kon\u0161tantn\u00e9 v\u00fdstupn\u00e9 nap\u00e4tie, aby v\u00e1m poskytol dokonal\u00fd z\u00e1\u017eitok z chuti. 0,69 palcov\u00fd OLED displej zobrazuje inform\u00e1cie o zariaden\u00ed. Je tie\u017e vybaven\u00fd inteligentn\u00fdm detsk\u00fdm bezpe\u010dnostn\u00fdm re\u017eimom, ktor\u00fd zabra\u0148uje nechcen\u00e9mu spusteniu de\u0165mi. S dizajnom s \u00fapln\u00fdm 360\u00b0 prisp\u00f4soben\u00edm poc\u00edtite svoju chu\u0165, \u017eiadny pod. Magnetick\u00fd sac\u00ed a zap\u00ednac\u00ed dizajn a ve\u013emi jednoduch\u00fd z\u00e1mok dr\u00e1\u017eky zabezpe\u010duj\u00fa pevn\u00e9 upevnenie a \u013eahk\u00e9 vybratie.<\/p>\n<\/div>\n<div class=\"detailmodule_text\">\n<p id=\"tl_4\" class=\"detail-desc-decorate-title\" style=\"font-family: OpenSans; font-size: 20px; font-weight: 900; line-height: 28px; margin-bottom: 12px;\">Funkcia:<\/p>\n<p id=\"tl_5\" class=\"detail-desc-decorate-content\" style=\"font-family: OpenSans; font-size: 14px; font-weight: 300; line-height: 20px; margin-bottom: 12px;\">Startuje s indukciou vzduchu<br \/>\nKapacita pr\u00e1zdnej n\u00e1dr\u017eky 3ml<br \/>\n0,7 &amp; 1,2\u03a9 Dual Pod<br \/>\n0,69 palcov\u00fd OLED displej<br \/>\n900mAh zabudovan\u00e1 bat\u00e9ria<br \/>\nInteligentn\u00fd detsk\u00fd bezpe\u010dnostn\u00fd re\u017eim<br \/>\n360 \u00b0 pln\u00fd dizajn s tvarovan\u00edm na pery<br \/>\nMagnetick\u00e9 ods\u00e1vanie a dvojit\u00e1 spona<br \/>\nPosilnenie<br \/>\nNez\u00e1visl\u00e1 a jednorazov\u00e1 kondenz\u00e1tov\u00e1 miestnos\u0165<\/p>\n<\/div>\n<div class=\"detailmodule_text\">\n<p id=\"tl_6\" class=\"detail-desc-decorate-title\" style=\"font-family: OpenSans; font-size: 20px; font-weight: 900; line-height: 28px; margin-bottom: 12px;\">\u0160pecifik\u00e1cie<\/p>\n<p id=\"tl_7\" class=\"detail-desc-decorate-content\" style=\"font-family: OpenSans; font-size: 14px; font-weight: 300; line-height: 20px; margin-bottom: 12px;\">N\u00e1zov produktu: v. thru pro<br \/>\nVe\u013ekos\u0165: 28,5*14,9*95,5 mm<br \/>\nHmotnos\u0165: 44 g<br \/>\nRozsah v\u00fdkonu: 5-25 W<br \/>\nKapacita: 3ml<br \/>\nRozsah odporu: 0,7 &amp; 1,2 \u03a9<br \/>\nV\u00fdstupn\u00e9 nap\u00e4tie: 3,2-4,2 V<br \/>\nBat\u00e9ria: 900 mAh zabudovan\u00e1<\/p>\n<\/div>\n<div class=\"detailmodule_text\">\n<p id=\"tl_8\" class=\"detail-desc-decorate-title\" style=\"font-family: OpenSans; font-size: 20px; font-weight: 900; line-height: 28px; margin-bottom: 12px;\">Zoznam bal\u00edkov<\/p>\n<p id=\"tl_9\" class=\"detail-desc-decorate-content\" style=\"font-family: OpenSans; font-size: 14px; font-weight: 300; line-height: 20px; margin-bottom: 12px;\">Vyzvanie: o v. thru pro sa nov\u00fd a star\u00fd kit bal\u00ed\u010dek zasiela n\u00e1hodne.<\/p>\n<p>Zoznam bal\u00edkov (nov\u00fd kit):<br \/>\n1 * v. thru pro zariadenie<br \/>\n1 * vmate n\u00e1pl\u0148 v2 (0,7 Ohm\/3 ml)<br \/>\n1 * vmate n\u00e1pl\u0148 v2 (1,2 Ohm\/3 ml)<br \/>\n1 * Typ-C k\u00e1bel<br \/>\n1 * pou\u017e\u00edvate\u013esk\u00e1 pr\u00edru\u010dka<\/p>\n<p>Zoznam bal\u00edkov (star\u00fd kit):<br \/>\n1 * v. thru pro zariadenie<br \/>\n1 * v. thru pro pod (0,7 Ohm\/3 ml)<br \/>\n1 * v. thru pro pod (1,2 Ohm\/3 ml)<br \/>\n1 * Typ-C k\u00e1bel<br \/>\n1 * pou\u017e\u00edvate\u013esk\u00e1 pr\u00edru\u010dka<\/p>\n<\/div>\n<div class=\"detailmodule_image\"><img decoding=\"async\" loading=\"lazy\" class=\"detail-desc-decorate-image\" src=\"https:\/\/ae01.alicdn.com\/kf\/Hb96528f62cc74b26bea851a1e776d990s.jpg\" \/><\/div>\n<div class=\"detailmodule_image\"><img decoding=\"async\" loading=\"lazy\" class=\"detail-desc-decorate-image\" style=\"margin-bottom: 10px;\" src=\"https:\/\/ae01.alicdn.com\/kf\/S8667a54d58524668965bed2f2dc7cbdct.jpg\" \/><br \/>\n<img decoding=\"async\" loading=\"lazy\" class=\"detail-desc-decorate-image\" src=\"https:\/\/ae01.alicdn.com\/kf\/H7fbc308cb9f7424b836d8c53f8cf8a0bP.jpg\" \/><br \/>\n<img decoding=\"async\" loading=\"lazy\" class=\"detail-desc-decorate-image\" src=\"https:\/\/ae01.alicdn.com\/kf\/H41420df517f24564983673e4f6be9d7cf.jpg\" \/><br \/>\n<img decoding=\"async\" loading=\"lazy\" class=\"detail-desc-decorate-image\" src=\"https:\/\/ae01.alicdn.com\/kf\/H4d840733967c4b0cacbf1db08dbcfcc6e.jpg\" \/><br \/>\n<img decoding=\"async\" loading=\"lazy\" class=\"detail-desc-decorate-image\" src=\"https:\/\/ae01.alicdn.com\/kf\/H7e3e691bf021499fa5b3affe3f90da96P.jpg\" \/><br \/>\n<img decoding=\"async\" loading=\"lazy\" class=\"detail-desc-decorate-image\" src=\"https:\/\/ae01.alicdn.com\/kf\/Hc03c4b145d764c5199ae2767c5bbd32ff.jpg\" \/><br \/>\n<img decoding=\"async\" loading=\"lazy\" class=\"detail-desc-decorate-image\" src=\"https:\/\/ae01.alicdn.com\/kf\/Hfe89e81db40949fd93c7140c65c216bfv.jpg\" \/><br \/>\n<img decoding=\"async\" loading=\"lazy\" class=\"detail-desc-decorate-image\" style=\"margin-bottom: 10px;\" src=\"https:\/\/ae01.alicdn.com\/kf\/Se4017182eab2461e86f3ea9089378f1fS.jpg\" \/><\/div>\n<p>&nbsp;<\/p>\n<\/div>\n<\/div>","protected":false},"excerpt":{"rendered":"<p>&nbsp; Aussehen:\u00a0Box Form Kompatibler Akku:\u00a0Kein \u00dcberwachung Funktion Von Rauchen Anzahl:\u00a0Nein Silikon Fall:\u00a0Nein Temperaturregelung:\u00a0Nein Eingebaute Oder Externe Batterie:\u00a0Eingebaute Kurzschlussschutz Funktion:\u00a0Ja \u00dcberhitzungsschutz-funktion:\u00a0Nein Niederspannungsalarmfunktion:\u00a0Ja Zerst\u00e4uber Identifikation Funktion:\u00a0Ja TCR Einstellung Modi:\u00a0Nein Nominale Kapazit\u00e4t:\u00a0900 mAh Material:\u00a0Metall Compatible Model:\u00a0Electronic Cigarette Vape Modellnummer:\u00a0VOOPOO V.THRU Pro Pod Vape Kit Usb-ladeger\u00e4t:\u00a0Ja Firmware-upgrade:\u00a0Nein Display:\u00a0Ja Art:\u00a0Mit Batterie Markenname:\u00a0VOOPOO Ursprung:\u00a0CN (Herkunft) &nbsp; Original Voopoo V. Thru Pro [&hellip;]<\/p>","protected":false},"featured_media":8792,"template":"","meta":{"inline_featured_image":false},"product_cat":[750,737,736,749,76],"product_tag":[],"tiered_pricing_type":"fixed","tiered_pricing_fixed_rules":[],"tiered_pricing_percentage_rules":[],"tiered_pricing_minimum":1,"_administrator_tiered_pricing_type":"fixed","_administrator_tiered_pricing_fixed_rules":[],"_editor_tiered_pricing_type":"fixed","_editor_tiered_pricing_fixed_rules":[],"_author_tiered_pricing_type":"fixed","_author_tiered_pricing_fixed_rules":[],"_contributor_tiered_pricing_type":"fixed","_contributor_tiered_pricing_fixed_rules":[],"_subscriber_tiered_pricing_type":"fixed","_subscriber_tiered_pricing_fixed_rules":[],"_customer_tiered_pricing_type":"fixed","_customer_tiered_pricing_fixed_rules":[],"_shop_manager_tiered_pricing_type":"fixed","_shop_manager_tiered_pricing_fixed_rules":[],"_wpseo_manager_tiered_pricing_type":"fixed","_wpseo_manager_tiered_pricing_fixed_rules":[],"_wpseo_editor_tiered_pricing_type":"fixed","_wpseo_editor_tiered_pricing_fixed_rules":[],"_wholesale_customer_tiered_pricing_type":"fixed","_wholesale_customer_tiered_pricing_fixed_rules":[],"_marketer_tiered_pricing_type":"fixed","_marketer_tiered_pricing_fixed_rules":[],"_sales_manager_tiered_pricing_type":"fixed","_sales_manager_tiered_pricing_fixed_rules":[],"_sales_rep_tiered_pricing_type":"fixed","_sales_rep_tiered_pricing_fixed_rules":[],"yoast_head":"<!-- This site is optimized with the Yoast SEO plugin v23.3 - https:\/\/yoast.com\/wordpress\/plugins\/seo\/ -->\n<title>Voopoo v. thru pro pod kit 25w 900mah batterie vthru pro mit 3ml vmate v2 patrone 0.7\/1,2 ohm elektronische zigarette vape | ElementVape.de<\/title>\n<meta name=\"description\" content=\"Wir bieten Voopoo v. thru pro pod kit 25w 900mah batterie vthru pro mit 3ml vmate v2 patrone 0.7\/1,2 ohm elektronische zigarette vape , Elementvape.de akzeptieren Gro\u00df-und Einzelhandel Bestellungen.\" \/>\n<meta name=\"robots\" content=\"index, follow, max-snippet:-1, max-image-preview:large, max-video-preview:-1\" \/>\n<link rel=\"canonical\" href=\"https:\/\/www.elementvape.de\/sk\/produkt\/pro-pod-kit-25w-900mah-batterie-vthru-pro-mit-3ml\/\" \/>\n<meta property=\"og:locale\" content=\"sk_SK\" \/>\n<meta property=\"og:type\" content=\"article\" \/>\n<meta property=\"og:title\" content=\"Voopoo v. thru pro pod kit 25w 900mah batterie vthru pro mit 3ml vmate v2 patrone 0.7\/1,2 ohm elektronische zigarette vape | ElementVape.de\" \/>\n<meta property=\"og:description\" content=\"Wir bieten Voopoo v. thru pro pod kit 25w 900mah batterie vthru pro mit 3ml vmate v2 patrone 0.7\/1,2 ohm elektronische zigarette vape , Elementvape.de akzeptieren Gro\u00df-und Einzelhandel Bestellungen.\" \/>\n<meta property=\"og:url\" content=\"https:\/\/www.elementvape.de\/sk\/produkt\/pro-pod-kit-25w-900mah-batterie-vthru-pro-mit-3ml\/\" \/>\n<meta property=\"og:site_name\" content=\"ElementVape.de\" \/>\n<meta property=\"article:modified_time\" content=\"2024-09-12T10:32:24+00:00\" \/>\n<meta property=\"og:image\" content=\"https:\/\/ae01.alicdn.com\/kf\/S878ac8cf8b83442db544a2541ddb12dbD\/Original-voopoo-v-thru-pro-pod-kit-25w-900mah-batterie-vthru-pro-mit-3ml-vmate-v2.jpg\" \/>\n\t<meta property=\"og:image:width\" content=\"800\" \/>\n\t<meta property=\"og:image:height\" content=\"800\" \/>\n\t<meta property=\"og:image:type\" content=\"image\/jpeg\" \/>\n<meta name=\"twitter:card\" content=\"summary_large_image\" \/>\n<meta name=\"twitter:label1\" content=\"Est. reading time\" \/>\n\t<meta name=\"twitter:data1\" content=\"5 min\u00fat\" \/>\n<script type=\"application\/ld+json\" class=\"yoast-schema-graph\">{\"@context\":\"https:\/\/schema.org\",\"@graph\":[{\"@type\":\"WebPage\",\"@id\":\"https:\/\/www.elementvape.de\/es\/produkt\/pro-pod-kit-25w-900mah-batterie-vthru-pro-mit-3ml\/\",\"url\":\"https:\/\/www.elementvape.de\/es\/produkt\/pro-pod-kit-25w-900mah-batterie-vthru-pro-mit-3ml\/\",\"name\":\"Voopoo v. thru pro pod kit 25w 900mah batterie vthru pro mit 3ml vmate v2 patrone 0.7\/1,2 ohm elektronische zigarette vape | ElementVape.de\",\"isPartOf\":{\"@id\":\"https:\/\/www.elementvape.de\/#website\"},\"primaryImageOfPage\":{\"@id\":\"https:\/\/www.elementvape.de\/es\/produkt\/pro-pod-kit-25w-900mah-batterie-vthru-pro-mit-3ml\/#primaryimage\"},\"image\":{\"@id\":\"https:\/\/www.elementvape.de\/es\/produkt\/pro-pod-kit-25w-900mah-batterie-vthru-pro-mit-3ml\/#primaryimage\"},\"thumbnailUrl\":\"https:\/\/ae01.alicdn.com\/kf\/S878ac8cf8b83442db544a2541ddb12dbD\/Original-voopoo-v-thru-pro-pod-kit-25w-900mah-batterie-vthru-pro-mit-3ml-vmate-v2.jpg\",\"datePublished\":\"2024-04-20T06:56:29+00:00\",\"dateModified\":\"2024-09-12T10:32:24+00:00\",\"description\":\"Wir bieten Voopoo v. thru pro pod kit 25w 900mah batterie vthru pro mit 3ml vmate v2 patrone 0.7\/1,2 ohm elektronische zigarette vape , Elementvape.de akzeptieren Gro\u00df-und Einzelhandel Bestellungen.\",\"breadcrumb\":{\"@id\":\"https:\/\/www.elementvape.de\/es\/produkt\/pro-pod-kit-25w-900mah-batterie-vthru-pro-mit-3ml\/#breadcrumb\"},\"inLanguage\":\"sk-SK\",\"potentialAction\":[{\"@type\":\"ReadAction\",\"target\":[\"https:\/\/www.elementvape.de\/es\/produkt\/pro-pod-kit-25w-900mah-batterie-vthru-pro-mit-3ml\/\"]}]},{\"@type\":\"ImageObject\",\"inLanguage\":\"sk-SK\",\"@id\":\"https:\/\/www.elementvape.de\/es\/produkt\/pro-pod-kit-25w-900mah-batterie-vthru-pro-mit-3ml\/#primaryimage\",\"url\":\"https:\/\/ae01.alicdn.com\/kf\/S878ac8cf8b83442db544a2541ddb12dbD\/Original-voopoo-v-thru-pro-pod-kit-25w-900mah-batterie-vthru-pro-mit-3ml-vmate-v2.jpg\",\"contentUrl\":\"https:\/\/ae01.alicdn.com\/kf\/S878ac8cf8b83442db544a2541ddb12dbD\/Original-voopoo-v-thru-pro-pod-kit-25w-900mah-batterie-vthru-pro-mit-3ml-vmate-v2.jpg\",\"width\":800,\"height\":800},{\"@type\":\"BreadcrumbList\",\"@id\":\"https:\/\/www.elementvape.de\/es\/produkt\/pro-pod-kit-25w-900mah-batterie-vthru-pro-mit-3ml\/#breadcrumb\",\"itemListElement\":[{\"@type\":\"ListItem\",\"position\":1,\"name\":\"Home\",\"item\":\"https:\/\/www.elementvape.de\/\"},{\"@type\":\"ListItem\",\"position\":2,\"name\":\"Shop\",\"item\":\"https:\/\/www.elementvape.de\/shop\/\"},{\"@type\":\"ListItem\",\"position\":3,\"name\":\"Voopoo v. thru pro pod kit 25w 900mah batterie vthru pro mit 3ml vmate v2 patrone 0.7\/1,2 ohm elektronische zigarette vape\"}]},{\"@type\":\"WebSite\",\"@id\":\"https:\/\/www.elementvape.de\/#website\",\"url\":\"https:\/\/www.elementvape.de\/\",\"name\":\"ElementVape.de\",\"description\":\"\",\"publisher\":{\"@id\":\"https:\/\/www.elementvape.de\/#organization\"},\"potentialAction\":[{\"@type\":\"SearchAction\",\"target\":{\"@type\":\"EntryPoint\",\"urlTemplate\":\"https:\/\/www.elementvape.de\/?s={search_term_string}\"},\"query-input\":\"required name=search_term_string\"}],\"inLanguage\":\"sk-SK\"},{\"@type\":\"Organization\",\"@id\":\"https:\/\/www.elementvape.de\/#organization\",\"name\":\"ElementVape.DE\",\"url\":\"https:\/\/www.elementvape.de\/\",\"logo\":{\"@type\":\"ImageObject\",\"inLanguage\":\"sk-SK\",\"@id\":\"https:\/\/www.elementvape.de\/#\/schema\/logo\/image\/\",\"url\":\"https:\/\/www.elementvape.de\/wp-content\/uploads\/2024\/09\/cropped-1elementvape-3.png\",\"contentUrl\":\"https:\/\/www.elementvape.de\/wp-content\/uploads\/2024\/09\/cropped-1elementvape-3.png\",\"width\":285,\"height\":228,\"caption\":\"ElementVape.DE\"},\"image\":{\"@id\":\"https:\/\/www.elementvape.de\/#\/schema\/logo\/image\/\"}}]}<\/script>\n<!-- \/ Yoast SEO plugin. -->","yoast_head_json":{"title":"Voopoo v. thru pro pod kit 25w 900mah batterie vthru pro mit 3ml vmate v2 patrone 0.7\/1,2 ohm elektronische zigarette vape | ElementVape.de","description":"Wir bieten Voopoo v. thru pro pod kit 25w 900mah batterie vthru pro mit 3ml vmate v2 patrone 0.7\/1,2 ohm elektronische zigarette vape , Elementvape.de akzeptieren Gro\u00df-und Einzelhandel Bestellungen.","robots":{"index":"index","follow":"follow","max-snippet":"max-snippet:-1","max-image-preview":"max-image-preview:large","max-video-preview":"max-video-preview:-1"},"canonical":"https:\/\/www.elementvape.de\/sk\/produkt\/pro-pod-kit-25w-900mah-batterie-vthru-pro-mit-3ml\/","og_locale":"sk_SK","og_type":"article","og_title":"Voopoo v. thru pro pod kit 25w 900mah batterie vthru pro mit 3ml vmate v2 patrone 0.7\/1,2 ohm elektronische zigarette vape | ElementVape.de","og_description":"Wir bieten Voopoo v. thru pro pod kit 25w 900mah batterie vthru pro mit 3ml vmate v2 patrone 0.7\/1,2 ohm elektronische zigarette vape , Elementvape.de akzeptieren Gro\u00df-und Einzelhandel Bestellungen.","og_url":"https:\/\/www.elementvape.de\/sk\/produkt\/pro-pod-kit-25w-900mah-batterie-vthru-pro-mit-3ml\/","og_site_name":"ElementVape.de","article_modified_time":"2024-09-12T10:32:24+00:00","og_image":[{"width":800,"height":800,"url":"https:\/\/ae01.alicdn.com\/kf\/S878ac8cf8b83442db544a2541ddb12dbD\/Original-voopoo-v-thru-pro-pod-kit-25w-900mah-batterie-vthru-pro-mit-3ml-vmate-v2.jpg","type":"image\/jpeg"}],"twitter_card":"summary_large_image","twitter_misc":{"Est. reading time":"5 min\u00fat"},"schema":{"@context":"https:\/\/schema.org","@graph":[{"@type":"WebPage","@id":"https:\/\/www.elementvape.de\/es\/produkt\/pro-pod-kit-25w-900mah-batterie-vthru-pro-mit-3ml\/","url":"https:\/\/www.elementvape.de\/es\/produkt\/pro-pod-kit-25w-900mah-batterie-vthru-pro-mit-3ml\/","name":"Voopoo v. thru pro pod kit 25w 900mah batterie vthru pro mit 3ml vmate v2 patrone 0.7\/1,2 ohm elektronische zigarette vape | ElementVape.de","isPartOf":{"@id":"https:\/\/www.elementvape.de\/#website"},"primaryImageOfPage":{"@id":"https:\/\/www.elementvape.de\/es\/produkt\/pro-pod-kit-25w-900mah-batterie-vthru-pro-mit-3ml\/#primaryimage"},"image":{"@id":"https:\/\/www.elementvape.de\/es\/produkt\/pro-pod-kit-25w-900mah-batterie-vthru-pro-mit-3ml\/#primaryimage"},"thumbnailUrl":"https:\/\/ae01.alicdn.com\/kf\/S878ac8cf8b83442db544a2541ddb12dbD\/Original-voopoo-v-thru-pro-pod-kit-25w-900mah-batterie-vthru-pro-mit-3ml-vmate-v2.jpg","datePublished":"2024-04-20T06:56:29+00:00","dateModified":"2024-09-12T10:32:24+00:00","description":"Wir bieten Voopoo v. thru pro pod kit 25w 900mah batterie vthru pro mit 3ml vmate v2 patrone 0.7\/1,2 ohm elektronische zigarette vape , Elementvape.de akzeptieren Gro\u00df-und Einzelhandel Bestellungen.","breadcrumb":{"@id":"https:\/\/www.elementvape.de\/es\/produkt\/pro-pod-kit-25w-900mah-batterie-vthru-pro-mit-3ml\/#breadcrumb"},"inLanguage":"sk-SK","potentialAction":[{"@type":"ReadAction","target":["https:\/\/www.elementvape.de\/es\/produkt\/pro-pod-kit-25w-900mah-batterie-vthru-pro-mit-3ml\/"]}]},{"@type":"ImageObject","inLanguage":"sk-SK","@id":"https:\/\/www.elementvape.de\/es\/produkt\/pro-pod-kit-25w-900mah-batterie-vthru-pro-mit-3ml\/#primaryimage","url":"https:\/\/ae01.alicdn.com\/kf\/S878ac8cf8b83442db544a2541ddb12dbD\/Original-voopoo-v-thru-pro-pod-kit-25w-900mah-batterie-vthru-pro-mit-3ml-vmate-v2.jpg","contentUrl":"https:\/\/ae01.alicdn.com\/kf\/S878ac8cf8b83442db544a2541ddb12dbD\/Original-voopoo-v-thru-pro-pod-kit-25w-900mah-batterie-vthru-pro-mit-3ml-vmate-v2.jpg","width":800,"height":800},{"@type":"BreadcrumbList","@id":"https:\/\/www.elementvape.de\/es\/produkt\/pro-pod-kit-25w-900mah-batterie-vthru-pro-mit-3ml\/#breadcrumb","itemListElement":[{"@type":"ListItem","position":1,"name":"Home","item":"https:\/\/www.elementvape.de\/"},{"@type":"ListItem","position":2,"name":"Shop","item":"https:\/\/www.elementvape.de\/shop\/"},{"@type":"ListItem","position":3,"name":"Voopoo v. thru pro pod kit 25w 900mah batterie vthru pro mit 3ml vmate v2 patrone 0.7\/1,2 ohm elektronische zigarette vape"}]},{"@type":"WebSite","@id":"https:\/\/www.elementvape.de\/#website","url":"https:\/\/www.elementvape.de\/","name":"ElementVape.de","description":"","publisher":{"@id":"https:\/\/www.elementvape.de\/#organization"},"potentialAction":[{"@type":"SearchAction","target":{"@type":"EntryPoint","urlTemplate":"https:\/\/www.elementvape.de\/?s={search_term_string}"},"query-input":"required name=search_term_string"}],"inLanguage":"sk-SK"},{"@type":"Organization","@id":"https:\/\/www.elementvape.de\/#organization","name":"ElementVape.DE","url":"https:\/\/www.elementvape.de\/","logo":{"@type":"ImageObject","inLanguage":"sk-SK","@id":"https:\/\/www.elementvape.de\/#\/schema\/logo\/image\/","url":"https:\/\/www.elementvape.de\/wp-content\/uploads\/2024\/09\/cropped-1elementvape-3.png","contentUrl":"https:\/\/www.elementvape.de\/wp-content\/uploads\/2024\/09\/cropped-1elementvape-3.png","width":285,"height":228,"caption":"ElementVape.DE"},"image":{"@id":"https:\/\/www.elementvape.de\/#\/schema\/logo\/image\/"}}]}},"_links":{"self":[{"href":"https:\/\/www.elementvape.de\/sk\/wp-json\/wp\/v2\/product\/8791"}],"collection":[{"href":"https:\/\/www.elementvape.de\/sk\/wp-json\/wp\/v2\/product"}],"about":[{"href":"https:\/\/www.elementvape.de\/sk\/wp-json\/wp\/v2\/types\/product"}],"wp:featuredmedia":[{"embeddable":true,"href":"https:\/\/www.elementvape.de\/sk\/wp-json\/wp\/v2\/media\/8792"}],"wp:attachment":[{"href":"https:\/\/www.elementvape.de\/sk\/wp-json\/wp\/v2\/media?parent=8791"}],"wp:term":[{"taxonomy":"product_cat","embeddable":true,"href":"https:\/\/www.elementvape.de\/sk\/wp-json\/wp\/v2\/product_cat?post=8791"},{"taxonomy":"product_tag","embeddable":true,"href":"https:\/\/www.elementvape.de\/sk\/wp-json\/wp\/v2\/product_tag?post=8791"}],"curies":[{"name":"wp","href":"https:\/\/api.w.org\/{rel}","templated":true}]}}