{"id":8671,"date":"2024-04-20T06:46:36","date_gmt":"2024-04-20T06:46:36","guid":{"rendered":"https:\/\/www.elementvape.de\/?post_type=product&#038;p=8671"},"modified":"2024-09-12T10:32:30","modified_gmt":"2024-09-12T10:32:30","slug":"vapor-esso-vape-xros-3-mini-kit-1000mah-mit-2ml","status":"publish","type":"product","link":"https:\/\/www.elementvape.de\/sk\/produkt\/vapor-esso-vape-xros-3-mini-kit-1000mah-mit-2ml\/","title":{"rendered":"Vapor esso vape xros 3 mini kit 1000mAh s 2ml 0,6 ohm xros podom z\u00e1sobn\u00edkom mtl na rdl elektronick\u00e9 cigarety vaporiz\u00e9r"},"content":{"rendered":"<p>&nbsp;<\/p>\n<div class=\"product-specs-list-container\">\n<ul class=\"product-specs-list util-clearfix\">\n<li class=\"product-prop line-limit-length\"><span class=\"property-title\">Vzh\u013ead:\u00a0<\/span><span class=\"property-desc line-limit-length\">Tvar krabice<\/span><\/li>\n<li class=\"product-prop line-limit-length\"><span class=\"property-title\">Regul\u00e1cia teploty:\u00a0<\/span><span class=\"property-desc line-limit-length\">Ja<\/span><\/li>\n<li class=\"product-prop line-limit-length\"><span class=\"property-title\">Vstavan\u00e1 alebo extern\u00e1 bat\u00e9ria:\u00a0<\/span><span class=\"property-desc line-limit-length\">Vstavan\u00e1<\/span><\/li>\n<li class=\"product-prop line-limit-length\"><span class=\"property-title\">Funkcia ochrany proti skratu:\u00a0<\/span><span class=\"property-desc line-limit-length\">Ja<\/span><\/li>\n<li class=\"product-prop line-limit-length\"><span class=\"property-title\">Funkcia ochrany pred prehriat\u00edm:\u00a0<\/span><span class=\"property-desc line-limit-length\">Ja<\/span><\/li>\n<li class=\"product-prop line-limit-length\"><span class=\"property-title\">Alarm pri n\u00edzkom nap\u00e4t\u00ed:\u00a0<\/span><span class=\"property-desc line-limit-length\">Ja<\/span><\/li>\n<li class=\"product-prop line-limit-length\"><span class=\"property-title\">Identifik\u00e1cia rozpra\u0161ova\u010da Funkcia:\u00a0<\/span><span class=\"property-desc line-limit-length\">Ja<\/span><\/li>\n<li class=\"product-prop line-limit-length\"><span class=\"property-title\">Menovit\u00e1 kapacita:\u00a0<\/span><span class=\"property-desc line-limit-length\">1000mAh<\/span><\/li>\n<li class=\"product-prop line-limit-length\"><span class=\"property-title\">Vn\u00fatorn\u00e1 alebo vonkaj\u0161ia bat\u00e9ria: Vonkaj\u0161ia\u00a0<\/span><span class=\"property-desc line-limit-length\">Kov<\/span><\/li>\n<li class=\"product-prop line-limit-length\"><span class=\"property-title\">Kompatibiln\u00fd model:\u00a0<\/span><span class=\"property-desc line-limit-length\">Vhodn\u00e9 pre v\u0161etky XROS Pod<\/span><\/li>\n<li class=\"product-prop line-limit-length\"><span class=\"property-title\">\u010c\u00edslo modelu:\u00a0<\/span><span class=\"property-desc line-limit-length\">Vaporesso XROS 3 Mini Kit<\/span><\/li>\n<li class=\"product-prop line-limit-length\"><span class=\"property-title\">USB nab\u00edja\u010dka:\u00a0<\/span><span class=\"property-desc line-limit-length\">Ja<\/span><\/li>\n<li class=\"product-prop line-limit-length\"><span class=\"property-title\">Firmware aktualiz\u00e1cia:\u00a0<\/span><span class=\"property-desc line-limit-length\">Ja<\/span><\/li>\n<li class=\"product-prop line-limit-length\"><span class=\"property-title\">Displej:\u00a0<\/span><span class=\"property-desc line-limit-length\">Nie<\/span><\/li>\n<li class=\"product-prop line-limit-length\"><span class=\"property-title\">Typ:\u00a0<\/span><span class=\"property-desc line-limit-length\">S bat\u00e9riou<\/span><\/li>\n<li class=\"product-prop line-limit-length\"><span class=\"property-title\">N\u00e1zov zna\u010dky:\u00a0<\/span><span class=\"property-desc line-limit-length\">vaporesso<\/span><\/li>\n<li class=\"product-prop line-limit-length\"><span class=\"property-title\">P\u00f4vod:\u00a0<\/span><span class=\"property-desc line-limit-length\">SK (P\u00f4vod)<\/span><\/li>\n<\/ul>\n<\/div>\n<div class=\"detailmodule_html\">\n<div class=\"detail-desc-decorate-richtext\">\n<div class=\"detailmodule_text\">\n<p class=\"detail-desc-decorate-title\" style=\"font-family: OpenSans; font-size: 20px; font-weight: 900; line-height: 28px; margin-bottom: 12px;\">Vapor esso vape xros 3 mini kit 1000mAh s 2ml 0,6 ohm xros podom z\u00e1sobn\u00edkom mtl na rdl elektronick\u00e9 cigarety vaporiz\u00e9r<\/p>\n<\/div>\n<div class=\"detailmodule_text\">\n<p class=\"detail-desc-decorate-title\" style=\"font-family: OpenSans; font-size: 20px; font-weight: 900; line-height: 28px; margin-bottom: 12px;\">Vapor esso xros 3 mini kit kr\u00e1tky popis:<\/p>\n<p class=\"detail-desc-decorate-content\" style=\"font-family: OpenSans; font-size: 14px; font-weight: 300; line-height: 20px; margin-bottom: 12px;\">Xros 3 mini kit je nov\u00fd mtl pod syst\u00e9m v rodine xros, ktor\u00fd m\u00f4\u017ee pon\u00faknu\u0165 rdl sk\u00fasenos\u0165. Je poh\u00e1\u0148an\u00fd zabudovanou bat\u00e9riou 1000mAh, ktor\u00e1 v\u00e1m poskytne 48 hod\u00edn vapovania s nab\u00edja\u010dkou. Navrhnut\u00fd s ukazovate\u013eom bat\u00e9rie, m\u00f4\u017ee jasne uk\u00e1za\u0165 \u00fadaje o vapovan\u00ed. V\u010faka inovat\u00edvnej technol\u00f3gii Corex-Heizungs, ktor\u00e1 vyu\u017e\u00edva jedine\u010dn\u00fa Morph-Mesh \u0161trukt\u00faru a Corex bavlnu, je zabezpe\u010den\u00e9 lep\u0161ie zahrievanie, zlep\u0161enie efekt\u00edvnosti odparovania a pred\u013a\u017eenie \u017eivotnosti n\u00e1ustkov. Xros 3 mini m\u00e1 tie\u017e vylep\u0161en\u00fd n\u00e1ustok, ktor\u00fd dokonale sed\u00ed na va\u0161ej pery a poskytuje presnej\u0161\u00ed z\u00e1\u017eitok z mtl. Okrem toho je vybaven\u00fd nov\u00fdm podom 0,6\u03a9 a je vhodn\u00fd aj pre in\u00e9 xros pody. M\u00e1 kapacitu 2 ml, jednoduch\u00fd syst\u00e9m vrchu plnenia a technol\u00f3giu sss proti \u00faniku. Navrhnut\u00fd s gradientn\u00fdm a diamantov\u00fdm \u00fasekom, vytv\u00e1ra \u00fa\u017easn\u00e9 vizu\u00e1lne umenie svetla a tie\u0148a. Jednoducho ho z\u00edskajte.<\/p>\n<\/div>\n<div class=\"detailmodule_text\">\n<p class=\"detail-desc-decorate-title\" style=\"font-family: OpenSans; font-size: 20px; font-weight: 900; line-height: 28px; margin-bottom: 12px;\">Parametre syst\u00e9mu pod Vapor esso xros 3 mini kit:<\/p>\n<p class=\"detail-desc-decorate-content\" style=\"font-family: OpenSans; font-size: 14px; font-weight: 300; line-height: 20px; margin-bottom: 12px;\">Zna\u010dka: vaporesso<br \/>\nN\u00e1zov produktu: xros 3 mini kit<br \/>\nRozmery: 99,2*23,6*13,8 mm<br \/>\nBat\u00e9ria: zabudovan\u00e1 bat\u00e9ria 1000mAh<br \/>\nDob\u00edjanie: 5V\/1A, Typ-C<br \/>\nKapacita podu: 2 ml<br \/>\nPlnenie: horn\u00e9 plnenie<br \/>\nVhodn\u00e9 pre: v\u0161etky xros pod<br \/>\nFarba: \u010dierna, Space Grey, n\u00e1morn\u00edcka modr\u00e1, Rose Pink, obloha modr\u00e1, \u013eadov\u00e1 rieka, Phantom zelen\u00e1, Phantom zlat\u00e1<\/p>\n<\/div>\n<div class=\"detailmodule_text\">\n<p class=\"detail-desc-decorate-title\" style=\"font-family: OpenSans; font-size: 20px; font-weight: 900; line-height: 28px; margin-bottom: 12px;\">Vapor esso xros 3 mini detaily:<\/p>\n<p class=\"detail-desc-decorate-content\" style=\"font-family: OpenSans; font-size: 14px; font-weight: 300; line-height: 20px; margin-bottom: 12px;\">1. zabudovan\u00e1 bat\u00e9ria 1000mAh s nab\u00edjan\u00edm Typ-C<br \/>\n2. neonov\u00e1 bat\u00e9riov\u00e1 indik\u00e1cia na zobrazenie vapingov\u00fdch d\u00e1t<br \/>\n3. corex vykurovacia technol\u00f3gia s morph-mesh \u0161trukt\u00farou<br \/>\n4. kapacita E-tekutiny 2ml a jednoduch\u00fd syst\u00e9m horn\u00e9ho plnenia<br \/>\n5. odoln\u00fd vo\u010di \u00faniku s technol\u00f3giou SSS na prevenciu \u00faniku<br \/>\n6. kompatibiln\u00fd so v\u0161etk\u00fdmi xros podom<br \/>\n7. vylep\u0161en\u00e9 \u00fastnikov\u00e9 \u00fastie pre dokonal\u00e9 prisp\u00f4sobenie per\u00e1m<br \/>\n8. technol\u00f3gia presn\u00e9ho grav\u00edrovania text\u00fary<\/p>\n<\/div>\n<div class=\"detailmodule_text\">\n<p class=\"detail-desc-decorate-title\" style=\"font-family: OpenSans; font-size: 20px; font-weight: 900; line-height: 28px; margin-bottom: 12px;\">Bal\u00ed\u010dek od xros 3 mini starter kit obsahuje:<\/p>\n<p class=\"detail-desc-decorate-content\" style=\"font-family: OpenSans; font-size: 14px; font-weight: 300; line-height: 20px; margin-bottom: 12px;\">1 * vapor esso xros 3 mini bat\u00e9riu<br \/>\n1 * Vapor esso xros 3 0,6\u03a9 Mesh Pod<br \/>\n1 * Typ-C nab\u00edjac\u00ed k\u00e1bel<br \/>\n1 * pripomienkov\u00e1 karta<br \/>\n1 * pou\u017e\u00edvate\u013esk\u00e1 pr\u00edru\u010dka a z\u00e1ru\u010dn\u00e1 karta<\/p>\n<\/div>\n<div class=\"detailmodule_image\"><img decoding=\"async\" loading=\"lazy\" class=\"detail-desc-decorate-image\" src=\"https:\/\/ae01.alicdn.com\/kf\/S666ebf6f51c54ea5bb010d5b14812648x.jpg\" \/><img decoding=\"async\" loading=\"lazy\" class=\"detail-desc-decorate-image\" src=\"https:\/\/ae01.alicdn.com\/kf\/Saadbddea01344b0a9a39e33631e777893.jpg\" \/><img decoding=\"async\" loading=\"lazy\" class=\"detail-desc-decorate-image\" src=\"https:\/\/ae01.alicdn.com\/kf\/Sb035170751b740bf960a3495d7d6f517H.jpg\" \/><img decoding=\"async\" loading=\"lazy\" class=\"detail-desc-decorate-image\" src=\"https:\/\/ae01.alicdn.com\/kf\/S739c5d3e7f27412b80a79102d84ad9f01.jpg\" \/><img decoding=\"async\" loading=\"lazy\" class=\"detail-desc-decorate-image\" src=\"https:\/\/ae01.alicdn.com\/kf\/S40d26b0d9b474c7da4a93a2e151acc10W.jpg\" \/><img decoding=\"async\" loading=\"lazy\" class=\"detail-desc-decorate-image\" src=\"https:\/\/ae01.alicdn.com\/kf\/Sfa47e0deb9554813a19cd0cc29f43f4fR.jpg\" \/><img decoding=\"async\" loading=\"lazy\" class=\"detail-desc-decorate-image\" src=\"https:\/\/ae01.alicdn.com\/kf\/Sdb03d2681e4d4ee1ab6bd8c8bb639b0bI.jpg\" \/><img decoding=\"async\" loading=\"lazy\" class=\"detail-desc-decorate-image\" src=\"https:\/\/ae01.alicdn.com\/kf\/Sa1d6208007a045c6a57007b2be996295E.jpg\" \/><img decoding=\"async\" loading=\"lazy\" class=\"detail-desc-decorate-image\" src=\"https:\/\/ae01.alicdn.com\/kf\/Se82f53c164f74d478799e650ed7314d7A.jpg\" \/><\/div>\n<p>&nbsp;<\/p>\n<\/div>\n<\/div>","protected":false},"excerpt":{"rendered":"<p>&nbsp; Aussehen:\u00a0Box Form Temperaturregelung:\u00a0Ja Eingebaute Oder Externe Batterie:\u00a0Eingebaute Kurzschlussschutz Funktion:\u00a0Ja \u00dcberhitzungsschutz-funktion:\u00a0Ja Niederspannungsalarmfunktion:\u00a0Ja Zerst\u00e4uber Identifikation Funktion:\u00a0Ja Nominale Kapazit\u00e4t:\u00a01000mAh Material:\u00a0Metall Compatible Model:\u00a0Fit for all XROS Pod Modellnummer:\u00a0Vaporesso XROS 3 Mini Kit Usb-ladeger\u00e4t:\u00a0Ja Firmware-upgrade:\u00a0Ja Display:\u00a0Nein Art:\u00a0Mit Batterie Markenname:\u00a0vaporesso Ursprung:\u00a0CN (Herkunft) Original vapor esso xros 3 mini kit 1000mah vape mit 2ml 0,6 ohm xros pod patrone mtl zu [&hellip;]<\/p>","protected":false},"featured_media":8673,"template":"","meta":{"inline_featured_image":false},"product_cat":[750,737,736,749,76],"product_tag":[],"tiered_pricing_type":"fixed","tiered_pricing_fixed_rules":[],"tiered_pricing_percentage_rules":[],"tiered_pricing_minimum":1,"_administrator_tiered_pricing_type":"fixed","_administrator_tiered_pricing_fixed_rules":[],"_editor_tiered_pricing_type":"fixed","_editor_tiered_pricing_fixed_rules":[],"_author_tiered_pricing_type":"fixed","_author_tiered_pricing_fixed_rules":[],"_contributor_tiered_pricing_type":"fixed","_contributor_tiered_pricing_fixed_rules":[],"_subscriber_tiered_pricing_type":"fixed","_subscriber_tiered_pricing_fixed_rules":[],"_customer_tiered_pricing_type":"fixed","_customer_tiered_pricing_fixed_rules":[],"_shop_manager_tiered_pricing_type":"fixed","_shop_manager_tiered_pricing_fixed_rules":[],"_wpseo_manager_tiered_pricing_type":"fixed","_wpseo_manager_tiered_pricing_fixed_rules":[],"_wpseo_editor_tiered_pricing_type":"fixed","_wpseo_editor_tiered_pricing_fixed_rules":[],"_wholesale_customer_tiered_pricing_type":"fixed","_wholesale_customer_tiered_pricing_fixed_rules":[],"_marketer_tiered_pricing_type":"fixed","_marketer_tiered_pricing_fixed_rules":[],"_sales_manager_tiered_pricing_type":"fixed","_sales_manager_tiered_pricing_fixed_rules":[],"_sales_rep_tiered_pricing_type":"fixed","_sales_rep_tiered_pricing_fixed_rules":[],"yoast_head":"<!-- This site is optimized with the Yoast SEO plugin v23.3 - https:\/\/yoast.com\/wordpress\/plugins\/seo\/ -->\n<title>Vapor esso vape xros 3 mini kit 1000mah mit 2ml 0,6 ohm xros pod patrone mtl zu rdl elektronischer zigaretten verdampfer | ElementVape.de<\/title>\n<meta name=\"description\" content=\"Wir bieten Vapor esso vape xros 3 mini kit 1000mah mit 2ml 0,6 ohm xros pod patrone mtl zu rdl elektronischer zigaretten verdampfer , Elementvape.de akzeptieren Gro\u00df-und Einzelhandel Bestellungen.\" \/>\n<meta name=\"robots\" content=\"index, follow, max-snippet:-1, max-image-preview:large, max-video-preview:-1\" \/>\n<link rel=\"canonical\" href=\"https:\/\/www.elementvape.de\/sk\/produkt\/vapor-esso-vape-xros-3-mini-kit-1000mah-mit-2ml\/\" \/>\n<meta property=\"og:locale\" content=\"sk_SK\" \/>\n<meta property=\"og:type\" content=\"article\" \/>\n<meta property=\"og:title\" content=\"Vapor esso vape xros 3 mini kit 1000mah mit 2ml 0,6 ohm xros pod patrone mtl zu rdl elektronischer zigaretten verdampfer | ElementVape.de\" \/>\n<meta property=\"og:description\" content=\"Wir bieten Vapor esso vape xros 3 mini kit 1000mah mit 2ml 0,6 ohm xros pod patrone mtl zu rdl elektronischer zigaretten verdampfer , Elementvape.de akzeptieren Gro\u00df-und Einzelhandel Bestellungen.\" \/>\n<meta property=\"og:url\" content=\"https:\/\/www.elementvape.de\/sk\/produkt\/vapor-esso-vape-xros-3-mini-kit-1000mah-mit-2ml\/\" \/>\n<meta property=\"og:site_name\" content=\"ElementVape.de\" \/>\n<meta property=\"article:modified_time\" content=\"2024-09-12T10:32:30+00:00\" \/>\n<meta property=\"og:image\" content=\"https:\/\/ae01.alicdn.com\/kf\/Sc7ff1dc0a66943b3a0ba075ae25c558bV\/Original-vapor-esso-vape-xros-3-mini-kit-1000mah-mit-2ml-0-6-ohm-xros-pod.jpg\" \/>\n\t<meta property=\"og:image:width\" content=\"800\" \/>\n\t<meta property=\"og:image:height\" content=\"800\" \/>\n\t<meta property=\"og:image:type\" content=\"image\/jpeg\" \/>\n<meta name=\"twitter:card\" content=\"summary_large_image\" \/>\n<meta name=\"twitter:label1\" content=\"Est. reading time\" \/>\n\t<meta name=\"twitter:data1\" content=\"5 min\u00fat\" \/>\n<script type=\"application\/ld+json\" class=\"yoast-schema-graph\">{\"@context\":\"https:\/\/schema.org\",\"@graph\":[{\"@type\":\"WebPage\",\"@id\":\"https:\/\/www.elementvape.de\/fi\/produkt\/vapor-esso-vape-xros-3-mini-kit-1000mah-mit-2ml\/\",\"url\":\"https:\/\/www.elementvape.de\/fi\/produkt\/vapor-esso-vape-xros-3-mini-kit-1000mah-mit-2ml\/\",\"name\":\"Vapor esso vape xros 3 mini kit 1000mah mit 2ml 0,6 ohm xros pod patrone mtl zu rdl elektronischer zigaretten verdampfer | ElementVape.de\",\"isPartOf\":{\"@id\":\"https:\/\/www.elementvape.de\/#website\"},\"primaryImageOfPage\":{\"@id\":\"https:\/\/www.elementvape.de\/fi\/produkt\/vapor-esso-vape-xros-3-mini-kit-1000mah-mit-2ml\/#primaryimage\"},\"image\":{\"@id\":\"https:\/\/www.elementvape.de\/fi\/produkt\/vapor-esso-vape-xros-3-mini-kit-1000mah-mit-2ml\/#primaryimage\"},\"thumbnailUrl\":\"https:\/\/ae01.alicdn.com\/kf\/Sc7ff1dc0a66943b3a0ba075ae25c558bV\/Original-vapor-esso-vape-xros-3-mini-kit-1000mah-mit-2ml-0-6-ohm-xros-pod.jpg\",\"datePublished\":\"2024-04-20T06:46:36+00:00\",\"dateModified\":\"2024-09-12T10:32:30+00:00\",\"description\":\"Wir bieten Vapor esso vape xros 3 mini kit 1000mah mit 2ml 0,6 ohm xros pod patrone mtl zu rdl elektronischer zigaretten verdampfer , Elementvape.de akzeptieren Gro\u00df-und Einzelhandel Bestellungen.\",\"breadcrumb\":{\"@id\":\"https:\/\/www.elementvape.de\/fi\/produkt\/vapor-esso-vape-xros-3-mini-kit-1000mah-mit-2ml\/#breadcrumb\"},\"inLanguage\":\"sk-SK\",\"potentialAction\":[{\"@type\":\"ReadAction\",\"target\":[\"https:\/\/www.elementvape.de\/fi\/produkt\/vapor-esso-vape-xros-3-mini-kit-1000mah-mit-2ml\/\"]}]},{\"@type\":\"ImageObject\",\"inLanguage\":\"sk-SK\",\"@id\":\"https:\/\/www.elementvape.de\/fi\/produkt\/vapor-esso-vape-xros-3-mini-kit-1000mah-mit-2ml\/#primaryimage\",\"url\":\"https:\/\/ae01.alicdn.com\/kf\/Sc7ff1dc0a66943b3a0ba075ae25c558bV\/Original-vapor-esso-vape-xros-3-mini-kit-1000mah-mit-2ml-0-6-ohm-xros-pod.jpg\",\"contentUrl\":\"https:\/\/ae01.alicdn.com\/kf\/Sc7ff1dc0a66943b3a0ba075ae25c558bV\/Original-vapor-esso-vape-xros-3-mini-kit-1000mah-mit-2ml-0-6-ohm-xros-pod.jpg\",\"width\":800,\"height\":800},{\"@type\":\"BreadcrumbList\",\"@id\":\"https:\/\/www.elementvape.de\/fi\/produkt\/vapor-esso-vape-xros-3-mini-kit-1000mah-mit-2ml\/#breadcrumb\",\"itemListElement\":[{\"@type\":\"ListItem\",\"position\":1,\"name\":\"Home\",\"item\":\"https:\/\/www.elementvape.de\/\"},{\"@type\":\"ListItem\",\"position\":2,\"name\":\"Shop\",\"item\":\"https:\/\/www.elementvape.de\/shop\/\"},{\"@type\":\"ListItem\",\"position\":3,\"name\":\"Vapor esso vape xros 3 mini kit 1000mah mit 2ml 0,6 ohm xros pod patrone mtl zu rdl elektronischer zigaretten verdampfer\"}]},{\"@type\":\"WebSite\",\"@id\":\"https:\/\/www.elementvape.de\/#website\",\"url\":\"https:\/\/www.elementvape.de\/\",\"name\":\"ElementVape.de\",\"description\":\"\",\"publisher\":{\"@id\":\"https:\/\/www.elementvape.de\/#organization\"},\"potentialAction\":[{\"@type\":\"SearchAction\",\"target\":{\"@type\":\"EntryPoint\",\"urlTemplate\":\"https:\/\/www.elementvape.de\/?s={search_term_string}\"},\"query-input\":\"required name=search_term_string\"}],\"inLanguage\":\"sk-SK\"},{\"@type\":\"Organization\",\"@id\":\"https:\/\/www.elementvape.de\/#organization\",\"name\":\"ElementVape.DE\",\"url\":\"https:\/\/www.elementvape.de\/\",\"logo\":{\"@type\":\"ImageObject\",\"inLanguage\":\"sk-SK\",\"@id\":\"https:\/\/www.elementvape.de\/#\/schema\/logo\/image\/\",\"url\":\"https:\/\/www.elementvape.de\/wp-content\/uploads\/2024\/09\/cropped-1elementvape-3.png\",\"contentUrl\":\"https:\/\/www.elementvape.de\/wp-content\/uploads\/2024\/09\/cropped-1elementvape-3.png\",\"width\":285,\"height\":228,\"caption\":\"ElementVape.DE\"},\"image\":{\"@id\":\"https:\/\/www.elementvape.de\/#\/schema\/logo\/image\/\"}}]}<\/script>\n<!-- \/ Yoast SEO plugin. -->","yoast_head_json":{"title":"Vapor esso vape xros 3 mini kit 1000mah mit 2ml 0,6 ohm xros pod patrone mtl zu rdl elektronischer zigaretten verdampfer | ElementVape.de","description":"Wir bieten Vapor esso vape xros 3 mini kit 1000mah mit 2ml 0,6 ohm xros pod patrone mtl zu rdl elektronischer zigaretten verdampfer , Elementvape.de akzeptieren Gro\u00df-und Einzelhandel Bestellungen.","robots":{"index":"index","follow":"follow","max-snippet":"max-snippet:-1","max-image-preview":"max-image-preview:large","max-video-preview":"max-video-preview:-1"},"canonical":"https:\/\/www.elementvape.de\/sk\/produkt\/vapor-esso-vape-xros-3-mini-kit-1000mah-mit-2ml\/","og_locale":"sk_SK","og_type":"article","og_title":"Vapor esso vape xros 3 mini kit 1000mah mit 2ml 0,6 ohm xros pod patrone mtl zu rdl elektronischer zigaretten verdampfer | ElementVape.de","og_description":"Wir bieten Vapor esso vape xros 3 mini kit 1000mah mit 2ml 0,6 ohm xros pod patrone mtl zu rdl elektronischer zigaretten verdampfer , Elementvape.de akzeptieren Gro\u00df-und Einzelhandel Bestellungen.","og_url":"https:\/\/www.elementvape.de\/sk\/produkt\/vapor-esso-vape-xros-3-mini-kit-1000mah-mit-2ml\/","og_site_name":"ElementVape.de","article_modified_time":"2024-09-12T10:32:30+00:00","og_image":[{"width":800,"height":800,"url":"https:\/\/ae01.alicdn.com\/kf\/Sc7ff1dc0a66943b3a0ba075ae25c558bV\/Original-vapor-esso-vape-xros-3-mini-kit-1000mah-mit-2ml-0-6-ohm-xros-pod.jpg","type":"image\/jpeg"}],"twitter_card":"summary_large_image","twitter_misc":{"Est. reading time":"5 min\u00fat"},"schema":{"@context":"https:\/\/schema.org","@graph":[{"@type":"WebPage","@id":"https:\/\/www.elementvape.de\/fi\/produkt\/vapor-esso-vape-xros-3-mini-kit-1000mah-mit-2ml\/","url":"https:\/\/www.elementvape.de\/fi\/produkt\/vapor-esso-vape-xros-3-mini-kit-1000mah-mit-2ml\/","name":"Vapor esso vape xros 3 mini kit 1000mah mit 2ml 0,6 ohm xros pod patrone mtl zu rdl elektronischer zigaretten verdampfer | ElementVape.de","isPartOf":{"@id":"https:\/\/www.elementvape.de\/#website"},"primaryImageOfPage":{"@id":"https:\/\/www.elementvape.de\/fi\/produkt\/vapor-esso-vape-xros-3-mini-kit-1000mah-mit-2ml\/#primaryimage"},"image":{"@id":"https:\/\/www.elementvape.de\/fi\/produkt\/vapor-esso-vape-xros-3-mini-kit-1000mah-mit-2ml\/#primaryimage"},"thumbnailUrl":"https:\/\/ae01.alicdn.com\/kf\/Sc7ff1dc0a66943b3a0ba075ae25c558bV\/Original-vapor-esso-vape-xros-3-mini-kit-1000mah-mit-2ml-0-6-ohm-xros-pod.jpg","datePublished":"2024-04-20T06:46:36+00:00","dateModified":"2024-09-12T10:32:30+00:00","description":"Wir bieten Vapor esso vape xros 3 mini kit 1000mah mit 2ml 0,6 ohm xros pod patrone mtl zu rdl elektronischer zigaretten verdampfer , Elementvape.de akzeptieren Gro\u00df-und Einzelhandel Bestellungen.","breadcrumb":{"@id":"https:\/\/www.elementvape.de\/fi\/produkt\/vapor-esso-vape-xros-3-mini-kit-1000mah-mit-2ml\/#breadcrumb"},"inLanguage":"sk-SK","potentialAction":[{"@type":"ReadAction","target":["https:\/\/www.elementvape.de\/fi\/produkt\/vapor-esso-vape-xros-3-mini-kit-1000mah-mit-2ml\/"]}]},{"@type":"ImageObject","inLanguage":"sk-SK","@id":"https:\/\/www.elementvape.de\/fi\/produkt\/vapor-esso-vape-xros-3-mini-kit-1000mah-mit-2ml\/#primaryimage","url":"https:\/\/ae01.alicdn.com\/kf\/Sc7ff1dc0a66943b3a0ba075ae25c558bV\/Original-vapor-esso-vape-xros-3-mini-kit-1000mah-mit-2ml-0-6-ohm-xros-pod.jpg","contentUrl":"https:\/\/ae01.alicdn.com\/kf\/Sc7ff1dc0a66943b3a0ba075ae25c558bV\/Original-vapor-esso-vape-xros-3-mini-kit-1000mah-mit-2ml-0-6-ohm-xros-pod.jpg","width":800,"height":800},{"@type":"BreadcrumbList","@id":"https:\/\/www.elementvape.de\/fi\/produkt\/vapor-esso-vape-xros-3-mini-kit-1000mah-mit-2ml\/#breadcrumb","itemListElement":[{"@type":"ListItem","position":1,"name":"Home","item":"https:\/\/www.elementvape.de\/"},{"@type":"ListItem","position":2,"name":"Shop","item":"https:\/\/www.elementvape.de\/shop\/"},{"@type":"ListItem","position":3,"name":"Vapor esso vape xros 3 mini kit 1000mah mit 2ml 0,6 ohm xros pod patrone mtl zu rdl elektronischer zigaretten verdampfer"}]},{"@type":"WebSite","@id":"https:\/\/www.elementvape.de\/#website","url":"https:\/\/www.elementvape.de\/","name":"ElementVape.de","description":"","publisher":{"@id":"https:\/\/www.elementvape.de\/#organization"},"potentialAction":[{"@type":"SearchAction","target":{"@type":"EntryPoint","urlTemplate":"https:\/\/www.elementvape.de\/?s={search_term_string}"},"query-input":"required name=search_term_string"}],"inLanguage":"sk-SK"},{"@type":"Organization","@id":"https:\/\/www.elementvape.de\/#organization","name":"ElementVape.DE","url":"https:\/\/www.elementvape.de\/","logo":{"@type":"ImageObject","inLanguage":"sk-SK","@id":"https:\/\/www.elementvape.de\/#\/schema\/logo\/image\/","url":"https:\/\/www.elementvape.de\/wp-content\/uploads\/2024\/09\/cropped-1elementvape-3.png","contentUrl":"https:\/\/www.elementvape.de\/wp-content\/uploads\/2024\/09\/cropped-1elementvape-3.png","width":285,"height":228,"caption":"ElementVape.DE"},"image":{"@id":"https:\/\/www.elementvape.de\/#\/schema\/logo\/image\/"}}]}},"_links":{"self":[{"href":"https:\/\/www.elementvape.de\/sk\/wp-json\/wp\/v2\/product\/8671"}],"collection":[{"href":"https:\/\/www.elementvape.de\/sk\/wp-json\/wp\/v2\/product"}],"about":[{"href":"https:\/\/www.elementvape.de\/sk\/wp-json\/wp\/v2\/types\/product"}],"wp:featuredmedia":[{"embeddable":true,"href":"https:\/\/www.elementvape.de\/sk\/wp-json\/wp\/v2\/media\/8673"}],"wp:attachment":[{"href":"https:\/\/www.elementvape.de\/sk\/wp-json\/wp\/v2\/media?parent=8671"}],"wp:term":[{"taxonomy":"product_cat","embeddable":true,"href":"https:\/\/www.elementvape.de\/sk\/wp-json\/wp\/v2\/product_cat?post=8671"},{"taxonomy":"product_tag","embeddable":true,"href":"https:\/\/www.elementvape.de\/sk\/wp-json\/wp\/v2\/product_tag?post=8671"}],"curies":[{"name":"wp","href":"https:\/\/api.w.org\/{rel}","templated":true}]}}