{"id":8466,"date":"2024-04-20T06:34:49","date_gmt":"2024-04-20T06:34:49","guid":{"rendered":"https:\/\/www.elementvape.de\/?post_type=product&#038;p=8466"},"modified":"2024-12-12T06:37:03","modified_gmt":"2024-12-12T06:37:03","slug":"justfog-minifit-pod-kit-19-ml-pod","status":"publish","type":"product","link":"https:\/\/www.elementvape.de\/sk\/produkt\/justfog-minifit-pod-kit-19-ml-pod\/","title":{"rendered":"Justfog Minifit Pod Kit 1,9 ml n\u00e1dr\u017eka na pod, s 420mAh zabudovanou bat\u00e9riou, 12W elektronick\u00e1 cigareta, vaporiz\u00e9r"},"content":{"rendered":"<p>&nbsp;<\/p>\n<div class=\"product-specs-list-container\">\n<ul class=\"product-specs-list util-clearfix\">\n<li class=\"product-prop line-limit-length\"><span class=\"property-title\">Vzh\u013ead:\u00a0<\/span><span class=\"property-desc line-limit-length\">Tvar krabice<\/span><\/li>\n<li class=\"product-prop line-limit-length\"><span class=\"property-title\">Funkcia sledovania po\u010dtu faj\u010denia:\u00a0<\/span><span class=\"property-desc line-limit-length\">Nie<\/span><\/li>\n<li class=\"product-prop line-limit-length\"><span class=\"property-title\">Siliconov\u00fd kryt:\u00a0<\/span><span class=\"property-desc line-limit-length\">Nie<\/span><\/li>\n<li class=\"product-prop line-limit-length\"><span class=\"property-title\">Regul\u00e1cia teploty:\u00a0<\/span><span class=\"property-desc line-limit-length\">Nie<\/span><\/li>\n<li class=\"product-prop line-limit-length\"><span class=\"property-title\">Vstavan\u00e1 alebo extern\u00e1 bat\u00e9ria:\u00a0<\/span><span class=\"property-desc line-limit-length\">Vstavan\u00e1<\/span><\/li>\n<li class=\"product-prop line-limit-length\"><span class=\"property-title\">Funkcia ochrany proti skratu:\u00a0<\/span><span class=\"property-desc line-limit-length\">Ja<\/span><\/li>\n<li class=\"product-prop line-limit-length\"><span class=\"property-title\">Funkcia ochrany pred prehriat\u00edm:\u00a0<\/span><span class=\"property-desc line-limit-length\">Ja<\/span><\/li>\n<li class=\"product-prop line-limit-length\"><span class=\"property-title\">Alarm pri n\u00edzkom nap\u00e4t\u00ed:\u00a0<\/span><span class=\"property-desc line-limit-length\">Nie<\/span><\/li>\n<li class=\"product-prop line-limit-length\"><span class=\"property-title\">Identifik\u00e1cia rozpra\u0161ova\u010da Funkcia:\u00a0<\/span><span class=\"property-desc line-limit-length\">Ja<\/span><\/li>\n<li class=\"product-prop line-limit-length\"><span class=\"property-title\">Vn\u00fatorn\u00e1 alebo vonkaj\u0161ia bat\u00e9ria: Vonkaj\u0161ia\u00a0<\/span><span class=\"property-desc line-limit-length\">Kov<\/span><\/li>\n<li class=\"product-prop line-limit-length\"><span class=\"property-title\">Kompatibiln\u00fd model:\u00a0<\/span><span class=\"property-desc line-limit-length\">Joyetech Elektronick\u00e9 cigarety Vape<\/span><\/li>\n<li class=\"product-prop line-limit-length\"><span class=\"property-title\">\u010c\u00edslo modelu:\u00a0<\/span><span class=\"property-desc line-limit-length\">Justfog Minifit-S Kit<\/span><\/li>\n<li class=\"product-prop line-limit-length\"><span class=\"property-title\">USB nab\u00edja\u010dka:\u00a0<\/span><span class=\"property-desc line-limit-length\">Ja<\/span><\/li>\n<li class=\"product-prop line-limit-length\"><span class=\"property-title\">Firmware aktualiz\u00e1cia:\u00a0<\/span><span class=\"property-desc line-limit-length\">Nie<\/span><\/li>\n<li class=\"product-prop line-limit-length\"><span class=\"property-title\">Displej:\u00a0<\/span><span class=\"property-desc line-limit-length\">Nie<\/span><\/li>\n<li class=\"product-prop line-limit-length\"><span class=\"property-title\">Typ:\u00a0<\/span><span class=\"property-desc line-limit-length\">S bat\u00e9riou<\/span><\/li>\n<li class=\"product-prop line-limit-length\"><span class=\"property-title\">N\u00e1zov zna\u010dky:\u00a0<\/span><span class=\"property-desc line-limit-length\">JUSTFOG<\/span><\/li>\n<li class=\"product-prop line-limit-length\"><span class=\"property-title\">P\u00f4vod:\u00a0<\/span><span class=\"property-desc line-limit-length\">SK (P\u00f4vod)<\/span><\/li>\n<\/ul>\n<\/div>\n<div class=\"detailmodule_html\">\n<div class=\"detail-desc-decorate-richtext\">\n<h1 style=\"font-family: arial, verdana, sans-serif; font-size: 12px; margin: 0px; padding: 0px;\"><\/h1>\n<p>&nbsp;<\/p>\n<p><span style=\"font-size: 22px; font-family: arial, helvetica, sans-serif;\"><span id=\"tl_1\" style=\"font-size: 22px;\">Justfog Minifit Pod Kit 1,9 ml n\u00e1dr\u017eka na pod, s 420mAh zabudovanou bat\u00e9riou, 12W elektronick\u00e1 cigareta, vaporiz\u00e9r<\/span><\/span><\/p>\n<p>&nbsp;<\/p>\n<p><img loading=\"lazy\" decoding=\"async\" src=\"https:\/\/ae01.alicdn.com\/kf\/HTB1JYqGQpXXXXbwXVXXq6xXFXXXi.jpg\" width=\"920\" height=\"50\" \/><\/p>\n<div>\n<div>\n<div><\/div>\n<div><strong><i><u><span id=\"tl_2\" style=\"font-size: 18px; font-family: arial, helvetica, sans-serif;\">Popis:<\/span><\/u><\/i><\/strong><\/div>\n<div><span id=\"tl_3\" style=\"font-size: 18px; font-family: arial, helvetica, sans-serif;\">Minifit-s kit m\u00e1 zabudovan\u00fd 420mAh akumul\u00e1tor s kon\u0161tantn\u00fdm v\u00fdkonom 12W. Pon\u00faka mo\u017enos\u0165 Auto\/Tla\u010didlo aktiv\u00e1cie 2-cestn\u00fd \u0165ah pre va\u0161e mo\u017enosti. Zostatok bat\u00e9rie zobrazuje a funkcia zapnutia\/vypnutia rob\u00ed pou\u017e\u00edvanie pohodlnej\u0161\u00edm. Vybaven\u00e9 nab\u00edjan\u00edm USB typu-C, justfog minifit-s kit je \u013eahko nab\u00edjate\u013en\u00fd. Okrem toho m\u00e1 kapacitu 1,9 ml podu a jednoduch\u00fd syst\u00e9m spodn\u00e9ho plnenia. M\u00e1 tie\u017e zabudovan\u00fa 0,8 Ohm mesh cievku pre skvel\u00fa chu\u0165. Jednoducho ho z\u00edskajte.<\/span><\/div>\n<div><\/div>\n<div><\/div>\n<div><strong><u><i><span id=\"tl_4\" style=\"font-size: 18px; font-family: arial, helvetica, sans-serif;\">Parametre:<\/span><\/i><\/u><\/strong><\/div>\n<div><span id=\"tl_5\" style=\"font-size: 18px; font-family: arial, helvetica, sans-serif;\">Zna\u010dka: justfog<\/span><\/div>\n<div><span id=\"tl_6\" style=\"font-size: 18px; font-family: arial, helvetica, sans-serif;\">N\u00e1zov produktu: minifit-s kit<\/span><\/div>\n<div><span id=\"tl_7\" style=\"font-size: 18px; font-family: arial, helvetica, sans-serif;\">Kapacita bat\u00e9rie: 420mAh zabudovan\u00fd akumul\u00e1tor<\/span><\/div>\n<div><span id=\"tl_8\" style=\"font-size: 18px; font-family: arial, helvetica, sans-serif;\">Kon\u0161tantn\u00fd v\u00fdkon vo wattoch: 12W<\/span><\/div>\n<div><span id=\"tl_9\" style=\"font-size: 18px; font-family: arial, helvetica, sans-serif;\">Typ nab\u00edjania: USB typu-C DC 5V nab\u00edjanie<\/span><\/div>\n<div><span id=\"tl_10\" style=\"font-size: 18px; font-family: arial, helvetica, sans-serif;\">Re\u017eim aktiv\u00e1cie: Auto\/Tla\u010didlo 2-cestn\u00fd \u0165ah<\/span><\/div>\n<div><span id=\"tl_11\" style=\"font-size: 18px; font-family: arial, helvetica, sans-serif;\">Kapacita podu: 1,9 ml<\/span><\/div>\n<div><span id=\"tl_12\" style=\"font-size: 18px; font-family: arial, helvetica, sans-serif;\">Typ plnenia: spodn\u00e9 plnenie<\/span><\/div>\n<div><span id=\"tl_13\" style=\"font-size: 18px; font-family: arial, helvetica, sans-serif;\">Typ cievky: zabudovan\u00e1 0,8 Ohm mesh cievka<\/span><\/div>\n<div><span id=\"tl_14\" style=\"font-size: 18px; font-family: arial, helvetica, sans-serif;\">Farba: \u010dierna, strieborn\u00e1, \u010derven\u00e1, zlat\u00e1, modr\u00e1<\/span><\/div>\n<div><\/div>\n<div><\/div>\n<div><u><i><strong><span id=\"tl_15\" style=\"font-size: 18px; font-family: arial, helvetica, sans-serif;\">Detaily:<\/span><\/strong><\/i><\/u><\/div>\n<div><span id=\"tl_16\" style=\"font-size: 18px; font-family: arial, helvetica, sans-serif;\">1. 420mAh zabudovan\u00fd akumul\u00e1tor s kon\u0161tantn\u00fdm v\u00fdkonom 12W<\/span><\/div>\n<div><span id=\"tl_17\" style=\"font-size: 18px; font-family: arial, helvetica, sans-serif;\">2. Nab\u00edjanie USB typu-C pre cel\u00fd de\u0148 vapovania<\/span><\/div>\n<div><span id=\"tl_18\" style=\"font-size: 18px; font-family: arial, helvetica, sans-serif;\">3. Pon\u00faka Auto\/Tla\u010didlo aktiv\u00e1cie 2-cestn\u00fd \u0165ah pre va\u0161e mo\u017enosti<\/span><\/div>\n<div><span id=\"tl_19\" style=\"font-size: 18px; font-family: arial, helvetica, sans-serif;\">4. Zostatok bat\u00e9rie zobrazuje a funkcia zapnutia\/vypnutia<\/span><\/div>\n<div><span id=\"tl_20\" style=\"font-size: 18px; font-family: arial, helvetica, sans-serif;\">5. Spodn\u00fd syst\u00e9m plnenia, kapacita 1,9 ml e-tekutiny<\/span><\/div>\n<div><span id=\"tl_21\" style=\"font-size: 18px; font-family: arial, helvetica, sans-serif;\">6. Vybaven\u00e9 zabudovanou 0,8 Ohm mesh cievkou pre skvel\u00fa chu\u0165<\/span><\/div>\n<div><span id=\"tl_22\" style=\"font-size: 18px; font-family: arial, helvetica, sans-serif;\">7. magnetick\u00e9 spojenie, aby sa lep\u0161ie spojil pod<\/span><\/div>\n<div><span id=\"tl_23\" style=\"font-size: 18px; font-family: arial, helvetica, sans-serif;\">8. inteligentn\u00e1 ochrana bat\u00e9rie: skrat\/prehriatie\/prevybitie\/pred\u013a\u017eenie\/nap\u00e4\u0165ov\u00e9 prep\u00e4tie<\/span><\/div>\n<div><\/div>\n<div><\/div>\n<div><strong><i><u><span id=\"tl_24\" style=\"font-size: 18px; font-family: arial, helvetica, sans-serif;\">Bal\u00ed\u010dek od justfog minifit-s vape kit obsahuje:<\/span><\/u><\/i><\/strong><\/div>\n<div><span id=\"tl_25\" style=\"font-size: 18px; font-family: arial, helvetica, sans-serif;\">1 * justfog minifit-s podn\u00e1dr\u017e<\/span><\/div>\n<div><span id=\"tl_26\" style=\"font-size: 18px; font-family: arial, helvetica, sans-serif;\">1 * bat\u00e9ria<\/span><\/div>\n<div><span id=\"tl_27\" style=\"font-size: 18px; font-family: arial, helvetica, sans-serif;\">1 * USB k\u00e1bel<\/span><\/div>\n<div><span id=\"tl_28\" style=\"font-size: 18px; font-family: arial, helvetica, sans-serif;\">1 * pou\u017e\u00edvate\u013esk\u00e1 pr\u00edru\u010dka<\/span><\/div>\n<\/div>\n<\/div>\n<div><\/div>\n<p><img loading=\"lazy\" decoding=\"async\" src=\"https:\/\/ae01.alicdn.com\/kf\/HTB1ZFCiQpXXXXXtaFXXq6xXFXXXs.jpg\" width=\"920\" height=\"50\" \/><\/p>\n<div>\n<p><img decoding=\"async\" loading=\"lazy\" src=\"https:\/\/ae01.alicdn.com\/kf\/H7fd90ded64ad4f368d7517431d294d22o.jpg\" \/><img decoding=\"async\" loading=\"lazy\" src=\"https:\/\/ae01.alicdn.com\/kf\/H8db53678712944acb1b859669a0d0e1bt.jpg\" \/><img decoding=\"async\" loading=\"lazy\" src=\"https:\/\/ae01.alicdn.com\/kf\/H72c6e03220344238952e72df6e593e48x.jpg\" \/><img decoding=\"async\" loading=\"lazy\" src=\"https:\/\/ae01.alicdn.com\/kf\/Hda68a4f0dc144a67ba8e2d2d9561d0290.jpg\" \/><img decoding=\"async\" loading=\"lazy\" src=\"https:\/\/ae01.alicdn.com\/kf\/H812badd873084fab861bcfca1a9e41fce.jpg\" \/><img decoding=\"async\" loading=\"lazy\" src=\"https:\/\/ae01.alicdn.com\/kf\/H412f4d9654cf498ca1c845a9884d4d91T.jpg\" \/><img decoding=\"async\" loading=\"lazy\" src=\"https:\/\/ae01.alicdn.com\/kf\/Ha529f607c5244cbf8d2ee2377060df6dH.jpg\" \/><\/p>\n<div><\/div>\n<div><\/div>\n<\/div>\n<\/div>\n<\/div>","protected":false},"excerpt":{"rendered":"<p>&nbsp; Aussehen:\u00a0Box Form \u00dcberwachung Funktion Von Rauchen Anzahl:\u00a0Nein Silikon Fall:\u00a0Nein Temperaturregelung:\u00a0Nein Eingebaute Oder Externe Batterie:\u00a0Eingebaute Kurzschlussschutz Funktion:\u00a0Ja \u00dcberhitzungsschutz-funktion:\u00a0Ja Niederspannungsalarmfunktion:\u00a0Nein Zerst\u00e4uber Identifikation Funktion:\u00a0Ja Material:\u00a0Metall Compatible Model:\u00a0Joyetech Electronic Cigarettes Vape Modellnummer:\u00a0Justfog Minifit-S Kit Usb-ladeger\u00e4t:\u00a0Ja Firmware-upgrade:\u00a0Nein Display:\u00a0Nein Art:\u00a0Mit Batterie Markenname:\u00a0JUSTFOG Ursprung:\u00a0CN (Herkunft) &nbsp; Original Justfog Minifit Pod Kit 1,9 ml Pod Patrone mit 420mAh eingebauter Batterie 12W elektronische [&hellip;]<\/p>","protected":false},"featured_media":8467,"template":"","meta":{"inline_featured_image":false},"product_cat":[752,756,739,743,76,81],"product_tag":[],"tiered_pricing_type":"fixed","tiered_pricing_fixed_rules":[],"tiered_pricing_percentage_rules":[],"tiered_pricing_minimum":1,"_administrator_tiered_pricing_type":"fixed","_administrator_tiered_pricing_fixed_rules":[],"_editor_tiered_pricing_type":"fixed","_editor_tiered_pricing_fixed_rules":[],"_author_tiered_pricing_type":"fixed","_author_tiered_pricing_fixed_rules":[],"_contributor_tiered_pricing_type":"fixed","_contributor_tiered_pricing_fixed_rules":[],"_subscriber_tiered_pricing_type":"fixed","_subscriber_tiered_pricing_fixed_rules":[],"_customer_tiered_pricing_type":"fixed","_customer_tiered_pricing_fixed_rules":[],"_shop_manager_tiered_pricing_type":"fixed","_shop_manager_tiered_pricing_fixed_rules":[],"_wpseo_manager_tiered_pricing_type":"fixed","_wpseo_manager_tiered_pricing_fixed_rules":[],"_wpseo_editor_tiered_pricing_type":"fixed","_wpseo_editor_tiered_pricing_fixed_rules":[],"_wholesale_customer_tiered_pricing_type":"fixed","_wholesale_customer_tiered_pricing_fixed_rules":[],"_marketer_tiered_pricing_type":"fixed","_marketer_tiered_pricing_fixed_rules":[],"_sales_manager_tiered_pricing_type":"fixed","_sales_manager_tiered_pricing_fixed_rules":[],"_sales_rep_tiered_pricing_type":"fixed","_sales_rep_tiered_pricing_fixed_rules":[],"yoast_head":"<!-- This site is optimized with the Yoast SEO plugin v23.3 - https:\/\/yoast.com\/wordpress\/plugins\/seo\/ -->\n<title>Justfog Minifit Pod Kit 1,9 ml Pod Patrone mit 420mAh eingebauter Batterie 12W elektronische Zigarette Vape Vapor izer | ElementVape.de<\/title>\n<meta name=\"description\" content=\"Wir bieten Justfog Minifit Pod Kit 1,9 ml Pod Patrone mit 420mAh eingebauter Batterie 12W elektronische Zigarette Vape Vapor izer , Elementvape.de akzeptieren Gro\u00df-und Einzelhandel Bestellungen.\" \/>\n<meta name=\"robots\" content=\"index, follow, max-snippet:-1, max-image-preview:large, max-video-preview:-1\" \/>\n<link rel=\"canonical\" href=\"https:\/\/www.elementvape.de\/sk\/produkt\/justfog-minifit-pod-kit-19-ml-pod\/\" \/>\n<meta property=\"og:locale\" content=\"sk_SK\" \/>\n<meta property=\"og:type\" content=\"article\" \/>\n<meta property=\"og:title\" content=\"Justfog Minifit Pod Kit 1,9 ml Pod Patrone mit 420mAh eingebauter Batterie 12W elektronische Zigarette Vape Vapor izer | ElementVape.de\" \/>\n<meta property=\"og:description\" content=\"Wir bieten Justfog Minifit Pod Kit 1,9 ml Pod Patrone mit 420mAh eingebauter Batterie 12W elektronische Zigarette Vape Vapor izer , Elementvape.de akzeptieren Gro\u00df-und Einzelhandel Bestellungen.\" \/>\n<meta property=\"og:url\" content=\"https:\/\/www.elementvape.de\/sk\/produkt\/justfog-minifit-pod-kit-19-ml-pod\/\" \/>\n<meta property=\"og:site_name\" content=\"ElementVape.de\" \/>\n<meta property=\"article:modified_time\" content=\"2024-12-12T06:37:03+00:00\" \/>\n<meta property=\"og:image\" content=\"https:\/\/ae01.alicdn.com\/kf\/H1c6ccc07e21c4da989c2eeb19bbfe529J\/Original-Justfog-Minifit-Pod-Kit-1-9-ml-Pod-Patrone-mit-420mAh-eingebauter-Batterie-12W-elektronische.jpg\" \/>\n\t<meta property=\"og:image:width\" content=\"800\" \/>\n\t<meta property=\"og:image:height\" content=\"800\" \/>\n\t<meta property=\"og:image:type\" content=\"image\/jpeg\" \/>\n<meta name=\"twitter:card\" content=\"summary_large_image\" \/>\n<meta name=\"twitter:label1\" content=\"Est. reading time\" \/>\n\t<meta name=\"twitter:data1\" content=\"4 min\u00faty\" \/>\n<script type=\"application\/ld+json\" class=\"yoast-schema-graph\">{\"@context\":\"https:\/\/schema.org\",\"@graph\":[{\"@type\":\"WebPage\",\"@id\":\"https:\/\/www.elementvape.de\/produkt\/justfog-minifit-pod-kit-19-ml-pod\/\",\"url\":\"https:\/\/www.elementvape.de\/produkt\/justfog-minifit-pod-kit-19-ml-pod\/\",\"name\":\"Justfog Minifit Pod Kit 1,9 ml Pod Patrone mit 420mAh eingebauter Batterie 12W elektronische Zigarette Vape Vapor izer | ElementVape.de\",\"isPartOf\":{\"@id\":\"https:\/\/www.elementvape.de\/#website\"},\"primaryImageOfPage\":{\"@id\":\"https:\/\/www.elementvape.de\/produkt\/justfog-minifit-pod-kit-19-ml-pod\/#primaryimage\"},\"image\":{\"@id\":\"https:\/\/www.elementvape.de\/produkt\/justfog-minifit-pod-kit-19-ml-pod\/#primaryimage\"},\"thumbnailUrl\":\"https:\/\/ae01.alicdn.com\/kf\/H1c6ccc07e21c4da989c2eeb19bbfe529J\/Original-Justfog-Minifit-Pod-Kit-1-9-ml-Pod-Patrone-mit-420mAh-eingebauter-Batterie-12W-elektronische.jpg\",\"datePublished\":\"2024-04-20T06:34:49+00:00\",\"dateModified\":\"2024-12-12T06:37:03+00:00\",\"description\":\"Wir bieten Justfog Minifit Pod Kit 1,9 ml Pod Patrone mit 420mAh eingebauter Batterie 12W elektronische Zigarette Vape Vapor izer , Elementvape.de akzeptieren Gro\u00df-und Einzelhandel Bestellungen.\",\"breadcrumb\":{\"@id\":\"https:\/\/www.elementvape.de\/produkt\/justfog-minifit-pod-kit-19-ml-pod\/#breadcrumb\"},\"inLanguage\":\"sk-SK\",\"potentialAction\":[{\"@type\":\"ReadAction\",\"target\":[\"https:\/\/www.elementvape.de\/produkt\/justfog-minifit-pod-kit-19-ml-pod\/\"]}]},{\"@type\":\"ImageObject\",\"inLanguage\":\"sk-SK\",\"@id\":\"https:\/\/www.elementvape.de\/produkt\/justfog-minifit-pod-kit-19-ml-pod\/#primaryimage\",\"url\":\"https:\/\/ae01.alicdn.com\/kf\/H1c6ccc07e21c4da989c2eeb19bbfe529J\/Original-Justfog-Minifit-Pod-Kit-1-9-ml-Pod-Patrone-mit-420mAh-eingebauter-Batterie-12W-elektronische.jpg\",\"contentUrl\":\"https:\/\/ae01.alicdn.com\/kf\/H1c6ccc07e21c4da989c2eeb19bbfe529J\/Original-Justfog-Minifit-Pod-Kit-1-9-ml-Pod-Patrone-mit-420mAh-eingebauter-Batterie-12W-elektronische.jpg\",\"width\":800,\"height\":800},{\"@type\":\"BreadcrumbList\",\"@id\":\"https:\/\/www.elementvape.de\/produkt\/justfog-minifit-pod-kit-19-ml-pod\/#breadcrumb\",\"itemListElement\":[{\"@type\":\"ListItem\",\"position\":1,\"name\":\"Home\",\"item\":\"https:\/\/www.elementvape.de\/\"},{\"@type\":\"ListItem\",\"position\":2,\"name\":\"Shop\",\"item\":\"https:\/\/www.elementvape.de\/shop\/\"},{\"@type\":\"ListItem\",\"position\":3,\"name\":\"Justfog Minifit Pod Kit 1,9 ml Pod Patrone mit 420mAh eingebauter Batterie 12W elektronische Zigarette Vape Vapor izer\"}]},{\"@type\":\"WebSite\",\"@id\":\"https:\/\/www.elementvape.de\/#website\",\"url\":\"https:\/\/www.elementvape.de\/\",\"name\":\"ElementVape.de\",\"description\":\"\",\"publisher\":{\"@id\":\"https:\/\/www.elementvape.de\/#organization\"},\"potentialAction\":[{\"@type\":\"SearchAction\",\"target\":{\"@type\":\"EntryPoint\",\"urlTemplate\":\"https:\/\/www.elementvape.de\/?s={search_term_string}\"},\"query-input\":\"required name=search_term_string\"}],\"inLanguage\":\"sk-SK\"},{\"@type\":\"Organization\",\"@id\":\"https:\/\/www.elementvape.de\/#organization\",\"name\":\"ElementVape.DE\",\"url\":\"https:\/\/www.elementvape.de\/\",\"logo\":{\"@type\":\"ImageObject\",\"inLanguage\":\"sk-SK\",\"@id\":\"https:\/\/www.elementvape.de\/#\/schema\/logo\/image\/\",\"url\":\"https:\/\/www.elementvape.de\/wp-content\/uploads\/2024\/09\/cropped-1elementvape-3.png\",\"contentUrl\":\"https:\/\/www.elementvape.de\/wp-content\/uploads\/2024\/09\/cropped-1elementvape-3.png\",\"width\":285,\"height\":228,\"caption\":\"ElementVape.DE\"},\"image\":{\"@id\":\"https:\/\/www.elementvape.de\/#\/schema\/logo\/image\/\"}}]}<\/script>\n<!-- \/ Yoast SEO plugin. -->","yoast_head_json":{"title":"Justfog Minifit Pod Kit 1,9 ml Pod Patrone mit 420mAh eingebauter Batterie 12W elektronische Zigarette Vape Vapor izer | ElementVape.de","description":"Wir bieten Justfog Minifit Pod Kit 1,9 ml Pod Patrone mit 420mAh eingebauter Batterie 12W elektronische Zigarette Vape Vapor izer , Elementvape.de akzeptieren Gro\u00df-und Einzelhandel Bestellungen.","robots":{"index":"index","follow":"follow","max-snippet":"max-snippet:-1","max-image-preview":"max-image-preview:large","max-video-preview":"max-video-preview:-1"},"canonical":"https:\/\/www.elementvape.de\/sk\/produkt\/justfog-minifit-pod-kit-19-ml-pod\/","og_locale":"sk_SK","og_type":"article","og_title":"Justfog Minifit Pod Kit 1,9 ml Pod Patrone mit 420mAh eingebauter Batterie 12W elektronische Zigarette Vape Vapor izer | ElementVape.de","og_description":"Wir bieten Justfog Minifit Pod Kit 1,9 ml Pod Patrone mit 420mAh eingebauter Batterie 12W elektronische Zigarette Vape Vapor izer , Elementvape.de akzeptieren Gro\u00df-und Einzelhandel Bestellungen.","og_url":"https:\/\/www.elementvape.de\/sk\/produkt\/justfog-minifit-pod-kit-19-ml-pod\/","og_site_name":"ElementVape.de","article_modified_time":"2024-12-12T06:37:03+00:00","og_image":[{"width":800,"height":800,"url":"https:\/\/ae01.alicdn.com\/kf\/H1c6ccc07e21c4da989c2eeb19bbfe529J\/Original-Justfog-Minifit-Pod-Kit-1-9-ml-Pod-Patrone-mit-420mAh-eingebauter-Batterie-12W-elektronische.jpg","type":"image\/jpeg"}],"twitter_card":"summary_large_image","twitter_misc":{"Est. reading time":"4 min\u00faty"},"schema":{"@context":"https:\/\/schema.org","@graph":[{"@type":"WebPage","@id":"https:\/\/www.elementvape.de\/produkt\/justfog-minifit-pod-kit-19-ml-pod\/","url":"https:\/\/www.elementvape.de\/produkt\/justfog-minifit-pod-kit-19-ml-pod\/","name":"Justfog Minifit Pod Kit 1,9 ml Pod Patrone mit 420mAh eingebauter Batterie 12W elektronische Zigarette Vape Vapor izer | ElementVape.de","isPartOf":{"@id":"https:\/\/www.elementvape.de\/#website"},"primaryImageOfPage":{"@id":"https:\/\/www.elementvape.de\/produkt\/justfog-minifit-pod-kit-19-ml-pod\/#primaryimage"},"image":{"@id":"https:\/\/www.elementvape.de\/produkt\/justfog-minifit-pod-kit-19-ml-pod\/#primaryimage"},"thumbnailUrl":"https:\/\/ae01.alicdn.com\/kf\/H1c6ccc07e21c4da989c2eeb19bbfe529J\/Original-Justfog-Minifit-Pod-Kit-1-9-ml-Pod-Patrone-mit-420mAh-eingebauter-Batterie-12W-elektronische.jpg","datePublished":"2024-04-20T06:34:49+00:00","dateModified":"2024-12-12T06:37:03+00:00","description":"Wir bieten Justfog Minifit Pod Kit 1,9 ml Pod Patrone mit 420mAh eingebauter Batterie 12W elektronische Zigarette Vape Vapor izer , Elementvape.de akzeptieren Gro\u00df-und Einzelhandel Bestellungen.","breadcrumb":{"@id":"https:\/\/www.elementvape.de\/produkt\/justfog-minifit-pod-kit-19-ml-pod\/#breadcrumb"},"inLanguage":"sk-SK","potentialAction":[{"@type":"ReadAction","target":["https:\/\/www.elementvape.de\/produkt\/justfog-minifit-pod-kit-19-ml-pod\/"]}]},{"@type":"ImageObject","inLanguage":"sk-SK","@id":"https:\/\/www.elementvape.de\/produkt\/justfog-minifit-pod-kit-19-ml-pod\/#primaryimage","url":"https:\/\/ae01.alicdn.com\/kf\/H1c6ccc07e21c4da989c2eeb19bbfe529J\/Original-Justfog-Minifit-Pod-Kit-1-9-ml-Pod-Patrone-mit-420mAh-eingebauter-Batterie-12W-elektronische.jpg","contentUrl":"https:\/\/ae01.alicdn.com\/kf\/H1c6ccc07e21c4da989c2eeb19bbfe529J\/Original-Justfog-Minifit-Pod-Kit-1-9-ml-Pod-Patrone-mit-420mAh-eingebauter-Batterie-12W-elektronische.jpg","width":800,"height":800},{"@type":"BreadcrumbList","@id":"https:\/\/www.elementvape.de\/produkt\/justfog-minifit-pod-kit-19-ml-pod\/#breadcrumb","itemListElement":[{"@type":"ListItem","position":1,"name":"Home","item":"https:\/\/www.elementvape.de\/"},{"@type":"ListItem","position":2,"name":"Shop","item":"https:\/\/www.elementvape.de\/shop\/"},{"@type":"ListItem","position":3,"name":"Justfog Minifit Pod Kit 1,9 ml Pod Patrone mit 420mAh eingebauter Batterie 12W elektronische Zigarette Vape Vapor izer"}]},{"@type":"WebSite","@id":"https:\/\/www.elementvape.de\/#website","url":"https:\/\/www.elementvape.de\/","name":"ElementVape.de","description":"","publisher":{"@id":"https:\/\/www.elementvape.de\/#organization"},"potentialAction":[{"@type":"SearchAction","target":{"@type":"EntryPoint","urlTemplate":"https:\/\/www.elementvape.de\/?s={search_term_string}"},"query-input":"required name=search_term_string"}],"inLanguage":"sk-SK"},{"@type":"Organization","@id":"https:\/\/www.elementvape.de\/#organization","name":"ElementVape.DE","url":"https:\/\/www.elementvape.de\/","logo":{"@type":"ImageObject","inLanguage":"sk-SK","@id":"https:\/\/www.elementvape.de\/#\/schema\/logo\/image\/","url":"https:\/\/www.elementvape.de\/wp-content\/uploads\/2024\/09\/cropped-1elementvape-3.png","contentUrl":"https:\/\/www.elementvape.de\/wp-content\/uploads\/2024\/09\/cropped-1elementvape-3.png","width":285,"height":228,"caption":"ElementVape.DE"},"image":{"@id":"https:\/\/www.elementvape.de\/#\/schema\/logo\/image\/"}}]}},"_links":{"self":[{"href":"https:\/\/www.elementvape.de\/sk\/wp-json\/wp\/v2\/product\/8466"}],"collection":[{"href":"https:\/\/www.elementvape.de\/sk\/wp-json\/wp\/v2\/product"}],"about":[{"href":"https:\/\/www.elementvape.de\/sk\/wp-json\/wp\/v2\/types\/product"}],"wp:featuredmedia":[{"embeddable":true,"href":"https:\/\/www.elementvape.de\/sk\/wp-json\/wp\/v2\/media\/8467"}],"wp:attachment":[{"href":"https:\/\/www.elementvape.de\/sk\/wp-json\/wp\/v2\/media?parent=8466"}],"wp:term":[{"taxonomy":"product_cat","embeddable":true,"href":"https:\/\/www.elementvape.de\/sk\/wp-json\/wp\/v2\/product_cat?post=8466"},{"taxonomy":"product_tag","embeddable":true,"href":"https:\/\/www.elementvape.de\/sk\/wp-json\/wp\/v2\/product_tag?post=8466"}],"curies":[{"name":"wp","href":"https:\/\/api.w.org\/{rel}","templated":true}]}}