{"id":8086,"date":"2024-04-20T05:53:23","date_gmt":"2024-04-20T05:53:23","guid":{"rendered":"https:\/\/www.elementvape.de\/?post_type=product&#038;p=8086"},"modified":"2024-09-12T10:34:15","modified_gmt":"2024-09-12T10:34:15","slug":"120w-vape-kit-riesiger-dampf-1800mah-eingebauter","status":"publish","type":"product","link":"https:\/\/www.elementvape.de\/sk\/produkt\/120w-vape-kit-riesiger-dampf-1800mah-eingebauter\/","title":{"rendered":"P10 120w vape kit obrovsk\u00fd dym 1800mAh zabudovan\u00e1 bat\u00e9ria box mod s 3,0 ml tankom elektronick\u00e1 cigareta kit vaper vape pen vapor izer"},"content":{"rendered":"<p>&nbsp;<\/p>\n<div class=\"product-specs-list-container\">\n<ul class=\"product-specs-list util-clearfix\">\n<li class=\"product-prop line-limit-length\"><span class=\"property-title\">Nap\u00e4tie menovit\u00e9:\u00a0<\/span><span class=\"property-desc line-limit-length\">3,7 V<\/span><\/li>\n<li class=\"product-prop line-limit-length\"><span class=\"property-title\">Ve\u013ekos\u0165:\u00a0<\/span><span class=\"property-desc line-limit-length\">18650<\/span><\/li>\n<li class=\"product-prop line-limit-length\"><span class=\"property-title\">Menovit\u00e1 kapacita:\u00a0<\/span><span class=\"property-desc line-limit-length\">2200mAh<\/span><\/li>\n<li class=\"product-prop line-limit-length\"><span class=\"property-title\">Typ:\u00a0<\/span><span class=\"property-desc line-limit-length\">Li-ion<\/span><\/li>\n<li class=\"product-prop line-limit-length\"><span class=\"property-title\">N\u00e1zov zna\u010dky:\u00a0<\/span><span class=\"property-desc line-limit-length\">SUB TWO<\/span><\/li>\n<li class=\"product-prop line-limit-length\"><span class=\"property-title\">P\u00f4vod:\u00a0<\/span><span class=\"property-desc line-limit-length\">SK (P\u00f4vod)<\/span><\/li>\n<li class=\"product-prop line-limit-length\"><span class=\"property-title\">Kompatibiln\u00fd model:\u00a0<\/span><span class=\"property-desc line-limit-length\">eliquid<\/span><\/li>\n<li class=\"product-prop line-limit-length\"><span class=\"property-title\">\u010c\u00edslo modelu:\u00a0<\/span><span class=\"property-desc line-limit-length\">P10 120W Box Mod Vape Kit<\/span><\/li>\n<li class=\"product-prop line-limit-length\"><span class=\"property-title\">V\u00fdkon:\u00a0<\/span><span class=\"property-desc line-limit-length\">120w<\/span><\/li>\n<li class=\"product-prop line-limit-length\"><span class=\"property-title\">farba:\u00a0<\/span><span class=\"property-desc line-limit-length\">\u010cerven\u00e1 \u010cierna Modr\u00e1 Biela<\/span><\/li>\n<li class=\"product-prop line-limit-length\"><span class=\"property-title\">Kapacita bat\u00e9rie:\u00a0<\/span><span class=\"property-desc line-limit-length\">2200mAh<\/span><\/li>\n<li class=\"product-prop line-limit-length\"><span class=\"property-title\">Rozmery:\u00a0<\/span><span class=\"property-desc line-limit-length\">50*130*25mm<\/span><\/li>\n<li class=\"product-prop line-limit-length\"><span class=\"property-title\">Kapacita atomiz\u00e9ra:\u00a0<\/span><span class=\"property-desc line-limit-length\">3 ml<\/span><\/li>\n<li class=\"product-prop line-limit-length\"><span class=\"property-title\">Odpor atomiz\u00e9ra:\u00a0<\/span><span class=\"property-desc line-limit-length\">Siliconov\u00fd kryt: Nie<\/span><\/li>\n<\/ul>\n<\/div>\n<div class=\"detailmodule_html\">\n<div class=\"detail-desc-decorate-richtext\">\n<div>\n<p style=\"text-align: center;\" align=\"center\"><span id=\"tl_1\" style=\"font-size: 22px;\">P10 120w vape kit obrovsk\u00fd dym 1800mAh zabudovan\u00e1 bat\u00e9ria box mod s 3,0 ml tankom elektronick\u00e1 cigareta kit vaper vape pen vapor izer<\/span><\/p>\n<div><\/div>\n<p><span style=\"font-size: 18px;\"><strong id=\"tl_2\">Vlastnosti:<\/strong><\/span><\/p>\n<p><span id=\"tl_3\" style=\"font-size: 16px;\">Materi\u00e1l: Kov + pc<\/span><\/p>\n<p><span id=\"tl_4\" style=\"font-size: 16px;\">N\u00e1doba na rozpra\u0161ova\u010d: 3 ml<\/span><\/p>\n<p><span id=\"tl_5\" style=\"font-size: 16px;\">Nap\u00e4tie: 3,7 V<\/span><\/p>\n<p><span id=\"tl_6\" style=\"font-size: 16px;\">Kapacita bat\u00e9rie: 2200mAh<\/span><\/p>\n<p><span id=\"tl_7\" style=\"font-size: 16px;\">Typ nab\u00edja\u010dky: USB nab\u00edjanie<\/span><\/p>\n<p><span id=\"tl_8\" style=\"font-size: 16px;\">Odpor \u0161pir\u00e1ly: 0,3 Ohm (dostupn\u00e9 rozpra\u0161ova\u010de od 0,2 do 4 Ohm)<\/span><\/p>\n<p><span id=\"tl_9\" style=\"font-size: 16px;\">Rozsah v\u00fdkonu: 30W-60W-120W (3 nastavite\u013en\u00e9 \u00farovne nap\u00e4tia, kon\u0161tantn\u00e1 regul\u00e1cia teploty)<\/span><\/p>\n<p><span id=\"tl_10\" style=\"font-size: 16px;\">Ve\u013ekos\u0165 modulu: 50*130*25mm<\/span><\/p>\n<p><span id=\"tl_11\" style=\"font-size: 16px;\">Farba: \u010derven\u00e1, \u010dierna, modr\u00e1, biela<\/span><\/p>\n<p><span id=\"tl_12\" style=\"font-size: 16px;\">Hmotnos\u0165 produktu: 300g<\/span><\/p>\n<p>&nbsp;<\/p>\n<p><span style=\"font-size: 18px;\"><strong id=\"tl_13\">Balenie produktu:<\/strong><\/span><\/p>\n<p><span id=\"tl_14\" style=\"font-size: 16px;\">Box mod bat\u00e9ria: * 1<br \/>\nRozpra\u0161ova\u010d: * 1<br \/>\nUSB nab\u00edja\u010dka: * 1<br \/>\nPou\u017e\u00edvate\u013esk\u00e1 pr\u00edru\u010dka: * 1<br \/>\nN\u00e1hradn\u00e1 \u0161pir\u00e1la: * 1<br \/>\nCertifika\u010dn\u00e1 karta: * 1<\/span><\/p>\n<div>\n<p style=\", roboto, arial, helvetica, sans-serif, simsun;font-size: 14px; font-weight: 400; letter-spacing: normal; line-height: inherit; text-align: start; margin: 0px; padding: 0px;\" align=\"start\"><img decoding=\"async\" loading=\"lazy\" src=\"https:\/\/ae01.alicdn.com\/kf\/S40ba6aaa2a054d9aaff01fbb5a30e222L.jpg\" \/><\/p>\n<div>\n<div>\n<div>\n<div>\n<div>\n<div>\n<p style=\", roboto, arial, helvetica, sans-serif, simsun;font-size: 14px; font-weight: 400; letter-spacing: normal; line-height: inherit; text-align: start; margin: 0px; padding: 0px;\" align=\"start\"><img decoding=\"async\" loading=\"lazy\" src=\"https:\/\/ae01.alicdn.com\/kf\/S09b765c649b04bf892bbab2e73d1a2aeN.jpg\" \/><\/p>\n<\/div>\n<\/div>\n<\/div>\n<\/div>\n<\/div>\n<\/div>\n<p style=\", roboto, arial, helvetica, sans-serif, simsun;font-size: 14px; font-weight: 400; letter-spacing: normal; line-height: inherit; text-align: start; margin: 0px; padding: 0px;\" align=\"start\"><img decoding=\"async\" loading=\"lazy\" src=\"https:\/\/ae01.alicdn.com\/kf\/S3e98971393a64621a3f414437a4cdced1.jpg\" \/><span id=\"tl_15\" style=\"font-size: 16px;\">\u0160es\u0165 bezpe\u010dnostn\u00fdch syst\u00e9mov<\/span><\/p>\n<p><span id=\"tl_16\" style=\"font-size: 16px;\">Rozpra\u0161ova\u010d je odoln\u00fd vo\u010di opotrebeniu, preto\u017ee<\/span><\/p>\n<p><span id=\"tl_17\" style=\"font-size: 16px;\">Je vyvinut\u00fd z zinkovej zliatiny a nehrdzavej\u00facej ocele.<\/span><img loading=\"lazy\" decoding=\"async\" src=\"https:\/\/ae01.alicdn.com\/kf\/S3deef6ab741d4cdb835c1520c142d6e9N.jpg\" width=\"944\" height=\"944\" \/><img decoding=\"async\" loading=\"lazy\" src=\"https:\/\/ae01.alicdn.com\/kf\/S4807df0b2a164ae1b15c4b1b47c9b589h.jpg\" \/><\/p>\n<p><span style=\"font-size: 20px;\"><strong id=\"tl_18\">Energie na\/von<\/strong><\/span><\/p>\n<p>&nbsp;<\/p>\n<p><span id=\"tl_19\" style=\"font-size: 16px;\">Rozpra\u0161ova\u010d sa zapne alebo vypne stla\u010den\u00edm 5-kr\u00e1t za sebou po\u010das 3 sek\u00fand.<\/span><\/p>\n<p><span style=\"font-size: 18px;\"><strong id=\"tl_20\">Tipy na nab\u00edjanie:<\/strong><\/span><\/p>\n<p><span id=\"tl_21\" style=\"font-size: 16px;\">Tieto tri indik\u00e1tory v\u00fdkonu svietia po\u010das nab\u00edjania, len \u010derven\u00e9 svetlo je, ke\u010f je v\u00fdkon bat\u00e9rie 3,25 V-3,55 V, fialov\u00e9 svetlo je, ke\u010f je v\u00fdkon bat\u00e9rie 3,55 V-3,85 V, modr\u00e9 svetlo je, ke\u010f je v\u00fdkon bat\u00e9rie 3,85 V-4,2 V, bat\u00e9ria je pln\u00e1, ke\u010f svetlo po blikan\u00ed zhasne a z\u00edska 5-kr\u00e1t zelen\u00e9 svetlo.<\/span><img decoding=\"async\" loading=\"lazy\" src=\"https:\/\/ae01.alicdn.com\/kf\/Sd8a63a8548b44ff5b0ff479dd6b14e0c4.jpg\" \/><span style=\"font-size: 20px;\"><strong id=\"tl_22\">Ako pou\u017e\u00edva\u0165:<\/strong><\/span><\/p>\n<p><strong><span id=\"tl_23\" style=\"font-size: 16px;\">Zapnutie a vypnutie:<\/span><\/strong><\/p>\n<p><span id=\"tl_24\" style=\"font-size: 16px;\">Stla\u010dte tla\u010didlo 5-kr\u00e1t r\u00fdchlo za sebou, tla\u010didlo blikne 3-kr\u00e1t, \u010do znamen\u00e1, \u017ee bat\u00e9ria je pripraven\u00e1 na prev\u00e1dzku. Rovnak\u00fdm sp\u00f4sobom sa bat\u00e9ria vypne po 5 stla\u010deniach.<\/span><\/p>\n<p><strong><span id=\"tl_25\" style=\"font-size: 16px;\">Nab\u00edjanie:<\/span><\/strong><\/p>\n<p><span id=\"tl_26\" style=\"font-size: 16px;\">Jednoducho nabijte bat\u00e9riu pripojen\u00edm k po\u010d\u00edta\u010du alebo k adapt\u00e9ra na stenu cez USB k\u00e1bel. Ke\u010f je \u00faplne nabit\u00e1, tla\u010didlo zhasne.<\/span><\/p>\n<p><img loading=\"lazy\" decoding=\"async\" src=\"https:\/\/ae01.alicdn.com\/kf\/Sc7cf0cdee08c4832835a1dcd78c44d70O.jpg\" width=\"1000\" height=\"1000\" \/><img decoding=\"async\" loading=\"lazy\" src=\"https:\/\/ae01.alicdn.com\/kf\/Sa276416e06d3440c91a2f885d29f8beeW.jpg\" \/><img decoding=\"async\" loading=\"lazy\" src=\"https:\/\/ae01.alicdn.com\/kf\/S8ac4ccc17c8b4e85ac17481306428b2dI.jpg\" \/><img decoding=\"async\" loading=\"lazy\" src=\"https:\/\/ae01.alicdn.com\/kf\/Sfb43f4e3be564058a48598718a7ca045S.jpg\" \/><img decoding=\"async\" loading=\"lazy\" src=\"https:\/\/ae01.alicdn.com\/kf\/Sf6b308ab8f0347c0ae68e93e0e41789fm.jpg?width=1000&amp;height=1000&amp;hash=2000\" \/><\/p>\n<div>\n<div>\n<div>\n<div>\n<div>\n<div>\n<p style=\", roboto, arial, helvetica, sans-serif, simsun;font-size: 14px; font-weight: 400; letter-spacing: normal; line-height: inherit; text-align: start; margin: 0px; padding: 0px;\" align=\"start\"><img decoding=\"async\" loading=\"lazy\" src=\"https:\/\/ae01.alicdn.com\/kf\/Sb13f4414a46a4c9cac030b3f9f903795x.jpg\" \/><\/p>\n<\/div>\n<\/div>\n<\/div>\n<\/div>\n<\/div>\n<\/div>\n<p><img decoding=\"async\" loading=\"lazy\" src=\"https:\/\/ae01.alicdn.com\/kf\/S4ec308d51623434ba1f3af31df4a9cc3Z.jpg?width=800&amp;height=875&amp;hash=1675\" \/><\/p>\n<\/div>\n<\/div>\n<\/div>\n<\/div>","protected":false},"excerpt":{"rendered":"<p>&nbsp; Nennspannung:\u00a03,7 V Gr\u00f6\u00dfe:\u00a018650 Nominale Kapazit\u00e4t:\u00a02200mAh Art:\u00a0Li-ion Markenname:\u00a0SUB TWO Ursprung:\u00a0CN (Herkunft) Compatible Model:\u00a0eliquid Model Number:\u00a0P10 120W Box Mod Vape Kit Power:\u00a0120w color:\u00a0Red Black Blue White Battery capacity:\u00a02200mah Dimension:\u00a050*130*25mm Atomizer capacity:\u00a03ml Atomizer Resistance:\u00a00.3ohm P10 120w vape kit riesiger dampf 1800mah eingebauter batterie box mod mit 3,0 ml tank elektronische zigarette kit vaper vape pen vapor izer [&hellip;]<\/p>","protected":false},"featured_media":8087,"template":"","meta":{"inline_featured_image":false},"product_cat":[752,756,739,743,77],"product_tag":[],"tiered_pricing_type":"fixed","tiered_pricing_fixed_rules":[],"tiered_pricing_percentage_rules":[],"tiered_pricing_minimum":1,"_administrator_tiered_pricing_type":"fixed","_administrator_tiered_pricing_fixed_rules":[],"_editor_tiered_pricing_type":"fixed","_editor_tiered_pricing_fixed_rules":[],"_author_tiered_pricing_type":"fixed","_author_tiered_pricing_fixed_rules":[],"_contributor_tiered_pricing_type":"fixed","_contributor_tiered_pricing_fixed_rules":[],"_subscriber_tiered_pricing_type":"fixed","_subscriber_tiered_pricing_fixed_rules":[],"_customer_tiered_pricing_type":"fixed","_customer_tiered_pricing_fixed_rules":[],"_shop_manager_tiered_pricing_type":"fixed","_shop_manager_tiered_pricing_fixed_rules":[],"_wpseo_manager_tiered_pricing_type":"fixed","_wpseo_manager_tiered_pricing_fixed_rules":[],"_wpseo_editor_tiered_pricing_type":"fixed","_wpseo_editor_tiered_pricing_fixed_rules":[],"_wholesale_customer_tiered_pricing_type":"fixed","_wholesale_customer_tiered_pricing_fixed_rules":[],"_marketer_tiered_pricing_type":"fixed","_marketer_tiered_pricing_fixed_rules":[],"_sales_manager_tiered_pricing_type":"fixed","_sales_manager_tiered_pricing_fixed_rules":[],"_sales_rep_tiered_pricing_type":"fixed","_sales_rep_tiered_pricing_fixed_rules":[],"yoast_head":"<!-- This site is optimized with the Yoast SEO plugin v23.3 - https:\/\/yoast.com\/wordpress\/plugins\/seo\/ -->\n<title>P10 120w vape kit riesiger dampf 1800mah eingebauter batterie box mod mit 3,0 ml tank elektronische zigarette kit vaper vape pen vapor izer | ElementVape.de<\/title>\n<meta name=\"description\" content=\"Wir bieten P10 120w vape kit riesiger dampf 1800mah eingebauter batterie box mod mit 3,0 ml tank elektronische zigarette kit vaper vape pen vapor izer , Elementvape.de akzeptieren Gro\u00df-und Einzelhandel Bestellungen.\" \/>\n<meta name=\"robots\" content=\"index, follow, max-snippet:-1, max-image-preview:large, max-video-preview:-1\" \/>\n<link rel=\"canonical\" href=\"https:\/\/www.elementvape.de\/sk\/produkt\/120w-vape-kit-riesiger-dampf-1800mah-eingebauter\/\" \/>\n<meta property=\"og:locale\" content=\"sk_SK\" \/>\n<meta property=\"og:type\" content=\"article\" \/>\n<meta property=\"og:title\" content=\"P10 120w vape kit riesiger dampf 1800mah eingebauter batterie box mod mit 3,0 ml tank elektronische zigarette kit vaper vape pen vapor izer | ElementVape.de\" \/>\n<meta property=\"og:description\" content=\"Wir bieten P10 120w vape kit riesiger dampf 1800mah eingebauter batterie box mod mit 3,0 ml tank elektronische zigarette kit vaper vape pen vapor izer , Elementvape.de akzeptieren Gro\u00df-und Einzelhandel Bestellungen.\" \/>\n<meta property=\"og:url\" content=\"https:\/\/www.elementvape.de\/sk\/produkt\/120w-vape-kit-riesiger-dampf-1800mah-eingebauter\/\" \/>\n<meta property=\"og:site_name\" content=\"ElementVape.de\" \/>\n<meta property=\"article:modified_time\" content=\"2024-09-12T10:34:15+00:00\" \/>\n<meta property=\"og:image\" content=\"https:\/\/ae01.alicdn.com\/kf\/Sb37104d94d5f48bebd8701c798a5b335V\/P10-120w-vape-kit-riesiger-dampf-1800mah-eingebauter-batterie-box-mod-mit-3-0-ml-tank.jpg\" \/>\n\t<meta property=\"og:image:width\" content=\"1000\" \/>\n\t<meta property=\"og:image:height\" content=\"1000\" \/>\n\t<meta property=\"og:image:type\" content=\"image\/jpeg\" \/>\n<meta name=\"twitter:card\" content=\"summary_large_image\" \/>\n<meta name=\"twitter:label1\" content=\"Est. reading time\" \/>\n\t<meta name=\"twitter:data1\" content=\"5 min\u00fat\" \/>\n<script type=\"application\/ld+json\" class=\"yoast-schema-graph\">{\"@context\":\"https:\/\/schema.org\",\"@graph\":[{\"@type\":\"WebPage\",\"@id\":\"https:\/\/www.elementvape.de\/produkt\/120w-vape-kit-riesiger-dampf-1800mah-eingebauter\/\",\"url\":\"https:\/\/www.elementvape.de\/produkt\/120w-vape-kit-riesiger-dampf-1800mah-eingebauter\/\",\"name\":\"P10 120w vape kit riesiger dampf 1800mah eingebauter batterie box mod mit 3,0 ml tank elektronische zigarette kit vaper vape pen vapor izer | ElementVape.de\",\"isPartOf\":{\"@id\":\"https:\/\/www.elementvape.de\/#website\"},\"primaryImageOfPage\":{\"@id\":\"https:\/\/www.elementvape.de\/produkt\/120w-vape-kit-riesiger-dampf-1800mah-eingebauter\/#primaryimage\"},\"image\":{\"@id\":\"https:\/\/www.elementvape.de\/produkt\/120w-vape-kit-riesiger-dampf-1800mah-eingebauter\/#primaryimage\"},\"thumbnailUrl\":\"https:\/\/ae01.alicdn.com\/kf\/Sb37104d94d5f48bebd8701c798a5b335V\/P10-120w-vape-kit-riesiger-dampf-1800mah-eingebauter-batterie-box-mod-mit-3-0-ml-tank.jpg\",\"datePublished\":\"2024-04-20T05:53:23+00:00\",\"dateModified\":\"2024-09-12T10:34:15+00:00\",\"description\":\"Wir bieten P10 120w vape kit riesiger dampf 1800mah eingebauter batterie box mod mit 3,0 ml tank elektronische zigarette kit vaper vape pen vapor izer , Elementvape.de akzeptieren Gro\u00df-und Einzelhandel Bestellungen.\",\"breadcrumb\":{\"@id\":\"https:\/\/www.elementvape.de\/produkt\/120w-vape-kit-riesiger-dampf-1800mah-eingebauter\/#breadcrumb\"},\"inLanguage\":\"sk-SK\",\"potentialAction\":[{\"@type\":\"ReadAction\",\"target\":[\"https:\/\/www.elementvape.de\/produkt\/120w-vape-kit-riesiger-dampf-1800mah-eingebauter\/\"]}]},{\"@type\":\"ImageObject\",\"inLanguage\":\"sk-SK\",\"@id\":\"https:\/\/www.elementvape.de\/produkt\/120w-vape-kit-riesiger-dampf-1800mah-eingebauter\/#primaryimage\",\"url\":\"https:\/\/ae01.alicdn.com\/kf\/Sb37104d94d5f48bebd8701c798a5b335V\/P10-120w-vape-kit-riesiger-dampf-1800mah-eingebauter-batterie-box-mod-mit-3-0-ml-tank.jpg\",\"contentUrl\":\"https:\/\/ae01.alicdn.com\/kf\/Sb37104d94d5f48bebd8701c798a5b335V\/P10-120w-vape-kit-riesiger-dampf-1800mah-eingebauter-batterie-box-mod-mit-3-0-ml-tank.jpg\",\"width\":1000,\"height\":1000},{\"@type\":\"BreadcrumbList\",\"@id\":\"https:\/\/www.elementvape.de\/produkt\/120w-vape-kit-riesiger-dampf-1800mah-eingebauter\/#breadcrumb\",\"itemListElement\":[{\"@type\":\"ListItem\",\"position\":1,\"name\":\"Home\",\"item\":\"https:\/\/www.elementvape.de\/\"},{\"@type\":\"ListItem\",\"position\":2,\"name\":\"Shop\",\"item\":\"https:\/\/www.elementvape.de\/shop\/\"},{\"@type\":\"ListItem\",\"position\":3,\"name\":\"P10 120w vape kit riesiger dampf 1800mah eingebauter batterie box mod mit 3,0 ml tank elektronische zigarette kit vaper vape pen vapor izer\"}]},{\"@type\":\"WebSite\",\"@id\":\"https:\/\/www.elementvape.de\/#website\",\"url\":\"https:\/\/www.elementvape.de\/\",\"name\":\"ElementVape.de\",\"description\":\"\",\"publisher\":{\"@id\":\"https:\/\/www.elementvape.de\/#organization\"},\"potentialAction\":[{\"@type\":\"SearchAction\",\"target\":{\"@type\":\"EntryPoint\",\"urlTemplate\":\"https:\/\/www.elementvape.de\/?s={search_term_string}\"},\"query-input\":\"required name=search_term_string\"}],\"inLanguage\":\"sk-SK\"},{\"@type\":\"Organization\",\"@id\":\"https:\/\/www.elementvape.de\/#organization\",\"name\":\"ElementVape.DE\",\"url\":\"https:\/\/www.elementvape.de\/\",\"logo\":{\"@type\":\"ImageObject\",\"inLanguage\":\"sk-SK\",\"@id\":\"https:\/\/www.elementvape.de\/#\/schema\/logo\/image\/\",\"url\":\"https:\/\/www.elementvape.de\/wp-content\/uploads\/2024\/09\/cropped-1elementvape-3.png\",\"contentUrl\":\"https:\/\/www.elementvape.de\/wp-content\/uploads\/2024\/09\/cropped-1elementvape-3.png\",\"width\":285,\"height\":228,\"caption\":\"ElementVape.DE\"},\"image\":{\"@id\":\"https:\/\/www.elementvape.de\/#\/schema\/logo\/image\/\"}}]}<\/script>\n<!-- \/ Yoast SEO plugin. -->","yoast_head_json":{"title":"P10 120w vape kit riesiger dampf 1800mah eingebauter batterie box mod mit 3,0 ml tank elektronische zigarette kit vaper vape pen vapor izer | ElementVape.de","description":"Wir bieten P10 120w vape kit riesiger dampf 1800mah eingebauter batterie box mod mit 3,0 ml tank elektronische zigarette kit vaper vape pen vapor izer , Elementvape.de akzeptieren Gro\u00df-und Einzelhandel Bestellungen.","robots":{"index":"index","follow":"follow","max-snippet":"max-snippet:-1","max-image-preview":"max-image-preview:large","max-video-preview":"max-video-preview:-1"},"canonical":"https:\/\/www.elementvape.de\/sk\/produkt\/120w-vape-kit-riesiger-dampf-1800mah-eingebauter\/","og_locale":"sk_SK","og_type":"article","og_title":"P10 120w vape kit riesiger dampf 1800mah eingebauter batterie box mod mit 3,0 ml tank elektronische zigarette kit vaper vape pen vapor izer | ElementVape.de","og_description":"Wir bieten P10 120w vape kit riesiger dampf 1800mah eingebauter batterie box mod mit 3,0 ml tank elektronische zigarette kit vaper vape pen vapor izer , Elementvape.de akzeptieren Gro\u00df-und Einzelhandel Bestellungen.","og_url":"https:\/\/www.elementvape.de\/sk\/produkt\/120w-vape-kit-riesiger-dampf-1800mah-eingebauter\/","og_site_name":"ElementVape.de","article_modified_time":"2024-09-12T10:34:15+00:00","og_image":[{"width":1000,"height":1000,"url":"https:\/\/ae01.alicdn.com\/kf\/Sb37104d94d5f48bebd8701c798a5b335V\/P10-120w-vape-kit-riesiger-dampf-1800mah-eingebauter-batterie-box-mod-mit-3-0-ml-tank.jpg","type":"image\/jpeg"}],"twitter_card":"summary_large_image","twitter_misc":{"Est. reading time":"5 min\u00fat"},"schema":{"@context":"https:\/\/schema.org","@graph":[{"@type":"WebPage","@id":"https:\/\/www.elementvape.de\/produkt\/120w-vape-kit-riesiger-dampf-1800mah-eingebauter\/","url":"https:\/\/www.elementvape.de\/produkt\/120w-vape-kit-riesiger-dampf-1800mah-eingebauter\/","name":"P10 120w vape kit riesiger dampf 1800mah eingebauter batterie box mod mit 3,0 ml tank elektronische zigarette kit vaper vape pen vapor izer | ElementVape.de","isPartOf":{"@id":"https:\/\/www.elementvape.de\/#website"},"primaryImageOfPage":{"@id":"https:\/\/www.elementvape.de\/produkt\/120w-vape-kit-riesiger-dampf-1800mah-eingebauter\/#primaryimage"},"image":{"@id":"https:\/\/www.elementvape.de\/produkt\/120w-vape-kit-riesiger-dampf-1800mah-eingebauter\/#primaryimage"},"thumbnailUrl":"https:\/\/ae01.alicdn.com\/kf\/Sb37104d94d5f48bebd8701c798a5b335V\/P10-120w-vape-kit-riesiger-dampf-1800mah-eingebauter-batterie-box-mod-mit-3-0-ml-tank.jpg","datePublished":"2024-04-20T05:53:23+00:00","dateModified":"2024-09-12T10:34:15+00:00","description":"Wir bieten P10 120w vape kit riesiger dampf 1800mah eingebauter batterie box mod mit 3,0 ml tank elektronische zigarette kit vaper vape pen vapor izer , Elementvape.de akzeptieren Gro\u00df-und Einzelhandel Bestellungen.","breadcrumb":{"@id":"https:\/\/www.elementvape.de\/produkt\/120w-vape-kit-riesiger-dampf-1800mah-eingebauter\/#breadcrumb"},"inLanguage":"sk-SK","potentialAction":[{"@type":"ReadAction","target":["https:\/\/www.elementvape.de\/produkt\/120w-vape-kit-riesiger-dampf-1800mah-eingebauter\/"]}]},{"@type":"ImageObject","inLanguage":"sk-SK","@id":"https:\/\/www.elementvape.de\/produkt\/120w-vape-kit-riesiger-dampf-1800mah-eingebauter\/#primaryimage","url":"https:\/\/ae01.alicdn.com\/kf\/Sb37104d94d5f48bebd8701c798a5b335V\/P10-120w-vape-kit-riesiger-dampf-1800mah-eingebauter-batterie-box-mod-mit-3-0-ml-tank.jpg","contentUrl":"https:\/\/ae01.alicdn.com\/kf\/Sb37104d94d5f48bebd8701c798a5b335V\/P10-120w-vape-kit-riesiger-dampf-1800mah-eingebauter-batterie-box-mod-mit-3-0-ml-tank.jpg","width":1000,"height":1000},{"@type":"BreadcrumbList","@id":"https:\/\/www.elementvape.de\/produkt\/120w-vape-kit-riesiger-dampf-1800mah-eingebauter\/#breadcrumb","itemListElement":[{"@type":"ListItem","position":1,"name":"Home","item":"https:\/\/www.elementvape.de\/"},{"@type":"ListItem","position":2,"name":"Shop","item":"https:\/\/www.elementvape.de\/shop\/"},{"@type":"ListItem","position":3,"name":"P10 120w vape kit riesiger dampf 1800mah eingebauter batterie box mod mit 3,0 ml tank elektronische zigarette kit vaper vape pen vapor izer"}]},{"@type":"WebSite","@id":"https:\/\/www.elementvape.de\/#website","url":"https:\/\/www.elementvape.de\/","name":"ElementVape.de","description":"","publisher":{"@id":"https:\/\/www.elementvape.de\/#organization"},"potentialAction":[{"@type":"SearchAction","target":{"@type":"EntryPoint","urlTemplate":"https:\/\/www.elementvape.de\/?s={search_term_string}"},"query-input":"required name=search_term_string"}],"inLanguage":"sk-SK"},{"@type":"Organization","@id":"https:\/\/www.elementvape.de\/#organization","name":"ElementVape.DE","url":"https:\/\/www.elementvape.de\/","logo":{"@type":"ImageObject","inLanguage":"sk-SK","@id":"https:\/\/www.elementvape.de\/#\/schema\/logo\/image\/","url":"https:\/\/www.elementvape.de\/wp-content\/uploads\/2024\/09\/cropped-1elementvape-3.png","contentUrl":"https:\/\/www.elementvape.de\/wp-content\/uploads\/2024\/09\/cropped-1elementvape-3.png","width":285,"height":228,"caption":"ElementVape.DE"},"image":{"@id":"https:\/\/www.elementvape.de\/#\/schema\/logo\/image\/"}}]}},"_links":{"self":[{"href":"https:\/\/www.elementvape.de\/sk\/wp-json\/wp\/v2\/product\/8086"}],"collection":[{"href":"https:\/\/www.elementvape.de\/sk\/wp-json\/wp\/v2\/product"}],"about":[{"href":"https:\/\/www.elementvape.de\/sk\/wp-json\/wp\/v2\/types\/product"}],"wp:featuredmedia":[{"embeddable":true,"href":"https:\/\/www.elementvape.de\/sk\/wp-json\/wp\/v2\/media\/8087"}],"wp:attachment":[{"href":"https:\/\/www.elementvape.de\/sk\/wp-json\/wp\/v2\/media?parent=8086"}],"wp:term":[{"taxonomy":"product_cat","embeddable":true,"href":"https:\/\/www.elementvape.de\/sk\/wp-json\/wp\/v2\/product_cat?post=8086"},{"taxonomy":"product_tag","embeddable":true,"href":"https:\/\/www.elementvape.de\/sk\/wp-json\/wp\/v2\/product_tag?post=8086"}],"curies":[{"name":"wp","href":"https:\/\/api.w.org\/{rel}","templated":true}]}}