{"id":7817,"date":"2024-04-20T07:36:33","date_gmt":"2024-04-20T07:36:33","guid":{"rendered":"https:\/\/www.elementvape.de\/?post_type=product&#038;p=7817"},"modified":"2024-09-12T10:32:11","modified_gmt":"2024-09-12T10:32:11","slug":"elektronisches-einweg-zigarettengeraet-wiederaufladbarer-350-mah-akku","status":"publish","type":"product","link":"https:\/\/www.elementvape.de\/sk\/produkt\/elektronisches-einweg-zigarettengeraet-wiederaufladbarer-350-mah-akku\/","title":{"rendered":"Elektronick\u00e9 Jednorazov\u00e9 Cigarety, dob\u00edjate\u013en\u00e1 350-mAh bat\u00e9ria"},"content":{"rendered":"<p>&nbsp;<\/p>\n<div class=\"product-specs-list-container\">\n<ul class=\"product-specs-list util-clearfix\">\n<li class=\"product-prop line-limit-length\"><span class=\"property-title\">Vzh\u013ead:\u00a0<\/span><span class=\"property-desc line-limit-length\">Tvar krabice<\/span><\/li>\n<li class=\"product-prop line-limit-length\"><span class=\"property-title\">Kompatibiln\u00e1 bat\u00e9ria:\u00a0<\/span><span class=\"property-desc line-limit-length\">18350<\/span><\/li>\n<li class=\"product-prop line-limit-length\"><span class=\"property-title\">Funkcia sledovania po\u010dtu faj\u010denia:\u00a0<\/span><span class=\"property-desc line-limit-length\">Nie<\/span><\/li>\n<li class=\"product-prop line-limit-length\"><span class=\"property-title\">Siliconov\u00fd kryt:\u00a0<\/span><span class=\"property-desc line-limit-length\">Nie<\/span><\/li>\n<li class=\"product-prop line-limit-length\"><span class=\"property-title\">Regul\u00e1cia teploty:\u00a0<\/span><span class=\"property-desc line-limit-length\">Nie<\/span><\/li>\n<li class=\"product-prop line-limit-length\"><span class=\"property-title\">Vstavan\u00e1 alebo extern\u00e1 bat\u00e9ria:\u00a0<\/span><span class=\"property-desc line-limit-length\">Vstavan\u00e1<\/span><\/li>\n<li class=\"product-prop line-limit-length\"><span class=\"property-title\">Funkcia ochrany proti skratu:\u00a0<\/span><span class=\"property-desc line-limit-length\">Ja<\/span><\/li>\n<li class=\"product-prop line-limit-length\"><span class=\"property-title\">Funkcia ochrany pred prehriat\u00edm:\u00a0<\/span><span class=\"property-desc line-limit-length\">Ja<\/span><\/li>\n<li class=\"product-prop line-limit-length\"><span class=\"property-title\">Alarm pri n\u00edzkom nap\u00e4t\u00ed:\u00a0<\/span><span class=\"property-desc line-limit-length\">Nie<\/span><\/li>\n<li class=\"product-prop line-limit-length\"><span class=\"property-title\">Identifik\u00e1cia rozpra\u0161ova\u010da Funkcia:\u00a0<\/span><span class=\"property-desc line-limit-length\">Nie<\/span><\/li>\n<li class=\"product-prop line-limit-length\"><span class=\"property-title\">Re\u017eimy nastavenia TCR:\u00a0<\/span><span class=\"property-desc line-limit-length\">Nie<\/span><\/li>\n<li class=\"product-prop line-limit-length\"><span class=\"property-title\">Menovit\u00e1 kapacita:\u00a0<\/span><span class=\"property-desc line-limit-length\">&lt;700 mAh<\/span><\/li>\n<li class=\"product-prop line-limit-length\"><span class=\"property-title\">Vn\u00fatorn\u00e1 alebo vonkaj\u0161ia bat\u00e9ria: Vonkaj\u0161ia\u00a0<\/span><span class=\"property-desc line-limit-length\">Plast<\/span><\/li>\n<li class=\"product-prop line-limit-length\"><span class=\"property-title\">Kompatibiln\u00fd model:\u00a0<\/span><span class=\"property-desc line-limit-length\">hust\u00fd olej<\/span><\/li>\n<li class=\"product-prop line-limit-length\"><span class=\"property-title\">\u010c\u00edslo modelu:\u00a0<\/span><span class=\"property-desc line-limit-length\">XF pod kit<\/span><\/li>\n<li class=\"product-prop line-limit-length\"><span class=\"property-title\">USB nab\u00edja\u010dka:\u00a0<\/span><span class=\"property-desc line-limit-length\">Ja<\/span><\/li>\n<li class=\"product-prop line-limit-length\"><span class=\"property-title\">Firmware aktualiz\u00e1cia:\u00a0<\/span><span class=\"property-desc line-limit-length\">Nie<\/span><\/li>\n<li class=\"product-prop line-limit-length\"><span class=\"property-title\">Displej:\u00a0<\/span><span class=\"property-desc line-limit-length\">Nie<\/span><\/li>\n<li class=\"product-prop line-limit-length\"><span class=\"property-title\">Typ:\u00a0<\/span><span class=\"property-desc line-limit-length\">S bat\u00e9riou<\/span><\/li>\n<li class=\"product-prop line-limit-length\"><span class=\"property-title\">N\u00e1zov zna\u010dky:\u00a0<\/span><span class=\"property-desc line-limit-length\">SUB TWO<\/span><\/li>\n<li class=\"product-prop line-limit-length\"><span class=\"property-title\">P\u00f4vod:\u00a0<\/span><span class=\"property-desc line-limit-length\">SK (P\u00f4vod)<\/span><\/li>\n<li class=\"product-prop line-limit-length\"><span class=\"property-title\">farba:\u00a0<\/span><span class=\"property-desc line-limit-length\">\u010dierna\/biela\/\u010derven\u00e1<\/span><\/li>\n<li class=\"product-prop line-limit-length\"><span class=\"property-title\">kapacita bat\u00e9rie:\u00a0<\/span><span class=\"property-desc line-limit-length\">350mAh<\/span><\/li>\n<li class=\"product-prop line-limit-length\"><span class=\"property-title\">kapacita podu:\u00a0<\/span><span class=\"property-desc line-limit-length\">1ml<\/span><\/li>\n<li class=\"product-prop line-limit-length\"><span class=\"property-title\">typ cievky:\u00a0<\/span><span class=\"property-desc line-limit-length\">Keramick\u00e1 cievka<\/span><\/li>\n<li class=\"product-prop line-limit-length\"><span class=\"property-title\">na pou\u017eitie pre:\u00a0<\/span><span class=\"property-desc line-limit-length\">hust\u00fd olej<\/span><\/li>\n<li class=\"product-prop line-limit-length\"><span class=\"property-title\">dierky:\u00a0<\/span><span class=\"property-desc line-limit-length\">2*1,6mm<\/span><\/li>\n<li class=\"product-prop line-limit-length\"><span class=\"property-title\">odpor:\u00a0<\/span><span class=\"property-desc line-limit-length\">1,4ohm<\/span><\/li>\n<li class=\"product-prop line-limit-length\"><span class=\"property-title\">Nab\u00edjac\u00ed port:\u00a0<\/span><span class=\"property-desc line-limit-length\">typ c<\/span><\/li>\n<\/ul>\n<\/div>\n<div class=\"detailmodule_html\">\n<div class=\"detail-desc-decorate-richtext\">\n<div style=\"text-align: center;\" align=\"center\"><span id=\"tl_1\" style=\"font-size: 20px;\">10 kusov XF Vape Pods Starter Kits znovu nab\u00edjate\u013en\u00e1 bat\u00e9ria 350mAh pr\u00e1zdne Pod zariadenie 1ml hrub\u00e9 olejov\u00e9 pary per\u00e1 Ecig dym<\/span><\/div>\n<div><\/div>\n<div><span style=\"font-size: 20px;\"><span style=\"font-size: 18px;\"><span id=\"tl_2\">Funkcia:<\/span><\/span><\/span><br \/>\n<span style=\"font-size: 20px;\"><span id=\"tl_3\" style=\"font-size: 18px;\"><br \/>\nKapacita: 1ml<br \/>\nFarba: \u010dierna\/biela\/\u010derven\u00e1<br \/>\nCievka: Keramick\u00e1 cievka<br \/>\nBat\u00e9ria: 350mAh<br \/>\nPou\u017eitie: hrub\u00fd olej<br \/>\nDierky: 2*1,6mm<br \/>\nOdpor cievky: 1,4 Ohm<br \/>\nTyp nab\u00edja\u010dky: Typ c<\/span><\/span><br \/>\n<span style=\"font-size: 20px;\"><span style=\"font-size: 18px;\"><span id=\"tl_4\" style=\"font-size: 18px;\">Usb<\/span><\/span><\/span><br \/>\n<span style=\"font-size: 20px;\"><span id=\"tl_5\" style=\"font-size: 18px;\">Port (nie je v balen\u00ed)<\/span><\/span><span style=\"font-size: 20px;\"><span id=\"tl_6\" style=\"font-size: 18px;\">Vezmite na vedomie: Toto je pr\u00e1zdny pern\u00edk. Po zatla\u010den\u00ed na \u00fastnik sa zablokuje.<\/span><\/span><\/p>\n<p><img decoding=\"async\" loading=\"lazy\" style=\"width: 800px;\" src=\"https:\/\/ae01.alicdn.com\/kf\/Sa544a0ed189e45289bd1937b9af133407.jpg?width=800&amp;height=800&amp;hash=1600\" width=\"800px\" \/><br \/>\n<img decoding=\"async\" loading=\"lazy\" style=\"width: 800px;\" src=\"https:\/\/ae01.alicdn.com\/kf\/S73b42f8985ba48d9869a71391cc77cb8b.jpg?width=800&amp;height=800&amp;hash=1600\" width=\"800px\" \/><br \/>\n<img decoding=\"async\" loading=\"lazy\" style=\"width: 800px;\" src=\"https:\/\/ae01.alicdn.com\/kf\/S335549478f604392b9724887f1c965c9m.jpg?width=800&amp;height=800&amp;hash=1600\" width=\"800px\" \/><br \/>\n<img decoding=\"async\" loading=\"lazy\" style=\"width: 800px;\" src=\"https:\/\/ae01.alicdn.com\/kf\/S5ab7948feca84c6686d8b8e944577f1bO.jpg?width=800&amp;height=800&amp;hash=1600\" width=\"800px\" \/><br \/>\n<img decoding=\"async\" loading=\"lazy\" style=\"width: 800px;\" src=\"https:\/\/ae01.alicdn.com\/kf\/Scb79c577b4364355969c02cbb27ed560S.jpg?width=800&amp;height=800&amp;hash=1600\" width=\"800px\" \/><br \/>\n<img decoding=\"async\" loading=\"lazy\" style=\"width: 800px;\" src=\"https:\/\/ae01.alicdn.com\/kf\/S0ea3d93af6e148bd8ea235c847a8b74dS.jpg?width=800&amp;height=800&amp;hash=1600\" width=\"800px\" \/><br \/>\n<img decoding=\"async\" loading=\"lazy\" style=\"width: 800px;\" src=\"https:\/\/ae01.alicdn.com\/kf\/S7d0f525506734d6faead4efdd81a0b7eB.jpg?width=800&amp;height=800&amp;hash=1600\" width=\"800px\" \/><br \/>\n<img decoding=\"async\" loading=\"lazy\" style=\"width: 800px;\" src=\"https:\/\/ae01.alicdn.com\/kf\/S6f8169f6146d4d27ad092ea0b141d9741.jpg?width=800&amp;height=800&amp;hash=1600\" width=\"800px\" \/><\/p>\n<\/div>\n<div><\/div>\n<\/div>\n<\/div>","protected":false},"excerpt":{"rendered":"<p>&nbsp; Aussehen:\u00a0Box Form Kompatibler Akku:\u00a018350 \u00dcberwachung Funktion Von Rauchen Anzahl:\u00a0Nein Silikon Fall:\u00a0Nein Temperaturregelung:\u00a0Nein Eingebaute Oder Externe Batterie:\u00a0Eingebaute Kurzschlussschutz Funktion:\u00a0Ja \u00dcberhitzungsschutz-funktion:\u00a0Ja Niederspannungsalarmfunktion:\u00a0Nein Zerst\u00e4uber Identifikation Funktion:\u00a0Nein TCR Einstellung Modi:\u00a0Nein Nominale Kapazit\u00e4t:\u00a0&lt;700 mAh Material:\u00a0Plastik Compatible Model:\u00a0thick oil Modellnummer:\u00a0XF pod kit Usb-ladeger\u00e4t:\u00a0Ja Firmware-upgrade:\u00a0Nein Display:\u00a0Nein Art:\u00a0Mit Batterie Markenname:\u00a0SUB TWO Ursprung:\u00a0CN (Herkunft) color:\u00a0black\/white\/red battery capacity:\u00a0350mah pod capacity:\u00a01ml coil type:\u00a0Ceramic coil use [&hellip;]<\/p>","protected":false},"featured_media":7819,"template":"","meta":{"inline_featured_image":false},"product_cat":[78,750,737,736,749,76],"product_tag":[],"tiered_pricing_type":"fixed","tiered_pricing_fixed_rules":[],"tiered_pricing_percentage_rules":[],"tiered_pricing_minimum":1,"_administrator_tiered_pricing_type":"fixed","_administrator_tiered_pricing_fixed_rules":[],"_editor_tiered_pricing_type":"fixed","_editor_tiered_pricing_fixed_rules":[],"_author_tiered_pricing_type":"fixed","_author_tiered_pricing_fixed_rules":[],"_contributor_tiered_pricing_type":"fixed","_contributor_tiered_pricing_fixed_rules":[],"_subscriber_tiered_pricing_type":"fixed","_subscriber_tiered_pricing_fixed_rules":[],"_customer_tiered_pricing_type":"fixed","_customer_tiered_pricing_fixed_rules":[],"_shop_manager_tiered_pricing_type":"fixed","_shop_manager_tiered_pricing_fixed_rules":[],"_wpseo_manager_tiered_pricing_type":"fixed","_wpseo_manager_tiered_pricing_fixed_rules":[],"_wpseo_editor_tiered_pricing_type":"fixed","_wpseo_editor_tiered_pricing_fixed_rules":[],"_wholesale_customer_tiered_pricing_type":"fixed","_wholesale_customer_tiered_pricing_fixed_rules":[],"_marketer_tiered_pricing_type":"fixed","_marketer_tiered_pricing_fixed_rules":[],"_sales_manager_tiered_pricing_type":"fixed","_sales_manager_tiered_pricing_fixed_rules":[],"_sales_rep_tiered_pricing_type":"fixed","_sales_rep_tiered_pricing_fixed_rules":[],"yoast_head":"<!-- This site is optimized with the Yoast SEO plugin v23.3 - https:\/\/yoast.com\/wordpress\/plugins\/seo\/ -->\n<title>Elektronisches Einweg-Zigarettenger\u00e4t, wiederaufladbarer 350-mAh-Akku | ElementVape.de<\/title>\n<meta name=\"description\" content=\"Wir bieten Elektronisches Einweg-Zigarettenger\u00e4t, wiederaufladbarer 350-mAh-Akku , Elementvape.de akzeptieren Gro\u00df-und Einzelhandel Bestellungen.\" \/>\n<meta name=\"robots\" content=\"index, follow, max-snippet:-1, max-image-preview:large, max-video-preview:-1\" \/>\n<link rel=\"canonical\" href=\"https:\/\/www.elementvape.de\/sk\/produkt\/elektronisches-einweg-zigarettengeraet-wiederaufladbarer-350-mah-akku\/\" \/>\n<meta property=\"og:locale\" content=\"sk_SK\" \/>\n<meta property=\"og:type\" content=\"article\" \/>\n<meta property=\"og:title\" content=\"Elektronisches Einweg-Zigarettenger\u00e4t, wiederaufladbarer 350-mAh-Akku | ElementVape.de\" \/>\n<meta property=\"og:description\" content=\"Wir bieten Elektronisches Einweg-Zigarettenger\u00e4t, wiederaufladbarer 350-mAh-Akku , Elementvape.de akzeptieren Gro\u00df-und Einzelhandel Bestellungen.\" \/>\n<meta property=\"og:url\" content=\"https:\/\/www.elementvape.de\/sk\/produkt\/elektronisches-einweg-zigarettengeraet-wiederaufladbarer-350-mah-akku\/\" \/>\n<meta property=\"og:site_name\" content=\"ElementVape.de\" \/>\n<meta property=\"article:modified_time\" content=\"2024-09-12T10:32:11+00:00\" \/>\n<meta property=\"og:image\" content=\"https:\/\/ae01.alicdn.com\/kf\/S9ebb59b822104b3ab9ed21c2229d4aafB\/10-st-cke-Einweg-Vape-Pods-und-Zigaretten-Kits-wiederauf-ladbare-350mAh-Batterie-leere-Pod-Ger.jpg\" \/>\n\t<meta property=\"og:image:width\" content=\"800\" \/>\n\t<meta property=\"og:image:height\" content=\"800\" \/>\n\t<meta property=\"og:image:type\" content=\"image\/jpeg\" \/>\n<meta name=\"twitter:card\" content=\"summary_large_image\" \/>\n<meta name=\"twitter:label1\" content=\"Est. reading time\" \/>\n\t<meta name=\"twitter:data1\" content=\"3 min\u00faty\" \/>\n<script type=\"application\/ld+json\" class=\"yoast-schema-graph\">{\"@context\":\"https:\/\/schema.org\",\"@graph\":[{\"@type\":\"WebPage\",\"@id\":\"https:\/\/www.elementvape.de\/produkt\/elektronisches-einweg-zigarettengeraet-wiederaufladbarer-350-mah-akku\/\",\"url\":\"https:\/\/www.elementvape.de\/produkt\/elektronisches-einweg-zigarettengeraet-wiederaufladbarer-350-mah-akku\/\",\"name\":\"Elektronisches Einweg-Zigarettenger\u00e4t, wiederaufladbarer 350-mAh-Akku | ElementVape.de\",\"isPartOf\":{\"@id\":\"https:\/\/www.elementvape.de\/#website\"},\"primaryImageOfPage\":{\"@id\":\"https:\/\/www.elementvape.de\/produkt\/elektronisches-einweg-zigarettengeraet-wiederaufladbarer-350-mah-akku\/#primaryimage\"},\"image\":{\"@id\":\"https:\/\/www.elementvape.de\/produkt\/elektronisches-einweg-zigarettengeraet-wiederaufladbarer-350-mah-akku\/#primaryimage\"},\"thumbnailUrl\":\"https:\/\/ae01.alicdn.com\/kf\/S9ebb59b822104b3ab9ed21c2229d4aafB\/10-st-cke-Einweg-Vape-Pods-und-Zigaretten-Kits-wiederauf-ladbare-350mAh-Batterie-leere-Pod-Ger.jpg\",\"datePublished\":\"2024-04-20T07:36:33+00:00\",\"dateModified\":\"2024-09-12T10:32:11+00:00\",\"description\":\"Wir bieten Elektronisches Einweg-Zigarettenger\u00e4t, wiederaufladbarer 350-mAh-Akku , Elementvape.de akzeptieren Gro\u00df-und Einzelhandel Bestellungen.\",\"breadcrumb\":{\"@id\":\"https:\/\/www.elementvape.de\/produkt\/elektronisches-einweg-zigarettengeraet-wiederaufladbarer-350-mah-akku\/#breadcrumb\"},\"inLanguage\":\"sk-SK\",\"potentialAction\":[{\"@type\":\"ReadAction\",\"target\":[\"https:\/\/www.elementvape.de\/produkt\/elektronisches-einweg-zigarettengeraet-wiederaufladbarer-350-mah-akku\/\"]}]},{\"@type\":\"ImageObject\",\"inLanguage\":\"sk-SK\",\"@id\":\"https:\/\/www.elementvape.de\/produkt\/elektronisches-einweg-zigarettengeraet-wiederaufladbarer-350-mah-akku\/#primaryimage\",\"url\":\"https:\/\/ae01.alicdn.com\/kf\/S9ebb59b822104b3ab9ed21c2229d4aafB\/10-st-cke-Einweg-Vape-Pods-und-Zigaretten-Kits-wiederauf-ladbare-350mAh-Batterie-leere-Pod-Ger.jpg\",\"contentUrl\":\"https:\/\/ae01.alicdn.com\/kf\/S9ebb59b822104b3ab9ed21c2229d4aafB\/10-st-cke-Einweg-Vape-Pods-und-Zigaretten-Kits-wiederauf-ladbare-350mAh-Batterie-leere-Pod-Ger.jpg\",\"width\":800,\"height\":800},{\"@type\":\"BreadcrumbList\",\"@id\":\"https:\/\/www.elementvape.de\/produkt\/elektronisches-einweg-zigarettengeraet-wiederaufladbarer-350-mah-akku\/#breadcrumb\",\"itemListElement\":[{\"@type\":\"ListItem\",\"position\":1,\"name\":\"Home\",\"item\":\"https:\/\/www.elementvape.de\/\"},{\"@type\":\"ListItem\",\"position\":2,\"name\":\"Shop\",\"item\":\"https:\/\/www.elementvape.de\/shop\/\"},{\"@type\":\"ListItem\",\"position\":3,\"name\":\"Elektronisches Einweg-Zigarettenger\u00e4t, wiederaufladbarer 350-mAh-Akku\"}]},{\"@type\":\"WebSite\",\"@id\":\"https:\/\/www.elementvape.de\/#website\",\"url\":\"https:\/\/www.elementvape.de\/\",\"name\":\"ElementVape.de\",\"description\":\"\",\"publisher\":{\"@id\":\"https:\/\/www.elementvape.de\/#organization\"},\"potentialAction\":[{\"@type\":\"SearchAction\",\"target\":{\"@type\":\"EntryPoint\",\"urlTemplate\":\"https:\/\/www.elementvape.de\/?s={search_term_string}\"},\"query-input\":\"required name=search_term_string\"}],\"inLanguage\":\"sk-SK\"},{\"@type\":\"Organization\",\"@id\":\"https:\/\/www.elementvape.de\/#organization\",\"name\":\"ElementVape.DE\",\"url\":\"https:\/\/www.elementvape.de\/\",\"logo\":{\"@type\":\"ImageObject\",\"inLanguage\":\"sk-SK\",\"@id\":\"https:\/\/www.elementvape.de\/#\/schema\/logo\/image\/\",\"url\":\"https:\/\/www.elementvape.de\/wp-content\/uploads\/2024\/09\/cropped-1elementvape-3.png\",\"contentUrl\":\"https:\/\/www.elementvape.de\/wp-content\/uploads\/2024\/09\/cropped-1elementvape-3.png\",\"width\":285,\"height\":228,\"caption\":\"ElementVape.DE\"},\"image\":{\"@id\":\"https:\/\/www.elementvape.de\/#\/schema\/logo\/image\/\"}}]}<\/script>\n<!-- \/ Yoast SEO plugin. -->","yoast_head_json":{"title":"Elektronisches Einweg-Zigarettenger\u00e4t, wiederaufladbarer 350-mAh-Akku | ElementVape.de","description":"Wir bieten Elektronisches Einweg-Zigarettenger\u00e4t, wiederaufladbarer 350-mAh-Akku , Elementvape.de akzeptieren Gro\u00df-und Einzelhandel Bestellungen.","robots":{"index":"index","follow":"follow","max-snippet":"max-snippet:-1","max-image-preview":"max-image-preview:large","max-video-preview":"max-video-preview:-1"},"canonical":"https:\/\/www.elementvape.de\/sk\/produkt\/elektronisches-einweg-zigarettengeraet-wiederaufladbarer-350-mah-akku\/","og_locale":"sk_SK","og_type":"article","og_title":"Elektronisches Einweg-Zigarettenger\u00e4t, wiederaufladbarer 350-mAh-Akku | ElementVape.de","og_description":"Wir bieten Elektronisches Einweg-Zigarettenger\u00e4t, wiederaufladbarer 350-mAh-Akku , Elementvape.de akzeptieren Gro\u00df-und Einzelhandel Bestellungen.","og_url":"https:\/\/www.elementvape.de\/sk\/produkt\/elektronisches-einweg-zigarettengeraet-wiederaufladbarer-350-mah-akku\/","og_site_name":"ElementVape.de","article_modified_time":"2024-09-12T10:32:11+00:00","og_image":[{"width":800,"height":800,"url":"https:\/\/ae01.alicdn.com\/kf\/S9ebb59b822104b3ab9ed21c2229d4aafB\/10-st-cke-Einweg-Vape-Pods-und-Zigaretten-Kits-wiederauf-ladbare-350mAh-Batterie-leere-Pod-Ger.jpg","type":"image\/jpeg"}],"twitter_card":"summary_large_image","twitter_misc":{"Est. reading time":"3 min\u00faty"},"schema":{"@context":"https:\/\/schema.org","@graph":[{"@type":"WebPage","@id":"https:\/\/www.elementvape.de\/produkt\/elektronisches-einweg-zigarettengeraet-wiederaufladbarer-350-mah-akku\/","url":"https:\/\/www.elementvape.de\/produkt\/elektronisches-einweg-zigarettengeraet-wiederaufladbarer-350-mah-akku\/","name":"Elektronisches Einweg-Zigarettenger\u00e4t, wiederaufladbarer 350-mAh-Akku | ElementVape.de","isPartOf":{"@id":"https:\/\/www.elementvape.de\/#website"},"primaryImageOfPage":{"@id":"https:\/\/www.elementvape.de\/produkt\/elektronisches-einweg-zigarettengeraet-wiederaufladbarer-350-mah-akku\/#primaryimage"},"image":{"@id":"https:\/\/www.elementvape.de\/produkt\/elektronisches-einweg-zigarettengeraet-wiederaufladbarer-350-mah-akku\/#primaryimage"},"thumbnailUrl":"https:\/\/ae01.alicdn.com\/kf\/S9ebb59b822104b3ab9ed21c2229d4aafB\/10-st-cke-Einweg-Vape-Pods-und-Zigaretten-Kits-wiederauf-ladbare-350mAh-Batterie-leere-Pod-Ger.jpg","datePublished":"2024-04-20T07:36:33+00:00","dateModified":"2024-09-12T10:32:11+00:00","description":"Wir bieten Elektronisches Einweg-Zigarettenger\u00e4t, wiederaufladbarer 350-mAh-Akku , Elementvape.de akzeptieren Gro\u00df-und Einzelhandel Bestellungen.","breadcrumb":{"@id":"https:\/\/www.elementvape.de\/produkt\/elektronisches-einweg-zigarettengeraet-wiederaufladbarer-350-mah-akku\/#breadcrumb"},"inLanguage":"sk-SK","potentialAction":[{"@type":"ReadAction","target":["https:\/\/www.elementvape.de\/produkt\/elektronisches-einweg-zigarettengeraet-wiederaufladbarer-350-mah-akku\/"]}]},{"@type":"ImageObject","inLanguage":"sk-SK","@id":"https:\/\/www.elementvape.de\/produkt\/elektronisches-einweg-zigarettengeraet-wiederaufladbarer-350-mah-akku\/#primaryimage","url":"https:\/\/ae01.alicdn.com\/kf\/S9ebb59b822104b3ab9ed21c2229d4aafB\/10-st-cke-Einweg-Vape-Pods-und-Zigaretten-Kits-wiederauf-ladbare-350mAh-Batterie-leere-Pod-Ger.jpg","contentUrl":"https:\/\/ae01.alicdn.com\/kf\/S9ebb59b822104b3ab9ed21c2229d4aafB\/10-st-cke-Einweg-Vape-Pods-und-Zigaretten-Kits-wiederauf-ladbare-350mAh-Batterie-leere-Pod-Ger.jpg","width":800,"height":800},{"@type":"BreadcrumbList","@id":"https:\/\/www.elementvape.de\/produkt\/elektronisches-einweg-zigarettengeraet-wiederaufladbarer-350-mah-akku\/#breadcrumb","itemListElement":[{"@type":"ListItem","position":1,"name":"Home","item":"https:\/\/www.elementvape.de\/"},{"@type":"ListItem","position":2,"name":"Shop","item":"https:\/\/www.elementvape.de\/shop\/"},{"@type":"ListItem","position":3,"name":"Elektronisches Einweg-Zigarettenger\u00e4t, wiederaufladbarer 350-mAh-Akku"}]},{"@type":"WebSite","@id":"https:\/\/www.elementvape.de\/#website","url":"https:\/\/www.elementvape.de\/","name":"ElementVape.de","description":"","publisher":{"@id":"https:\/\/www.elementvape.de\/#organization"},"potentialAction":[{"@type":"SearchAction","target":{"@type":"EntryPoint","urlTemplate":"https:\/\/www.elementvape.de\/?s={search_term_string}"},"query-input":"required name=search_term_string"}],"inLanguage":"sk-SK"},{"@type":"Organization","@id":"https:\/\/www.elementvape.de\/#organization","name":"ElementVape.DE","url":"https:\/\/www.elementvape.de\/","logo":{"@type":"ImageObject","inLanguage":"sk-SK","@id":"https:\/\/www.elementvape.de\/#\/schema\/logo\/image\/","url":"https:\/\/www.elementvape.de\/wp-content\/uploads\/2024\/09\/cropped-1elementvape-3.png","contentUrl":"https:\/\/www.elementvape.de\/wp-content\/uploads\/2024\/09\/cropped-1elementvape-3.png","width":285,"height":228,"caption":"ElementVape.DE"},"image":{"@id":"https:\/\/www.elementvape.de\/#\/schema\/logo\/image\/"}}]}},"_links":{"self":[{"href":"https:\/\/www.elementvape.de\/sk\/wp-json\/wp\/v2\/product\/7817"}],"collection":[{"href":"https:\/\/www.elementvape.de\/sk\/wp-json\/wp\/v2\/product"}],"about":[{"href":"https:\/\/www.elementvape.de\/sk\/wp-json\/wp\/v2\/types\/product"}],"wp:featuredmedia":[{"embeddable":true,"href":"https:\/\/www.elementvape.de\/sk\/wp-json\/wp\/v2\/media\/7819"}],"wp:attachment":[{"href":"https:\/\/www.elementvape.de\/sk\/wp-json\/wp\/v2\/media?parent=7817"}],"wp:term":[{"taxonomy":"product_cat","embeddable":true,"href":"https:\/\/www.elementvape.de\/sk\/wp-json\/wp\/v2\/product_cat?post=7817"},{"taxonomy":"product_tag","embeddable":true,"href":"https:\/\/www.elementvape.de\/sk\/wp-json\/wp\/v2\/product_tag?post=7817"}],"curies":[{"name":"wp","href":"https:\/\/api.w.org\/{rel}","templated":true}]}}