{"id":7684,"date":"2024-04-20T07:24:26","date_gmt":"2024-04-20T07:24:26","guid":{"rendered":"https:\/\/www.elementvape.de\/?post_type=product&#038;p=7684"},"modified":"2024-09-12T10:32:17","modified_gmt":"2024-09-12T10:32:17","slug":"vandy-vape-pulse-aio-v2-kit-80w-box-mod","status":"publish","type":"product","link":"https:\/\/www.elementvape.de\/sk\/produkt\/vandy-vape-pulse-aio-v2-kit-80w-box-mod\/","title":{"rendered":"Vandy Vape Pulse Aio V2 Kit 80W Box Mod"},"content":{"rendered":"<p>&nbsp;<\/p>\n<div class=\"product-specs-list-container\">\n<ul class=\"product-specs-list util-clearfix\">\n<li class=\"product-prop line-limit-length\"><span class=\"property-title\">Vzh\u013ead:\u00a0<\/span><span class=\"property-desc line-limit-length\">Tvar krabice<\/span><\/li>\n<li class=\"product-prop line-limit-length\"><span class=\"property-title\">Kompatibiln\u00e1 bat\u00e9ria:\u00a0<\/span><span class=\"property-desc line-limit-length\">\u017diadna<\/span><\/li>\n<li class=\"product-prop line-limit-length\"><span class=\"property-title\">Funkcia sledovania po\u010dtu faj\u010denia:\u00a0<\/span><span class=\"property-desc line-limit-length\">Nie<\/span><\/li>\n<li class=\"product-prop line-limit-length\"><span class=\"property-title\">Siliconov\u00fd kryt:\u00a0<\/span><span class=\"property-desc line-limit-length\">Nie<\/span><\/li>\n<li class=\"product-prop line-limit-length\"><span class=\"property-title\">Regul\u00e1cia teploty:\u00a0<\/span><span class=\"property-desc line-limit-length\">Nie<\/span><\/li>\n<li class=\"product-prop line-limit-length\"><span class=\"property-title\">Vstavan\u00e1 alebo extern\u00e1 bat\u00e9ria:\u00a0<\/span><span class=\"property-desc line-limit-length\">Vstavan\u00e1<\/span><\/li>\n<li class=\"product-prop line-limit-length\"><span class=\"property-title\">Funkcia ochrany proti skratu:\u00a0<\/span><span class=\"property-desc line-limit-length\">Ja<\/span><\/li>\n<li class=\"product-prop line-limit-length\"><span class=\"property-title\">Funkcia ochrany pred prehriat\u00edm:\u00a0<\/span><span class=\"property-desc line-limit-length\">Ja<\/span><\/li>\n<li class=\"product-prop line-limit-length\"><span class=\"property-title\">Alarm pri n\u00edzkom nap\u00e4t\u00ed:\u00a0<\/span><span class=\"property-desc line-limit-length\">Ja<\/span><\/li>\n<li class=\"product-prop line-limit-length\"><span class=\"property-title\">Identifik\u00e1cia rozpra\u0161ova\u010da Funkcia:\u00a0<\/span><span class=\"property-desc line-limit-length\">Ja<\/span><\/li>\n<li class=\"product-prop line-limit-length\"><span class=\"property-title\">Re\u017eimy nastavenia TCR:\u00a0<\/span><span class=\"property-desc line-limit-length\">Nie<\/span><\/li>\n<li class=\"product-prop line-limit-length\"><span class=\"property-title\">Menovit\u00e1 kapacita:\u00a0<\/span><span class=\"property-desc line-limit-length\">\u017diadna<\/span><\/li>\n<li class=\"product-prop line-limit-length\"><span class=\"property-title\">Vn\u00fatorn\u00e1 alebo vonkaj\u0161ia bat\u00e9ria: Vonkaj\u0161ia\u00a0<\/span><span class=\"property-desc line-limit-length\">Kov<\/span><\/li>\n<li class=\"product-prop line-limit-length\"><span class=\"property-title\">Kompatibiln\u00fd model:\u00a0<\/span><span class=\"property-desc line-limit-length\">Vape Elektronick\u00e1 cigareta<\/span><\/li>\n<li class=\"product-prop line-limit-length\"><span class=\"property-title\">\u010c\u00edslo modelu:\u00a0<\/span><span class=\"property-desc line-limit-length\">Funkcia ochrany proti skratu: \u00c1no<\/span><\/li>\n<li class=\"product-prop line-limit-length\"><span class=\"property-title\">USB nab\u00edja\u010dka:\u00a0<\/span><span class=\"property-desc line-limit-length\">Ja<\/span><\/li>\n<li class=\"product-prop line-limit-length\"><span class=\"property-title\">Firmware aktualiz\u00e1cia:\u00a0<\/span><span class=\"property-desc line-limit-length\">Nie<\/span><\/li>\n<li class=\"product-prop line-limit-length\"><span class=\"property-title\">Displej:\u00a0<\/span><span class=\"property-desc line-limit-length\">Ja<\/span><\/li>\n<li class=\"product-prop line-limit-length\"><span class=\"property-title\">Typ:\u00a0<\/span><span class=\"property-desc line-limit-length\">S bat\u00e9riou<\/span><\/li>\n<li class=\"product-prop line-limit-length\"><span class=\"property-title\">N\u00e1zov zna\u010dky:\u00a0<\/span><span class=\"property-desc line-limit-length\">VANDY VAPE<\/span><\/li>\n<li class=\"product-prop line-limit-length\"><span class=\"property-title\">P\u00f4vod:\u00a0<\/span><span class=\"property-desc line-limit-length\">SK (P\u00f4vod)<\/span><\/li>\n<\/ul>\n<\/div>\n<div class=\"detailmodule_html\">\n<div class=\"detail-desc-decorate-richtext\">\n<div class=\"detailmodule_text\">\n<p id=\"tl_1\" class=\"detail-desc-decorate-title\" style=\"font-family: OpenSans; font-size: 20px; font-weight: 900; line-height: 28px; margin-bottom: 12px;\">Origin\u00e1lny Vandy Vape Puls Aio V2 Kit 80W box mod vaporiz\u00e9r s 6ml RBA podom<\/p>\n<p id=\"tl_2\" class=\"detail-desc-decorate-content\" style=\"font-family: OpenSans; font-size: 14px; font-weight: 300; line-height: 20px; margin-bottom: 12px;\">Puls aio v2 Kit je vyroben\u00fd z hlin\u00edkovej zliatiny, \u010do ho rob\u00ed \u013eahk\u00fdm a kompaktn\u00fdm. Podporuje jednu bat\u00e9riu 18650, m\u00e1 nastavite\u013en\u00fd v\u00fdkon od 5 do 80 W. S mrie\u017ekov\u00fdm pr\u00fadom vzduchu m\u00f4\u017ee vytv\u00e1ra\u0165 plynul\u00fd pr\u00fad vzduchu. S vodotesk\u00fdm dizajnom IP67 PCBA je jednoduch\u00e9 odstr\u00e1ni\u0165 olejov\u00e9 \u0161kvrny a prach. Puls aio v2 je bezpe\u010dn\u00fd proti \u00faniku a m\u00f4\u017ee zabr\u00e1ni\u0165 vniknutiu oleja do dosky plo\u0161n\u00fdch spojov, \u010d\u00edm chr\u00e1ni zariadenie. Tri doplnkov\u00e9 diely s\u00fa navrhnut\u00e9 pre nad\u0161encov, aby si mohli vychutna\u0165 viac vapovania. S\u00fa\u010das\u0165ou s\u00fa vymenite\u013en\u00e9 \u0161pi\u010dky kvapkadla a vzduchov\u00e9 trubice pre kvapkadlo. Okrem toho si m\u00f4\u017eete vychutna\u0165 mimoriadny z\u00e1\u017eitok s 6 ml RBA tankom Puls aio v2. S\u00fa\u010das\u0165ou s\u00fa tie\u017e 4 RBA vzduchov\u00e9 trubice.<\/p>\n<\/div>\n<div class=\"detailmodule_text\">\n<p id=\"tl_3\" class=\"detail-desc-decorate-title\" style=\"font-family: OpenSans; font-size: 20px; font-weight: 900; line-height: 28px; margin-bottom: 12px;\">Parametre:<\/p>\n<p id=\"tl_4\" class=\"detail-desc-decorate-content\" style=\"font-family: OpenSans; font-size: 14px; font-weight: 300; line-height: 20px; margin-bottom: 12px;\">Zna\u010dka: vandy vape<br \/>\nN\u00e1zov produktu: Puls aio v2 Kit<br \/>\nVe\u013ekos\u0165: 51*77,3*23,4 mm<br \/>\nV\u00fdstupn\u00e9 nap\u00e4tie: 0,5-6,0 V<br \/>\nMaxim\u00e1lny v\u00fdstupn\u00fd pr\u00fad: 32 A<br \/>\nMateri\u00e1l: hlin\u00edkov\u00e1 zliatina + nerezov\u00e1 oce\u013e + PCTG<br \/>\nTyp bat\u00e9rie: kompatibiln\u00fd s bat\u00e9riou 18650 (neobsahuje)<br \/>\nKapacita RBA: 6 ml<br \/>\nRozsah v\u00fdkonu: 5-80 W<br \/>\nTyp plnenia: jednoduch\u00e9 bo\u010dn\u00e9 plnenie<br \/>\nRozsah odporu: 0,05-3,0 \u03a9 (\u00b1 5%)<br \/>\nDisplej: 0,42 palcov\u00fd OLED displej<br \/>\nVe\u013ekos\u0165 balenia: 95*34*122 mm (1 ks)<br \/>\nVe\u013ekos\u0165 kart\u00f3nu: 494*257*203mm (50 kusov)<br \/>\nFarba: \u010dierna, mal\u00e1 modr\u00e1, fialov\u00e1, \u010derven\u00e1, nebesky modr\u00e1, sakura ru\u017eov\u00e1<\/p>\n<\/div>\n<div class=\"detailmodule_text\">\n<p id=\"tl_5\" class=\"detail-desc-decorate-title\" style=\"font-family: OpenSans; font-size: 20px; font-weight: 900; line-height: 28px; margin-bottom: 12px;\">Detaily:<\/p>\n<p id=\"tl_6\" class=\"detail-desc-decorate-content\" style=\"font-family: OpenSans; font-size: 14px; font-weight: 300; line-height: 20px; margin-bottom: 12px;\">1. IP67 hodnotenie vodotesnosti pcba<br \/>\n2. Bat\u00e9ria pozit\u00edvne cez dosku plo\u0161n\u00fdch spojov<br \/>\n3. Vymenite\u013en\u00fd sp\u00edna\u010d kl\u00e1vesnice dosky plo\u0161n\u00fdch spojov<br \/>\n4. Nov\u00fd RBA a n\u00e1dr\u017e<br \/>\n5. Najmen\u0161ia kompaktn\u00e1 ve\u013ekos\u0165<br \/>\n6. Hlin\u00edkov\u00e1 zliatina s jemn\u00fdm rezb\u00e1rstvom materi\u00e1lu<br \/>\n7. Viacer\u00e9 doplnkov\u00e9 n\u00e1kresy pre nad\u0161encov<br \/>\n8. S vymenite\u013enou kvapkacou \u0161pi\u010dkou a vzduchov\u00fdmi trubkami kvapkacej \u0161pi\u010dky<br \/>\n9. Mrie\u017ekov\u00fd pr\u00edvod vzduchu<br \/>\n10. Pon\u00faka mimoriadne z\u00e1\u017eitky s Puls AIO V2 RBA<br \/>\n11. Nastavite\u013en\u00fd v\u00fdkon 5-80W<\/p>\n<\/div>\n<div class=\"detailmodule_text\">\n<p id=\"tl_7\" class=\"detail-desc-decorate-title\" style=\"font-family: OpenSans; font-size: 20px; font-weight: 900; line-height: 28px; margin-bottom: 12px;\">Bal\u00ed\u010dek obsahuje:<\/p>\n<p id=\"tl_8\" class=\"detail-desc-decorate-content\" style=\"font-family: OpenSans; font-size: 14px; font-weight: 300; line-height: 20px; margin-bottom: 12px;\">1 * Puls AIO V2 zariadenie<br \/>\n4 * rba vzduchov\u00e1 trubica<br \/>\n1 * N\u00e1vod na pou\u017eitie<br \/>\n1 * 510 adapt\u00e9r<br \/>\n2 * kvapkacie \u0161pi\u010dky<br \/>\nFunkcia identifik\u00e1cie rozpra\u0161ova\u010da: \u00c1no<br \/>\n1 * ta\u0161ka na pr\u00edslu\u0161enstvo<br \/>\n3 * kvapkacie \u0161pi\u010dky - vzduchov\u00e1 trubica<\/p>\n<\/div>\n<div class=\"detailmodule_image\"><img decoding=\"async\" loading=\"lazy\" class=\"detail-desc-decorate-image\" src=\"https:\/\/ae01.alicdn.com\/kf\/S8201add96de94285a267c648ea8a8e426.jpg\" \/><br \/>\n<img decoding=\"async\" loading=\"lazy\" class=\"detail-desc-decorate-image\" src=\"https:\/\/ae01.alicdn.com\/kf\/S81e806a230954e89b622a6926822f61eB.jpg\" \/><br \/>\n<img decoding=\"async\" loading=\"lazy\" class=\"detail-desc-decorate-image\" src=\"https:\/\/ae01.alicdn.com\/kf\/Sda4fb6ff18804b9e90baf24a4a3b448fC.jpg\" \/><br \/>\n<img decoding=\"async\" loading=\"lazy\" class=\"detail-desc-decorate-image\" src=\"https:\/\/ae01.alicdn.com\/kf\/S219674f6ebbf44e2877b6a5a8b9cc98fn.jpg\" \/><br \/>\n<img decoding=\"async\" loading=\"lazy\" class=\"detail-desc-decorate-image\" src=\"https:\/\/ae01.alicdn.com\/kf\/S0ea705d7290244b482d6662dc1acdc95y.jpg\" \/><br \/>\n<img decoding=\"async\" loading=\"lazy\" class=\"detail-desc-decorate-image\" src=\"https:\/\/ae01.alicdn.com\/kf\/S698a6c44c58148509892720c45fec765O.jpg\" \/><br \/>\n<img decoding=\"async\" loading=\"lazy\" class=\"detail-desc-decorate-image\" src=\"https:\/\/ae01.alicdn.com\/kf\/Sd7ecdca72e384c8bb45fd3f7c9fdd37aj.jpg\" \/><br \/>\n<img decoding=\"async\" loading=\"lazy\" class=\"detail-desc-decorate-image\" src=\"https:\/\/ae01.alicdn.com\/kf\/S45897e611ce043ed9ad65efba1844229K.jpg\" \/><br \/>\n<img decoding=\"async\" loading=\"lazy\" class=\"detail-desc-decorate-image\" src=\"https:\/\/ae01.alicdn.com\/kf\/Sfe51af21da1a4baca81a0a4beae56e1ch.jpg\" \/><br \/>\n<img decoding=\"async\" loading=\"lazy\" class=\"detail-desc-decorate-image\" src=\"https:\/\/ae01.alicdn.com\/kf\/Sfddf11c58f1744ef9f2ab821f762f84eg.jpg\" \/><\/div>\n<div class=\"detailmodule_image\"><img decoding=\"async\" loading=\"lazy\" class=\"detail-desc-decorate-image\" src=\"https:\/\/ae01.alicdn.com\/kf\/S4434bf694313490eb1e3efb0b7948fd7t.jpg\" \/><br \/>\n<img decoding=\"async\" loading=\"lazy\" class=\"detail-desc-decorate-image\" src=\"https:\/\/ae01.alicdn.com\/kf\/S20a7f1975b024b8492476c19969ce8c7q.jpg\" \/><br \/>\n<img decoding=\"async\" loading=\"lazy\" class=\"detail-desc-decorate-image\" src=\"https:\/\/ae01.alicdn.com\/kf\/S22bd010e02884c41a744c4f1920fda5ci.jpg\" \/><\/div>\n<p>&nbsp;<\/p>\n<\/div>\n<\/div>","protected":false},"excerpt":{"rendered":"<p>&nbsp; Aussehen:\u00a0Box Form Kompatibler Akku:\u00a0Kein \u00dcberwachung Funktion Von Rauchen Anzahl:\u00a0Nein Silikon Fall:\u00a0Nein Temperaturregelung:\u00a0Nein Eingebaute Oder Externe Batterie:\u00a0Eingebaute Kurzschlussschutz Funktion:\u00a0Ja \u00dcberhitzungsschutz-funktion:\u00a0Ja Niederspannungsalarmfunktion:\u00a0Ja Zerst\u00e4uber Identifikation Funktion:\u00a0Ja TCR Einstellung Modi:\u00a0Nein Nominale Kapazit\u00e4t:\u00a0Kein Material:\u00a0Metall Compatible Model:\u00a0Vape Electronic Cigarette Modellnummer:\u00a0Vandy Vape Pulse AIO V2 Kit Usb-ladeger\u00e4t:\u00a0Ja Firmware-upgrade:\u00a0Nein Display:\u00a0Ja Art:\u00a0Mit Batterie Markenname:\u00a0VANDY VAPE Ursprung:\u00a0CN (Herkunft) Original Vandy Vape Puls Aio V2 [&hellip;]<\/p>","protected":false},"featured_media":7685,"template":"","meta":{"inline_featured_image":false},"product_cat":[78,750,737,736,749,76],"product_tag":[],"tiered_pricing_type":"fixed","tiered_pricing_fixed_rules":[],"tiered_pricing_percentage_rules":[],"tiered_pricing_minimum":1,"_administrator_tiered_pricing_type":"fixed","_administrator_tiered_pricing_fixed_rules":[],"_editor_tiered_pricing_type":"fixed","_editor_tiered_pricing_fixed_rules":[],"_author_tiered_pricing_type":"fixed","_author_tiered_pricing_fixed_rules":[],"_contributor_tiered_pricing_type":"fixed","_contributor_tiered_pricing_fixed_rules":[],"_subscriber_tiered_pricing_type":"fixed","_subscriber_tiered_pricing_fixed_rules":[],"_customer_tiered_pricing_type":"fixed","_customer_tiered_pricing_fixed_rules":[],"_shop_manager_tiered_pricing_type":"fixed","_shop_manager_tiered_pricing_fixed_rules":[],"_wpseo_manager_tiered_pricing_type":"fixed","_wpseo_manager_tiered_pricing_fixed_rules":[],"_wpseo_editor_tiered_pricing_type":"fixed","_wpseo_editor_tiered_pricing_fixed_rules":[],"_wholesale_customer_tiered_pricing_type":"fixed","_wholesale_customer_tiered_pricing_fixed_rules":[],"_marketer_tiered_pricing_type":"fixed","_marketer_tiered_pricing_fixed_rules":[],"_sales_manager_tiered_pricing_type":"fixed","_sales_manager_tiered_pricing_fixed_rules":[],"_sales_rep_tiered_pricing_type":"fixed","_sales_rep_tiered_pricing_fixed_rules":[],"yoast_head":"<!-- This site is optimized with the Yoast SEO plugin v23.3 - https:\/\/yoast.com\/wordpress\/plugins\/seo\/ -->\n<title>Vandy Vape Pulse Aio V2 Kit 80W Box Mod | ElementVape.de<\/title>\n<meta name=\"description\" content=\"Wir bieten Vandy Vape Pulse Aio V2 Kit 80W Box Mod , Elementvape.de akzeptieren Gro\u00df-und Einzelhandel Bestellungen.\" \/>\n<meta name=\"robots\" content=\"index, follow, max-snippet:-1, max-image-preview:large, max-video-preview:-1\" \/>\n<link rel=\"canonical\" href=\"https:\/\/www.elementvape.de\/sk\/produkt\/vandy-vape-pulse-aio-v2-kit-80w-box-mod\/\" \/>\n<meta property=\"og:locale\" content=\"sk_SK\" \/>\n<meta property=\"og:type\" content=\"article\" \/>\n<meta property=\"og:title\" content=\"Vandy Vape Pulse Aio V2 Kit 80W Box Mod | ElementVape.de\" \/>\n<meta property=\"og:description\" content=\"Wir bieten Vandy Vape Pulse Aio V2 Kit 80W Box Mod , Elementvape.de akzeptieren Gro\u00df-und Einzelhandel Bestellungen.\" \/>\n<meta property=\"og:url\" content=\"https:\/\/www.elementvape.de\/sk\/produkt\/vandy-vape-pulse-aio-v2-kit-80w-box-mod\/\" \/>\n<meta property=\"og:site_name\" content=\"ElementVape.de\" \/>\n<meta property=\"article:modified_time\" content=\"2024-09-12T10:32:17+00:00\" \/>\n<meta property=\"og:image\" content=\"https:\/\/ae01.alicdn.com\/kf\/Aee8ed31d774946168f034a13b30fc713X\/Original-Vandy-Vape-Puls-Aio-V2-Kit-80W-Box-Mod-mit-6ml-RBA-Pod-Patrone-IP67.jpg\" \/>\n\t<meta property=\"og:image:width\" content=\"800\" \/>\n\t<meta property=\"og:image:height\" content=\"800\" \/>\n\t<meta property=\"og:image:type\" content=\"image\/jpeg\" \/>\n<meta name=\"twitter:card\" content=\"summary_large_image\" \/>\n<meta name=\"twitter:label1\" content=\"Est. reading time\" \/>\n\t<meta name=\"twitter:data1\" content=\"5 min\u00fat\" \/>\n<script type=\"application\/ld+json\" class=\"yoast-schema-graph\">{\"@context\":\"https:\/\/schema.org\",\"@graph\":[{\"@type\":\"WebPage\",\"@id\":\"https:\/\/www.elementvape.de\/ro\/produkt\/vandy-vape-pulse-aio-v2-kit-80w-box-mod\/\",\"url\":\"https:\/\/www.elementvape.de\/ro\/produkt\/vandy-vape-pulse-aio-v2-kit-80w-box-mod\/\",\"name\":\"Vandy Vape Pulse Aio V2 Kit 80W Box Mod | ElementVape.de\",\"isPartOf\":{\"@id\":\"https:\/\/www.elementvape.de\/#website\"},\"primaryImageOfPage\":{\"@id\":\"https:\/\/www.elementvape.de\/ro\/produkt\/vandy-vape-pulse-aio-v2-kit-80w-box-mod\/#primaryimage\"},\"image\":{\"@id\":\"https:\/\/www.elementvape.de\/ro\/produkt\/vandy-vape-pulse-aio-v2-kit-80w-box-mod\/#primaryimage\"},\"thumbnailUrl\":\"https:\/\/ae01.alicdn.com\/kf\/Aee8ed31d774946168f034a13b30fc713X\/Original-Vandy-Vape-Puls-Aio-V2-Kit-80W-Box-Mod-mit-6ml-RBA-Pod-Patrone-IP67.jpg\",\"datePublished\":\"2024-04-20T07:24:26+00:00\",\"dateModified\":\"2024-09-12T10:32:17+00:00\",\"description\":\"Wir bieten Vandy Vape Pulse Aio V2 Kit 80W Box Mod , Elementvape.de akzeptieren Gro\u00df-und Einzelhandel Bestellungen.\",\"breadcrumb\":{\"@id\":\"https:\/\/www.elementvape.de\/ro\/produkt\/vandy-vape-pulse-aio-v2-kit-80w-box-mod\/#breadcrumb\"},\"inLanguage\":\"sk-SK\",\"potentialAction\":[{\"@type\":\"ReadAction\",\"target\":[\"https:\/\/www.elementvape.de\/ro\/produkt\/vandy-vape-pulse-aio-v2-kit-80w-box-mod\/\"]}]},{\"@type\":\"ImageObject\",\"inLanguage\":\"sk-SK\",\"@id\":\"https:\/\/www.elementvape.de\/ro\/produkt\/vandy-vape-pulse-aio-v2-kit-80w-box-mod\/#primaryimage\",\"url\":\"https:\/\/ae01.alicdn.com\/kf\/Aee8ed31d774946168f034a13b30fc713X\/Original-Vandy-Vape-Puls-Aio-V2-Kit-80W-Box-Mod-mit-6ml-RBA-Pod-Patrone-IP67.jpg\",\"contentUrl\":\"https:\/\/ae01.alicdn.com\/kf\/Aee8ed31d774946168f034a13b30fc713X\/Original-Vandy-Vape-Puls-Aio-V2-Kit-80W-Box-Mod-mit-6ml-RBA-Pod-Patrone-IP67.jpg\",\"width\":800,\"height\":800},{\"@type\":\"BreadcrumbList\",\"@id\":\"https:\/\/www.elementvape.de\/ro\/produkt\/vandy-vape-pulse-aio-v2-kit-80w-box-mod\/#breadcrumb\",\"itemListElement\":[{\"@type\":\"ListItem\",\"position\":1,\"name\":\"Home\",\"item\":\"https:\/\/www.elementvape.de\/\"},{\"@type\":\"ListItem\",\"position\":2,\"name\":\"Shop\",\"item\":\"https:\/\/www.elementvape.de\/shop\/\"},{\"@type\":\"ListItem\",\"position\":3,\"name\":\"Vandy Vape Pulse Aio V2 Kit 80W Box Mod\"}]},{\"@type\":\"WebSite\",\"@id\":\"https:\/\/www.elementvape.de\/#website\",\"url\":\"https:\/\/www.elementvape.de\/\",\"name\":\"ElementVape.de\",\"description\":\"\",\"publisher\":{\"@id\":\"https:\/\/www.elementvape.de\/#organization\"},\"potentialAction\":[{\"@type\":\"SearchAction\",\"target\":{\"@type\":\"EntryPoint\",\"urlTemplate\":\"https:\/\/www.elementvape.de\/?s={search_term_string}\"},\"query-input\":\"required name=search_term_string\"}],\"inLanguage\":\"sk-SK\"},{\"@type\":\"Organization\",\"@id\":\"https:\/\/www.elementvape.de\/#organization\",\"name\":\"ElementVape.DE\",\"url\":\"https:\/\/www.elementvape.de\/\",\"logo\":{\"@type\":\"ImageObject\",\"inLanguage\":\"sk-SK\",\"@id\":\"https:\/\/www.elementvape.de\/#\/schema\/logo\/image\/\",\"url\":\"https:\/\/www.elementvape.de\/wp-content\/uploads\/2024\/09\/cropped-1elementvape-3.png\",\"contentUrl\":\"https:\/\/www.elementvape.de\/wp-content\/uploads\/2024\/09\/cropped-1elementvape-3.png\",\"width\":285,\"height\":228,\"caption\":\"ElementVape.DE\"},\"image\":{\"@id\":\"https:\/\/www.elementvape.de\/#\/schema\/logo\/image\/\"}}]}<\/script>\n<!-- \/ Yoast SEO plugin. -->","yoast_head_json":{"title":"Vandy Vape Pulse Aio V2 Kit 80W Box Mod | ElementVape.de","description":"Wir bieten Vandy Vape Pulse Aio V2 Kit 80W Box Mod , Elementvape.de akzeptieren Gro\u00df-und Einzelhandel Bestellungen.","robots":{"index":"index","follow":"follow","max-snippet":"max-snippet:-1","max-image-preview":"max-image-preview:large","max-video-preview":"max-video-preview:-1"},"canonical":"https:\/\/www.elementvape.de\/sk\/produkt\/vandy-vape-pulse-aio-v2-kit-80w-box-mod\/","og_locale":"sk_SK","og_type":"article","og_title":"Vandy Vape Pulse Aio V2 Kit 80W Box Mod | ElementVape.de","og_description":"Wir bieten Vandy Vape Pulse Aio V2 Kit 80W Box Mod , Elementvape.de akzeptieren Gro\u00df-und Einzelhandel Bestellungen.","og_url":"https:\/\/www.elementvape.de\/sk\/produkt\/vandy-vape-pulse-aio-v2-kit-80w-box-mod\/","og_site_name":"ElementVape.de","article_modified_time":"2024-09-12T10:32:17+00:00","og_image":[{"width":800,"height":800,"url":"https:\/\/ae01.alicdn.com\/kf\/Aee8ed31d774946168f034a13b30fc713X\/Original-Vandy-Vape-Puls-Aio-V2-Kit-80W-Box-Mod-mit-6ml-RBA-Pod-Patrone-IP67.jpg","type":"image\/jpeg"}],"twitter_card":"summary_large_image","twitter_misc":{"Est. reading time":"5 min\u00fat"},"schema":{"@context":"https:\/\/schema.org","@graph":[{"@type":"WebPage","@id":"https:\/\/www.elementvape.de\/ro\/produkt\/vandy-vape-pulse-aio-v2-kit-80w-box-mod\/","url":"https:\/\/www.elementvape.de\/ro\/produkt\/vandy-vape-pulse-aio-v2-kit-80w-box-mod\/","name":"Vandy Vape Pulse Aio V2 Kit 80W Box Mod | ElementVape.de","isPartOf":{"@id":"https:\/\/www.elementvape.de\/#website"},"primaryImageOfPage":{"@id":"https:\/\/www.elementvape.de\/ro\/produkt\/vandy-vape-pulse-aio-v2-kit-80w-box-mod\/#primaryimage"},"image":{"@id":"https:\/\/www.elementvape.de\/ro\/produkt\/vandy-vape-pulse-aio-v2-kit-80w-box-mod\/#primaryimage"},"thumbnailUrl":"https:\/\/ae01.alicdn.com\/kf\/Aee8ed31d774946168f034a13b30fc713X\/Original-Vandy-Vape-Puls-Aio-V2-Kit-80W-Box-Mod-mit-6ml-RBA-Pod-Patrone-IP67.jpg","datePublished":"2024-04-20T07:24:26+00:00","dateModified":"2024-09-12T10:32:17+00:00","description":"Wir bieten Vandy Vape Pulse Aio V2 Kit 80W Box Mod , Elementvape.de akzeptieren Gro\u00df-und Einzelhandel Bestellungen.","breadcrumb":{"@id":"https:\/\/www.elementvape.de\/ro\/produkt\/vandy-vape-pulse-aio-v2-kit-80w-box-mod\/#breadcrumb"},"inLanguage":"sk-SK","potentialAction":[{"@type":"ReadAction","target":["https:\/\/www.elementvape.de\/ro\/produkt\/vandy-vape-pulse-aio-v2-kit-80w-box-mod\/"]}]},{"@type":"ImageObject","inLanguage":"sk-SK","@id":"https:\/\/www.elementvape.de\/ro\/produkt\/vandy-vape-pulse-aio-v2-kit-80w-box-mod\/#primaryimage","url":"https:\/\/ae01.alicdn.com\/kf\/Aee8ed31d774946168f034a13b30fc713X\/Original-Vandy-Vape-Puls-Aio-V2-Kit-80W-Box-Mod-mit-6ml-RBA-Pod-Patrone-IP67.jpg","contentUrl":"https:\/\/ae01.alicdn.com\/kf\/Aee8ed31d774946168f034a13b30fc713X\/Original-Vandy-Vape-Puls-Aio-V2-Kit-80W-Box-Mod-mit-6ml-RBA-Pod-Patrone-IP67.jpg","width":800,"height":800},{"@type":"BreadcrumbList","@id":"https:\/\/www.elementvape.de\/ro\/produkt\/vandy-vape-pulse-aio-v2-kit-80w-box-mod\/#breadcrumb","itemListElement":[{"@type":"ListItem","position":1,"name":"Home","item":"https:\/\/www.elementvape.de\/"},{"@type":"ListItem","position":2,"name":"Shop","item":"https:\/\/www.elementvape.de\/shop\/"},{"@type":"ListItem","position":3,"name":"Vandy Vape Pulse Aio V2 Kit 80W Box Mod"}]},{"@type":"WebSite","@id":"https:\/\/www.elementvape.de\/#website","url":"https:\/\/www.elementvape.de\/","name":"ElementVape.de","description":"","publisher":{"@id":"https:\/\/www.elementvape.de\/#organization"},"potentialAction":[{"@type":"SearchAction","target":{"@type":"EntryPoint","urlTemplate":"https:\/\/www.elementvape.de\/?s={search_term_string}"},"query-input":"required name=search_term_string"}],"inLanguage":"sk-SK"},{"@type":"Organization","@id":"https:\/\/www.elementvape.de\/#organization","name":"ElementVape.DE","url":"https:\/\/www.elementvape.de\/","logo":{"@type":"ImageObject","inLanguage":"sk-SK","@id":"https:\/\/www.elementvape.de\/#\/schema\/logo\/image\/","url":"https:\/\/www.elementvape.de\/wp-content\/uploads\/2024\/09\/cropped-1elementvape-3.png","contentUrl":"https:\/\/www.elementvape.de\/wp-content\/uploads\/2024\/09\/cropped-1elementvape-3.png","width":285,"height":228,"caption":"ElementVape.DE"},"image":{"@id":"https:\/\/www.elementvape.de\/#\/schema\/logo\/image\/"}}]}},"_links":{"self":[{"href":"https:\/\/www.elementvape.de\/sk\/wp-json\/wp\/v2\/product\/7684"}],"collection":[{"href":"https:\/\/www.elementvape.de\/sk\/wp-json\/wp\/v2\/product"}],"about":[{"href":"https:\/\/www.elementvape.de\/sk\/wp-json\/wp\/v2\/types\/product"}],"wp:featuredmedia":[{"embeddable":true,"href":"https:\/\/www.elementvape.de\/sk\/wp-json\/wp\/v2\/media\/7685"}],"wp:attachment":[{"href":"https:\/\/www.elementvape.de\/sk\/wp-json\/wp\/v2\/media?parent=7684"}],"wp:term":[{"taxonomy":"product_cat","embeddable":true,"href":"https:\/\/www.elementvape.de\/sk\/wp-json\/wp\/v2\/product_cat?post=7684"},{"taxonomy":"product_tag","embeddable":true,"href":"https:\/\/www.elementvape.de\/sk\/wp-json\/wp\/v2\/product_tag?post=7684"}],"curies":[{"name":"wp","href":"https:\/\/api.w.org\/{rel}","templated":true}]}}