{"id":6904,"date":"2024-04-20T05:46:40","date_gmt":"2024-04-20T05:46:40","guid":{"rendered":"https:\/\/www.elementvape.de\/?post_type=product&#038;p=6904"},"modified":"2024-12-12T06:37:28","modified_gmt":"2024-12-12T06:37:28","slug":"anix-skorpion-magnetischer-einstellbare-spannung-vape-pen-kit","status":"publish","type":"product","link":"https:\/\/www.elementvape.de\/sk\/produkt\/anix-skorpion-magnetischer-einstellbare-spannung-vape-pen-kit\/","title":{"rendered":"Anix \u0160korpi\u00f3n magnetick\u00e9 nastavite\u013en\u00e9 nap\u00e4tie Vape pero sada"},"content":{"rendered":"<p>&nbsp;<\/p>\n<div class=\"product-specs-list-container\">\n<ul class=\"product-specs-list util-clearfix\">\n<li class=\"product-prop line-limit-length\"><span class=\"property-title\">Vzh\u013ead:\u00a0<\/span><span class=\"property-desc line-limit-length\">Valcovit\u00fd tvar<\/span><\/li>\n<li class=\"product-prop line-limit-length\"><span class=\"property-title\">Kompatibiln\u00e1 bat\u00e9ria:\u00a0<\/span><span class=\"property-desc line-limit-length\">18650<\/span><\/li>\n<li class=\"product-prop line-limit-length\"><span class=\"property-title\">Funkcia sledovania po\u010dtu faj\u010denia:\u00a0<\/span><span class=\"property-desc line-limit-length\">Nie<\/span><\/li>\n<li class=\"product-prop line-limit-length\"><span class=\"property-title\">Siliconov\u00fd kryt:\u00a0<\/span><span class=\"property-desc line-limit-length\">Nie<\/span><\/li>\n<li class=\"product-prop line-limit-length\"><span class=\"property-title\">Regul\u00e1cia teploty:\u00a0<\/span><span class=\"property-desc line-limit-length\">Ja<\/span><\/li>\n<li class=\"product-prop line-limit-length\"><span class=\"property-title\">Vstavan\u00e1 alebo extern\u00e1 bat\u00e9ria:\u00a0<\/span><span class=\"property-desc line-limit-length\">Vstavan\u00e1<\/span><\/li>\n<li class=\"product-prop line-limit-length\"><span class=\"property-title\">Funkcia ochrany proti skratu:\u00a0<\/span><span class=\"property-desc line-limit-length\">Ja<\/span><\/li>\n<li class=\"product-prop line-limit-length\"><span class=\"property-title\">Funkcia ochrany pred prehriat\u00edm:\u00a0<\/span><span class=\"property-desc line-limit-length\">Ja<\/span><\/li>\n<li class=\"product-prop line-limit-length\"><span class=\"property-title\">Alarm pri n\u00edzkom nap\u00e4t\u00ed:\u00a0<\/span><span class=\"property-desc line-limit-length\">Ja<\/span><\/li>\n<li class=\"product-prop line-limit-length\"><span class=\"property-title\">Identifik\u00e1cia rozpra\u0161ova\u010da Funkcia:\u00a0<\/span><span class=\"property-desc line-limit-length\">Nie<\/span><\/li>\n<li class=\"product-prop line-limit-length\"><span class=\"property-title\">Re\u017eimy nastavenia TCR:\u00a0<\/span><span class=\"property-desc line-limit-length\">Nie<\/span><\/li>\n<li class=\"product-prop line-limit-length\"><span class=\"property-title\">Menovit\u00e1 kapacita:\u00a0<\/span><span class=\"property-desc line-limit-length\">&lt;700 mAh<\/span><\/li>\n<li class=\"product-prop line-limit-length\"><span class=\"property-title\">Vn\u00fatorn\u00e1 alebo vonkaj\u0161ia bat\u00e9ria: Vonkaj\u0161ia\u00a0<\/span><span class=\"property-desc line-limit-length\">Kov<\/span><\/li>\n<li class=\"product-prop line-limit-length\"><span class=\"property-title\">Kompatibiln\u00fd model:\u00a0<\/span><span class=\"property-desc line-limit-length\">voskov\u00fd vaporiz\u00e9r<\/span><\/li>\n<li class=\"product-prop line-limit-length\"><span class=\"property-title\">\u010c\u00edslo modelu:\u00a0<\/span><span class=\"property-desc line-limit-length\">2-v-1 ANIX Scorpion Nectar Collector<\/span><\/li>\n<li class=\"product-prop line-limit-length\"><span class=\"property-title\">USB nab\u00edja\u010dka:\u00a0<\/span><span class=\"property-desc line-limit-length\">Ja<\/span><\/li>\n<li class=\"product-prop line-limit-length\"><span class=\"property-title\">Firmware aktualiz\u00e1cia:\u00a0<\/span><span class=\"property-desc line-limit-length\">Nie<\/span><\/li>\n<li class=\"product-prop line-limit-length\"><span class=\"property-title\">Displej:\u00a0<\/span><span class=\"property-desc line-limit-length\">Nie<\/span><\/li>\n<li class=\"product-prop line-limit-length\"><span class=\"property-title\">Typ:\u00a0<\/span><span class=\"property-desc line-limit-length\">S bat\u00e9riou<\/span><\/li>\n<li class=\"product-prop line-limit-length\"><span class=\"property-title\">N\u00e1zov zna\u010dky:\u00a0<\/span><span class=\"property-desc line-limit-length\">SUB TWO<\/span><\/li>\n<li class=\"product-prop line-limit-length\"><span class=\"property-title\">P\u00f4vod:\u00a0<\/span><span class=\"property-desc line-limit-length\">SK (P\u00f4vod)<\/span><\/li>\n<li class=\"product-prop line-limit-length\"><span class=\"property-title\">kapacita bat\u00e9rie:\u00a0<\/span><span class=\"property-desc line-limit-length\">650mah<\/span><\/li>\n<li class=\"product-prop line-limit-length\"><span class=\"property-title\">ve\u013ekos\u0165:\u00a0<\/span><span class=\"property-desc line-limit-length\">160*90*30mm<\/span><\/li>\n<li class=\"product-prop line-limit-length\"><span class=\"property-title\">\u0161tandard nab\u00edjania:\u00a0<\/span><span class=\"property-desc line-limit-length\">Typ-C\/5V\/1A<\/span><\/li>\n<li class=\"product-prop line-limit-length\"><span class=\"property-title\">Vn\u00fatorn\u00e1 alebo vonkaj\u0161ia bat\u00e9ria: Vonkaj\u0161ia\u00a0<\/span><span class=\"property-desc line-limit-length\">Hlin\u00edkov\u00e9 PC me\u010f<\/span><\/li>\n<li class=\"product-prop line-limit-length\"><span class=\"property-title\">Typ bat\u00e9rie:\u00a0<\/span><span class=\"property-desc line-limit-length\">Vstavan\u00e1 vysokov\u00fdkonn\u00e1 l\u00edtiov\u00e1 bat\u00e9ria 13450<\/span><\/li>\n<li class=\"product-prop line-limit-length\"><span class=\"property-title\">Ohrevn\u00fd prvok:\u00a0<\/span><span class=\"property-desc line-limit-length\">Keramika<\/span><\/li>\n<li class=\"product-prop line-limit-length\"><span class=\"property-title\">hmotnos\u0165:\u00a0<\/span><span class=\"property-desc line-limit-length\">165g<\/span><\/li>\n<\/ul>\n<\/div>\n<div class=\"detailmodule_html\">\n<h2 class=\"detail-desc-decorate-richtext\"><span id=\"tl_1\" style=\"font-size: 22px;\">2-v-1 Anix Skorpion plne magnetick\u00e9 pripojenie 650mAh bat\u00e9ria nastavite\u013en\u00e9 nap\u00e4tie Vape Pen Kit scc adapt\u00e9r<\/span><\/h2>\n<div class=\"detail-desc-decorate-richtext\">\n<div id=\"tl_2\">\n<p>&nbsp;<\/p>\n<p><span style=\"font-size: 22px;\"><br \/>\nSkorpion je prv\u00fd pokro\u010dil\u00fd elektrick\u00fd voskov\u00fd zbera\u010d na trhu, v\u0161etky pripojenia s\u00fa magnetick\u00e9, \u010do je bezprecedentn\u00e1 inov\u00e1cia, prelomia tradi\u010dn\u00e9 510 pripojenie. S touto funkciou je jednoduch\u00e9 montova\u0165, rozobera\u0165 a \u010disti\u0165.<\/span><\/p>\n<p>2-v-1 funguje ako elektrick\u00fd voskov\u00fd zbera\u010d cbd bat\u00e9ria<\/p>\n<p>Vn\u00fatorn\u00e1 l\u00edtiov\u00e1 bat\u00e9ria 650mAh<\/p>\n<p>On-Demand\/Session\/cbd re\u017eim<\/p>\n<p>Plne magnetick\u00e9 pripojenie<\/p>\n<p>V\u0161etky diely rozobrate\u013en\u00e9 a upravite\u013en\u00e9<\/p>\n<p>\u013dahk\u00e9 na \u010distenie a pren\u00e1\u0161anie<\/p>\n<p>Ergonomick\u00fd dizajn a pou\u017e\u00edvate\u013esky pr\u00edvetiv\u00e1 keramick\u00e1 r\u00farkov\u00e1 vykurovacia jednotka<\/p>\n<p>Nastavite\u013en\u00e9 nap\u00e4\u0165ov\u00e9 nastavenia (3,2 V: zelen\u00e1, 3,6 V: modr\u00e1, 4,2 V: \u010derven\u00e1)<\/p>\n<p>510 scc adapt\u00e9r (ur\u010den\u00fd pre z\u00e1vitov\u00e9 voz\u00edky)<\/p>\n<p>Materi\u00e1l: PC + hlin\u00edk + me\u010f<\/p>\n<p>Ve\u013ekos\u0165 produktu (bez balenia): 141*20mm<\/p>\n<p>Hmotnos\u0165 produktu (bez balenia): 45g<\/p>\n<p>Typ bat\u00e9rie: zabudovan\u00e1 13450 l\u00edtiov\u00e1 bat\u00e9ria s vysok\u00fdm vyb\u00edjan\u00edm<\/p>\n<p>Mod obrazovka: nie<\/p>\n<p>Kapacita bat\u00e9rie: 650mAh<\/p>\n<p>Materi\u00e1l vykurovacej komory \/ Odporov\u00e1 hodnota: 0,55-0,7 \u03a9<\/p>\n<p>Met\u00f3da vykurovania komory: keramika<\/p>\n<p>V\u00fdstupn\u00e9 nap\u00e4tie: 3,2 V\/3,6 V\/4,2 V<\/p>\n<p>Predohrev nap\u00e4tia \/ Doba: 2,0 V\/10s<\/p>\n<p>Balenie (ve\u013ekos\u0165): 160*90*30mm<\/p>\n<p>Hmotnos\u0165 (vr\u00e1tane balenia): 165g<\/p>\n<p>1 * \u0160korpi\u00f3nov\u00fd zberate\u013e vosku<\/p>\n<p>1 * Kryt bat\u00e9rie<\/p>\n<p>1*510 adapt\u00e9r scc<\/p>\n<p>1 * \u0161tetec n\u00e1stroj<\/p>\n<p>1 * Typ-C k\u00e1bel<\/p>\n<p>1 * n\u00e1vod pr\u00edru\u010dka<\/p>\n<p><img decoding=\"async\" loading=\"lazy\" src=\"https:\/\/ae01.alicdn.com\/kf\/S42b5bf9d237d4042b5a0f7d0159d608cw.jpg?width=1432&amp;height=800&amp;hash=2232\" \/><br \/>\n<img decoding=\"async\" loading=\"lazy\" src=\"https:\/\/ae01.alicdn.com\/kf\/S643af9f3604045168d4972b1855a76611.jpg?width=1432&amp;height=522&amp;hash=1954\" \/><br \/>\n<img decoding=\"async\" loading=\"lazy\" src=\"https:\/\/ae01.alicdn.com\/kf\/Sb9c5ebcc68944bd4ad3befc4e3535963Z.jpg?width=1432&amp;height=806&amp;hash=2238\" \/><br \/>\n<img decoding=\"async\" loading=\"lazy\" src=\"https:\/\/ae01.alicdn.com\/kf\/S12effa4a1439445f95ce6269b78880468.jpg?width=1432&amp;height=805&amp;hash=2237\" \/><br \/>\n<img decoding=\"async\" loading=\"lazy\" src=\"https:\/\/ae01.alicdn.com\/kf\/Seca8b03006674b26bdb20714f3206433r.jpg?width=1432&amp;height=805&amp;hash=2237\" \/><br \/>\n<img decoding=\"async\" loading=\"lazy\" src=\"https:\/\/ae01.alicdn.com\/kf\/Sb1605423f8e741d6a9acb79296f81f12P.jpg?width=1432&amp;height=805&amp;hash=2237\" \/><br \/>\n<img decoding=\"async\" loading=\"lazy\" src=\"https:\/\/ae01.alicdn.com\/kf\/S8af6c4b4c603476e9fc9892c12c80d06M.jpg?width=1432&amp;height=805&amp;hash=2237\" \/><\/p>\n<\/div>\n<p>&nbsp;<\/p>\n<\/div>\n<\/div>","protected":false},"excerpt":{"rendered":"<p>&nbsp; Aussehen:\u00a0Zylindrische Form Kompatibler Akku:\u00a018650 \u00dcberwachung Funktion Von Rauchen Anzahl:\u00a0Nein Silikon Fall:\u00a0Nein Temperaturregelung:\u00a0Ja Eingebaute Oder Externe Batterie:\u00a0Eingebaute Kurzschlussschutz Funktion:\u00a0Ja \u00dcberhitzungsschutz-funktion:\u00a0Ja Niederspannungsalarmfunktion:\u00a0Ja Zerst\u00e4uber Identifikation Funktion:\u00a0Nein TCR Einstellung Modi:\u00a0Nein Nominale Kapazit\u00e4t:\u00a0&lt;700 mAh Material:\u00a0Metall Compatible Model:\u00a0wax vaporizer Modellnummer:\u00a02-in-1 ANIX Scorpion Nectar Collector Usb-ladeger\u00e4t:\u00a0Ja Firmware-upgrade:\u00a0Nein Display:\u00a0Nein Art:\u00a0Mit Batterie Markenname:\u00a0SUB TWO Ursprung:\u00a0CN (Herkunft) battery capacity:\u00a0650mah size:\u00a0160*90*30mm charging standard:\u00a0Typle-C\/5V\/1A Material:\u00a0PC Aluminum [&hellip;]<\/p>","protected":false},"featured_media":6905,"template":"","meta":{"inline_featured_image":false},"product_cat":[752,756,739,743,76,79,81],"product_tag":[],"tiered_pricing_type":"fixed","tiered_pricing_fixed_rules":[],"tiered_pricing_percentage_rules":[],"tiered_pricing_minimum":1,"_administrator_tiered_pricing_type":"fixed","_administrator_tiered_pricing_fixed_rules":[],"_editor_tiered_pricing_type":"fixed","_editor_tiered_pricing_fixed_rules":[],"_author_tiered_pricing_type":"fixed","_author_tiered_pricing_fixed_rules":[],"_contributor_tiered_pricing_type":"fixed","_contributor_tiered_pricing_fixed_rules":[],"_subscriber_tiered_pricing_type":"fixed","_subscriber_tiered_pricing_fixed_rules":[],"_customer_tiered_pricing_type":"fixed","_customer_tiered_pricing_fixed_rules":[],"_shop_manager_tiered_pricing_type":"fixed","_shop_manager_tiered_pricing_fixed_rules":[],"_wpseo_manager_tiered_pricing_type":"fixed","_wpseo_manager_tiered_pricing_fixed_rules":[],"_wpseo_editor_tiered_pricing_type":"fixed","_wpseo_editor_tiered_pricing_fixed_rules":[],"_wholesale_customer_tiered_pricing_type":"fixed","_wholesale_customer_tiered_pricing_fixed_rules":[],"_marketer_tiered_pricing_type":"fixed","_marketer_tiered_pricing_fixed_rules":[],"_sales_manager_tiered_pricing_type":"fixed","_sales_manager_tiered_pricing_fixed_rules":[],"_sales_rep_tiered_pricing_type":"fixed","_sales_rep_tiered_pricing_fixed_rules":[],"yoast_head":"<!-- This site is optimized with the Yoast SEO plugin v23.3 - https:\/\/yoast.com\/wordpress\/plugins\/seo\/ -->\n<title>Anix Skorpion magnetischer einstellbare Spannung Vape Pen Kit | ElementVape.de<\/title>\n<meta name=\"description\" content=\"Wir bieten Anix Skorpion magnetischer einstellbare Spannung Vape Pen Kit , Elementvape.de akzeptieren Gro\u00df-und Einzelhandel Bestellungen.\" \/>\n<meta name=\"robots\" content=\"index, follow, max-snippet:-1, max-image-preview:large, max-video-preview:-1\" \/>\n<link rel=\"canonical\" href=\"https:\/\/www.elementvape.de\/sk\/produkt\/anix-skorpion-magnetischer-einstellbare-spannung-vape-pen-kit\/\" \/>\n<meta property=\"og:locale\" content=\"sk_SK\" \/>\n<meta property=\"og:type\" content=\"article\" \/>\n<meta property=\"og:title\" content=\"Anix Skorpion magnetischer einstellbare Spannung Vape Pen Kit | ElementVape.de\" \/>\n<meta property=\"og:description\" content=\"Wir bieten Anix Skorpion magnetischer einstellbare Spannung Vape Pen Kit , Elementvape.de akzeptieren Gro\u00df-und Einzelhandel Bestellungen.\" \/>\n<meta property=\"og:url\" content=\"https:\/\/www.elementvape.de\/sk\/produkt\/anix-skorpion-magnetischer-einstellbare-spannung-vape-pen-kit\/\" \/>\n<meta property=\"og:site_name\" content=\"ElementVape.de\" \/>\n<meta property=\"article:modified_time\" content=\"2024-12-12T06:37:28+00:00\" \/>\n<meta property=\"og:image\" content=\"https:\/\/ae01.alicdn.com\/kf\/S9b5f5f2cf9e34b3d96df3c089ca6ba91P\/2-in-1-Anix-Skorpion-Wachs-kollektor-voll-magnetischer-Anschluss-650mAh-Batterie-einstellbare-Spannung-Vape-Pen.jpg\" \/>\n\t<meta property=\"og:image:width\" content=\"800\" \/>\n\t<meta property=\"og:image:height\" content=\"800\" \/>\n\t<meta property=\"og:image:type\" content=\"image\/jpeg\" \/>\n<meta name=\"twitter:card\" content=\"summary_large_image\" \/>\n<meta name=\"twitter:label1\" content=\"Est. reading time\" \/>\n\t<meta name=\"twitter:data1\" content=\"4 min\u00faty\" \/>\n<script type=\"application\/ld+json\" class=\"yoast-schema-graph\">{\"@context\":\"https:\/\/schema.org\",\"@graph\":[{\"@type\":\"WebPage\",\"@id\":\"https:\/\/www.elementvape.de\/produkt\/anix-skorpion-magnetischer-einstellbare-spannung-vape-pen-kit\/\",\"url\":\"https:\/\/www.elementvape.de\/produkt\/anix-skorpion-magnetischer-einstellbare-spannung-vape-pen-kit\/\",\"name\":\"Anix Skorpion magnetischer einstellbare Spannung Vape Pen Kit | ElementVape.de\",\"isPartOf\":{\"@id\":\"https:\/\/www.elementvape.de\/#website\"},\"primaryImageOfPage\":{\"@id\":\"https:\/\/www.elementvape.de\/produkt\/anix-skorpion-magnetischer-einstellbare-spannung-vape-pen-kit\/#primaryimage\"},\"image\":{\"@id\":\"https:\/\/www.elementvape.de\/produkt\/anix-skorpion-magnetischer-einstellbare-spannung-vape-pen-kit\/#primaryimage\"},\"thumbnailUrl\":\"https:\/\/ae01.alicdn.com\/kf\/S9b5f5f2cf9e34b3d96df3c089ca6ba91P\/2-in-1-Anix-Skorpion-Wachs-kollektor-voll-magnetischer-Anschluss-650mAh-Batterie-einstellbare-Spannung-Vape-Pen.jpg\",\"datePublished\":\"2024-04-20T05:46:40+00:00\",\"dateModified\":\"2024-12-12T06:37:28+00:00\",\"description\":\"Wir bieten Anix Skorpion magnetischer einstellbare Spannung Vape Pen Kit , Elementvape.de akzeptieren Gro\u00df-und Einzelhandel Bestellungen.\",\"breadcrumb\":{\"@id\":\"https:\/\/www.elementvape.de\/produkt\/anix-skorpion-magnetischer-einstellbare-spannung-vape-pen-kit\/#breadcrumb\"},\"inLanguage\":\"sk-SK\",\"potentialAction\":[{\"@type\":\"ReadAction\",\"target\":[\"https:\/\/www.elementvape.de\/produkt\/anix-skorpion-magnetischer-einstellbare-spannung-vape-pen-kit\/\"]}]},{\"@type\":\"ImageObject\",\"inLanguage\":\"sk-SK\",\"@id\":\"https:\/\/www.elementvape.de\/produkt\/anix-skorpion-magnetischer-einstellbare-spannung-vape-pen-kit\/#primaryimage\",\"url\":\"https:\/\/ae01.alicdn.com\/kf\/S9b5f5f2cf9e34b3d96df3c089ca6ba91P\/2-in-1-Anix-Skorpion-Wachs-kollektor-voll-magnetischer-Anschluss-650mAh-Batterie-einstellbare-Spannung-Vape-Pen.jpg\",\"contentUrl\":\"https:\/\/ae01.alicdn.com\/kf\/S9b5f5f2cf9e34b3d96df3c089ca6ba91P\/2-in-1-Anix-Skorpion-Wachs-kollektor-voll-magnetischer-Anschluss-650mAh-Batterie-einstellbare-Spannung-Vape-Pen.jpg\",\"width\":800,\"height\":800},{\"@type\":\"BreadcrumbList\",\"@id\":\"https:\/\/www.elementvape.de\/produkt\/anix-skorpion-magnetischer-einstellbare-spannung-vape-pen-kit\/#breadcrumb\",\"itemListElement\":[{\"@type\":\"ListItem\",\"position\":1,\"name\":\"Home\",\"item\":\"https:\/\/www.elementvape.de\/\"},{\"@type\":\"ListItem\",\"position\":2,\"name\":\"Shop\",\"item\":\"https:\/\/www.elementvape.de\/shop\/\"},{\"@type\":\"ListItem\",\"position\":3,\"name\":\"Anix Skorpion magnetischer einstellbare Spannung Vape Pen Kit\"}]},{\"@type\":\"WebSite\",\"@id\":\"https:\/\/www.elementvape.de\/#website\",\"url\":\"https:\/\/www.elementvape.de\/\",\"name\":\"ElementVape.de\",\"description\":\"\",\"publisher\":{\"@id\":\"https:\/\/www.elementvape.de\/#organization\"},\"potentialAction\":[{\"@type\":\"SearchAction\",\"target\":{\"@type\":\"EntryPoint\",\"urlTemplate\":\"https:\/\/www.elementvape.de\/?s={search_term_string}\"},\"query-input\":\"required name=search_term_string\"}],\"inLanguage\":\"sk-SK\"},{\"@type\":\"Organization\",\"@id\":\"https:\/\/www.elementvape.de\/#organization\",\"name\":\"ElementVape.DE\",\"url\":\"https:\/\/www.elementvape.de\/\",\"logo\":{\"@type\":\"ImageObject\",\"inLanguage\":\"sk-SK\",\"@id\":\"https:\/\/www.elementvape.de\/#\/schema\/logo\/image\/\",\"url\":\"https:\/\/www.elementvape.de\/wp-content\/uploads\/2024\/09\/cropped-1elementvape-3.png\",\"contentUrl\":\"https:\/\/www.elementvape.de\/wp-content\/uploads\/2024\/09\/cropped-1elementvape-3.png\",\"width\":285,\"height\":228,\"caption\":\"ElementVape.DE\"},\"image\":{\"@id\":\"https:\/\/www.elementvape.de\/#\/schema\/logo\/image\/\"}}]}<\/script>\n<!-- \/ Yoast SEO plugin. -->","yoast_head_json":{"title":"Anix Skorpion magnetischer einstellbare Spannung Vape Pen Kit | ElementVape.de","description":"Wir bieten Anix Skorpion magnetischer einstellbare Spannung Vape Pen Kit , Elementvape.de akzeptieren Gro\u00df-und Einzelhandel Bestellungen.","robots":{"index":"index","follow":"follow","max-snippet":"max-snippet:-1","max-image-preview":"max-image-preview:large","max-video-preview":"max-video-preview:-1"},"canonical":"https:\/\/www.elementvape.de\/sk\/produkt\/anix-skorpion-magnetischer-einstellbare-spannung-vape-pen-kit\/","og_locale":"sk_SK","og_type":"article","og_title":"Anix Skorpion magnetischer einstellbare Spannung Vape Pen Kit | ElementVape.de","og_description":"Wir bieten Anix Skorpion magnetischer einstellbare Spannung Vape Pen Kit , Elementvape.de akzeptieren Gro\u00df-und Einzelhandel Bestellungen.","og_url":"https:\/\/www.elementvape.de\/sk\/produkt\/anix-skorpion-magnetischer-einstellbare-spannung-vape-pen-kit\/","og_site_name":"ElementVape.de","article_modified_time":"2024-12-12T06:37:28+00:00","og_image":[{"width":800,"height":800,"url":"https:\/\/ae01.alicdn.com\/kf\/S9b5f5f2cf9e34b3d96df3c089ca6ba91P\/2-in-1-Anix-Skorpion-Wachs-kollektor-voll-magnetischer-Anschluss-650mAh-Batterie-einstellbare-Spannung-Vape-Pen.jpg","type":"image\/jpeg"}],"twitter_card":"summary_large_image","twitter_misc":{"Est. reading time":"4 min\u00faty"},"schema":{"@context":"https:\/\/schema.org","@graph":[{"@type":"WebPage","@id":"https:\/\/www.elementvape.de\/produkt\/anix-skorpion-magnetischer-einstellbare-spannung-vape-pen-kit\/","url":"https:\/\/www.elementvape.de\/produkt\/anix-skorpion-magnetischer-einstellbare-spannung-vape-pen-kit\/","name":"Anix Skorpion magnetischer einstellbare Spannung Vape Pen Kit | ElementVape.de","isPartOf":{"@id":"https:\/\/www.elementvape.de\/#website"},"primaryImageOfPage":{"@id":"https:\/\/www.elementvape.de\/produkt\/anix-skorpion-magnetischer-einstellbare-spannung-vape-pen-kit\/#primaryimage"},"image":{"@id":"https:\/\/www.elementvape.de\/produkt\/anix-skorpion-magnetischer-einstellbare-spannung-vape-pen-kit\/#primaryimage"},"thumbnailUrl":"https:\/\/ae01.alicdn.com\/kf\/S9b5f5f2cf9e34b3d96df3c089ca6ba91P\/2-in-1-Anix-Skorpion-Wachs-kollektor-voll-magnetischer-Anschluss-650mAh-Batterie-einstellbare-Spannung-Vape-Pen.jpg","datePublished":"2024-04-20T05:46:40+00:00","dateModified":"2024-12-12T06:37:28+00:00","description":"Wir bieten Anix Skorpion magnetischer einstellbare Spannung Vape Pen Kit , Elementvape.de akzeptieren Gro\u00df-und Einzelhandel Bestellungen.","breadcrumb":{"@id":"https:\/\/www.elementvape.de\/produkt\/anix-skorpion-magnetischer-einstellbare-spannung-vape-pen-kit\/#breadcrumb"},"inLanguage":"sk-SK","potentialAction":[{"@type":"ReadAction","target":["https:\/\/www.elementvape.de\/produkt\/anix-skorpion-magnetischer-einstellbare-spannung-vape-pen-kit\/"]}]},{"@type":"ImageObject","inLanguage":"sk-SK","@id":"https:\/\/www.elementvape.de\/produkt\/anix-skorpion-magnetischer-einstellbare-spannung-vape-pen-kit\/#primaryimage","url":"https:\/\/ae01.alicdn.com\/kf\/S9b5f5f2cf9e34b3d96df3c089ca6ba91P\/2-in-1-Anix-Skorpion-Wachs-kollektor-voll-magnetischer-Anschluss-650mAh-Batterie-einstellbare-Spannung-Vape-Pen.jpg","contentUrl":"https:\/\/ae01.alicdn.com\/kf\/S9b5f5f2cf9e34b3d96df3c089ca6ba91P\/2-in-1-Anix-Skorpion-Wachs-kollektor-voll-magnetischer-Anschluss-650mAh-Batterie-einstellbare-Spannung-Vape-Pen.jpg","width":800,"height":800},{"@type":"BreadcrumbList","@id":"https:\/\/www.elementvape.de\/produkt\/anix-skorpion-magnetischer-einstellbare-spannung-vape-pen-kit\/#breadcrumb","itemListElement":[{"@type":"ListItem","position":1,"name":"Home","item":"https:\/\/www.elementvape.de\/"},{"@type":"ListItem","position":2,"name":"Shop","item":"https:\/\/www.elementvape.de\/shop\/"},{"@type":"ListItem","position":3,"name":"Anix Skorpion magnetischer einstellbare Spannung Vape Pen Kit"}]},{"@type":"WebSite","@id":"https:\/\/www.elementvape.de\/#website","url":"https:\/\/www.elementvape.de\/","name":"ElementVape.de","description":"","publisher":{"@id":"https:\/\/www.elementvape.de\/#organization"},"potentialAction":[{"@type":"SearchAction","target":{"@type":"EntryPoint","urlTemplate":"https:\/\/www.elementvape.de\/?s={search_term_string}"},"query-input":"required name=search_term_string"}],"inLanguage":"sk-SK"},{"@type":"Organization","@id":"https:\/\/www.elementvape.de\/#organization","name":"ElementVape.DE","url":"https:\/\/www.elementvape.de\/","logo":{"@type":"ImageObject","inLanguage":"sk-SK","@id":"https:\/\/www.elementvape.de\/#\/schema\/logo\/image\/","url":"https:\/\/www.elementvape.de\/wp-content\/uploads\/2024\/09\/cropped-1elementvape-3.png","contentUrl":"https:\/\/www.elementvape.de\/wp-content\/uploads\/2024\/09\/cropped-1elementvape-3.png","width":285,"height":228,"caption":"ElementVape.DE"},"image":{"@id":"https:\/\/www.elementvape.de\/#\/schema\/logo\/image\/"}}]}},"_links":{"self":[{"href":"https:\/\/www.elementvape.de\/sk\/wp-json\/wp\/v2\/product\/6904"}],"collection":[{"href":"https:\/\/www.elementvape.de\/sk\/wp-json\/wp\/v2\/product"}],"about":[{"href":"https:\/\/www.elementvape.de\/sk\/wp-json\/wp\/v2\/types\/product"}],"wp:featuredmedia":[{"embeddable":true,"href":"https:\/\/www.elementvape.de\/sk\/wp-json\/wp\/v2\/media\/6905"}],"wp:attachment":[{"href":"https:\/\/www.elementvape.de\/sk\/wp-json\/wp\/v2\/media?parent=6904"}],"wp:term":[{"taxonomy":"product_cat","embeddable":true,"href":"https:\/\/www.elementvape.de\/sk\/wp-json\/wp\/v2\/product_cat?post=6904"},{"taxonomy":"product_tag","embeddable":true,"href":"https:\/\/www.elementvape.de\/sk\/wp-json\/wp\/v2\/product_tag?post=6904"}],"curies":[{"name":"wp","href":"https:\/\/api.w.org\/{rel}","templated":true}]}}