{"id":6897,"date":"2024-04-20T05:41:28","date_gmt":"2024-04-20T05:41:28","guid":{"rendered":"https:\/\/www.elementvape.de\/?post_type=product&#038;p=6897"},"modified":"2024-12-12T06:37:29","modified_gmt":"2024-12-12T06:37:29","slug":"eleaf-ijust-d20-kit-1500mah-batterie-30w-vape-pen-elektronische-zigarette","status":"publish","type":"product","link":"https:\/\/www.elementvape.de\/sk\/produkt\/eleaf-ijust-d20-kit-1500mah-batterie-30w-vape-pen-elektronische-zigarette\/","title":{"rendered":"eleaf ijust d20 kit 1500mAh bat\u00e9ria 30W vape pero elektronick\u00e1 cigareta"},"content":{"rendered":"<p>&nbsp;<\/p>\n<div class=\"product-specs-list-container\">\n<ul class=\"product-specs-list util-clearfix\">\n<li class=\"product-prop line-limit-length\"><span class=\"property-title\">Vzh\u013ead:\u00a0<\/span><span class=\"property-desc line-limit-length\">Valcovit\u00fd tvar<\/span><\/li>\n<li class=\"product-prop line-limit-length\"><span class=\"property-title\">Funkcia sledovania po\u010dtu faj\u010denia:\u00a0<\/span><span class=\"property-desc line-limit-length\">Nie<\/span><\/li>\n<li class=\"product-prop line-limit-length\"><span class=\"property-title\">Siliconov\u00fd kryt:\u00a0<\/span><span class=\"property-desc line-limit-length\">Nie<\/span><\/li>\n<li class=\"product-prop line-limit-length\"><span class=\"property-title\">Regul\u00e1cia teploty:\u00a0<\/span><span class=\"property-desc line-limit-length\">Nie<\/span><\/li>\n<li class=\"product-prop line-limit-length\"><span class=\"property-title\">Vstavan\u00e1 alebo extern\u00e1 bat\u00e9ria:\u00a0<\/span><span class=\"property-desc line-limit-length\">Vstavan\u00e1<\/span><\/li>\n<li class=\"product-prop line-limit-length\"><span class=\"property-title\">Funkcia ochrany proti skratu:\u00a0<\/span><span class=\"property-desc line-limit-length\">Ja<\/span><\/li>\n<li class=\"product-prop line-limit-length\"><span class=\"property-title\">Funkcia ochrany pred prehriat\u00edm:\u00a0<\/span><span class=\"property-desc line-limit-length\">Ja<\/span><\/li>\n<li class=\"product-prop line-limit-length\"><span class=\"property-title\">Alarm pri n\u00edzkom nap\u00e4t\u00ed:\u00a0<\/span><span class=\"property-desc line-limit-length\">Ja<\/span><\/li>\n<li class=\"product-prop line-limit-length\"><span class=\"property-title\">Identifik\u00e1cia rozpra\u0161ova\u010da Funkcia:\u00a0<\/span><span class=\"property-desc line-limit-length\">Ja<\/span><\/li>\n<li class=\"product-prop line-limit-length\"><span class=\"property-title\">Re\u017eimy nastavenia TCR:\u00a0<\/span><span class=\"property-desc line-limit-length\">Nie<\/span><\/li>\n<li class=\"product-prop line-limit-length\"><span class=\"property-title\">Vn\u00fatorn\u00e1 alebo vonkaj\u0161ia bat\u00e9ria: Vonkaj\u0161ia\u00a0<\/span><span class=\"property-desc line-limit-length\">Kov<\/span><\/li>\n<li class=\"product-prop line-limit-length\"><span class=\"property-title\">Kompatibiln\u00fd model:\u00a0<\/span><span class=\"property-desc line-limit-length\">elektronick\u00e1 cigareta Vape<\/span><\/li>\n<li class=\"product-prop line-limit-length\"><span class=\"property-title\">\u010c\u00edslo modelu:\u00a0<\/span><span class=\"property-desc line-limit-length\">Eleaf iJust D20 Kit<\/span><\/li>\n<li class=\"product-prop line-limit-length\"><span class=\"property-title\">USB nab\u00edja\u010dka:\u00a0<\/span><span class=\"property-desc line-limit-length\">Ja<\/span><\/li>\n<li class=\"product-prop line-limit-length\"><span class=\"property-title\">Firmware aktualiz\u00e1cia:\u00a0<\/span><span class=\"property-desc line-limit-length\">Nie<\/span><\/li>\n<li class=\"product-prop line-limit-length\"><span class=\"property-title\">Displej:\u00a0<\/span><span class=\"property-desc line-limit-length\">Nie<\/span><\/li>\n<li class=\"product-prop line-limit-length\"><span class=\"property-title\">Typ:\u00a0<\/span><span class=\"property-desc line-limit-length\">Elektronick\u00fd Mod<\/span><\/li>\n<li class=\"product-prop line-limit-length\"><span class=\"property-title\">N\u00e1zov zna\u010dky:\u00a0<\/span><span class=\"property-desc line-limit-length\">Eleaf<\/span><\/li>\n<li class=\"product-prop line-limit-length\"><span class=\"property-title\">P\u00f4vod:\u00a0<\/span><span class=\"property-desc line-limit-length\">SK (P\u00f4vod)<\/span><\/li>\n<\/ul>\n<\/div>\n<div class=\"detailmodule_html\">\n<div class=\"detail-desc-decorate-richtext\">\n<div class=\"detailmodule_dynamic\"><\/div>\n<p><span style=\"font-size: 22px;\"><span id=\"tl_1\" style=\"font-size: 22px; font-family: arial, helvetica, sans-serif;\">Origin\u00e1lny eleaf ijust d20 kit 1500mAh bat\u00e9ria 30W vape pero 3ml podn\u00e1 n\u00e1dr\u017e pasuje gtl cievka \u0165ah aktivovan\u00e1 elektronick\u00e1 cigareta<\/span><\/span><\/p>\n<div><\/div>\n<p><span id=\"tl_2\" style=\"font-size: 18px; font-family: arial, helvetica, sans-serif;\">Popis:<\/span><\/p>\n<p><span id=\"tl_3\" style=\"font-size: 18px; font-family: arial, helvetica, sans-serif;\">Ijust d20 kit je poh\u00e1\u0148an\u00fd vstavanou 1500mAh bat\u00e9riou s maxim\u00e1lnym v\u00fdkonom 30W a r\u00fdchlym nab\u00edjan\u00edm cez USB-C. M\u00e1 3 re\u017eimy v\u00fdkonu (vysok\u00fd, stredn\u00fd, n\u00edzky) a re\u017eimy aktivovan\u00e9 \u0165ahom a tla\u010didlom pre va\u0161u vo\u013ebu. Ijust d20 m\u00e1 tie\u017e kapacitu 3ml e-tekutiny, jednoduch\u00fd syst\u00e9m horn\u00e9ho plnenia a prepracovan\u00fd syst\u00e9m kontroly pr\u00fadenia vzduchu. Je kompatibiln\u00fd so v\u0161etk\u00fdmi gtl cievkami eleaf, aby lep\u0161ie vyhovoval va\u0161im preferenci\u00e1m. Okrem toho je ijust d20 dostato\u010dne kompaktn\u00fd a prenosn\u00fd na nosenie kdeko\u013evek.<\/span><\/p>\n<p>&nbsp;<\/p>\n<p>&nbsp;<\/p>\n<p><span id=\"tl_4\" style=\"font-size: 18px; font-family: arial, helvetica, sans-serif;\">Parametre:<\/span><\/p>\n<p><span id=\"tl_5\" style=\"font-size: 18px; font-family: arial, helvetica, sans-serif;\">Zna\u010dka: eleaf<\/span><\/p>\n<p><span id=\"tl_6\" style=\"font-size: 18px; font-family: arial, helvetica, sans-serif;\">N\u00e1zov produktu: ijust d20 kit<\/span><\/p>\n<p><span id=\"tl_7\" style=\"font-size: 18px; font-family: arial, helvetica, sans-serif;\">Ve\u013ekos\u0165: \u03a6 20mm x 136mm<\/span><\/p>\n<p><span id=\"tl_8\" style=\"font-size: 18px; font-family: arial, helvetica, sans-serif;\">Typ bat\u00e9rie: vstavan\u00e1 1500mAh bat\u00e9ria<\/span><\/p>\n<p><span id=\"tl_9\" style=\"font-size: 18px; font-family: arial, helvetica, sans-serif;\">Nab\u00edjac\u00ed pr\u00fad: 5V\/1,5A (USB-C)<\/span><\/p>\n<p><span id=\"tl_10\" style=\"font-size: 18px; font-family: arial, helvetica, sans-serif;\">Re\u017eim prev\u00e1dzky: \u0165ah aktivovan\u00fd &amp; tla\u010didlo aktivovan\u00e9<\/span><\/p>\n<p><span id=\"tl_11\" style=\"font-size: 18px; font-family: arial, helvetica, sans-serif;\">Re\u017eim v\u00fdkonu: vysok\u00fd, stredn\u00fd, n\u00edzky<\/span><\/p>\n<p><span id=\"tl_12\" style=\"font-size: 18px; font-family: arial, helvetica, sans-serif;\">Pr\u00fadenie vzduchu: prepracovan\u00fd syst\u00e9m kontroly pr\u00fadenia vzduchu<\/span><\/p>\n<p><span id=\"tl_13\" style=\"font-size: 18px; font-family: arial, helvetica, sans-serif;\">Kapacita podn\u00e1: 3ml<\/span><\/p>\n<p><span id=\"tl_14\" style=\"font-size: 18px; font-family: arial, helvetica, sans-serif;\">Plnenie: horn\u00e9 plnenie<\/span><\/p>\n<p><span id=\"tl_15\" style=\"font-size: 18px; font-family: arial, helvetica, sans-serif;\">Vhodn\u00e9 pre: v\u0161etky gtl cievky eleaf<\/span><\/p>\n<p><span id=\"tl_16\" style=\"font-size: 18px; font-family: arial, helvetica, sans-serif;\">Farba: \u010dierna, tmavomodr\u00e1, ru\u017eov\u00e1, strieborn\u00e1<\/span><\/p>\n<p>&nbsp;<\/p>\n<p>&nbsp;<\/p>\n<p><span id=\"tl_17\" style=\"font-size: 18px; font-family: arial, helvetica, sans-serif;\">Detaily:<\/span><\/p>\n<p><span id=\"tl_18\" style=\"font-size: 18px; font-family: arial, helvetica, sans-serif;\">1. odoln\u00e1 vstavan\u00e1 1500mAh bat\u00e9ria s maxim\u00e1lnym v\u00fdkonom 30W<\/span><\/p>\n<p><span id=\"tl_19\" style=\"font-size: 18px; font-family: arial, helvetica, sans-serif;\">2. Aktivovan\u00fd mechanizmus s tla\u010didlom a aktivovan\u00fd mechanizmus<\/span><\/p>\n<p><span id=\"tl_20\" style=\"font-size: 18px; font-family: arial, helvetica, sans-serif;\">3. podporuje 3 re\u017eimy v\u00fdkonu: vysok\u00fd, stredn\u00fd, n\u00edzky<\/span><\/p>\n<p><span id=\"tl_21\" style=\"font-size: 18px; font-family: arial, helvetica, sans-serif;\">4. vybaven\u00fd rafinovan\u00fdm syst\u00e9mom kontroly pr\u00fadu vzduchu<\/span><\/p>\n<p><span id=\"tl_22\" style=\"font-size: 18px; font-family: arial, helvetica, sans-serif;\">5. kompatibiln\u00fd so v\u0161etk\u00fdmi \u017eiarovkami eleaf gtl<\/span><\/p>\n<p><span id=\"tl_23\" style=\"font-size: 18px; font-family: arial, helvetica, sans-serif;\">6. kapacita 3 ml e-tekutiny, Dia-na-nalievanie<\/span><\/p>\n<p><span id=\"tl_24\" style=\"font-size: 18px; font-family: arial, helvetica, sans-serif;\">7. kompaktn\u00fd a prenosn\u00fd, \u013eahko nosite\u013en\u00fd kdeko\u013evek<\/span><\/p>\n<p><span id=\"tl_25\" style=\"font-size: 18px; font-family: arial, helvetica, sans-serif;\">8. ochrana pred prebit\u00edm\/pred vybit\u00edm\/pred prehriat\u00edm\/pri prekro\u010den\u00ed 10s\/skratom<\/span><\/p>\n<p>&nbsp;<\/p>\n<p>&nbsp;<\/p>\n<p><span id=\"tl_26\" style=\"font-size: 18px; font-family: arial, helvetica, sans-serif;\">Bal\u00ed\u010dek od eleaf ijust d20 pod syst\u00e9mov\u00e9ho setu obsahuje:<\/span><\/p>\n<p><span id=\"tl_27\" style=\"font-size: 18px; font-family: arial, helvetica, sans-serif;\">1 * bat\u00e9ria eleaf ijust d20<\/span><\/p>\n<p><span id=\"tl_28\" style=\"font-size: 18px; font-family: arial, helvetica, sans-serif;\">1 * n\u00e1dr\u017e eleaf ijust d20 (3 ml)<\/span><\/p>\n<p><span id=\"tl_29\" style=\"font-size: 18px; font-family: arial, helvetica, sans-serif;\">1 * \u017eiarovka eleaf gtl 1.2\u03a9<\/span><\/p>\n<p><span id=\"tl_30\" style=\"font-size: 18px; font-family: arial, helvetica, sans-serif;\">1 * \u017eiarovka eleaf gtl 0.8\u03a9<\/span><\/p>\n<p><span id=\"tl_31\" style=\"font-size: 18px; font-family: arial, helvetica, sans-serif;\">1 * USB-C k\u00e1bel<\/span><\/p>\n<p><span id=\"tl_32\" style=\"font-size: 18px; font-family: arial, helvetica, sans-serif;\">2 * n\u00e1vod na obsluhu<\/span><\/p>\n<p><span id=\"tl_33\" style=\"font-size: 18px; font-family: arial, helvetica, sans-serif;\">1 * z\u00e1ru\u010dn\u00e1 karta<\/span><\/p>\n<p>&nbsp;<\/p>\n<p><img decoding=\"async\" loading=\"lazy\" src=\"https:\/\/ae01.alicdn.com\/kf\/S37b0ad13fe8240b2997700a081bb5c43A.jpg\" \/><img decoding=\"async\" loading=\"lazy\" src=\"https:\/\/ae01.alicdn.com\/kf\/Sa2d0f94d542d470a8efb1ccae173e5c8o.jpg\" \/><img decoding=\"async\" loading=\"lazy\" src=\"https:\/\/ae01.alicdn.com\/kf\/S7a47c7611d2a472b8703ca616f633c4dW.jpg\" \/><img decoding=\"async\" loading=\"lazy\" src=\"https:\/\/ae01.alicdn.com\/kf\/Sd6465c979eea4935ae1410f3c94dedf7v.jpg\" \/><img decoding=\"async\" loading=\"lazy\" src=\"https:\/\/ae01.alicdn.com\/kf\/See34cd9fb7e74fcea1731efbe9068c94L.jpg\" \/><img decoding=\"async\" loading=\"lazy\" src=\"https:\/\/ae01.alicdn.com\/kf\/Sa099289dfb22423db5b4db739c1b8d3de.jpg\" \/><img decoding=\"async\" loading=\"lazy\" src=\"https:\/\/ae01.alicdn.com\/kf\/S1ae972f8c18d4dedafd81022267aa2fdq.jpg\" \/><img decoding=\"async\" loading=\"lazy\" src=\"https:\/\/ae01.alicdn.com\/kf\/Se2db6bffcd044f2aba1d594c19c6675ev.jpg\" \/><img decoding=\"async\" loading=\"lazy\" src=\"https:\/\/ae01.alicdn.com\/kf\/S6c1f0338c35f4e428ccd07fec2741a72J.jpg\" \/><\/p>\n<\/div>\n<\/div>","protected":false},"excerpt":{"rendered":"<p>&nbsp; Aussehen:\u00a0Zylindrische Form \u00dcberwachung Funktion Von Rauchen Anzahl:\u00a0Nein Silikon Fall:\u00a0Nein Temperaturregelung:\u00a0Nein Eingebaute Oder Externe Batterie:\u00a0Eingebaute Kurzschlussschutz Funktion:\u00a0Ja \u00dcberhitzungsschutz-funktion:\u00a0Ja Niederspannungsalarmfunktion:\u00a0Ja Zerst\u00e4uber Identifikation Funktion:\u00a0Ja TCR Einstellung Modi:\u00a0Nein Material:\u00a0Metall Compatible Model:\u00a0electronic cigarette Vape Modellnummer:\u00a0Eleaf iJust D20 Kit Usb-ladeger\u00e4t:\u00a0Ja Firmware-upgrade:\u00a0Nein Display:\u00a0Nein Art:\u00a0Elektrische Mod Markenname:\u00a0Eleaf Ursprung:\u00a0CN (Herkunft) Original eleaf ijust d20 kit 1500mah batterie 30w vape pen 3ml pod patrone [&hellip;]<\/p>","protected":false},"featured_media":6898,"template":"","meta":{"inline_featured_image":false},"product_cat":[752,756,739,743,76,79,81],"product_tag":[],"tiered_pricing_type":"fixed","tiered_pricing_fixed_rules":[],"tiered_pricing_percentage_rules":[],"tiered_pricing_minimum":1,"_administrator_tiered_pricing_type":"fixed","_administrator_tiered_pricing_fixed_rules":[],"_editor_tiered_pricing_type":"fixed","_editor_tiered_pricing_fixed_rules":[],"_author_tiered_pricing_type":"fixed","_author_tiered_pricing_fixed_rules":[],"_contributor_tiered_pricing_type":"fixed","_contributor_tiered_pricing_fixed_rules":[],"_subscriber_tiered_pricing_type":"fixed","_subscriber_tiered_pricing_fixed_rules":[],"_customer_tiered_pricing_type":"fixed","_customer_tiered_pricing_fixed_rules":[],"_shop_manager_tiered_pricing_type":"fixed","_shop_manager_tiered_pricing_fixed_rules":[],"_wpseo_manager_tiered_pricing_type":"fixed","_wpseo_manager_tiered_pricing_fixed_rules":[],"_wpseo_editor_tiered_pricing_type":"fixed","_wpseo_editor_tiered_pricing_fixed_rules":[],"_wholesale_customer_tiered_pricing_type":"fixed","_wholesale_customer_tiered_pricing_fixed_rules":[],"_marketer_tiered_pricing_type":"fixed","_marketer_tiered_pricing_fixed_rules":[],"_sales_manager_tiered_pricing_type":"fixed","_sales_manager_tiered_pricing_fixed_rules":[],"_sales_rep_tiered_pricing_type":"fixed","_sales_rep_tiered_pricing_fixed_rules":[],"yoast_head":"<!-- This site is optimized with the Yoast SEO plugin v23.3 - https:\/\/yoast.com\/wordpress\/plugins\/seo\/ -->\n<title>eleaf ijust d20 kit 1500mah batterie 30w vape pen elektronische zigarette | ElementVape.de<\/title>\n<meta name=\"description\" content=\"Wir bieten eleaf ijust d20 kit 1500mah batterie 30w vape pen elektronische zigarette , Elementvape.de akzeptieren Gro\u00df-und Einzelhandel Bestellungen.\" \/>\n<meta name=\"robots\" content=\"index, follow, max-snippet:-1, max-image-preview:large, max-video-preview:-1\" \/>\n<link rel=\"canonical\" href=\"https:\/\/www.elementvape.de\/sk\/produkt\/eleaf-ijust-d20-kit-1500mah-batterie-30w-vape-pen-elektronische-zigarette\/\" \/>\n<meta property=\"og:locale\" content=\"sk_SK\" \/>\n<meta property=\"og:type\" content=\"article\" \/>\n<meta property=\"og:title\" content=\"eleaf ijust d20 kit 1500mah batterie 30w vape pen elektronische zigarette | ElementVape.de\" \/>\n<meta property=\"og:description\" content=\"Wir bieten eleaf ijust d20 kit 1500mah batterie 30w vape pen elektronische zigarette , Elementvape.de akzeptieren Gro\u00df-und Einzelhandel Bestellungen.\" \/>\n<meta property=\"og:url\" content=\"https:\/\/www.elementvape.de\/sk\/produkt\/eleaf-ijust-d20-kit-1500mah-batterie-30w-vape-pen-elektronische-zigarette\/\" \/>\n<meta property=\"og:site_name\" content=\"ElementVape.de\" \/>\n<meta property=\"article:modified_time\" content=\"2024-12-12T06:37:29+00:00\" \/>\n<meta property=\"og:image\" content=\"https:\/\/ae01.alicdn.com\/kf\/S91ca36518e364346b2b8ad81230d5e8f6\/Original-eleaf-ijust-d20-kit-1500mah-batterie-30w-vape-pen-3ml-pod-patrone-fit-gtl-spule.jpg\" \/>\n\t<meta property=\"og:image:width\" content=\"800\" \/>\n\t<meta property=\"og:image:height\" content=\"800\" \/>\n\t<meta property=\"og:image:type\" content=\"image\/jpeg\" \/>\n<meta name=\"twitter:card\" content=\"summary_large_image\" \/>\n<meta name=\"twitter:label1\" content=\"Est. reading time\" \/>\n\t<meta name=\"twitter:data1\" content=\"4 min\u00faty\" \/>\n<script type=\"application\/ld+json\" class=\"yoast-schema-graph\">{\"@context\":\"https:\/\/schema.org\",\"@graph\":[{\"@type\":\"WebPage\",\"@id\":\"https:\/\/www.elementvape.de\/produkt\/eleaf-ijust-d20-kit-1500mah-batterie-30w-vape-pen-elektronische-zigarette\/\",\"url\":\"https:\/\/www.elementvape.de\/produkt\/eleaf-ijust-d20-kit-1500mah-batterie-30w-vape-pen-elektronische-zigarette\/\",\"name\":\"eleaf ijust d20 kit 1500mah batterie 30w vape pen elektronische zigarette | ElementVape.de\",\"isPartOf\":{\"@id\":\"https:\/\/www.elementvape.de\/#website\"},\"primaryImageOfPage\":{\"@id\":\"https:\/\/www.elementvape.de\/produkt\/eleaf-ijust-d20-kit-1500mah-batterie-30w-vape-pen-elektronische-zigarette\/#primaryimage\"},\"image\":{\"@id\":\"https:\/\/www.elementvape.de\/produkt\/eleaf-ijust-d20-kit-1500mah-batterie-30w-vape-pen-elektronische-zigarette\/#primaryimage\"},\"thumbnailUrl\":\"https:\/\/ae01.alicdn.com\/kf\/S91ca36518e364346b2b8ad81230d5e8f6\/Original-eleaf-ijust-d20-kit-1500mah-batterie-30w-vape-pen-3ml-pod-patrone-fit-gtl-spule.jpg\",\"datePublished\":\"2024-04-20T05:41:28+00:00\",\"dateModified\":\"2024-12-12T06:37:29+00:00\",\"description\":\"Wir bieten eleaf ijust d20 kit 1500mah batterie 30w vape pen elektronische zigarette , Elementvape.de akzeptieren Gro\u00df-und Einzelhandel Bestellungen.\",\"breadcrumb\":{\"@id\":\"https:\/\/www.elementvape.de\/produkt\/eleaf-ijust-d20-kit-1500mah-batterie-30w-vape-pen-elektronische-zigarette\/#breadcrumb\"},\"inLanguage\":\"sk-SK\",\"potentialAction\":[{\"@type\":\"ReadAction\",\"target\":[\"https:\/\/www.elementvape.de\/produkt\/eleaf-ijust-d20-kit-1500mah-batterie-30w-vape-pen-elektronische-zigarette\/\"]}]},{\"@type\":\"ImageObject\",\"inLanguage\":\"sk-SK\",\"@id\":\"https:\/\/www.elementvape.de\/produkt\/eleaf-ijust-d20-kit-1500mah-batterie-30w-vape-pen-elektronische-zigarette\/#primaryimage\",\"url\":\"https:\/\/ae01.alicdn.com\/kf\/S91ca36518e364346b2b8ad81230d5e8f6\/Original-eleaf-ijust-d20-kit-1500mah-batterie-30w-vape-pen-3ml-pod-patrone-fit-gtl-spule.jpg\",\"contentUrl\":\"https:\/\/ae01.alicdn.com\/kf\/S91ca36518e364346b2b8ad81230d5e8f6\/Original-eleaf-ijust-d20-kit-1500mah-batterie-30w-vape-pen-3ml-pod-patrone-fit-gtl-spule.jpg\",\"width\":800,\"height\":800},{\"@type\":\"BreadcrumbList\",\"@id\":\"https:\/\/www.elementvape.de\/produkt\/eleaf-ijust-d20-kit-1500mah-batterie-30w-vape-pen-elektronische-zigarette\/#breadcrumb\",\"itemListElement\":[{\"@type\":\"ListItem\",\"position\":1,\"name\":\"Home\",\"item\":\"https:\/\/www.elementvape.de\/\"},{\"@type\":\"ListItem\",\"position\":2,\"name\":\"Shop\",\"item\":\"https:\/\/www.elementvape.de\/shop\/\"},{\"@type\":\"ListItem\",\"position\":3,\"name\":\"eleaf ijust d20 kit 1500mah batterie 30w vape pen elektronische zigarette\"}]},{\"@type\":\"WebSite\",\"@id\":\"https:\/\/www.elementvape.de\/#website\",\"url\":\"https:\/\/www.elementvape.de\/\",\"name\":\"ElementVape.de\",\"description\":\"\",\"publisher\":{\"@id\":\"https:\/\/www.elementvape.de\/#organization\"},\"potentialAction\":[{\"@type\":\"SearchAction\",\"target\":{\"@type\":\"EntryPoint\",\"urlTemplate\":\"https:\/\/www.elementvape.de\/?s={search_term_string}\"},\"query-input\":\"required name=search_term_string\"}],\"inLanguage\":\"sk-SK\"},{\"@type\":\"Organization\",\"@id\":\"https:\/\/www.elementvape.de\/#organization\",\"name\":\"ElementVape.DE\",\"url\":\"https:\/\/www.elementvape.de\/\",\"logo\":{\"@type\":\"ImageObject\",\"inLanguage\":\"sk-SK\",\"@id\":\"https:\/\/www.elementvape.de\/#\/schema\/logo\/image\/\",\"url\":\"https:\/\/www.elementvape.de\/wp-content\/uploads\/2024\/09\/cropped-1elementvape-3.png\",\"contentUrl\":\"https:\/\/www.elementvape.de\/wp-content\/uploads\/2024\/09\/cropped-1elementvape-3.png\",\"width\":285,\"height\":228,\"caption\":\"ElementVape.DE\"},\"image\":{\"@id\":\"https:\/\/www.elementvape.de\/#\/schema\/logo\/image\/\"}}]}<\/script>\n<!-- \/ Yoast SEO plugin. -->","yoast_head_json":{"title":"eleaf ijust d20 kit 1500mah batterie 30w vape pen elektronische zigarette | ElementVape.de","description":"Wir bieten eleaf ijust d20 kit 1500mah batterie 30w vape pen elektronische zigarette , Elementvape.de akzeptieren Gro\u00df-und Einzelhandel Bestellungen.","robots":{"index":"index","follow":"follow","max-snippet":"max-snippet:-1","max-image-preview":"max-image-preview:large","max-video-preview":"max-video-preview:-1"},"canonical":"https:\/\/www.elementvape.de\/sk\/produkt\/eleaf-ijust-d20-kit-1500mah-batterie-30w-vape-pen-elektronische-zigarette\/","og_locale":"sk_SK","og_type":"article","og_title":"eleaf ijust d20 kit 1500mah batterie 30w vape pen elektronische zigarette | ElementVape.de","og_description":"Wir bieten eleaf ijust d20 kit 1500mah batterie 30w vape pen elektronische zigarette , Elementvape.de akzeptieren Gro\u00df-und Einzelhandel Bestellungen.","og_url":"https:\/\/www.elementvape.de\/sk\/produkt\/eleaf-ijust-d20-kit-1500mah-batterie-30w-vape-pen-elektronische-zigarette\/","og_site_name":"ElementVape.de","article_modified_time":"2024-12-12T06:37:29+00:00","og_image":[{"width":800,"height":800,"url":"https:\/\/ae01.alicdn.com\/kf\/S91ca36518e364346b2b8ad81230d5e8f6\/Original-eleaf-ijust-d20-kit-1500mah-batterie-30w-vape-pen-3ml-pod-patrone-fit-gtl-spule.jpg","type":"image\/jpeg"}],"twitter_card":"summary_large_image","twitter_misc":{"Est. reading time":"4 min\u00faty"},"schema":{"@context":"https:\/\/schema.org","@graph":[{"@type":"WebPage","@id":"https:\/\/www.elementvape.de\/produkt\/eleaf-ijust-d20-kit-1500mah-batterie-30w-vape-pen-elektronische-zigarette\/","url":"https:\/\/www.elementvape.de\/produkt\/eleaf-ijust-d20-kit-1500mah-batterie-30w-vape-pen-elektronische-zigarette\/","name":"eleaf ijust d20 kit 1500mah batterie 30w vape pen elektronische zigarette | ElementVape.de","isPartOf":{"@id":"https:\/\/www.elementvape.de\/#website"},"primaryImageOfPage":{"@id":"https:\/\/www.elementvape.de\/produkt\/eleaf-ijust-d20-kit-1500mah-batterie-30w-vape-pen-elektronische-zigarette\/#primaryimage"},"image":{"@id":"https:\/\/www.elementvape.de\/produkt\/eleaf-ijust-d20-kit-1500mah-batterie-30w-vape-pen-elektronische-zigarette\/#primaryimage"},"thumbnailUrl":"https:\/\/ae01.alicdn.com\/kf\/S91ca36518e364346b2b8ad81230d5e8f6\/Original-eleaf-ijust-d20-kit-1500mah-batterie-30w-vape-pen-3ml-pod-patrone-fit-gtl-spule.jpg","datePublished":"2024-04-20T05:41:28+00:00","dateModified":"2024-12-12T06:37:29+00:00","description":"Wir bieten eleaf ijust d20 kit 1500mah batterie 30w vape pen elektronische zigarette , Elementvape.de akzeptieren Gro\u00df-und Einzelhandel Bestellungen.","breadcrumb":{"@id":"https:\/\/www.elementvape.de\/produkt\/eleaf-ijust-d20-kit-1500mah-batterie-30w-vape-pen-elektronische-zigarette\/#breadcrumb"},"inLanguage":"sk-SK","potentialAction":[{"@type":"ReadAction","target":["https:\/\/www.elementvape.de\/produkt\/eleaf-ijust-d20-kit-1500mah-batterie-30w-vape-pen-elektronische-zigarette\/"]}]},{"@type":"ImageObject","inLanguage":"sk-SK","@id":"https:\/\/www.elementvape.de\/produkt\/eleaf-ijust-d20-kit-1500mah-batterie-30w-vape-pen-elektronische-zigarette\/#primaryimage","url":"https:\/\/ae01.alicdn.com\/kf\/S91ca36518e364346b2b8ad81230d5e8f6\/Original-eleaf-ijust-d20-kit-1500mah-batterie-30w-vape-pen-3ml-pod-patrone-fit-gtl-spule.jpg","contentUrl":"https:\/\/ae01.alicdn.com\/kf\/S91ca36518e364346b2b8ad81230d5e8f6\/Original-eleaf-ijust-d20-kit-1500mah-batterie-30w-vape-pen-3ml-pod-patrone-fit-gtl-spule.jpg","width":800,"height":800},{"@type":"BreadcrumbList","@id":"https:\/\/www.elementvape.de\/produkt\/eleaf-ijust-d20-kit-1500mah-batterie-30w-vape-pen-elektronische-zigarette\/#breadcrumb","itemListElement":[{"@type":"ListItem","position":1,"name":"Home","item":"https:\/\/www.elementvape.de\/"},{"@type":"ListItem","position":2,"name":"Shop","item":"https:\/\/www.elementvape.de\/shop\/"},{"@type":"ListItem","position":3,"name":"eleaf ijust d20 kit 1500mah batterie 30w vape pen elektronische zigarette"}]},{"@type":"WebSite","@id":"https:\/\/www.elementvape.de\/#website","url":"https:\/\/www.elementvape.de\/","name":"ElementVape.de","description":"","publisher":{"@id":"https:\/\/www.elementvape.de\/#organization"},"potentialAction":[{"@type":"SearchAction","target":{"@type":"EntryPoint","urlTemplate":"https:\/\/www.elementvape.de\/?s={search_term_string}"},"query-input":"required name=search_term_string"}],"inLanguage":"sk-SK"},{"@type":"Organization","@id":"https:\/\/www.elementvape.de\/#organization","name":"ElementVape.DE","url":"https:\/\/www.elementvape.de\/","logo":{"@type":"ImageObject","inLanguage":"sk-SK","@id":"https:\/\/www.elementvape.de\/#\/schema\/logo\/image\/","url":"https:\/\/www.elementvape.de\/wp-content\/uploads\/2024\/09\/cropped-1elementvape-3.png","contentUrl":"https:\/\/www.elementvape.de\/wp-content\/uploads\/2024\/09\/cropped-1elementvape-3.png","width":285,"height":228,"caption":"ElementVape.DE"},"image":{"@id":"https:\/\/www.elementvape.de\/#\/schema\/logo\/image\/"}}]}},"_links":{"self":[{"href":"https:\/\/www.elementvape.de\/sk\/wp-json\/wp\/v2\/product\/6897"}],"collection":[{"href":"https:\/\/www.elementvape.de\/sk\/wp-json\/wp\/v2\/product"}],"about":[{"href":"https:\/\/www.elementvape.de\/sk\/wp-json\/wp\/v2\/types\/product"}],"wp:featuredmedia":[{"embeddable":true,"href":"https:\/\/www.elementvape.de\/sk\/wp-json\/wp\/v2\/media\/6898"}],"wp:attachment":[{"href":"https:\/\/www.elementvape.de\/sk\/wp-json\/wp\/v2\/media?parent=6897"}],"wp:term":[{"taxonomy":"product_cat","embeddable":true,"href":"https:\/\/www.elementvape.de\/sk\/wp-json\/wp\/v2\/product_cat?post=6897"},{"taxonomy":"product_tag","embeddable":true,"href":"https:\/\/www.elementvape.de\/sk\/wp-json\/wp\/v2\/product_tag?post=6897"}],"curies":[{"name":"wp","href":"https:\/\/api.w.org\/{rel}","templated":true}]}}