{"id":16287,"date":"2025-04-17T09:27:07","date_gmt":"2025-04-17T09:27:07","guid":{"rendered":"https:\/\/www.elementvape.de\/?post_type=product&#038;p=16287"},"modified":"2026-01-23T06:41:51","modified_gmt":"2026-01-23T06:41:51","slug":"bang-tornado-40000-strawberry-watermelon-suess-saftige-mischung-aus-erdbeere-wassermelone","status":"publish","type":"product","link":"https:\/\/www.elementvape.de\/sk\/produkt\/bang-tornado-40000-strawberry-watermelon-suess-saftige-mischung-aus-erdbeere-wassermelone\/","title":{"rendered":"Bang Tornado 40000 Strawberry Watermelon Sladko-\u0161\u0165avnat\u00e1 zmes jahody a vodn\u00e9ho mel\u00f3nu"},"content":{"rendered":"<h2 data-start=\"81\" data-end=\"172\">Bang Tornado 40000 Strawberry Watermelon \u2013 Ovocn\u00fd p\u00f4\u017eitok stret\u00e1va modern\u00fa technol\u00f3giu<\/h2>\n<p class=\"\" data-start=\"174\" data-end=\"704\">S Bang Tornado 40000 Strawberry Watermelon \u0165a \u010dak\u00e1 neporovnate\u013en\u00fd z\u00e1\u017eitok z vapovania, ktor\u00fd dostane milovn\u00edkov ovocia do siedmeho neba. Harm\u00f3nia sladkej jahody a \u0161\u0165avnatej vodnej mel\u00f3nu pon\u00faka pln\u00fd, osvie\u017euj\u00faci chu\u0165ov\u00fd z\u00e1\u017eitok \u2013 ide\u00e1lne na hor\u00face letn\u00e9 dni alebo jednoducho vtedy, ke\u010f si chce\u0161 dopria\u0165 ovocn\u00fa prest\u00e1vku. No tento model boduje nielen svojou chu\u0165ou, ale aj p\u00f4sobiv\u00fdmi technick\u00fdmi vlastnos\u0165ami a jedine\u010dn\u00fdm dizajnom.<\/p>\n<h3 class=\"\" data-start=\"711\" data-end=\"748\">Chu\u0165, ktor\u00e1 nadchne<\/h3>\n<p class=\"\" data-start=\"750\" data-end=\"1188\">Kombin\u00e1cia zrel\u00e9 jahody a \u010derstvej vodnej mel\u00f3nu patr\u00ed medzi najob\u013e\u00fabenej\u0161ie ar\u00f3my vo svete vapovania \u2013 a to z dobr\u00e9ho d\u00f4vodu. Sladk\u00e1 intenzita jahody sa stret\u00e1va s \u013eahkou chladivos\u0165ou a \u0161\u0165avnatou ar\u00f3mou vodnej mel\u00f3nu a vytv\u00e1ra dokonale vyv\u00e1\u017een\u00fd chu\u0165ov\u00fd profil, ktor\u00fd presved\u010d\u00ed pri ka\u017edom \u0165ahu. \u010ci u\u017e m\u00e1\u0161 rad\u0161ej sladk\u00e9 alebo svie\u017ee t\u00f3ny \u2013 tento chu\u0165ov\u00fd z\u00e1\u017eitok \u0165a nesklame.<\/p>\n<h3 class=\"\" data-start=\"1195\" data-end=\"1255\">A\u017e 40 000 \u0165ahov \u2013 pre dlhodob\u00fd p\u00f4\u017eitok z parenia<\/h3>\n<p class=\"\" data-start=\"1257\" data-end=\"1605\">Jedn\u00fdm z hlavn\u00fdch prednost\u00ed Bang Tornado 40000 je bezpochyby jeho extr\u00e9mne vysok\u00fd po\u010det \u0165ahov. S a\u017e 40 000 \u0165ahmi je tento model ide\u00e1lny pre vap\u00e9rov, ktor\u00ed klad\u00fa d\u00f4raz na dlh\u00fa \u017eivotnos\u0165 a kon\u0161tantn\u00fd v\u00fdkon. Ve\u013ekorys\u00e1 n\u00e1dr\u017e na 40 ml e-liquidu \u0165a neust\u00e1le z\u00e1sobuje chutnou ar\u00f3mou jahody s vodnou mel\u00f3nom \u2013 bez neust\u00e1leho dop\u013a\u0148ania.<\/p>\n<h3 class=\"\" data-start=\"1612\" data-end=\"1662\">Najmodernej\u0161ia technol\u00f3gia pre pr\u00e9miov\u00fd z\u00e1\u017eitok<\/h3>\n<p class=\"\" data-start=\"1664\" data-end=\"1935\">V\u010faka technol\u00f3gii Triple Mesh Coil pon\u00faka Bang Tornado 40000 hustej\u0161\u00ed, rovnomern\u00fd par a intenz\u00edvnej\u0161ie rozv\u00edjanie chuti. Tri ohrevn\u00e9 cievky zabezpe\u010duj\u00fa e\u0161te efekt\u00edvnej\u0161ie odparovanie tekutiny a mimoriadne jemn\u00fd inhal\u00e1cia z\u00e1\u017eitok.<\/p>\n<p class=\"\" data-start=\"1937\" data-end=\"2259\">Integrovan\u00e1 bat\u00e9ria s kapacitou 850mAh spo\u013eahlivo dod\u00e1va energiu na cel\u00fd de\u0148 a v\u010faka konektoru Type-C sa d\u00e1 pohodlne a r\u00fdchlo nabi\u0165. Nastavite\u013en\u00e9 ovl\u00e1danie v\u00fdkonu ti umo\u017e\u0148uje individu\u00e1lne prisp\u00f4sobi\u0165 par pod\u013ea tvojich preferenci\u00ed \u2013 pre osobn\u00fd z\u00e1\u017eitok pri ka\u017edom \u0165ahu.<\/p>\n<h3 class=\"\" data-start=\"2266\" data-end=\"2317\">Jedine\u010dn\u00fd dizajn \u2013 kompaktn\u00fd a \u0161t\u00fdlov\u00fd<\/h3>\n<p class=\"\" data-start=\"2319\" data-end=\"2643\">Vizu\u00e1lne nastavuje \u0161tandardy aj Bang Tornado 40000. V\u00fdrazn\u00fd mini-olivov\u00fd dizajn dod\u00e1va zariadeniu chladn\u00fd, nezamenite\u013en\u00fd vzh\u013ead, ktor\u00fd sa odli\u0161uje od be\u017en\u00fdch e-cigariet. Kompaktn\u00fd, praktick\u00fd a \u0161t\u00fdlov\u00fd \u2013 tento model sa zmest\u00ed do ka\u017edej ta\u0161ky a dobre vyzer\u00e1 na cest\u00e1ch aj doma.<\/p>\n<h3 class=\"\" data-start=\"2650\" data-end=\"2734\">Bang Tornado 40000 Strawberry Watermelon \u2013 Ovocie stret\u00e1va v\u00fdkon<\/h3>\n<p class=\"\" data-start=\"2736\" data-end=\"3028\">Bang Tornado 40000 Strawberry Watermelon je viac ne\u017e len jednorazov\u00e1 e-cigareta \u2013 je to vyhl\u00e1senie. So svojou sladko-ovocnou ar\u00f3mou, mimoriadne vysok\u00fdm po\u010dtom \u0165ahov, najmodernej\u0161ou technol\u00f3giou a v\u00fdrazn\u00fdm dizajnom pon\u00faka tento model v\u0161etko, \u010do srdce vapera t\u00fa\u017ei.<\/p>\n<p class=\"\" data-start=\"3030\" data-end=\"3357\">\u010ci si sk\u00fasen\u00fd vap\u00e9r alebo za\u010diato\u010dn\u00edk \u2013 toto zariadenie presved\u010d\u00ed na celej \u010diare. Vychutnaj si ka\u017ed\u00fd \u0165ah s dokonalou zmesou jahody a vodnej mel\u00f3nu, za\u017ei intenz\u00edvnu ar\u00f3mu, jemn\u00e9 oblaky pary a zariadenie, ktor\u00e9 boduje kvalitou a \u0161t\u00fdlom. Takto chut\u00ed bud\u00facnos\u0165 vapovania \u2013 s Bang Tornado 40000.<\/p>","protected":false},"excerpt":{"rendered":"<p>Bang Tornado 40000 Strawberry Watermelon \u2013 Fruchtiger Genuss trifft auf moderne Technik Mit dem Bang Tornado 40000 Strawberry Watermelon erwartet dich ein unvergleichliches Dampferlebnis, das Fruchtliebhaber in den siebten Himmel versetzt. Die harmonische Verbindung von s\u00fc\u00dfer Erdbeere und saftiger Wassermelone bietet einen vollmundigen, erfrischenden Geschmack \u2013 perfekt f\u00fcr hei\u00dfe Sommertage oder einfach dann, wenn du [&hellip;]<\/p>","protected":false},"featured_media":16265,"template":"","meta":{"inline_featured_image":false},"product_cat":[78],"product_tag":[777],"tiered_pricing_type":"fixed","tiered_pricing_fixed_rules":[],"tiered_pricing_percentage_rules":[],"tiered_pricing_minimum":1,"_administrator_tiered_pricing_type":"fixed","_administrator_tiered_pricing_fixed_rules":[],"_editor_tiered_pricing_type":"fixed","_editor_tiered_pricing_fixed_rules":[],"_author_tiered_pricing_type":"fixed","_author_tiered_pricing_fixed_rules":[],"_contributor_tiered_pricing_type":"fixed","_contributor_tiered_pricing_fixed_rules":[],"_subscriber_tiered_pricing_type":"fixed","_subscriber_tiered_pricing_fixed_rules":[],"_customer_tiered_pricing_type":"fixed","_customer_tiered_pricing_fixed_rules":[],"_shop_manager_tiered_pricing_type":"fixed","_shop_manager_tiered_pricing_fixed_rules":[],"_wpseo_manager_tiered_pricing_type":"fixed","_wpseo_manager_tiered_pricing_fixed_rules":[],"_wpseo_editor_tiered_pricing_type":"fixed","_wpseo_editor_tiered_pricing_fixed_rules":[],"_wholesale_customer_tiered_pricing_type":"fixed","_wholesale_customer_tiered_pricing_fixed_rules":[],"_marketer_tiered_pricing_type":"fixed","_marketer_tiered_pricing_fixed_rules":[],"_sales_manager_tiered_pricing_type":"fixed","_sales_manager_tiered_pricing_fixed_rules":[],"_sales_rep_tiered_pricing_type":"fixed","_sales_rep_tiered_pricing_fixed_rules":[],"yoast_head":"<!-- This site is optimized with the Yoast SEO plugin v23.3 - https:\/\/yoast.com\/wordpress\/plugins\/seo\/ -->\n<title>Bang Tornado 40000 Strawberry Watermelon S\u00fc\u00df-saftige Mischung aus Erdbeere Wassermelone | ElementVape.de<\/title>\n<meta name=\"description\" content=\"Erlebe mit dem Bang Tornado 40000 Strawberry Watermelon den intensiven Geschmack von Erdbeere &amp; Wassermelone \u2013 fruchtig, frisch, unvergesslich\" \/>\n<meta name=\"robots\" content=\"index, follow, max-snippet:-1, max-image-preview:large, max-video-preview:-1\" \/>\n<link rel=\"canonical\" href=\"https:\/\/www.elementvape.de\/sk\/produkt\/bang-tornado-40000-strawberry-watermelon-suess-saftige-mischung-aus-erdbeere-wassermelone\/\" \/>\n<meta property=\"og:locale\" content=\"sk_SK\" \/>\n<meta property=\"og:type\" content=\"article\" \/>\n<meta property=\"og:title\" content=\"Bang Tornado 40000 Strawberry Watermelon S\u00fc\u00df-saftige Mischung aus Erdbeere Wassermelone | ElementVape.de\" \/>\n<meta property=\"og:description\" content=\"Erlebe mit dem Bang Tornado 40000 Strawberry Watermelon den intensiven Geschmack von Erdbeere &amp; Wassermelone \u2013 fruchtig, frisch, unvergesslich\" \/>\n<meta property=\"og:url\" content=\"https:\/\/www.elementvape.de\/sk\/produkt\/bang-tornado-40000-strawberry-watermelon-suess-saftige-mischung-aus-erdbeere-wassermelone\/\" \/>\n<meta property=\"og:site_name\" content=\"ElementVape.de\" \/>\n<meta property=\"article:modified_time\" content=\"2026-01-23T06:41:51+00:00\" \/>\n<meta property=\"og:image\" content=\"https:\/\/www.elementvape.de\/wp-content\/uploads\/2025\/04\/40k-strawberry-watermelon.png\" \/>\n\t<meta property=\"og:image:width\" content=\"600\" \/>\n\t<meta property=\"og:image:height\" content=\"562\" \/>\n\t<meta property=\"og:image:type\" content=\"image\/png\" \/>\n<meta name=\"twitter:card\" content=\"summary_large_image\" \/>\n<meta name=\"twitter:label1\" content=\"Est. reading time\" \/>\n\t<meta name=\"twitter:data1\" content=\"3 min\u00faty\" \/>\n<script type=\"application\/ld+json\" class=\"yoast-schema-graph\">{\"@context\":\"https:\/\/schema.org\",\"@graph\":[{\"@type\":\"WebPage\",\"@id\":\"https:\/\/www.elementvape.de\/produkt\/bang-tornado-40000-strawberry-watermelon-suess-saftige-mischung-aus-erdbeere-wassermelone\/\",\"url\":\"https:\/\/www.elementvape.de\/produkt\/bang-tornado-40000-strawberry-watermelon-suess-saftige-mischung-aus-erdbeere-wassermelone\/\",\"name\":\"Bang Tornado 40000 Strawberry Watermelon S\u00fc\u00df-saftige Mischung aus Erdbeere Wassermelone | ElementVape.de\",\"isPartOf\":{\"@id\":\"https:\/\/www.elementvape.de\/#website\"},\"primaryImageOfPage\":{\"@id\":\"https:\/\/www.elementvape.de\/produkt\/bang-tornado-40000-strawberry-watermelon-suess-saftige-mischung-aus-erdbeere-wassermelone\/#primaryimage\"},\"image\":{\"@id\":\"https:\/\/www.elementvape.de\/produkt\/bang-tornado-40000-strawberry-watermelon-suess-saftige-mischung-aus-erdbeere-wassermelone\/#primaryimage\"},\"thumbnailUrl\":\"https:\/\/www.elementvape.de\/wp-content\/uploads\/2025\/04\/40k-strawberry-watermelon.png\",\"datePublished\":\"2025-04-17T09:27:07+00:00\",\"dateModified\":\"2026-01-23T06:41:51+00:00\",\"description\":\"Erlebe mit dem Bang Tornado 40000 Strawberry Watermelon den intensiven Geschmack von Erdbeere & Wassermelone \u2013 fruchtig, frisch, unvergesslich\",\"breadcrumb\":{\"@id\":\"https:\/\/www.elementvape.de\/produkt\/bang-tornado-40000-strawberry-watermelon-suess-saftige-mischung-aus-erdbeere-wassermelone\/#breadcrumb\"},\"inLanguage\":\"sk-SK\",\"potentialAction\":[{\"@type\":\"ReadAction\",\"target\":[\"https:\/\/www.elementvape.de\/produkt\/bang-tornado-40000-strawberry-watermelon-suess-saftige-mischung-aus-erdbeere-wassermelone\/\"]}]},{\"@type\":\"ImageObject\",\"inLanguage\":\"sk-SK\",\"@id\":\"https:\/\/www.elementvape.de\/produkt\/bang-tornado-40000-strawberry-watermelon-suess-saftige-mischung-aus-erdbeere-wassermelone\/#primaryimage\",\"url\":\"https:\/\/www.elementvape.de\/wp-content\/uploads\/2025\/04\/40k-strawberry-watermelon.png\",\"contentUrl\":\"https:\/\/www.elementvape.de\/wp-content\/uploads\/2025\/04\/40k-strawberry-watermelon.png\",\"width\":600,\"height\":562},{\"@type\":\"BreadcrumbList\",\"@id\":\"https:\/\/www.elementvape.de\/produkt\/bang-tornado-40000-strawberry-watermelon-suess-saftige-mischung-aus-erdbeere-wassermelone\/#breadcrumb\",\"itemListElement\":[{\"@type\":\"ListItem\",\"position\":1,\"name\":\"Home\",\"item\":\"https:\/\/www.elementvape.de\/\"},{\"@type\":\"ListItem\",\"position\":2,\"name\":\"Shop\",\"item\":\"https:\/\/www.elementvape.de\/shop\/\"},{\"@type\":\"ListItem\",\"position\":3,\"name\":\"Bang Tornado 40000 Strawberry Watermelon S\u00fc\u00df-saftige Mischung aus Erdbeere Wassermelone\"}]},{\"@type\":\"WebSite\",\"@id\":\"https:\/\/www.elementvape.de\/#website\",\"url\":\"https:\/\/www.elementvape.de\/\",\"name\":\"ElementVape.de\",\"description\":\"\",\"publisher\":{\"@id\":\"https:\/\/www.elementvape.de\/#organization\"},\"potentialAction\":[{\"@type\":\"SearchAction\",\"target\":{\"@type\":\"EntryPoint\",\"urlTemplate\":\"https:\/\/www.elementvape.de\/?s={search_term_string}\"},\"query-input\":\"required name=search_term_string\"}],\"inLanguage\":\"sk-SK\"},{\"@type\":\"Organization\",\"@id\":\"https:\/\/www.elementvape.de\/#organization\",\"name\":\"ElementVape.DE\",\"url\":\"https:\/\/www.elementvape.de\/\",\"logo\":{\"@type\":\"ImageObject\",\"inLanguage\":\"sk-SK\",\"@id\":\"https:\/\/www.elementvape.de\/#\/schema\/logo\/image\/\",\"url\":\"https:\/\/www.elementvape.de\/wp-content\/uploads\/2024\/09\/cropped-1elementvape-3.png\",\"contentUrl\":\"https:\/\/www.elementvape.de\/wp-content\/uploads\/2024\/09\/cropped-1elementvape-3.png\",\"width\":285,\"height\":228,\"caption\":\"ElementVape.DE\"},\"image\":{\"@id\":\"https:\/\/www.elementvape.de\/#\/schema\/logo\/image\/\"}}]}<\/script>\n<!-- \/ Yoast SEO plugin. -->","yoast_head_json":{"title":"Bang Tornado 40000 Strawberry Watermelon S\u00fc\u00df-saftige Mischung aus Erdbeere Wassermelone | ElementVape.de","description":"Erlebe mit dem Bang Tornado 40000 Strawberry Watermelon den intensiven Geschmack von Erdbeere & Wassermelone \u2013 fruchtig, frisch, unvergesslich","robots":{"index":"index","follow":"follow","max-snippet":"max-snippet:-1","max-image-preview":"max-image-preview:large","max-video-preview":"max-video-preview:-1"},"canonical":"https:\/\/www.elementvape.de\/sk\/produkt\/bang-tornado-40000-strawberry-watermelon-suess-saftige-mischung-aus-erdbeere-wassermelone\/","og_locale":"sk_SK","og_type":"article","og_title":"Bang Tornado 40000 Strawberry Watermelon S\u00fc\u00df-saftige Mischung aus Erdbeere Wassermelone | ElementVape.de","og_description":"Erlebe mit dem Bang Tornado 40000 Strawberry Watermelon den intensiven Geschmack von Erdbeere & Wassermelone \u2013 fruchtig, frisch, unvergesslich","og_url":"https:\/\/www.elementvape.de\/sk\/produkt\/bang-tornado-40000-strawberry-watermelon-suess-saftige-mischung-aus-erdbeere-wassermelone\/","og_site_name":"ElementVape.de","article_modified_time":"2026-01-23T06:41:51+00:00","og_image":[{"width":600,"height":562,"url":"https:\/\/www.elementvape.de\/wp-content\/uploads\/2025\/04\/40k-strawberry-watermelon.png","type":"image\/png"}],"twitter_card":"summary_large_image","twitter_misc":{"Est. reading time":"3 min\u00faty"},"schema":{"@context":"https:\/\/schema.org","@graph":[{"@type":"WebPage","@id":"https:\/\/www.elementvape.de\/produkt\/bang-tornado-40000-strawberry-watermelon-suess-saftige-mischung-aus-erdbeere-wassermelone\/","url":"https:\/\/www.elementvape.de\/produkt\/bang-tornado-40000-strawberry-watermelon-suess-saftige-mischung-aus-erdbeere-wassermelone\/","name":"Bang Tornado 40000 Strawberry Watermelon S\u00fc\u00df-saftige Mischung aus Erdbeere Wassermelone | ElementVape.de","isPartOf":{"@id":"https:\/\/www.elementvape.de\/#website"},"primaryImageOfPage":{"@id":"https:\/\/www.elementvape.de\/produkt\/bang-tornado-40000-strawberry-watermelon-suess-saftige-mischung-aus-erdbeere-wassermelone\/#primaryimage"},"image":{"@id":"https:\/\/www.elementvape.de\/produkt\/bang-tornado-40000-strawberry-watermelon-suess-saftige-mischung-aus-erdbeere-wassermelone\/#primaryimage"},"thumbnailUrl":"https:\/\/www.elementvape.de\/wp-content\/uploads\/2025\/04\/40k-strawberry-watermelon.png","datePublished":"2025-04-17T09:27:07+00:00","dateModified":"2026-01-23T06:41:51+00:00","description":"Erlebe mit dem Bang Tornado 40000 Strawberry Watermelon den intensiven Geschmack von Erdbeere & Wassermelone \u2013 fruchtig, frisch, unvergesslich","breadcrumb":{"@id":"https:\/\/www.elementvape.de\/produkt\/bang-tornado-40000-strawberry-watermelon-suess-saftige-mischung-aus-erdbeere-wassermelone\/#breadcrumb"},"inLanguage":"sk-SK","potentialAction":[{"@type":"ReadAction","target":["https:\/\/www.elementvape.de\/produkt\/bang-tornado-40000-strawberry-watermelon-suess-saftige-mischung-aus-erdbeere-wassermelone\/"]}]},{"@type":"ImageObject","inLanguage":"sk-SK","@id":"https:\/\/www.elementvape.de\/produkt\/bang-tornado-40000-strawberry-watermelon-suess-saftige-mischung-aus-erdbeere-wassermelone\/#primaryimage","url":"https:\/\/www.elementvape.de\/wp-content\/uploads\/2025\/04\/40k-strawberry-watermelon.png","contentUrl":"https:\/\/www.elementvape.de\/wp-content\/uploads\/2025\/04\/40k-strawberry-watermelon.png","width":600,"height":562},{"@type":"BreadcrumbList","@id":"https:\/\/www.elementvape.de\/produkt\/bang-tornado-40000-strawberry-watermelon-suess-saftige-mischung-aus-erdbeere-wassermelone\/#breadcrumb","itemListElement":[{"@type":"ListItem","position":1,"name":"Home","item":"https:\/\/www.elementvape.de\/"},{"@type":"ListItem","position":2,"name":"Shop","item":"https:\/\/www.elementvape.de\/shop\/"},{"@type":"ListItem","position":3,"name":"Bang Tornado 40000 Strawberry Watermelon S\u00fc\u00df-saftige Mischung aus Erdbeere Wassermelone"}]},{"@type":"WebSite","@id":"https:\/\/www.elementvape.de\/#website","url":"https:\/\/www.elementvape.de\/","name":"ElementVape.de","description":"","publisher":{"@id":"https:\/\/www.elementvape.de\/#organization"},"potentialAction":[{"@type":"SearchAction","target":{"@type":"EntryPoint","urlTemplate":"https:\/\/www.elementvape.de\/?s={search_term_string}"},"query-input":"required name=search_term_string"}],"inLanguage":"sk-SK"},{"@type":"Organization","@id":"https:\/\/www.elementvape.de\/#organization","name":"ElementVape.DE","url":"https:\/\/www.elementvape.de\/","logo":{"@type":"ImageObject","inLanguage":"sk-SK","@id":"https:\/\/www.elementvape.de\/#\/schema\/logo\/image\/","url":"https:\/\/www.elementvape.de\/wp-content\/uploads\/2024\/09\/cropped-1elementvape-3.png","contentUrl":"https:\/\/www.elementvape.de\/wp-content\/uploads\/2024\/09\/cropped-1elementvape-3.png","width":285,"height":228,"caption":"ElementVape.DE"},"image":{"@id":"https:\/\/www.elementvape.de\/#\/schema\/logo\/image\/"}}]}},"_links":{"self":[{"href":"https:\/\/www.elementvape.de\/sk\/wp-json\/wp\/v2\/product\/16287"}],"collection":[{"href":"https:\/\/www.elementvape.de\/sk\/wp-json\/wp\/v2\/product"}],"about":[{"href":"https:\/\/www.elementvape.de\/sk\/wp-json\/wp\/v2\/types\/product"}],"wp:featuredmedia":[{"embeddable":true,"href":"https:\/\/www.elementvape.de\/sk\/wp-json\/wp\/v2\/media\/16265"}],"wp:attachment":[{"href":"https:\/\/www.elementvape.de\/sk\/wp-json\/wp\/v2\/media?parent=16287"}],"wp:term":[{"taxonomy":"product_cat","embeddable":true,"href":"https:\/\/www.elementvape.de\/sk\/wp-json\/wp\/v2\/product_cat?post=16287"},{"taxonomy":"product_tag","embeddable":true,"href":"https:\/\/www.elementvape.de\/sk\/wp-json\/wp\/v2\/product_tag?post=16287"}],"curies":[{"name":"wp","href":"https:\/\/api.w.org\/{rel}","templated":true}]}}