{"id":16248,"date":"2025-04-17T07:14:55","date_gmt":"2025-04-17T07:14:55","guid":{"rendered":"https:\/\/www.elementvape.de\/?post_type=product&#038;p=16248"},"modified":"2025-04-17T09:36:00","modified_gmt":"2025-04-17T09:36:00","slug":"bang-50000-zuege-strawberry-watermelon-kiwi-passion-fruit-guava-fruchtiger-genuss","status":"publish","type":"product","link":"https:\/\/www.elementvape.de\/sk\/produkt\/bang-50000-zuege-strawberry-watermelon-kiwi-passion-fruit-guava-fruchtiger-genuss\/","title":{"rendered":"Bang 50000 \u0165ahov Jahoda Mel\u00f3n Kiwi Passion Fruit Guava Ovocn\u00fd p\u00f4\u017eitok"},"content":{"rendered":"<h2 data-start=\"0\" data-end=\"100\">Bang 50000 Z\u00e1vitov Jahoda Mel\u00f3n a Kiwi Passion Fruit Guava \u2013 The najlep\u0161\u00ed ovocn\u00fd z\u00e1\u017eitok<\/h2>\n<p class=\"\" data-start=\"102\" data-end=\"634\">Bang 50000 Z\u00e1vitov je dokonal\u00fdm spolo\u010dn\u00edkom pre vapery, ktor\u00ed h\u013eadaj\u00fa intenz\u00edvny a rozmanit\u00fd chu\u0165ov\u00fd z\u00e1\u017eitok. S jedine\u010dnou kombin\u00e1ciou Jahoda Mel\u00f3n a Kiwi Passion Fruit Guava pon\u00faka tento disposable vape ovocn\u00fa rozko\u0161, ktor\u00e1 zv\u00e1dza v\u0161etky tvoje zmysly. Bang 50000 je v\u00fdkonn\u00fd pr\u00edstroj s p\u00f4sobivou kapacitou 50 000 z\u00e1krutov, ide\u00e1lny pre t\u00fdch, ktor\u00ed h\u013eadaj\u00fa dlhodob\u00fa chu\u0165, ktor\u00e1 nezmizne tak r\u00fdchlo.<\/p>\n<h3 class=\"\" data-start=\"636\" data-end=\"678\">Dve osvie\u017euj\u00face pr\u00edchute<\/h3>\n<p class=\"\" data-start=\"680\" data-end=\"1305\">Kombin\u00e1cia Jahoda Mel\u00f3n a Kiwi Passion Fruit Guava je skuto\u010dnou expl\u00f3ziou chut\u00ed. Jahoda Mel\u00f3n prin\u00e1\u0161a sladk\u00fa, \u0161\u0165avnat\u00fa jahodu spolu s \u010derstvou a osvie\u017euj\u00facou vodnou mel\u00f3nom. T\u00e1to zmes zabezpe\u010duje dokonal\u00fd, ovocn\u00fd \u00favod pri ka\u017edom z\u00e1krute. Na druhej strane, Kiwi Passion Fruit Guava prin\u00e1\u0161a exotick\u00fa a tropick\u00fa zmes, ktor\u00e1 sp\u00e1ja chu\u0165 zrel\u00fdch kiw\u00ed, ovocnej marakuje a sladkej guavy. Spolu tieto dve pr\u00edchute pon\u00fakaj\u00fa ultim\u00e1tny z\u00e1\u017eitok z vapovania \u2013 sladk\u00e9, osvie\u017euj\u00face a pln\u00e9 tropick\u00fdch ar\u00f3m.<\/p>\n<h3 class=\"\" data-start=\"1307\" data-end=\"1357\">Technick\u00e9 \u0161pecifik\u00e1cie Bang 50000 Z\u00e1vitov<\/h3>\n<p class=\"\" data-start=\"1359\" data-end=\"1666\">Bang 50000 Z\u00e1vitov presved\u010d\u00ed nielen svojou vynikaj\u00facou chu\u0165ou, ale aj p\u00f4sobiv\u00fdmi technick\u00fdmi \u0161pecifik\u00e1ciami. Tento pr\u00edstroj pon\u00faka vysok\u00fa kapacitu, ide\u00e1lnu pre vapery, ktor\u00ed chc\u00fa dlh\u00e9 vychutn\u00e1vanie. Tu s\u00fa hlavn\u00e9 vlastnosti Bang 50000 Z\u00e1vitov:<\/p>\n<div class=\"group pointer-events-none relative flex justify-center *:pointer-events-auto\">\n<p>&nbsp;<\/p>\n<div class=\"tableContainer horzScrollShadows relative\">\n<table class=\"min-w-full\" data-start=\"1668\" data-end=\"2547\">\n<thead data-start=\"1668\" data-end=\"1745\">\n<tr data-start=\"1668\" data-end=\"1745\">\n<th data-start=\"1668\" data-end=\"1698\">Vlastnos\u0165<\/th>\n<th data-start=\"1698\" data-end=\"1745\">Detaily<\/th>\n<\/tr>\n<\/thead>\n<tbody data-start=\"1824\" data-end=\"2547\">\n<tr data-start=\"1824\" data-end=\"1900\">\n<td class=\"max-w-[calc(var(--thread-content-max-width)*2\/3)]\" data-start=\"1824\" data-end=\"1854\">Model<\/td>\n<td class=\"max-w-[calc(var(--thread-content-max-width)*2\/3)]\" data-start=\"1854\" data-end=\"1900\">Bang 50000 Pufov<\/td>\n<\/tr>\n<tr data-start=\"1901\" data-end=\"1977\">\n<td class=\"max-w-[calc(var(--thread-content-max-width)*2\/3)]\" data-start=\"1901\" data-end=\"1931\">Obsah<\/td>\n<td class=\"max-w-[calc(var(--thread-content-max-width)*2\/3)]\" data-start=\"1931\" data-end=\"1977\">50 ml e-liquidu<\/td>\n<\/tr>\n<tr data-start=\"1978\" data-end=\"2054\">\n<td class=\"max-w-[calc(var(--thread-content-max-width)*2\/3)]\" data-start=\"1978\" data-end=\"2008\">Potiahnutia<\/td>\n<td class=\"max-w-[calc(var(--thread-content-max-width)*2\/3)]\" data-start=\"2008\" data-end=\"2054\">A\u017e 50 000 \u0165ahov<\/td>\n<\/tr>\n<tr data-start=\"2055\" data-end=\"2131\">\n<td class=\"max-w-[calc(var(--thread-content-max-width)*2\/3)]\" data-start=\"2055\" data-end=\"2085\">Bat\u00e9ria<\/td>\n<td class=\"max-w-[calc(var(--thread-content-max-width)*2\/3)]\" data-start=\"2085\" data-end=\"2131\">850 mAh<\/td>\n<\/tr>\n<tr data-start=\"2132\" data-end=\"2208\">\n<td class=\"max-w-[calc(var(--thread-content-max-width)*2\/3)]\" data-start=\"2132\" data-end=\"2162\">Cievka<\/td>\n<td class=\"max-w-[calc(var(--thread-content-max-width)*2\/3)]\" data-start=\"2162\" data-end=\"2208\">Mesh cievka<\/td>\n<\/tr>\n<tr data-start=\"2209\" data-end=\"2285\">\n<td class=\"max-w-[calc(var(--thread-content-max-width)*2\/3)]\" data-start=\"2209\" data-end=\"2239\">Pripojenie na nab\u00edjanie<\/td>\n<td class=\"max-w-[calc(var(--thread-content-max-width)*2\/3)]\" data-start=\"2239\" data-end=\"2285\">Typ-C (r\u00fdchle nab\u00edjanie)<\/td>\n<\/tr>\n<tr data-start=\"2286\" data-end=\"2362\">\n<td class=\"max-w-[calc(var(--thread-content-max-width)*2\/3)]\" data-start=\"2286\" data-end=\"2316\">\u00darovne nikot\u00ednu<\/td>\n<td class=\"max-w-[calc(var(--thread-content-max-width)*2\/3)]\" data-start=\"2316\" data-end=\"2362\">0%, 2%, 3%, 5%<\/td>\n<\/tr>\n<tr data-start=\"2363\" data-end=\"2466\">\n<td class=\"max-w-[calc(var(--thread-content-max-width)*2\/3)]\" data-start=\"2363\" data-end=\"2393\">Ingrediencie<\/td>\n<td class=\"max-w-[calc(var(--thread-content-max-width)*2\/3)] min-w-[calc(var(--thread-content-max-width)\/3)]\" data-start=\"2393\" data-end=\"2466\">Rastlinn\u00fd glycer\u00edn, Propyl\u00e9nglykol, pr\u00edrodn\u00e9 a umel\u00e9 ar\u00f3my<\/td>\n<\/tr>\n<tr data-start=\"2467\" data-end=\"2547\">\n<td class=\"max-w-[calc(var(--thread-content-max-width)*2\/3)]\" data-start=\"2467\" data-end=\"2497\">Balenie<\/td>\n<td class=\"max-w-[calc(var(--thread-content-max-width)*2\/3)] min-w-[calc(var(--thread-content-max-width)\/3)]\" data-start=\"2497\" data-end=\"2547\">10 kusov na displejovej krabici, 200 kusov na kart\u00f3n<\/td>\n<\/tr>\n<\/tbody>\n<\/table>\n<\/div>\n<\/div>\n<h3 class=\"\" data-start=\"2549\" data-end=\"2593\">Dlh\u00e1 \u017eivotnos\u0165 a pou\u017e\u00edvate\u013esk\u00e1 pr\u00edvetivos\u0165<\/h3>\n<p class=\"\" data-start=\"2595\" data-end=\"3179\">Jednou z vynikaj\u00facich vlastnost\u00ed Bang 50000 Z\u00e1vitov je jeho mimoriadna odolnos\u0165. S kapacitou a\u017e 50 000 z\u00e1krutov pon\u00faka tento pr\u00edstroj dlhodob\u00e9 rie\u0161enie pre vapery, ktor\u00ed nepotrebuj\u00fa neust\u00e1le dop\u013a\u0148anie alebo v\u00fdmenu zariaden\u00ed. Bat\u00e9ria s kapacitou 850 mAh zabezpe\u010duje stabiln\u00fd v\u00fdkon po\u010das celej \u017eivotnosti zariadenia a garantuje, \u017ee si m\u00f4\u017eete vychutna\u0165 pln\u00fa chu\u0165 a\u017e do posledn\u00e9ho z\u00e1krutu. Okrem toho, r\u00fdchle a jednoduch\u00e9 nab\u00edjanie pomocou USB-C konektora umo\u017e\u0148uje, aby ste boli v\u017edy r\u00fdchlo pripraven\u00ed na \u010fal\u0161ie pou\u017eitie.<\/p>\n<h3 class=\"\" data-start=\"3181\" data-end=\"3211\">V\u0161estrann\u00e9 sily nikot\u00ednu<\/h3>\n<p class=\"\" data-start=\"3213\" data-end=\"3710\">Bang 50000 Z\u00e1vitov pon\u00faka v\u00fdber nikot\u00ednov\u00fdch s\u00edl, ktor\u00e9 je mo\u017en\u00e9 prisp\u00f4sobi\u0165 potreb\u00e1m a preferenci\u00e1m ka\u017ed\u00e9ho vapera.<\/p>\n<p class=\"\" data-start=\"3213\" data-end=\"3710\">M\u00f4\u017eete si vybra\u0165 medzi 0%, 2%, 3% a 5% nikot\u00ednom. T\u00e1to v\u0161estrannos\u0165 zabezpe\u010duje, \u017ee ako za\u010diato\u010dn\u00edk, tak aj sk\u00fasen\u00fd vaper si n\u00e1jdu svoju ide\u00e1lnu nikot\u00ednov\u00fa silu. V\u00fdber spr\u00e1vnej sily prispieva k e\u0161te lep\u0161iemu z\u00e1\u017eitku z vapovania, preto\u017ee umo\u017e\u0148uje n\u00e1js\u0165 spr\u00e1vnu rovnov\u00e1hu medzi chu\u0165ou a d\u00e1vkovan\u00edm nikot\u00ednu.<\/p>\n<h3 class=\"\" data-start=\"3712\" data-end=\"3752\">Exotick\u00e9 ar\u00f3my pre ka\u017ed\u00fd vkus<\/h3>\n<p class=\"\" data-start=\"3754\" data-end=\"4221\">Kombin\u00e1cia Jahoda Mel\u00f3n a Kiwi Passion Fruit Guava je ide\u00e1lnou vo\u013ebou pre vapery, ktor\u00ed h\u013eadaj\u00fa nie\u010do exotick\u00e9. Jahoda Mel\u00f3n dod\u00e1va sladk\u00fa a \u0161\u0165avnat\u00fa ovocn\u00fa chu\u0165 jah\u00f4d a vodn\u00e9ho mel\u00f3nu, zatia\u013e \u010do Kiwi Passion Fruit Guava pon\u00faka tropick\u00fa a osvie\u017euj\u00facu zmes. Tieto dve ar\u00f3my spolu vytv\u00e1raj\u00fa \u010derstv\u00fa, ovocn\u00fa chu\u0165, ktor\u00fa si m\u00f4\u017eete vychutn\u00e1va\u0165 cel\u00fd de\u0148.<\/p>\n<h3 class=\"\" data-start=\"4223\" data-end=\"4259\">Jednoduch\u00e9 a pohodln\u00e9 na cest\u00e1ch<\/h3>\n<p class=\"\" data-start=\"4261\" data-end=\"4736\">Bang 50000 Z\u00e1vitov je nielen v\u00fdkonn\u00fd a chu\u0165ovo presved\u010div\u00fd, ale aj neuverite\u013ene pou\u017e\u00edvate\u013esky pr\u00edvetiv\u00fd. Ako disposable vape nevy\u017eaduje \u017eiadnu \u00fadr\u017ebu ani zlo\u017eit\u00e9 nastavenia. Sta\u010d\u00ed inhalova\u0165 a u\u017e\u00edva\u0165 si. Kompaktn\u00e9 rozmery zariadenia ho robia ide\u00e1lnym na ka\u017edodenn\u00e9 pou\u017eitie a vhodn\u00fdm na cesty. M\u00f4\u017eete ho \u013eahko ulo\u017ei\u0165 do ta\u0161ky alebo batohu a kedyko\u013evek si vychutna\u0165 ovocn\u00fa rozko\u0161.<\/p>\n<p class=\"\" data-start=\"4749\" data-end=\"5234\">Bang 50000 Z\u00e1vitov s Jahoda Mel\u00f3n a Kiwi Passion Fruit Guava je vynikaj\u00facou vo\u013ebou pre v\u0161etk\u00fdch vapery, ktor\u00ed h\u013eadaj\u00fa intenz\u00edvny a dlh\u00fd chu\u0165ov\u00fd z\u00e1\u017eitok. S vysokou kapacitou z\u00e1krutov, v\u00fdberom nikot\u00ednov\u00fdch s\u00edl a exotick\u00fdmi ar\u00f3mami je tento disposable vape ide\u00e1lny na ka\u017edodenn\u00e9 u\u017e\u00edvanie. \u010ci ste sk\u00fasen\u00fd vaper alebo za\u010diato\u010dn\u00edk, Bang 50000 v\u00e1s svojou chu\u0165ou a v\u00fdkonom ur\u010dite nadchne.<\/p>","protected":false},"excerpt":{"rendered":"<p>Bang 50000 Z\u00fcge Strawberry Watermelon und Kiwi Passion Fruit Guava \u2013 Das ultimative Fruchterlebnis Der Bang 50000 Z\u00fcge ist der perfekte Begleiter f\u00fcr Dampfer, die auf der Suche nach einem intensiven und abwechslungsreichen Geschmackserlebnis sind. Mit der einzigartigen Kombination aus Strawberry Watermelon und Kiwi Passion Fruit Guava bietet dieses Disposable Vape einen fruchtigen Genuss, der [&hellip;]<\/p>","protected":false},"featured_media":16216,"template":"","meta":{"inline_featured_image":false},"product_cat":[776],"product_tag":[778],"tiered_pricing_type":"fixed","tiered_pricing_fixed_rules":[],"tiered_pricing_percentage_rules":[],"tiered_pricing_minimum":1,"_administrator_tiered_pricing_type":"fixed","_administrator_tiered_pricing_fixed_rules":[],"_editor_tiered_pricing_type":"fixed","_editor_tiered_pricing_fixed_rules":[],"_author_tiered_pricing_type":"fixed","_author_tiered_pricing_fixed_rules":[],"_contributor_tiered_pricing_type":"fixed","_contributor_tiered_pricing_fixed_rules":[],"_subscriber_tiered_pricing_type":"fixed","_subscriber_tiered_pricing_fixed_rules":[],"_customer_tiered_pricing_type":"fixed","_customer_tiered_pricing_fixed_rules":[],"_shop_manager_tiered_pricing_type":"fixed","_shop_manager_tiered_pricing_fixed_rules":[],"_wpseo_manager_tiered_pricing_type":"fixed","_wpseo_manager_tiered_pricing_fixed_rules":[],"_wpseo_editor_tiered_pricing_type":"fixed","_wpseo_editor_tiered_pricing_fixed_rules":[],"_wholesale_customer_tiered_pricing_type":"fixed","_wholesale_customer_tiered_pricing_fixed_rules":[],"_marketer_tiered_pricing_type":"fixed","_marketer_tiered_pricing_fixed_rules":[],"_sales_manager_tiered_pricing_type":"fixed","_sales_manager_tiered_pricing_fixed_rules":[],"_sales_rep_tiered_pricing_type":"fixed","_sales_rep_tiered_pricing_fixed_rules":[],"yoast_head":"<!-- This site is optimized with the Yoast SEO plugin v23.3 - https:\/\/yoast.com\/wordpress\/plugins\/seo\/ -->\n<title>Bang 50000 Z\u00fcge Strawberry Watermelon Kiwi Passion Fruit Guava Fruchtiger Genuss | ElementVape.de<\/title>\n<meta name=\"description\" content=\"Bang 50000 Z\u00fcge mit Strawberry Watermelon und Kiwi Passion Fruit Guava Geschmack bietet 50ml E-Liquid und 50.000 Z\u00fcge f\u00fcr langanhaltenden Genuss\" \/>\n<meta name=\"robots\" content=\"index, follow, max-snippet:-1, max-image-preview:large, max-video-preview:-1\" \/>\n<link rel=\"canonical\" href=\"https:\/\/www.elementvape.de\/sk\/produkt\/bang-50000-zuege-strawberry-watermelon-kiwi-passion-fruit-guava-fruchtiger-genuss\/\" \/>\n<meta property=\"og:locale\" content=\"sk_SK\" \/>\n<meta property=\"og:type\" content=\"article\" \/>\n<meta property=\"og:title\" content=\"Bang 50000 Z\u00fcge Strawberry Watermelon Kiwi Passion Fruit Guava Fruchtiger Genuss | ElementVape.de\" \/>\n<meta property=\"og:description\" content=\"Bang 50000 Z\u00fcge mit Strawberry Watermelon und Kiwi Passion Fruit Guava Geschmack bietet 50ml E-Liquid und 50.000 Z\u00fcge f\u00fcr langanhaltenden Genuss\" \/>\n<meta property=\"og:url\" content=\"https:\/\/www.elementvape.de\/sk\/produkt\/bang-50000-zuege-strawberry-watermelon-kiwi-passion-fruit-guava-fruchtiger-genuss\/\" \/>\n<meta property=\"og:site_name\" content=\"ElementVape.de\" \/>\n<meta property=\"article:modified_time\" content=\"2025-04-17T09:36:00+00:00\" \/>\n<meta property=\"og:image\" content=\"https:\/\/www.elementvape.de\/wp-content\/uploads\/2025\/04\/Bang-King-50000-Puffs-StrawberryWatermelon-KiwiPassionFruitGuava-800x800-1.jpg\" \/>\n\t<meta property=\"og:image:width\" content=\"800\" \/>\n\t<meta property=\"og:image:height\" content=\"770\" \/>\n\t<meta property=\"og:image:type\" content=\"image\/jpeg\" \/>\n<meta name=\"twitter:card\" content=\"summary_large_image\" \/>\n<meta name=\"twitter:label1\" content=\"Est. reading time\" \/>\n\t<meta name=\"twitter:data1\" content=\"4 min\u00faty\" \/>\n<script type=\"application\/ld+json\" class=\"yoast-schema-graph\">{\"@context\":\"https:\/\/schema.org\",\"@graph\":[{\"@type\":\"WebPage\",\"@id\":\"https:\/\/www.elementvape.de\/en\/produkt\/bang-50000-zuege-strawberry-watermelon-kiwi-passion-fruit-guava-fruchtiger-genuss\/\",\"url\":\"https:\/\/www.elementvape.de\/en\/produkt\/bang-50000-zuege-strawberry-watermelon-kiwi-passion-fruit-guava-fruchtiger-genuss\/\",\"name\":\"Bang 50000 Z\u00fcge Strawberry Watermelon Kiwi Passion Fruit Guava Fruchtiger Genuss | ElementVape.de\",\"isPartOf\":{\"@id\":\"https:\/\/www.elementvape.de\/#website\"},\"primaryImageOfPage\":{\"@id\":\"https:\/\/www.elementvape.de\/en\/produkt\/bang-50000-zuege-strawberry-watermelon-kiwi-passion-fruit-guava-fruchtiger-genuss\/#primaryimage\"},\"image\":{\"@id\":\"https:\/\/www.elementvape.de\/en\/produkt\/bang-50000-zuege-strawberry-watermelon-kiwi-passion-fruit-guava-fruchtiger-genuss\/#primaryimage\"},\"thumbnailUrl\":\"https:\/\/www.elementvape.de\/wp-content\/uploads\/2025\/04\/Bang-King-50000-Puffs-StrawberryWatermelon-KiwiPassionFruitGuava-800x800-1.jpg\",\"datePublished\":\"2025-04-17T07:14:55+00:00\",\"dateModified\":\"2025-04-17T09:36:00+00:00\",\"description\":\"Bang 50000 Z\u00fcge mit Strawberry Watermelon und Kiwi Passion Fruit Guava Geschmack bietet 50ml E-Liquid und 50.000 Z\u00fcge f\u00fcr langanhaltenden Genuss\",\"breadcrumb\":{\"@id\":\"https:\/\/www.elementvape.de\/en\/produkt\/bang-50000-zuege-strawberry-watermelon-kiwi-passion-fruit-guava-fruchtiger-genuss\/#breadcrumb\"},\"inLanguage\":\"sk-SK\",\"potentialAction\":[{\"@type\":\"ReadAction\",\"target\":[\"https:\/\/www.elementvape.de\/en\/produkt\/bang-50000-zuege-strawberry-watermelon-kiwi-passion-fruit-guava-fruchtiger-genuss\/\"]}]},{\"@type\":\"ImageObject\",\"inLanguage\":\"sk-SK\",\"@id\":\"https:\/\/www.elementvape.de\/en\/produkt\/bang-50000-zuege-strawberry-watermelon-kiwi-passion-fruit-guava-fruchtiger-genuss\/#primaryimage\",\"url\":\"https:\/\/www.elementvape.de\/wp-content\/uploads\/2025\/04\/Bang-King-50000-Puffs-StrawberryWatermelon-KiwiPassionFruitGuava-800x800-1.jpg\",\"contentUrl\":\"https:\/\/www.elementvape.de\/wp-content\/uploads\/2025\/04\/Bang-King-50000-Puffs-StrawberryWatermelon-KiwiPassionFruitGuava-800x800-1.jpg\",\"width\":800,\"height\":770},{\"@type\":\"BreadcrumbList\",\"@id\":\"https:\/\/www.elementvape.de\/en\/produkt\/bang-50000-zuege-strawberry-watermelon-kiwi-passion-fruit-guava-fruchtiger-genuss\/#breadcrumb\",\"itemListElement\":[{\"@type\":\"ListItem\",\"position\":1,\"name\":\"Home\",\"item\":\"https:\/\/www.elementvape.de\/\"},{\"@type\":\"ListItem\",\"position\":2,\"name\":\"Shop\",\"item\":\"https:\/\/www.elementvape.de\/shop\/\"},{\"@type\":\"ListItem\",\"position\":3,\"name\":\"Bang 50000 Z\u00fcge Strawberry Watermelon Kiwi Passion Fruit Guava Fruchtiger Genuss\"}]},{\"@type\":\"WebSite\",\"@id\":\"https:\/\/www.elementvape.de\/#website\",\"url\":\"https:\/\/www.elementvape.de\/\",\"name\":\"ElementVape.de\",\"description\":\"\",\"publisher\":{\"@id\":\"https:\/\/www.elementvape.de\/#organization\"},\"potentialAction\":[{\"@type\":\"SearchAction\",\"target\":{\"@type\":\"EntryPoint\",\"urlTemplate\":\"https:\/\/www.elementvape.de\/?s={search_term_string}\"},\"query-input\":\"required name=search_term_string\"}],\"inLanguage\":\"sk-SK\"},{\"@type\":\"Organization\",\"@id\":\"https:\/\/www.elementvape.de\/#organization\",\"name\":\"ElementVape.DE\",\"url\":\"https:\/\/www.elementvape.de\/\",\"logo\":{\"@type\":\"ImageObject\",\"inLanguage\":\"sk-SK\",\"@id\":\"https:\/\/www.elementvape.de\/#\/schema\/logo\/image\/\",\"url\":\"https:\/\/www.elementvape.de\/wp-content\/uploads\/2024\/09\/cropped-1elementvape-3.png\",\"contentUrl\":\"https:\/\/www.elementvape.de\/wp-content\/uploads\/2024\/09\/cropped-1elementvape-3.png\",\"width\":285,\"height\":228,\"caption\":\"ElementVape.DE\"},\"image\":{\"@id\":\"https:\/\/www.elementvape.de\/#\/schema\/logo\/image\/\"}}]}<\/script>\n<!-- \/ Yoast SEO plugin. -->","yoast_head_json":{"title":"Bang 50000 Z\u00fcge Strawberry Watermelon Kiwi Passion Fruit Guava Fruchtiger Genuss | ElementVape.de","description":"Bang 50000 Z\u00fcge mit Strawberry Watermelon und Kiwi Passion Fruit Guava Geschmack bietet 50ml E-Liquid und 50.000 Z\u00fcge f\u00fcr langanhaltenden Genuss","robots":{"index":"index","follow":"follow","max-snippet":"max-snippet:-1","max-image-preview":"max-image-preview:large","max-video-preview":"max-video-preview:-1"},"canonical":"https:\/\/www.elementvape.de\/sk\/produkt\/bang-50000-zuege-strawberry-watermelon-kiwi-passion-fruit-guava-fruchtiger-genuss\/","og_locale":"sk_SK","og_type":"article","og_title":"Bang 50000 Z\u00fcge Strawberry Watermelon Kiwi Passion Fruit Guava Fruchtiger Genuss | ElementVape.de","og_description":"Bang 50000 Z\u00fcge mit Strawberry Watermelon und Kiwi Passion Fruit Guava Geschmack bietet 50ml E-Liquid und 50.000 Z\u00fcge f\u00fcr langanhaltenden Genuss","og_url":"https:\/\/www.elementvape.de\/sk\/produkt\/bang-50000-zuege-strawberry-watermelon-kiwi-passion-fruit-guava-fruchtiger-genuss\/","og_site_name":"ElementVape.de","article_modified_time":"2025-04-17T09:36:00+00:00","og_image":[{"width":800,"height":770,"url":"https:\/\/www.elementvape.de\/wp-content\/uploads\/2025\/04\/Bang-King-50000-Puffs-StrawberryWatermelon-KiwiPassionFruitGuava-800x800-1.jpg","type":"image\/jpeg"}],"twitter_card":"summary_large_image","twitter_misc":{"Est. reading time":"4 min\u00faty"},"schema":{"@context":"https:\/\/schema.org","@graph":[{"@type":"WebPage","@id":"https:\/\/www.elementvape.de\/en\/produkt\/bang-50000-zuege-strawberry-watermelon-kiwi-passion-fruit-guava-fruchtiger-genuss\/","url":"https:\/\/www.elementvape.de\/en\/produkt\/bang-50000-zuege-strawberry-watermelon-kiwi-passion-fruit-guava-fruchtiger-genuss\/","name":"Bang 50000 Z\u00fcge Strawberry Watermelon Kiwi Passion Fruit Guava Fruchtiger Genuss | ElementVape.de","isPartOf":{"@id":"https:\/\/www.elementvape.de\/#website"},"primaryImageOfPage":{"@id":"https:\/\/www.elementvape.de\/en\/produkt\/bang-50000-zuege-strawberry-watermelon-kiwi-passion-fruit-guava-fruchtiger-genuss\/#primaryimage"},"image":{"@id":"https:\/\/www.elementvape.de\/en\/produkt\/bang-50000-zuege-strawberry-watermelon-kiwi-passion-fruit-guava-fruchtiger-genuss\/#primaryimage"},"thumbnailUrl":"https:\/\/www.elementvape.de\/wp-content\/uploads\/2025\/04\/Bang-King-50000-Puffs-StrawberryWatermelon-KiwiPassionFruitGuava-800x800-1.jpg","datePublished":"2025-04-17T07:14:55+00:00","dateModified":"2025-04-17T09:36:00+00:00","description":"Bang 50000 Z\u00fcge mit Strawberry Watermelon und Kiwi Passion Fruit Guava Geschmack bietet 50ml E-Liquid und 50.000 Z\u00fcge f\u00fcr langanhaltenden Genuss","breadcrumb":{"@id":"https:\/\/www.elementvape.de\/en\/produkt\/bang-50000-zuege-strawberry-watermelon-kiwi-passion-fruit-guava-fruchtiger-genuss\/#breadcrumb"},"inLanguage":"sk-SK","potentialAction":[{"@type":"ReadAction","target":["https:\/\/www.elementvape.de\/en\/produkt\/bang-50000-zuege-strawberry-watermelon-kiwi-passion-fruit-guava-fruchtiger-genuss\/"]}]},{"@type":"ImageObject","inLanguage":"sk-SK","@id":"https:\/\/www.elementvape.de\/en\/produkt\/bang-50000-zuege-strawberry-watermelon-kiwi-passion-fruit-guava-fruchtiger-genuss\/#primaryimage","url":"https:\/\/www.elementvape.de\/wp-content\/uploads\/2025\/04\/Bang-King-50000-Puffs-StrawberryWatermelon-KiwiPassionFruitGuava-800x800-1.jpg","contentUrl":"https:\/\/www.elementvape.de\/wp-content\/uploads\/2025\/04\/Bang-King-50000-Puffs-StrawberryWatermelon-KiwiPassionFruitGuava-800x800-1.jpg","width":800,"height":770},{"@type":"BreadcrumbList","@id":"https:\/\/www.elementvape.de\/en\/produkt\/bang-50000-zuege-strawberry-watermelon-kiwi-passion-fruit-guava-fruchtiger-genuss\/#breadcrumb","itemListElement":[{"@type":"ListItem","position":1,"name":"Home","item":"https:\/\/www.elementvape.de\/"},{"@type":"ListItem","position":2,"name":"Shop","item":"https:\/\/www.elementvape.de\/shop\/"},{"@type":"ListItem","position":3,"name":"Bang 50000 Z\u00fcge Strawberry Watermelon Kiwi Passion Fruit Guava Fruchtiger Genuss"}]},{"@type":"WebSite","@id":"https:\/\/www.elementvape.de\/#website","url":"https:\/\/www.elementvape.de\/","name":"ElementVape.de","description":"","publisher":{"@id":"https:\/\/www.elementvape.de\/#organization"},"potentialAction":[{"@type":"SearchAction","target":{"@type":"EntryPoint","urlTemplate":"https:\/\/www.elementvape.de\/?s={search_term_string}"},"query-input":"required name=search_term_string"}],"inLanguage":"sk-SK"},{"@type":"Organization","@id":"https:\/\/www.elementvape.de\/#organization","name":"ElementVape.DE","url":"https:\/\/www.elementvape.de\/","logo":{"@type":"ImageObject","inLanguage":"sk-SK","@id":"https:\/\/www.elementvape.de\/#\/schema\/logo\/image\/","url":"https:\/\/www.elementvape.de\/wp-content\/uploads\/2024\/09\/cropped-1elementvape-3.png","contentUrl":"https:\/\/www.elementvape.de\/wp-content\/uploads\/2024\/09\/cropped-1elementvape-3.png","width":285,"height":228,"caption":"ElementVape.DE"},"image":{"@id":"https:\/\/www.elementvape.de\/#\/schema\/logo\/image\/"}}]}},"_links":{"self":[{"href":"https:\/\/www.elementvape.de\/sk\/wp-json\/wp\/v2\/product\/16248"}],"collection":[{"href":"https:\/\/www.elementvape.de\/sk\/wp-json\/wp\/v2\/product"}],"about":[{"href":"https:\/\/www.elementvape.de\/sk\/wp-json\/wp\/v2\/types\/product"}],"wp:featuredmedia":[{"embeddable":true,"href":"https:\/\/www.elementvape.de\/sk\/wp-json\/wp\/v2\/media\/16216"}],"wp:attachment":[{"href":"https:\/\/www.elementvape.de\/sk\/wp-json\/wp\/v2\/media?parent=16248"}],"wp:term":[{"taxonomy":"product_cat","embeddable":true,"href":"https:\/\/www.elementvape.de\/sk\/wp-json\/wp\/v2\/product_cat?post=16248"},{"taxonomy":"product_tag","embeddable":true,"href":"https:\/\/www.elementvape.de\/sk\/wp-json\/wp\/v2\/product_tag?post=16248"}],"curies":[{"name":"wp","href":"https:\/\/api.w.org\/{rel}","templated":true}]}}