{"id":16246,"date":"2025-04-17T07:09:33","date_gmt":"2025-04-17T07:09:33","guid":{"rendered":"https:\/\/www.elementvape.de\/?post_type=product&#038;p=16246"},"modified":"2025-04-17T09:36:01","modified_gmt":"2025-04-17T09:36:01","slug":"geniesse-50-000-zuege-mit-strawberry-watermelon-und-black-dragon-ice-intensiver-fruchtgeschmack-trifft-auf-eiskalte-frische","status":"publish","type":"product","link":"https:\/\/www.elementvape.de\/sk\/produkt\/geniesse-50-000-zuege-mit-strawberry-watermelon-und-black-dragon-ice-intensiver-fruchtgeschmack-trifft-auf-eiskalte-frische\/","title":{"rendered":"U\u017eite si 50 000 \u0165ahov s Strawberry Watermelon a Black Dragon Ice intenz\u00edvny ovocn\u00fd chu\u0165 sa stret\u00e1va s \u013eadovou svie\u017eos\u0165ou"},"content":{"rendered":"<h2 data-start=\"0\" data-end=\"114\">Bang 50000 \u0165ahov Jahodov\u00e1 Mel\u00f3n a Black Dragon Ice \u2013 The najlep\u0161\u00ed z\u00e1\u017eitok z vapovania s ovocnou svie\u017eos\u0165ou<\/h2>\n<p class=\"\" data-start=\"116\" data-end=\"661\">Za\u017eite najlep\u0161\u00ed chu\u0165ov\u00fd z\u00e1\u017eitok s Bang 50000 \u0165ahov, jedine\u010dn\u00fdm jednorazov\u00fdm vapom, ktor\u00fd sp\u00e1ja ovocn\u00e9 ar\u00f3my Jahodovej Mel\u00f3nu a Black Dragon Ice. T\u00e1to zmes sladk\u00fdch jah\u00f4d a mel\u00f3nu, doplnen\u00e1 chladivou svie\u017eos\u0165ou Black Dragon Ice, zabezpe\u010duje vzru\u0161uj\u00faci a dlhotrvaj\u00faci z\u00e1\u017eitok z vapovania. S kapacitou 50 000 \u0165ahov pon\u00faka Bang 50000 nielen chu\u0165, ale aj dlh\u00fa \u017eivotnos\u0165 \u2013 ide\u00e1lne pre vapovanie nad\u0161en\u00fdch, ktor\u00ed h\u013eadaj\u00fa nie\u010do v\u00fdnimo\u010dn\u00e9.<\/p>\n<h3 class=\"\" data-start=\"663\" data-end=\"707\">Dva chu\u0165ov\u00e9 z\u00e1\u017eitky v jednom zariaden\u00ed<\/h3>\n<p class=\"\" data-start=\"709\" data-end=\"1060\">Zmes Jahodovej Mel\u00f3nu zabezpe\u010duje sladk\u00fa, \u0161\u0165avnat\u00fa svie\u017eos\u0165, ktor\u00e1 zv\u00e1dza zmysly, zatia\u013e \u010do Black Dragon Ice prid\u00e1va \u013eadov\u00fd n\u00e1dych, ktor\u00fd rob\u00ed vapovanie osvie\u017euj\u00facim z\u00e1\u017eitkom. Spolu tieto dve ar\u00f3my pon\u00fakaj\u00fa dokonal\u00fa rovnov\u00e1hu medzi ovocnos\u0165ou a chladom, ktor\u00fa si m\u00f4\u017eete vychutn\u00e1va\u0165 cel\u00fd de\u0148.<\/p>\n<h3 class=\"\" data-start=\"1062\" data-end=\"1092\">Technick\u00e9 \u0161pecifik\u00e1cie<\/h3>\n<p class=\"\" data-start=\"1094\" data-end=\"1242\">Tu s\u00fa podrobn\u00e9 technick\u00e9 \u00fadaje Bang 50000 \u0165ahov, ktor\u00e9 v\u00e1m poskytn\u00fa jasn\u00fa predstavu o tom, \u010do tento produkt pon\u00faka:<\/p>\n<div class=\"group pointer-events-none relative flex justify-center *:pointer-events-auto\">\n<p>&nbsp;<\/p>\n<div class=\"tableContainer horzScrollShadows relative\">\n<table class=\"min-w-full\" data-start=\"1244\" data-end=\"2123\">\n<thead data-start=\"1244\" data-end=\"1321\">\n<tr data-start=\"1244\" data-end=\"1321\">\n<th data-start=\"1244\" data-end=\"1274\">Vlastnos\u0165<\/th>\n<th data-start=\"1274\" data-end=\"1321\">Detaily<\/th>\n<\/tr>\n<\/thead>\n<tbody data-start=\"1400\" data-end=\"2123\">\n<tr data-start=\"1400\" data-end=\"1476\">\n<td class=\"max-w-[calc(var(--thread-content-max-width)*2\/3)]\" data-start=\"1400\" data-end=\"1430\">Model<\/td>\n<td class=\"max-w-[calc(var(--thread-content-max-width)*2\/3)]\" data-start=\"1430\" data-end=\"1476\">Bang 50000 Pufov<\/td>\n<\/tr>\n<tr data-start=\"1477\" data-end=\"1553\">\n<td class=\"max-w-[calc(var(--thread-content-max-width)*2\/3)]\" data-start=\"1477\" data-end=\"1507\">Obsah<\/td>\n<td class=\"max-w-[calc(var(--thread-content-max-width)*2\/3)]\" data-start=\"1507\" data-end=\"1553\">50 ml e-liquidu<\/td>\n<\/tr>\n<tr data-start=\"1554\" data-end=\"1630\">\n<td class=\"max-w-[calc(var(--thread-content-max-width)*2\/3)]\" data-start=\"1554\" data-end=\"1584\">Potiahnutia<\/td>\n<td class=\"max-w-[calc(var(--thread-content-max-width)*2\/3)]\" data-start=\"1584\" data-end=\"1630\">A\u017e 50 000 \u0165ahov<\/td>\n<\/tr>\n<tr data-start=\"1631\" data-end=\"1707\">\n<td class=\"max-w-[calc(var(--thread-content-max-width)*2\/3)]\" data-start=\"1631\" data-end=\"1661\">Bat\u00e9ria<\/td>\n<td class=\"max-w-[calc(var(--thread-content-max-width)*2\/3)]\" data-start=\"1661\" data-end=\"1707\">850 mAh (opakovane nab\u00edjate\u013en\u00fd)<\/td>\n<\/tr>\n<tr data-start=\"1708\" data-end=\"1784\">\n<td class=\"max-w-[calc(var(--thread-content-max-width)*2\/3)]\" data-start=\"1708\" data-end=\"1738\">Cievka<\/td>\n<td class=\"max-w-[calc(var(--thread-content-max-width)*2\/3)]\" data-start=\"1738\" data-end=\"1784\">Mesh cievka<\/td>\n<\/tr>\n<tr data-start=\"1785\" data-end=\"1861\">\n<td class=\"max-w-[calc(var(--thread-content-max-width)*2\/3)]\" data-start=\"1785\" data-end=\"1815\">Pripojenie na nab\u00edjanie<\/td>\n<td class=\"max-w-[calc(var(--thread-content-max-width)*2\/3)]\" data-start=\"1815\" data-end=\"1861\">Typ-C (r\u00fdchle nab\u00edjanie)<\/td>\n<\/tr>\n<tr data-start=\"1862\" data-end=\"1938\">\n<td class=\"max-w-[calc(var(--thread-content-max-width)*2\/3)]\" data-start=\"1862\" data-end=\"1892\">\u00darovne nikot\u00ednu<\/td>\n<td class=\"max-w-[calc(var(--thread-content-max-width)*2\/3)]\" data-start=\"1892\" data-end=\"1938\">0%, 2%, 3%, 5%<\/td>\n<\/tr>\n<tr data-start=\"1939\" data-end=\"2042\">\n<td class=\"max-w-[calc(var(--thread-content-max-width)*2\/3)]\" data-start=\"1939\" data-end=\"1969\">Ingrediencie<\/td>\n<td class=\"max-w-[calc(var(--thread-content-max-width)*2\/3)] min-w-[calc(var(--thread-content-max-width)\/3)]\" data-start=\"1969\" data-end=\"2042\">Rastlinn\u00fd glycer\u00edn, Propyl\u00e9nglykol, pr\u00edrodn\u00e9 a umel\u00e9 ar\u00f3my<\/td>\n<\/tr>\n<tr data-start=\"2043\" data-end=\"2123\">\n<td class=\"max-w-[calc(var(--thread-content-max-width)*2\/3)]\" data-start=\"2043\" data-end=\"2073\">Balenie<\/td>\n<td class=\"max-w-[calc(var(--thread-content-max-width)*2\/3)] min-w-[calc(var(--thread-content-max-width)\/3)]\" data-start=\"2073\" data-end=\"2123\">10 kusov na displejovej krabici, 200 kusov na kart\u00f3n<\/td>\n<\/tr>\n<\/tbody>\n<\/table>\n<\/div>\n<\/div>\n<h3 class=\"\" data-start=\"2125\" data-end=\"2155\">Odolnos\u0165 a v\u00fdkon<\/h3>\n<p class=\"\" data-start=\"2157\" data-end=\"2588\">V\u00fdraznou vlastnos\u0165ou Bang 50000 \u0165ahov je p\u00f4sobiv\u00e1 kapacita 50 000 \u0165ahov. Bat\u00e9ria s kapacitou 850 mAh zabezpe\u010duje, \u017ee m\u00f4\u017eete vapova\u0165 dlho, k\u00fdm budete musie\u0165 zariadenie znova nabi\u0165. Pripojenie typu C umo\u017e\u0148uje r\u00fdchle nab\u00edjanie, aby ste boli v\u017edy pripraven\u00ed, ke\u010f to budete potrebova\u0165. Tieto vlastnosti robia Bang 50000 jedn\u00fdm z najspo\u013eahlivej\u0161\u00edch a najv\u00fdkonnej\u0161\u00edch zariaden\u00ed na trhu.<\/p>\n<h3 class=\"\" data-start=\"2590\" data-end=\"2631\">Chu\u0165 a obsah nikot\u00ednu pod\u013ea v\u00fdberu<\/h3>\n<p class=\"\" data-start=\"2633\" data-end=\"2946\">Bang 50000 \u0165ahov pon\u00faka r\u00f4zne \u00farovne nikot\u00ednu: m\u00f4\u017eete si vybra\u0165 medzi 0%, 2%, 3% a 5%, v z\u00e1vislosti od v\u00e1\u0161ho osobn\u00e9ho vkusu a preferenci\u00ed. \u010ci u\u017e preferujete jemn\u00fd z\u00e1\u017eitok z vapovania alebo intenz\u00edvny n\u00e1raz, s touto vo\u013ebou n\u00e1jdete dokonal\u00fa silu pre v\u00e1s.<\/p>\n<h3 class=\"\" data-start=\"2948\" data-end=\"2988\">Ovocn\u00e9 ar\u00f3my pre ka\u017ed\u00fa chu\u0165<\/h3>\n<p class=\"\" data-start=\"2990\" data-end=\"3415\">S Jahodovou Mel\u00f3nom a Black Dragon Ice je Bang 50000 ide\u00e1lnou vo\u013ebou pre v\u0161etk\u00fdch, ktor\u00ed miluj\u00fa ovocn\u00e9 a svie\u017ee ar\u00f3my. Jahodov\u00e1 Mel\u00f3n kombinuje sladk\u00fa jahodu so svie\u017eim mel\u00f3nom, zatia\u013e \u010do Black Dragon Ice sp\u00e1ja exotick\u00e9 ovocie s chladiv\u00fdm \u013eadov\u00fdm n\u00e1dychom. T\u00e1to kombin\u00e1cia zabezpe\u010duje nezamenite\u013en\u00fd chu\u0165ov\u00fd z\u00e1\u017eitok, ktor\u00fd v\u00e1s nadchne pri ka\u017edom \u0165ahu.<\/p>\n<h3 class=\"\" data-start=\"3417\" data-end=\"3466\">Jednoduch\u00e9 pou\u017eitie a u\u017e\u00edvate\u013esk\u00e1 pr\u00edvetivos\u0165<\/h3>\n<p class=\"\" data-start=\"3468\" data-end=\"3830\">Bang 50000 Z\u00e1\u017eitok je neuverite\u013ene pou\u017e\u00edvate\u013esky pr\u00edvetiv\u00fd. Je to jednorazov\u00e1 vaporiz\u00e9r, \u010do znamen\u00e1, \u017ee nem\u00e1 \u017eiadne tla\u010didl\u00e1 alebo nastavenia \u2013 jednoducho \u0165ahajte a vychutn\u00e1vajte si. Toto zariadenie je ide\u00e1lne pre vaporiz\u00e9rov, ktor\u00ed h\u013eadaj\u00fa jednoduch\u00fd a pohodln\u00fd sp\u00f4sob vapovania bez starost\u00ed o \u00fadr\u017ebu alebo nastavenia.<\/p>\n<h3 class=\"\" data-start=\"3832\" data-end=\"3859\">Praktick\u00e9 na cestovanie<\/h3>\n<p class=\"\" data-start=\"3861\" data-end=\"4173\">V\u010faka svojej kompaktnosti sa Bang 50000 Z\u00e1\u017eitok bez probl\u00e9mov zmest\u00ed do ka\u017edej ta\u0161ky. Je ide\u00e1lnym spolo\u010dn\u00edkom na cest\u00e1ch, \u010di u\u017e cestujete do pr\u00e1ce, na v\u00fdlety alebo na ka\u017edodenn\u00e9 pou\u017eitie. M\u00f4\u017eete sa spo\u013eahn\u00fa\u0165 na intenz\u00edvny z\u00e1\u017eitok z chuti a osvie\u017euj\u00faci n\u00e1dych kedyko\u013evek.<\/p>\n<p class=\"\" data-start=\"4186\" data-end=\"4697\">Bang 50000 Z\u00e1\u017eitok s pr\u00edchu\u0165ou jahodovej mel\u00f3nu a Black Dragon Ice je dokonalou vo\u013ebou pre vaporiz\u00e9rov, ktor\u00ed h\u013eadaj\u00fa intenz\u00edvny a dlhotrvaj\u00faci z\u00e1\u017eitok z chuti. S mesh cievkou pre rovnomern\u00e9 rozlo\u017eenie ar\u00f3my, ohromuj\u00facou kapacitou 50 000 \u0165ahov a v\u00fdberom nikot\u00ednov\u00fdch s\u00edl, toto jednorazov\u00e9 vape pon\u00faka v\u0161etko, \u010do vaporiz\u00e9r potrebuje. \u010ci ste fan\u00fa\u0161ikom ovocn\u00fdch chut\u00ed alebo \u013eadovej svie\u017eosti, Bang 50000 v\u00e1s nesklame.<\/p>","protected":false},"excerpt":{"rendered":"<p>Bang 50000 Z\u00fcge Strawberry Watermelon und Black Dragon Ice \u2013 Das ultimative Dampferlebnis mit fruchtiger Frische Erlebe den ultimativen Geschmack mit dem Bang 50000 Z\u00fcge, einem einzigartigen Disposable Vape, das die fruchtigen Aromen von Strawberry Watermelon und Black Dragon Ice miteinander vereint. Diese Mischung aus s\u00fc\u00dfen Erdbeeren und Wassermelone, gepaart mit der k\u00fchlen Frische von [&hellip;]<\/p>","protected":false},"featured_media":16227,"template":"","meta":{"inline_featured_image":false},"product_cat":[776],"product_tag":[778],"tiered_pricing_type":"fixed","tiered_pricing_fixed_rules":[],"tiered_pricing_percentage_rules":[],"tiered_pricing_minimum":1,"_administrator_tiered_pricing_type":"fixed","_administrator_tiered_pricing_fixed_rules":[],"_editor_tiered_pricing_type":"fixed","_editor_tiered_pricing_fixed_rules":[],"_author_tiered_pricing_type":"fixed","_author_tiered_pricing_fixed_rules":[],"_contributor_tiered_pricing_type":"fixed","_contributor_tiered_pricing_fixed_rules":[],"_subscriber_tiered_pricing_type":"fixed","_subscriber_tiered_pricing_fixed_rules":[],"_customer_tiered_pricing_type":"fixed","_customer_tiered_pricing_fixed_rules":[],"_shop_manager_tiered_pricing_type":"fixed","_shop_manager_tiered_pricing_fixed_rules":[],"_wpseo_manager_tiered_pricing_type":"fixed","_wpseo_manager_tiered_pricing_fixed_rules":[],"_wpseo_editor_tiered_pricing_type":"fixed","_wpseo_editor_tiered_pricing_fixed_rules":[],"_wholesale_customer_tiered_pricing_type":"fixed","_wholesale_customer_tiered_pricing_fixed_rules":[],"_marketer_tiered_pricing_type":"fixed","_marketer_tiered_pricing_fixed_rules":[],"_sales_manager_tiered_pricing_type":"fixed","_sales_manager_tiered_pricing_fixed_rules":[],"_sales_rep_tiered_pricing_type":"fixed","_sales_rep_tiered_pricing_fixed_rules":[],"yoast_head":"<!-- This site is optimized with the Yoast SEO plugin v23.3 - https:\/\/yoast.com\/wordpress\/plugins\/seo\/ -->\n<title>Genie\u00dfe 50.000 Z\u00fcge mit Strawberry Watermelon und Black Dragon Ice intensiver Fruchtgeschmack trifft auf eiskalte Frische | ElementVape.de<\/title>\n<meta name=\"description\" content=\"Bang 50000 Z\u00fcge mit Strawberry Watermelon und Black Dragon Ice Geschmack bietet 50ml E-Liquid, 50.000 Z\u00fcge und verschiedene Nikotinst\u00e4rken.\" \/>\n<meta name=\"robots\" content=\"index, follow, max-snippet:-1, max-image-preview:large, max-video-preview:-1\" \/>\n<link rel=\"canonical\" href=\"https:\/\/www.elementvape.de\/sk\/produkt\/geniesse-50-000-zuege-mit-strawberry-watermelon-und-black-dragon-ice-intensiver-fruchtgeschmack-trifft-auf-eiskalte-frische\/\" \/>\n<meta property=\"og:locale\" content=\"sk_SK\" \/>\n<meta property=\"og:type\" content=\"article\" \/>\n<meta property=\"og:title\" content=\"Genie\u00dfe 50.000 Z\u00fcge mit Strawberry Watermelon und Black Dragon Ice intensiver Fruchtgeschmack trifft auf eiskalte Frische | ElementVape.de\" \/>\n<meta property=\"og:description\" content=\"Bang 50000 Z\u00fcge mit Strawberry Watermelon und Black Dragon Ice Geschmack bietet 50ml E-Liquid, 50.000 Z\u00fcge und verschiedene Nikotinst\u00e4rken.\" \/>\n<meta property=\"og:url\" content=\"https:\/\/www.elementvape.de\/sk\/produkt\/geniesse-50-000-zuege-mit-strawberry-watermelon-und-black-dragon-ice-intensiver-fruchtgeschmack-trifft-auf-eiskalte-frische\/\" \/>\n<meta property=\"og:site_name\" content=\"ElementVape.de\" \/>\n<meta property=\"article:modified_time\" content=\"2025-04-17T09:36:01+00:00\" \/>\n<meta property=\"og:image\" content=\"https:\/\/www.elementvape.de\/wp-content\/uploads\/2025\/04\/Bang-King-50000-Puffs-StrawberryWatermelon-BlackDragonIce.jpg\" \/>\n\t<meta property=\"og:image:width\" content=\"1000\" \/>\n\t<meta property=\"og:image:height\" content=\"963\" \/>\n\t<meta property=\"og:image:type\" content=\"image\/jpeg\" \/>\n<meta name=\"twitter:card\" content=\"summary_large_image\" \/>\n<meta name=\"twitter:label1\" content=\"Est. reading time\" \/>\n\t<meta name=\"twitter:data1\" content=\"4 min\u00faty\" \/>\n<script type=\"application\/ld+json\" class=\"yoast-schema-graph\">{\"@context\":\"https:\/\/schema.org\",\"@graph\":[{\"@type\":\"WebPage\",\"@id\":\"https:\/\/www.elementvape.de\/produkt\/geniesse-50-000-zuege-mit-strawberry-watermelon-und-black-dragon-ice-intensiver-fruchtgeschmack-trifft-auf-eiskalte-frische\/\",\"url\":\"https:\/\/www.elementvape.de\/produkt\/geniesse-50-000-zuege-mit-strawberry-watermelon-und-black-dragon-ice-intensiver-fruchtgeschmack-trifft-auf-eiskalte-frische\/\",\"name\":\"Genie\u00dfe 50.000 Z\u00fcge mit Strawberry Watermelon und Black Dragon Ice intensiver Fruchtgeschmack trifft auf eiskalte Frische | ElementVape.de\",\"isPartOf\":{\"@id\":\"https:\/\/www.elementvape.de\/#website\"},\"primaryImageOfPage\":{\"@id\":\"https:\/\/www.elementvape.de\/produkt\/geniesse-50-000-zuege-mit-strawberry-watermelon-und-black-dragon-ice-intensiver-fruchtgeschmack-trifft-auf-eiskalte-frische\/#primaryimage\"},\"image\":{\"@id\":\"https:\/\/www.elementvape.de\/produkt\/geniesse-50-000-zuege-mit-strawberry-watermelon-und-black-dragon-ice-intensiver-fruchtgeschmack-trifft-auf-eiskalte-frische\/#primaryimage\"},\"thumbnailUrl\":\"https:\/\/www.elementvape.de\/wp-content\/uploads\/2025\/04\/Bang-King-50000-Puffs-StrawberryWatermelon-BlackDragonIce.jpg\",\"datePublished\":\"2025-04-17T07:09:33+00:00\",\"dateModified\":\"2025-04-17T09:36:01+00:00\",\"description\":\"Bang 50000 Z\u00fcge mit Strawberry Watermelon und Black Dragon Ice Geschmack bietet 50ml E-Liquid, 50.000 Z\u00fcge und verschiedene Nikotinst\u00e4rken.\",\"breadcrumb\":{\"@id\":\"https:\/\/www.elementvape.de\/produkt\/geniesse-50-000-zuege-mit-strawberry-watermelon-und-black-dragon-ice-intensiver-fruchtgeschmack-trifft-auf-eiskalte-frische\/#breadcrumb\"},\"inLanguage\":\"sk-SK\",\"potentialAction\":[{\"@type\":\"ReadAction\",\"target\":[\"https:\/\/www.elementvape.de\/produkt\/geniesse-50-000-zuege-mit-strawberry-watermelon-und-black-dragon-ice-intensiver-fruchtgeschmack-trifft-auf-eiskalte-frische\/\"]}]},{\"@type\":\"ImageObject\",\"inLanguage\":\"sk-SK\",\"@id\":\"https:\/\/www.elementvape.de\/produkt\/geniesse-50-000-zuege-mit-strawberry-watermelon-und-black-dragon-ice-intensiver-fruchtgeschmack-trifft-auf-eiskalte-frische\/#primaryimage\",\"url\":\"https:\/\/www.elementvape.de\/wp-content\/uploads\/2025\/04\/Bang-King-50000-Puffs-StrawberryWatermelon-BlackDragonIce.jpg\",\"contentUrl\":\"https:\/\/www.elementvape.de\/wp-content\/uploads\/2025\/04\/Bang-King-50000-Puffs-StrawberryWatermelon-BlackDragonIce.jpg\",\"width\":1000,\"height\":963},{\"@type\":\"BreadcrumbList\",\"@id\":\"https:\/\/www.elementvape.de\/produkt\/geniesse-50-000-zuege-mit-strawberry-watermelon-und-black-dragon-ice-intensiver-fruchtgeschmack-trifft-auf-eiskalte-frische\/#breadcrumb\",\"itemListElement\":[{\"@type\":\"ListItem\",\"position\":1,\"name\":\"Home\",\"item\":\"https:\/\/www.elementvape.de\/\"},{\"@type\":\"ListItem\",\"position\":2,\"name\":\"Shop\",\"item\":\"https:\/\/www.elementvape.de\/shop\/\"},{\"@type\":\"ListItem\",\"position\":3,\"name\":\"Genie\u00dfe 50.000 Z\u00fcge mit Strawberry Watermelon und Black Dragon Ice intensiver Fruchtgeschmack trifft auf eiskalte Frische\"}]},{\"@type\":\"WebSite\",\"@id\":\"https:\/\/www.elementvape.de\/#website\",\"url\":\"https:\/\/www.elementvape.de\/\",\"name\":\"ElementVape.de\",\"description\":\"\",\"publisher\":{\"@id\":\"https:\/\/www.elementvape.de\/#organization\"},\"potentialAction\":[{\"@type\":\"SearchAction\",\"target\":{\"@type\":\"EntryPoint\",\"urlTemplate\":\"https:\/\/www.elementvape.de\/?s={search_term_string}\"},\"query-input\":\"required name=search_term_string\"}],\"inLanguage\":\"sk-SK\"},{\"@type\":\"Organization\",\"@id\":\"https:\/\/www.elementvape.de\/#organization\",\"name\":\"ElementVape.DE\",\"url\":\"https:\/\/www.elementvape.de\/\",\"logo\":{\"@type\":\"ImageObject\",\"inLanguage\":\"sk-SK\",\"@id\":\"https:\/\/www.elementvape.de\/#\/schema\/logo\/image\/\",\"url\":\"https:\/\/www.elementvape.de\/wp-content\/uploads\/2024\/09\/cropped-1elementvape-3.png\",\"contentUrl\":\"https:\/\/www.elementvape.de\/wp-content\/uploads\/2024\/09\/cropped-1elementvape-3.png\",\"width\":285,\"height\":228,\"caption\":\"ElementVape.DE\"},\"image\":{\"@id\":\"https:\/\/www.elementvape.de\/#\/schema\/logo\/image\/\"}}]}<\/script>\n<!-- \/ Yoast SEO plugin. -->","yoast_head_json":{"title":"Genie\u00dfe 50.000 Z\u00fcge mit Strawberry Watermelon und Black Dragon Ice intensiver Fruchtgeschmack trifft auf eiskalte Frische | ElementVape.de","description":"Bang 50000 Z\u00fcge mit Strawberry Watermelon und Black Dragon Ice Geschmack bietet 50ml E-Liquid, 50.000 Z\u00fcge und verschiedene Nikotinst\u00e4rken.","robots":{"index":"index","follow":"follow","max-snippet":"max-snippet:-1","max-image-preview":"max-image-preview:large","max-video-preview":"max-video-preview:-1"},"canonical":"https:\/\/www.elementvape.de\/sk\/produkt\/geniesse-50-000-zuege-mit-strawberry-watermelon-und-black-dragon-ice-intensiver-fruchtgeschmack-trifft-auf-eiskalte-frische\/","og_locale":"sk_SK","og_type":"article","og_title":"Genie\u00dfe 50.000 Z\u00fcge mit Strawberry Watermelon und Black Dragon Ice intensiver Fruchtgeschmack trifft auf eiskalte Frische | ElementVape.de","og_description":"Bang 50000 Z\u00fcge mit Strawberry Watermelon und Black Dragon Ice Geschmack bietet 50ml E-Liquid, 50.000 Z\u00fcge und verschiedene Nikotinst\u00e4rken.","og_url":"https:\/\/www.elementvape.de\/sk\/produkt\/geniesse-50-000-zuege-mit-strawberry-watermelon-und-black-dragon-ice-intensiver-fruchtgeschmack-trifft-auf-eiskalte-frische\/","og_site_name":"ElementVape.de","article_modified_time":"2025-04-17T09:36:01+00:00","og_image":[{"width":1000,"height":963,"url":"https:\/\/www.elementvape.de\/wp-content\/uploads\/2025\/04\/Bang-King-50000-Puffs-StrawberryWatermelon-BlackDragonIce.jpg","type":"image\/jpeg"}],"twitter_card":"summary_large_image","twitter_misc":{"Est. reading time":"4 min\u00faty"},"schema":{"@context":"https:\/\/schema.org","@graph":[{"@type":"WebPage","@id":"https:\/\/www.elementvape.de\/produkt\/geniesse-50-000-zuege-mit-strawberry-watermelon-und-black-dragon-ice-intensiver-fruchtgeschmack-trifft-auf-eiskalte-frische\/","url":"https:\/\/www.elementvape.de\/produkt\/geniesse-50-000-zuege-mit-strawberry-watermelon-und-black-dragon-ice-intensiver-fruchtgeschmack-trifft-auf-eiskalte-frische\/","name":"Genie\u00dfe 50.000 Z\u00fcge mit Strawberry Watermelon und Black Dragon Ice intensiver Fruchtgeschmack trifft auf eiskalte Frische | ElementVape.de","isPartOf":{"@id":"https:\/\/www.elementvape.de\/#website"},"primaryImageOfPage":{"@id":"https:\/\/www.elementvape.de\/produkt\/geniesse-50-000-zuege-mit-strawberry-watermelon-und-black-dragon-ice-intensiver-fruchtgeschmack-trifft-auf-eiskalte-frische\/#primaryimage"},"image":{"@id":"https:\/\/www.elementvape.de\/produkt\/geniesse-50-000-zuege-mit-strawberry-watermelon-und-black-dragon-ice-intensiver-fruchtgeschmack-trifft-auf-eiskalte-frische\/#primaryimage"},"thumbnailUrl":"https:\/\/www.elementvape.de\/wp-content\/uploads\/2025\/04\/Bang-King-50000-Puffs-StrawberryWatermelon-BlackDragonIce.jpg","datePublished":"2025-04-17T07:09:33+00:00","dateModified":"2025-04-17T09:36:01+00:00","description":"Bang 50000 Z\u00fcge mit Strawberry Watermelon und Black Dragon Ice Geschmack bietet 50ml E-Liquid, 50.000 Z\u00fcge und verschiedene Nikotinst\u00e4rken.","breadcrumb":{"@id":"https:\/\/www.elementvape.de\/produkt\/geniesse-50-000-zuege-mit-strawberry-watermelon-und-black-dragon-ice-intensiver-fruchtgeschmack-trifft-auf-eiskalte-frische\/#breadcrumb"},"inLanguage":"sk-SK","potentialAction":[{"@type":"ReadAction","target":["https:\/\/www.elementvape.de\/produkt\/geniesse-50-000-zuege-mit-strawberry-watermelon-und-black-dragon-ice-intensiver-fruchtgeschmack-trifft-auf-eiskalte-frische\/"]}]},{"@type":"ImageObject","inLanguage":"sk-SK","@id":"https:\/\/www.elementvape.de\/produkt\/geniesse-50-000-zuege-mit-strawberry-watermelon-und-black-dragon-ice-intensiver-fruchtgeschmack-trifft-auf-eiskalte-frische\/#primaryimage","url":"https:\/\/www.elementvape.de\/wp-content\/uploads\/2025\/04\/Bang-King-50000-Puffs-StrawberryWatermelon-BlackDragonIce.jpg","contentUrl":"https:\/\/www.elementvape.de\/wp-content\/uploads\/2025\/04\/Bang-King-50000-Puffs-StrawberryWatermelon-BlackDragonIce.jpg","width":1000,"height":963},{"@type":"BreadcrumbList","@id":"https:\/\/www.elementvape.de\/produkt\/geniesse-50-000-zuege-mit-strawberry-watermelon-und-black-dragon-ice-intensiver-fruchtgeschmack-trifft-auf-eiskalte-frische\/#breadcrumb","itemListElement":[{"@type":"ListItem","position":1,"name":"Home","item":"https:\/\/www.elementvape.de\/"},{"@type":"ListItem","position":2,"name":"Shop","item":"https:\/\/www.elementvape.de\/shop\/"},{"@type":"ListItem","position":3,"name":"Genie\u00dfe 50.000 Z\u00fcge mit Strawberry Watermelon und Black Dragon Ice intensiver Fruchtgeschmack trifft auf eiskalte Frische"}]},{"@type":"WebSite","@id":"https:\/\/www.elementvape.de\/#website","url":"https:\/\/www.elementvape.de\/","name":"ElementVape.de","description":"","publisher":{"@id":"https:\/\/www.elementvape.de\/#organization"},"potentialAction":[{"@type":"SearchAction","target":{"@type":"EntryPoint","urlTemplate":"https:\/\/www.elementvape.de\/?s={search_term_string}"},"query-input":"required name=search_term_string"}],"inLanguage":"sk-SK"},{"@type":"Organization","@id":"https:\/\/www.elementvape.de\/#organization","name":"ElementVape.DE","url":"https:\/\/www.elementvape.de\/","logo":{"@type":"ImageObject","inLanguage":"sk-SK","@id":"https:\/\/www.elementvape.de\/#\/schema\/logo\/image\/","url":"https:\/\/www.elementvape.de\/wp-content\/uploads\/2024\/09\/cropped-1elementvape-3.png","contentUrl":"https:\/\/www.elementvape.de\/wp-content\/uploads\/2024\/09\/cropped-1elementvape-3.png","width":285,"height":228,"caption":"ElementVape.DE"},"image":{"@id":"https:\/\/www.elementvape.de\/#\/schema\/logo\/image\/"}}]}},"_links":{"self":[{"href":"https:\/\/www.elementvape.de\/sk\/wp-json\/wp\/v2\/product\/16246"}],"collection":[{"href":"https:\/\/www.elementvape.de\/sk\/wp-json\/wp\/v2\/product"}],"about":[{"href":"https:\/\/www.elementvape.de\/sk\/wp-json\/wp\/v2\/types\/product"}],"wp:featuredmedia":[{"embeddable":true,"href":"https:\/\/www.elementvape.de\/sk\/wp-json\/wp\/v2\/media\/16227"}],"wp:attachment":[{"href":"https:\/\/www.elementvape.de\/sk\/wp-json\/wp\/v2\/media?parent=16246"}],"wp:term":[{"taxonomy":"product_cat","embeddable":true,"href":"https:\/\/www.elementvape.de\/sk\/wp-json\/wp\/v2\/product_cat?post=16246"},{"taxonomy":"product_tag","embeddable":true,"href":"https:\/\/www.elementvape.de\/sk\/wp-json\/wp\/v2\/product_tag?post=16246"}],"curies":[{"name":"wp","href":"https:\/\/api.w.org\/{rel}","templated":true}]}}