{"id":16237,"date":"2025-04-17T06:28:03","date_gmt":"2025-04-17T06:28:03","guid":{"rendered":"https:\/\/www.elementvape.de\/?post_type=product&#038;p=16237"},"modified":"2025-04-17T09:36:05","modified_gmt":"2025-04-17T09:36:05","slug":"bang-50000-zuege-red-bull-strawberry-banana-erfrischender-genuss-mit-langanhaltendem-geschmack","status":"publish","type":"product","link":"https:\/\/www.elementvape.de\/sk\/produkt\/bang-50000-zuege-red-bull-strawberry-banana-erfrischender-genuss-mit-langanhaltendem-geschmack\/","title":{"rendered":"Bang 50000 \u0165ahov Red Bull Strawberry Banana osvie\u017euj\u00faci p\u00f4\u017eitok s dlhotrvaj\u00facou chu\u0165ou"},"content":{"rendered":"<h2 data-start=\"0\" data-end=\"98\">Bang 50000 Z\u00fcge Red Bull &amp; Strawberry Banana \u2013 osvie\u017euj\u00faci p\u00f4\u017eitok pre n\u00e1ro\u010dn\u00fdch vaporiz\u00e9rov<\/h2>\n<p class=\"\" data-start=\"100\" data-end=\"596\">Bang 50000 Z\u00fcge je je vynikaj\u00facou vo\u013ebou pre vapery, ktor\u00ed h\u013eadaj\u00fa odoln\u00fd a osvie\u017euj\u00faci z\u00e1\u017eitok z vapovania. S jedine\u010dn\u00fdmi pr\u00edchu\u0165ami Red Bull a Strawberry Banana pon\u00faka kombin\u00e1ciu energetickej svie\u017eosti a ovocnej sladkosti, ktor\u00e1 rob\u00ed ka\u017ed\u00e9 vapovanie v\u00fdnimo\u010dn\u00fdm p\u00f4\u017eitkom. Tento produkt pon\u00faka nielen vynikaj\u00facu rozmanitos\u0165 pr\u00edchut\u00ed, ale aj dlh\u00fa dobu pou\u017e\u00edvania, \u010do ho rob\u00ed nepostr\u00e1date\u013en\u00fdm spolo\u010dn\u00edkom pre vapery v\u0161etk\u00fdch druhov.<\/p>\n<h3 class=\"\" data-start=\"598\" data-end=\"642\">Kombin\u00e1cia osvie\u017eenia a sladkosti<\/h3>\n<p class=\"\" data-start=\"644\" data-end=\"1256\">Chu\u0165 Red Bull je okam\u017eite rozpoznate\u013en\u00e1 a pon\u00faka povzbudzuj\u00facu zmes citr\u00f3nov\u00fdch, kofe\u00ednov\u00fdch a bylinn\u00fdch t\u00f3nov, ktor\u00e9 poskytuj\u00fa energetick\u00fd n\u00e1raz. T\u00e1to ar\u00f3ma vyvol\u00e1va pocit energie a vitality, ide\u00e1lna pre t\u00fdch, ktor\u00ed t\u00fa\u017eia po osvie\u017euj\u00facom a povzbudzuj\u00facom z\u00e1\u017eitku z vapovania. Ke\u010f sa svie\u017ea, citrusov\u00e1 chu\u0165 Red Bull spoj\u00ed so sladkos\u0165ou Strawberry Banana, vznikne dokonal\u00e1 rovnov\u00e1ha. Sladk\u00e1, ovocn\u00e1 chu\u0165 Strawberry Banana prid\u00e1va jemn\u00fa, kr\u00e9mov\u00fa zlo\u017eku, ktor\u00e1 dotv\u00e1ra cel\u00fd z\u00e1\u017eitok z chuti.<\/p>\n<p class=\"\" data-start=\"1258\" data-end=\"1505\">T\u00e1to kombin\u00e1cia Red Bull a Strawberry Banana vytv\u00e1ra nezabudnute\u013en\u00fd z\u00e1\u017eitok z vapovania, ktor\u00fd je osvie\u017euj\u00faci aj pr\u00edjemne sladk\u00fd \u2013 ide\u00e1lny pre vap\u00e9rov, ktor\u00ed h\u013eadaj\u00fa chu\u0165, ktor\u00e1 je z\u00e1rove\u0148 povzbudzuj\u00faca aj chutn\u00e1.<\/p>\n<h3 class=\"\" data-start=\"1507\" data-end=\"1554\">Dlhodob\u00e9 pote\u0161enie s 50000 \u0165ahmi<\/h3>\n<p class=\"\" data-start=\"1556\" data-end=\"2025\">V\u00fdraznou vlastnos\u0165ou Bang 50000 Z\u00fcge je vysok\u00fd po\u010det 50 000 \u0165ahov, ktor\u00fd pon\u00faka svojim pou\u017e\u00edvate\u013eom. V porovnan\u00ed s mnoh\u00fdmi in\u00fdmi jednorazov\u00fdmi vaporiz\u00e9rmi na trhu je to p\u00f4sobiv\u00e9 \u010d\u00edslo, ktor\u00e9 zaru\u010duje, \u017ee nebudete musie\u0165 tak skoro h\u013eada\u0165 n\u00e1hradu. T\u00e1to dlh\u00e1 \u017eivotnos\u0165 zabezpe\u010duje, \u017ee si m\u00f4\u017eete dlhodobo vychutn\u00e1va\u0165 rovnak\u00fa intenz\u00edvnu chu\u0165, bez toho, aby ste museli neust\u00e1le meni\u0165 zariadenie.<\/p>\n<p class=\"\" data-start=\"2027\" data-end=\"2302\">S tak\u00fdm vysok\u00fdm po\u010dtom vlakov si m\u00f4\u017eete by\u0165 ist\u00ed, \u017ee chu\u0165 zostane po\u010das celej doby pou\u017e\u00edvania kon\u0161tantn\u00e1. To je obzvl\u00e1\u0161\u0165 d\u00f4le\u017eit\u00e9 pre vapery, ktor\u00ed pravidelne vapuj\u00fa a chc\u00fa odoln\u00fd produkt, ktor\u00fd spln\u00ed vysok\u00e9 po\u017eiadavky.<\/p>\n<h3 class=\"\" data-start=\"2304\" data-end=\"2362\">Technol\u00f3gia mrie\u017ekov\u00fdch cievok pre lep\u0161ie odparovanie<\/h3>\n<p class=\"\" data-start=\"2364\" data-end=\"2791\">Bang 50000 Z\u00fcge vyu\u017e\u00edva pokro\u010dil\u00fa technol\u00f3giu mrie\u017ekov\u00fdch \u0161pir\u00e1l, ktor\u00e1 zabezpe\u010duje rovnomern\u00e9 odparovanie e-liquidu. Mesh-\u0161pir\u00e1ly pon\u00fakaj\u00fa v porovnan\u00ed s be\u017en\u00fdmi \u0161pir\u00e1lami v\u00e4\u010d\u0161iu povrchov\u00fa plochu, \u010do vedie k efekt\u00edvnej\u0161iemu odparovaniu a lep\u0161iemu zachyteniu ar\u00f3m. To znamen\u00e1, \u017ee s ka\u017ed\u00fdm \u0165ahom si m\u00f4\u017eete vychutna\u0165 pln\u00fa chu\u0165 ar\u00f3m Red Bull a Strawberry Banana.<\/p>\n<p class=\"\" data-start=\"2793\" data-end=\"3036\">T\u00e1to technol\u00f3gia zabezpe\u010duje aj to, \u017ee para je obzvl\u00e1\u0161\u0165 jemn\u00e1 a pr\u00edjemn\u00e1, \u010do rob\u00ed vapovanie pr\u00edjemn\u00fdm z\u00e1\u017eitkom. Mesh-\u017ehavi\u010de s\u00fa tie\u017e odoln\u00e9, tak\u017ee sa nemus\u00edte ob\u00e1va\u0165 \u010dast\u00fdch v\u00fdmen \u017ehavi\u010dov.<\/p>\n<h3 class=\"\" data-start=\"3038\" data-end=\"3090\">Prisp\u00f4sobite\u013en\u00e9 mo\u017enosti nikot\u00ednu pre ka\u017ed\u00fa preferenciu<\/h3>\n<p class=\"\" data-start=\"3092\" data-end=\"3450\">Bang 50000 Z\u00fcge je k dispoz\u00edcii v nieko\u013ek\u00fdch mo\u017enostiach nikot\u00ednu, a to 0%, 2%, 3% a 5%, tak\u017ee si m\u00f4\u017eete prisp\u00f4sobi\u0165 vapovanie pod\u013ea svojich osobn\u00fdch preferenci\u00ed. \u010ci u\u017e uprednost\u0148ujete bezd\u00fdmov\u00e9 z\u00e1\u017eitky alebo si \u017eel\u00e1te miernu a\u017e siln\u00fa d\u00e1vku nikot\u00ednu, s r\u00f4znymi mo\u017enos\u0165ami nikot\u00ednu si m\u00f4\u017eete vybra\u0165 vhodn\u00fa silu.<\/p>\n<p class=\"\" data-start=\"3452\" data-end=\"3649\">T\u00e1to flexibilita rob\u00ed Bang 50000 \u0165ahov ide\u00e1lnym produktom pre vapery v\u0161etk\u00fdch \u00farovn\u00ed sk\u00fasenost\u00ed, od za\u010diato\u010dn\u00edkov po sk\u00fasen\u00fdch vapery, ktor\u00ed h\u013eadaj\u00fa silnej\u0161\u00ed nikot\u00ednov\u00fd z\u00e1\u017eitok.<\/p>\n<h3 class=\"\" data-start=\"3651\" data-end=\"3698\">R\u00fdchle nab\u00edjanie s konektorom Type-C<\/h3>\n<p class=\"\" data-start=\"3700\" data-end=\"4110\">Bat\u00e9ria s kapacitou 850 mAh v Bang 50000 Z\u00fcge poskytuje dostatok v\u00fdkonu pre dlhodob\u00e9 pou\u017e\u00edvanie. V kombin\u00e1cii s nab\u00edjac\u00edm portom Type-C m\u00f4\u017eete zariadenie r\u00fdchlo a efekt\u00edvne nabi\u0165, tak\u017ee nikdy nebudete musie\u0165 dlho \u010daka\u0165 na \u010fal\u0161ie vapovanie. Port Type-C zabezpe\u010duje r\u00fdchle, stabiln\u00e9 a spo\u013eahliv\u00e9 pripojenie, v\u010faka \u010domu budete ma\u0165 zariadenie op\u00e4\u0165 pripraven\u00e9 na pou\u017eitie v kr\u00e1tkom \u010dase.<\/p>\n<h3 class=\"\" data-start=\"4112\" data-end=\"4167\">Vysokokvalitn\u00e9 ingrediencie pre najlep\u0161\u00ed z\u00e1\u017eitok z vapovania<\/h3>\n<p class=\"\" data-start=\"4169\" data-end=\"4586\">Bang 50000 Z\u00e1vodov pou\u017e\u00edva kvalitn\u00e9 zlo\u017eky, aby zabezpe\u010dil, \u017ee ka\u017ed\u00e9 vapovanie bude pr\u00edjemn\u00fdm z\u00e1\u017eitkom. Rastlinn\u00fd glycer\u00edn (VG) a propyl\u00e9nglykol (PG) zabezpe\u010duj\u00fa jemn\u00fa produkciu pary a pr\u00edjemn\u00fa konzistenciu pary. Okrem toho sa pou\u017e\u00edvaj\u00fa pr\u00edrodn\u00e9 a umel\u00e9 ar\u00f3my, ktor\u00e9 robia pr\u00edchute Red Bull a Strawberry Banana intenz\u00edvnymi a dlhotrvaj\u00facimi.<\/p>\n<p class=\"\" data-start=\"4603\" data-end=\"5259\">Bang 50000 Z\u00e1\u0165ahov Red Bull &amp; Strawberry Banana je vynikaj\u00faci produkt, ktor\u00fd pon\u00faka vap\u00e9rovi intenz\u00edvny a dlhotrvaj\u00faci z\u00e1\u017eitok z vapovania. S vysok\u00fdm po\u010dtom z\u00e1\u0165ahov 50 000, pokro\u010dilou technol\u00f3giou mesh-\u0161pir\u00e1lky, flexibiln\u00fdmi mo\u017enos\u0165ami nikot\u00ednu a r\u00fdchlym nab\u00edjac\u00edm portom Type-C je ide\u00e1lnou vo\u013ebou pre vap\u00e9rovcov, ktor\u00ed h\u013eadaj\u00fa osvie\u017euj\u00facu a ovocn\u00fa chu\u0165, ktor\u00e1 z\u00e1rove\u0148 poskytuje dlh\u00fa v\u00fddr\u017e. \u010ci u\u017e h\u013ead\u00e1te osvie\u017euj\u00faci z\u00e1\u017eitok Red Bull alebo sladk\u00fa svie\u017eos\u0165 Strawberry Banana, toto zariadenie posunie va\u0161e o\u010dak\u00e1vania od vapovania na nov\u00fa \u00farove\u0148.<\/p>","protected":false},"excerpt":{"rendered":"<p>Bang 50000 Z\u00fcge Red Bull &amp; Strawberry Banana \u2013 Erfrischender Genuss f\u00fcr anspruchsvolle Dampfer Das Bang 50000 Z\u00fcge ist eine ausgezeichnete Wahl f\u00fcr Dampfer, die ein langlebiges und erfrischendes Dampferlebnis suchen. Mit den einzigartigen Aromen Red Bull und Strawberry Banana bietet es eine Kombination aus energetischer Frische und fruchtiger S\u00fc\u00dfe, die jedes Dampfen zu einem [&hellip;]<\/p>","protected":false},"featured_media":16224,"template":"","meta":{"inline_featured_image":false},"product_cat":[776],"product_tag":[778],"tiered_pricing_type":"fixed","tiered_pricing_fixed_rules":[],"tiered_pricing_percentage_rules":[],"tiered_pricing_minimum":1,"_administrator_tiered_pricing_type":"fixed","_administrator_tiered_pricing_fixed_rules":[],"_editor_tiered_pricing_type":"fixed","_editor_tiered_pricing_fixed_rules":[],"_author_tiered_pricing_type":"fixed","_author_tiered_pricing_fixed_rules":[],"_contributor_tiered_pricing_type":"fixed","_contributor_tiered_pricing_fixed_rules":[],"_subscriber_tiered_pricing_type":"fixed","_subscriber_tiered_pricing_fixed_rules":[],"_customer_tiered_pricing_type":"fixed","_customer_tiered_pricing_fixed_rules":[],"_shop_manager_tiered_pricing_type":"fixed","_shop_manager_tiered_pricing_fixed_rules":[],"_wpseo_manager_tiered_pricing_type":"fixed","_wpseo_manager_tiered_pricing_fixed_rules":[],"_wpseo_editor_tiered_pricing_type":"fixed","_wpseo_editor_tiered_pricing_fixed_rules":[],"_wholesale_customer_tiered_pricing_type":"fixed","_wholesale_customer_tiered_pricing_fixed_rules":[],"_marketer_tiered_pricing_type":"fixed","_marketer_tiered_pricing_fixed_rules":[],"_sales_manager_tiered_pricing_type":"fixed","_sales_manager_tiered_pricing_fixed_rules":[],"_sales_rep_tiered_pricing_type":"fixed","_sales_rep_tiered_pricing_fixed_rules":[],"yoast_head":"<!-- This site is optimized with the Yoast SEO plugin v23.3 - https:\/\/yoast.com\/wordpress\/plugins\/seo\/ -->\n<title>Bang 50000 Z\u00fcge Red Bull Strawberry Banana Erfrischender Genuss mit langanhaltendem Geschmack | ElementVape.de<\/title>\n<meta name=\"description\" content=\"Genie\u00dfe den erfrischenden Red Bull und s\u00fc\u00dfen Strawberry Banana Geschmack mit 50.000 Z\u00fcgen, langanhaltendem Dampfgenuss und starker Leistung\" \/>\n<meta name=\"robots\" content=\"index, follow, max-snippet:-1, max-image-preview:large, max-video-preview:-1\" \/>\n<link rel=\"canonical\" href=\"https:\/\/www.elementvape.de\/sk\/produkt\/bang-50000-zuege-red-bull-strawberry-banana-erfrischender-genuss-mit-langanhaltendem-geschmack\/\" \/>\n<meta property=\"og:locale\" content=\"sk_SK\" \/>\n<meta property=\"og:type\" content=\"article\" \/>\n<meta property=\"og:title\" content=\"Bang 50000 Z\u00fcge Red Bull Strawberry Banana Erfrischender Genuss mit langanhaltendem Geschmack | ElementVape.de\" \/>\n<meta property=\"og:description\" content=\"Genie\u00dfe den erfrischenden Red Bull und s\u00fc\u00dfen Strawberry Banana Geschmack mit 50.000 Z\u00fcgen, langanhaltendem Dampfgenuss und starker Leistung\" \/>\n<meta property=\"og:url\" content=\"https:\/\/www.elementvape.de\/sk\/produkt\/bang-50000-zuege-red-bull-strawberry-banana-erfrischender-genuss-mit-langanhaltendem-geschmack\/\" \/>\n<meta property=\"og:site_name\" content=\"ElementVape.de\" \/>\n<meta property=\"article:modified_time\" content=\"2025-04-17T09:36:05+00:00\" \/>\n<meta property=\"og:image\" content=\"https:\/\/www.elementvape.de\/wp-content\/uploads\/2025\/04\/Bang-King-50000-Puffs-RedBull-StrawberryBanana.jpg\" \/>\n\t<meta property=\"og:image:width\" content=\"1000\" \/>\n\t<meta property=\"og:image:height\" content=\"963\" \/>\n\t<meta property=\"og:image:type\" content=\"image\/jpeg\" \/>\n<meta name=\"twitter:card\" content=\"summary_large_image\" \/>\n<meta name=\"twitter:label1\" content=\"Est. reading time\" \/>\n\t<meta name=\"twitter:data1\" content=\"5 min\u00fat\" \/>\n<script type=\"application\/ld+json\" class=\"yoast-schema-graph\">{\"@context\":\"https:\/\/schema.org\",\"@graph\":[{\"@type\":\"WebPage\",\"@id\":\"https:\/\/www.elementvape.de\/produkt\/bang-50000-zuege-red-bull-strawberry-banana-erfrischender-genuss-mit-langanhaltendem-geschmack\/\",\"url\":\"https:\/\/www.elementvape.de\/produkt\/bang-50000-zuege-red-bull-strawberry-banana-erfrischender-genuss-mit-langanhaltendem-geschmack\/\",\"name\":\"Bang 50000 Z\u00fcge Red Bull Strawberry Banana Erfrischender Genuss mit langanhaltendem Geschmack | ElementVape.de\",\"isPartOf\":{\"@id\":\"https:\/\/www.elementvape.de\/#website\"},\"primaryImageOfPage\":{\"@id\":\"https:\/\/www.elementvape.de\/produkt\/bang-50000-zuege-red-bull-strawberry-banana-erfrischender-genuss-mit-langanhaltendem-geschmack\/#primaryimage\"},\"image\":{\"@id\":\"https:\/\/www.elementvape.de\/produkt\/bang-50000-zuege-red-bull-strawberry-banana-erfrischender-genuss-mit-langanhaltendem-geschmack\/#primaryimage\"},\"thumbnailUrl\":\"https:\/\/www.elementvape.de\/wp-content\/uploads\/2025\/04\/Bang-King-50000-Puffs-RedBull-StrawberryBanana.jpg\",\"datePublished\":\"2025-04-17T06:28:03+00:00\",\"dateModified\":\"2025-04-17T09:36:05+00:00\",\"description\":\"Genie\u00dfe den erfrischenden Red Bull und s\u00fc\u00dfen Strawberry Banana Geschmack mit 50.000 Z\u00fcgen, langanhaltendem Dampfgenuss und starker Leistung\",\"breadcrumb\":{\"@id\":\"https:\/\/www.elementvape.de\/produkt\/bang-50000-zuege-red-bull-strawberry-banana-erfrischender-genuss-mit-langanhaltendem-geschmack\/#breadcrumb\"},\"inLanguage\":\"sk-SK\",\"potentialAction\":[{\"@type\":\"ReadAction\",\"target\":[\"https:\/\/www.elementvape.de\/produkt\/bang-50000-zuege-red-bull-strawberry-banana-erfrischender-genuss-mit-langanhaltendem-geschmack\/\"]}]},{\"@type\":\"ImageObject\",\"inLanguage\":\"sk-SK\",\"@id\":\"https:\/\/www.elementvape.de\/produkt\/bang-50000-zuege-red-bull-strawberry-banana-erfrischender-genuss-mit-langanhaltendem-geschmack\/#primaryimage\",\"url\":\"https:\/\/www.elementvape.de\/wp-content\/uploads\/2025\/04\/Bang-King-50000-Puffs-RedBull-StrawberryBanana.jpg\",\"contentUrl\":\"https:\/\/www.elementvape.de\/wp-content\/uploads\/2025\/04\/Bang-King-50000-Puffs-RedBull-StrawberryBanana.jpg\",\"width\":1000,\"height\":963},{\"@type\":\"BreadcrumbList\",\"@id\":\"https:\/\/www.elementvape.de\/produkt\/bang-50000-zuege-red-bull-strawberry-banana-erfrischender-genuss-mit-langanhaltendem-geschmack\/#breadcrumb\",\"itemListElement\":[{\"@type\":\"ListItem\",\"position\":1,\"name\":\"Home\",\"item\":\"https:\/\/www.elementvape.de\/\"},{\"@type\":\"ListItem\",\"position\":2,\"name\":\"Shop\",\"item\":\"https:\/\/www.elementvape.de\/shop\/\"},{\"@type\":\"ListItem\",\"position\":3,\"name\":\"Bang 50000 Z\u00fcge Red Bull Strawberry Banana Erfrischender Genuss mit langanhaltendem Geschmack\"}]},{\"@type\":\"WebSite\",\"@id\":\"https:\/\/www.elementvape.de\/#website\",\"url\":\"https:\/\/www.elementvape.de\/\",\"name\":\"ElementVape.de\",\"description\":\"\",\"publisher\":{\"@id\":\"https:\/\/www.elementvape.de\/#organization\"},\"potentialAction\":[{\"@type\":\"SearchAction\",\"target\":{\"@type\":\"EntryPoint\",\"urlTemplate\":\"https:\/\/www.elementvape.de\/?s={search_term_string}\"},\"query-input\":\"required name=search_term_string\"}],\"inLanguage\":\"sk-SK\"},{\"@type\":\"Organization\",\"@id\":\"https:\/\/www.elementvape.de\/#organization\",\"name\":\"ElementVape.DE\",\"url\":\"https:\/\/www.elementvape.de\/\",\"logo\":{\"@type\":\"ImageObject\",\"inLanguage\":\"sk-SK\",\"@id\":\"https:\/\/www.elementvape.de\/#\/schema\/logo\/image\/\",\"url\":\"https:\/\/www.elementvape.de\/wp-content\/uploads\/2024\/09\/cropped-1elementvape-3.png\",\"contentUrl\":\"https:\/\/www.elementvape.de\/wp-content\/uploads\/2024\/09\/cropped-1elementvape-3.png\",\"width\":285,\"height\":228,\"caption\":\"ElementVape.DE\"},\"image\":{\"@id\":\"https:\/\/www.elementvape.de\/#\/schema\/logo\/image\/\"}}]}<\/script>\n<!-- \/ Yoast SEO plugin. -->","yoast_head_json":{"title":"Bang 50000 Z\u00fcge Red Bull Strawberry Banana Erfrischender Genuss mit langanhaltendem Geschmack | ElementVape.de","description":"Genie\u00dfe den erfrischenden Red Bull und s\u00fc\u00dfen Strawberry Banana Geschmack mit 50.000 Z\u00fcgen, langanhaltendem Dampfgenuss und starker Leistung","robots":{"index":"index","follow":"follow","max-snippet":"max-snippet:-1","max-image-preview":"max-image-preview:large","max-video-preview":"max-video-preview:-1"},"canonical":"https:\/\/www.elementvape.de\/sk\/produkt\/bang-50000-zuege-red-bull-strawberry-banana-erfrischender-genuss-mit-langanhaltendem-geschmack\/","og_locale":"sk_SK","og_type":"article","og_title":"Bang 50000 Z\u00fcge Red Bull Strawberry Banana Erfrischender Genuss mit langanhaltendem Geschmack | ElementVape.de","og_description":"Genie\u00dfe den erfrischenden Red Bull und s\u00fc\u00dfen Strawberry Banana Geschmack mit 50.000 Z\u00fcgen, langanhaltendem Dampfgenuss und starker Leistung","og_url":"https:\/\/www.elementvape.de\/sk\/produkt\/bang-50000-zuege-red-bull-strawberry-banana-erfrischender-genuss-mit-langanhaltendem-geschmack\/","og_site_name":"ElementVape.de","article_modified_time":"2025-04-17T09:36:05+00:00","og_image":[{"width":1000,"height":963,"url":"https:\/\/www.elementvape.de\/wp-content\/uploads\/2025\/04\/Bang-King-50000-Puffs-RedBull-StrawberryBanana.jpg","type":"image\/jpeg"}],"twitter_card":"summary_large_image","twitter_misc":{"Est. reading time":"5 min\u00fat"},"schema":{"@context":"https:\/\/schema.org","@graph":[{"@type":"WebPage","@id":"https:\/\/www.elementvape.de\/produkt\/bang-50000-zuege-red-bull-strawberry-banana-erfrischender-genuss-mit-langanhaltendem-geschmack\/","url":"https:\/\/www.elementvape.de\/produkt\/bang-50000-zuege-red-bull-strawberry-banana-erfrischender-genuss-mit-langanhaltendem-geschmack\/","name":"Bang 50000 Z\u00fcge Red Bull Strawberry Banana Erfrischender Genuss mit langanhaltendem Geschmack | ElementVape.de","isPartOf":{"@id":"https:\/\/www.elementvape.de\/#website"},"primaryImageOfPage":{"@id":"https:\/\/www.elementvape.de\/produkt\/bang-50000-zuege-red-bull-strawberry-banana-erfrischender-genuss-mit-langanhaltendem-geschmack\/#primaryimage"},"image":{"@id":"https:\/\/www.elementvape.de\/produkt\/bang-50000-zuege-red-bull-strawberry-banana-erfrischender-genuss-mit-langanhaltendem-geschmack\/#primaryimage"},"thumbnailUrl":"https:\/\/www.elementvape.de\/wp-content\/uploads\/2025\/04\/Bang-King-50000-Puffs-RedBull-StrawberryBanana.jpg","datePublished":"2025-04-17T06:28:03+00:00","dateModified":"2025-04-17T09:36:05+00:00","description":"Genie\u00dfe den erfrischenden Red Bull und s\u00fc\u00dfen Strawberry Banana Geschmack mit 50.000 Z\u00fcgen, langanhaltendem Dampfgenuss und starker Leistung","breadcrumb":{"@id":"https:\/\/www.elementvape.de\/produkt\/bang-50000-zuege-red-bull-strawberry-banana-erfrischender-genuss-mit-langanhaltendem-geschmack\/#breadcrumb"},"inLanguage":"sk-SK","potentialAction":[{"@type":"ReadAction","target":["https:\/\/www.elementvape.de\/produkt\/bang-50000-zuege-red-bull-strawberry-banana-erfrischender-genuss-mit-langanhaltendem-geschmack\/"]}]},{"@type":"ImageObject","inLanguage":"sk-SK","@id":"https:\/\/www.elementvape.de\/produkt\/bang-50000-zuege-red-bull-strawberry-banana-erfrischender-genuss-mit-langanhaltendem-geschmack\/#primaryimage","url":"https:\/\/www.elementvape.de\/wp-content\/uploads\/2025\/04\/Bang-King-50000-Puffs-RedBull-StrawberryBanana.jpg","contentUrl":"https:\/\/www.elementvape.de\/wp-content\/uploads\/2025\/04\/Bang-King-50000-Puffs-RedBull-StrawberryBanana.jpg","width":1000,"height":963},{"@type":"BreadcrumbList","@id":"https:\/\/www.elementvape.de\/produkt\/bang-50000-zuege-red-bull-strawberry-banana-erfrischender-genuss-mit-langanhaltendem-geschmack\/#breadcrumb","itemListElement":[{"@type":"ListItem","position":1,"name":"Home","item":"https:\/\/www.elementvape.de\/"},{"@type":"ListItem","position":2,"name":"Shop","item":"https:\/\/www.elementvape.de\/shop\/"},{"@type":"ListItem","position":3,"name":"Bang 50000 Z\u00fcge Red Bull Strawberry Banana Erfrischender Genuss mit langanhaltendem Geschmack"}]},{"@type":"WebSite","@id":"https:\/\/www.elementvape.de\/#website","url":"https:\/\/www.elementvape.de\/","name":"ElementVape.de","description":"","publisher":{"@id":"https:\/\/www.elementvape.de\/#organization"},"potentialAction":[{"@type":"SearchAction","target":{"@type":"EntryPoint","urlTemplate":"https:\/\/www.elementvape.de\/?s={search_term_string}"},"query-input":"required name=search_term_string"}],"inLanguage":"sk-SK"},{"@type":"Organization","@id":"https:\/\/www.elementvape.de\/#organization","name":"ElementVape.DE","url":"https:\/\/www.elementvape.de\/","logo":{"@type":"ImageObject","inLanguage":"sk-SK","@id":"https:\/\/www.elementvape.de\/#\/schema\/logo\/image\/","url":"https:\/\/www.elementvape.de\/wp-content\/uploads\/2024\/09\/cropped-1elementvape-3.png","contentUrl":"https:\/\/www.elementvape.de\/wp-content\/uploads\/2024\/09\/cropped-1elementvape-3.png","width":285,"height":228,"caption":"ElementVape.DE"},"image":{"@id":"https:\/\/www.elementvape.de\/#\/schema\/logo\/image\/"}}]}},"_links":{"self":[{"href":"https:\/\/www.elementvape.de\/sk\/wp-json\/wp\/v2\/product\/16237"}],"collection":[{"href":"https:\/\/www.elementvape.de\/sk\/wp-json\/wp\/v2\/product"}],"about":[{"href":"https:\/\/www.elementvape.de\/sk\/wp-json\/wp\/v2\/types\/product"}],"wp:featuredmedia":[{"embeddable":true,"href":"https:\/\/www.elementvape.de\/sk\/wp-json\/wp\/v2\/media\/16224"}],"wp:attachment":[{"href":"https:\/\/www.elementvape.de\/sk\/wp-json\/wp\/v2\/media?parent=16237"}],"wp:term":[{"taxonomy":"product_cat","embeddable":true,"href":"https:\/\/www.elementvape.de\/sk\/wp-json\/wp\/v2\/product_cat?post=16237"},{"taxonomy":"product_tag","embeddable":true,"href":"https:\/\/www.elementvape.de\/sk\/wp-json\/wp\/v2\/product_tag?post=16237"}],"curies":[{"name":"wp","href":"https:\/\/api.w.org\/{rel}","templated":true}]}}