{"id":15334,"date":"2024-11-23T06:11:16","date_gmt":"2024-11-23T06:11:16","guid":{"rendered":"https:\/\/www.elementvape.de\/?post_type=product&#038;p=15334"},"modified":"2024-11-23T06:22:01","modified_gmt":"2024-11-23T06:22:01","slug":"bang-king-puffs-key-type-e-zigarette-peach-ice-fruchtige-suesse-trifft-auf-erfrischende-kuehle","status":"publish","type":"product","link":"https:\/\/www.elementvape.de\/sk\/produkt\/bang-king-puffs-key-type-e-zigarette-peach-ice-fruchtige-suesse-trifft-auf-erfrischende-kuehle\/","title":{"rendered":"Bang King PUFFS KEY TYP E-Cigareta Peach Ice Ovocn\u00e1 sladkos\u0165 stret\u00e1va osvie\u017euj\u00facu chladivos\u0165"},"content":{"rendered":"<h2>PEACH ICE BANG KING 12000 PUFFS KEY TYPE E-cigareta Za\u017eite svie\u017eu brosky\u0148ov\u00fa chu\u0165 s \u013eadov\u00fdm kopnut\u00edm<\/h2>\n<p>PEACH ICE BANG KING 12000 PUFFS KEY TYPE E-cigareta v\u00e1m pon\u00faka dokonal\u00fd chu\u0165ov\u00fd z\u00e1\u017eitok na cel\u00fd de\u0148. T\u00e1to E-cigareta kombinuje \u0161\u0165avnat\u00fa brosky\u0148ov\u00fa chu\u0165 s \u013eadovou svie\u017eos\u0165ou, ktor\u00e1 pri ka\u017edom potiahnut\u00ed prin\u00e1\u0161a osvie\u017euj\u00facu chu\u0165ov\u00fa expl\u00f3ziu. Bez oh\u013eadu na to, \u010di milujete ovocn\u00fa brosky\u0148ov\u00fa chu\u0165 alebo chladiv\u00fd pocit, t\u00e1to E-cigareta sp\u00e1ja oboje perfektne a pon\u00faka neporovnate\u013en\u00fd z\u00e1\u017eitok.<\/p>\n<h3>Produktov\u00e9 technick\u00e9 \u0161pecifik\u00e1cie<\/h3>\n<table>\n<thead>\n<tr>\n<th>Parametre<\/th>\n<th>Detaily<\/th>\n<\/tr>\n<\/thead>\n<tbody>\n<tr>\n<td>Potiahnutia<\/td>\n<td>12000<\/td>\n<\/tr>\n<tr>\n<td>Kapacita e-liquidu<\/td>\n<td>12ml<\/td>\n<\/tr>\n<tr>\n<td>Odpor<\/td>\n<td>1,2 Ohm (sie\u0165ov\u00e1 cievka)<\/td>\n<\/tr>\n<tr>\n<td>Kapacita bat\u00e9rie<\/td>\n<td>600mAh<\/td>\n<\/tr>\n<tr>\n<td>Pripojenie na nab\u00edjanie<\/td>\n<td>Type-C r\u00fdchlonab\u00edjac\u00ed port<\/td>\n<\/tr>\n<tr>\n<td>Rozmery<\/td>\n<td>Kompaktn\u00e1, prenosn\u00e1 ve\u013ekos\u0165<\/td>\n<\/tr>\n<\/tbody>\n<\/table>\n<h3>\u010co rob\u00ed PEACH ICE BANG KING 12000 PUFFS jedine\u010dnou?<\/h3>\n<h4>Ovocn\u00e1 a svie\u017ea \u2013 brosky\u0148ov\u00e1 chu\u0165<\/h4>\n<p>PEACH ICE BANG KING 12000 PUFFS pon\u00faka autentick\u00fa chu\u0165 \u010derstvo nazbieran\u00fdch, \u0161\u0165avnat\u00fdch brosk\u00fd\u0148. Chu\u0165 je svie\u017ea a sladk\u00e1, ale nie prehnan\u00e1. Ka\u017ed\u00e9 potiahnutie prin\u00e1\u0161a lahodn\u00fa ovocn\u00fa chu\u0165 priamo na v\u00e1\u0161 jazyk, \u010do z nej rob\u00ed ide\u00e1lnu vo\u013ebu pre v\u0161etk\u00fdch, ktor\u00ed uprednost\u0148uj\u00fa ovocn\u00e9 ar\u00f3my.<\/p>\n<h4>\u013dadov\u00e1 svie\u017eos\u0165 \u2013 \u013eadov\u00fd efekt<\/h4>\n<p>T\u00e1to E-cigareta pon\u00faka nielen lahodn\u00fa brosky\u0148ov\u00fa chu\u0165, ale aj chladiv\u00fd, osvie\u017euj\u00faci t\u00f3n. \u013dadov\u00fd efekt zais\u0165uje, \u017ee ka\u017ed\u00e9 potiahnutie je pr\u00ed\u0165a\u017elivo svie\u017ee a chladn\u00e9. Obzvl\u00e1\u0161\u0165 v hor\u00facich d\u0148och je \u013eadov\u00e1 chu\u0165 v\u00edtan\u00fdm spestren\u00edm, ktor\u00e9 v\u00e1m pom\u00f4\u017ee osvie\u017ei\u0165 sa.<\/p>\n<h3>Technick\u00e9 vlastnosti PEACH ICE BANG KING 12000 PUFFS<\/h3>\n<h4>1. 12000 Puffs \u2013 dlhotrvaj\u00faci z\u00e1\u017eitok<\/h4>\n<p>PEACH ICE BANG KING 12000 PUFFS m\u00e1 enormn\u00fd po\u010det 12000 Puffs, \u010do zaru\u010duje dlh\u00fa dobu pou\u017e\u00edvania. Nemus\u00edte sa ob\u00e1va\u0165, <strong><a href=\"https:\/\/www.elementvape.de\/sk\/\">E-cigareta<\/a><\/strong> \u010dasto meni\u0165 alebo dop\u013a\u0148a\u0165. E-cigareta vydr\u017e\u00ed dlho a pon\u00faka v\u00e1m po\u010das svojej \u017eivotnosti kon\u0161tantn\u00fd, kvalitn\u00fd chu\u0165ov\u00fd z\u00e1\u017eitok.<\/p>\n<h4>2. 12ml E-Liquid Kapacita \u2013 dlhotrvaj\u00faca chu\u0165<\/h4>\n<p>S kapacitou 12ml si m\u00f4\u017eete dlho u\u017e\u00edva\u0165, bez toho, aby ste sa museli zam\u00fd\u0161\u013ea\u0165 nad \u010dast\u00fdm dop\u013a\u0148an\u00edm. T\u00e1to ve\u013ekorys\u00e1 E-Liquid-kapacita zais\u0165uje, \u017ee pri ka\u017edom potiahnut\u00ed za\u017eijete rovnak\u00fa svie\u017eu brosky\u0148ov\u00fa a \u013eadov\u00fa chu\u0165.<\/p>\n<h4>3. 1,2 Ohm Odpor \u2013 optim\u00e1lny z\u00e1\u017eitok z odparovania<\/h4>\n<p>S 1,2 Ohm sie\u0165ovou cievkou pon\u00faka PEACH ICE BANG KING rovnomern\u00e9 odparovanie, ktor\u00e9 zais\u0165uje ide\u00e1lny v\u00fddaj pary. Odpor 1,2 Ohm zais\u0165uje, \u017ee para nie je len dobre chu\u0165ovo zladen\u00e1, ale pon\u00faka aj perfektn\u00fa zmes pary, ktor\u00e1 zosil\u0148uje chu\u0165 broskyne a \u013eadu.<\/p>\n<h4>4. Kompaktn\u00e1 a prenosn\u00e1 ve\u013ekos\u0165<\/h4>\n<p>PEACH ICE BANG KING 12000 PUFFS vynik\u00e1 svoj\u00edm kompaktn\u00fdm dizajnom, ktor\u00fd ju rob\u00ed \u013eahko prenosnou. M\u00f4\u017eete ju bez probl\u00e9mov vlo\u017ei\u0165 do ta\u0161ky alebo pr\u00edru\u010dnej bato\u017einy a ma\u0165 ju v\u017edy po ruke, aby ste si mohli vychutna\u0165 \u010derstv\u00fa chu\u0165 broskyne. T\u00e1to e-cigareta je ide\u00e1lna pre \u013eud\u00ed, ktor\u00ed h\u013eadaj\u00fa praktick\u00e9 a prenosn\u00e9 zariadenie.<\/p>\n<h4>5. R\u00fdchlonab\u00edjac\u00ed port Type-C \u2013 R\u00fdchle nab\u00edjanie<\/h4>\n<p>S r\u00fdchlonab\u00edjac\u00edm portom Type-C m\u00f4\u017eete svoju PEACH ICE BANG KING 12000 PUFFS r\u00fdchlo a efekt\u00edvne nabi\u0165. R\u00fdchlonab\u00edjac\u00ed port zabezpe\u010duje, \u017ee svoju e-cigaretu nabijete behom okamihu, tak\u017ee nemus\u00edte dlho \u010daka\u0165 na \u010fal\u0161ie potiahnutie pary.<\/p>\n<h3>Pre\u010do si vybra\u0165 PEACH ICE BANG KING 12000 PUFFS?<\/h3>\n<p>PEACH ICE BANG KING 12000 PUFFS je ide\u00e1lnou vo\u013ebou pre vapery, ktor\u00ed h\u013eadaj\u00fa \u010derstv\u00fd, ovocn\u00fd a dlhotrvaj\u00faci chu\u0165ov\u00fd z\u00e1\u017eitok. Tu je nieko\u013eko d\u00f4vodov, pre\u010do by ste si mali vybra\u0165 t\u00fato e-cigaretu:<\/p>\n<p>1. Sladk\u00e1 chu\u0165 broskyne a \u013eadov\u00e1 svie\u017eos\u0165 \u2013 Dokonal\u00e1 kombin\u00e1cia<\/p>\n<p>PEACH ICE BANG KING 12000 PUFFS kombinuje sladk\u00fa, \u010derstv\u00fa chu\u0165 brosk\u00fd\u0148 s osvie\u017euj\u00facou \u013eadovou pozn\u00e1mkou, \u010d\u00edm pon\u00faka vyv\u00e1\u017een\u00fd a bohat\u00fd chu\u0165ov\u00fd z\u00e1\u017eitok. Ka\u017ed\u00e9 potiahnutie zabezpe\u010duje dokonal\u00fa zmes sladk\u00fdch, ovocn\u00fdch t\u00f3nov a chladiv\u00e9ho, osvie\u017euj\u00faceho \u013eadov\u00e9ho chuti.<\/p>\n<p>2. 12000 potiahnut\u00ed pre dlhodob\u00fd p\u00f4\u017eitok<\/p>\n<p>S 12000 potiahnutiami t\u00e1to e-cigareta pon\u00faka dlh\u00fa dobu pou\u017e\u00edvania a zabezpe\u010duje, \u017ee nebudete musie\u0165 st\u00e1le h\u013eada\u0165 n\u00e1hradn\u00e9 alebo dop\u013a\u0148a\u0165 n\u00e1pl\u0148. To z nej rob\u00ed ide\u00e1lnu vo\u013ebu pre vapery, ktor\u00ed si radi vychutn\u00e1vaj\u00fa dlh\u00e9 obdobie bez preru\u0161enia.<\/p>\n<p>3. Prenosn\u00e1 a \u013eahko pou\u017eite\u013en\u00e1<\/p>\n<p>V\u010faka svojmu kompaktn\u00e9mu dizajnu je PEACH ICE BANG KING 12000 PUFFS mimoriadne prenosn\u00e1. M\u00f4\u017eete ju vzia\u0165 kamko\u013evek a kedyko\u013evek si vychutna\u0165 osvie\u017euj\u00faci potiahnutie. Bez probl\u00e9mov sa zmest\u00ed do ka\u017edej ta\u0161ky a je ide\u00e1lna na ka\u017edodenn\u00e9 pou\u017eitie.<\/p>\n<p>4. Technol\u00f3gia r\u00fdchleho nab\u00edjania<\/p>\n<p>V\u010faka r\u00fdchlonab\u00edjaciemu portu Type-C m\u00f4\u017eete svoju PEACH ICE BANG KING 12000 PUFFS nabi\u0165 v najkrat\u0161om \u010dase. R\u00fdchlonab\u00edjacia technol\u00f3gia v\u00e1m umo\u017e\u0148uje r\u00fdchlo op\u00e4\u0165 pou\u017e\u00edva\u0165 zariadenie, tak\u017ee nebudete musie\u0165 \u010daka\u0165 na dlh\u00e9 nab\u00edjanie.<\/p>\n<p>5. Dokonal\u00e1 osvie\u017eenie<\/p>\n<p>Kombin\u00e1cia ovocnej chuti broskyne a \u013eadovej svie\u017eosti zabezpe\u010duje jedine\u010dn\u00fd z\u00e1\u017eitok z vapovania. Obzvl\u00e1\u0161\u0165 v hor\u00facich letn\u00fdch d\u0148och alebo po n\u00e1ro\u010dnom dni v\u00e1m t\u00e1to chladiv\u00e1 svie\u017eos\u0165 tejto e-cigarety poskytne osvie\u017eenie.<\/p>\n<h3>PEACH ICE BANG KING 12000 PUFFS K\u013d\u00da\u010cOV\u00dd TYP<\/h3>\n<p>PEACH ICE BANG KING 12000 PUFFS je ide\u00e1lnou vo\u013ebou pre vapery, ktor\u00ed h\u013eadaj\u00fa dlhotrvaj\u00faci, \u010derstv\u00fd a ovocn\u00fd chu\u0165ov\u00fd z\u00e1\u017eitok. S vysok\u00fdm po\u010dtom potiahnut\u00ed 12000, ve\u013ekorytou kapacitou e-liquidu 12 ml a praktick\u00fdm r\u00fdchlonab\u00edjac\u00edm portom Type-C pon\u00faka t\u00e1to e-cigareta v\u0161etko, \u010do si m\u00f4\u017eete pria\u0165. Vychutnajte si sladk\u00fa chu\u0165 broskyne a osvie\u017euj\u00facu \u013eadov\u00fa pozn\u00e1mku v ka\u017edom potiahnut\u00ed \u2013 v\u0161ade a kedyko\u013evek.<\/p>\n<p>Vysk\u00fa\u0161ajte teraz PEACH ICE BANG KING 12000 PUFFS a vychutnajte si dokonal\u00fa kombin\u00e1ciu \u010derstvej broskyne a \u013eadov\u00e9ho kopu!<\/p>","protected":false},"excerpt":{"rendered":"<p>PEACH ICE BANG KING 12000 PUFFS KEY TYPE E-Zigarette Erleben Sie den frischen Pfirsichgeschmack mit eisigem Kick Die PEACH ICE BANG KING 12000 PUFFS KEY TYPE E-Zigarette bietet Ihnen ein perfektes Geschmackserlebnis f\u00fcr den ganzen Tag. Diese E-Zigarette kombiniert den saftigen Pfirsichgeschmack mit einer eisigen Frische, die bei jedem Zug eine erfrischende Geschmacksexplosion liefert. Egal, [&hellip;]<\/p>","protected":false},"featured_media":15336,"template":"","meta":{"inline_featured_image":false},"product_cat":[774,740,734,753],"product_tag":[710,673],"tiered_pricing_type":"fixed","tiered_pricing_fixed_rules":{"60":"6.24","110":"5.54","200":"4.85"},"tiered_pricing_percentage_rules":[],"tiered_pricing_minimum":1,"_administrator_tiered_pricing_type":"fixed","_administrator_tiered_pricing_fixed_rules":[],"_editor_tiered_pricing_type":"fixed","_editor_tiered_pricing_fixed_rules":[],"_author_tiered_pricing_type":"fixed","_author_tiered_pricing_fixed_rules":[],"_contributor_tiered_pricing_type":"fixed","_contributor_tiered_pricing_fixed_rules":[],"_subscriber_tiered_pricing_type":"fixed","_subscriber_tiered_pricing_fixed_rules":[],"_customer_tiered_pricing_type":"fixed","_customer_tiered_pricing_fixed_rules":[],"_shop_manager_tiered_pricing_type":"fixed","_shop_manager_tiered_pricing_fixed_rules":[],"_wpseo_manager_tiered_pricing_type":"fixed","_wpseo_manager_tiered_pricing_fixed_rules":[],"_wpseo_editor_tiered_pricing_type":"fixed","_wpseo_editor_tiered_pricing_fixed_rules":[],"_wholesale_customer_tiered_pricing_type":"fixed","_wholesale_customer_tiered_pricing_fixed_rules":[],"_marketer_tiered_pricing_type":"fixed","_marketer_tiered_pricing_fixed_rules":[],"_sales_manager_tiered_pricing_type":"fixed","_sales_manager_tiered_pricing_fixed_rules":[],"_sales_rep_tiered_pricing_type":"fixed","_sales_rep_tiered_pricing_fixed_rules":[],"yoast_head":"<!-- This site is optimized with the Yoast SEO plugin v23.3 - https:\/\/yoast.com\/wordpress\/plugins\/seo\/ -->\n<title>Bang King PUFFS KEY TYPE E-Zigarette Peach Ice Fruchtige S\u00fc\u00dfe trifft auf erfrischende K\u00fchle | ElementVape.de<\/title>\n<meta name=\"description\" content=\"Wir bieten Bang King PUFFS KEY TYPE E-Zigarette Peach Ice Fruchtige S\u00fc\u00dfe trifft auf erfrischende K\u00fchle , Elementvape.de akzeptieren Gro\u00df-und Einzelhandel Bestellungen.\" \/>\n<meta name=\"robots\" content=\"index, follow, max-snippet:-1, max-image-preview:large, max-video-preview:-1\" \/>\n<link rel=\"canonical\" href=\"https:\/\/www.elementvape.de\/sk\/produkt\/bang-king-puffs-key-type-e-zigarette-peach-ice-fruchtige-suesse-trifft-auf-erfrischende-kuehle\/\" \/>\n<meta property=\"og:locale\" content=\"sk_SK\" \/>\n<meta property=\"og:type\" content=\"article\" \/>\n<meta property=\"og:title\" content=\"Bang King PUFFS KEY TYPE E-Zigarette Peach Ice Fruchtige S\u00fc\u00dfe trifft auf erfrischende K\u00fchle | ElementVape.de\" \/>\n<meta property=\"og:description\" content=\"Wir bieten Bang King PUFFS KEY TYPE E-Zigarette Peach Ice Fruchtige S\u00fc\u00dfe trifft auf erfrischende K\u00fchle , Elementvape.de akzeptieren Gro\u00df-und Einzelhandel Bestellungen.\" \/>\n<meta property=\"og:url\" content=\"https:\/\/www.elementvape.de\/sk\/produkt\/bang-king-puffs-key-type-e-zigarette-peach-ice-fruchtige-suesse-trifft-auf-erfrischende-kuehle\/\" \/>\n<meta property=\"og:site_name\" content=\"ElementVape.de\" \/>\n<meta property=\"article:modified_time\" content=\"2024-11-23T06:22:01+00:00\" \/>\n<meta property=\"og:image\" content=\"https:\/\/www.elementvape.de\/wp-content\/uploads\/2024\/11\/PEACH-ICE.webp\" \/>\n\t<meta property=\"og:image:width\" content=\"800\" \/>\n\t<meta property=\"og:image:height\" content=\"800\" \/>\n\t<meta property=\"og:image:type\" content=\"image\/webp\" \/>\n<meta name=\"twitter:card\" content=\"summary_large_image\" \/>\n<meta name=\"twitter:label1\" content=\"Est. reading time\" \/>\n\t<meta name=\"twitter:data1\" content=\"5 min\u00fat\" \/>\n<script type=\"application\/ld+json\" class=\"yoast-schema-graph\">{\"@context\":\"https:\/\/schema.org\",\"@graph\":[{\"@type\":\"WebPage\",\"@id\":\"https:\/\/www.elementvape.de\/nl\/produkt\/bang-king-puffs-key-type-e-zigarette-peach-ice-fruchtige-suesse-trifft-auf-erfrischende-kuehle\/\",\"url\":\"https:\/\/www.elementvape.de\/nl\/produkt\/bang-king-puffs-key-type-e-zigarette-peach-ice-fruchtige-suesse-trifft-auf-erfrischende-kuehle\/\",\"name\":\"Bang King PUFFS KEY TYPE E-Zigarette Peach Ice Fruchtige S\u00fc\u00dfe trifft auf erfrischende K\u00fchle | ElementVape.de\",\"isPartOf\":{\"@id\":\"https:\/\/www.elementvape.de\/#website\"},\"primaryImageOfPage\":{\"@id\":\"https:\/\/www.elementvape.de\/nl\/produkt\/bang-king-puffs-key-type-e-zigarette-peach-ice-fruchtige-suesse-trifft-auf-erfrischende-kuehle\/#primaryimage\"},\"image\":{\"@id\":\"https:\/\/www.elementvape.de\/nl\/produkt\/bang-king-puffs-key-type-e-zigarette-peach-ice-fruchtige-suesse-trifft-auf-erfrischende-kuehle\/#primaryimage\"},\"thumbnailUrl\":\"https:\/\/www.elementvape.de\/wp-content\/uploads\/2024\/11\/PEACH-ICE.webp\",\"datePublished\":\"2024-11-23T06:11:16+00:00\",\"dateModified\":\"2024-11-23T06:22:01+00:00\",\"description\":\"Wir bieten Bang King PUFFS KEY TYPE E-Zigarette Peach Ice Fruchtige S\u00fc\u00dfe trifft auf erfrischende K\u00fchle , Elementvape.de akzeptieren Gro\u00df-und Einzelhandel Bestellungen.\",\"breadcrumb\":{\"@id\":\"https:\/\/www.elementvape.de\/nl\/produkt\/bang-king-puffs-key-type-e-zigarette-peach-ice-fruchtige-suesse-trifft-auf-erfrischende-kuehle\/#breadcrumb\"},\"inLanguage\":\"sk-SK\",\"potentialAction\":[{\"@type\":\"ReadAction\",\"target\":[\"https:\/\/www.elementvape.de\/nl\/produkt\/bang-king-puffs-key-type-e-zigarette-peach-ice-fruchtige-suesse-trifft-auf-erfrischende-kuehle\/\"]}]},{\"@type\":\"ImageObject\",\"inLanguage\":\"sk-SK\",\"@id\":\"https:\/\/www.elementvape.de\/nl\/produkt\/bang-king-puffs-key-type-e-zigarette-peach-ice-fruchtige-suesse-trifft-auf-erfrischende-kuehle\/#primaryimage\",\"url\":\"https:\/\/www.elementvape.de\/wp-content\/uploads\/2024\/11\/PEACH-ICE.webp\",\"contentUrl\":\"https:\/\/www.elementvape.de\/wp-content\/uploads\/2024\/11\/PEACH-ICE.webp\",\"width\":800,\"height\":800,\"caption\":\"PEACH ICE BANG KING 12000 PUFFS KEY TYPE E-Zigarette\"},{\"@type\":\"BreadcrumbList\",\"@id\":\"https:\/\/www.elementvape.de\/nl\/produkt\/bang-king-puffs-key-type-e-zigarette-peach-ice-fruchtige-suesse-trifft-auf-erfrischende-kuehle\/#breadcrumb\",\"itemListElement\":[{\"@type\":\"ListItem\",\"position\":1,\"name\":\"Home\",\"item\":\"https:\/\/www.elementvape.de\/\"},{\"@type\":\"ListItem\",\"position\":2,\"name\":\"Shop\",\"item\":\"https:\/\/www.elementvape.de\/shop\/\"},{\"@type\":\"ListItem\",\"position\":3,\"name\":\"Bang King PUFFS KEY TYPE E-Zigarette Peach Ice Fruchtige S\u00fc\u00dfe trifft auf erfrischende K\u00fchle\"}]},{\"@type\":\"WebSite\",\"@id\":\"https:\/\/www.elementvape.de\/#website\",\"url\":\"https:\/\/www.elementvape.de\/\",\"name\":\"ElementVape.de\",\"description\":\"\",\"publisher\":{\"@id\":\"https:\/\/www.elementvape.de\/#organization\"},\"potentialAction\":[{\"@type\":\"SearchAction\",\"target\":{\"@type\":\"EntryPoint\",\"urlTemplate\":\"https:\/\/www.elementvape.de\/?s={search_term_string}\"},\"query-input\":\"required name=search_term_string\"}],\"inLanguage\":\"sk-SK\"},{\"@type\":\"Organization\",\"@id\":\"https:\/\/www.elementvape.de\/#organization\",\"name\":\"ElementVape.DE\",\"url\":\"https:\/\/www.elementvape.de\/\",\"logo\":{\"@type\":\"ImageObject\",\"inLanguage\":\"sk-SK\",\"@id\":\"https:\/\/www.elementvape.de\/#\/schema\/logo\/image\/\",\"url\":\"https:\/\/www.elementvape.de\/wp-content\/uploads\/2024\/09\/cropped-1elementvape-3.png\",\"contentUrl\":\"https:\/\/www.elementvape.de\/wp-content\/uploads\/2024\/09\/cropped-1elementvape-3.png\",\"width\":285,\"height\":228,\"caption\":\"ElementVape.DE\"},\"image\":{\"@id\":\"https:\/\/www.elementvape.de\/#\/schema\/logo\/image\/\"}}]}<\/script>\n<!-- \/ Yoast SEO plugin. -->","yoast_head_json":{"title":"Bang King PUFFS KEY TYPE E-Zigarette Peach Ice Fruchtige S\u00fc\u00dfe trifft auf erfrischende K\u00fchle | ElementVape.de","description":"Wir bieten Bang King PUFFS KEY TYPE E-Zigarette Peach Ice Fruchtige S\u00fc\u00dfe trifft auf erfrischende K\u00fchle , Elementvape.de akzeptieren Gro\u00df-und Einzelhandel Bestellungen.","robots":{"index":"index","follow":"follow","max-snippet":"max-snippet:-1","max-image-preview":"max-image-preview:large","max-video-preview":"max-video-preview:-1"},"canonical":"https:\/\/www.elementvape.de\/sk\/produkt\/bang-king-puffs-key-type-e-zigarette-peach-ice-fruchtige-suesse-trifft-auf-erfrischende-kuehle\/","og_locale":"sk_SK","og_type":"article","og_title":"Bang King PUFFS KEY TYPE E-Zigarette Peach Ice Fruchtige S\u00fc\u00dfe trifft auf erfrischende K\u00fchle | ElementVape.de","og_description":"Wir bieten Bang King PUFFS KEY TYPE E-Zigarette Peach Ice Fruchtige S\u00fc\u00dfe trifft auf erfrischende K\u00fchle , Elementvape.de akzeptieren Gro\u00df-und Einzelhandel Bestellungen.","og_url":"https:\/\/www.elementvape.de\/sk\/produkt\/bang-king-puffs-key-type-e-zigarette-peach-ice-fruchtige-suesse-trifft-auf-erfrischende-kuehle\/","og_site_name":"ElementVape.de","article_modified_time":"2024-11-23T06:22:01+00:00","og_image":[{"width":800,"height":800,"url":"https:\/\/www.elementvape.de\/wp-content\/uploads\/2024\/11\/PEACH-ICE.webp","type":"image\/webp"}],"twitter_card":"summary_large_image","twitter_misc":{"Est. reading time":"5 min\u00fat"},"schema":{"@context":"https:\/\/schema.org","@graph":[{"@type":"WebPage","@id":"https:\/\/www.elementvape.de\/nl\/produkt\/bang-king-puffs-key-type-e-zigarette-peach-ice-fruchtige-suesse-trifft-auf-erfrischende-kuehle\/","url":"https:\/\/www.elementvape.de\/nl\/produkt\/bang-king-puffs-key-type-e-zigarette-peach-ice-fruchtige-suesse-trifft-auf-erfrischende-kuehle\/","name":"Bang King PUFFS KEY TYPE E-Zigarette Peach Ice Fruchtige S\u00fc\u00dfe trifft auf erfrischende K\u00fchle | ElementVape.de","isPartOf":{"@id":"https:\/\/www.elementvape.de\/#website"},"primaryImageOfPage":{"@id":"https:\/\/www.elementvape.de\/nl\/produkt\/bang-king-puffs-key-type-e-zigarette-peach-ice-fruchtige-suesse-trifft-auf-erfrischende-kuehle\/#primaryimage"},"image":{"@id":"https:\/\/www.elementvape.de\/nl\/produkt\/bang-king-puffs-key-type-e-zigarette-peach-ice-fruchtige-suesse-trifft-auf-erfrischende-kuehle\/#primaryimage"},"thumbnailUrl":"https:\/\/www.elementvape.de\/wp-content\/uploads\/2024\/11\/PEACH-ICE.webp","datePublished":"2024-11-23T06:11:16+00:00","dateModified":"2024-11-23T06:22:01+00:00","description":"Wir bieten Bang King PUFFS KEY TYPE E-Zigarette Peach Ice Fruchtige S\u00fc\u00dfe trifft auf erfrischende K\u00fchle , Elementvape.de akzeptieren Gro\u00df-und Einzelhandel Bestellungen.","breadcrumb":{"@id":"https:\/\/www.elementvape.de\/nl\/produkt\/bang-king-puffs-key-type-e-zigarette-peach-ice-fruchtige-suesse-trifft-auf-erfrischende-kuehle\/#breadcrumb"},"inLanguage":"sk-SK","potentialAction":[{"@type":"ReadAction","target":["https:\/\/www.elementvape.de\/nl\/produkt\/bang-king-puffs-key-type-e-zigarette-peach-ice-fruchtige-suesse-trifft-auf-erfrischende-kuehle\/"]}]},{"@type":"ImageObject","inLanguage":"sk-SK","@id":"https:\/\/www.elementvape.de\/nl\/produkt\/bang-king-puffs-key-type-e-zigarette-peach-ice-fruchtige-suesse-trifft-auf-erfrischende-kuehle\/#primaryimage","url":"https:\/\/www.elementvape.de\/wp-content\/uploads\/2024\/11\/PEACH-ICE.webp","contentUrl":"https:\/\/www.elementvape.de\/wp-content\/uploads\/2024\/11\/PEACH-ICE.webp","width":800,"height":800,"caption":"PEACH ICE BANG KING 12000 PUFFS KEY TYPE E-Zigarette"},{"@type":"BreadcrumbList","@id":"https:\/\/www.elementvape.de\/nl\/produkt\/bang-king-puffs-key-type-e-zigarette-peach-ice-fruchtige-suesse-trifft-auf-erfrischende-kuehle\/#breadcrumb","itemListElement":[{"@type":"ListItem","position":1,"name":"Home","item":"https:\/\/www.elementvape.de\/"},{"@type":"ListItem","position":2,"name":"Shop","item":"https:\/\/www.elementvape.de\/shop\/"},{"@type":"ListItem","position":3,"name":"Bang King PUFFS KEY TYPE E-Zigarette Peach Ice Fruchtige S\u00fc\u00dfe trifft auf erfrischende K\u00fchle"}]},{"@type":"WebSite","@id":"https:\/\/www.elementvape.de\/#website","url":"https:\/\/www.elementvape.de\/","name":"ElementVape.de","description":"","publisher":{"@id":"https:\/\/www.elementvape.de\/#organization"},"potentialAction":[{"@type":"SearchAction","target":{"@type":"EntryPoint","urlTemplate":"https:\/\/www.elementvape.de\/?s={search_term_string}"},"query-input":"required name=search_term_string"}],"inLanguage":"sk-SK"},{"@type":"Organization","@id":"https:\/\/www.elementvape.de\/#organization","name":"ElementVape.DE","url":"https:\/\/www.elementvape.de\/","logo":{"@type":"ImageObject","inLanguage":"sk-SK","@id":"https:\/\/www.elementvape.de\/#\/schema\/logo\/image\/","url":"https:\/\/www.elementvape.de\/wp-content\/uploads\/2024\/09\/cropped-1elementvape-3.png","contentUrl":"https:\/\/www.elementvape.de\/wp-content\/uploads\/2024\/09\/cropped-1elementvape-3.png","width":285,"height":228,"caption":"ElementVape.DE"},"image":{"@id":"https:\/\/www.elementvape.de\/#\/schema\/logo\/image\/"}}]}},"_links":{"self":[{"href":"https:\/\/www.elementvape.de\/sk\/wp-json\/wp\/v2\/product\/15334"}],"collection":[{"href":"https:\/\/www.elementvape.de\/sk\/wp-json\/wp\/v2\/product"}],"about":[{"href":"https:\/\/www.elementvape.de\/sk\/wp-json\/wp\/v2\/types\/product"}],"wp:featuredmedia":[{"embeddable":true,"href":"https:\/\/www.elementvape.de\/sk\/wp-json\/wp\/v2\/media\/15336"}],"wp:attachment":[{"href":"https:\/\/www.elementvape.de\/sk\/wp-json\/wp\/v2\/media?parent=15334"}],"wp:term":[{"taxonomy":"product_cat","embeddable":true,"href":"https:\/\/www.elementvape.de\/sk\/wp-json\/wp\/v2\/product_cat?post=15334"},{"taxonomy":"product_tag","embeddable":true,"href":"https:\/\/www.elementvape.de\/sk\/wp-json\/wp\/v2\/product_tag?post=15334"}],"curies":[{"name":"wp","href":"https:\/\/api.w.org\/{rel}","templated":true}]}}