{"id":14705,"date":"2024-09-26T02:43:34","date_gmt":"2024-09-26T02:43:34","guid":{"rendered":"https:\/\/www.elementvape.de\/?post_type=product&#038;p=14705"},"modified":"2024-10-09T06:27:31","modified_gmt":"2024-10-09T06:27:31","slug":"erleben-sie-die-perfekte-mischung-aus-suesser-litschi-und-eisiger-frische-mit-der-lush-ice-e-zigarette-9000-puffs-purer-genuss","status":"publish","type":"product","link":"https:\/\/www.elementvape.de\/sk\/produkt\/erleben-sie-die-perfekte-mischung-aus-suesser-litschi-und-eisiger-frische-mit-der-lush-ice-e-zigarette-9000-puffs-purer-genuss\/","title":{"rendered":"Za\u017eite dokonal\u00fa zmes sladkej li\u010di a \u013eadovej svie\u017eosti s Lush Ice e-cigaretou 9000 Puffs, \u010dist\u00fd p\u00f4\u017eitok"},"content":{"rendered":"<h3>Lush Ice 9000 Pufov E-Cigareta: Sladk\u00e1 li\u010di stretnut\u00e1 s mrazivou svie\u017eos\u0165ou<\/h3>\n<p>Lush Ice E-Cigareta s 9000 pufmi pon\u00faka neporovnate\u013en\u00fd z\u00e1\u017eitok z vapovania, ktor\u00fd kombinuje sladk\u00fa, ovocn\u00fa chu\u0165 li\u010di s osvie\u017euj\u00facim, mraziv\u00fdm v\u00e1nkom. T\u00e1to kombin\u00e1cia zabezpe\u010duje \u010dist\u00fd p\u00f4\u017eitok, ktor\u00fd je z\u00e1rove\u0148 ovocn\u00fd aj chladiv\u00fd. Ide\u00e1lne pre v\u0161etk\u00fdch, ktor\u00ed h\u013eadaj\u00fa vzru\u0161uj\u00facu, sladk\u00fa chu\u0165, ktor\u00e1 ka\u017ed\u00fd \u0165ah sprav\u00ed v\u00fdnimo\u010dn\u00fdm z\u00e1\u017eitkom.<\/p>\n<p>S kapacitou <a href=\"https:\/\/www.elementvape.de\/sk\/p-tag\/groesser-oder-gleich-9000-zuege\/\" target=\"_blank\" rel=\"noopener\">9000 \u0165ahmi<\/a> m\u00f4\u017eete si by\u0165 ist\u00ed, \u017ee Lush Ice E-Cigareta vydr\u017e\u00ed dlh\u00fa dobu. \u010ci ju pou\u017e\u00edvate denne alebo pr\u00edle\u017eitostne, toto zariadenie v\u00e1m umo\u017en\u00ed si vychutna\u0165 lahodn\u00fa ar\u00f3mu vo ve\u013ekom.<\/p>\n<p>Lush Ice <strong><a href=\"https:\/\/www.elementvape.de\/sk\/\" target=\"_blank\" rel=\"noopener\">E-cigareta<\/a><\/strong> je vybaven\u00e1 14 ml predplnen\u00e9ho e-liquidu, ktor\u00fd je okam\u017eite pripraven\u00fd na pou\u017eitie. Nemus\u00edte sa stara\u0165 o dop\u013a\u0148anie alebo in\u00e9 \u00fadr\u017ebov\u00e9 pr\u00e1ce \u2013 jednoducho vapujte a vychutn\u00e1vajte si.<\/p>\n<p>Aby vyhovela ka\u017ed\u00e9mu vapera, je Lush Ice E-Cigareta dostupn\u00e1 v nieko\u013ek\u00fdch \u00farovniach nikot\u00ednu:<\/p>\n<ul>\n<li>0 % Nikot\u00edn: Pre t\u00fdch, ktor\u00ed chc\u00fa za\u017ei\u0165 chu\u0165 bez nikot\u00ednu.<\/li>\n<li>2 % Nikot\u00edn: Jemn\u00e1 mo\u017enos\u0165 pre \u013eahk\u00fd z\u00e1\u017eitok z vapovania.<\/li>\n<li>3 % Nikot\u00edn: Pre vyv\u00e1\u017een\u00fd z\u00e1\u017eitok s strednou hladinou nikot\u00ednu.<\/li>\n<li>5 % Nikot\u00edn: Siln\u00e1 d\u00e1vka nikot\u00ednu pre intenz\u00edvny z\u00e1\u017eitok.<\/li>\n<\/ul>\n<p>Bat\u00e9ria s kapacitou 650 mAh zabezpe\u010duje, \u017ee m\u00f4\u017eete vapova\u0165 dlh\u00fd \u010das. Ke\u010f sa bat\u00e9ria vybije, jednoducho ju nabijete cez Type-C nab\u00edjac\u00ed port a r\u00fdchlo si op\u00e4\u0165 vychutn\u00e1te chladiv\u00e9 li\u010di.<\/p>\n<p>V\u010faka Type-C nab\u00edjaciemu portu je nab\u00edjanie bat\u00e9rie r\u00fdchle a jednoduch\u00e9. M\u00f4\u017eete pokra\u010dova\u0165 vo svojom vapovacom z\u00e1\u017eitku bez dlh\u00e9ho \u010dakania.<\/p>\n<p>Pou\u017eitie mesh cievky zabezpe\u010duje rovnomern\u00e9 zahrievanie e-liquidu a optim\u00e1lne rozvinutie chuti. Tak za\u017eijete pln\u00fa ar\u00f3mu li\u010di a osvie\u017euj\u00facu chladivos\u0165 s ka\u017ed\u00fdm \u0165ahom.<\/p>\n<p>S rozmermi 42 x 40,5 x 29,5 mm je Lush Ice E-Cigareta kompaktn\u00e1 a pasuje do ka\u017edej ta\u0161ky. Je ide\u00e1lnym spolo\u010dn\u00edkom, nech ste kdeko\u013evek.<\/p>\n<hr \/>\n<h4>1. Z\u00e1\u017eitok z chuti: Sladk\u00e9 li\u010di a mraziv\u00e1 svie\u017eos\u0165<\/h4>\n<p>Lush Ice E-Cigareta pon\u00faka v\u00fdnimo\u010dn\u00fa kombin\u00e1ciu sladkej, ovocnej chuti li\u010di a osvie\u017euj\u00faceho, mraziv\u00e9ho v\u00e1nku. Ka\u017ed\u00fd \u0165ah je oslavou ar\u00f3m, ktor\u00e1 o\u017eiv\u00ed va\u0161e zmysly a dod\u00e1 pocit svie\u017eosti.<\/p>\n<p>Li\u010di prin\u00e1\u0161a nezamenite\u013en\u00fa sladkos\u0165, ktor\u00e1 pripom\u00edna tropick\u00e9 leto. T\u00e1to ovocn\u00e1 chu\u0165 je intenz\u00edvna a dod\u00e1va vapovaniu osvie\u017euj\u00facu \u013eahkos\u0165.<\/p>\n<p>Mraziv\u00fd v\u00e1nok dokonale dop\u013a\u0148a sladkos\u0165 li\u010di a zabezpe\u010duje pr\u00edjemn\u00e9 osvie\u017eenie. Tento chladiv\u00fd \u00fa\u010dinok rob\u00ed Lush Ice E-Cigaretu ide\u00e1lnou vo\u013ebou na hor\u00face dni alebo ke\u010f si jednoducho chcete vychutna\u0165 osvie\u017euj\u00faci oddych.<\/p>\n<hr \/>\n<h4>2. V\u00fdhody Lush Ice 9000 Pufov E-Cigarety<\/h4>\n<p>S 9000 \u0165ahmi m\u00f4\u017eete e-cigaretu pou\u017e\u00edva\u0165 dlh\u0161\u00ed \u010das bez starost\u00ed o dop\u013a\u0148anie.<\/p>\n<p>Bez\u00fadr\u017ebov\u00fd dizajn Lush Ice E-Cigarety v\u00e1m umo\u017e\u0148uje vychutna\u0165 si vapovanie bez starost\u00ed o dop\u013a\u0148anie alebo in\u00e9 \u00fadr\u017eb\u00e1rske pr\u00e1ce. Jednoducho pou\u017e\u00edvajte a potom vyho\u010fte.<\/p>\n<p>\u010ci u\u017e chcete vapova\u0165 bez nikot\u00ednu alebo preferujete ur\u010dit\u00fa nikot\u00ednov\u00fa silu, Lush Ice E-Cigareta v\u00e1m poskytuje flexibilitu prisp\u00f4sobi\u0165 si z\u00e1\u017eitok z vapovania pod\u013ea svojich potrieb.<\/p>\n<p>Lehk\u00e9 a kompaktn\u00e9 prevedenie rob\u00ed Lush Ice E-Cigaretu ide\u00e1lnou na ka\u017edodenn\u00e9 pou\u017eitie a umo\u017e\u0148uje v\u00e1m ju vzia\u0165 kamko\u013evek so sebou.<\/p>\n<p>Jednorazov\u00fd dizajn v\u00e1m pon\u00faka modern\u00fd z\u00e1\u017eitok z vapovania, ktor\u00fd je bez ak\u00fdchko\u013evek starost\u00ed. \u017diadne dop\u013a\u0148anie alebo \u010dakanie na nab\u00edjanie \u2013 len vapujte a vychutn\u00e1vajte si.<\/p>\n<p>Lush Ice 9000 Puffs E-Cigareta je ide\u00e1lnou vo\u013ebou pre t\u00fdch, ktor\u00ed h\u013eadaj\u00fa kombin\u00e1ciu sladkej li\u010di a osvie\u017euj\u00facej chladivosti. S kapacitou 9000 potiahnut\u00ed a 14 ml predplnen\u00e9ho e-liquidu pon\u00faka dlhodob\u00fd a intenz\u00edvny z\u00e1\u017eitok z vapovania.<\/p>\n<p>R\u00f4zne nikot\u00ednov\u00e9 sily umo\u017e\u0148uj\u00fa individu\u00e1lne prisp\u00f4sobenie, zatia\u013e \u010do bat\u00e9ria s kapacitou 650 mAh a nab\u00edjac\u00ed port typu C zabezpe\u010duj\u00fa, \u017ee m\u00f4\u017eete op\u00e4\u0165 r\u00fdchlo vapova\u0165. Mesh cievka zaru\u010duje optim\u00e1lne rozvinutie chuti, tak\u017ee ka\u017ed\u00fd \u0165ah je p\u00f4\u017eitkom.<\/p>\n<p>Ak chcete za\u017ei\u0165 osvie\u017euj\u00faci a ovocn\u00fd z\u00e1\u017eitok z vapovania, Lush Ice 9000 Puffs E-Cigareta je presne to, \u010do h\u013ead\u00e1te. Nechajte sa zvies\u0165 dokonalou kombin\u00e1ciou sladkej li\u010di a \u013eadovej svie\u017eosti a vychutnajte si ka\u017ed\u00fd n\u00e1dych!<\/p>","protected":false},"excerpt":{"rendered":"<p>Lush Ice 9000 Puffs E-Zigarette: S\u00fc\u00dfe Litschi trifft auf eisige Frische Die Lush Ice E-Zigarette mit 9000 Puffs bietet ein unvergleichliches Dampferlebnis, das die s\u00fc\u00dfe, fruchtige Note von Litschi mit einer erfrischenden, eisigen Brise kombiniert. Diese Kombination sorgt f\u00fcr einen puren Genuss, der sowohl fruchtig als auch k\u00fchlend ist. Ideal f\u00fcr alle, die auf der [&hellip;]<\/p>","protected":false},"featured_media":14686,"template":"","meta":{"inline_featured_image":false},"product_cat":[771,739,743,744,755,738,751],"product_tag":[710,684],"tiered_pricing_type":"fixed","tiered_pricing_fixed_rules":{"60":"6.15","110":"5.46","200":"4.78"},"tiered_pricing_percentage_rules":[],"tiered_pricing_minimum":1,"_administrator_tiered_pricing_type":"fixed","_administrator_tiered_pricing_fixed_rules":[],"_editor_tiered_pricing_type":"fixed","_editor_tiered_pricing_fixed_rules":[],"_author_tiered_pricing_type":"fixed","_author_tiered_pricing_fixed_rules":[],"_contributor_tiered_pricing_type":"fixed","_contributor_tiered_pricing_fixed_rules":[],"_subscriber_tiered_pricing_type":"fixed","_subscriber_tiered_pricing_fixed_rules":[],"_customer_tiered_pricing_type":"fixed","_customer_tiered_pricing_fixed_rules":[],"_shop_manager_tiered_pricing_type":"fixed","_shop_manager_tiered_pricing_fixed_rules":[],"_wpseo_manager_tiered_pricing_type":"fixed","_wpseo_manager_tiered_pricing_fixed_rules":[],"_wpseo_editor_tiered_pricing_type":"fixed","_wpseo_editor_tiered_pricing_fixed_rules":[],"_wholesale_customer_tiered_pricing_type":"fixed","_wholesale_customer_tiered_pricing_fixed_rules":[],"_marketer_tiered_pricing_type":"fixed","_marketer_tiered_pricing_fixed_rules":[],"_sales_manager_tiered_pricing_type":"fixed","_sales_manager_tiered_pricing_fixed_rules":[],"_sales_rep_tiered_pricing_type":"fixed","_sales_rep_tiered_pricing_fixed_rules":[],"yoast_head":"<!-- This site is optimized with the Yoast SEO plugin v23.3 - https:\/\/yoast.com\/wordpress\/plugins\/seo\/ -->\n<title>Erleben Sie die perfekte Mischung aus s\u00fc\u00dfer Litschi und eisiger Frische mit der Lush Ice E-Zigarette 9000 Puffs purer Genuss | ElementVape.de<\/title>\n<meta name=\"description\" content=\"Wir bieten Erleben Sie die perfekte Mischung aus s\u00fc\u00dfer Litschi und eisiger Frische mit der Lush Ice E-Zigarette 9000 Puffs purer Genuss , Elementvape.de akzeptieren Gro\u00df-und Einzelhandel Bestellungen.\" \/>\n<meta name=\"robots\" content=\"index, follow, max-snippet:-1, max-image-preview:large, max-video-preview:-1\" \/>\n<link rel=\"canonical\" href=\"https:\/\/www.elementvape.de\/sk\/produkt\/erleben-sie-die-perfekte-mischung-aus-suesser-litschi-und-eisiger-frische-mit-der-lush-ice-e-zigarette-9000-puffs-purer-genuss\/\" \/>\n<meta property=\"og:locale\" content=\"sk_SK\" \/>\n<meta property=\"og:type\" content=\"article\" \/>\n<meta property=\"og:title\" content=\"Erleben Sie die perfekte Mischung aus s\u00fc\u00dfer Litschi und eisiger Frische mit der Lush Ice E-Zigarette 9000 Puffs purer Genuss | ElementVape.de\" \/>\n<meta property=\"og:description\" content=\"Wir bieten Erleben Sie die perfekte Mischung aus s\u00fc\u00dfer Litschi und eisiger Frische mit der Lush Ice E-Zigarette 9000 Puffs purer Genuss , Elementvape.de akzeptieren Gro\u00df-und Einzelhandel Bestellungen.\" \/>\n<meta property=\"og:url\" content=\"https:\/\/www.elementvape.de\/sk\/produkt\/erleben-sie-die-perfekte-mischung-aus-suesser-litschi-und-eisiger-frische-mit-der-lush-ice-e-zigarette-9000-puffs-purer-genuss\/\" \/>\n<meta property=\"og:site_name\" content=\"ElementVape.de\" \/>\n<meta property=\"article:modified_time\" content=\"2024-10-09T06:27:31+00:00\" \/>\n<meta property=\"og:image\" content=\"https:\/\/www.elementvape.de\/wp-content\/uploads\/2024\/09\/Lush-Ice-2.jpg\" \/>\n\t<meta property=\"og:image:width\" content=\"1920\" \/>\n\t<meta property=\"og:image:height\" content=\"1080\" \/>\n\t<meta property=\"og:image:type\" content=\"image\/jpeg\" \/>\n<meta name=\"twitter:card\" content=\"summary_large_image\" \/>\n<meta name=\"twitter:label1\" content=\"Est. reading time\" \/>\n\t<meta name=\"twitter:data1\" content=\"4 min\u00faty\" \/>\n<script type=\"application\/ld+json\" class=\"yoast-schema-graph\">{\"@context\":\"https:\/\/schema.org\",\"@graph\":[{\"@type\":\"WebPage\",\"@id\":\"https:\/\/www.elementvape.de\/pt\/produkt\/erleben-sie-die-perfekte-mischung-aus-suesser-litschi-und-eisiger-frische-mit-der-lush-ice-e-zigarette-9000-puffs-purer-genuss\/\",\"url\":\"https:\/\/www.elementvape.de\/pt\/produkt\/erleben-sie-die-perfekte-mischung-aus-suesser-litschi-und-eisiger-frische-mit-der-lush-ice-e-zigarette-9000-puffs-purer-genuss\/\",\"name\":\"Erleben Sie die perfekte Mischung aus s\u00fc\u00dfer Litschi und eisiger Frische mit der Lush Ice E-Zigarette 9000 Puffs purer Genuss | ElementVape.de\",\"isPartOf\":{\"@id\":\"https:\/\/www.elementvape.de\/#website\"},\"primaryImageOfPage\":{\"@id\":\"https:\/\/www.elementvape.de\/pt\/produkt\/erleben-sie-die-perfekte-mischung-aus-suesser-litschi-und-eisiger-frische-mit-der-lush-ice-e-zigarette-9000-puffs-purer-genuss\/#primaryimage\"},\"image\":{\"@id\":\"https:\/\/www.elementvape.de\/pt\/produkt\/erleben-sie-die-perfekte-mischung-aus-suesser-litschi-und-eisiger-frische-mit-der-lush-ice-e-zigarette-9000-puffs-purer-genuss\/#primaryimage\"},\"thumbnailUrl\":\"https:\/\/www.elementvape.de\/wp-content\/uploads\/2024\/09\/Lush-Ice-2.jpg\",\"datePublished\":\"2024-09-26T02:43:34+00:00\",\"dateModified\":\"2024-10-09T06:27:31+00:00\",\"description\":\"Wir bieten Erleben Sie die perfekte Mischung aus s\u00fc\u00dfer Litschi und eisiger Frische mit der Lush Ice E-Zigarette 9000 Puffs purer Genuss , Elementvape.de akzeptieren Gro\u00df-und Einzelhandel Bestellungen.\",\"breadcrumb\":{\"@id\":\"https:\/\/www.elementvape.de\/pt\/produkt\/erleben-sie-die-perfekte-mischung-aus-suesser-litschi-und-eisiger-frische-mit-der-lush-ice-e-zigarette-9000-puffs-purer-genuss\/#breadcrumb\"},\"inLanguage\":\"sk-SK\",\"potentialAction\":[{\"@type\":\"ReadAction\",\"target\":[\"https:\/\/www.elementvape.de\/pt\/produkt\/erleben-sie-die-perfekte-mischung-aus-suesser-litschi-und-eisiger-frische-mit-der-lush-ice-e-zigarette-9000-puffs-purer-genuss\/\"]}]},{\"@type\":\"ImageObject\",\"inLanguage\":\"sk-SK\",\"@id\":\"https:\/\/www.elementvape.de\/pt\/produkt\/erleben-sie-die-perfekte-mischung-aus-suesser-litschi-und-eisiger-frische-mit-der-lush-ice-e-zigarette-9000-puffs-purer-genuss\/#primaryimage\",\"url\":\"https:\/\/www.elementvape.de\/wp-content\/uploads\/2024\/09\/Lush-Ice-2.jpg\",\"contentUrl\":\"https:\/\/www.elementvape.de\/wp-content\/uploads\/2024\/09\/Lush-Ice-2.jpg\",\"width\":1920,\"height\":1080,\"caption\":\"Lush Ice\"},{\"@type\":\"BreadcrumbList\",\"@id\":\"https:\/\/www.elementvape.de\/pt\/produkt\/erleben-sie-die-perfekte-mischung-aus-suesser-litschi-und-eisiger-frische-mit-der-lush-ice-e-zigarette-9000-puffs-purer-genuss\/#breadcrumb\",\"itemListElement\":[{\"@type\":\"ListItem\",\"position\":1,\"name\":\"Home\",\"item\":\"https:\/\/www.elementvape.de\/\"},{\"@type\":\"ListItem\",\"position\":2,\"name\":\"Shop\",\"item\":\"https:\/\/www.elementvape.de\/shop\/\"},{\"@type\":\"ListItem\",\"position\":3,\"name\":\"Erleben Sie die perfekte Mischung aus s\u00fc\u00dfer Litschi und eisiger Frische mit der Lush Ice E-Zigarette 9000 Puffs purer Genuss\"}]},{\"@type\":\"WebSite\",\"@id\":\"https:\/\/www.elementvape.de\/#website\",\"url\":\"https:\/\/www.elementvape.de\/\",\"name\":\"ElementVape.de\",\"description\":\"\",\"publisher\":{\"@id\":\"https:\/\/www.elementvape.de\/#organization\"},\"potentialAction\":[{\"@type\":\"SearchAction\",\"target\":{\"@type\":\"EntryPoint\",\"urlTemplate\":\"https:\/\/www.elementvape.de\/?s={search_term_string}\"},\"query-input\":\"required name=search_term_string\"}],\"inLanguage\":\"sk-SK\"},{\"@type\":\"Organization\",\"@id\":\"https:\/\/www.elementvape.de\/#organization\",\"name\":\"ElementVape.DE\",\"url\":\"https:\/\/www.elementvape.de\/\",\"logo\":{\"@type\":\"ImageObject\",\"inLanguage\":\"sk-SK\",\"@id\":\"https:\/\/www.elementvape.de\/#\/schema\/logo\/image\/\",\"url\":\"https:\/\/www.elementvape.de\/wp-content\/uploads\/2024\/09\/cropped-1elementvape-3.png\",\"contentUrl\":\"https:\/\/www.elementvape.de\/wp-content\/uploads\/2024\/09\/cropped-1elementvape-3.png\",\"width\":285,\"height\":228,\"caption\":\"ElementVape.DE\"},\"image\":{\"@id\":\"https:\/\/www.elementvape.de\/#\/schema\/logo\/image\/\"}}]}<\/script>\n<!-- \/ Yoast SEO plugin. -->","yoast_head_json":{"title":"Erleben Sie die perfekte Mischung aus s\u00fc\u00dfer Litschi und eisiger Frische mit der Lush Ice E-Zigarette 9000 Puffs purer Genuss | ElementVape.de","description":"Wir bieten Erleben Sie die perfekte Mischung aus s\u00fc\u00dfer Litschi und eisiger Frische mit der Lush Ice E-Zigarette 9000 Puffs purer Genuss , Elementvape.de akzeptieren Gro\u00df-und Einzelhandel Bestellungen.","robots":{"index":"index","follow":"follow","max-snippet":"max-snippet:-1","max-image-preview":"max-image-preview:large","max-video-preview":"max-video-preview:-1"},"canonical":"https:\/\/www.elementvape.de\/sk\/produkt\/erleben-sie-die-perfekte-mischung-aus-suesser-litschi-und-eisiger-frische-mit-der-lush-ice-e-zigarette-9000-puffs-purer-genuss\/","og_locale":"sk_SK","og_type":"article","og_title":"Erleben Sie die perfekte Mischung aus s\u00fc\u00dfer Litschi und eisiger Frische mit der Lush Ice E-Zigarette 9000 Puffs purer Genuss | ElementVape.de","og_description":"Wir bieten Erleben Sie die perfekte Mischung aus s\u00fc\u00dfer Litschi und eisiger Frische mit der Lush Ice E-Zigarette 9000 Puffs purer Genuss , Elementvape.de akzeptieren Gro\u00df-und Einzelhandel Bestellungen.","og_url":"https:\/\/www.elementvape.de\/sk\/produkt\/erleben-sie-die-perfekte-mischung-aus-suesser-litschi-und-eisiger-frische-mit-der-lush-ice-e-zigarette-9000-puffs-purer-genuss\/","og_site_name":"ElementVape.de","article_modified_time":"2024-10-09T06:27:31+00:00","og_image":[{"width":1920,"height":1080,"url":"https:\/\/www.elementvape.de\/wp-content\/uploads\/2024\/09\/Lush-Ice-2.jpg","type":"image\/jpeg"}],"twitter_card":"summary_large_image","twitter_misc":{"Est. reading time":"4 min\u00faty"},"schema":{"@context":"https:\/\/schema.org","@graph":[{"@type":"WebPage","@id":"https:\/\/www.elementvape.de\/pt\/produkt\/erleben-sie-die-perfekte-mischung-aus-suesser-litschi-und-eisiger-frische-mit-der-lush-ice-e-zigarette-9000-puffs-purer-genuss\/","url":"https:\/\/www.elementvape.de\/pt\/produkt\/erleben-sie-die-perfekte-mischung-aus-suesser-litschi-und-eisiger-frische-mit-der-lush-ice-e-zigarette-9000-puffs-purer-genuss\/","name":"Erleben Sie die perfekte Mischung aus s\u00fc\u00dfer Litschi und eisiger Frische mit der Lush Ice E-Zigarette 9000 Puffs purer Genuss | ElementVape.de","isPartOf":{"@id":"https:\/\/www.elementvape.de\/#website"},"primaryImageOfPage":{"@id":"https:\/\/www.elementvape.de\/pt\/produkt\/erleben-sie-die-perfekte-mischung-aus-suesser-litschi-und-eisiger-frische-mit-der-lush-ice-e-zigarette-9000-puffs-purer-genuss\/#primaryimage"},"image":{"@id":"https:\/\/www.elementvape.de\/pt\/produkt\/erleben-sie-die-perfekte-mischung-aus-suesser-litschi-und-eisiger-frische-mit-der-lush-ice-e-zigarette-9000-puffs-purer-genuss\/#primaryimage"},"thumbnailUrl":"https:\/\/www.elementvape.de\/wp-content\/uploads\/2024\/09\/Lush-Ice-2.jpg","datePublished":"2024-09-26T02:43:34+00:00","dateModified":"2024-10-09T06:27:31+00:00","description":"Wir bieten Erleben Sie die perfekte Mischung aus s\u00fc\u00dfer Litschi und eisiger Frische mit der Lush Ice E-Zigarette 9000 Puffs purer Genuss , Elementvape.de akzeptieren Gro\u00df-und Einzelhandel Bestellungen.","breadcrumb":{"@id":"https:\/\/www.elementvape.de\/pt\/produkt\/erleben-sie-die-perfekte-mischung-aus-suesser-litschi-und-eisiger-frische-mit-der-lush-ice-e-zigarette-9000-puffs-purer-genuss\/#breadcrumb"},"inLanguage":"sk-SK","potentialAction":[{"@type":"ReadAction","target":["https:\/\/www.elementvape.de\/pt\/produkt\/erleben-sie-die-perfekte-mischung-aus-suesser-litschi-und-eisiger-frische-mit-der-lush-ice-e-zigarette-9000-puffs-purer-genuss\/"]}]},{"@type":"ImageObject","inLanguage":"sk-SK","@id":"https:\/\/www.elementvape.de\/pt\/produkt\/erleben-sie-die-perfekte-mischung-aus-suesser-litschi-und-eisiger-frische-mit-der-lush-ice-e-zigarette-9000-puffs-purer-genuss\/#primaryimage","url":"https:\/\/www.elementvape.de\/wp-content\/uploads\/2024\/09\/Lush-Ice-2.jpg","contentUrl":"https:\/\/www.elementvape.de\/wp-content\/uploads\/2024\/09\/Lush-Ice-2.jpg","width":1920,"height":1080,"caption":"Lush Ice"},{"@type":"BreadcrumbList","@id":"https:\/\/www.elementvape.de\/pt\/produkt\/erleben-sie-die-perfekte-mischung-aus-suesser-litschi-und-eisiger-frische-mit-der-lush-ice-e-zigarette-9000-puffs-purer-genuss\/#breadcrumb","itemListElement":[{"@type":"ListItem","position":1,"name":"Home","item":"https:\/\/www.elementvape.de\/"},{"@type":"ListItem","position":2,"name":"Shop","item":"https:\/\/www.elementvape.de\/shop\/"},{"@type":"ListItem","position":3,"name":"Erleben Sie die perfekte Mischung aus s\u00fc\u00dfer Litschi und eisiger Frische mit der Lush Ice E-Zigarette 9000 Puffs purer Genuss"}]},{"@type":"WebSite","@id":"https:\/\/www.elementvape.de\/#website","url":"https:\/\/www.elementvape.de\/","name":"ElementVape.de","description":"","publisher":{"@id":"https:\/\/www.elementvape.de\/#organization"},"potentialAction":[{"@type":"SearchAction","target":{"@type":"EntryPoint","urlTemplate":"https:\/\/www.elementvape.de\/?s={search_term_string}"},"query-input":"required name=search_term_string"}],"inLanguage":"sk-SK"},{"@type":"Organization","@id":"https:\/\/www.elementvape.de\/#organization","name":"ElementVape.DE","url":"https:\/\/www.elementvape.de\/","logo":{"@type":"ImageObject","inLanguage":"sk-SK","@id":"https:\/\/www.elementvape.de\/#\/schema\/logo\/image\/","url":"https:\/\/www.elementvape.de\/wp-content\/uploads\/2024\/09\/cropped-1elementvape-3.png","contentUrl":"https:\/\/www.elementvape.de\/wp-content\/uploads\/2024\/09\/cropped-1elementvape-3.png","width":285,"height":228,"caption":"ElementVape.DE"},"image":{"@id":"https:\/\/www.elementvape.de\/#\/schema\/logo\/image\/"}}]}},"_links":{"self":[{"href":"https:\/\/www.elementvape.de\/sk\/wp-json\/wp\/v2\/product\/14705"}],"collection":[{"href":"https:\/\/www.elementvape.de\/sk\/wp-json\/wp\/v2\/product"}],"about":[{"href":"https:\/\/www.elementvape.de\/sk\/wp-json\/wp\/v2\/types\/product"}],"wp:featuredmedia":[{"embeddable":true,"href":"https:\/\/www.elementvape.de\/sk\/wp-json\/wp\/v2\/media\/14686"}],"wp:attachment":[{"href":"https:\/\/www.elementvape.de\/sk\/wp-json\/wp\/v2\/media?parent=14705"}],"wp:term":[{"taxonomy":"product_cat","embeddable":true,"href":"https:\/\/www.elementvape.de\/sk\/wp-json\/wp\/v2\/product_cat?post=14705"},{"taxonomy":"product_tag","embeddable":true,"href":"https:\/\/www.elementvape.de\/sk\/wp-json\/wp\/v2\/product_tag?post=14705"}],"curies":[{"name":"wp","href":"https:\/\/api.w.org\/{rel}","templated":true}]}}