{"id":14704,"date":"2024-09-26T02:38:07","date_gmt":"2024-09-26T02:38:07","guid":{"rendered":"https:\/\/www.elementvape.de\/?post_type=product&#038;p=14704"},"modified":"2024-10-09T06:29:19","modified_gmt":"2024-10-09T06:29:19","slug":"geniessen-sie-9000-puffs-blue-razz-ice-e-zigarette-die-perfekte-mischung-aus-saftigen-blaubeeren-und-einer-erfrischenden-eisnote-fuer-puren-genuss","status":"publish","type":"product","link":"https:\/\/www.elementvape.de\/sk\/produkt\/geniessen-sie-9000-puffs-blue-razz-ice-e-zigarette-die-perfekte-mischung-aus-saftigen-blaubeeren-und-einer-erfrischenden-eisnote-fuer-puren-genuss\/","title":{"rendered":"U\u017eite si 9000 potiahnut\u00ed Blue Razz Ice E-cigaretu, ktor\u00e1 je dokonalou kombin\u00e1ciou \u0161\u0165avnat\u00fdch \u010du\u010doriedok a osvie\u017euj\u00facej \u013eadovej chuti pre \u010dist\u00fd p\u00f4\u017eitok"},"content":{"rendered":"<p>Blue Razz Ice 9000 Puffs E-Cigareta sp\u00e1ja sladk\u00fa intenzitu zrel\u00fdch \u010du\u010doriedok s osvie\u017euj\u00facou mrazivou pozn\u00e1mkou, ktor\u00e1 ka\u017ed\u00fd \u0165ah rob\u00ed \u010dist\u00fdm p\u00f4\u017eitkom. S p\u00f4sobivou kapacitou 9000 \u0165ahov je tento jednorazov\u00fd pr\u00edstroj ide\u00e1lny pre v\u0161etk\u00fdch, ktor\u00ed h\u013eadaj\u00fa ovocn\u00e9 a z\u00e1rove\u0148 osvie\u017euj\u00face z\u00e1\u017eitky z vapovania. V\u010faka kombin\u00e1cii ovocia a svie\u017eosti pon\u00faka Blue Razz Ice E-Cigareta vyv\u00e1\u017een\u00fa a nezamenite\u013en\u00fa ar\u00f3mu, ktor\u00e1 presved\u010d\u00ed aj n\u00e1ro\u010dn\u00fdch milovn\u00edkov vapovania.<\/p>\n<p>S obrovskou kapacitou <strong><a href=\"https:\/\/www.elementvape.de\/sk\/p-tag\/groesser-oder-gleich-9000-zuege\/\" target=\"_blank\" rel=\"noopener\">9000 \u0165ahmi<\/a><\/strong> je Blue Razz Ice E-Cigareta navrhnut\u00e1 na dlhodob\u00e9 pou\u017e\u00edvanie. \u010ci u\u017e vapujete pravidelne alebo pr\u00edle\u017eitostne, m\u00f4\u017eete si by\u0165 ist\u00ed, \u017ee si budete m\u00f4c\u0165 dlhodobo vychutn\u00e1va\u0165 intenz\u00edvny chu\u0165ov\u00fd z\u00e1\u017eitok.<\/p>\n<p>Pr\u00edstroj prich\u00e1dza s 14 ml predplnen\u00e9ho e-liquidu, ktor\u00fd je ur\u010den\u00fd na okam\u017eit\u00e9 pou\u017eitie. Nemus\u00edte dop\u013a\u0148a\u0165 liquid ani sa stara\u0165 o zlo\u017eit\u00e9 nastavenia \u2013 len si vychutn\u00e1vajte.<\/p>\n<h3>U\u017eite si 9000 potiahnut\u00ed Blue Razz Ice E-cigaretu, ktor\u00e1 je dokonalou kombin\u00e1ciou \u0161\u0165avnat\u00fdch \u010du\u010doriedok a osvie\u017euj\u00facej \u013eadovej chuti pre \u010dist\u00fd p\u00f4\u017eitok<\/h3>\n<p>Blue Razz Ice <strong><a href=\"https:\/\/www.elementvape.de\/sk\/\" target=\"_blank\" rel=\"noopener\">E-cigareta<\/a> <\/strong>je dostupn\u00e1 v nieko\u013ek\u00fdch \u00farovniach nikot\u00ednu, tak\u017ee si m\u00f4\u017eete prisp\u00f4sobi\u0165 svoj z\u00e1\u017eitok z vapovania pod\u013ea svojich osobn\u00fdch preferenci\u00ed:<\/p>\n<ul>\n<li>0 % N-hodnota: Vapovanie bez nikot\u00ednu pre t\u00fdch, ktor\u00ed si chc\u00fa vychutna\u0165 iba chu\u0165.<\/li>\n<li>2 % N-hodnota: Jemn\u00e9 vapovanie s \u013eahkou nikot\u00ednovou d\u00e1vkou.<\/li>\n<li>3 % N-hodnota: Stredn\u00e1 nikot\u00ednov\u00e1 hladina pre vyv\u00e1\u017een\u00fd z\u00e1\u017eitok z vapovania a nikot\u00ednu.<\/li>\n<li>5 % N-hodnota: Siln\u00e1 d\u00e1vka nikot\u00ednu pre intenz\u00edvny z\u00e1\u017eitok z vapovania.<\/li>\n<\/ul>\n<p>Bat\u00e9ria s kapacitou 650 mAh zabezpe\u010duje, \u017ee m\u00f4\u017eete vapova\u0165 dlh\u00e9 hodiny bez preru\u0161enia. A ke\u010f sa bat\u00e9ria vybije, m\u00f4\u017eete ju r\u00fdchlo nabi\u0165 cez Type-C nab\u00edjac\u00ed port, aby ste mohli pokra\u010dova\u0165 v vapovan\u00ed bez prest\u00e1vky.<\/p>\n<h5>1.5 Typ-C nab\u00edjac\u00ed port pre r\u00fdchle nab\u00edjanie<\/h5>\n<p>Type-C nab\u00edjac\u00ed port zabezpe\u010duje r\u00fdchle a pohodln\u00e9 nab\u00edjanie. Tak\u017ee nikdy nemus\u00edte dlho \u010daka\u0165, k\u00fdm si op\u00e4\u0165 vychutn\u00e1te intenz\u00edvne \u010du\u010doriedkov\u00e9 a mraziv\u00e9 pozn\u00e1mky.<\/p>\n<h5>1.6 Mesh cievka pre optim\u00e1lnu chu\u0165<\/h5>\n<p>Mesh cievka zabezpe\u010duje rovnomern\u00e9 zahrievanie e-liquidu, \u010do vedie k intenz\u00edvnej\u0161iemu rozvoju chuti. S ka\u017ed\u00fdm \u0165ahom z\u00edskate to najlep\u0161ie z \u010du\u010doriedok a mrazivej svie\u017eosti, bez straty chuti.<\/p>\n<h5>1.7 Kompaktn\u00fd a praktick\u00fd dizajn<\/h5>\n<p>S rozmermi 42 x 40,5 x 29,5 mm je Blue Razz Ice E-Cigareta kompaktn\u00e1 a \u013eahko prenosn\u00e1. Bez probl\u00e9mov sa zmest\u00ed do ta\u0161ky a je v\u017edy po ruke, ke\u010f si chcete vychutna\u0165 \u010derstv\u00fd, chladiv\u00fd \u0165ah.<\/p>\n<hr \/>\n<h4>2. Z\u00e1\u017eitok z chuti: \u010cu\u010doriedka stret\u00e1va osvie\u017euj\u00facu mraziv\u00fa pozn\u00e1mku<\/h4>\n<p>Blue Razz Ice E-Cigareta pon\u00faka dokonal\u00fa rovnov\u00e1hu medzi sladkos\u0165ou \u0161\u0165avnat\u00fdch \u010du\u010doriedok a chladiv\u00fdm \u00fa\u010dinkom mrazivej pozn\u00e1mky. Ka\u017ed\u00fd \u0165ah osvie\u017euje a povzbudzuje zmysly, zatia\u013e \u010do prirodzen\u00e1 ovocn\u00e1 chu\u0165 \u010du\u010doriedok rob\u00ed z\u00e1\u017eitok z vapovania obzvl\u00e1\u0161\u0165 chutn\u00fdm.<\/p>\n<p>Ar\u00f3my \u010du\u010doriedok s\u00fa intenz\u00edvne, sladk\u00e9 a pripom\u00ednaj\u00fa \u010derstvo zozbieran\u00e9 plody. T\u00e1to pozn\u00e1mka prin\u00e1\u0161a svie\u017eos\u0165 do ka\u017ed\u00e9ho \u0165ahu a zabezpe\u010duje harmonick\u00fd, pln\u00fd chu\u0165ov\u00fd z\u00e1\u017eitok.<\/p>\n<p>Mraziv\u00e1 pozn\u00e1mka dokonale dop\u013a\u0148a ovocnos\u0165 \u010du\u010doriedok t\u00fdm, \u017ee poskytuje osvie\u017euj\u00facu chladivos\u0165, ktor\u00e1 rob\u00ed vapovanie obzvl\u00e1\u0161\u0165 pr\u00edjemn\u00fdm. Tento chladiv\u00fd efekt prid\u00e1va ka\u017ed\u00e9mu \u0165ahu n\u00e1dych svie\u017eosti, ide\u00e1lny na hor\u00face dni alebo chv\u00edle, ke\u010f si chcete osvie\u017ei\u0165.<\/p>\n<hr \/>\n<h4>3. V\u00fdhody Blue Razz Ice 9000 Puffs E-Cigarety<\/h4>\n<h5>3.1 Dlh\u00e1 kapacita na \u0165ahy pre dlhodob\u00e9 pote\u0161enie<\/h5>\n<p>S 9000 \u0165ahmi si nemus\u00ed\u0161 robi\u0165 starosti s r\u00fdchlym vybit\u00edm e-cigarety. M\u00f4\u017ee\u0161 faj\u010di\u0165 po\u010das mnoh\u00fdch dn\u00ed a vychutn\u00e1va\u0165 si intenz\u00edvnu ar\u00f3mu.<\/p>\n<p>Blue Razz Ice E-cigareta nevy\u017eaduje \u00fadr\u017ebu, dop\u013a\u0148anie ani v\u00fdmenu \u0161pir\u00e1l. Jednorazov\u00fd dizajn ti umo\u017e\u0148uje po pou\u017eit\u00ed jednoducho zariadenie vyhodi\u0165 bez \u010fal\u0161ej n\u00e1mahy.<\/p>\n<p>\u010ci u\u017e chce\u0161 faj\u010di\u0165 bez nikot\u00ednu alebo uprednost\u0148uje\u0161 silnej\u0161iu d\u00e1vku nikot\u00ednu \u2013 Blue Razz Ice E-cigareta pon\u00faka r\u00f4zne mo\u017enosti nikot\u00ednu, aby si si mohol prisp\u00f4sobi\u0165 svoj z\u00e1\u017eitok z faj\u010denia.<\/p>\n<p>V\u010faka svojmu kompaktn\u00e9mu dizajnu je Blue Razz Ice E-cigareta ide\u00e1lna na cestovanie. Pasuje do ka\u017edej ta\u0161ky a je pripraven\u00e1 na pou\u017eitie kdeko\u013evek si.<\/p>\n<h5>3.2 Modern\u00fd z\u00e1\u017eitok z faj\u010denia bez n\u00e1mahy<\/h5>\n<p>Jednorazov\u00fd dizajn Blue Razz Ice E-cigarety ti poskytuje modern\u00fd z\u00e1\u017eitok z faj\u010denia, ktor\u00fd je bez ak\u00fdchko\u013evek starost\u00ed. \u017diadne dop\u013a\u0148anie, \u017eiadne nab\u00edjanie po\u010das prv\u00e9ho pou\u017eitia \u2013 len faj\u010di\u0165 a vychutn\u00e1va\u0165 si.<\/p>\n<p>Blue Razz Ice 9000 Puffs E-cigareta pon\u00faka jedine\u010dn\u00fd z\u00e1\u017eitok z faj\u010denia, ktor\u00fd kombinuje ovocn\u00fa sladkos\u0165 borievok s osvie\u017euj\u00facou \u013eadovou pr\u00edchu\u0165ou. V\u010faka 9000 \u0165ahom a 14 ml predplnen\u00e9ho e-liquidu si u\u017eije\u0161 dlhodob\u00fa a intenz\u00edvnu chu\u0165ov\u00fa cestu, ktor\u00e1 \u0165a bude sprev\u00e1dza\u0165 po\u010das mnoh\u00fdch dn\u00ed.<\/p>\n<p>R\u00f4zne \u00farovne nikot\u00ednu umo\u017e\u0148uj\u00fa individu\u00e1lne prisp\u00f4sobenie, zatia\u013e \u010do bat\u00e9ria s kapacitou 650 mAh a nab\u00edjac\u00ed port typu C zabezpe\u010duj\u00fa, \u017ee sa v\u017edy r\u00fdchlo dostane\u0161 k osvie\u017euj\u00facej a ovocnej ar\u00f3me. \u010ci u\u017e doma alebo na cest\u00e1ch \u2013 Blue Razz Ice E-cigareta je dokonal\u00fdm spolo\u010dn\u00edkom pre v\u0161etk\u00fdch, ktor\u00ed h\u013eadaj\u00fa osvie\u017euj\u00faci a ovocn\u00fd z\u00e1\u017eitok z faj\u010denia.<\/p>\n<p>Ak h\u013ead\u00e1\u0161 vape z\u00e1\u017eitok, ktor\u00fd je sladk\u00fd aj osvie\u017euj\u00faci, potom je Blue Razz Ice 9000 Puffs E-cigareta presne to, \u010do potrebuje\u0161. Vychutnaj si dokonal\u00fa kombin\u00e1ciu borievok a \u013eadu a za\u017ei \u010dist\u00e9 pote\u0161enie pri ka\u017edom \u0165ahu!<\/p>","protected":false},"excerpt":{"rendered":"<p>Die Blue Razz Ice 9000 Puffs E-Zigarette vereint die s\u00fc\u00dfe Intensit\u00e4t von reifen Blaubeeren mit einer erfrischenden Eisnote, die jeden Zug zu einem puren Genuss macht. Mit einer beeindruckenden Kapazit\u00e4t von 9000 Z\u00fcgen ist dieses Einwegger\u00e4t ideal f\u00fcr alle, die fruchtige und gleichzeitig erfrischende Dampferlebnisse suchen. Dank der Kombination aus Frucht und Frische bietet die [&hellip;]<\/p>","protected":false},"featured_media":14683,"template":"","meta":{"inline_featured_image":false},"product_cat":[771,739,743,744,755,738,751],"product_tag":[710,684],"tiered_pricing_type":"fixed","tiered_pricing_fixed_rules":{"60":"6.15","110":"5.46","200":"4.78"},"tiered_pricing_percentage_rules":[],"tiered_pricing_minimum":1,"_administrator_tiered_pricing_type":"fixed","_administrator_tiered_pricing_fixed_rules":[],"_editor_tiered_pricing_type":"fixed","_editor_tiered_pricing_fixed_rules":[],"_author_tiered_pricing_type":"fixed","_author_tiered_pricing_fixed_rules":[],"_contributor_tiered_pricing_type":"fixed","_contributor_tiered_pricing_fixed_rules":[],"_subscriber_tiered_pricing_type":"fixed","_subscriber_tiered_pricing_fixed_rules":[],"_customer_tiered_pricing_type":"fixed","_customer_tiered_pricing_fixed_rules":[],"_shop_manager_tiered_pricing_type":"fixed","_shop_manager_tiered_pricing_fixed_rules":[],"_wpseo_manager_tiered_pricing_type":"fixed","_wpseo_manager_tiered_pricing_fixed_rules":[],"_wpseo_editor_tiered_pricing_type":"fixed","_wpseo_editor_tiered_pricing_fixed_rules":[],"_wholesale_customer_tiered_pricing_type":"fixed","_wholesale_customer_tiered_pricing_fixed_rules":[],"_marketer_tiered_pricing_type":"fixed","_marketer_tiered_pricing_fixed_rules":[],"_sales_manager_tiered_pricing_type":"fixed","_sales_manager_tiered_pricing_fixed_rules":[],"_sales_rep_tiered_pricing_type":"fixed","_sales_rep_tiered_pricing_fixed_rules":[],"yoast_head":"<!-- This site is optimized with the Yoast SEO plugin v23.3 - https:\/\/yoast.com\/wordpress\/plugins\/seo\/ -->\n<title>Genie\u00dfen Sie 9000 Puffs Blue Razz Ice E-Zigarette die perfekte Mischung aus saftigen Blaubeeren und einer erfrischenden Eisnote f\u00fcr puren Genuss | ElementVape.de<\/title>\n<meta name=\"description\" content=\"Wir bieten Genie\u00dfen Sie 9000 Puffs Blue Razz Ice E-Zigarette die perfekte Mischung aus saftigen Blaubeeren und einer erfrischenden Eisnote f\u00fcr puren Genuss , Elementvape.de akzeptieren Gro\u00df-und Einzelhandel Bestellungen.\" \/>\n<meta name=\"robots\" content=\"index, follow, max-snippet:-1, max-image-preview:large, max-video-preview:-1\" \/>\n<link rel=\"canonical\" href=\"https:\/\/www.elementvape.de\/sk\/produkt\/geniessen-sie-9000-puffs-blue-razz-ice-e-zigarette-die-perfekte-mischung-aus-saftigen-blaubeeren-und-einer-erfrischenden-eisnote-fuer-puren-genuss\/\" \/>\n<meta property=\"og:locale\" content=\"sk_SK\" \/>\n<meta property=\"og:type\" content=\"article\" \/>\n<meta property=\"og:title\" content=\"Genie\u00dfen Sie 9000 Puffs Blue Razz Ice E-Zigarette die perfekte Mischung aus saftigen Blaubeeren und einer erfrischenden Eisnote f\u00fcr puren Genuss | ElementVape.de\" \/>\n<meta property=\"og:description\" content=\"Wir bieten Genie\u00dfen Sie 9000 Puffs Blue Razz Ice E-Zigarette die perfekte Mischung aus saftigen Blaubeeren und einer erfrischenden Eisnote f\u00fcr puren Genuss , Elementvape.de akzeptieren Gro\u00df-und Einzelhandel Bestellungen.\" \/>\n<meta property=\"og:url\" content=\"https:\/\/www.elementvape.de\/sk\/produkt\/geniessen-sie-9000-puffs-blue-razz-ice-e-zigarette-die-perfekte-mischung-aus-saftigen-blaubeeren-und-einer-erfrischenden-eisnote-fuer-puren-genuss\/\" \/>\n<meta property=\"og:site_name\" content=\"ElementVape.de\" \/>\n<meta property=\"article:modified_time\" content=\"2024-10-09T06:29:19+00:00\" \/>\n<meta property=\"og:image\" content=\"https:\/\/www.elementvape.de\/wp-content\/uploads\/2024\/09\/Blue-Razz-Ice-5.jpg\" \/>\n\t<meta property=\"og:image:width\" content=\"1920\" \/>\n\t<meta property=\"og:image:height\" content=\"1080\" \/>\n\t<meta property=\"og:image:type\" content=\"image\/jpeg\" \/>\n<meta name=\"twitter:card\" content=\"summary_large_image\" \/>\n<meta name=\"twitter:label1\" content=\"Est. reading time\" \/>\n\t<meta name=\"twitter:data1\" content=\"5 min\u00fat\" \/>\n<script type=\"application\/ld+json\" class=\"yoast-schema-graph\">{\"@context\":\"https:\/\/schema.org\",\"@graph\":[{\"@type\":\"WebPage\",\"@id\":\"https:\/\/www.elementvape.de\/nl\/produkt\/geniessen-sie-9000-puffs-blue-razz-ice-e-zigarette-die-perfekte-mischung-aus-saftigen-blaubeeren-und-einer-erfrischenden-eisnote-fuer-puren-genuss\/\",\"url\":\"https:\/\/www.elementvape.de\/nl\/produkt\/geniessen-sie-9000-puffs-blue-razz-ice-e-zigarette-die-perfekte-mischung-aus-saftigen-blaubeeren-und-einer-erfrischenden-eisnote-fuer-puren-genuss\/\",\"name\":\"Genie\u00dfen Sie 9000 Puffs Blue Razz Ice E-Zigarette die perfekte Mischung aus saftigen Blaubeeren und einer erfrischenden Eisnote f\u00fcr puren Genuss | ElementVape.de\",\"isPartOf\":{\"@id\":\"https:\/\/www.elementvape.de\/#website\"},\"primaryImageOfPage\":{\"@id\":\"https:\/\/www.elementvape.de\/nl\/produkt\/geniessen-sie-9000-puffs-blue-razz-ice-e-zigarette-die-perfekte-mischung-aus-saftigen-blaubeeren-und-einer-erfrischenden-eisnote-fuer-puren-genuss\/#primaryimage\"},\"image\":{\"@id\":\"https:\/\/www.elementvape.de\/nl\/produkt\/geniessen-sie-9000-puffs-blue-razz-ice-e-zigarette-die-perfekte-mischung-aus-saftigen-blaubeeren-und-einer-erfrischenden-eisnote-fuer-puren-genuss\/#primaryimage\"},\"thumbnailUrl\":\"https:\/\/www.elementvape.de\/wp-content\/uploads\/2024\/09\/Blue-Razz-Ice-5.jpg\",\"datePublished\":\"2024-09-26T02:38:07+00:00\",\"dateModified\":\"2024-10-09T06:29:19+00:00\",\"description\":\"Wir bieten Genie\u00dfen Sie 9000 Puffs Blue Razz Ice E-Zigarette die perfekte Mischung aus saftigen Blaubeeren und einer erfrischenden Eisnote f\u00fcr puren Genuss , Elementvape.de akzeptieren Gro\u00df-und Einzelhandel Bestellungen.\",\"breadcrumb\":{\"@id\":\"https:\/\/www.elementvape.de\/nl\/produkt\/geniessen-sie-9000-puffs-blue-razz-ice-e-zigarette-die-perfekte-mischung-aus-saftigen-blaubeeren-und-einer-erfrischenden-eisnote-fuer-puren-genuss\/#breadcrumb\"},\"inLanguage\":\"sk-SK\",\"potentialAction\":[{\"@type\":\"ReadAction\",\"target\":[\"https:\/\/www.elementvape.de\/nl\/produkt\/geniessen-sie-9000-puffs-blue-razz-ice-e-zigarette-die-perfekte-mischung-aus-saftigen-blaubeeren-und-einer-erfrischenden-eisnote-fuer-puren-genuss\/\"]}]},{\"@type\":\"ImageObject\",\"inLanguage\":\"sk-SK\",\"@id\":\"https:\/\/www.elementvape.de\/nl\/produkt\/geniessen-sie-9000-puffs-blue-razz-ice-e-zigarette-die-perfekte-mischung-aus-saftigen-blaubeeren-und-einer-erfrischenden-eisnote-fuer-puren-genuss\/#primaryimage\",\"url\":\"https:\/\/www.elementvape.de\/wp-content\/uploads\/2024\/09\/Blue-Razz-Ice-5.jpg\",\"contentUrl\":\"https:\/\/www.elementvape.de\/wp-content\/uploads\/2024\/09\/Blue-Razz-Ice-5.jpg\",\"width\":1920,\"height\":1080,\"caption\":\"Blue Razz Ice\"},{\"@type\":\"BreadcrumbList\",\"@id\":\"https:\/\/www.elementvape.de\/nl\/produkt\/geniessen-sie-9000-puffs-blue-razz-ice-e-zigarette-die-perfekte-mischung-aus-saftigen-blaubeeren-und-einer-erfrischenden-eisnote-fuer-puren-genuss\/#breadcrumb\",\"itemListElement\":[{\"@type\":\"ListItem\",\"position\":1,\"name\":\"Home\",\"item\":\"https:\/\/www.elementvape.de\/\"},{\"@type\":\"ListItem\",\"position\":2,\"name\":\"Shop\",\"item\":\"https:\/\/www.elementvape.de\/shop\/\"},{\"@type\":\"ListItem\",\"position\":3,\"name\":\"Genie\u00dfen Sie 9000 Puffs Blue Razz Ice E-Zigarette die perfekte Mischung aus saftigen Blaubeeren und einer erfrischenden Eisnote f\u00fcr puren Genuss\"}]},{\"@type\":\"WebSite\",\"@id\":\"https:\/\/www.elementvape.de\/#website\",\"url\":\"https:\/\/www.elementvape.de\/\",\"name\":\"ElementVape.de\",\"description\":\"\",\"publisher\":{\"@id\":\"https:\/\/www.elementvape.de\/#organization\"},\"potentialAction\":[{\"@type\":\"SearchAction\",\"target\":{\"@type\":\"EntryPoint\",\"urlTemplate\":\"https:\/\/www.elementvape.de\/?s={search_term_string}\"},\"query-input\":\"required name=search_term_string\"}],\"inLanguage\":\"sk-SK\"},{\"@type\":\"Organization\",\"@id\":\"https:\/\/www.elementvape.de\/#organization\",\"name\":\"ElementVape.DE\",\"url\":\"https:\/\/www.elementvape.de\/\",\"logo\":{\"@type\":\"ImageObject\",\"inLanguage\":\"sk-SK\",\"@id\":\"https:\/\/www.elementvape.de\/#\/schema\/logo\/image\/\",\"url\":\"https:\/\/www.elementvape.de\/wp-content\/uploads\/2024\/09\/cropped-1elementvape-3.png\",\"contentUrl\":\"https:\/\/www.elementvape.de\/wp-content\/uploads\/2024\/09\/cropped-1elementvape-3.png\",\"width\":285,\"height\":228,\"caption\":\"ElementVape.DE\"},\"image\":{\"@id\":\"https:\/\/www.elementvape.de\/#\/schema\/logo\/image\/\"}}]}<\/script>\n<!-- \/ Yoast SEO plugin. -->","yoast_head_json":{"title":"Genie\u00dfen Sie 9000 Puffs Blue Razz Ice E-Zigarette die perfekte Mischung aus saftigen Blaubeeren und einer erfrischenden Eisnote f\u00fcr puren Genuss | ElementVape.de","description":"Wir bieten Genie\u00dfen Sie 9000 Puffs Blue Razz Ice E-Zigarette die perfekte Mischung aus saftigen Blaubeeren und einer erfrischenden Eisnote f\u00fcr puren Genuss , Elementvape.de akzeptieren Gro\u00df-und Einzelhandel Bestellungen.","robots":{"index":"index","follow":"follow","max-snippet":"max-snippet:-1","max-image-preview":"max-image-preview:large","max-video-preview":"max-video-preview:-1"},"canonical":"https:\/\/www.elementvape.de\/sk\/produkt\/geniessen-sie-9000-puffs-blue-razz-ice-e-zigarette-die-perfekte-mischung-aus-saftigen-blaubeeren-und-einer-erfrischenden-eisnote-fuer-puren-genuss\/","og_locale":"sk_SK","og_type":"article","og_title":"Genie\u00dfen Sie 9000 Puffs Blue Razz Ice E-Zigarette die perfekte Mischung aus saftigen Blaubeeren und einer erfrischenden Eisnote f\u00fcr puren Genuss | ElementVape.de","og_description":"Wir bieten Genie\u00dfen Sie 9000 Puffs Blue Razz Ice E-Zigarette die perfekte Mischung aus saftigen Blaubeeren und einer erfrischenden Eisnote f\u00fcr puren Genuss , Elementvape.de akzeptieren Gro\u00df-und Einzelhandel Bestellungen.","og_url":"https:\/\/www.elementvape.de\/sk\/produkt\/geniessen-sie-9000-puffs-blue-razz-ice-e-zigarette-die-perfekte-mischung-aus-saftigen-blaubeeren-und-einer-erfrischenden-eisnote-fuer-puren-genuss\/","og_site_name":"ElementVape.de","article_modified_time":"2024-10-09T06:29:19+00:00","og_image":[{"width":1920,"height":1080,"url":"https:\/\/www.elementvape.de\/wp-content\/uploads\/2024\/09\/Blue-Razz-Ice-5.jpg","type":"image\/jpeg"}],"twitter_card":"summary_large_image","twitter_misc":{"Est. reading time":"5 min\u00fat"},"schema":{"@context":"https:\/\/schema.org","@graph":[{"@type":"WebPage","@id":"https:\/\/www.elementvape.de\/nl\/produkt\/geniessen-sie-9000-puffs-blue-razz-ice-e-zigarette-die-perfekte-mischung-aus-saftigen-blaubeeren-und-einer-erfrischenden-eisnote-fuer-puren-genuss\/","url":"https:\/\/www.elementvape.de\/nl\/produkt\/geniessen-sie-9000-puffs-blue-razz-ice-e-zigarette-die-perfekte-mischung-aus-saftigen-blaubeeren-und-einer-erfrischenden-eisnote-fuer-puren-genuss\/","name":"Genie\u00dfen Sie 9000 Puffs Blue Razz Ice E-Zigarette die perfekte Mischung aus saftigen Blaubeeren und einer erfrischenden Eisnote f\u00fcr puren Genuss | ElementVape.de","isPartOf":{"@id":"https:\/\/www.elementvape.de\/#website"},"primaryImageOfPage":{"@id":"https:\/\/www.elementvape.de\/nl\/produkt\/geniessen-sie-9000-puffs-blue-razz-ice-e-zigarette-die-perfekte-mischung-aus-saftigen-blaubeeren-und-einer-erfrischenden-eisnote-fuer-puren-genuss\/#primaryimage"},"image":{"@id":"https:\/\/www.elementvape.de\/nl\/produkt\/geniessen-sie-9000-puffs-blue-razz-ice-e-zigarette-die-perfekte-mischung-aus-saftigen-blaubeeren-und-einer-erfrischenden-eisnote-fuer-puren-genuss\/#primaryimage"},"thumbnailUrl":"https:\/\/www.elementvape.de\/wp-content\/uploads\/2024\/09\/Blue-Razz-Ice-5.jpg","datePublished":"2024-09-26T02:38:07+00:00","dateModified":"2024-10-09T06:29:19+00:00","description":"Wir bieten Genie\u00dfen Sie 9000 Puffs Blue Razz Ice E-Zigarette die perfekte Mischung aus saftigen Blaubeeren und einer erfrischenden Eisnote f\u00fcr puren Genuss , Elementvape.de akzeptieren Gro\u00df-und Einzelhandel Bestellungen.","breadcrumb":{"@id":"https:\/\/www.elementvape.de\/nl\/produkt\/geniessen-sie-9000-puffs-blue-razz-ice-e-zigarette-die-perfekte-mischung-aus-saftigen-blaubeeren-und-einer-erfrischenden-eisnote-fuer-puren-genuss\/#breadcrumb"},"inLanguage":"sk-SK","potentialAction":[{"@type":"ReadAction","target":["https:\/\/www.elementvape.de\/nl\/produkt\/geniessen-sie-9000-puffs-blue-razz-ice-e-zigarette-die-perfekte-mischung-aus-saftigen-blaubeeren-und-einer-erfrischenden-eisnote-fuer-puren-genuss\/"]}]},{"@type":"ImageObject","inLanguage":"sk-SK","@id":"https:\/\/www.elementvape.de\/nl\/produkt\/geniessen-sie-9000-puffs-blue-razz-ice-e-zigarette-die-perfekte-mischung-aus-saftigen-blaubeeren-und-einer-erfrischenden-eisnote-fuer-puren-genuss\/#primaryimage","url":"https:\/\/www.elementvape.de\/wp-content\/uploads\/2024\/09\/Blue-Razz-Ice-5.jpg","contentUrl":"https:\/\/www.elementvape.de\/wp-content\/uploads\/2024\/09\/Blue-Razz-Ice-5.jpg","width":1920,"height":1080,"caption":"Blue Razz Ice"},{"@type":"BreadcrumbList","@id":"https:\/\/www.elementvape.de\/nl\/produkt\/geniessen-sie-9000-puffs-blue-razz-ice-e-zigarette-die-perfekte-mischung-aus-saftigen-blaubeeren-und-einer-erfrischenden-eisnote-fuer-puren-genuss\/#breadcrumb","itemListElement":[{"@type":"ListItem","position":1,"name":"Home","item":"https:\/\/www.elementvape.de\/"},{"@type":"ListItem","position":2,"name":"Shop","item":"https:\/\/www.elementvape.de\/shop\/"},{"@type":"ListItem","position":3,"name":"Genie\u00dfen Sie 9000 Puffs Blue Razz Ice E-Zigarette die perfekte Mischung aus saftigen Blaubeeren und einer erfrischenden Eisnote f\u00fcr puren Genuss"}]},{"@type":"WebSite","@id":"https:\/\/www.elementvape.de\/#website","url":"https:\/\/www.elementvape.de\/","name":"ElementVape.de","description":"","publisher":{"@id":"https:\/\/www.elementvape.de\/#organization"},"potentialAction":[{"@type":"SearchAction","target":{"@type":"EntryPoint","urlTemplate":"https:\/\/www.elementvape.de\/?s={search_term_string}"},"query-input":"required name=search_term_string"}],"inLanguage":"sk-SK"},{"@type":"Organization","@id":"https:\/\/www.elementvape.de\/#organization","name":"ElementVape.DE","url":"https:\/\/www.elementvape.de\/","logo":{"@type":"ImageObject","inLanguage":"sk-SK","@id":"https:\/\/www.elementvape.de\/#\/schema\/logo\/image\/","url":"https:\/\/www.elementvape.de\/wp-content\/uploads\/2024\/09\/cropped-1elementvape-3.png","contentUrl":"https:\/\/www.elementvape.de\/wp-content\/uploads\/2024\/09\/cropped-1elementvape-3.png","width":285,"height":228,"caption":"ElementVape.DE"},"image":{"@id":"https:\/\/www.elementvape.de\/#\/schema\/logo\/image\/"}}]}},"_links":{"self":[{"href":"https:\/\/www.elementvape.de\/sk\/wp-json\/wp\/v2\/product\/14704"}],"collection":[{"href":"https:\/\/www.elementvape.de\/sk\/wp-json\/wp\/v2\/product"}],"about":[{"href":"https:\/\/www.elementvape.de\/sk\/wp-json\/wp\/v2\/types\/product"}],"wp:featuredmedia":[{"embeddable":true,"href":"https:\/\/www.elementvape.de\/sk\/wp-json\/wp\/v2\/media\/14683"}],"wp:attachment":[{"href":"https:\/\/www.elementvape.de\/sk\/wp-json\/wp\/v2\/media?parent=14704"}],"wp:term":[{"taxonomy":"product_cat","embeddable":true,"href":"https:\/\/www.elementvape.de\/sk\/wp-json\/wp\/v2\/product_cat?post=14704"},{"taxonomy":"product_tag","embeddable":true,"href":"https:\/\/www.elementvape.de\/sk\/wp-json\/wp\/v2\/product_tag?post=14704"}],"curies":[{"name":"wp","href":"https:\/\/api.w.org\/{rel}","templated":true}]}}