{"id":14666,"date":"2024-09-25T07:49:06","date_gmt":"2024-09-25T07:49:06","guid":{"rendered":"https:\/\/www.elementvape.de\/?post_type=product&#038;p=14666"},"modified":"2024-10-09T07:00:56","modified_gmt":"2024-10-09T07:00:56","slug":"geniessen-sie-die-koestliche-frische-der-bang-king-digital-15000-puffs-sour-apple-raspberry-einweg-e-zigarette-mit-15000-zuegen-voller-geschmack","status":"publish","type":"product","link":"https:\/\/www.elementvape.de\/sk\/produkt\/geniessen-sie-die-koestliche-frische-der-bang-king-digital-15000-puffs-sour-apple-raspberry-einweg-e-zigarette-mit-15000-zuegen-voller-geschmack\/","title":{"rendered":"U\u017eite si lahodn\u00fa \u010derstvos\u0165 BANG KING Digital 15000 PUFFS Sour Apple Raspberry jednorazovej e-cigarety s 15000 potiahnutiami pln\u00fdmi chuti"},"content":{"rendered":"<h2>BANG KING Digital 15000 PUFFS: Kysl\u00e9 jablko malina<\/h2>\n<p>Vo svete <strong><a href=\"https:\/\/www.elementvape.de\/sk\/c\/einweg-zigarette\/\" target=\"_blank\" rel=\"noopener\">jednorazov\u00fdch e-cigaret\u00e1ch<\/a><\/strong> m\u00e1 vynikaj\u00face miesto v BANG KING Digital 15000 PUFFS s ich vzru\u0161uj\u00facou pr\u00edchu\u0165ou Kysl\u00e9 jablko malina. Tento produkt kombinuje osvie\u017euj\u00facu kyslos\u0165 zo zelen\u00fdch jab\u013ak s sladkou a ovocnou notou mal\u00edn, \u010do z neho rob\u00ed skuto\u010dn\u00fa expl\u00f3ziu chut\u00ed. S p\u00f4sobivou kapacitou 15 000 \u0165ahov je tento <strong><a href=\"https:\/\/www.elementvape.de\/sk\/\" target=\"_blank\" rel=\"noopener\">E-cigareta<\/a><\/strong> ide\u00e1lny pre vapery, ktor\u00ed h\u013eadaj\u00fa dlhodob\u00fd a chutn\u00fd z\u00e1\u017eitok.<\/p>\n<p>V tomto \u010dl\u00e1nku podrobne presk\u00famame jedine\u010dn\u00e9 vlastnosti, chu\u0165ov\u00e9 profily a technick\u00e9 detaily BANG KING Digital 15000 PUFFS Kysl\u00e9 jablko malina.<\/p>\n<h3>1. Z\u00e1\u017eitok z chuti<\/h3>\n<p>Chu\u0165 Kysl\u00e9 jablko je harmonick\u00e1 zmes sladkosti a kyslosti. T\u00e1to osvie\u017euj\u00faca, \u0161umiv\u00e1 chu\u0165 je obzvl\u00e1\u0161\u0165 popul\u00e1rna, preto\u017ee pripom\u00edna p\u00f4\u017eitok z chrumkav\u00e9ho, zelen\u00e9ho jablka. Kombin\u00e1cia sladkosti a n\u00e1znaku kyslosti zabezpe\u010duje, \u017ee ka\u017ed\u00fd \u0165ah je \u010derstv\u00fd a povzbudzuj\u00faci.<\/p>\n<p>Malina prin\u00e1\u0161a sladk\u00fa, \u0161\u0165avnat\u00fa notu do zmesi, ktor\u00e1 dokonale lad\u00ed s Kysl\u00fdm jablkom. Jej intenz\u00edvna ar\u00f3ma prid\u00e1va vapov\u00e9mu z\u00e1\u017eitku \u010fal\u0161\u00ed rozmer a dop\u013a\u0148a ovocn\u00e9 chute. Kombin\u00e1cia kysl\u00e9ho jablka a maliny vytv\u00e1ra jedine\u010dn\u00fd chu\u0165ov\u00fd z\u00e1\u017eitok, ktor\u00fd budete chcie\u0165 opakovane vychutn\u00e1va\u0165.<\/p>\n<p>BANG KING Digital 15000 PUFFS pon\u00faka nielen skvel\u00fd chu\u0165ov\u00fd z\u00e1\u017eitok, ale aj p\u00f4sobiv\u00e9 technick\u00e9 vybavenie, ktor\u00e9 maximalizuje pou\u017e\u00edvate\u013esk\u00fa priate\u013eskos\u0165 a v\u00fdkon.<\/p>\n<p>S kapacitou 15 000 \u0165ahov sa BANG KING odli\u0161uje od mnoh\u00fdch in\u00fdch jednorazov\u00fdch e-cigariet. T\u00e1to vysok\u00e1 po\u010detnos\u0165 \u0165ahov znamen\u00e1, \u017ee si m\u00f4\u017eete dlho u\u017e\u00edva\u0165 lahodn\u00e9 ar\u00f3my bez ob\u00e1v z r\u00fdchleho doplnenia.<\/p>\n<p>BANG KING Digital 15000 PUFFS m\u00e1 kapacitu e-liquidu 25 ml, \u010do zabezpe\u010duje nieko\u013eko hod\u00edn p\u00f4\u017eitku. T\u00e1to ve\u013ekorys\u00e1 kapacita zabezpe\u010duje, \u017ee chu\u0165 zostane po\u010das celej \u017eivotnosti zariadenia konzistentn\u00e1.<\/p>\n<p>S bat\u00e9riou 650 mAh je BANG KING schopn\u00fd zabezpe\u010di\u0165 kon\u0161tantn\u00fd v\u00fdkon po\u010das celej \u017eivotnosti produktu. Nemus\u00edte sa ob\u00e1va\u0165 \u010dast\u00e9ho nab\u00edjania \u2013 sta\u010d\u00ed si len u\u017e\u00edva\u0165!<\/p>\n<h3>2. Rozmanitos\u0165 mo\u017enost\u00ed nikot\u00ednu<\/h3>\n<p>V\u00fdraznou vlastnos\u0165ou BANG KING Digital 15000 PUFFS je mo\u017enos\u0165 v\u00fdberu medzi r\u00f4znymi mo\u017enos\u0165ami nikot\u00ednu. T\u00e1to flexibilita umo\u017e\u0148uje pou\u017e\u00edvate\u013eom vybra\u0165 si \u00farove\u0148 nikot\u00ednu, ktor\u00e1 im najviac vyhovuje.<\/p>\n<p>Mo\u017enos\u0165 0% je ide\u00e1lna pre vapery, ktor\u00ed si chc\u00fa vychutna\u0165 ar\u00f3mu bez konzum\u00e1cie nikot\u00ednu. Je to ide\u00e1lne pre pr\u00edle\u017eitostn\u00fdch vapery alebo \u013eud\u00ed, ktor\u00ed sa chc\u00fa vyhn\u00fa\u0165 nikot\u00ednu.<\/p>\n<p>Mo\u017enosti s nikot\u00ednom 2% a 3% pon\u00fakaj\u00fa jemn\u00fd, ale uspokojiv\u00fd z\u00e1\u017eitok pre pou\u017e\u00edvate\u013eov, ktor\u00ed preferuj\u00fa ni\u017e\u0161\u00ed pr\u00edjem nikot\u00ednu. Tieto stupne s\u00fa ide\u00e1lne pre t\u00fdch, ktor\u00ed chc\u00fa postupne zni\u017eova\u0165 svoj nikot\u00ednov\u00fd pr\u00edjem.<\/p>\n<p>Pre sk\u00fasen\u00fdch vapery, ktor\u00ed h\u013eadaj\u00fa intenz\u00edvnej\u0161\u00ed z\u00e1\u017eitok, pon\u00faka mo\u017enos\u0165 nikot\u00ednu 5% potrebn\u00fa mieru spokojnosti. T\u00e1to sila umo\u017e\u0148uje intenz\u00edvny z\u00e1\u017eitok z vapovania, pri\u010dom lahodn\u00e9 ar\u00f3my zost\u00e1vaj\u00fa v popred\u00ed.<\/p>\n<h3>3. Dizajn a pou\u017e\u00edvate\u013esk\u00e1 priate\u013eskos\u0165<\/h3>\n<h4>3.1. Kompaktn\u00e1 ve\u013ekos\u0165<\/h4>\n<p>BANG KING Digital 15000 PUFFS je kompaktn\u00fd a \u013eahk\u00fd, \u010do ho rob\u00ed ide\u00e1lnym na ka\u017edodenn\u00e9 pou\u017eitie. Bez probl\u00e9mov sa zmest\u00ed do ka\u017edej ta\u0161ky a je tak ide\u00e1lny na cestovanie.<\/p>\n<h4>3.2. Jednoduch\u00e9 ovl\u00e1danie<\/h4>\n<p>Pou\u017e\u00edvate\u013esk\u00e1 priate\u013eskos\u0165 je k\u013e\u00fa\u010dovou vlastnos\u0165ou BANG KING. Pr\u00edstroj je okam\u017eite pripraven\u00fd na pou\u017eitie \u2013 nie s\u00fa potrebn\u00e9 \u017eiadne zlo\u017eit\u00e9 nastavenia. Sta\u010d\u00ed si ho nasadi\u0165 a vychutna\u0165 si to!<\/p>\n<h3>4. Zdravotn\u00e9 \u00favahy<\/h3>\n<p>Vaping je \u010dasto pova\u017eovan\u00fd za menej \u0161kodliv\u00fa alternat\u00edvu k tradi\u010dn\u00e9mu faj\u010deniu. BANG KING Digital 15000 PUFFS pou\u017e\u00edva kvalitn\u00e9 zlo\u017eky, ktor\u00e9 zabezpe\u010duj\u00fa bezpe\u010dn\u00fd z\u00e1\u017eitok z vapovania.<\/p>\n<h4>4.1. Kontrola kvality<\/h4>\n<p>V\u00fdroba BANG KING podlieha pr\u00edsnym kontrol\u00e1m kvality, aby sa zabezpe\u010dilo, \u017ee ka\u017ed\u00e1 jednotka sp\u013a\u0148a najvy\u0161\u0161ie \u0161tandardy. Zlo\u017eky s\u00fa starostlivo vyberan\u00e9 a testovan\u00e9, aby sa zabezpe\u010dila ich \u010distota a kvalita.<\/p>\n<h4>4.2. Menej \u0161kodliv\u00fdch l\u00e1tok<\/h4>\n<p>V porovnan\u00ed s be\u017en\u00fdmi cigaretami obsahuje vapovanie menej \u0161kodliv\u00fdch chemik\u00e1li\u00ed. BANG KING Digital 15000 PUFFS je v\u00fdrobok bez nikot\u00ednu a neobsahuje tabakov\u00e9 v\u00fdrobky, \u010d\u00edm sa minimalizuje vystavenie \u0161kodliv\u00fdm l\u00e1tkam.<\/p>\n<h3>5. Ekologick\u00e9 aspekty<\/h3>\n<p>\u010eal\u0161\u00edm znakom, ktor\u00fd odli\u0161uje BANG KING Digital 15000 PUFFS, je oh\u013ead na \u017eivotn\u00e9 prostredie. Hoci jednorazov\u00e9 v\u00fdrobky s\u00fa \u010dasto sp\u00e1jan\u00e9 s environment\u00e1lnymi probl\u00e9mami, BANG KING sa zameriava na udr\u017eate\u013en\u00e9 praktiky.<\/p>\n<h4>5.1. Recykl\u00e1cia a likvid\u00e1cia<\/h4>\n<p>BANG KING povzbudzuje pou\u017e\u00edvate\u013eov, aby svoje v\u00fdrobky spr\u00e1vne likvidovali a vyu\u017e\u00edvali mo\u017enosti recykl\u00e1cie, kde je to mo\u017en\u00e9. Obal a dizajn s\u00fa navrhnut\u00e9 s oh\u013eadom na \u017eivotn\u00e9 prostredie.<\/p>\n<h4>5.2. Vedom\u00e1 konzum\u00e1cia<\/h4>\n<p>V\u00fdberom BANG KING Digital 15000 PUFFS si pou\u017e\u00edvatelia volia produkt, ktor\u00fd kladie d\u00f4raz nielen na kvalitu a chu\u0165, ale aj na zodpovednos\u0165 vo\u010di \u017eivotn\u00e9mu prostrediu.<\/p>\n<h3>6. Sp\u00e4tn\u00e1 v\u00e4zba a sk\u00fasenosti z\u00e1kazn\u00edkov<\/h3>\n<p>Odezva na BANG KING Digital 15000 PUFFS Sour Apple Raspberry je preva\u017ene pozit\u00edvna. Pou\u017e\u00edvatelia chv\u00e1lia osvie\u017euj\u00face a vyv\u00e1\u017een\u00e9 chute, ako aj pou\u017e\u00edvate\u013esk\u00fa pr\u00edvetivos\u0165 produktu.<\/p>\n<h4>Z\u00e1\u017eitky z chuti<\/h4>\n<p>Kombin\u00e1cia kysl\u00e9ho jablka a maliny je op\u00edsan\u00e1 ako jedine\u010dn\u00e1 a osvie\u017euj\u00faca. Mnoho vapera ocen\u00ed rovnov\u00e1hu medzi sladkos\u0165ou a kyslos\u0165ou, ktor\u00e1 rob\u00ed vapovanie v\u00fdnimo\u010dn\u00fdm z\u00e1\u017eitkom.<\/p>\n<h4>Spokojnos\u0165 s v\u00fdkonom<\/h4>\n<p>Pou\u017e\u00edvatelia s\u00fa jednotn\u00ed v tom, \u017ee BANG KING svojou kapacitou a v\u00fddr\u017eou bat\u00e9rie presved\u010d\u00ed. V\u00e4\u010d\u0161ina hl\u00e1si, \u017ee si mohla vychutna\u0165 pln\u00fdch 15 000 \u0165ahov bez straty chuti alebo kvality.<\/p>\n<p>BANG KING Digital 15000 PUFFS s Sour Apple Raspberry pon\u00faka neporovnate\u013en\u00fd z\u00e1\u017eitok z vapovania, ktor\u00fd sp\u00e1ja chu\u0165ov\u00fd p\u00f4\u017eitok a pou\u017e\u00edvate\u013esk\u00fa jednoduchos\u0165. S 15 000 potiahnutiami, kapacitou 25 ml e-liquidu a v\u00fdkonnou bat\u00e9riou 650 mAh je t\u00e1to jednorazov\u00e1 e-cigareta ide\u00e1lnou vo\u013ebou pre v\u0161etk\u00fdch, ktor\u00ed h\u013eadaj\u00fa prvotriedny z\u00e1\u017eitok z vapovania.<\/p>\n<p>\u010ci ste sk\u00fasen\u00fd vap\u00e9r alebo pr\u00e1ve za\u010d\u00ednate, BANG KING Digital 15000 PUFFS v\u00e1s nadchne svojou lahodnou chu\u0165ou a praktick\u00fdm ovl\u00e1dan\u00edm. Doprajte si dokonal\u00fa kombin\u00e1ciu ovocnej svie\u017eosti a vychutnajte si chute, ktor\u00e9 BANG KING pon\u00faka.<\/p>\n<p>Ponorte sa do sveta vapovania s BANG KING Digital 15000 PUFFS a za\u017eite ka\u017ed\u00fd pot ako chutn\u00fa cestu pln\u00fa chute.<\/p>","protected":false},"excerpt":{"rendered":"<p>BANG KING Digital 15000 PUFFS: Sour Apple Raspberry In der Welt der Einweg-E-Zigaretten hat die BANG KING Digital 15000 PUFFS mit ihrer aufregenden Geschmacksrichtung Sour Apple Raspberry einen besonderen Platz eingenommen. Dieses Produkt kombiniert die erfrischende S\u00e4ure von gr\u00fcnen \u00c4pfeln mit der s\u00fc\u00dfen und fruchtigen Note von Himbeeren, was es zu einer wahren Geschmacksexplosion macht. [&hellip;]<\/p>","protected":false},"featured_media":14647,"template":"","meta":{"inline_featured_image":false},"product_cat":[770,739,743,744,755,738,751],"product_tag":[710,674],"tiered_pricing_type":"fixed","tiered_pricing_fixed_rules":{"60":"6.15","110":"5.46","200":"4.78"},"tiered_pricing_percentage_rules":[],"tiered_pricing_minimum":1,"_administrator_tiered_pricing_type":"fixed","_administrator_tiered_pricing_fixed_rules":[],"_editor_tiered_pricing_type":"fixed","_editor_tiered_pricing_fixed_rules":[],"_author_tiered_pricing_type":"fixed","_author_tiered_pricing_fixed_rules":[],"_contributor_tiered_pricing_type":"fixed","_contributor_tiered_pricing_fixed_rules":[],"_subscriber_tiered_pricing_type":"fixed","_subscriber_tiered_pricing_fixed_rules":[],"_customer_tiered_pricing_type":"fixed","_customer_tiered_pricing_fixed_rules":[],"_shop_manager_tiered_pricing_type":"fixed","_shop_manager_tiered_pricing_fixed_rules":[],"_wpseo_manager_tiered_pricing_type":"fixed","_wpseo_manager_tiered_pricing_fixed_rules":[],"_wpseo_editor_tiered_pricing_type":"fixed","_wpseo_editor_tiered_pricing_fixed_rules":[],"_wholesale_customer_tiered_pricing_type":"fixed","_wholesale_customer_tiered_pricing_fixed_rules":[],"_marketer_tiered_pricing_type":"fixed","_marketer_tiered_pricing_fixed_rules":[],"_sales_manager_tiered_pricing_type":"fixed","_sales_manager_tiered_pricing_fixed_rules":[],"_sales_rep_tiered_pricing_type":"fixed","_sales_rep_tiered_pricing_fixed_rules":[],"yoast_head":"<!-- This site is optimized with the Yoast SEO plugin v23.3 - https:\/\/yoast.com\/wordpress\/plugins\/seo\/ -->\n<title>Genie\u00dfen Sie die k\u00f6stliche Frische der BANG KING Digital 15000 PUFFS Sour Apple Raspberry Einweg-E-Zigarette mit 15000 Z\u00fcgen voller Geschmack | ElementVape.de<\/title>\n<meta name=\"description\" content=\"Wir bieten Genie\u00dfen Sie die k\u00f6stliche Frische der BANG KING Digital 15000 PUFFS Sour Apple Raspberry Einweg-E-Zigarette mit 15000 Z\u00fcgen voller Geschmack , Elementvape.de akzeptieren Gro\u00df-und Einzelhandel Bestellungen.\" \/>\n<meta name=\"robots\" content=\"index, follow, max-snippet:-1, max-image-preview:large, max-video-preview:-1\" \/>\n<link rel=\"canonical\" href=\"https:\/\/www.elementvape.de\/sk\/produkt\/geniessen-sie-die-koestliche-frische-der-bang-king-digital-15000-puffs-sour-apple-raspberry-einweg-e-zigarette-mit-15000-zuegen-voller-geschmack\/\" \/>\n<meta property=\"og:locale\" content=\"sk_SK\" \/>\n<meta property=\"og:type\" content=\"article\" \/>\n<meta property=\"og:title\" content=\"Genie\u00dfen Sie die k\u00f6stliche Frische der BANG KING Digital 15000 PUFFS Sour Apple Raspberry Einweg-E-Zigarette mit 15000 Z\u00fcgen voller Geschmack | ElementVape.de\" \/>\n<meta property=\"og:description\" content=\"Wir bieten Genie\u00dfen Sie die k\u00f6stliche Frische der BANG KING Digital 15000 PUFFS Sour Apple Raspberry Einweg-E-Zigarette mit 15000 Z\u00fcgen voller Geschmack , Elementvape.de akzeptieren Gro\u00df-und Einzelhandel Bestellungen.\" \/>\n<meta property=\"og:url\" content=\"https:\/\/www.elementvape.de\/sk\/produkt\/geniessen-sie-die-koestliche-frische-der-bang-king-digital-15000-puffs-sour-apple-raspberry-einweg-e-zigarette-mit-15000-zuegen-voller-geschmack\/\" \/>\n<meta property=\"og:site_name\" content=\"ElementVape.de\" \/>\n<meta property=\"article:modified_time\" content=\"2024-10-09T07:00:56+00:00\" \/>\n<meta property=\"og:image\" content=\"https:\/\/www.elementvape.de\/wp-content\/uploads\/2024\/09\/Sour-APPLE-Raspberry-1.jpg\" \/>\n\t<meta property=\"og:image:width\" content=\"1440\" \/>\n\t<meta property=\"og:image:height\" content=\"980\" \/>\n\t<meta property=\"og:image:type\" content=\"image\/jpeg\" \/>\n<meta name=\"twitter:card\" content=\"summary_large_image\" \/>\n<meta name=\"twitter:label1\" content=\"Est. reading time\" \/>\n\t<meta name=\"twitter:data1\" content=\"6 min\u00fat\" \/>\n<script type=\"application\/ld+json\" class=\"yoast-schema-graph\">{\"@context\":\"https:\/\/schema.org\",\"@graph\":[{\"@type\":\"WebPage\",\"@id\":\"https:\/\/www.elementvape.de\/fr\/produkt\/geniessen-sie-die-koestliche-frische-der-bang-king-digital-15000-puffs-sour-apple-raspberry-einweg-e-zigarette-mit-15000-zuegen-voller-geschmack\/\",\"url\":\"https:\/\/www.elementvape.de\/fr\/produkt\/geniessen-sie-die-koestliche-frische-der-bang-king-digital-15000-puffs-sour-apple-raspberry-einweg-e-zigarette-mit-15000-zuegen-voller-geschmack\/\",\"name\":\"Genie\u00dfen Sie die k\u00f6stliche Frische der BANG KING Digital 15000 PUFFS Sour Apple Raspberry Einweg-E-Zigarette mit 15000 Z\u00fcgen voller Geschmack | ElementVape.de\",\"isPartOf\":{\"@id\":\"https:\/\/www.elementvape.de\/#website\"},\"primaryImageOfPage\":{\"@id\":\"https:\/\/www.elementvape.de\/fr\/produkt\/geniessen-sie-die-koestliche-frische-der-bang-king-digital-15000-puffs-sour-apple-raspberry-einweg-e-zigarette-mit-15000-zuegen-voller-geschmack\/#primaryimage\"},\"image\":{\"@id\":\"https:\/\/www.elementvape.de\/fr\/produkt\/geniessen-sie-die-koestliche-frische-der-bang-king-digital-15000-puffs-sour-apple-raspberry-einweg-e-zigarette-mit-15000-zuegen-voller-geschmack\/#primaryimage\"},\"thumbnailUrl\":\"https:\/\/www.elementvape.de\/wp-content\/uploads\/2024\/09\/Sour-APPLE-Raspberry-1.jpg\",\"datePublished\":\"2024-09-25T07:49:06+00:00\",\"dateModified\":\"2024-10-09T07:00:56+00:00\",\"description\":\"Wir bieten Genie\u00dfen Sie die k\u00f6stliche Frische der BANG KING Digital 15000 PUFFS Sour Apple Raspberry Einweg-E-Zigarette mit 15000 Z\u00fcgen voller Geschmack , Elementvape.de akzeptieren Gro\u00df-und Einzelhandel Bestellungen.\",\"breadcrumb\":{\"@id\":\"https:\/\/www.elementvape.de\/fr\/produkt\/geniessen-sie-die-koestliche-frische-der-bang-king-digital-15000-puffs-sour-apple-raspberry-einweg-e-zigarette-mit-15000-zuegen-voller-geschmack\/#breadcrumb\"},\"inLanguage\":\"sk-SK\",\"potentialAction\":[{\"@type\":\"ReadAction\",\"target\":[\"https:\/\/www.elementvape.de\/fr\/produkt\/geniessen-sie-die-koestliche-frische-der-bang-king-digital-15000-puffs-sour-apple-raspberry-einweg-e-zigarette-mit-15000-zuegen-voller-geschmack\/\"]}]},{\"@type\":\"ImageObject\",\"inLanguage\":\"sk-SK\",\"@id\":\"https:\/\/www.elementvape.de\/fr\/produkt\/geniessen-sie-die-koestliche-frische-der-bang-king-digital-15000-puffs-sour-apple-raspberry-einweg-e-zigarette-mit-15000-zuegen-voller-geschmack\/#primaryimage\",\"url\":\"https:\/\/www.elementvape.de\/wp-content\/uploads\/2024\/09\/Sour-APPLE-Raspberry-1.jpg\",\"contentUrl\":\"https:\/\/www.elementvape.de\/wp-content\/uploads\/2024\/09\/Sour-APPLE-Raspberry-1.jpg\",\"width\":1440,\"height\":980,\"caption\":\"Sour APPLE Raspberry\"},{\"@type\":\"BreadcrumbList\",\"@id\":\"https:\/\/www.elementvape.de\/fr\/produkt\/geniessen-sie-die-koestliche-frische-der-bang-king-digital-15000-puffs-sour-apple-raspberry-einweg-e-zigarette-mit-15000-zuegen-voller-geschmack\/#breadcrumb\",\"itemListElement\":[{\"@type\":\"ListItem\",\"position\":1,\"name\":\"Home\",\"item\":\"https:\/\/www.elementvape.de\/\"},{\"@type\":\"ListItem\",\"position\":2,\"name\":\"Shop\",\"item\":\"https:\/\/www.elementvape.de\/shop\/\"},{\"@type\":\"ListItem\",\"position\":3,\"name\":\"Genie\u00dfen Sie die k\u00f6stliche Frische der BANG KING Digital 15000 PUFFS Sour Apple Raspberry Einweg-E-Zigarette mit 15000 Z\u00fcgen voller Geschmack\"}]},{\"@type\":\"WebSite\",\"@id\":\"https:\/\/www.elementvape.de\/#website\",\"url\":\"https:\/\/www.elementvape.de\/\",\"name\":\"ElementVape.de\",\"description\":\"\",\"publisher\":{\"@id\":\"https:\/\/www.elementvape.de\/#organization\"},\"potentialAction\":[{\"@type\":\"SearchAction\",\"target\":{\"@type\":\"EntryPoint\",\"urlTemplate\":\"https:\/\/www.elementvape.de\/?s={search_term_string}\"},\"query-input\":\"required name=search_term_string\"}],\"inLanguage\":\"sk-SK\"},{\"@type\":\"Organization\",\"@id\":\"https:\/\/www.elementvape.de\/#organization\",\"name\":\"ElementVape.DE\",\"url\":\"https:\/\/www.elementvape.de\/\",\"logo\":{\"@type\":\"ImageObject\",\"inLanguage\":\"sk-SK\",\"@id\":\"https:\/\/www.elementvape.de\/#\/schema\/logo\/image\/\",\"url\":\"https:\/\/www.elementvape.de\/wp-content\/uploads\/2024\/09\/cropped-1elementvape-3.png\",\"contentUrl\":\"https:\/\/www.elementvape.de\/wp-content\/uploads\/2024\/09\/cropped-1elementvape-3.png\",\"width\":285,\"height\":228,\"caption\":\"ElementVape.DE\"},\"image\":{\"@id\":\"https:\/\/www.elementvape.de\/#\/schema\/logo\/image\/\"}}]}<\/script>\n<!-- \/ Yoast SEO plugin. -->","yoast_head_json":{"title":"Genie\u00dfen Sie die k\u00f6stliche Frische der BANG KING Digital 15000 PUFFS Sour Apple Raspberry Einweg-E-Zigarette mit 15000 Z\u00fcgen voller Geschmack | ElementVape.de","description":"Wir bieten Genie\u00dfen Sie die k\u00f6stliche Frische der BANG KING Digital 15000 PUFFS Sour Apple Raspberry Einweg-E-Zigarette mit 15000 Z\u00fcgen voller Geschmack , Elementvape.de akzeptieren Gro\u00df-und Einzelhandel Bestellungen.","robots":{"index":"index","follow":"follow","max-snippet":"max-snippet:-1","max-image-preview":"max-image-preview:large","max-video-preview":"max-video-preview:-1"},"canonical":"https:\/\/www.elementvape.de\/sk\/produkt\/geniessen-sie-die-koestliche-frische-der-bang-king-digital-15000-puffs-sour-apple-raspberry-einweg-e-zigarette-mit-15000-zuegen-voller-geschmack\/","og_locale":"sk_SK","og_type":"article","og_title":"Genie\u00dfen Sie die k\u00f6stliche Frische der BANG KING Digital 15000 PUFFS Sour Apple Raspberry Einweg-E-Zigarette mit 15000 Z\u00fcgen voller Geschmack | ElementVape.de","og_description":"Wir bieten Genie\u00dfen Sie die k\u00f6stliche Frische der BANG KING Digital 15000 PUFFS Sour Apple Raspberry Einweg-E-Zigarette mit 15000 Z\u00fcgen voller Geschmack , Elementvape.de akzeptieren Gro\u00df-und Einzelhandel Bestellungen.","og_url":"https:\/\/www.elementvape.de\/sk\/produkt\/geniessen-sie-die-koestliche-frische-der-bang-king-digital-15000-puffs-sour-apple-raspberry-einweg-e-zigarette-mit-15000-zuegen-voller-geschmack\/","og_site_name":"ElementVape.de","article_modified_time":"2024-10-09T07:00:56+00:00","og_image":[{"width":1440,"height":980,"url":"https:\/\/www.elementvape.de\/wp-content\/uploads\/2024\/09\/Sour-APPLE-Raspberry-1.jpg","type":"image\/jpeg"}],"twitter_card":"summary_large_image","twitter_misc":{"Est. reading time":"6 min\u00fat"},"schema":{"@context":"https:\/\/schema.org","@graph":[{"@type":"WebPage","@id":"https:\/\/www.elementvape.de\/fr\/produkt\/geniessen-sie-die-koestliche-frische-der-bang-king-digital-15000-puffs-sour-apple-raspberry-einweg-e-zigarette-mit-15000-zuegen-voller-geschmack\/","url":"https:\/\/www.elementvape.de\/fr\/produkt\/geniessen-sie-die-koestliche-frische-der-bang-king-digital-15000-puffs-sour-apple-raspberry-einweg-e-zigarette-mit-15000-zuegen-voller-geschmack\/","name":"Genie\u00dfen Sie die k\u00f6stliche Frische der BANG KING Digital 15000 PUFFS Sour Apple Raspberry Einweg-E-Zigarette mit 15000 Z\u00fcgen voller Geschmack | ElementVape.de","isPartOf":{"@id":"https:\/\/www.elementvape.de\/#website"},"primaryImageOfPage":{"@id":"https:\/\/www.elementvape.de\/fr\/produkt\/geniessen-sie-die-koestliche-frische-der-bang-king-digital-15000-puffs-sour-apple-raspberry-einweg-e-zigarette-mit-15000-zuegen-voller-geschmack\/#primaryimage"},"image":{"@id":"https:\/\/www.elementvape.de\/fr\/produkt\/geniessen-sie-die-koestliche-frische-der-bang-king-digital-15000-puffs-sour-apple-raspberry-einweg-e-zigarette-mit-15000-zuegen-voller-geschmack\/#primaryimage"},"thumbnailUrl":"https:\/\/www.elementvape.de\/wp-content\/uploads\/2024\/09\/Sour-APPLE-Raspberry-1.jpg","datePublished":"2024-09-25T07:49:06+00:00","dateModified":"2024-10-09T07:00:56+00:00","description":"Wir bieten Genie\u00dfen Sie die k\u00f6stliche Frische der BANG KING Digital 15000 PUFFS Sour Apple Raspberry Einweg-E-Zigarette mit 15000 Z\u00fcgen voller Geschmack , Elementvape.de akzeptieren Gro\u00df-und Einzelhandel Bestellungen.","breadcrumb":{"@id":"https:\/\/www.elementvape.de\/fr\/produkt\/geniessen-sie-die-koestliche-frische-der-bang-king-digital-15000-puffs-sour-apple-raspberry-einweg-e-zigarette-mit-15000-zuegen-voller-geschmack\/#breadcrumb"},"inLanguage":"sk-SK","potentialAction":[{"@type":"ReadAction","target":["https:\/\/www.elementvape.de\/fr\/produkt\/geniessen-sie-die-koestliche-frische-der-bang-king-digital-15000-puffs-sour-apple-raspberry-einweg-e-zigarette-mit-15000-zuegen-voller-geschmack\/"]}]},{"@type":"ImageObject","inLanguage":"sk-SK","@id":"https:\/\/www.elementvape.de\/fr\/produkt\/geniessen-sie-die-koestliche-frische-der-bang-king-digital-15000-puffs-sour-apple-raspberry-einweg-e-zigarette-mit-15000-zuegen-voller-geschmack\/#primaryimage","url":"https:\/\/www.elementvape.de\/wp-content\/uploads\/2024\/09\/Sour-APPLE-Raspberry-1.jpg","contentUrl":"https:\/\/www.elementvape.de\/wp-content\/uploads\/2024\/09\/Sour-APPLE-Raspberry-1.jpg","width":1440,"height":980,"caption":"Sour APPLE Raspberry"},{"@type":"BreadcrumbList","@id":"https:\/\/www.elementvape.de\/fr\/produkt\/geniessen-sie-die-koestliche-frische-der-bang-king-digital-15000-puffs-sour-apple-raspberry-einweg-e-zigarette-mit-15000-zuegen-voller-geschmack\/#breadcrumb","itemListElement":[{"@type":"ListItem","position":1,"name":"Home","item":"https:\/\/www.elementvape.de\/"},{"@type":"ListItem","position":2,"name":"Shop","item":"https:\/\/www.elementvape.de\/shop\/"},{"@type":"ListItem","position":3,"name":"Genie\u00dfen Sie die k\u00f6stliche Frische der BANG KING Digital 15000 PUFFS Sour Apple Raspberry Einweg-E-Zigarette mit 15000 Z\u00fcgen voller Geschmack"}]},{"@type":"WebSite","@id":"https:\/\/www.elementvape.de\/#website","url":"https:\/\/www.elementvape.de\/","name":"ElementVape.de","description":"","publisher":{"@id":"https:\/\/www.elementvape.de\/#organization"},"potentialAction":[{"@type":"SearchAction","target":{"@type":"EntryPoint","urlTemplate":"https:\/\/www.elementvape.de\/?s={search_term_string}"},"query-input":"required name=search_term_string"}],"inLanguage":"sk-SK"},{"@type":"Organization","@id":"https:\/\/www.elementvape.de\/#organization","name":"ElementVape.DE","url":"https:\/\/www.elementvape.de\/","logo":{"@type":"ImageObject","inLanguage":"sk-SK","@id":"https:\/\/www.elementvape.de\/#\/schema\/logo\/image\/","url":"https:\/\/www.elementvape.de\/wp-content\/uploads\/2024\/09\/cropped-1elementvape-3.png","contentUrl":"https:\/\/www.elementvape.de\/wp-content\/uploads\/2024\/09\/cropped-1elementvape-3.png","width":285,"height":228,"caption":"ElementVape.DE"},"image":{"@id":"https:\/\/www.elementvape.de\/#\/schema\/logo\/image\/"}}]}},"_links":{"self":[{"href":"https:\/\/www.elementvape.de\/sk\/wp-json\/wp\/v2\/product\/14666"}],"collection":[{"href":"https:\/\/www.elementvape.de\/sk\/wp-json\/wp\/v2\/product"}],"about":[{"href":"https:\/\/www.elementvape.de\/sk\/wp-json\/wp\/v2\/types\/product"}],"wp:featuredmedia":[{"embeddable":true,"href":"https:\/\/www.elementvape.de\/sk\/wp-json\/wp\/v2\/media\/14647"}],"wp:attachment":[{"href":"https:\/\/www.elementvape.de\/sk\/wp-json\/wp\/v2\/media?parent=14666"}],"wp:term":[{"taxonomy":"product_cat","embeddable":true,"href":"https:\/\/www.elementvape.de\/sk\/wp-json\/wp\/v2\/product_cat?post=14666"},{"taxonomy":"product_tag","embeddable":true,"href":"https:\/\/www.elementvape.de\/sk\/wp-json\/wp\/v2\/product_tag?post=14666"}],"curies":[{"name":"wp","href":"https:\/\/api.w.org\/{rel}","templated":true}]}}