{"id":14632,"date":"2024-09-24T09:05:56","date_gmt":"2024-09-24T09:05:56","guid":{"rendered":"https:\/\/www.elementvape.de\/?post_type=product&#038;p=14632"},"modified":"2024-10-09T07:15:41","modified_gmt":"2024-10-09T07:15:41","slug":"bang-blaze-20000-puffs-blueberry-grape-eine-einweg-e-zigarette-die-ihnen-20000-zuege-voller-suesser-und-erfrischender-fruchtaromen-bietet","status":"publish","type":"product","link":"https:\/\/www.elementvape.de\/sk\/produkt\/bang-blaze-20000-puffs-blueberry-grape-eine-einweg-e-zigarette-die-ihnen-20000-zuege-voller-suesser-und-erfrischender-fruchtaromen-bietet\/","title":{"rendered":"BANG BLAZE 20000 PUFFS BLUEBERRY GRAPE Jednorazov\u00e1 e-cigareta, ktor\u00e1 v\u00e1m pon\u00faka 20000 \u0165ahov pln\u00fdch sladk\u00fdch a osvie\u017euj\u00facich ovocn\u00fdch ar\u00f3m"},"content":{"rendered":"<p>Objavte zvodn\u00fa kombin\u00e1ciu sladk\u00fdch \u010du\u010doriedok a osvie\u017euj\u00facich hrozien s jednorazovou e-cigaretou BANG BLAZE 20000 PUFFS BLUEBERRY GRAPE! Tento vynikaj\u00faci z\u00e1\u017eitok z vapovania s\u013eubuje 20000 \u0165ahov pln\u00fdch intenz\u00edvnych ovocn\u00fdch ar\u00f3m a je ide\u00e1lny pre v\u0161etk\u00fdch, ktor\u00ed h\u013eadaj\u00fa ovocn\u00fd a osvie\u017euj\u00faci vapingov\u00fd z\u00e1\u017eitok.<\/p>\n<h3>Popis produktu<\/h3>\n<p>BANG BLAZE 20000 PUFFS BLUEBERRY GRAPE je viac ne\u017e len <strong><a href=\"https:\/\/www.elementvape.de\/sk\/c\/einweg-zigarette\/\" target=\"_blank\" rel=\"noopener\">Jednorazov\u00e1 E-cigareta<\/a><\/strong>; je ovocnou cestou, ktor\u00e1 ka\u017ed\u00fd \u0165ah rob\u00ed nezabudnute\u013en\u00fdm z\u00e1\u017eitkom. Tu s\u00fa hlavn\u00e9 vlastnosti tohto produktu<\/p>\n<p>S p\u00f4sobiv\u00fdmi <strong><a href=\"https:\/\/www.elementvape.de\/sk\/p-tag\/groesser-oder-gleich-20000-zuege\/\" target=\"_blank\" rel=\"noopener\">20 000 potiahnut\u00ed<\/a><\/strong> pon\u00faka BANG BLAZE mimoriadnu v\u00fddr\u017e, tak\u017ee si m\u00f4\u017eete vychutn\u00e1va\u0165 vapovanie bez \u010dast\u00e9ho dop\u013a\u0148ania alebo v\u00fdmeny.<\/p>\n<h4>Chutn\u00e1 pr\u00edchu\u0165<\/h4>\n<p>Pr\u00edchu\u0165 BLUEBERRY GRAPE kombinuje sladk\u00e9, \u0161\u0165avnat\u00e9 t\u00f3ny \u010du\u010doriedok s osvie\u017euj\u00facou sladkos\u0165ou hrozien. T\u00e1to harmonick\u00e1 zmes zabezpe\u010duje jedine\u010dn\u00fd chu\u0165ov\u00fd z\u00e1\u017eitok, ktor\u00fd nadchne ka\u017ed\u00e9ho vapera.<\/p>\n<h4>Osvie\u017euj\u00faca ovocnos\u0165<\/h4>\n<p>BANG BLAZE BLUEBERRY GRAPE je navrhnut\u00e1 tak, aby poskytovala \u010derstv\u00fd a povzbudzuj\u00faci z\u00e1\u017eitok z vapovania. Ar\u00f3my s\u00fa intenz\u00edvne a sladk\u00e9 t\u00f3ny zabezpe\u010duj\u00fa uspokojiv\u00fd vapingov\u00fd z\u00e1\u017eitok.<\/p>\n<p>Vybaven\u00e1 1000 mAh dob\u00edjate\u013enou bat\u00e9riou, pon\u00faka BANG BLAZE spo\u013eahliv\u00fd v\u00fdkon a v\u00fddr\u017e. Nab\u00edjac\u00ed port Type-C umo\u017e\u0148uje r\u00fdchle a pohodln\u00e9 nab\u00edjanie, aby ste boli v\u017edy pripraven\u00ed na vapovanie.<\/p>\n<h4>Ve\u013ek\u00e1 kapacita e-liquidu<\/h4>\n<p>S kapacitou 26 ml e-liquidu m\u00e1te dostatok z\u00e1sob na mnoho relaxa\u010dn\u00fdch chv\u00ed\u013e vapovania. T\u00e1to ve\u013ekorys\u00e1 kapacita minimalizuje<\/p>\n<p><img loading=\"lazy\" decoding=\"async\" class=\"wp-image-14610 alignright\" src=\"https:\/\/www.elementvape.de\/wp-content\/uploads\/2024\/09\/1-168x300.png\" alt=\"\" width=\"283\" height=\"505\" srcset=\"https:\/\/www.elementvape.de\/wp-content\/uploads\/2024\/09\/1-168x300.png 168w, https:\/\/www.elementvape.de\/wp-content\/uploads\/2024\/09\/1-574x1024.png 574w, https:\/\/www.elementvape.de\/wp-content\/uploads\/2024\/09\/1-768x1371.png 768w, https:\/\/www.elementvape.de\/wp-content\/uploads\/2024\/09\/1-860x1536.png 860w, https:\/\/www.elementvape.de\/wp-content\/uploads\/2024\/09\/1-1147x2048.png 1147w, https:\/\/www.elementvape.de\/wp-content\/uploads\/2024\/09\/1-600x1071.png 600w, https:\/\/www.elementvape.de\/wp-content\/uploads\/2024\/09\/1.png 1500w\" sizes=\"(max-width: 283px) 100vw, 283px\" \/><\/p>\n<p>nutnos\u0165 neust\u00e1leho dop\u013a\u0148ania.<\/p>\n<p>BANG BLAZE je dostupn\u00e1 v r\u00f4znych nikot\u00ednov\u00fdch sil\u00e1ch: 2% a 5%. Tak si m\u00f4\u017eete prisp\u00f4sobi\u0165 svoje vapovacie z\u00e1\u017eitky pod\u013ea svojich preferenci\u00ed a individu\u00e1lne riadi\u0165 pr\u00edjem nikot\u00ednu.<\/p>\n<p>Du\u00e1lna Mesh Coil s 1,0 \u03a9 zais\u0165uje rovnomern\u00e9 odparovanie a intenz\u00edvny rozvoj chuti. T\u00e1to technol\u00f3gia zaru\u010duje, \u017ee ar\u00f3my optim\u00e1lne vynikn\u00fa.<\/p>\n<p>S hmotnos\u0165ou iba 85 g je BANG BLAZE \u013eahk\u00e1 a prenosn\u00e1. Jej \u0161t\u00edhly dizajn ju rob\u00ed ide\u00e1lnou na ka\u017edodenn\u00e9 pou\u017eitie a jednoduch\u00e9 pren\u00e1\u0161anie.<\/p>\n<p>Integrovan\u00fd displej v\u00e1s informuje o stave bat\u00e9rie a zost\u00e1vaj\u00facich \u0165ahoch. Tak\u017ee v\u017edy viete, kedy je \u010das nabi\u0165 e-cigaretu alebo si k\u00fapi\u0165 nov\u00fa.<\/p>\n<p>Chu\u0165ov\u00fd z\u00e1\u017eitok BANG BLAZE 20000 PUFFS BLUEBERRY GRAPE je skuto\u010dn\u00fdm p\u00f4\u017eitkom. Kombin\u00e1cia sladk\u00fdch \u010du\u010doriedok a osvie\u017euj\u00facich hrozien vytv\u00e1ra harmonick\u00e9 a vyv\u00e1\u017een\u00e9 chu\u0165ov\u00e9 profil, ktor\u00fd rob\u00ed ka\u017ed\u00fd \u0165ah pote\u0161en\u00edm. Ovocn\u00e9 t\u00f3ny s\u00fa intenz\u00edvne a \u010derstv\u00e9 hrozno zabezpe\u010duje povzbudzuj\u00faci z\u00e1\u017eitok z vapovania.<\/p>\n<h3>V\u00fdhody BANG BLAZE<\/h3>\n<h4>1. Jednoduch\u00e1 manipul\u00e1cia<\/h4>\n<p>BANG BLAZE je okam\u017eite pripraven\u00e1 na pou\u017eitie a nevy\u017eaduje \u017eiadne zlo\u017eit\u00e9 nastavenia. Jednoducho potiahnite a u\u017e\u00edvajte si \u2013 ide\u00e1lne pre v\u0161etk\u00fdch, ktor\u00ed h\u013eadaj\u00fa jednoduch\u00fd z\u00e1\u017eitok z vapovania.<\/p>\n<h4>2. Udr\u017eate\u013enos\u0165<\/h4>\n<p>V\u010faka dob\u00edjate\u013enej bat\u00e9rii a vysok\u00e9mu po\u010dtu potiahnut\u00ed je BANG BLAZE ekologickou vo\u013ebou v porovnan\u00ed s be\u017en\u00fdmi jednorazov\u00fdmi produktmi.<\/p>\n<h4>3. Prisp\u00f4sobivos\u0165<\/h4>\n<p>V\u010faka r\u00f4znym \u00farovniam nikot\u00ednu si m\u00f4\u017eete svoj z\u00e1\u017eitok z vapovania prisp\u00f4sobi\u0165 a upravi\u0165 pod\u013ea svojich potrieb.<\/p>\n<h3>Cie\u013eov\u00e1 skupina<\/h3>\n<p>BANG BLAZE 20000 PUFFS BLUEBERRY GRAPE je ur\u010den\u00e1 pre:<\/p>\n<ul>\n<li>Milovn\u00edkov ovocia: Ide\u00e1lna pre v\u0161etk\u00fdch, ktor\u00ed h\u013eadaj\u00fa ovocn\u00e9 a osvie\u017euj\u00face z\u00e1\u017eitky z vapovania.<\/li>\n<li>Vape nad\u0161encov: Inovat\u00edvna technol\u00f3gia a lahodn\u00e9 ar\u00f3my pri\u0165ahuj\u00fa sk\u00fasen\u00fdch vapova\u010dov.<\/li>\n<li>Zdravotne uvedomel\u00fdch spotrebite\u013eov: V\u00fdber medzi r\u00f4znymi \u00farov\u0148ami nikot\u00ednu umo\u017e\u0148uje lep\u0161iu kontrolu nad spotrebou nikot\u00ednu.<\/li>\n<\/ul>\n<p>Na \u00faspe\u0161n\u00fd marketing BANG BLAZE 20000 PUFFS BLUEBERRY GRAPE by sa mali vyu\u017ei\u0165 nasleduj\u00face kan\u00e1ly:<\/p>\n<ul>\n<li>Soci\u00e1lne m\u00e9di\u00e1: Kreat\u00edvny obsah na platform\u00e1ch ako Instagram a TikTok, ktor\u00fd zd\u00f4raz\u0148uje chu\u0165ov\u00fd z\u00e1\u017eitok a pou\u017e\u00edvate\u013esk\u00fa jednoduchos\u0165.<\/li>\n<li>Marketing influencerov: Spolupr\u00e1ca s influencermi v komunite vapova\u010dov pre autentick\u00e9 hodnotenia a zv\u00fd\u0161enie dosahu.<\/li>\n<li>Online reklama: Cielen\u00e9 reklamn\u00e9 kampane na relevantn\u00fdch webov\u00fdch str\u00e1nkach a v aplik\u00e1ci\u00e1ch, ktor\u00e9 pou\u017e\u00edvaj\u00fa cie\u013eov\u00e1 skupina.<\/li>\n<\/ul>\n<p>Jednorazov\u00e1 e-cigaretka BANG BLAZE 20000 PUFFS BLUEBERRY GRAPE pon\u00faka jedine\u010dn\u00fd z\u00e1\u017eitok z vapovania s lahodnou kombin\u00e1ciou \u010du\u010doriedok a hrozien. S jej p\u00f4sobiv\u00fdm v\u00fdkonom, pou\u017e\u00edvate\u013esky pr\u00edvetiv\u00fdm ovl\u00e1dan\u00edm a intenz\u00edvnymi ar\u00f3mami je ide\u00e1lnou vo\u013ebou pre v\u0161etk\u00fdch, ktor\u00ed h\u013eadaj\u00fa <strong><a href=\"https:\/\/www.elementvape.de\/sk\/\" target=\"_blank\" rel=\"noopener\">vysk\u00fa\u0161a\u0165 vapovanie<\/a><\/strong> naplno. Vysk\u00fa\u0161ajte BANG BLAZE a nechajte sa o\u010dari\u0165 touto ovocnou senz\u00e1ciou!<\/p>","protected":false},"excerpt":{"rendered":"<p>Entdecken Sie die verf\u00fchrerische Kombination aus s\u00fc\u00dfen Blaubeeren und erfrischenden Trauben mit der BANG BLAZE 20000 PUFFS BLUEBERRY GRAPE Einweg-E-Zigarette! Dieses exquisite Dampferlebnis verspricht 20000 Z\u00fcge voller intensiver Fruchtaromen und eignet sich perfekt f\u00fcr alle, die ein fruchtiges und erfrischendes Vaping-Erlebnis suchen. Produktbeschreibung Die BANG BLAZE 20000 PUFFS BLUEBERRY GRAPE ist mehr als nur eine [&hellip;]<\/p>","protected":false},"featured_media":14611,"template":"","meta":{"inline_featured_image":false},"product_cat":[15,762,739,743,744,755,738,751],"product_tag":[710,725],"tiered_pricing_type":"fixed","tiered_pricing_fixed_rules":{"60":"6.83","110":"6.07","200":"5.31"},"tiered_pricing_percentage_rules":[],"tiered_pricing_minimum":1,"_administrator_tiered_pricing_type":"fixed","_administrator_tiered_pricing_fixed_rules":[],"_editor_tiered_pricing_type":"fixed","_editor_tiered_pricing_fixed_rules":[],"_author_tiered_pricing_type":"fixed","_author_tiered_pricing_fixed_rules":[],"_contributor_tiered_pricing_type":"fixed","_contributor_tiered_pricing_fixed_rules":[],"_subscriber_tiered_pricing_type":"fixed","_subscriber_tiered_pricing_fixed_rules":[],"_customer_tiered_pricing_type":"fixed","_customer_tiered_pricing_fixed_rules":[],"_shop_manager_tiered_pricing_type":"fixed","_shop_manager_tiered_pricing_fixed_rules":[],"_wpseo_manager_tiered_pricing_type":"fixed","_wpseo_manager_tiered_pricing_fixed_rules":[],"_wpseo_editor_tiered_pricing_type":"fixed","_wpseo_editor_tiered_pricing_fixed_rules":[],"_wholesale_customer_tiered_pricing_type":"fixed","_wholesale_customer_tiered_pricing_fixed_rules":[],"_marketer_tiered_pricing_type":"fixed","_marketer_tiered_pricing_fixed_rules":[],"_sales_manager_tiered_pricing_type":"fixed","_sales_manager_tiered_pricing_fixed_rules":[],"_sales_rep_tiered_pricing_type":"fixed","_sales_rep_tiered_pricing_fixed_rules":[],"yoast_head":"<!-- This site is optimized with the Yoast SEO plugin v23.3 - https:\/\/yoast.com\/wordpress\/plugins\/seo\/ -->\n<title>BANG BLAZE 20000 PUFFS BLUEBERRY GRAPE Eine Einweg-E-Zigarette die Ihnen 20000 Z\u00fcge voller s\u00fc\u00dfer und erfrischender Fruchtaromen bietet | ElementVape.de<\/title>\n<meta name=\"description\" content=\"Wir bieten BANG BLAZE 20000 PUFFS BLUEBERRY GRAPE Eine Einweg-E-Zigarette die Ihnen 20000 Z\u00fcge voller s\u00fc\u00dfer und erfrischender Fruchtaromen bietet , Elementvape.de akzeptieren Gro\u00df-und Einzelhandel Bestellungen.\" \/>\n<meta name=\"robots\" content=\"index, follow, max-snippet:-1, max-image-preview:large, max-video-preview:-1\" \/>\n<link rel=\"canonical\" href=\"https:\/\/www.elementvape.de\/sk\/produkt\/bang-blaze-20000-puffs-blueberry-grape-eine-einweg-e-zigarette-die-ihnen-20000-zuege-voller-suesser-und-erfrischender-fruchtaromen-bietet\/\" \/>\n<meta property=\"og:locale\" content=\"sk_SK\" \/>\n<meta property=\"og:type\" content=\"article\" \/>\n<meta property=\"og:title\" content=\"BANG BLAZE 20000 PUFFS BLUEBERRY GRAPE Eine Einweg-E-Zigarette die Ihnen 20000 Z\u00fcge voller s\u00fc\u00dfer und erfrischender Fruchtaromen bietet | ElementVape.de\" \/>\n<meta property=\"og:description\" content=\"Wir bieten BANG BLAZE 20000 PUFFS BLUEBERRY GRAPE Eine Einweg-E-Zigarette die Ihnen 20000 Z\u00fcge voller s\u00fc\u00dfer und erfrischender Fruchtaromen bietet , Elementvape.de akzeptieren Gro\u00df-und Einzelhandel Bestellungen.\" \/>\n<meta property=\"og:url\" content=\"https:\/\/www.elementvape.de\/sk\/produkt\/bang-blaze-20000-puffs-blueberry-grape-eine-einweg-e-zigarette-die-ihnen-20000-zuege-voller-suesser-und-erfrischender-fruchtaromen-bietet\/\" \/>\n<meta property=\"og:site_name\" content=\"ElementVape.de\" \/>\n<meta property=\"article:modified_time\" content=\"2024-10-09T07:15:41+00:00\" \/>\n<meta property=\"og:image\" content=\"https:\/\/www.elementvape.de\/wp-content\/uploads\/2024\/09\/BLUEBERRY-GRAPE.png\" \/>\n\t<meta property=\"og:image:width\" content=\"2000\" \/>\n\t<meta property=\"og:image:height\" content=\"1343\" \/>\n\t<meta property=\"og:image:type\" content=\"image\/png\" \/>\n<meta name=\"twitter:card\" content=\"summary_large_image\" \/>\n<meta name=\"twitter:label1\" content=\"Est. reading time\" \/>\n\t<meta name=\"twitter:data1\" content=\"4 min\u00faty\" \/>\n<script type=\"application\/ld+json\" class=\"yoast-schema-graph\">{\"@context\":\"https:\/\/schema.org\",\"@graph\":[{\"@type\":\"WebPage\",\"@id\":\"https:\/\/www.elementvape.de\/pt\/produkt\/bang-blaze-20000-puffs-blueberry-grape-eine-einweg-e-zigarette-die-ihnen-20000-zuege-voller-suesser-und-erfrischender-fruchtaromen-bietet\/\",\"url\":\"https:\/\/www.elementvape.de\/pt\/produkt\/bang-blaze-20000-puffs-blueberry-grape-eine-einweg-e-zigarette-die-ihnen-20000-zuege-voller-suesser-und-erfrischender-fruchtaromen-bietet\/\",\"name\":\"BANG BLAZE 20000 PUFFS BLUEBERRY GRAPE Eine Einweg-E-Zigarette die Ihnen 20000 Z\u00fcge voller s\u00fc\u00dfer und erfrischender Fruchtaromen bietet | ElementVape.de\",\"isPartOf\":{\"@id\":\"https:\/\/www.elementvape.de\/#website\"},\"primaryImageOfPage\":{\"@id\":\"https:\/\/www.elementvape.de\/pt\/produkt\/bang-blaze-20000-puffs-blueberry-grape-eine-einweg-e-zigarette-die-ihnen-20000-zuege-voller-suesser-und-erfrischender-fruchtaromen-bietet\/#primaryimage\"},\"image\":{\"@id\":\"https:\/\/www.elementvape.de\/pt\/produkt\/bang-blaze-20000-puffs-blueberry-grape-eine-einweg-e-zigarette-die-ihnen-20000-zuege-voller-suesser-und-erfrischender-fruchtaromen-bietet\/#primaryimage\"},\"thumbnailUrl\":\"https:\/\/www.elementvape.de\/wp-content\/uploads\/2024\/09\/BLUEBERRY-GRAPE.png\",\"datePublished\":\"2024-09-24T09:05:56+00:00\",\"dateModified\":\"2024-10-09T07:15:41+00:00\",\"description\":\"Wir bieten BANG BLAZE 20000 PUFFS BLUEBERRY GRAPE Eine Einweg-E-Zigarette die Ihnen 20000 Z\u00fcge voller s\u00fc\u00dfer und erfrischender Fruchtaromen bietet , Elementvape.de akzeptieren Gro\u00df-und Einzelhandel Bestellungen.\",\"breadcrumb\":{\"@id\":\"https:\/\/www.elementvape.de\/pt\/produkt\/bang-blaze-20000-puffs-blueberry-grape-eine-einweg-e-zigarette-die-ihnen-20000-zuege-voller-suesser-und-erfrischender-fruchtaromen-bietet\/#breadcrumb\"},\"inLanguage\":\"sk-SK\",\"potentialAction\":[{\"@type\":\"ReadAction\",\"target\":[\"https:\/\/www.elementvape.de\/pt\/produkt\/bang-blaze-20000-puffs-blueberry-grape-eine-einweg-e-zigarette-die-ihnen-20000-zuege-voller-suesser-und-erfrischender-fruchtaromen-bietet\/\"]}]},{\"@type\":\"ImageObject\",\"inLanguage\":\"sk-SK\",\"@id\":\"https:\/\/www.elementvape.de\/pt\/produkt\/bang-blaze-20000-puffs-blueberry-grape-eine-einweg-e-zigarette-die-ihnen-20000-zuege-voller-suesser-und-erfrischender-fruchtaromen-bietet\/#primaryimage\",\"url\":\"https:\/\/www.elementvape.de\/wp-content\/uploads\/2024\/09\/BLUEBERRY-GRAPE.png\",\"contentUrl\":\"https:\/\/www.elementvape.de\/wp-content\/uploads\/2024\/09\/BLUEBERRY-GRAPE.png\",\"width\":2000,\"height\":1343,\"caption\":\"BLUEBERRY GRAPE\"},{\"@type\":\"BreadcrumbList\",\"@id\":\"https:\/\/www.elementvape.de\/pt\/produkt\/bang-blaze-20000-puffs-blueberry-grape-eine-einweg-e-zigarette-die-ihnen-20000-zuege-voller-suesser-und-erfrischender-fruchtaromen-bietet\/#breadcrumb\",\"itemListElement\":[{\"@type\":\"ListItem\",\"position\":1,\"name\":\"Home\",\"item\":\"https:\/\/www.elementvape.de\/\"},{\"@type\":\"ListItem\",\"position\":2,\"name\":\"Shop\",\"item\":\"https:\/\/www.elementvape.de\/shop\/\"},{\"@type\":\"ListItem\",\"position\":3,\"name\":\"BANG BLAZE 20000 PUFFS BLUEBERRY GRAPE Eine Einweg-E-Zigarette die Ihnen 20000 Z\u00fcge voller s\u00fc\u00dfer und erfrischender Fruchtaromen bietet\"}]},{\"@type\":\"WebSite\",\"@id\":\"https:\/\/www.elementvape.de\/#website\",\"url\":\"https:\/\/www.elementvape.de\/\",\"name\":\"ElementVape.de\",\"description\":\"\",\"publisher\":{\"@id\":\"https:\/\/www.elementvape.de\/#organization\"},\"potentialAction\":[{\"@type\":\"SearchAction\",\"target\":{\"@type\":\"EntryPoint\",\"urlTemplate\":\"https:\/\/www.elementvape.de\/?s={search_term_string}\"},\"query-input\":\"required name=search_term_string\"}],\"inLanguage\":\"sk-SK\"},{\"@type\":\"Organization\",\"@id\":\"https:\/\/www.elementvape.de\/#organization\",\"name\":\"ElementVape.DE\",\"url\":\"https:\/\/www.elementvape.de\/\",\"logo\":{\"@type\":\"ImageObject\",\"inLanguage\":\"sk-SK\",\"@id\":\"https:\/\/www.elementvape.de\/#\/schema\/logo\/image\/\",\"url\":\"https:\/\/www.elementvape.de\/wp-content\/uploads\/2024\/09\/cropped-1elementvape-3.png\",\"contentUrl\":\"https:\/\/www.elementvape.de\/wp-content\/uploads\/2024\/09\/cropped-1elementvape-3.png\",\"width\":285,\"height\":228,\"caption\":\"ElementVape.DE\"},\"image\":{\"@id\":\"https:\/\/www.elementvape.de\/#\/schema\/logo\/image\/\"}}]}<\/script>\n<!-- \/ Yoast SEO plugin. -->","yoast_head_json":{"title":"BANG BLAZE 20000 PUFFS BLUEBERRY GRAPE Eine Einweg-E-Zigarette die Ihnen 20000 Z\u00fcge voller s\u00fc\u00dfer und erfrischender Fruchtaromen bietet | ElementVape.de","description":"Wir bieten BANG BLAZE 20000 PUFFS BLUEBERRY GRAPE Eine Einweg-E-Zigarette die Ihnen 20000 Z\u00fcge voller s\u00fc\u00dfer und erfrischender Fruchtaromen bietet , Elementvape.de akzeptieren Gro\u00df-und Einzelhandel Bestellungen.","robots":{"index":"index","follow":"follow","max-snippet":"max-snippet:-1","max-image-preview":"max-image-preview:large","max-video-preview":"max-video-preview:-1"},"canonical":"https:\/\/www.elementvape.de\/sk\/produkt\/bang-blaze-20000-puffs-blueberry-grape-eine-einweg-e-zigarette-die-ihnen-20000-zuege-voller-suesser-und-erfrischender-fruchtaromen-bietet\/","og_locale":"sk_SK","og_type":"article","og_title":"BANG BLAZE 20000 PUFFS BLUEBERRY GRAPE Eine Einweg-E-Zigarette die Ihnen 20000 Z\u00fcge voller s\u00fc\u00dfer und erfrischender Fruchtaromen bietet | ElementVape.de","og_description":"Wir bieten BANG BLAZE 20000 PUFFS BLUEBERRY GRAPE Eine Einweg-E-Zigarette die Ihnen 20000 Z\u00fcge voller s\u00fc\u00dfer und erfrischender Fruchtaromen bietet , Elementvape.de akzeptieren Gro\u00df-und Einzelhandel Bestellungen.","og_url":"https:\/\/www.elementvape.de\/sk\/produkt\/bang-blaze-20000-puffs-blueberry-grape-eine-einweg-e-zigarette-die-ihnen-20000-zuege-voller-suesser-und-erfrischender-fruchtaromen-bietet\/","og_site_name":"ElementVape.de","article_modified_time":"2024-10-09T07:15:41+00:00","og_image":[{"width":2000,"height":1343,"url":"https:\/\/www.elementvape.de\/wp-content\/uploads\/2024\/09\/BLUEBERRY-GRAPE.png","type":"image\/png"}],"twitter_card":"summary_large_image","twitter_misc":{"Est. reading time":"4 min\u00faty"},"schema":{"@context":"https:\/\/schema.org","@graph":[{"@type":"WebPage","@id":"https:\/\/www.elementvape.de\/pt\/produkt\/bang-blaze-20000-puffs-blueberry-grape-eine-einweg-e-zigarette-die-ihnen-20000-zuege-voller-suesser-und-erfrischender-fruchtaromen-bietet\/","url":"https:\/\/www.elementvape.de\/pt\/produkt\/bang-blaze-20000-puffs-blueberry-grape-eine-einweg-e-zigarette-die-ihnen-20000-zuege-voller-suesser-und-erfrischender-fruchtaromen-bietet\/","name":"BANG BLAZE 20000 PUFFS BLUEBERRY GRAPE Eine Einweg-E-Zigarette die Ihnen 20000 Z\u00fcge voller s\u00fc\u00dfer und erfrischender Fruchtaromen bietet | ElementVape.de","isPartOf":{"@id":"https:\/\/www.elementvape.de\/#website"},"primaryImageOfPage":{"@id":"https:\/\/www.elementvape.de\/pt\/produkt\/bang-blaze-20000-puffs-blueberry-grape-eine-einweg-e-zigarette-die-ihnen-20000-zuege-voller-suesser-und-erfrischender-fruchtaromen-bietet\/#primaryimage"},"image":{"@id":"https:\/\/www.elementvape.de\/pt\/produkt\/bang-blaze-20000-puffs-blueberry-grape-eine-einweg-e-zigarette-die-ihnen-20000-zuege-voller-suesser-und-erfrischender-fruchtaromen-bietet\/#primaryimage"},"thumbnailUrl":"https:\/\/www.elementvape.de\/wp-content\/uploads\/2024\/09\/BLUEBERRY-GRAPE.png","datePublished":"2024-09-24T09:05:56+00:00","dateModified":"2024-10-09T07:15:41+00:00","description":"Wir bieten BANG BLAZE 20000 PUFFS BLUEBERRY GRAPE Eine Einweg-E-Zigarette die Ihnen 20000 Z\u00fcge voller s\u00fc\u00dfer und erfrischender Fruchtaromen bietet , Elementvape.de akzeptieren Gro\u00df-und Einzelhandel Bestellungen.","breadcrumb":{"@id":"https:\/\/www.elementvape.de\/pt\/produkt\/bang-blaze-20000-puffs-blueberry-grape-eine-einweg-e-zigarette-die-ihnen-20000-zuege-voller-suesser-und-erfrischender-fruchtaromen-bietet\/#breadcrumb"},"inLanguage":"sk-SK","potentialAction":[{"@type":"ReadAction","target":["https:\/\/www.elementvape.de\/pt\/produkt\/bang-blaze-20000-puffs-blueberry-grape-eine-einweg-e-zigarette-die-ihnen-20000-zuege-voller-suesser-und-erfrischender-fruchtaromen-bietet\/"]}]},{"@type":"ImageObject","inLanguage":"sk-SK","@id":"https:\/\/www.elementvape.de\/pt\/produkt\/bang-blaze-20000-puffs-blueberry-grape-eine-einweg-e-zigarette-die-ihnen-20000-zuege-voller-suesser-und-erfrischender-fruchtaromen-bietet\/#primaryimage","url":"https:\/\/www.elementvape.de\/wp-content\/uploads\/2024\/09\/BLUEBERRY-GRAPE.png","contentUrl":"https:\/\/www.elementvape.de\/wp-content\/uploads\/2024\/09\/BLUEBERRY-GRAPE.png","width":2000,"height":1343,"caption":"BLUEBERRY GRAPE"},{"@type":"BreadcrumbList","@id":"https:\/\/www.elementvape.de\/pt\/produkt\/bang-blaze-20000-puffs-blueberry-grape-eine-einweg-e-zigarette-die-ihnen-20000-zuege-voller-suesser-und-erfrischender-fruchtaromen-bietet\/#breadcrumb","itemListElement":[{"@type":"ListItem","position":1,"name":"Home","item":"https:\/\/www.elementvape.de\/"},{"@type":"ListItem","position":2,"name":"Shop","item":"https:\/\/www.elementvape.de\/shop\/"},{"@type":"ListItem","position":3,"name":"BANG BLAZE 20000 PUFFS BLUEBERRY GRAPE Eine Einweg-E-Zigarette die Ihnen 20000 Z\u00fcge voller s\u00fc\u00dfer und erfrischender Fruchtaromen bietet"}]},{"@type":"WebSite","@id":"https:\/\/www.elementvape.de\/#website","url":"https:\/\/www.elementvape.de\/","name":"ElementVape.de","description":"","publisher":{"@id":"https:\/\/www.elementvape.de\/#organization"},"potentialAction":[{"@type":"SearchAction","target":{"@type":"EntryPoint","urlTemplate":"https:\/\/www.elementvape.de\/?s={search_term_string}"},"query-input":"required name=search_term_string"}],"inLanguage":"sk-SK"},{"@type":"Organization","@id":"https:\/\/www.elementvape.de\/#organization","name":"ElementVape.DE","url":"https:\/\/www.elementvape.de\/","logo":{"@type":"ImageObject","inLanguage":"sk-SK","@id":"https:\/\/www.elementvape.de\/#\/schema\/logo\/image\/","url":"https:\/\/www.elementvape.de\/wp-content\/uploads\/2024\/09\/cropped-1elementvape-3.png","contentUrl":"https:\/\/www.elementvape.de\/wp-content\/uploads\/2024\/09\/cropped-1elementvape-3.png","width":285,"height":228,"caption":"ElementVape.DE"},"image":{"@id":"https:\/\/www.elementvape.de\/#\/schema\/logo\/image\/"}}]}},"_links":{"self":[{"href":"https:\/\/www.elementvape.de\/sk\/wp-json\/wp\/v2\/product\/14632"}],"collection":[{"href":"https:\/\/www.elementvape.de\/sk\/wp-json\/wp\/v2\/product"}],"about":[{"href":"https:\/\/www.elementvape.de\/sk\/wp-json\/wp\/v2\/types\/product"}],"wp:featuredmedia":[{"embeddable":true,"href":"https:\/\/www.elementvape.de\/sk\/wp-json\/wp\/v2\/media\/14611"}],"wp:attachment":[{"href":"https:\/\/www.elementvape.de\/sk\/wp-json\/wp\/v2\/media?parent=14632"}],"wp:term":[{"taxonomy":"product_cat","embeddable":true,"href":"https:\/\/www.elementvape.de\/sk\/wp-json\/wp\/v2\/product_cat?post=14632"},{"taxonomy":"product_tag","embeddable":true,"href":"https:\/\/www.elementvape.de\/sk\/wp-json\/wp\/v2\/product_tag?post=14632"}],"curies":[{"name":"wp","href":"https:\/\/api.w.org\/{rel}","templated":true}]}}