{"id":14631,"date":"2024-09-24T09:01:12","date_gmt":"2024-09-24T09:01:12","guid":{"rendered":"https:\/\/www.elementvape.de\/?post_type=product&#038;p=14631"},"modified":"2024-10-09T07:16:31","modified_gmt":"2024-10-09T07:16:31","slug":"geniessen-sie-die-unwiderstehliche-mischung-aus-verschiedenen-beeren-mit-der-bang-blaze-20000-puffs-mixed-berries-einweg-e-zigarette","status":"publish","type":"product","link":"https:\/\/www.elementvape.de\/sk\/produkt\/geniessen-sie-die-unwiderstehliche-mischung-aus-verschiedenen-beeren-mit-der-bang-blaze-20000-puffs-mixed-berries-einweg-e-zigarette\/","title":{"rendered":"U\u017eite si neodolate\u013en\u00fa zmes r\u00f4znych bob\u00fa\u013e s BANG BLAZE 20000 PUFFS MIXED BERRIES jednorazovou e-cigaretou"},"content":{"rendered":"<p>Ponorte sa do l\u00e1kav\u00e9ho sveta bob\u00fa\u013e s BANG BLAZE 20000 PUFFS MIXED BERRIES <strong><a href=\"https:\/\/www.elementvape.de\/sk\/c\/einweg-zigarette\/\" target=\"_blank\" rel=\"noopener\">Jednorazov\u00e1 E-cigareta<\/a><\/strong>\u00a0T\u00e1to vynikaj\u00faca e-cigareta v\u00e1m pon\u00faka neodolate\u013en\u00fa zmes r\u00f4znych bob\u00fa\u013e, v\u010faka ktorej je ka\u017ed\u00e9 potiahnutie ovocn\u00fdm z\u00e1\u017eitkom. Ide\u00e1lne pre vaperov, ktor\u00ed miluj\u00fa sladkos\u0165 a svie\u017eos\u0165 bob\u00fa\u013e, tento produkt je ide\u00e1lny na ka\u017edodenn\u00e9 pote\u0161enie.<\/p>\n<h3>Popis produktu<\/h3>\n<p>BANG BLAZE 20000 PUFFS MIXED BERRIES nie je len oby\u010dajn\u00e1 jednorazov\u00e1 e-cigareta; je to sviatok pre zmysly. Tu s\u00fa vynikaj\u00face vlastnosti, ktor\u00e9 robia tento produkt v\u00fdnimo\u010dn\u00fdm:<\/p>\n<p>S 20 000 potiahnutiami pon\u00faka BANG BLAZE pozoruhodn\u00fa \u017eivotnos\u0165, tak\u017ee sa nemus\u00edte ob\u00e1va\u0165 \u010dast\u00e9ho dop\u013a\u0148ania alebo v\u00fdmeny.<\/p>\n<h4>Rozmanit\u00e9 t\u00f3ny bob\u00fa\u013e<\/h4>\n<p>Pr\u00edchu\u0165 MIXED BERRIES sp\u00e1ja harmonick\u00fa zmes r\u00f4znych bob\u00fa\u013e \u2013 od \u0161\u0165avnat\u00fdch jah\u00f4d cez sladk\u00e9 maliny a\u017e po \u010derstv\u00e9 \u010du\u010doriedky. Ka\u017ed\u00e9 potiahnutie rozvinie sladk\u00e9 a mierne kysl\u00e9 t\u00f3ny t\u00fdchto lahodn\u00fdch plodov a pon\u00faka neporovnate\u013en\u00fd chu\u0165ov\u00fd z\u00e1\u017eitok.<\/p>\n<h4>Osvie\u017euj\u00faci chlad<\/h4>\n<p>BANG BLAZE MIXED BERRIES je navrhnut\u00fd tak, aby pon\u00fakal osvie\u017euj\u00faci z\u00e1\u017eitok z vapovania. Chladiv\u00e9 t\u00f3ny zabezpe\u010duj\u00fa, \u017ee ka\u017ed\u00e9 potiahnutie je pr\u00edjemn\u00e9 a povzbudzuj\u00face, ide\u00e1lne pre ka\u017ed\u00e9ho, kto h\u013ead\u00e1 osvie\u017euj\u00faci z\u00e1\u017eitok z vapovania.<\/p>\n<p>BANG BLAZE je vybaven\u00fd 1000 mAh nab\u00edjate\u013enou bat\u00e9riou, ktor\u00e1 poskytuje spo\u013eahliv\u00fd v\u00fdkon. Nab\u00edjac\u00ed port typu C umo\u017e\u0148uje r\u00fdchle a pohodln\u00e9 nab\u00edjanie, tak\u017ee ste v\u017edy pripraven\u00ed vapova\u0165.<\/p>\n<p>S kapacitou 26 ml e-liquidu m\u00e1te dostatok z\u00e1sob na mnoho relaxa\u010dn\u00fdch chv\u00ed\u013e vapovania. T\u00e1to ve\u013ekorys\u00e1 kapacita minimalizuje potrebu neust\u00e1leho dop\u013a\u0148ania.<\/p>\n<h4>V\u0161estrann\u00e9 sily nikot\u00ednu<\/h4>\n<p>BANG BLAZE je k dispoz\u00edcii v r\u00f4znych sil\u00e1ch nikot\u00ednu: 2%, a 5%. V\u010faka tomu si m\u00f4\u017eete prisp\u00f4sobi\u0165 svoj z\u00e1\u017eitok z vapovania pod\u013ea svojich preferenci\u00ed a kontrolova\u0165 pr\u00edjem nikot\u00ednu.<\/p>\n<p>Du\u00e1lna Mesh Coil s 1,0 \u03a9 zais\u0165uje rovnomern\u00e9 odparovanie a intenz\u00edvny rozvoj chuti. T\u00e1to technol\u00f3gia zaru\u010duje, \u017ee ar\u00f3my optim\u00e1lne vynikn\u00fa.<\/p>\n<p>S hmotnos\u0165ou iba 85 g je BANG BLAZE \u013eahk\u00e1 a prenosn\u00e1. V\u010faka svojmu elegantn\u00e9mu dizajnu je ide\u00e1lna na ka\u017edodenn\u00e9 pou\u017eitie a u\u013eah\u010duje pren\u00e1\u0161anie vo vrecku alebo v batohu.<\/p>\n<p>Integrovan\u00fd displej v\u00e1s informuje o stave bat\u00e9rie a zost\u00e1vaj\u00facich \u0165ahoch. Tak\u017ee v\u017edy viete, kedy je \u010das nabi\u0165 e-cigaretu alebo si k\u00fapi\u0165 nov\u00fa.<\/p>\n<p>Chu\u0165ov\u00fd z\u00e1\u017eitok z BANG BLAZE 20000 PUFFS MIXED BERRIES je skuto\u010dn\u00fd p\u00f4\u017eitok. Kombin\u00e1cia r\u00f4znych bob\u00fa\u013e vytv\u00e1ra harmonick\u00fd a vyv\u00e1\u017een\u00fd chu\u0165ov\u00fd profil, ktor\u00fd rob\u00ed z ka\u017ed\u00e9ho potiahnutia pote\u0161enie. Ovocn\u00e9 t\u00f3ny s\u00fa intenz\u00edvne a chladiv\u00e1 svie\u017eos\u0165 dokonale dop\u013a\u0148a z\u00e1\u017eitok.<\/p>\n<h3>V\u00fdhody BANG BLAZE<\/h3>\n<p>BANG BLAZE je okam\u017eite pripraven\u00fd na pou\u017eitie a nevy\u017eaduje \u017eiadne komplikovan\u00e9 nastavenie. Jednoducho potiahnite a u\u017e\u00edvajte si \u2013 ide\u00e1lne pre ka\u017ed\u00e9ho, kto h\u013ead\u00e1 nekomplikovan\u00fd z\u00e1\u017eitok z vapovania. V\u010faka nab\u00edjate\u013enej bat\u00e9rii a vysok\u00e9mu po\u010dtu potiahnut\u00ed je BANG BLAZE ekologickou vo\u013ebou v porovnan\u00ed s be\u017en\u00fdmi jednorazov\u00fdmi produktmi. V\u010faka r\u00f4znym sil\u00e1m nikot\u00ednu si m\u00f4\u017eete prisp\u00f4sobi\u0165 svoj z\u00e1\u017eitok z vapovania a prisp\u00f4sobi\u0165 ho svojim potreb\u00e1m.<\/p>\n<h3>Cie\u013eov\u00e1 skupina<\/h3>\n<p>BANG BLAZE 20000 PUFFS MIXED BERRIES je ur\u010den\u00fd pre:<\/p>\n<ul>\n<li>Milovn\u00edkov ovocia: Ide\u00e1lna pre v\u0161etk\u00fdch, ktor\u00ed h\u013eadaj\u00fa ovocn\u00e9 a osvie\u017euj\u00face z\u00e1\u017eitky z vapovania.<\/li>\n<li>Vape nad\u0161encov: Inovat\u00edvna technol\u00f3gia a lahodn\u00e9 ar\u00f3my pri\u0165ahuj\u00fa sk\u00fasen\u00fdch vapova\u010dov.<\/li>\n<li>Zdravotne uvedomel\u00fdch spotrebite\u013eov: V\u00fdber medzi r\u00f4znymi \u00farov\u0148ami nikot\u00ednu umo\u017e\u0148uje lep\u0161iu kontrolu nad spotrebou nikot\u00ednu.<\/li>\n<\/ul>\n<h3>Marketingov\u00e1 strat\u00e9gia<\/h3>\n<p>Na \u00faspe\u0161n\u00e9 uvedenie BANG BLAZE 20000 PUFFS MIXED BERRIES na trh by sa mali vyu\u017ei\u0165 tieto kan\u00e1ly:<\/p>\n<p>Soci\u00e1lne m\u00e9di\u00e1: Kreat\u00edvny obsah na platform\u00e1ch ako Instagram a TikTok, ktor\u00fd zd\u00f4raz\u0148uje chu\u0165ov\u00fd z\u00e1\u017eitok a u\u017e\u00edvate\u013esk\u00fa pr\u00edvetivos\u0165. Influencer marketing: Spolupr\u00e1ca s influencermi v <strong><a href=\"https:\/\/www.elementvape.de\/sk\/\" target=\"_blank\" rel=\"noopener\">vapova\u010dov <\/a><\/strong>komunite pre autentick\u00e9 hodnotenia a zv\u00fd\u0161enie dosahu. Online reklama: Cielen\u00e9 reklamn\u00e9 kampane na relevantn\u00fdch webov\u00fdch str\u00e1nkach a v aplik\u00e1ci\u00e1ch, ktor\u00e9 pou\u017e\u00edva cie\u013eov\u00e1 skupina.<\/p>\n<p>Jednorazov\u00e1 e-cigareta BANG BLAZE 20000 PUFFS MIXED BERRIES pon\u00faka neporovnate\u013en\u00fd z\u00e1\u017eitok z vapovania s lahodnou zmesou r\u00f4znych bob\u00fa\u013e. V\u010faka svojmu p\u00f4sobiv\u00e9mu v\u00fdkonu, u\u017e\u00edvate\u013esky pr\u00edjemnej manipul\u00e1cii a intenz\u00edvnym ar\u00f3mam je ide\u00e1lnou vo\u013ebou pre ka\u017ed\u00e9ho, kto si chce vapovanie vychutna\u0165 pln\u00fdmi d\u00fa\u0161kami. Vysk\u00fa\u0161ajte BANG BLAZE a nechajte sa nadchn\u00fa\u0165 touto ovocnou senz\u00e1ciou!<\/p>","protected":false},"excerpt":{"rendered":"<p>Tauchen Sie ein in die verlockende Welt der B\u00e4ren mit der BANG BLAZE 20000 PUFFS MIXED BERRIES Einweg-E-Zigarette\u00a0Diese exquisite E-Zigarette bietet Ihnen die unwiderstehliche Mischung aus verschiedenen Beeren, die jeden Zug zu einem fruchtigen Erlebnis macht. Ideal f\u00fcr Dampfer, die die S\u00fc\u00dfe und Frische von Beeren lieben, ist dieses Produkt perfekt f\u00fcr den t\u00e4glichen Genuss. [&hellip;]<\/p>","protected":false},"featured_media":14616,"template":"","meta":{"inline_featured_image":false},"product_cat":[15,762,739,743,744,755,738,751],"product_tag":[710,725],"tiered_pricing_type":"fixed","tiered_pricing_fixed_rules":{"60":"6.83","110":"6.07","200":"5.31"},"tiered_pricing_percentage_rules":[],"tiered_pricing_minimum":1,"_administrator_tiered_pricing_type":"fixed","_administrator_tiered_pricing_fixed_rules":[],"_editor_tiered_pricing_type":"fixed","_editor_tiered_pricing_fixed_rules":[],"_author_tiered_pricing_type":"fixed","_author_tiered_pricing_fixed_rules":[],"_contributor_tiered_pricing_type":"fixed","_contributor_tiered_pricing_fixed_rules":[],"_subscriber_tiered_pricing_type":"fixed","_subscriber_tiered_pricing_fixed_rules":[],"_customer_tiered_pricing_type":"fixed","_customer_tiered_pricing_fixed_rules":[],"_shop_manager_tiered_pricing_type":"fixed","_shop_manager_tiered_pricing_fixed_rules":[],"_wpseo_manager_tiered_pricing_type":"fixed","_wpseo_manager_tiered_pricing_fixed_rules":[],"_wpseo_editor_tiered_pricing_type":"fixed","_wpseo_editor_tiered_pricing_fixed_rules":[],"_wholesale_customer_tiered_pricing_type":"fixed","_wholesale_customer_tiered_pricing_fixed_rules":[],"_marketer_tiered_pricing_type":"fixed","_marketer_tiered_pricing_fixed_rules":[],"_sales_manager_tiered_pricing_type":"fixed","_sales_manager_tiered_pricing_fixed_rules":[],"_sales_rep_tiered_pricing_type":"fixed","_sales_rep_tiered_pricing_fixed_rules":[],"yoast_head":"<!-- This site is optimized with the Yoast SEO plugin v23.3 - https:\/\/yoast.com\/wordpress\/plugins\/seo\/ -->\n<title>Genie\u00dfen Sie die unwiderstehliche Mischung aus verschiedenen Beeren mit der BANG BLAZE 20000 PUFFS MIXED BERRIES Einweg-E-Zigarette | ElementVape.de<\/title>\n<meta name=\"description\" content=\"Wir bieten Genie\u00dfen Sie die unwiderstehliche Mischung aus verschiedenen Beeren mit der BANG BLAZE 20000 PUFFS MIXED BERRIES Einweg-E-Zigarette , Elementvape.de akzeptieren Gro\u00df-und Einzelhandel Bestellungen.\" \/>\n<meta name=\"robots\" content=\"index, follow, max-snippet:-1, max-image-preview:large, max-video-preview:-1\" \/>\n<link rel=\"canonical\" href=\"https:\/\/www.elementvape.de\/sk\/produkt\/geniessen-sie-die-unwiderstehliche-mischung-aus-verschiedenen-beeren-mit-der-bang-blaze-20000-puffs-mixed-berries-einweg-e-zigarette\/\" \/>\n<meta property=\"og:locale\" content=\"sk_SK\" \/>\n<meta property=\"og:type\" content=\"article\" \/>\n<meta property=\"og:title\" content=\"Genie\u00dfen Sie die unwiderstehliche Mischung aus verschiedenen Beeren mit der BANG BLAZE 20000 PUFFS MIXED BERRIES Einweg-E-Zigarette | ElementVape.de\" \/>\n<meta property=\"og:description\" content=\"Wir bieten Genie\u00dfen Sie die unwiderstehliche Mischung aus verschiedenen Beeren mit der BANG BLAZE 20000 PUFFS MIXED BERRIES Einweg-E-Zigarette , Elementvape.de akzeptieren Gro\u00df-und Einzelhandel Bestellungen.\" \/>\n<meta property=\"og:url\" content=\"https:\/\/www.elementvape.de\/sk\/produkt\/geniessen-sie-die-unwiderstehliche-mischung-aus-verschiedenen-beeren-mit-der-bang-blaze-20000-puffs-mixed-berries-einweg-e-zigarette\/\" \/>\n<meta property=\"og:site_name\" content=\"ElementVape.de\" \/>\n<meta property=\"article:modified_time\" content=\"2024-10-09T07:16:31+00:00\" \/>\n<meta property=\"og:image\" content=\"https:\/\/www.elementvape.de\/wp-content\/uploads\/2024\/09\/MIXED-BERRIES.png\" \/>\n\t<meta property=\"og:image:width\" content=\"2000\" \/>\n\t<meta property=\"og:image:height\" content=\"1343\" \/>\n\t<meta property=\"og:image:type\" content=\"image\/png\" \/>\n<meta name=\"twitter:card\" content=\"summary_large_image\" \/>\n<meta name=\"twitter:label1\" content=\"Est. reading time\" \/>\n\t<meta name=\"twitter:data1\" content=\"4 min\u00faty\" \/>\n<script type=\"application\/ld+json\" class=\"yoast-schema-graph\">{\"@context\":\"https:\/\/schema.org\",\"@graph\":[{\"@type\":\"WebPage\",\"@id\":\"https:\/\/www.elementvape.de\/ro\/produkt\/geniessen-sie-die-unwiderstehliche-mischung-aus-verschiedenen-beeren-mit-der-bang-blaze-20000-puffs-mixed-berries-einweg-e-zigarette\/\",\"url\":\"https:\/\/www.elementvape.de\/ro\/produkt\/geniessen-sie-die-unwiderstehliche-mischung-aus-verschiedenen-beeren-mit-der-bang-blaze-20000-puffs-mixed-berries-einweg-e-zigarette\/\",\"name\":\"Genie\u00dfen Sie die unwiderstehliche Mischung aus verschiedenen Beeren mit der BANG BLAZE 20000 PUFFS MIXED BERRIES Einweg-E-Zigarette | ElementVape.de\",\"isPartOf\":{\"@id\":\"https:\/\/www.elementvape.de\/#website\"},\"primaryImageOfPage\":{\"@id\":\"https:\/\/www.elementvape.de\/ro\/produkt\/geniessen-sie-die-unwiderstehliche-mischung-aus-verschiedenen-beeren-mit-der-bang-blaze-20000-puffs-mixed-berries-einweg-e-zigarette\/#primaryimage\"},\"image\":{\"@id\":\"https:\/\/www.elementvape.de\/ro\/produkt\/geniessen-sie-die-unwiderstehliche-mischung-aus-verschiedenen-beeren-mit-der-bang-blaze-20000-puffs-mixed-berries-einweg-e-zigarette\/#primaryimage\"},\"thumbnailUrl\":\"https:\/\/www.elementvape.de\/wp-content\/uploads\/2024\/09\/MIXED-BERRIES.png\",\"datePublished\":\"2024-09-24T09:01:12+00:00\",\"dateModified\":\"2024-10-09T07:16:31+00:00\",\"description\":\"Wir bieten Genie\u00dfen Sie die unwiderstehliche Mischung aus verschiedenen Beeren mit der BANG BLAZE 20000 PUFFS MIXED BERRIES Einweg-E-Zigarette , Elementvape.de akzeptieren Gro\u00df-und Einzelhandel Bestellungen.\",\"breadcrumb\":{\"@id\":\"https:\/\/www.elementvape.de\/ro\/produkt\/geniessen-sie-die-unwiderstehliche-mischung-aus-verschiedenen-beeren-mit-der-bang-blaze-20000-puffs-mixed-berries-einweg-e-zigarette\/#breadcrumb\"},\"inLanguage\":\"sk-SK\",\"potentialAction\":[{\"@type\":\"ReadAction\",\"target\":[\"https:\/\/www.elementvape.de\/ro\/produkt\/geniessen-sie-die-unwiderstehliche-mischung-aus-verschiedenen-beeren-mit-der-bang-blaze-20000-puffs-mixed-berries-einweg-e-zigarette\/\"]}]},{\"@type\":\"ImageObject\",\"inLanguage\":\"sk-SK\",\"@id\":\"https:\/\/www.elementvape.de\/ro\/produkt\/geniessen-sie-die-unwiderstehliche-mischung-aus-verschiedenen-beeren-mit-der-bang-blaze-20000-puffs-mixed-berries-einweg-e-zigarette\/#primaryimage\",\"url\":\"https:\/\/www.elementvape.de\/wp-content\/uploads\/2024\/09\/MIXED-BERRIES.png\",\"contentUrl\":\"https:\/\/www.elementvape.de\/wp-content\/uploads\/2024\/09\/MIXED-BERRIES.png\",\"width\":2000,\"height\":1343,\"caption\":\"MIXED BERRIES\"},{\"@type\":\"BreadcrumbList\",\"@id\":\"https:\/\/www.elementvape.de\/ro\/produkt\/geniessen-sie-die-unwiderstehliche-mischung-aus-verschiedenen-beeren-mit-der-bang-blaze-20000-puffs-mixed-berries-einweg-e-zigarette\/#breadcrumb\",\"itemListElement\":[{\"@type\":\"ListItem\",\"position\":1,\"name\":\"Home\",\"item\":\"https:\/\/www.elementvape.de\/\"},{\"@type\":\"ListItem\",\"position\":2,\"name\":\"Shop\",\"item\":\"https:\/\/www.elementvape.de\/shop\/\"},{\"@type\":\"ListItem\",\"position\":3,\"name\":\"Genie\u00dfen Sie die unwiderstehliche Mischung aus verschiedenen Beeren mit der BANG BLAZE 20000 PUFFS MIXED BERRIES Einweg-E-Zigarette\"}]},{\"@type\":\"WebSite\",\"@id\":\"https:\/\/www.elementvape.de\/#website\",\"url\":\"https:\/\/www.elementvape.de\/\",\"name\":\"ElementVape.de\",\"description\":\"\",\"publisher\":{\"@id\":\"https:\/\/www.elementvape.de\/#organization\"},\"potentialAction\":[{\"@type\":\"SearchAction\",\"target\":{\"@type\":\"EntryPoint\",\"urlTemplate\":\"https:\/\/www.elementvape.de\/?s={search_term_string}\"},\"query-input\":\"required name=search_term_string\"}],\"inLanguage\":\"sk-SK\"},{\"@type\":\"Organization\",\"@id\":\"https:\/\/www.elementvape.de\/#organization\",\"name\":\"ElementVape.DE\",\"url\":\"https:\/\/www.elementvape.de\/\",\"logo\":{\"@type\":\"ImageObject\",\"inLanguage\":\"sk-SK\",\"@id\":\"https:\/\/www.elementvape.de\/#\/schema\/logo\/image\/\",\"url\":\"https:\/\/www.elementvape.de\/wp-content\/uploads\/2024\/09\/cropped-1elementvape-3.png\",\"contentUrl\":\"https:\/\/www.elementvape.de\/wp-content\/uploads\/2024\/09\/cropped-1elementvape-3.png\",\"width\":285,\"height\":228,\"caption\":\"ElementVape.DE\"},\"image\":{\"@id\":\"https:\/\/www.elementvape.de\/#\/schema\/logo\/image\/\"}}]}<\/script>\n<!-- \/ Yoast SEO plugin. -->","yoast_head_json":{"title":"Genie\u00dfen Sie die unwiderstehliche Mischung aus verschiedenen Beeren mit der BANG BLAZE 20000 PUFFS MIXED BERRIES Einweg-E-Zigarette | ElementVape.de","description":"Wir bieten Genie\u00dfen Sie die unwiderstehliche Mischung aus verschiedenen Beeren mit der BANG BLAZE 20000 PUFFS MIXED BERRIES Einweg-E-Zigarette , Elementvape.de akzeptieren Gro\u00df-und Einzelhandel Bestellungen.","robots":{"index":"index","follow":"follow","max-snippet":"max-snippet:-1","max-image-preview":"max-image-preview:large","max-video-preview":"max-video-preview:-1"},"canonical":"https:\/\/www.elementvape.de\/sk\/produkt\/geniessen-sie-die-unwiderstehliche-mischung-aus-verschiedenen-beeren-mit-der-bang-blaze-20000-puffs-mixed-berries-einweg-e-zigarette\/","og_locale":"sk_SK","og_type":"article","og_title":"Genie\u00dfen Sie die unwiderstehliche Mischung aus verschiedenen Beeren mit der BANG BLAZE 20000 PUFFS MIXED BERRIES Einweg-E-Zigarette | ElementVape.de","og_description":"Wir bieten Genie\u00dfen Sie die unwiderstehliche Mischung aus verschiedenen Beeren mit der BANG BLAZE 20000 PUFFS MIXED BERRIES Einweg-E-Zigarette , Elementvape.de akzeptieren Gro\u00df-und Einzelhandel Bestellungen.","og_url":"https:\/\/www.elementvape.de\/sk\/produkt\/geniessen-sie-die-unwiderstehliche-mischung-aus-verschiedenen-beeren-mit-der-bang-blaze-20000-puffs-mixed-berries-einweg-e-zigarette\/","og_site_name":"ElementVape.de","article_modified_time":"2024-10-09T07:16:31+00:00","og_image":[{"width":2000,"height":1343,"url":"https:\/\/www.elementvape.de\/wp-content\/uploads\/2024\/09\/MIXED-BERRIES.png","type":"image\/png"}],"twitter_card":"summary_large_image","twitter_misc":{"Est. reading time":"4 min\u00faty"},"schema":{"@context":"https:\/\/schema.org","@graph":[{"@type":"WebPage","@id":"https:\/\/www.elementvape.de\/ro\/produkt\/geniessen-sie-die-unwiderstehliche-mischung-aus-verschiedenen-beeren-mit-der-bang-blaze-20000-puffs-mixed-berries-einweg-e-zigarette\/","url":"https:\/\/www.elementvape.de\/ro\/produkt\/geniessen-sie-die-unwiderstehliche-mischung-aus-verschiedenen-beeren-mit-der-bang-blaze-20000-puffs-mixed-berries-einweg-e-zigarette\/","name":"Genie\u00dfen Sie die unwiderstehliche Mischung aus verschiedenen Beeren mit der BANG BLAZE 20000 PUFFS MIXED BERRIES Einweg-E-Zigarette | ElementVape.de","isPartOf":{"@id":"https:\/\/www.elementvape.de\/#website"},"primaryImageOfPage":{"@id":"https:\/\/www.elementvape.de\/ro\/produkt\/geniessen-sie-die-unwiderstehliche-mischung-aus-verschiedenen-beeren-mit-der-bang-blaze-20000-puffs-mixed-berries-einweg-e-zigarette\/#primaryimage"},"image":{"@id":"https:\/\/www.elementvape.de\/ro\/produkt\/geniessen-sie-die-unwiderstehliche-mischung-aus-verschiedenen-beeren-mit-der-bang-blaze-20000-puffs-mixed-berries-einweg-e-zigarette\/#primaryimage"},"thumbnailUrl":"https:\/\/www.elementvape.de\/wp-content\/uploads\/2024\/09\/MIXED-BERRIES.png","datePublished":"2024-09-24T09:01:12+00:00","dateModified":"2024-10-09T07:16:31+00:00","description":"Wir bieten Genie\u00dfen Sie die unwiderstehliche Mischung aus verschiedenen Beeren mit der BANG BLAZE 20000 PUFFS MIXED BERRIES Einweg-E-Zigarette , Elementvape.de akzeptieren Gro\u00df-und Einzelhandel Bestellungen.","breadcrumb":{"@id":"https:\/\/www.elementvape.de\/ro\/produkt\/geniessen-sie-die-unwiderstehliche-mischung-aus-verschiedenen-beeren-mit-der-bang-blaze-20000-puffs-mixed-berries-einweg-e-zigarette\/#breadcrumb"},"inLanguage":"sk-SK","potentialAction":[{"@type":"ReadAction","target":["https:\/\/www.elementvape.de\/ro\/produkt\/geniessen-sie-die-unwiderstehliche-mischung-aus-verschiedenen-beeren-mit-der-bang-blaze-20000-puffs-mixed-berries-einweg-e-zigarette\/"]}]},{"@type":"ImageObject","inLanguage":"sk-SK","@id":"https:\/\/www.elementvape.de\/ro\/produkt\/geniessen-sie-die-unwiderstehliche-mischung-aus-verschiedenen-beeren-mit-der-bang-blaze-20000-puffs-mixed-berries-einweg-e-zigarette\/#primaryimage","url":"https:\/\/www.elementvape.de\/wp-content\/uploads\/2024\/09\/MIXED-BERRIES.png","contentUrl":"https:\/\/www.elementvape.de\/wp-content\/uploads\/2024\/09\/MIXED-BERRIES.png","width":2000,"height":1343,"caption":"MIXED BERRIES"},{"@type":"BreadcrumbList","@id":"https:\/\/www.elementvape.de\/ro\/produkt\/geniessen-sie-die-unwiderstehliche-mischung-aus-verschiedenen-beeren-mit-der-bang-blaze-20000-puffs-mixed-berries-einweg-e-zigarette\/#breadcrumb","itemListElement":[{"@type":"ListItem","position":1,"name":"Home","item":"https:\/\/www.elementvape.de\/"},{"@type":"ListItem","position":2,"name":"Shop","item":"https:\/\/www.elementvape.de\/shop\/"},{"@type":"ListItem","position":3,"name":"Genie\u00dfen Sie die unwiderstehliche Mischung aus verschiedenen Beeren mit der BANG BLAZE 20000 PUFFS MIXED BERRIES Einweg-E-Zigarette"}]},{"@type":"WebSite","@id":"https:\/\/www.elementvape.de\/#website","url":"https:\/\/www.elementvape.de\/","name":"ElementVape.de","description":"","publisher":{"@id":"https:\/\/www.elementvape.de\/#organization"},"potentialAction":[{"@type":"SearchAction","target":{"@type":"EntryPoint","urlTemplate":"https:\/\/www.elementvape.de\/?s={search_term_string}"},"query-input":"required name=search_term_string"}],"inLanguage":"sk-SK"},{"@type":"Organization","@id":"https:\/\/www.elementvape.de\/#organization","name":"ElementVape.DE","url":"https:\/\/www.elementvape.de\/","logo":{"@type":"ImageObject","inLanguage":"sk-SK","@id":"https:\/\/www.elementvape.de\/#\/schema\/logo\/image\/","url":"https:\/\/www.elementvape.de\/wp-content\/uploads\/2024\/09\/cropped-1elementvape-3.png","contentUrl":"https:\/\/www.elementvape.de\/wp-content\/uploads\/2024\/09\/cropped-1elementvape-3.png","width":285,"height":228,"caption":"ElementVape.DE"},"image":{"@id":"https:\/\/www.elementvape.de\/#\/schema\/logo\/image\/"}}]}},"_links":{"self":[{"href":"https:\/\/www.elementvape.de\/sk\/wp-json\/wp\/v2\/product\/14631"}],"collection":[{"href":"https:\/\/www.elementvape.de\/sk\/wp-json\/wp\/v2\/product"}],"about":[{"href":"https:\/\/www.elementvape.de\/sk\/wp-json\/wp\/v2\/types\/product"}],"wp:featuredmedia":[{"embeddable":true,"href":"https:\/\/www.elementvape.de\/sk\/wp-json\/wp\/v2\/media\/14616"}],"wp:attachment":[{"href":"https:\/\/www.elementvape.de\/sk\/wp-json\/wp\/v2\/media?parent=14631"}],"wp:term":[{"taxonomy":"product_cat","embeddable":true,"href":"https:\/\/www.elementvape.de\/sk\/wp-json\/wp\/v2\/product_cat?post=14631"},{"taxonomy":"product_tag","embeddable":true,"href":"https:\/\/www.elementvape.de\/sk\/wp-json\/wp\/v2\/product_tag?post=14631"}],"curies":[{"name":"wp","href":"https:\/\/api.w.org\/{rel}","templated":true}]}}