{"id":14625,"date":"2024-09-24T08:38:21","date_gmt":"2024-09-24T08:38:21","guid":{"rendered":"https:\/\/www.elementvape.de\/?post_type=product&#038;p=14625"},"modified":"2024-10-09T07:20:41","modified_gmt":"2024-10-09T07:20:41","slug":"geniessen-sie-die-fruchtige-kuehle-der-bang-blaze-20000-puffs-strawberry-ice-einweg-e-zigarette-mit-20000-zuegen-purer-erdbeersensation","status":"publish","type":"product","link":"https:\/\/www.elementvape.de\/sk\/produkt\/geniessen-sie-die-fruchtige-kuehle-der-bang-blaze-20000-puffs-strawberry-ice-einweg-e-zigarette-mit-20000-zuegen-purer-erdbeersensation\/","title":{"rendered":"U\u017eite si ovocn\u00fa chladivos\u0165 BANG BLAZE 20000 PUFFS STRAWBERRY ICE jednorazovou e-cigaretou s 20000 \u0165ahmi \u010dist\u00e9ho jahodov\u00e9ho z\u00e1\u017eitku"},"content":{"rendered":"<p>Vychutnajte si ovocn\u00fa svie\u017eos\u0165 jednorazovej e-cigarety BANG BLAZE 20000 PUFFS STRAWBERRY ICE, ktor\u00e1 v\u00e1m pon\u00faka <strong><a href=\"https:\/\/www.elementvape.de\/sk\/p-tag\/groesser-oder-gleich-20000-zuege\/\" target=\"_blank\" rel=\"noopener\">20000 \u0165ahov<\/a><\/strong> pln\u00fa chu\u0165 \u010distej jahodovej senz\u00e1cie. T\u00e1to e-cigareta sp\u00e1ja osvie\u017euj\u00facu chladivos\u0165 so sladkou chu\u0165ou \u0161\u0165avnat\u00fdch jah\u00f4d a zais\u0165uje tak neopakovate\u013en\u00fd z\u00e1\u017eitok z vapovania, ktor\u00fd nadchne ako za\u010diato\u010dn\u00edkov, tak aj sk\u00fasen\u00fdch vaperov.<\/p>\n<p>BANG BLAZE 20000 PUFFS STRAWBERRY ICE nie je len pote\u0161en\u00edm pre zmysly, ale aj majstrovsk\u00fdm dielom modernej vapovacej technol\u00f3gie. Tu s\u00fa jej vynikaj\u00face vlastnosti:<\/p>\n<h4>1. Vysok\u00fd po\u010det \u0165ahov<\/h4>\n<p>S 20 000 potiahnutiami pon\u00faka BANG BLAZE v\u00fdnimo\u010dn\u00fa \u017eivotnos\u0165, ktor\u00e1 v\u00e1m umo\u017en\u00ed vychutn\u00e1va\u0165 si lahodn\u00e9 ar\u00f3my po dlh\u0161iu dobu bez toho, aby ste museli neust\u00e1le dob\u00edja\u0165 alebo dop\u013a\u0148a\u0165.<\/p>\n<h4>2. Osvie\u017euj\u00faca jahodov\u00e1 chu\u0165<\/h4>\n<p>Chu\u0165 \u010derstv\u00fdch jah\u00f4d, kombinovan\u00e1 s povzbudzuj\u00facim \u013eadov\u00fdm t\u00f3nom, vytv\u00e1ra osvie\u017euj\u00faci z\u00e1\u017eitok z vapovania, ktor\u00fd je sladk\u00fd aj chladiv\u00fd. Ka\u017ed\u00e9 potiahnutie o\u017eivuje ar\u00f3my a zais\u0165uje intenz\u00edvny chu\u0165ov\u00fd z\u00e1\u017eitok.<\/p>\n<h4>3. Nab\u00edjate\u013en\u00e1 bat\u00e9ria<\/h4>\n<p>BANG BLAZE je vybaven\u00e1 1000 mAh nab\u00edjate\u013enou bat\u00e9riou a pon\u00faka spo\u013eahliv\u00fd v\u00fdkon. Nab\u00edjac\u00ed port typu C zais\u0165uje r\u00fdchle a jednoduch\u00e9 nab\u00edjanie, tak\u017ee m\u00f4\u017eete str\u00e1vi\u0165 menej \u010dasu \u010dakan\u00edm a viac \u010dasu vapovan\u00edm.<\/p>\n<h4>4. Ve\u013ek\u00e1 kapacita e-liquidu<\/h4>\n<p>S kapacitou 26 ml si m\u00f4\u017eete vychutna\u0165 viac e-liquidu, \u010do znamen\u00e1, \u017ee str\u00e1vite menej \u010dasu dop\u013a\u0148an\u00edm. T\u00e1to funkcia je obzvl\u00e1\u0161\u0165 v\u00fdhodn\u00e1 pre t\u00fdch, ktor\u00ed ve\u013ea vapuj\u00fa.<\/p>\n<h4>5. V\u0161estrann\u00fd obsah N<\/h4>\n<p>BANG BLAZE je k dispoz\u00edcii v r\u00f4znych variantoch obsahu N: 2% a 5%. T\u00e1to flexibilita v\u00e1m umo\u017e\u0148uje prisp\u00f4sobi\u0165 si z\u00e1\u017eitok z vapovania pod\u013ea va\u0161ich preferenci\u00ed.<\/p>\n<h4>6. Dvojit\u00e1 mrie\u017ekov\u00e1 \u0161pir\u00e1lka<\/h4>\n<p>Inovat\u00edvna Dual Mesh Coil s 1,0 \u03a9 zais\u0165uje rovnomern\u00e9 odparovanie a intenz\u00edvny chu\u0165ov\u00fd z\u00e1\u017eitok. T\u00e1to technol\u00f3gia zais\u0165uje, \u017ee sladk\u00e9 jahodov\u00e9 t\u00f3ny dokonale vynikn\u00fa.<\/p>\n<h4>7. Pou\u017e\u00edvate\u013esky pr\u00edvetiv\u00fd dizajn<\/h4>\n<p>S hmotnos\u0165ou iba 85 g je BANG BLAZE \u013eahk\u00e1 a prenosn\u00e1. Jej \u0161t\u00edhly dizajn ju rob\u00ed ide\u00e1lnou na ka\u017edodenn\u00e9 pou\u017eitie a jednoduch\u00e9 pren\u00e1\u0161anie.<\/p>\n<h4>8. Displej na obrazovke<\/h4>\n<p>Integrovan\u00fd displej v\u00e1s informuje o stave bat\u00e9rie a zost\u00e1vaj\u00facich potiahnutiach. V\u017edy tak viete, kedy je \u010das dobi\u0165 alebo si zaobstara\u0165 nov\u00fa <strong><a href=\"https:\/\/www.elementvape.de\/sk\/\" target=\"_blank\" rel=\"noopener\">E-cigareta<\/a><\/strong> e-cigaretu.<\/p>\n<h3>Chu\u0165ov\u00fd z\u00e1\u017eitok<\/h3>\n<p>Chu\u0165ov\u00fd z\u00e1\u017eitok z BANG BLAZE 20000 PUFFS STRAWBERRY ICE je pote\u0161en\u00edm pre v\u0161etky zmysly. Sladk\u00e1, \u0161\u0165avnat\u00e1 chu\u0165 jah\u00f4d v kombin\u00e1cii s chladivou svie\u017eos\u0165ou pon\u00faka dokonal\u00fa rovnov\u00e1hu a zais\u0165uje osvie\u017euj\u00faci z\u00e1\u017eitok z vapovania, ktor\u00fd je ide\u00e1lny pre ka\u017ed\u00fa pr\u00edle\u017eitos\u0165.<\/p>\n<h3>V\u00fdhody BANG BLAZE<\/h3>\n<p>BANG BLAZE je okam\u017eite pripraven\u00e1 na pou\u017eitie a nevy\u017eaduje \u017eiadne komplikovan\u00e9 nastavenie. Jednoducho potiahnite a u\u017e\u00edvajte si \u2013 ide\u00e1lne pre v\u0161etk\u00fdch, ktor\u00ed h\u013eadaj\u00fa jednoduch\u00fd a chutn\u00fd z\u00e1\u017eitok z vapovania.<\/p>\n<p>S nab\u00edjate\u013enou bat\u00e9riou a vysok\u00fdm po\u010dtom potiahnut\u00ed je BANG BLAZE ekologickej\u0161ou vo\u013ebou v porovnan\u00ed s be\u017en\u00fdmi jednorazov\u00fdmi produktmi.<\/p>\n<p>V\u010faka r\u00f4znym \u00farovniam nikot\u00ednu si m\u00f4\u017eete svoj z\u00e1\u017eitok z vapovania prisp\u00f4sobi\u0165 a upravi\u0165 pod\u013ea svojich potrieb.<\/p>\n<p>BANG BLAZE 20000 PUFFS STRAWBERRY ICE je ur\u010den\u00e1 pre:<\/p>\n<ul>\n<li>Pr\u00edle\u017eitostn\u00fdch vaperov: Ide\u00e1lne pre v\u0161etk\u00fdch, ktor\u00ed h\u013eadaj\u00fa osvie\u017euj\u00faci a ovocn\u00fd z\u00e1\u017eitok z vapovania.<\/li>\n<li>Vape-nad\u0161encov: Inovat\u00edvna technol\u00f3gia a lahodn\u00e1 chu\u0165 pri\u0165ahuj\u00fa sk\u00fasen\u00fdch vaperov.<\/li>\n<li>Zdravotne uvedomel\u00fdch spotrebite\u013eov: V\u00fdber medzi r\u00f4znymi \u00farov\u0148ami nikot\u00ednu umo\u017e\u0148uje lep\u0161iu kontrolu nad spotrebou nikot\u00ednu.<\/li>\n<\/ul>\n<p>Na \u00faspe\u0161n\u00e9 uvedenie BANG BLAZE 20000 PUFFS STRAWBERRY ICE na trh by sa mali vyu\u017ei\u0165 nasleduj\u00face kan\u00e1ly:<\/p>\n<ul>\n<li>Soci\u00e1lne m\u00e9di\u00e1: Kreat\u00edvny obsah na platform\u00e1ch ako Instagram a TikTok, ktor\u00fd zd\u00f4raz\u0148uje chu\u0165ov\u00fd z\u00e1\u017eitok a pou\u017e\u00edvate\u013esk\u00fa jednoduchos\u0165.<\/li>\n<li>Marketing influencerov: Spolupr\u00e1ca s influencermi v komunite vapova\u010dov pre autentick\u00e9 hodnotenia a zv\u00fd\u0161enie dosahu.<\/li>\n<li>Online reklama: Cielen\u00e9 reklamn\u00e9 kampane na relevantn\u00fdch webov\u00fdch str\u00e1nkach a v aplik\u00e1ci\u00e1ch, ktor\u00e9 pou\u017e\u00edvaj\u00fa cie\u013eov\u00e1 skupina.<\/li>\n<\/ul>","protected":false},"excerpt":{"rendered":"<p>Genie\u00dfen Sie die fruchtige K\u00fchle der BANG BLAZE 20000 PUFFS STRAWBERRY ICE Einweg-E-Zigarette, die Ihnen 20000 Z\u00fcge voller purer Erdbeersensation bietet. Diese E-Zigarette vereint erfrischende K\u00fchle mit dem s\u00fc\u00dfen Geschmack saftiger Erdbeeren und sorgt f\u00fcr ein unvergleichliches Dampferlebnis, das sowohl Neueinsteiger als auch erfahrene Dampfer begeistern wird. Die BANG BLAZE 20000 PUFFS STRAWBERRY ICE ist [&hellip;]<\/p>","protected":false},"featured_media":14618,"template":"","meta":{"inline_featured_image":false},"product_cat":[15,762,739,743,744,755,738,751],"product_tag":[710,725],"tiered_pricing_type":"fixed","tiered_pricing_fixed_rules":{"60":"6.83","110":"6.07","200":"5.31"},"tiered_pricing_percentage_rules":[],"tiered_pricing_minimum":1,"_administrator_tiered_pricing_type":"fixed","_administrator_tiered_pricing_fixed_rules":[],"_editor_tiered_pricing_type":"fixed","_editor_tiered_pricing_fixed_rules":[],"_author_tiered_pricing_type":"fixed","_author_tiered_pricing_fixed_rules":[],"_contributor_tiered_pricing_type":"fixed","_contributor_tiered_pricing_fixed_rules":[],"_subscriber_tiered_pricing_type":"fixed","_subscriber_tiered_pricing_fixed_rules":[],"_customer_tiered_pricing_type":"fixed","_customer_tiered_pricing_fixed_rules":[],"_shop_manager_tiered_pricing_type":"fixed","_shop_manager_tiered_pricing_fixed_rules":[],"_wpseo_manager_tiered_pricing_type":"fixed","_wpseo_manager_tiered_pricing_fixed_rules":[],"_wpseo_editor_tiered_pricing_type":"fixed","_wpseo_editor_tiered_pricing_fixed_rules":[],"_wholesale_customer_tiered_pricing_type":"fixed","_wholesale_customer_tiered_pricing_fixed_rules":[],"_marketer_tiered_pricing_type":"fixed","_marketer_tiered_pricing_fixed_rules":[],"_sales_manager_tiered_pricing_type":"fixed","_sales_manager_tiered_pricing_fixed_rules":[],"_sales_rep_tiered_pricing_type":"fixed","_sales_rep_tiered_pricing_fixed_rules":[],"yoast_head":"<!-- This site is optimized with the Yoast SEO plugin v23.3 - https:\/\/yoast.com\/wordpress\/plugins\/seo\/ -->\n<title>Genie\u00dfen Sie die fruchtige K\u00fchle der BANG BLAZE 20000 PUFFS STRAWBERRY ICE Einweg-E-Zigarette mit 20000 Z\u00fcgen purer Erdbeersensation | ElementVape.de<\/title>\n<meta name=\"description\" content=\"Wir bieten Genie\u00dfen Sie die fruchtige K\u00fchle der BANG BLAZE 20000 PUFFS STRAWBERRY ICE Einweg-E-Zigarette mit 20000 Z\u00fcgen purer Erdbeersensation , Elementvape.de akzeptieren Gro\u00df-und Einzelhandel Bestellungen.\" \/>\n<meta name=\"robots\" content=\"index, follow, max-snippet:-1, max-image-preview:large, max-video-preview:-1\" \/>\n<link rel=\"canonical\" href=\"https:\/\/www.elementvape.de\/sk\/produkt\/geniessen-sie-die-fruchtige-kuehle-der-bang-blaze-20000-puffs-strawberry-ice-einweg-e-zigarette-mit-20000-zuegen-purer-erdbeersensation\/\" \/>\n<meta property=\"og:locale\" content=\"sk_SK\" \/>\n<meta property=\"og:type\" content=\"article\" \/>\n<meta property=\"og:title\" content=\"Genie\u00dfen Sie die fruchtige K\u00fchle der BANG BLAZE 20000 PUFFS STRAWBERRY ICE Einweg-E-Zigarette mit 20000 Z\u00fcgen purer Erdbeersensation | ElementVape.de\" \/>\n<meta property=\"og:description\" content=\"Wir bieten Genie\u00dfen Sie die fruchtige K\u00fchle der BANG BLAZE 20000 PUFFS STRAWBERRY ICE Einweg-E-Zigarette mit 20000 Z\u00fcgen purer Erdbeersensation , Elementvape.de akzeptieren Gro\u00df-und Einzelhandel Bestellungen.\" \/>\n<meta property=\"og:url\" content=\"https:\/\/www.elementvape.de\/sk\/produkt\/geniessen-sie-die-fruchtige-kuehle-der-bang-blaze-20000-puffs-strawberry-ice-einweg-e-zigarette-mit-20000-zuegen-purer-erdbeersensation\/\" \/>\n<meta property=\"og:site_name\" content=\"ElementVape.de\" \/>\n<meta property=\"article:modified_time\" content=\"2024-10-09T07:20:41+00:00\" \/>\n<meta property=\"og:image\" content=\"https:\/\/www.elementvape.de\/wp-content\/uploads\/2024\/09\/STRAWBERRY-ICE-3.jpg\" \/>\n\t<meta property=\"og:image:width\" content=\"2000\" \/>\n\t<meta property=\"og:image:height\" content=\"1343\" \/>\n\t<meta property=\"og:image:type\" content=\"image\/jpeg\" \/>\n<meta name=\"twitter:card\" content=\"summary_large_image\" \/>\n<meta name=\"twitter:label1\" content=\"Est. reading time\" \/>\n\t<meta name=\"twitter:data1\" content=\"4 min\u00faty\" \/>\n<script type=\"application\/ld+json\" class=\"yoast-schema-graph\">{\"@context\":\"https:\/\/schema.org\",\"@graph\":[{\"@type\":\"WebPage\",\"@id\":\"https:\/\/www.elementvape.de\/da\/produkt\/geniessen-sie-die-fruchtige-kuehle-der-bang-blaze-20000-puffs-strawberry-ice-einweg-e-zigarette-mit-20000-zuegen-purer-erdbeersensation\/\",\"url\":\"https:\/\/www.elementvape.de\/da\/produkt\/geniessen-sie-die-fruchtige-kuehle-der-bang-blaze-20000-puffs-strawberry-ice-einweg-e-zigarette-mit-20000-zuegen-purer-erdbeersensation\/\",\"name\":\"Genie\u00dfen Sie die fruchtige K\u00fchle der BANG BLAZE 20000 PUFFS STRAWBERRY ICE Einweg-E-Zigarette mit 20000 Z\u00fcgen purer Erdbeersensation | ElementVape.de\",\"isPartOf\":{\"@id\":\"https:\/\/www.elementvape.de\/#website\"},\"primaryImageOfPage\":{\"@id\":\"https:\/\/www.elementvape.de\/da\/produkt\/geniessen-sie-die-fruchtige-kuehle-der-bang-blaze-20000-puffs-strawberry-ice-einweg-e-zigarette-mit-20000-zuegen-purer-erdbeersensation\/#primaryimage\"},\"image\":{\"@id\":\"https:\/\/www.elementvape.de\/da\/produkt\/geniessen-sie-die-fruchtige-kuehle-der-bang-blaze-20000-puffs-strawberry-ice-einweg-e-zigarette-mit-20000-zuegen-purer-erdbeersensation\/#primaryimage\"},\"thumbnailUrl\":\"https:\/\/www.elementvape.de\/wp-content\/uploads\/2024\/09\/STRAWBERRY-ICE-3.jpg\",\"datePublished\":\"2024-09-24T08:38:21+00:00\",\"dateModified\":\"2024-10-09T07:20:41+00:00\",\"description\":\"Wir bieten Genie\u00dfen Sie die fruchtige K\u00fchle der BANG BLAZE 20000 PUFFS STRAWBERRY ICE Einweg-E-Zigarette mit 20000 Z\u00fcgen purer Erdbeersensation , Elementvape.de akzeptieren Gro\u00df-und Einzelhandel Bestellungen.\",\"breadcrumb\":{\"@id\":\"https:\/\/www.elementvape.de\/da\/produkt\/geniessen-sie-die-fruchtige-kuehle-der-bang-blaze-20000-puffs-strawberry-ice-einweg-e-zigarette-mit-20000-zuegen-purer-erdbeersensation\/#breadcrumb\"},\"inLanguage\":\"sk-SK\",\"potentialAction\":[{\"@type\":\"ReadAction\",\"target\":[\"https:\/\/www.elementvape.de\/da\/produkt\/geniessen-sie-die-fruchtige-kuehle-der-bang-blaze-20000-puffs-strawberry-ice-einweg-e-zigarette-mit-20000-zuegen-purer-erdbeersensation\/\"]}]},{\"@type\":\"ImageObject\",\"inLanguage\":\"sk-SK\",\"@id\":\"https:\/\/www.elementvape.de\/da\/produkt\/geniessen-sie-die-fruchtige-kuehle-der-bang-blaze-20000-puffs-strawberry-ice-einweg-e-zigarette-mit-20000-zuegen-purer-erdbeersensation\/#primaryimage\",\"url\":\"https:\/\/www.elementvape.de\/wp-content\/uploads\/2024\/09\/STRAWBERRY-ICE-3.jpg\",\"contentUrl\":\"https:\/\/www.elementvape.de\/wp-content\/uploads\/2024\/09\/STRAWBERRY-ICE-3.jpg\",\"width\":2000,\"height\":1343,\"caption\":\"STRAWBERRY ICE\"},{\"@type\":\"BreadcrumbList\",\"@id\":\"https:\/\/www.elementvape.de\/da\/produkt\/geniessen-sie-die-fruchtige-kuehle-der-bang-blaze-20000-puffs-strawberry-ice-einweg-e-zigarette-mit-20000-zuegen-purer-erdbeersensation\/#breadcrumb\",\"itemListElement\":[{\"@type\":\"ListItem\",\"position\":1,\"name\":\"Home\",\"item\":\"https:\/\/www.elementvape.de\/\"},{\"@type\":\"ListItem\",\"position\":2,\"name\":\"Shop\",\"item\":\"https:\/\/www.elementvape.de\/shop\/\"},{\"@type\":\"ListItem\",\"position\":3,\"name\":\"Genie\u00dfen Sie die fruchtige K\u00fchle der BANG BLAZE 20000 PUFFS STRAWBERRY ICE Einweg-E-Zigarette mit 20000 Z\u00fcgen purer Erdbeersensation\"}]},{\"@type\":\"WebSite\",\"@id\":\"https:\/\/www.elementvape.de\/#website\",\"url\":\"https:\/\/www.elementvape.de\/\",\"name\":\"ElementVape.de\",\"description\":\"\",\"publisher\":{\"@id\":\"https:\/\/www.elementvape.de\/#organization\"},\"potentialAction\":[{\"@type\":\"SearchAction\",\"target\":{\"@type\":\"EntryPoint\",\"urlTemplate\":\"https:\/\/www.elementvape.de\/?s={search_term_string}\"},\"query-input\":\"required name=search_term_string\"}],\"inLanguage\":\"sk-SK\"},{\"@type\":\"Organization\",\"@id\":\"https:\/\/www.elementvape.de\/#organization\",\"name\":\"ElementVape.DE\",\"url\":\"https:\/\/www.elementvape.de\/\",\"logo\":{\"@type\":\"ImageObject\",\"inLanguage\":\"sk-SK\",\"@id\":\"https:\/\/www.elementvape.de\/#\/schema\/logo\/image\/\",\"url\":\"https:\/\/www.elementvape.de\/wp-content\/uploads\/2024\/09\/cropped-1elementvape-3.png\",\"contentUrl\":\"https:\/\/www.elementvape.de\/wp-content\/uploads\/2024\/09\/cropped-1elementvape-3.png\",\"width\":285,\"height\":228,\"caption\":\"ElementVape.DE\"},\"image\":{\"@id\":\"https:\/\/www.elementvape.de\/#\/schema\/logo\/image\/\"}}]}<\/script>\n<!-- \/ Yoast SEO plugin. -->","yoast_head_json":{"title":"Genie\u00dfen Sie die fruchtige K\u00fchle der BANG BLAZE 20000 PUFFS STRAWBERRY ICE Einweg-E-Zigarette mit 20000 Z\u00fcgen purer Erdbeersensation | ElementVape.de","description":"Wir bieten Genie\u00dfen Sie die fruchtige K\u00fchle der BANG BLAZE 20000 PUFFS STRAWBERRY ICE Einweg-E-Zigarette mit 20000 Z\u00fcgen purer Erdbeersensation , Elementvape.de akzeptieren Gro\u00df-und Einzelhandel Bestellungen.","robots":{"index":"index","follow":"follow","max-snippet":"max-snippet:-1","max-image-preview":"max-image-preview:large","max-video-preview":"max-video-preview:-1"},"canonical":"https:\/\/www.elementvape.de\/sk\/produkt\/geniessen-sie-die-fruchtige-kuehle-der-bang-blaze-20000-puffs-strawberry-ice-einweg-e-zigarette-mit-20000-zuegen-purer-erdbeersensation\/","og_locale":"sk_SK","og_type":"article","og_title":"Genie\u00dfen Sie die fruchtige K\u00fchle der BANG BLAZE 20000 PUFFS STRAWBERRY ICE Einweg-E-Zigarette mit 20000 Z\u00fcgen purer Erdbeersensation | ElementVape.de","og_description":"Wir bieten Genie\u00dfen Sie die fruchtige K\u00fchle der BANG BLAZE 20000 PUFFS STRAWBERRY ICE Einweg-E-Zigarette mit 20000 Z\u00fcgen purer Erdbeersensation , Elementvape.de akzeptieren Gro\u00df-und Einzelhandel Bestellungen.","og_url":"https:\/\/www.elementvape.de\/sk\/produkt\/geniessen-sie-die-fruchtige-kuehle-der-bang-blaze-20000-puffs-strawberry-ice-einweg-e-zigarette-mit-20000-zuegen-purer-erdbeersensation\/","og_site_name":"ElementVape.de","article_modified_time":"2024-10-09T07:20:41+00:00","og_image":[{"width":2000,"height":1343,"url":"https:\/\/www.elementvape.de\/wp-content\/uploads\/2024\/09\/STRAWBERRY-ICE-3.jpg","type":"image\/jpeg"}],"twitter_card":"summary_large_image","twitter_misc":{"Est. reading time":"4 min\u00faty"},"schema":{"@context":"https:\/\/schema.org","@graph":[{"@type":"WebPage","@id":"https:\/\/www.elementvape.de\/da\/produkt\/geniessen-sie-die-fruchtige-kuehle-der-bang-blaze-20000-puffs-strawberry-ice-einweg-e-zigarette-mit-20000-zuegen-purer-erdbeersensation\/","url":"https:\/\/www.elementvape.de\/da\/produkt\/geniessen-sie-die-fruchtige-kuehle-der-bang-blaze-20000-puffs-strawberry-ice-einweg-e-zigarette-mit-20000-zuegen-purer-erdbeersensation\/","name":"Genie\u00dfen Sie die fruchtige K\u00fchle der BANG BLAZE 20000 PUFFS STRAWBERRY ICE Einweg-E-Zigarette mit 20000 Z\u00fcgen purer Erdbeersensation | ElementVape.de","isPartOf":{"@id":"https:\/\/www.elementvape.de\/#website"},"primaryImageOfPage":{"@id":"https:\/\/www.elementvape.de\/da\/produkt\/geniessen-sie-die-fruchtige-kuehle-der-bang-blaze-20000-puffs-strawberry-ice-einweg-e-zigarette-mit-20000-zuegen-purer-erdbeersensation\/#primaryimage"},"image":{"@id":"https:\/\/www.elementvape.de\/da\/produkt\/geniessen-sie-die-fruchtige-kuehle-der-bang-blaze-20000-puffs-strawberry-ice-einweg-e-zigarette-mit-20000-zuegen-purer-erdbeersensation\/#primaryimage"},"thumbnailUrl":"https:\/\/www.elementvape.de\/wp-content\/uploads\/2024\/09\/STRAWBERRY-ICE-3.jpg","datePublished":"2024-09-24T08:38:21+00:00","dateModified":"2024-10-09T07:20:41+00:00","description":"Wir bieten Genie\u00dfen Sie die fruchtige K\u00fchle der BANG BLAZE 20000 PUFFS STRAWBERRY ICE Einweg-E-Zigarette mit 20000 Z\u00fcgen purer Erdbeersensation , Elementvape.de akzeptieren Gro\u00df-und Einzelhandel Bestellungen.","breadcrumb":{"@id":"https:\/\/www.elementvape.de\/da\/produkt\/geniessen-sie-die-fruchtige-kuehle-der-bang-blaze-20000-puffs-strawberry-ice-einweg-e-zigarette-mit-20000-zuegen-purer-erdbeersensation\/#breadcrumb"},"inLanguage":"sk-SK","potentialAction":[{"@type":"ReadAction","target":["https:\/\/www.elementvape.de\/da\/produkt\/geniessen-sie-die-fruchtige-kuehle-der-bang-blaze-20000-puffs-strawberry-ice-einweg-e-zigarette-mit-20000-zuegen-purer-erdbeersensation\/"]}]},{"@type":"ImageObject","inLanguage":"sk-SK","@id":"https:\/\/www.elementvape.de\/da\/produkt\/geniessen-sie-die-fruchtige-kuehle-der-bang-blaze-20000-puffs-strawberry-ice-einweg-e-zigarette-mit-20000-zuegen-purer-erdbeersensation\/#primaryimage","url":"https:\/\/www.elementvape.de\/wp-content\/uploads\/2024\/09\/STRAWBERRY-ICE-3.jpg","contentUrl":"https:\/\/www.elementvape.de\/wp-content\/uploads\/2024\/09\/STRAWBERRY-ICE-3.jpg","width":2000,"height":1343,"caption":"STRAWBERRY ICE"},{"@type":"BreadcrumbList","@id":"https:\/\/www.elementvape.de\/da\/produkt\/geniessen-sie-die-fruchtige-kuehle-der-bang-blaze-20000-puffs-strawberry-ice-einweg-e-zigarette-mit-20000-zuegen-purer-erdbeersensation\/#breadcrumb","itemListElement":[{"@type":"ListItem","position":1,"name":"Home","item":"https:\/\/www.elementvape.de\/"},{"@type":"ListItem","position":2,"name":"Shop","item":"https:\/\/www.elementvape.de\/shop\/"},{"@type":"ListItem","position":3,"name":"Genie\u00dfen Sie die fruchtige K\u00fchle der BANG BLAZE 20000 PUFFS STRAWBERRY ICE Einweg-E-Zigarette mit 20000 Z\u00fcgen purer Erdbeersensation"}]},{"@type":"WebSite","@id":"https:\/\/www.elementvape.de\/#website","url":"https:\/\/www.elementvape.de\/","name":"ElementVape.de","description":"","publisher":{"@id":"https:\/\/www.elementvape.de\/#organization"},"potentialAction":[{"@type":"SearchAction","target":{"@type":"EntryPoint","urlTemplate":"https:\/\/www.elementvape.de\/?s={search_term_string}"},"query-input":"required name=search_term_string"}],"inLanguage":"sk-SK"},{"@type":"Organization","@id":"https:\/\/www.elementvape.de\/#organization","name":"ElementVape.DE","url":"https:\/\/www.elementvape.de\/","logo":{"@type":"ImageObject","inLanguage":"sk-SK","@id":"https:\/\/www.elementvape.de\/#\/schema\/logo\/image\/","url":"https:\/\/www.elementvape.de\/wp-content\/uploads\/2024\/09\/cropped-1elementvape-3.png","contentUrl":"https:\/\/www.elementvape.de\/wp-content\/uploads\/2024\/09\/cropped-1elementvape-3.png","width":285,"height":228,"caption":"ElementVape.DE"},"image":{"@id":"https:\/\/www.elementvape.de\/#\/schema\/logo\/image\/"}}]}},"_links":{"self":[{"href":"https:\/\/www.elementvape.de\/sk\/wp-json\/wp\/v2\/product\/14625"}],"collection":[{"href":"https:\/\/www.elementvape.de\/sk\/wp-json\/wp\/v2\/product"}],"about":[{"href":"https:\/\/www.elementvape.de\/sk\/wp-json\/wp\/v2\/types\/product"}],"wp:featuredmedia":[{"embeddable":true,"href":"https:\/\/www.elementvape.de\/sk\/wp-json\/wp\/v2\/media\/14618"}],"wp:attachment":[{"href":"https:\/\/www.elementvape.de\/sk\/wp-json\/wp\/v2\/media?parent=14625"}],"wp:term":[{"taxonomy":"product_cat","embeddable":true,"href":"https:\/\/www.elementvape.de\/sk\/wp-json\/wp\/v2\/product_cat?post=14625"},{"taxonomy":"product_tag","embeddable":true,"href":"https:\/\/www.elementvape.de\/sk\/wp-json\/wp\/v2\/product_tag?post=14625"}],"curies":[{"name":"wp","href":"https:\/\/api.w.org\/{rel}","templated":true}]}}